{"id":3624,"date":"2025-01-02T07:15:34","date_gmt":"2025-01-02T07:15:34","guid":{"rendered":"https:\/\/vapestornado.com\/?post_type=product&#038;p=3624"},"modified":"2025-08-23T11:39:50","modified_gmt":"2025-08-23T11:39:50","slug":"vozol-star-20000-puffs-disposable-vape-2-low-nicotine-bulk-buy-wholesale-cheap-price","status":"publish","type":"product","link":"https:\/\/vapestornado.com\/sv\/product\/vozol-star-20000-puffs-disposable-vape-2-low-nicotine-bulk-buy-wholesale-cheap-price\/","title":{"rendered":"VOZOL Star 20000 Puffar Eng\u00e5ngs Vape 2% L\u00e5g Nikotin Bulk K\u00f6p Grossist Billigt Pris"},"content":{"rendered":"<h1 class=\"product-title\">VOZOL Star 20000 Puffar Eng\u00e5ngs Vape 2% L\u00e5g Nikotin Bulk K\u00f6p Grossist Billigt Pris<\/h1>\n<p data-start=\"197\" data-end=\"530\">Den <strong data-start=\"201\" data-end=\"243\">VOZOL Star 20000 Puffs Eng\u00e5ngsvape<\/strong> \u00e4r en innovativ enhet byggd f\u00f6r vapers och <strong data-start=\"289\" data-end=\"315\">grossistdistribut\u00f6rer<\/strong> som vill ha n\u00e5got unikt i hyllan. Som v\u00e4rldens f\u00f6rsta eng\u00e5ngsvape med en <strong data-start=\"395\" data-end=\"421\">2,2-tums HD-spegeldisplay<\/strong>, levererar den b\u00e5de futuristisk design och praktisk funktionalitet, vilket g\u00f6r att den sticker ut i alla butikssortiment.<\/p>\n<p data-start=\"532\" data-end=\"840\">Med upp till <strong data-start=\"543\" data-end=\"559\">20 000 puffar<\/strong>, drivs Star av en <strong data-start=\"586\" data-end=\"617\">650mAh uppladdningsbart batteri<\/strong> och en <strong data-start=\"624\" data-end=\"657\">24 ml f\u00f6rfylld e-v\u00e4tsketank<\/strong>, vilket s\u00e4kerst\u00e4ller ut\u00f6kad prestanda. Den <strong data-start=\"694\" data-end=\"719\">dubbla mesh coil-systemet<\/strong> producerar rik smak och t\u00e4ta moln, medan de justerbara inst\u00e4llningarna till\u00e5ter anv\u00e4ndare att anpassa sina vaping-sessioner.<\/p>\n<p data-start=\"842\" data-end=\"1136\">Den <strong data-start=\"846\" data-end=\"874\">interaktiva f\u00e4rggsk\u00e4rm<\/strong> visar puffr\u00e4kning, batteriniv\u00e5 och \u00e5terst\u00e5ende e-v\u00e4tska i realtid, vilket ger kunderna full kontroll \u00f6ver sin upplevelse. Dess eleganta och moderna finish g\u00f6r den s\u00e4rskilt attraktiv f\u00f6r yngre demografier i Sverige, Frankrike, Spanien och andra EU-marknader.<\/p>\n<p data-start=\"1138\" data-end=\"1324\">F\u00f6r grossister erbjuder <strong data-start=\"1159\" data-end=\"1177\">VOZOL Star 20K<\/strong> kombinerar avancerade funktioner, l\u00e5ngvarig anv\u00e4ndning och konkurrenskraftiga volympriser \u2013 vilket g\u00f6r den till en b\u00e4sts\u00e4ljande eng\u00e5ngsvape f\u00f6r europeisk distribution.<\/p>\n<p><strong>Best\u00e4ll VOZOL Star 20000 eng\u00e5ngsvape<\/strong> online fr\u00e5n <strong>vapestornado online vapebutik<\/strong>\u00a0och njut av unika leveranstj\u00e4nster \u00f6ver hela <strong>Tyskland<\/strong>, <strong>Nederl\u00e4nderna<\/strong>, <strong>Frankrike<\/strong>, <strong>Italien<\/strong>, <strong>Spanien<\/strong>, <strong>Sverige<\/strong>, <strong>Sverige<\/strong>, <strong>Polen<\/strong>, <strong>Belgien<\/strong>, <strong>\u00d6sterrike<\/strong>, <strong>Sverige<\/strong>, <strong>Danmark<\/strong>, <strong>Finland<\/strong>, <strong>Portugal<\/strong>, <strong>Ungern<\/strong>, och mer.<\/p>\n<p>&nbsp;<\/p>\n<p><span style=\"color: #ff0000;\"><strong>L\u00e4gg till Amys Whatsapp f\u00f6r att f\u00e5 snabbt svar och vape-kupong!<\/strong><\/span><\/p>\n<p><img fetchpriority=\"high\" decoding=\"async\" class=\"size-full wp-image-2932\" src=\"https:\/\/vapestornado.com\/wp-content\/uploads\/2024\/12\/Vape-Wholesale.jpg\" alt=\"Vape Partihandel\" width=\"229\" height=\"300\" \/><\/p>\n<h3><a href=\"https:\/\/wa.me\/8617776015835\" target=\"_blank\" rel=\"noopener\"><span style=\"color: #ff0000;\"><strong>WhatsApp: +86 17776015835<\/strong><\/span><\/a><\/h3>\n<p>&nbsp;<\/p>\n<h2 class=\"product-title\"><strong>VOZOL Star 20000 Produktegenskaper<\/strong><\/h2>\n<div role=\"article\" data-tabster=\"{&quot;groupper&quot;:{&quot;tabbability&quot;:2},&quot;focusable&quot;:{}}\" data-content=\"ai-message\" aria-labelledby=\"juhNTJ6o7Gk1cgwZMJgv2-author juhNTJ6o7Gk1cgwZMJgv2-content\">\n<div id=\"juhNTJ6o7Gk1cgwZMJgv2-content\">\n<div role=\"article\" data-tabster=\"{&quot;groupper&quot;:{&quot;tabbability&quot;:2},&quot;focusable&quot;:{}}\" data-content=\"ai-message\" aria-labelledby=\"x4EZuCZWrTbh3weWUt7CU-author x4EZuCZWrTbh3weWUt7CU-content\">\n<div id=\"x4EZuCZWrTbh3weWUt7CU-content\">\n<div class=\"flex max-w-full flex-col flex-grow\">\n<div class=\"min-h-8 text-message flex w-full flex-col items-end gap-2 whitespace-normal break-words text-start [.text-message+&amp;]:mt-5\" dir=\"auto\" data-message-author-role=\"assistant\" data-message-id=\"52c6e00a-252f-4104-805d-2f1a84739c71\" data-message-model-slug=\"gpt-4o\">\n<div class=\"flex w-full flex-col gap-1 empty:hidden first:pt-[3px]\">\n<div class=\"markdown prose w-full break-words dark:prose-invert light\">\n<p>&nbsp;<\/p>\n<ol>\n<li><strong>2,2\u2033 HD Spegel Display<\/strong>: Tydlig, interaktiv display f\u00f6r enkel sp\u00e5rning av vapingstatistik.<\/li>\n<li><strong>Twin Mesh Coil Teknologi<\/strong>: F\u00f6rst\u00e4rker smakintensiteten och s\u00e4kerst\u00e4ller konsekvent \u00e5ngproduktion.<\/li>\n<li><strong>Upp till 20 000 bloss<\/strong>: L\u00e5ngvarig vaping-upplevelse med anpassningsbar prestanda.<\/li>\n<li><strong>650mAh Uppladdningsbart Batteri<\/strong>: Snabbladdning f\u00f6r f\u00f6rl\u00e4ngd anv\u00e4ndning med minimala avbrott.<\/li>\n<li><strong>24mL E-v\u00e4tskekapacitet<\/strong>: Ger gott om e-v\u00e4tska f\u00f6r l\u00e5nga sessioner utan frekventa p\u00e5fyllningar.<\/li>\n<li><strong>Genomskinlig design<\/strong>: Se \u00e5terst\u00e5ende e-v\u00e4tska f\u00f6r extra bekv\u00e4mlighet och enkel anv\u00e4ndning.<\/li>\n<\/ol>\n<figure id=\"attachment_3630\" aria-describedby=\"caption-attachment-3630\" style=\"width: 800px\" class=\"wp-caption alignnone\"><img decoding=\"async\" class=\"wp-image-3630 size-full\" src=\"https:\/\/vapestornado.com\/wp-content\/uploads\/2025\/01\/Vozol-Star-20000-Puff-Rechargeable-Disposable-Vape.webp\" alt=\"Vozol Star 20000 bloss uppladdningsbar eng\u00e5ngsvape\" width=\"800\" height=\"800\" srcset=\"https:\/\/vapestornado.com\/wp-content\/uploads\/2025\/01\/Vozol-Star-20000-Puff-Rechargeable-Disposable-Vape.webp 800w, https:\/\/vapestornado.com\/wp-content\/uploads\/2025\/01\/Vozol-Star-20000-Puff-Rechargeable-Disposable-Vape-300x300.webp 300w, https:\/\/vapestornado.com\/wp-content\/uploads\/2025\/01\/Vozol-Star-20000-Puff-Rechargeable-Disposable-Vape-150x150.webp 150w, https:\/\/vapestornado.com\/wp-content\/uploads\/2025\/01\/Vozol-Star-20000-Puff-Rechargeable-Disposable-Vape-768x768.webp 768w, https:\/\/vapestornado.com\/wp-content\/uploads\/2025\/01\/Vozol-Star-20000-Puff-Rechargeable-Disposable-Vape-600x600.webp 600w, https:\/\/vapestornado.com\/wp-content\/uploads\/2025\/01\/Vozol-Star-20000-Puff-Rechargeable-Disposable-Vape-100x100.webp 100w\" sizes=\"(max-width: 800px) 100vw, 800px\" \/><figcaption id=\"caption-attachment-3630\" class=\"wp-caption-text\">Vozol Star 20000 bloss uppladdningsbar eng\u00e5ngsvape<\/figcaption><\/figure>\n<\/div>\n<\/div>\n<\/div>\n<\/div>\n<div class=\"mb-2 flex gap-3 empty:hidden -ml-2\"><\/div>\n<\/div>\n<\/div>\n<\/div>\n<\/div>\n<h2 class=\"product-title\"><strong>Popul\u00e4r smak f\u00f6r VOZOL Star 20000<\/strong><strong>\u00a0<\/strong><strong>Eng\u00e5ngs Vaporizers<\/strong><\/h2>\n<p>Vozol Vista 20000 erbjuder ett m\u00e5ngsidigt och sp\u00e4nnande utbud av alternativ f\u00f6r din produktlinje, som tillgodoser olika smakpreferenser! V\u00e4nligen hitta den popul\u00e4ra smaken enligt v\u00e5rt f\u00f6rs\u00e4ljningsdatum och kundfeedback.<\/p>\n<p>1. Citronmynta<br \/>\n2. Blandade B\u00e4r<span style=\"color: #ff0000;\"> <strong>&gt;&gt;&gt; Het!<\/strong><\/span><br \/>\n3. Jordgubbsmango<br \/>\n4. Mango Ice<br \/>\n5. Mango Ananas Grapefrukt<br \/>\n6. Druv-is<span style=\"color: #ff0000;\"><strong>&gt;&gt;&gt; Het!<\/strong><\/span><br \/>\n7. Persiko Is<br \/>\n8. Citron Lime<br \/>\n9. Vattenmelon Is <span style=\"color: #ff0000;\"><strong>&gt;&gt;&gt; Het!<\/strong><\/span><br \/>\n10. Drakfrukt Banan K\u00f6rsb\u00e4r<br \/>\n11. Dubbel \u00c4pple Ice<br \/>\n12. K\u00f6rsb\u00e4rslimonad<br \/>\n13. Strawberry Watermelon<br \/>\n14. Bl\u00e5 Hallon Is <span style=\"color: #ff0000;\"><strong>&gt;&gt;&gt; Het!<\/strong><\/span><br \/>\n15. Bl\u00e5b\u00e4rsstorm<br \/>\n16. Bl\u00e5 Mojito <span style=\"color: #ff0000;\"><strong>&gt;&gt;&gt; B\u00e4st!<\/strong><\/span><br \/>\n17. Hallonvattenmelon<br \/>\n18. Lavafire<\/p>\n<p>&nbsp;<\/p>\n<div class=\"flex-shrink-0 flex flex-col relative items-end\">\n<div class=\"pt-0\">\n<div class=\"gizmo-bot-avatar flex h-8 w-8 items-center justify-center overflow-hidden rounded-full\">\n<div class=\"relative p-1 rounded-sm flex items-center justify-center bg-token-main-surface-primary text-token-text-primary h-8 w-8\">\n<h2>Vanliga fr\u00e5gor f\u00f6r VOZOL Star 20k<strong>\u00a0<\/strong>Eng\u00e5ngs-vape<\/h2>\n<p>&nbsp;<\/p>\n<ol>\n<li><strong>Hur l\u00e4nge r\u00e4cker VOZOL Star 20000?<\/strong><br \/>\nVOZOL Star ger upp till <strong>20 000 puffar<\/strong>, vilket ger en l\u00e5ngvarig upplevelse f\u00f6r frekventa vejpare.<\/li>\n<li><strong>Vad \u00e4r syftet med 2.2\u2033 HD spegeldisplayen?<\/strong><br \/>\nDen <strong>2.2\u2033 HD-spegeldisplay<\/strong> visar viktig information som antalet bloss, batteritid och e-v\u00e4tskeniv\u00e5er f\u00f6r en interaktiv, anv\u00e4ndarv\u00e4nlig upplevelse.<\/li>\n<li><strong>Hur f\u00f6rb\u00e4ttrar twin mesh coil-tekniken vapingupplevelsen?<\/strong><br \/>\nDen <strong>teknik med dubbla mesh-spolar<\/strong> \u00f6kar smakintensiteten och s\u00e4kerst\u00e4ller j\u00e4mn \u00e5ngproduktion, vilket ger anv\u00e4ndarna en mjukare och rikare upplevelse.<\/li>\n<li><strong>\u00c4r VOZOL Star uppladdningsbar?<\/strong><br \/>\nJa, enheten levereras med en <strong>650mAh uppladdningsbart batteri<\/strong> och kan snabbt laddas f\u00f6r att minimera driftstopp.<\/li>\n<li><strong>Hur mycket e-juice rymmer VOZOL Star?<\/strong><br \/>\nDen <strong>VOZOL Star<\/strong> har en <strong>24mL e-v\u00e4tskekapacitet<\/strong>, vilket \u00e4r idealiskt f\u00f6r l\u00e5nga vejpsessioner.<\/li>\n<li><strong>Var kan jag k\u00f6pa VOZOL Star 20000 Puffs?<\/strong><br \/>\nDen <strong>VOZOL Star 20000 Puffar<\/strong> finns att k\u00f6pa online p\u00e5 <strong>vapestornado<\/strong>, med leveranstj\u00e4nster till olika europeiska l\u00e4nder, inklusive <strong>Tyskland<\/strong>, <strong>Frankrike<\/strong>, <strong>Italien<\/strong>, och mer.<\/li>\n<\/ol>\n<div class=\"flex max-w-full flex-col flex-grow\"><\/div>\n<\/div>\n<\/div>\n<\/div>\n<\/div>\n<div class=\"flex-shrink-0 flex flex-col relative items-end\">\n<div class=\"pt-0\">\n<div class=\"gizmo-bot-avatar flex h-8 w-8 items-center justify-center overflow-hidden rounded-full\">\n<div class=\"relative p-1 rounded-sm flex items-center justify-center bg-token-main-surface-primary text-token-text-primary h-8 w-8\">\n<div class=\"mb-2 flex gap-3 empty:hidden -ml-2\">\n<div role=\"article\" data-tabster=\"{&quot;groupper&quot;:{&quot;tabbability&quot;:2},&quot;focusable&quot;:{}}\" data-content=\"ai-message\" aria-labelledby=\"Vdt5ez4X7Tg813x6rFVha-author Vdt5ez4X7Tg813x6rFVha-content\">\n<div id=\"Vdt5ez4X7Tg813x6rFVha-content\">\n<div role=\"article\" data-tabster=\"{&quot;groupper&quot;:{&quot;tabbability&quot;:2},&quot;focusable&quot;:{}}\" data-content=\"ai-message\" aria-labelledby=\"o968oC7CEo2fGHsGdsRYC-author o968oC7CEo2fGHsGdsRYC-content\">\n<div id=\"o968oC7CEo2fGHsGdsRYC-content\">\n<h2>Varf\u00f6r v\u00e4lja vapestornado f\u00f6r VOZOL Star 20k Puffs Vape Partihandel?<\/h2>\n<div class=\"flex-shrink-0 flex flex-col relative items-end\">\n<div class=\"pt-0\">\n<div class=\"gizmo-bot-avatar flex h-8 w-8 items-center justify-center overflow-hidden rounded-full\">\n<div class=\"relative p-1 rounded-sm flex items-center justify-center bg-token-main-surface-primary text-token-text-primary h-8 w-8\">\n<p>V\u00e4lkommen till vapestornado, din betrodda online vape-butik f\u00f6r premium eng\u00e5ngsvapes. Med mer \u00e4n 5 \u00e5rs expertis ger vi dig popul\u00e4ra eng\u00e5ngs vape-m\u00e4rken som Fumot RandM Vape, <a href=\"https:\/\/vapestornado.com\/sv\/product-category\/vapme-shisha\/\">Vapme<\/a>, Bang Vape, Waspe Vape och WGA Vape, etc.<\/p>\n<p>V\u00e5rt sortiment inkluderar heta f\u00f6rs\u00e4ljningsvapes som <a href=\"https:\/\/vapestornado.com\/sv\/product\/randm-12000-puffs-fumot-digital-disposable-vape-wholesale-price\/\">RandM Tornado 12000<\/a>, och smakrika val som <a href=\"https:\/\/vapestornado.com\/sv\/product\/wga-crystal-pro-max-extra-15000-puffs-rechargeable-disposable-vape-wholesale-bulk-buy\/\">\u00a0WGA Crystal 15k Puffar<\/a> . Varje produkt \u00e4r utvald med fokus p\u00e5 kvalitet, v\u00e4rde och variation, vilket s\u00e4kerst\u00e4ller att du hittar den perfekta matchningen f\u00f6r dina behov. Uppt\u00e4ck exceptionell service och ett brett utbud av toppprodukter till grossistpris hos vapestornado.<\/p>\n<\/div>\n<p>&nbsp;<\/p>\n<p><strong>Andra heta eng\u00e5ngsvapes<\/strong><\/p>\n<p><a href=\"https:\/\/vapestornado.com\/sv\/product\/vozol-vista-20000-vape-rechargeable-disposable-vape-wholesale-cheap-price\/\">VOZOL VISTA 20000 Puffar <span style=\"color: #ff0000;\"><strong>&gt;&gt;&gt;&gt; K\u00f6r!<\/strong><\/span><\/a><\/p>\n<p><a href=\"https:\/\/vapestornado.com\/sv\/product\/vozol-gear-power-20k-20000-puffs-vape-rechargeable-disposable-box-bulk-buy-cheap-price\/\">VOZOL Star 20000<span style=\"color: #ff0000;\"><strong>&gt;&gt;&gt;&gt; K\u00f6r!<\/strong><\/span><\/a><\/p>\n<p><a href=\"https:\/\/vapestornado.com\/sv\/product\/puff-25k-bang-king-25000-puffs-rechargeable-disposable-vape-wholesale-bulk-buy\/\">Bang King 25000 <span style=\"color: #ff0000;\"><strong>&gt;&gt;&gt;&gt; K\u00f6r!<\/strong><\/span><\/a><\/p>\n<\/div>\n<\/div>\n<\/div>\n<p>&nbsp;<\/p>\n<\/div>\n<\/div>\n<\/div>\n<\/div>\n<\/div>\n<\/div>\n<\/div>\n<\/div>\n<\/div>","protected":false},"excerpt":{"rendered":"<p>VOZOL Star 20000 Puffs 21% L\u00e5g Nikotin Eng\u00e5ngsvape Partihandel<br \/>\nVOZOL Star 20000 Puff Digital Display Eng\u00e5ngsvape Massk\u00f6p<br \/>\nVOZOL Star 20k Uppladdningsbar Eng\u00e5ngsvape Billigt Pris<\/p>\n<p><strong>L\u00e4gg till Amys whatsapp f\u00f6r snabbt svar och vape-kupong!<\/strong><\/p>\n<p><img fetchpriority=\"high\" decoding=\"async\" class=\"size-full wp-image-2932\" src=\"https:\/\/vapestornado.com\/wp-content\/uploads\/2024\/12\/Vape-Wholesale.jpg\" alt=\"Vape Partihandel\" width=\"229\" height=\"300\" \/><\/p>\n<h3><a href=\"https:\/\/wa.me\/8617776015835\"><span style=\"color: #ff0000;\"><strong>WhatsApp: +86 17776015835<\/strong><\/span><\/a><\/h3>\n<p>&nbsp;<\/p>","protected":false},"featured_media":3625,"comment_status":"open","ping_status":"closed","template":"","meta":{"_acf_changed":false,"_uag_custom_page_level_css":"","_lmt_disableupdate":"no","_lmt_disable":"","_monsterinsights_skip_tracking":false,"_monsterinsights_sitenote_active":false,"_monsterinsights_sitenote_note":"","_monsterinsights_sitenote_category":0,"site-sidebar-layout":"default","site-content-layout":"","ast-site-content-layout":"default","site-content-style":"default","site-sidebar-style":"default","ast-global-header-display":"","ast-banner-title-visibility":"","ast-main-header-display":"","ast-hfb-above-header-display":"","ast-hfb-below-header-display":"","ast-hfb-mobile-header-display":"","site-post-title":"","ast-breadcrumbs-content":"","ast-featured-img":"","footer-sml-layout":"","ast-disable-related-posts":"","theme-transparent-header-meta":"default","adv-header-id-meta":"","stick-header-meta":"","header-above-stick-meta":"","header-main-stick-meta":"","header-below-stick-meta":"","astra-migrate-meta-layouts":"set","ast-page-background-enabled":"default","ast-page-background-meta":{"desktop":{"background-color":"","background-image":"","background-repeat":"repeat","background-position":"center center","background-size":"auto","background-attachment":"scroll","background-type":"","background-media":"","overlay-type":"","overlay-color":"","overlay-opacity":"","overlay-gradient":""},"tablet":{"background-color":"","background-image":"","background-repeat":"repeat","background-position":"center center","background-size":"auto","background-attachment":"scroll","background-type":"","background-media":"","overlay-type":"","overlay-color":"","overlay-opacity":"","overlay-gradient":""},"mobile":{"background-color":"","background-image":"","background-repeat":"repeat","background-position":"center center","background-size":"auto","background-attachment":"scroll","background-type":"","background-media":"","overlay-type":"","overlay-color":"","overlay-opacity":"","overlay-gradient":""}},"ast-content-background-meta":{"desktop":{"background-color":"var(--ast-global-color-5)","background-image":"","background-repeat":"repeat","background-position":"center center","background-size":"auto","background-attachment":"scroll","background-type":"","background-media":"","overlay-type":"","overlay-color":"","overlay-opacity":"","overlay-gradient":""},"tablet":{"background-color":"var(--ast-global-color-5)","background-image":"","background-repeat":"repeat","background-position":"center center","background-size":"auto","background-attachment":"scroll","background-type":"","background-media":"","overlay-type":"","overlay-color":"","overlay-opacity":"","overlay-gradient":""},"mobile":{"background-color":"var(--ast-global-color-5)","background-image":"","background-repeat":"repeat","background-position":"center center","background-size":"auto","background-attachment":"scroll","background-type":"","background-media":"","overlay-type":"","overlay-color":"","overlay-opacity":"","overlay-gradient":""}},"_joinchat":{"telephone":"+8617776015835"}},"product_brand":[],"product_cat":[69,154,155,157,160,142,146,57],"product_tag":[165,105,97,166,94,222,221,220],"class_list":{"0":"post-3624","1":"product","2":"type-product","3":"status-publish","4":"has-post-thumbnail","6":"product_cat-20000-puff","7":"product_cat-buy-disposable-vapes-in-netherlands","8":"product_cat-buy-disposable-vapes-in-norway","9":"product_cat-buy-disposable-vapes-in-portugal","10":"product_cat-buy-disposable-vapes-in-switzerland","11":"product_cat-digital-box-disposable-vapes","12":"product_cat-rechargeable-disposable-vapes","13":"product_cat-vozol-vape","14":"product_tag-cheap-vapes","15":"product_tag-digital-disposable-vape","16":"product_tag-hot-sale-disposable-vape","17":"product_tag-low-nicotine-vape","18":"product_tag-rechargeable-disposable-vape","19":"product_tag-vozol-gear-power-20000","20":"product_tag-vozol-gear-power-20k","21":"product_tag-vozol-vape","22":"desktop-align-left","23":"tablet-align-left","24":"mobile-align-left","26":"first","27":"instock","28":"sale","29":"shipping-taxable","30":"purchasable","31":"product-type-simple"},"acf":[],"uagb_featured_image_src":{"full":["https:\/\/vapestornado.com\/wp-content\/uploads\/2025\/01\/Vozol-Star-20000-Puff-Disposable-Vape-Love-777-Flavor.webp",800,800,false],"thumbnail":["https:\/\/vapestornado.com\/wp-content\/uploads\/2025\/01\/Vozol-Star-20000-Puff-Disposable-Vape-Love-777-Flavor-150x150.webp",150,150,true],"medium":["https:\/\/vapestornado.com\/wp-content\/uploads\/2025\/01\/Vozol-Star-20000-Puff-Disposable-Vape-Love-777-Flavor-300x300.webp",300,300,true],"medium_large":["https:\/\/vapestornado.com\/wp-content\/uploads\/2025\/01\/Vozol-Star-20000-Puff-Disposable-Vape-Love-777-Flavor-768x768.webp",768,768,true],"large":["https:\/\/vapestornado.com\/wp-content\/uploads\/2025\/01\/Vozol-Star-20000-Puff-Disposable-Vape-Love-777-Flavor.webp",800,800,false],"1536x1536":["https:\/\/vapestornado.com\/wp-content\/uploads\/2025\/01\/Vozol-Star-20000-Puff-Disposable-Vape-Love-777-Flavor.webp",800,800,false],"2048x2048":["https:\/\/vapestornado.com\/wp-content\/uploads\/2025\/01\/Vozol-Star-20000-Puff-Disposable-Vape-Love-777-Flavor.webp",800,800,false],"trp-custom-language-flag":["https:\/\/vapestornado.com\/wp-content\/uploads\/2025\/01\/Vozol-Star-20000-Puff-Disposable-Vape-Love-777-Flavor.webp",12,12,false],"woocommerce_thumbnail":["https:\/\/vapestornado.com\/wp-content\/uploads\/2025\/01\/Vozol-Star-20000-Puff-Disposable-Vape-Love-777-Flavor-300x300.webp",300,300,true],"woocommerce_single":["https:\/\/vapestornado.com\/wp-content\/uploads\/2025\/01\/Vozol-Star-20000-Puff-Disposable-Vape-Love-777-Flavor-600x600.webp",600,600,true],"woocommerce_gallery_thumbnail":["https:\/\/vapestornado.com\/wp-content\/uploads\/2025\/01\/Vozol-Star-20000-Puff-Disposable-Vape-Love-777-Flavor-100x100.webp",100,100,true]},"uagb_author_info":{"display_name":"ESAMY","author_link":"https:\/\/vapestornado.com\/sv\/author\/"},"uagb_comment_info":0,"uagb_excerpt":"VOZOL Star 20000 Puffs 2% Low Nicotine Disposable Vape Wholesale VOZOL Star 20000 Puff \u00a0Digital Display Disposable Vape Bulk Buy VOZOL Star 20k Rechargeable Disposable Vape Cheap Price Add Amy's whatsapp get right reply and vape coupon! WhatsApp: +86 17776015835 &nbsp;","_links":{"self":[{"href":"https:\/\/vapestornado.com\/sv\/wp-json\/wp\/v2\/product\/3624","targetHints":{"allow":["GET"]}}],"collection":[{"href":"https:\/\/vapestornado.com\/sv\/wp-json\/wp\/v2\/product"}],"about":[{"href":"https:\/\/vapestornado.com\/sv\/wp-json\/wp\/v2\/types\/product"}],"replies":[{"embeddable":true,"href":"https:\/\/vapestornado.com\/sv\/wp-json\/wp\/v2\/comments?post=3624"}],"wp:featuredmedia":[{"embeddable":true,"href":"https:\/\/vapestornado.com\/sv\/wp-json\/wp\/v2\/media\/3625"}],"wp:attachment":[{"href":"https:\/\/vapestornado.com\/sv\/wp-json\/wp\/v2\/media?parent=3624"}],"wp:term":[{"taxonomy":"product_brand","embeddable":true,"href":"https:\/\/vapestornado.com\/sv\/wp-json\/wp\/v2\/product_brand?post=3624"},{"taxonomy":"product_cat","embeddable":true,"href":"https:\/\/vapestornado.com\/sv\/wp-json\/wp\/v2\/product_cat?post=3624"},{"taxonomy":"product_tag","embeddable":true,"href":"https:\/\/vapestornado.com\/sv\/wp-json\/wp\/v2\/product_tag?post=3624"}],"curies":[{"name":"wp","href":"https:\/\/api.w.org\/{rel}","templated":true}]}}