{"id":3614,"date":"2025-01-02T03:10:17","date_gmt":"2025-01-02T03:10:17","guid":{"rendered":"https:\/\/vapestornado.com\/?post_type=product&#038;p=3614"},"modified":"2025-08-23T12:23:25","modified_gmt":"2025-08-23T12:23:25","slug":"vozol-gear-power-20k-20000-puffs-vape-rechargeable-disposable-box-bulk-buy-cheap-price","status":"publish","type":"product","link":"https:\/\/vapestornado.com\/sv\/product\/vozol-gear-power-20k-20000-puffs-vape-rechargeable-disposable-box-bulk-buy-cheap-price\/","title":{"rendered":"VOZOL Gear Power 20K 20000 Puffs Vape Uppladdningsbar Eng\u00e5ngsbox Partik\u00f6p Billigt Pris"},"content":{"rendered":"<h1 class=\"product-title\">VOZOL Gear Power 20K 20000 Puffs Vape Uppladdningsbar Eng\u00e5ngsbox Partik\u00f6p Billigt Pris<\/h1>\n<p>VOZOL GEAR POWER 20k \u00e4r f\u00f6rfylld med en imponerande <strong>20 ml e-juice<\/strong>, vilket g\u00f6r den idealisk \u00e4ven f\u00f6r de mest frekventa anv\u00e4ndarna och r\u00e4cker \u00f6ver en vecka. Den erbjuder <strong>tre nikotinstyrkealternativ<\/strong>\u20140 mg, 20 mg och 50 mg\u2014och finns tillg\u00e4nglig i <strong>20 unika smaker<\/strong>, som tillgodoser ett brett spektrum av preferenser.<\/p>\n<p>Enheten har en <strong>650 mAh uppladdningsbart batteri<\/strong>, vilket s\u00e4kerst\u00e4ller j\u00e4mn prestanda. Den laddas snabbt via USB-C och inkluderar <strong>mesh dubbla coils med S.i.L.C (Smooth, Identical, Long-lasting, Clean) teknologi<\/strong>, vilket levererar en mjuk och j\u00e4mn vapingupplevelse med f\u00f6rb\u00e4ttrad smak och \u00e5ngproduktion.<\/p>\n<p>GEAR POWER \u00e4r designad f\u00f6r m\u00e5ngsidighet och erbjuder tv\u00e5 effektl\u00e4gen. <strong>ECO-l\u00e4ge<\/strong> levererar upp till <strong>20 000 puffar<\/strong>, idealiskt f\u00f6r l\u00e5ngvarig anv\u00e4ndning, medan <strong>POWER-l\u00e4ge<\/strong> prioriterar rikare smak och t\u00e4tare \u00e5nga, vilket ger cirka <strong>12 000 puffar<\/strong>.<\/p>\n<p>Den anv\u00e4ndarv\u00e4nliga <strong>LED-display<\/strong> visar aktuellt l\u00e4ge, \u00e5terst\u00e5ende batteriprocent och e-juice niv\u00e5, vilket g\u00f6r det enkelt att \u00f6vervaka anv\u00e4ndningen. F\u00f6r \u00f6kad hygien levereras enheten med ett <strong>silikonlock<\/strong> f\u00f6r att skydda munstycket n\u00e4r det inte anv\u00e4nds.<\/p>\n<p>VOZOL GEAR POWER kombinerar exceptionell prestanda, bekv\u00e4mlighet och stilren design och \u00e4r det perfekta valet f\u00f6r vejpare som s\u00f6ker en p\u00e5litlig eng\u00e5ngsenhet av h\u00f6g kvalitet.<\/p>\n<p>&nbsp;<\/p>\n<p><span style=\"color: #ff0000;\"><strong>L\u00e4gg till Amys Whatsapp f\u00f6r att f\u00e5 snabbt svar och vape-kupong!<\/strong><\/span><\/p>\n<p><img fetchpriority=\"high\" decoding=\"async\" class=\"size-full wp-image-2932\" src=\"https:\/\/vapestornado.com\/wp-content\/uploads\/2024\/12\/Vape-Wholesale.jpg\" alt=\"Vape Partihandel\" width=\"229\" height=\"300\" \/><\/p>\n<h3><a href=\"https:\/\/wa.me\/8617776015835\" target=\"_blank\" rel=\"noopener\"><span style=\"color: #ff0000;\"><strong>WhatsApp: +86 17776015835<\/strong><\/span><\/a><\/h3>\n<p>&nbsp;<\/p>\n<h2 class=\"product-title\"><strong>VOZOL Gear Power 20K Produktfunktioner<\/strong><\/h2>\n<div role=\"article\" data-tabster=\"{&quot;groupper&quot;:{&quot;tabbability&quot;:2},&quot;focusable&quot;:{}}\" data-content=\"ai-message\" aria-labelledby=\"juhNTJ6o7Gk1cgwZMJgv2-author juhNTJ6o7Gk1cgwZMJgv2-content\">\n<div id=\"juhNTJ6o7Gk1cgwZMJgv2-content\">\n<div role=\"article\" data-tabster=\"{&quot;groupper&quot;:{&quot;tabbability&quot;:2},&quot;focusable&quot;:{}}\" data-content=\"ai-message\" aria-labelledby=\"x4EZuCZWrTbh3weWUt7CU-author x4EZuCZWrTbh3weWUt7CU-content\">\n<div id=\"x4EZuCZWrTbh3weWUt7CU-content\">\n<div class=\"flex max-w-full flex-col flex-grow\">\n<div class=\"min-h-8 text-message flex w-full flex-col items-end gap-2 whitespace-normal break-words text-start [.text-message+&amp;]:mt-5\" dir=\"auto\" data-message-author-role=\"assistant\" data-message-id=\"52c6e00a-252f-4104-805d-2f1a84739c71\" data-message-model-slug=\"gpt-4o\">\n<div class=\"flex w-full flex-col gap-1 empty:hidden first:pt-[3px]\">\n<div class=\"markdown prose w-full break-words dark:prose-invert light\">\n<p>&nbsp;<\/p>\n<ul>\n<li><strong>Massiv E-Juice Kapacitet<\/strong>: F\u00f6rfylld med 20 ml e-juice, den varar \u00f6ver en vecka, \u00e4ven f\u00f6r storanv\u00e4ndare.<\/li>\n<li><strong>Nikotinalternativ<\/strong>: Finns i <strong>0, 20 och 50 mg<\/strong> styrkor \u00f6ver 20 unika smaker.<\/li>\n<li><strong>Laddningsbart batteri<\/strong>: Har ett 650 mAh batteri, uppladdningsbart via USB-C.<\/li>\n<li><strong>Avancerade spolar<\/strong>: Mesh dubbla spolar med <strong>S.i.L.C-teknik<\/strong> s\u00e4kerst\u00e4ller j\u00e4mna, konsekventa bloss.<\/li>\n<\/ul>\n<p><strong>Dubbla effektl\u00e4gen f\u00f6r m\u00e5ngsidighet<\/strong><\/p>\n<ul>\n<li><strong>ECO-l\u00e4ge<\/strong>: Erbjuder upp till <strong>20 000 puffar<\/strong> f\u00f6r l\u00e5ngvarig anv\u00e4ndning.<\/li>\n<li><strong>POWER-l\u00e4ge<\/strong>: Levererar rikare smak och tjockare \u00e5nga, med cirka <strong>12 000 puffar<\/strong>.<\/li>\n<\/ul>\n<\/div>\n<\/div>\n<\/div>\n<\/div>\n<div class=\"mb-2 flex gap-3 empty:hidden -ml-2\">\n<figure id=\"attachment_3610\" aria-describedby=\"caption-attachment-3610\" style=\"width: 1000px\" class=\"wp-caption alignnone\"><img decoding=\"async\" class=\"wp-image-3610 size-full\" src=\"https:\/\/vapestornado.com\/wp-content\/uploads\/2025\/01\/VOZOL-Gear-Power-20000-Disposable-Bulk-Buy.jpg\" alt=\"VOZOL Gear Power 20000 Eng\u00e5ngs Bulk K\u00f6p\" width=\"1000\" height=\"1000\" srcset=\"https:\/\/vapestornado.com\/wp-content\/uploads\/2025\/01\/VOZOL-Gear-Power-20000-Disposable-Bulk-Buy.jpg 1000w, https:\/\/vapestornado.com\/wp-content\/uploads\/2025\/01\/VOZOL-Gear-Power-20000-Disposable-Bulk-Buy-300x300.jpg 300w, https:\/\/vapestornado.com\/wp-content\/uploads\/2025\/01\/VOZOL-Gear-Power-20000-Disposable-Bulk-Buy-150x150.jpg 150w, https:\/\/vapestornado.com\/wp-content\/uploads\/2025\/01\/VOZOL-Gear-Power-20000-Disposable-Bulk-Buy-768x768.jpg 768w, https:\/\/vapestornado.com\/wp-content\/uploads\/2025\/01\/VOZOL-Gear-Power-20000-Disposable-Bulk-Buy-600x600.jpg 600w, https:\/\/vapestornado.com\/wp-content\/uploads\/2025\/01\/VOZOL-Gear-Power-20000-Disposable-Bulk-Buy-100x100.jpg 100w\" sizes=\"(max-width: 1000px) 100vw, 1000px\" \/><figcaption id=\"caption-attachment-3610\" class=\"wp-caption-text\">VOZOL Gear Power 20000 Eng\u00e5ngs Bulk K\u00f6p<\/figcaption><\/figure>\n<\/div>\n<\/div>\n<\/div>\n<\/div>\n<\/div>\n<h2 class=\"product-title\"><strong>Popul\u00e4r smak f\u00f6r VOZOL Gear Power 20000<\/strong><strong>\u00a0<\/strong><strong>Eng\u00e5ngs Vaporizers<\/strong><\/h2>\n<p>Vozol Vista 20000 erbjuder ett m\u00e5ngsidigt och sp\u00e4nnande utbud av alternativ f\u00f6r din produktlinje, som tillgodoser olika smakpreferenser! V\u00e4nligen hitta den popul\u00e4ra smaken enligt v\u00e5rt f\u00f6rs\u00e4ljningsdatum och kundfeedback.<\/p>\n<p>1. Citronmynta<br \/>\n2. Blandade B\u00e4r <span style=\"color: #ff0000;\"><strong>&gt;&gt;&gt; Het!<\/strong><\/span><br \/>\n3. Jordgubbsmango<br \/>\n4. Mango Ice<br \/>\n5. Mango Ananas Grapefrukt<br \/>\n6. Druv-is<span style=\"color: #ff0000;\"><strong>&gt;&gt;&gt; Het!<\/strong><\/span><br \/>\n7. Persiko Is<br \/>\n8. Citron Lime<br \/>\n9. Vattenmelon Is<br \/>\n10. Drakfrukt Banan K\u00f6rsb\u00e4r <span style=\"color: #ff0000;\"><strong>&gt;&gt;&gt; Het!<\/strong><\/span><br \/>\n11. Dubbel \u00c4pple Ice<br \/>\n12. K\u00f6rsb\u00e4rslimonad<br \/>\n13. Strawberry Watermelon<br \/>\n14. Bl\u00e5 Hallon Is <span style=\"color: #ff0000;\"><strong>&gt;&gt;&gt; B\u00e4st!<\/strong><\/span><br \/>\n15. Bl\u00e5b\u00e4rsstorm<br \/>\n16. Bl\u00e5 Mojito <span style=\"color: #ff0000;\"><strong>&gt;&gt;&gt; Het!<\/strong><\/span><br \/>\n17. Hallonvattenmelon<br \/>\n18. Lavafire<\/p>\n<div class=\"flex-shrink-0 flex flex-col relative items-end\">\n<div class=\"pt-0\">\n<div class=\"gizmo-bot-avatar flex h-8 w-8 items-center justify-center overflow-hidden rounded-full\">\n<div class=\"relative p-1 rounded-sm flex items-center justify-center bg-token-main-surface-primary text-token-text-primary h-8 w-8\">\n<h2>Vanliga fr\u00e5gor om VOZOL Gear Power 20K<strong>\u00a0<\/strong>Eng\u00e5ngs-vape<\/h2>\n<p>&nbsp;<\/p>\n<div class=\"flex max-w-full flex-col flex-grow\">\n<div class=\"min-h-8 text-message flex w-full flex-col items-end gap-2 whitespace-normal break-words text-start [.text-message+&amp;]:mt-5\" dir=\"auto\" data-message-author-role=\"assistant\" data-message-id=\"4dc48248-df95-45bd-b800-6dedb43cf7f1\" data-message-model-slug=\"gpt-4o\">\n<div class=\"flex w-full flex-col gap-1 empty:hidden first:pt-[3px]\">\n<div class=\"markdown prose w-full break-words dark:prose-invert light\">\n<ol>\n<li><strong>Hur l\u00e4nge r\u00e4cker VOZOL GEAR POWER?<\/strong><br \/>\nVOZOL GEAR POWER erbjuder upp till <strong>20 000 puffar<\/strong> i ECO-l\u00e4ge och cirka <strong>12 000 puffar<\/strong> i POWER-l\u00e4ge, beroende p\u00e5 anv\u00e4ndningsvanor. Med sin 20 ml e-juicekapacitet kan den r\u00e4cka \u00f6ver en vecka f\u00f6r storanv\u00e4ndare.<\/li>\n<li><strong>Vilka nikotinstyrkor finns tillg\u00e4ngliga f\u00f6r VOZOL GEAR POWER 20k?<\/strong><br \/>\nGEAR POWER 20k finns i <strong>0 mg, 20 mg och 50 mg nikotinstyrkor<\/strong>, vilket g\u00f6r den l\u00e4mplig f\u00f6r olika preferenser och nikotinbehov.<\/li>\n<li><strong>Kan jag ladda GEAR POWER, och hur g\u00f6r jag det?<\/strong><br \/>\nJa, enheten har en <strong>650 mAh uppladdningsbart batteri<\/strong>. Den kan enkelt laddas med en <strong>USB-C-kabel<\/strong>, vilket s\u00e4kerst\u00e4ller oavbruten anv\u00e4ndning.<\/li>\n<li><strong>Vilka smaker finns tillg\u00e4ngliga f\u00f6r VOZOL GEAR POWER 20000?<\/strong><br \/>\nGEAR POWER finns i <strong>20 unika smaker<\/strong>, allt fr\u00e5n fruktigt och s\u00f6tt till klassiskt och dj\u00e4rvt, vilket tillgodoser ett brett spektrum av smakpreferenser.<\/li>\n<li><strong>Hur s\u00e4kerst\u00e4ller VOZL 20000 konsekvent smak- och \u00e5ngproduktion?<\/strong><br \/>\nEnheten \u00e4r utrustad med <strong>mesh dubbla spolar och S.i.L.C (Smooth, Identical, Long-lasting, Clean) teknologi<\/strong>, vilket s\u00e4kerst\u00e4ller j\u00e4mna, konsekventa bloss med f\u00f6rb\u00e4ttrad smak- och \u00e5ngproduktion.<\/li>\n<li><strong>Vilka funktioner g\u00f6r GEAR POWER anv\u00e4ndarv\u00e4nlig?<\/strong><br \/>\nGEAR POWER inkluderar en <strong>ljusstark LED-display<\/strong> som visar effektl\u00e4ge, batteriprocent och e-juice niv\u00e5. Den levereras ocks\u00e5 med en <strong>silikonlock<\/strong> f\u00f6r att h\u00e5lla munstycket rent n\u00e4r det inte anv\u00e4nds, vilket \u00f6kar bekv\u00e4mligheten och hygienen.<\/li>\n<\/ol>\n<\/div>\n<\/div>\n<\/div>\n<\/div>\n<\/div>\n<\/div>\n<\/div>\n<\/div>\n<div class=\"flex-shrink-0 flex flex-col relative items-end\">\n<div class=\"pt-0\">\n<div class=\"gizmo-bot-avatar flex h-8 w-8 items-center justify-center overflow-hidden rounded-full\">\n<div class=\"relative p-1 rounded-sm flex items-center justify-center bg-token-main-surface-primary text-token-text-primary h-8 w-8\">\n<div class=\"mb-2 flex gap-3 empty:hidden -ml-2\">\n<div role=\"article\" data-tabster=\"{&quot;groupper&quot;:{&quot;tabbability&quot;:2},&quot;focusable&quot;:{}}\" data-content=\"ai-message\" aria-labelledby=\"Vdt5ez4X7Tg813x6rFVha-author Vdt5ez4X7Tg813x6rFVha-content\">\n<div id=\"Vdt5ez4X7Tg813x6rFVha-content\">\n<div role=\"article\" data-tabster=\"{&quot;groupper&quot;:{&quot;tabbability&quot;:2},&quot;focusable&quot;:{}}\" data-content=\"ai-message\" aria-labelledby=\"o968oC7CEo2fGHsGdsRYC-author o968oC7CEo2fGHsGdsRYC-content\">\n<div id=\"o968oC7CEo2fGHsGdsRYC-content\">\n<h2>Varf\u00f6r v\u00e4lja vapestornado f\u00f6r VOZOL 20K Puffs Vape Grossist?<\/h2>\n<div class=\"flex-shrink-0 flex flex-col relative items-end\">\n<div class=\"pt-0\">\n<div class=\"gizmo-bot-avatar flex h-8 w-8 items-center justify-center overflow-hidden rounded-full\">\n<div class=\"relative p-1 rounded-sm flex items-center justify-center bg-token-main-surface-primary text-token-text-primary h-8 w-8\">\n<p>V\u00e4lkommen till vapestornado, din betrodda online vape-butik f\u00f6r premium eng\u00e5ngsvapes. Med mer \u00e4n 5 \u00e5rs expertis ger vi dig popul\u00e4ra eng\u00e5ngs vape-m\u00e4rken som Fumot RandM Vape, <a href=\"https:\/\/vapestornado.com\/sv\/product-category\/vapme-shisha\/\">Vapme<\/a>, Bang Vape, Waspe Vape och WGA Vape, etc.<\/p>\n<p>V\u00e5rt sortiment inkluderar heta f\u00f6rs\u00e4ljningsvapes som <a href=\"https:\/\/vapestornado.com\/sv\/product\/randm-12000-puffs-fumot-digital-disposable-vape-wholesale-price\/\">RandM Tornado 12000<\/a>, och smakrika val som <a href=\"https:\/\/vapestornado.com\/sv\/product\/wga-crystal-pro-max-extra-15000-puffs-rechargeable-disposable-vape-wholesale-bulk-buy\/\">\u00a0WGA Crystal 15k Puffar<\/a> . Varje produkt \u00e4r utvald med fokus p\u00e5 kvalitet, v\u00e4rde och variation, vilket s\u00e4kerst\u00e4ller att du hittar den perfekta matchningen f\u00f6r dina behov. Uppt\u00e4ck exceptionell service och ett brett utbud av toppprodukter till grossistpris hos vapestornado.<\/p>\n<\/div>\n<p>&nbsp;<\/p>\n<p><strong>Andra heta eng\u00e5ngsvapes<\/strong><\/p>\n<p><a href=\"https:\/\/vapestornado.com\/sv\/product\/vozol-vista-20000-vape-rechargeable-disposable-vape-wholesale-cheap-price\/\">VOZOL VISTA 20000 Puffar <span style=\"color: #ff0000;\"><strong>&gt;&gt;&gt;&gt; K\u00f6r!<\/strong><\/span><\/a><\/p>\n<p><a href=\"https:\/\/vapestornado.com\/sv\/product\/vopk-ultra-40000-puffs-2-in-1-digital-screen-rechargeable-disposable-vape\/\">VOPK 40000 Dubbel Smak<span style=\"color: #ff0000;\"><strong>&gt;&gt;&gt;&gt; K\u00f6r!<\/strong><\/span><\/a><\/p>\n<p><a href=\"https:\/\/vapestornado.com\/sv\/product\/puff-25k-bang-king-25000-puffs-rechargeable-disposable-vape-wholesale-bulk-buy\/\">Bang King 25000 <span style=\"color: #ff0000;\"><strong>&gt;&gt;&gt;&gt; K\u00f6r!<\/strong><\/span><\/a><\/p>\n<\/div>\n<\/div>\n<\/div>\n<p>&nbsp;<\/p>\n<\/div>\n<\/div>\n<\/div>\n<\/div>\n<\/div>\n<\/div>\n<\/div>\n<\/div>\n<\/div>","protected":false},"excerpt":{"rendered":"<p>VOZOL Gear Power 20K Puffar 2% Eng\u00e5ngs Vape med L\u00e5g Nikotinhalt i Grossistledet<br \/>\nVOZOL Gear Power 20000 Puff Digital Display Eng\u00e5ngs Vape i Storpack<br \/>\nVOZOL Gear Power 20k Uppladdningsbar Eng\u00e5ngs Vape Billigt Pris<\/p>\n<p><strong>L\u00e4gg till Amys whatsapp f\u00f6r snabbt svar och vape-kupong!<\/strong><\/p>\n<p><img fetchpriority=\"high\" decoding=\"async\" class=\"size-full wp-image-2932\" src=\"https:\/\/vapestornado.com\/wp-content\/uploads\/2024\/12\/Vape-Wholesale.jpg\" alt=\"Vape Partihandel\" width=\"229\" height=\"300\" \/><\/p>\n<h3><a href=\"https:\/\/wa.me\/8617776015835\"><span style=\"color: #ff0000;\"><strong>WhatsApp: +86 17776015835<\/strong><\/span><\/a><\/h3>\n<p>&nbsp;<\/p>","protected":false},"featured_media":3611,"comment_status":"open","ping_status":"closed","template":"","meta":{"_acf_changed":false,"_uag_custom_page_level_css":"","_lmt_disableupdate":"no","_lmt_disable":"","_monsterinsights_skip_tracking":false,"_monsterinsights_sitenote_active":false,"_monsterinsights_sitenote_note":"","_monsterinsights_sitenote_category":0,"site-sidebar-layout":"default","site-content-layout":"","ast-site-content-layout":"default","site-content-style":"default","site-sidebar-style":"default","ast-global-header-display":"","ast-banner-title-visibility":"","ast-main-header-display":"","ast-hfb-above-header-display":"","ast-hfb-below-header-display":"","ast-hfb-mobile-header-display":"","site-post-title":"","ast-breadcrumbs-content":"","ast-featured-img":"","footer-sml-layout":"","ast-disable-related-posts":"","theme-transparent-header-meta":"default","adv-header-id-meta":"","stick-header-meta":"","header-above-stick-meta":"","header-main-stick-meta":"","header-below-stick-meta":"","astra-migrate-meta-layouts":"set","ast-page-background-enabled":"default","ast-page-background-meta":{"desktop":{"background-color":"","background-image":"","background-repeat":"repeat","background-position":"center center","background-size":"auto","background-attachment":"scroll","background-type":"","background-media":"","overlay-type":"","overlay-color":"","overlay-opacity":"","overlay-gradient":""},"tablet":{"background-color":"","background-image":"","background-repeat":"repeat","background-position":"center center","background-size":"auto","background-attachment":"scroll","background-type":"","background-media":"","overlay-type":"","overlay-color":"","overlay-opacity":"","overlay-gradient":""},"mobile":{"background-color":"","background-image":"","background-repeat":"repeat","background-position":"center center","background-size":"auto","background-attachment":"scroll","background-type":"","background-media":"","overlay-type":"","overlay-color":"","overlay-opacity":"","overlay-gradient":""}},"ast-content-background-meta":{"desktop":{"background-color":"var(--ast-global-color-5)","background-image":"","background-repeat":"repeat","background-position":"center center","background-size":"auto","background-attachment":"scroll","background-type":"","background-media":"","overlay-type":"","overlay-color":"","overlay-opacity":"","overlay-gradient":""},"tablet":{"background-color":"var(--ast-global-color-5)","background-image":"","background-repeat":"repeat","background-position":"center center","background-size":"auto","background-attachment":"scroll","background-type":"","background-media":"","overlay-type":"","overlay-color":"","overlay-opacity":"","overlay-gradient":""},"mobile":{"background-color":"var(--ast-global-color-5)","background-image":"","background-repeat":"repeat","background-position":"center center","background-size":"auto","background-attachment":"scroll","background-type":"","background-media":"","overlay-type":"","overlay-color":"","overlay-opacity":"","overlay-gradient":""}},"_joinchat":{"telephone":"+8617776015835"}},"product_brand":[],"product_cat":[69,140,150,154,158,143,144,146,57],"product_tag":[165,105,97,166,94,222,221,220],"class_list":{"0":"post-3614","1":"product","2":"type-product","3":"status-publish","4":"has-post-thumbnail","6":"product_cat-20000-puff","7":"product_cat-big-puffs-disposable-vapes","8":"product_cat-buy-disposable-vapes-in-belgium","9":"product_cat-buy-disposable-vapes-in-netherlands","10":"product_cat-buy-disposable-vapes-in-spain","11":"product_cat-dual-mesh-disposable-vapes","12":"product_cat-low-nicotine-disposable-vapes","13":"product_cat-rechargeable-disposable-vapes","14":"product_cat-vozol-vape","15":"product_tag-cheap-vapes","16":"product_tag-digital-disposable-vape","17":"product_tag-hot-sale-disposable-vape","18":"product_tag-low-nicotine-vape","19":"product_tag-rechargeable-disposable-vape","20":"product_tag-vozol-gear-power-20000","21":"product_tag-vozol-gear-power-20k","22":"product_tag-vozol-vape","23":"desktop-align-left","24":"tablet-align-left","25":"mobile-align-left","27":"first","28":"instock","29":"sale","30":"shipping-taxable","31":"purchasable","32":"product-type-simple"},"acf":[],"uagb_featured_image_src":{"full":["https:\/\/vapestornado.com\/wp-content\/uploads\/2025\/01\/VOZOL-Gear-Power-20000-Disposable-Wholesale-Price.jpg",1000,1000,false],"thumbnail":["https:\/\/vapestornado.com\/wp-content\/uploads\/2025\/01\/VOZOL-Gear-Power-20000-Disposable-Wholesale-Price-150x150.jpg",150,150,true],"medium":["https:\/\/vapestornado.com\/wp-content\/uploads\/2025\/01\/VOZOL-Gear-Power-20000-Disposable-Wholesale-Price-300x300.jpg",300,300,true],"medium_large":["https:\/\/vapestornado.com\/wp-content\/uploads\/2025\/01\/VOZOL-Gear-Power-20000-Disposable-Wholesale-Price-768x768.jpg",768,768,true],"large":["https:\/\/vapestornado.com\/wp-content\/uploads\/2025\/01\/VOZOL-Gear-Power-20000-Disposable-Wholesale-Price.jpg",1000,1000,false],"1536x1536":["https:\/\/vapestornado.com\/wp-content\/uploads\/2025\/01\/VOZOL-Gear-Power-20000-Disposable-Wholesale-Price.jpg",1000,1000,false],"2048x2048":["https:\/\/vapestornado.com\/wp-content\/uploads\/2025\/01\/VOZOL-Gear-Power-20000-Disposable-Wholesale-Price.jpg",1000,1000,false],"trp-custom-language-flag":["https:\/\/vapestornado.com\/wp-content\/uploads\/2025\/01\/VOZOL-Gear-Power-20000-Disposable-Wholesale-Price.jpg",12,12,false],"woocommerce_thumbnail":["https:\/\/vapestornado.com\/wp-content\/uploads\/2025\/01\/VOZOL-Gear-Power-20000-Disposable-Wholesale-Price-300x300.jpg",300,300,true],"woocommerce_single":["https:\/\/vapestornado.com\/wp-content\/uploads\/2025\/01\/VOZOL-Gear-Power-20000-Disposable-Wholesale-Price-600x600.jpg",600,600,true],"woocommerce_gallery_thumbnail":["https:\/\/vapestornado.com\/wp-content\/uploads\/2025\/01\/VOZOL-Gear-Power-20000-Disposable-Wholesale-Price-100x100.jpg",100,100,true]},"uagb_author_info":{"display_name":"ESAMY","author_link":"https:\/\/vapestornado.com\/sv\/author\/"},"uagb_comment_info":0,"uagb_excerpt":"VOZOL Gear Power 20K\u00a0 Puffs 2% Low Nicotine Disposable Vape Wholesale VOZOL Gear Power 20000 Puff \u00a0Digital Display Disposable Vape Bulk Buy VOZOL Gear Power 20k Rechargeable Disposable Vape Cheap Price Add Amy's whatsapp get right reply and vape coupon! WhatsApp: +86 17776015835 &nbsp;","_links":{"self":[{"href":"https:\/\/vapestornado.com\/sv\/wp-json\/wp\/v2\/product\/3614","targetHints":{"allow":["GET"]}}],"collection":[{"href":"https:\/\/vapestornado.com\/sv\/wp-json\/wp\/v2\/product"}],"about":[{"href":"https:\/\/vapestornado.com\/sv\/wp-json\/wp\/v2\/types\/product"}],"replies":[{"embeddable":true,"href":"https:\/\/vapestornado.com\/sv\/wp-json\/wp\/v2\/comments?post=3614"}],"wp:featuredmedia":[{"embeddable":true,"href":"https:\/\/vapestornado.com\/sv\/wp-json\/wp\/v2\/media\/3611"}],"wp:attachment":[{"href":"https:\/\/vapestornado.com\/sv\/wp-json\/wp\/v2\/media?parent=3614"}],"wp:term":[{"taxonomy":"product_brand","embeddable":true,"href":"https:\/\/vapestornado.com\/sv\/wp-json\/wp\/v2\/product_brand?post=3614"},{"taxonomy":"product_cat","embeddable":true,"href":"https:\/\/vapestornado.com\/sv\/wp-json\/wp\/v2\/product_cat?post=3614"},{"taxonomy":"product_tag","embeddable":true,"href":"https:\/\/vapestornado.com\/sv\/wp-json\/wp\/v2\/product_tag?post=3614"}],"curies":[{"name":"wp","href":"https:\/\/api.w.org\/{rel}","templated":true}]}}