{"id":3598,"date":"2024-12-31T09:02:37","date_gmt":"2024-12-31T09:02:37","guid":{"rendered":"https:\/\/vapestornado.com\/?post_type=product&#038;p=3598"},"modified":"2025-08-23T12:23:15","modified_gmt":"2025-08-23T12:23:15","slug":"vozol-vista-20000-vape-rechargeable-disposable-vape-wholesale-cheap-price","status":"publish","type":"product","link":"https:\/\/vapestornado.com\/sv\/product\/vozol-vista-20000-vape-rechargeable-disposable-vape-wholesale-cheap-price\/","title":{"rendered":"Vozol Vista 20000 Vape Uppladdningsbar Eng\u00e5ngsbox Partihandel Billigt Pris"},"content":{"rendered":"<h1 class=\"product-title\">Vozol Vista 20000 Vape Uppladdningsbar Eng\u00e5ngs Vape Grossist Billigt Pris<\/h1>\n<p>Den <strong data-start=\"324\" data-end=\"374\">Vozol Vista 20000 Uppladdningsbar Eng\u00e5ngs Vape<\/strong> levererar premiumprestanda med avancerad teknik och stilren design, vilket g\u00f6r den till ett m\u00e5ste f\u00f6r grossistk\u00f6pare i hela Europa. Erbjuder upp till <strong data-start=\"522\" data-end=\"538\">20 000 puffar<\/strong>\u00e4r denna enhet byggd med en <strong data-start=\"568\" data-end=\"599\">650mAh uppladdningsbart batteri<\/strong> och <strong data-start=\"604\" data-end=\"628\">Typ-C snabbladdning<\/strong>vilket s\u00e4kerst\u00e4ller oavbrutna sessioner och minimal stillest\u00e5ndstid.<\/p>\n<p>Med <strong data-start=\"703\" data-end=\"732\">dubbel mesh coil-teknik<\/strong>varje bloss \u00e4r mjukt, smakrikt och konsekvent. Den <strong data-start=\"787\" data-end=\"814\">6-niv\u00e5s effektkontroll<\/strong> och <strong data-start=\"819\" data-end=\"848\">justerbart luftfl\u00f6dessystem<\/strong> l\u00e5ter anv\u00e4ndarna anpassa \u00e5ngproduktionen, fr\u00e5n starka moln till ett mjukare drag. En modern <strong data-start=\"934\" data-end=\"958\">F\u00e4rgsk\u00e4rm<\/strong> visar batteritid och effektinst\u00e4llningar i realtid, vilket ger anv\u00e4ndarna total kontroll \u00f6ver sin vapingupplevelse.<\/p>\n<p>Kompakt, b\u00e4rbar och visuellt sl\u00e5ende, Vozol Vista 20K \u00e4r designad f\u00f6r bekv\u00e4mlighet och stil. Finns i flera smaker och nikotinalternativ, den tillgodoser olika preferenser samtidigt som den bibeh\u00e5ller premiumkvalitet. Med <strong data-start=\"1305\" data-end=\"1337\">billiga vape grossistpriser<\/strong>\u00e4r den perfekt f\u00f6r \u00e5terf\u00f6rs\u00e4ljare, distribut\u00f6rer och vapebutiks\u00e4gare som vill erbjuda kunderna den b\u00e4sta kombinationen av prestanda, design och v\u00e4rde.<\/p>\n<p><span style=\"color: #ff0000;\"><strong>L\u00e4gg till Amys Whatsapp f\u00f6r att f\u00e5 snabbt svar och vape-kupong!<\/strong><\/span><\/p>\n<p><img fetchpriority=\"high\" decoding=\"async\" class=\"size-full wp-image-2932\" src=\"https:\/\/vapestornado.com\/wp-content\/uploads\/2024\/12\/Vape-Wholesale.jpg\" alt=\"Vape Partihandel\" width=\"229\" height=\"300\" \/><\/p>\n<h3><a href=\"https:\/\/wa.me\/8617776015835\" target=\"_blank\" rel=\"noopener\"><span style=\"color: #ff0000;\"><strong>WhatsApp: +86 17776015835<\/strong><\/span><\/a><\/h3>\n<p>&nbsp;<\/p>\n<h2 class=\"product-title\"><strong>Vozol Vista 20000 Produktfunktioner<\/strong><\/h2>\n<div role=\"article\" data-tabster=\"{&quot;groupper&quot;:{&quot;tabbability&quot;:2},&quot;focusable&quot;:{}}\" data-content=\"ai-message\" aria-labelledby=\"juhNTJ6o7Gk1cgwZMJgv2-author juhNTJ6o7Gk1cgwZMJgv2-content\">\n<div id=\"juhNTJ6o7Gk1cgwZMJgv2-content\">\n<div role=\"article\" data-tabster=\"{&quot;groupper&quot;:{&quot;tabbability&quot;:2},&quot;focusable&quot;:{}}\" data-content=\"ai-message\" aria-labelledby=\"x4EZuCZWrTbh3weWUt7CU-author x4EZuCZWrTbh3weWUt7CU-content\">\n<div id=\"x4EZuCZWrTbh3weWUt7CU-content\">\n<div class=\"flex max-w-full flex-col flex-grow\">\n<div class=\"min-h-8 text-message flex w-full flex-col items-end gap-2 whitespace-normal break-words text-start [.text-message+&amp;]:mt-5\" dir=\"auto\" data-message-author-role=\"assistant\" data-message-id=\"52c6e00a-252f-4104-805d-2f1a84739c71\" data-message-model-slug=\"gpt-4o\">\n<div class=\"flex w-full flex-col gap-1 empty:hidden first:pt-[3px]\">\n<div class=\"markdown prose w-full break-words dark:prose-invert light\">\n<h4><\/h4>\n<ul>\n<li><strong>H\u00f6gt antal bloss<\/strong>: Njut av upp till <strong>14,000<\/strong> och <strong>20 000 puffar<\/strong> f\u00f6r l\u00e5ngvarig anv\u00e4ndning.<\/li>\n<li><strong>6-Niv\u00e5 Wattstyrkekontroll<\/strong>: Anpassa din vapingupplevelse med justerbar wattstyrka.<\/li>\n<li><strong>Mjuka Drag<\/strong>: Avancerad luftfl\u00f6desteknik garanterar en mjuk och konsekvent tr\u00e4ff.<\/li>\n<li><strong>B\u00e4rbar<\/strong>: En kompakt, elegant design som \u00e4r l\u00e4tt att b\u00e4ra och perfekt f\u00f6r p\u00e5 spr\u00e5ng.<\/li>\n<li><strong>Dubbel Mesh Coil<\/strong>: Upplev f\u00f6rb\u00e4ttrad smak och \u00f6verl\u00e4gsen \u00e5ngproduktion.<\/li>\n<li><strong>F\u00e4rgsk\u00e4rm<\/strong>: Den l\u00e4ttl\u00e4sta displayen s\u00e4kerst\u00e4ller optimal anv\u00e4ndarupplevelse.<\/li>\n<\/ul>\n<\/div>\n<\/div>\n<\/div>\n<\/div>\n<div class=\"mb-2 flex gap-3 empty:hidden -ml-2\">\n<p>&nbsp;<\/p>\n<\/div>\n<\/div>\n<\/div>\n<\/div>\n<\/div>\n<h2 class=\"product-title\"><strong>Popul\u00e4r Smak f\u00f6r Vozol Vista 20000<\/strong><strong>\u00a0<\/strong><strong>Eng\u00e5ngs Vaporizers<\/strong><\/h2>\n<p>Vozol Vista 20000 erbjuder ett m\u00e5ngsidigt och sp\u00e4nnande utbud av alternativ f\u00f6r din produktlinje, som tillgodoser olika smakpreferenser! V\u00e4nligen hitta den popul\u00e4ra smaken enligt v\u00e5rt f\u00f6rs\u00e4ljningsdatum och kundfeedback.<\/p>\n<ol>\n<li><strong>K\u00f6rsb\u00e4rs Cola<\/strong><br \/>\nEn perfekt blandning av klassisk k\u00f6rsb\u00e4rssmak och uppfriskande cola, som erbjuder en s\u00f6t men inte alltf\u00f6r sockerhaltig smak som ger en nostalgisk dryckesvibb.<\/li>\n<li><strong>Persika is <span style=\"color: #ff0000;\">&gt;&gt;&gt;&gt; Hett !<\/span><\/strong><br \/>\nDen s\u00f6ta, saftiga smaken av mogna persikor kombinerat med en kylande is-sensation, vilket skapar en mjuk, uppfriskande upplevelse som \u00e4r perfekt f\u00f6r varma dagar.<\/li>\n<li><strong>Surt \u00c4pple Is<\/strong><br \/>\nSyrlig gr\u00f6n \u00e4ppelsmak kombinerad med en kylande iseffekt, vilket ger en krispig, sur-s\u00f6t balans som fr\u00e4schar upp med varje bloss.<\/li>\n<li><strong>Miami Mint<\/strong><br \/>\nEn sval, uppfriskande mintsmak som levererar en uppfriskande bris som havsluften i Miami, perfekt f\u00f6r en uppfriskande och energigivande vape.<\/li>\n<li><strong>Druv Is<\/strong><br \/>\nRik, s\u00f6t druvsmak med en touch av is, vilket ger en fyllig smak som \u00e4r b\u00e5de smakrik och uppfriskande, idealisk f\u00f6r dem som \u00e4lskar fruktiga vape-upplevelser.<\/li>\n<li><strong>Vattenmelon Is <span style=\"color: #ff0000;\">&gt;&gt;&gt;&gt; Hett !<\/span><\/strong><br \/>\nEn saftig vattenmelonsmak kombinerad med en kylande iseffekt, vilket ger en s\u00f6t och uppfriskande sommarupplevelse med varje inandning.<\/li>\n<li><strong>Bl\u00e5 Razz Is <span style=\"color: #ff0000;\">&gt;&gt;&gt;&gt; B\u00e4st!<\/span><\/strong><br \/>\nEn blandning av s\u00f6ta bl\u00e5b\u00e4r och syrliga hallon med en kylande iseffekt, vilket ger en uppfriskande och livlig b\u00e4rsmak som \u00e4r b\u00e5de s\u00f6t och syrlig.<\/li>\n<li><strong>Persika Mango Vattenmelon<\/strong><br \/>\nEn tropisk trio av mogna persikor, saftiga mangor och uppfriskande vattenmelon, vilket ger en skiktad, s\u00f6t och fruktig smak som \u00e4r perfekt f\u00f6r frukt\u00e4lskare.<\/li>\n<li><strong>Jordgubbe Mango<\/strong><br \/>\nDen naturliga s\u00f6tman hos mogna jordgubbar kombinerad med den exotiska rikedomen hos mango, vilket ger en mjuk, balanserad fruktupplevelse.<\/li>\n<li><strong>Hallon Vattenmelon<\/strong><br \/>\nEn uppfriskande kombination av syrliga hallon och s\u00f6t, saftig vattenmelon, vilket skapar en fruktig och \u00e5terfuktande vape-upplevelse med en perfekt balans av smaker.<\/li>\n<li><strong>VZBock <span style=\"color: #ff0000;\">&gt;&gt;&gt;&gt; Hett !<\/span><\/strong><br \/>\nEn dj\u00e4rv, energidrycksinspirerad smak som \u00e4r s\u00f6t med en l\u00e4tt syrlighet, och erbjuder den uppfriskande och energigivande smaken av en klassisk energidryck.<\/li>\n<li><strong>Vattenmelon Tuggummi<\/strong><br \/>\nEn nostalgisk blandning av saftig vattenmelon och s\u00f6tt bubbelgum, som levererar en lekfull, godisliknande smak som \u00e4r b\u00e5de fruktig och rolig.<\/li>\n<li><strong>Blandade b\u00e4r <span style=\"color: #ff0000;\">&gt;&gt;&gt;&gt; Hett !<\/span><\/strong><br \/>\nEn blandning av olika b\u00e4r, som ger en rik, syrlig och s\u00f6t fruktupplevelse, med lager av smak som \u00e4r perfekt f\u00f6r dem som gillar b\u00e4rmixar.<\/li>\n<li><strong>Citron Lime<\/strong><br \/>\nEn skarp och syrlig blandning av citron och lime, som erbjuder en uppfriskande, citrusaktig vape som \u00e4r b\u00e5de syrlig och kylande \u2013 perfekt f\u00f6r citrus\u00e4lskare.<\/li>\n<li><strong>Jordgubb Hallon K\u00f6rsb\u00e4r Mango Is<\/strong><br \/>\nEn komplex blandning av jordgubb, hallon, k\u00f6rsb\u00e4r och mango, med en kylande is-effekt, som ger en fruktig, s\u00f6t och uppfriskande upplevelse med varje bloss.<\/li>\n<li><strong>Drakfrukt Banan K\u00f6rsb\u00e4r<\/strong><br \/>\nEn unik kombination av drakfrukt, banan och k\u00f6rsb\u00e4r, som erbjuder en tropisk, exotisk smakprofil som \u00e4r s\u00f6t, len och kr\u00e4mig med en touch av syrlighet.<\/li>\n<li><strong>Fl\u00e4der Grapefrukt<\/strong><br \/>\nEn delikat fl\u00e4dersmak i kombination med grapefruktens syrlighet, vilket skapar en uppfriskande, blommig och citrusaktig smak som \u00e4r b\u00e5de unik och lugnande.<\/li>\n<li><strong>LavaFire<\/strong><br \/>\nEn eldig och dj\u00e4rv smak med en l\u00e4tt kryddig kick, som erbjuder en v\u00e4rmepackad, intensiv vape-upplevelse som \u00e4r perfekt f\u00f6r dem som gillar dj\u00e4rva och \u00e4ventyrliga smaker.<\/li>\n<\/ol>\n<figure id=\"attachment_3586\" aria-describedby=\"caption-attachment-3586\" style=\"width: 1024px\" class=\"wp-caption alignnone\"><img decoding=\"async\" class=\"wp-image-3586 size-large\" src=\"https:\/\/vapestornado.com\/wp-content\/uploads\/2024\/12\/Vozol-Vista-20000-Disposable-Pod-Device-1024x1024.jpg\" alt=\"Vozol Vista 20000 Eng\u00e5ngs Pod Enhet\" width=\"1024\" height=\"1024\" srcset=\"https:\/\/vapestornado.com\/wp-content\/uploads\/2024\/12\/Vozol-Vista-20000-Disposable-Pod-Device-1024x1024.jpg 1024w, https:\/\/vapestornado.com\/wp-content\/uploads\/2024\/12\/Vozol-Vista-20000-Disposable-Pod-Device-300x300.jpg 300w, https:\/\/vapestornado.com\/wp-content\/uploads\/2024\/12\/Vozol-Vista-20000-Disposable-Pod-Device-150x150.jpg 150w, https:\/\/vapestornado.com\/wp-content\/uploads\/2024\/12\/Vozol-Vista-20000-Disposable-Pod-Device-768x768.jpg 768w, https:\/\/vapestornado.com\/wp-content\/uploads\/2024\/12\/Vozol-Vista-20000-Disposable-Pod-Device-600x600.jpg 600w, https:\/\/vapestornado.com\/wp-content\/uploads\/2024\/12\/Vozol-Vista-20000-Disposable-Pod-Device-100x100.jpg 100w, https:\/\/vapestornado.com\/wp-content\/uploads\/2024\/12\/Vozol-Vista-20000-Disposable-Pod-Device.jpg 1126w\" sizes=\"(max-width: 1024px) 100vw, 1024px\" \/><figcaption id=\"caption-attachment-3586\" class=\"wp-caption-text\">Vozol Vista 20000 Eng\u00e5ngs Pod Enhet<\/figcaption><\/figure>\n<div class=\"flex-shrink-0 flex flex-col relative items-end\">\n<div class=\"pt-0\">\n<div class=\"gizmo-bot-avatar flex h-8 w-8 items-center justify-center overflow-hidden rounded-full\">\n<div class=\"relative p-1 rounded-sm flex items-center justify-center bg-token-main-surface-primary text-token-text-primary h-8 w-8\">\n<h2>Vanliga fr\u00e5gor om Vozol Vista 20000<strong>\u00a0<\/strong>Eng\u00e5ngs-vape<\/h2>\n<div class=\"flex max-w-full flex-col flex-grow\">\n<div class=\"min-h-8 text-message flex w-full flex-col items-end gap-2 whitespace-normal break-words text-start [.text-message+&amp;]:mt-5\" dir=\"auto\" data-message-author-role=\"assistant\" data-message-id=\"4dc48248-df95-45bd-b800-6dedb43cf7f1\" data-message-model-slug=\"gpt-4o\">\n<div class=\"flex w-full flex-col gap-1 empty:hidden first:pt-[3px]\">\n<div class=\"markdown prose w-full break-words dark:prose-invert light\">\n<p><strong>1. Vad skiljer Vozol Vista 20000-serien fr\u00e5n andra eng\u00e5ngsvapes?<\/strong><br \/>\nVozol Vista-serien utm\u00e4rker sig med sitt h\u00f6ga antal bloss (upp till 14 000 till 20 000 bloss), 6-niv\u00e5s effektkontroll och dubbel mesh coil-teknik, vilket s\u00e4kerst\u00e4ller en mjukare, mer konsekvent dragning med f\u00f6rb\u00e4ttrad smak- och \u00e5ngproduktion. Dessutom g\u00f6r den eleganta och b\u00e4rbara designen den idealisk f\u00f6r vaping p\u00e5 spr\u00e5ng.<\/p>\n<p><strong>2. Hur l\u00e4nge h\u00e5ller Vozol Vista 20k-seriens enheter?<\/strong><br \/>\nBeroende p\u00e5 vilken modell du v\u00e4ljer erbjuder Vozol Vista-enheterna imponerande 14 000 till 20 000 bloss, vilket ger l\u00e5ngvarig anv\u00e4ndning. Det betyder att du kan njuta av din enhet under en betydande period innan du beh\u00f6ver byta ut den.<\/p>\n<p><strong>3. Kan jag anpassa vapingupplevelsen med Vozol Vista 20k?<\/strong><br \/>\nJa! Vozol Vista-serien har 6-niv\u00e5s effektkontroll, vilket g\u00f6r att du kan justera effektinst\u00e4llningarna f\u00f6r att matcha din f\u00f6redragna vapingstil. Oavsett om du f\u00f6redrar ett mjukare, l\u00e4ttare drag eller en mer intensiv, smakrik puff.<\/p>\n<p><strong>4. Vilka smaker finns tillg\u00e4ngliga i Vozol Vista 20000?<\/strong><br \/>\nVozol Vista-serien erbjuder ett brett utbud av sp\u00e4nnande smaker, inklusive alternativ som Cherry Cola, Peach Ice, Sour Apple Ice, Mixed Berries, Watermelon Bubble Gum och m\u00e5nga fler. Oavsett om du gillar fruktiga, mintiga eller till och med energidrycksinspirerade smaker, finns det n\u00e5got f\u00f6r alla.<\/p>\n<p><strong>5. \u00c4r Vozol Vista-enheterna b\u00e4rbara och l\u00e4tta att anv\u00e4nda?<\/strong><br \/>\nAbsolut! Vozol Vista-serien har en elegant och b\u00e4rbar design, vilket g\u00f6r den enkel att b\u00e4ra med sig vart du \u00e4n g\u00e5r. Dessutom, med sin f\u00e4rgsk\u00e4rm f\u00f6r l\u00e4ttl\u00e4sta displayer, erbjuder enheten en intuitiv anv\u00e4ndarupplevelse, vilket g\u00f6r den idealisk f\u00f6r b\u00e5de nyb\u00f6rjare och erfarna vejpare.<\/p>\n<\/div>\n<\/div>\n<\/div>\n<\/div>\n<\/div>\n<\/div>\n<\/div>\n<\/div>\n<div class=\"flex-shrink-0 flex flex-col relative items-end\">\n<div class=\"pt-0\">\n<div class=\"gizmo-bot-avatar flex h-8 w-8 items-center justify-center overflow-hidden rounded-full\">\n<div class=\"relative p-1 rounded-sm flex items-center justify-center bg-token-main-surface-primary text-token-text-primary h-8 w-8\">\n<div class=\"mb-2 flex gap-3 empty:hidden -ml-2\">\n<div role=\"article\" data-tabster=\"{&quot;groupper&quot;:{&quot;tabbability&quot;:2},&quot;focusable&quot;:{}}\" data-content=\"ai-message\" aria-labelledby=\"Vdt5ez4X7Tg813x6rFVha-author Vdt5ez4X7Tg813x6rFVha-content\">\n<div id=\"Vdt5ez4X7Tg813x6rFVha-content\">\n<div role=\"article\" data-tabster=\"{&quot;groupper&quot;:{&quot;tabbability&quot;:2},&quot;focusable&quot;:{}}\" data-content=\"ai-message\" aria-labelledby=\"o968oC7CEo2fGHsGdsRYC-author o968oC7CEo2fGHsGdsRYC-content\">\n<div id=\"o968oC7CEo2fGHsGdsRYC-content\">\n<p>&nbsp;<\/p>\n<h2>Varf\u00f6r v\u00e4lja vapestornado f\u00f6r FIHP 15000 Puffs Vape Grossist?<\/h2>\n<div class=\"flex-shrink-0 flex flex-col relative items-end\">\n<div class=\"pt-0\">\n<div class=\"gizmo-bot-avatar flex h-8 w-8 items-center justify-center overflow-hidden rounded-full\">\n<div class=\"relative p-1 rounded-sm flex items-center justify-center bg-token-main-surface-primary text-token-text-primary h-8 w-8\">\n<p>V\u00e4lkommen till vapestornado, din betrodda online vape-butik f\u00f6r premium eng\u00e5ngsvapes. Med mer \u00e4n 5 \u00e5rs expertis ger vi dig popul\u00e4ra eng\u00e5ngs vape-m\u00e4rken som Fumot RandM Vape, <a href=\"https:\/\/vapestornado.com\/sv\/product-category\/vapme-shisha\/\">Vapme<\/a>, Bang Vape, Waspe Vape och WGA Vape, etc.<\/p>\n<p>V\u00e5rt sortiment inkluderar heta f\u00f6rs\u00e4ljningsvapes som <a href=\"https:\/\/vapestornado.com\/sv\/product\/randm-12000-puffs-fumot-digital-disposable-vape-wholesale-price\/\">RandM Tornado 12000<\/a>, och smakrika val som <a href=\"https:\/\/vapestornado.com\/sv\/product\/wga-crystal-pro-max-extra-15000-puffs-rechargeable-disposable-vape-wholesale-bulk-buy\/\">\u00a0WGA Crystal 15k Puffar<\/a> . Varje produkt \u00e4r utvald med fokus p\u00e5 kvalitet, v\u00e4rde och variation, vilket s\u00e4kerst\u00e4ller att du hittar den perfekta matchningen f\u00f6r dina behov. Uppt\u00e4ck exceptionell service och ett brett utbud av toppprodukter till grossistpris hos vapestornado.<\/p>\n<\/div>\n<p>&nbsp;<\/p>\n<p><strong>Andra heta eng\u00e5ngsvapes<\/strong><\/p>\n<p><a href=\"https:\/\/vapestornado.com\/sv\/product\/bang-vape-35000-puffs-low-nicotine-bulk-buy-rechargeable-disposable-vapes-box-wholesale-price\/\">Bang Vape 40000 Puffar <span style=\"color: #ff0000;\"><strong>&gt;&gt;&gt;&gt; K\u00f6r!<\/strong><\/span><\/a><\/p>\n<p><a href=\"https:\/\/vapestornado.com\/sv\/product\/vopk-ultra-40000-puffs-2-in-1-digital-screen-rechargeable-disposable-vape\/\">VOPK 40000 Dubbel Smak<span style=\"color: #ff0000;\"><strong>&gt;&gt;&gt;&gt; K\u00f6r!<\/strong><\/span><\/a><\/p>\n<p><a href=\"https:\/\/vapestornado.com\/sv\/product\/puff-25k-bang-king-25000-puffs-rechargeable-disposable-vape-wholesale-bulk-buy\/\">Bang King 25000 <span style=\"color: #ff0000;\"><strong>&gt;&gt;&gt;&gt; K\u00f6r!<\/strong><\/span><\/a><\/p>\n<\/div>\n<\/div>\n<\/div>\n<p>&nbsp;<\/p>\n<\/div>\n<\/div>\n<\/div>\n<\/div>\n<\/div>\n<\/div>\n<\/div>\n<\/div>\n<\/div>","protected":false},"excerpt":{"rendered":"<p>Vozol Vista 20000 Puffs Eng\u00e5ngs Vape Grossist<br \/>\nVozol Vista 20000 Vape Uppladdningsbar Eng\u00e5ngs Vape<br \/>\nVozol Vista 20000 Puffs Eng\u00e5ngs Pod Enhet K\u00f6p i Bulk<\/p>\n<p><strong>L\u00e4gg till Amys whatsapp f\u00f6r snabbt svar och vape-kupong!<\/strong><\/p>\n<p><img fetchpriority=\"high\" decoding=\"async\" class=\"size-full wp-image-2932\" src=\"https:\/\/vapestornado.com\/wp-content\/uploads\/2024\/12\/Vape-Wholesale.jpg\" alt=\"Vape Partihandel\" width=\"229\" height=\"300\" \/><\/p>\n<h3><a href=\"https:\/\/wa.me\/8617776015835\"><span style=\"color: #ff0000;\"><strong>WhatsApp: +86 17776015835<\/strong><\/span><\/a><\/h3>\n<p>&nbsp;<\/p>","protected":false},"featured_media":3588,"comment_status":"open","ping_status":"closed","template":"","meta":{"_acf_changed":false,"_uag_custom_page_level_css":"","_lmt_disableupdate":"no","_lmt_disable":"","_monsterinsights_skip_tracking":false,"_monsterinsights_sitenote_active":false,"_monsterinsights_sitenote_note":"","_monsterinsights_sitenote_category":0,"site-sidebar-layout":"default","site-content-layout":"","ast-site-content-layout":"default","site-content-style":"default","site-sidebar-style":"default","ast-global-header-display":"","ast-banner-title-visibility":"","ast-main-header-display":"","ast-hfb-above-header-display":"","ast-hfb-below-header-display":"","ast-hfb-mobile-header-display":"","site-post-title":"","ast-breadcrumbs-content":"","ast-featured-img":"","footer-sml-layout":"","ast-disable-related-posts":"","theme-transparent-header-meta":"default","adv-header-id-meta":"","stick-header-meta":"","header-above-stick-meta":"","header-main-stick-meta":"","header-below-stick-meta":"","astra-migrate-meta-layouts":"set","ast-page-background-enabled":"default","ast-page-background-meta":{"desktop":{"background-color":"","background-image":"","background-repeat":"repeat","background-position":"center center","background-size":"auto","background-attachment":"scroll","background-type":"","background-media":"","overlay-type":"","overlay-color":"","overlay-opacity":"","overlay-gradient":""},"tablet":{"background-color":"","background-image":"","background-repeat":"repeat","background-position":"center center","background-size":"auto","background-attachment":"scroll","background-type":"","background-media":"","overlay-type":"","overlay-color":"","overlay-opacity":"","overlay-gradient":""},"mobile":{"background-color":"","background-image":"","background-repeat":"repeat","background-position":"center center","background-size":"auto","background-attachment":"scroll","background-type":"","background-media":"","overlay-type":"","overlay-color":"","overlay-opacity":"","overlay-gradient":""}},"ast-content-background-meta":{"desktop":{"background-color":"var(--ast-global-color-5)","background-image":"","background-repeat":"repeat","background-position":"center center","background-size":"auto","background-attachment":"scroll","background-type":"","background-media":"","overlay-type":"","overlay-color":"","overlay-opacity":"","overlay-gradient":""},"tablet":{"background-color":"var(--ast-global-color-5)","background-image":"","background-repeat":"repeat","background-position":"center center","background-size":"auto","background-attachment":"scroll","background-type":"","background-media":"","overlay-type":"","overlay-color":"","overlay-opacity":"","overlay-gradient":""},"mobile":{"background-color":"var(--ast-global-color-5)","background-image":"","background-repeat":"repeat","background-position":"center center","background-size":"auto","background-attachment":"scroll","background-type":"","background-media":"","overlay-type":"","overlay-color":"","overlay-opacity":"","overlay-gradient":""}},"_joinchat":{"telephone":"+8617776015835"}},"product_brand":[],"product_cat":[69,152,153,143,144,57],"product_tag":[165,105,97,166,94,220,219],"class_list":{"0":"post-3598","1":"product","2":"type-product","3":"status-publish","4":"has-post-thumbnail","6":"product_cat-20000-puff","7":"product_cat-buy-disposable-vapes-in-cermany","8":"product_cat-buy-disposable-vapes-in-italy","9":"product_cat-dual-mesh-disposable-vapes","10":"product_cat-low-nicotine-disposable-vapes","11":"product_cat-vozol-vape","12":"product_tag-cheap-vapes","13":"product_tag-digital-disposable-vape","14":"product_tag-hot-sale-disposable-vape","15":"product_tag-low-nicotine-vape","16":"product_tag-rechargeable-disposable-vape","17":"product_tag-vozol-vape","18":"product_tag-vozol-vista-20000","19":"desktop-align-left","20":"tablet-align-left","21":"mobile-align-left","23":"first","24":"instock","25":"sale","26":"shipping-taxable","27":"purchasable","28":"product-type-simple"},"acf":[],"uagb_featured_image_src":{"full":["https:\/\/vapestornado.com\/wp-content\/uploads\/2024\/12\/Vozol-Vista-20000-Disposable-Vape-Wholesale.jpg",1126,1126,false],"thumbnail":["https:\/\/vapestornado.com\/wp-content\/uploads\/2024\/12\/Vozol-Vista-20000-Disposable-Vape-Wholesale-150x150.jpg",150,150,true],"medium":["https:\/\/vapestornado.com\/wp-content\/uploads\/2024\/12\/Vozol-Vista-20000-Disposable-Vape-Wholesale-300x300.jpg",300,300,true],"medium_large":["https:\/\/vapestornado.com\/wp-content\/uploads\/2024\/12\/Vozol-Vista-20000-Disposable-Vape-Wholesale-768x768.jpg",768,768,true],"large":["https:\/\/vapestornado.com\/wp-content\/uploads\/2024\/12\/Vozol-Vista-20000-Disposable-Vape-Wholesale-1024x1024.jpg",1024,1024,true],"1536x1536":["https:\/\/vapestornado.com\/wp-content\/uploads\/2024\/12\/Vozol-Vista-20000-Disposable-Vape-Wholesale.jpg",1126,1126,false],"2048x2048":["https:\/\/vapestornado.com\/wp-content\/uploads\/2024\/12\/Vozol-Vista-20000-Disposable-Vape-Wholesale.jpg",1126,1126,false],"trp-custom-language-flag":["https:\/\/vapestornado.com\/wp-content\/uploads\/2024\/12\/Vozol-Vista-20000-Disposable-Vape-Wholesale.jpg",12,12,false],"woocommerce_thumbnail":["https:\/\/vapestornado.com\/wp-content\/uploads\/2024\/12\/Vozol-Vista-20000-Disposable-Vape-Wholesale-300x300.jpg",300,300,true],"woocommerce_single":["https:\/\/vapestornado.com\/wp-content\/uploads\/2024\/12\/Vozol-Vista-20000-Disposable-Vape-Wholesale-600x600.jpg",600,600,true],"woocommerce_gallery_thumbnail":["https:\/\/vapestornado.com\/wp-content\/uploads\/2024\/12\/Vozol-Vista-20000-Disposable-Vape-Wholesale-100x100.jpg",100,100,true]},"uagb_author_info":{"display_name":"ESAMY","author_link":"https:\/\/vapestornado.com\/sv\/author\/"},"uagb_comment_info":0,"uagb_excerpt":"Vozol Vista 20000 Puffs Disposable Vape Wholesale Vozol Vista 20000 Vape Rechargeable Disposable Vape Vozol Vista 20000 Puffs Disposable Pod Device Bulk Buy Add Amy's whatsapp get right reply and vape coupon! WhatsApp: +86 17776015835 &nbsp;","_links":{"self":[{"href":"https:\/\/vapestornado.com\/sv\/wp-json\/wp\/v2\/product\/3598","targetHints":{"allow":["GET"]}}],"collection":[{"href":"https:\/\/vapestornado.com\/sv\/wp-json\/wp\/v2\/product"}],"about":[{"href":"https:\/\/vapestornado.com\/sv\/wp-json\/wp\/v2\/types\/product"}],"replies":[{"embeddable":true,"href":"https:\/\/vapestornado.com\/sv\/wp-json\/wp\/v2\/comments?post=3598"}],"wp:featuredmedia":[{"embeddable":true,"href":"https:\/\/vapestornado.com\/sv\/wp-json\/wp\/v2\/media\/3588"}],"wp:attachment":[{"href":"https:\/\/vapestornado.com\/sv\/wp-json\/wp\/v2\/media?parent=3598"}],"wp:term":[{"taxonomy":"product_brand","embeddable":true,"href":"https:\/\/vapestornado.com\/sv\/wp-json\/wp\/v2\/product_brand?post=3598"},{"taxonomy":"product_cat","embeddable":true,"href":"https:\/\/vapestornado.com\/sv\/wp-json\/wp\/v2\/product_cat?post=3598"},{"taxonomy":"product_tag","embeddable":true,"href":"https:\/\/vapestornado.com\/sv\/wp-json\/wp\/v2\/product_tag?post=3598"}],"curies":[{"name":"wp","href":"https:\/\/api.w.org\/{rel}","templated":true}]}}