{"id":3533,"date":"2024-12-28T09:56:42","date_gmt":"2024-12-28T09:56:42","guid":{"rendered":"https:\/\/vapestornado.com\/?post_type=product&#038;p=3533"},"modified":"2025-08-23T09:46:04","modified_gmt":"2025-08-23T09:46:04","slug":"vapme-spacex-22000-puffs-disposable-vape","status":"publish","type":"product","link":"https:\/\/vapestornado.com\/sv\/product\/vapme-spacex-22000-puffs-disposable-vape\/","title":{"rendered":"Vapme Spacex 22000 Puffar Eng\u00e5ngs Vape"},"content":{"rendered":"<h1>Vapme Spacex 22000 Puffar Eng\u00e5ngs Vape<\/h1>\n<p data-start=\"397\" data-end=\"648\">Den <strong data-start=\"401\" data-end=\"445\">Vapme Spacex 22000 Puffar Eng\u00e5ngs Vape<\/strong> levererar kapacitet, prestanda och anv\u00e4ndarv\u00e4nlig design i en enhet. Med upp till <strong data-start=\"529\" data-end=\"545\">22 000 bloss<\/strong> och en <strong data-start=\"552\" data-end=\"585\">28 ml f\u00f6rfylld e-v\u00e4tskebeh\u00e5llare<\/strong>ger den l\u00e5ngvarig anv\u00e4ndning utan frekventa byten.<\/p>\n<p data-start=\"650\" data-end=\"962\">Drivs av en <strong data-start=\"664\" data-end=\"695\">850mAh uppladdningsbart batteri<\/strong> med <strong data-start=\"701\" data-end=\"725\">Typ-C snabbladdning<\/strong>s\u00e4kerst\u00e4ller Vapme Spacex 22K konsekvent prestanda f\u00f6r l\u00e4ngre sessioner. Dess <strong data-start=\"806\" data-end=\"824\">dubbel mesh coil<\/strong> f\u00f6rb\u00e4ttrar smakupplevelsen och \u00e5ngt\u00e4theten, medan <strong data-start=\"879\" data-end=\"908\">justerbart luftfl\u00f6dessystem<\/strong> l\u00e5ter anv\u00e4ndarna anpassa varje bloss efter eget \u00f6nskem\u00e5l.<\/p>\n<p data-start=\"964\" data-end=\"1368\">Tillg\u00e4nglig i <strong data-start=\"977\" data-end=\"1009\">2% och 5% nikotinstyrkor<\/strong>denna eng\u00e5ngsvape passar b\u00e5de m\u00e5ttliga och frekventa anv\u00e4ndare. En inbyggd <strong data-start=\"1084\" data-end=\"1099\">LED-display<\/strong> visar batteritid och e-v\u00e4tskeniv\u00e5er i realtid, vilket \u00f6kar bekv\u00e4mligheten och kontrollen. Kompakt och p\u00e5litlig, <strong data-start=\"1211\" data-end=\"1244\">Vapme Spacex 22000 Puffar Vape<\/strong> \u00e4r l\u00e4mplig f\u00f6r b\u00e5de nyb\u00f6rjare och erfarna vejpare, samt grossister som s\u00f6ker efterfr\u00e5gade enheter med stor kapacitet.<\/p>\n<h1><img fetchpriority=\"high\" decoding=\"async\" class=\"alignnone size-large wp-image-3536\" style=\"font-size: 16px; font-style: inherit; font-weight: inherit;\" src=\"https:\/\/vapestornado.com\/wp-content\/uploads\/2024\/12\/Real-Pictures-of-Vapme-Spacex-22000-Puffs-Disposable-Vape-Authentic-Product-Gallery-1024x576.jpg\" alt=\"Verkliga bilder av Vapme Spacex 22000 Puffs Eng\u00e5ngsvape Autentiskt Produktgalleri\" width=\"1024\" height=\"576\" srcset=\"https:\/\/vapestornado.com\/wp-content\/uploads\/2024\/12\/Real-Pictures-of-Vapme-Spacex-22000-Puffs-Disposable-Vape-Authentic-Product-Gallery-1024x576.jpg 1024w, https:\/\/vapestornado.com\/wp-content\/uploads\/2024\/12\/Real-Pictures-of-Vapme-Spacex-22000-Puffs-Disposable-Vape-Authentic-Product-Gallery-300x169.jpg 300w, https:\/\/vapestornado.com\/wp-content\/uploads\/2024\/12\/Real-Pictures-of-Vapme-Spacex-22000-Puffs-Disposable-Vape-Authentic-Product-Gallery-768x432.jpg 768w, https:\/\/vapestornado.com\/wp-content\/uploads\/2024\/12\/Real-Pictures-of-Vapme-Spacex-22000-Puffs-Disposable-Vape-Authentic-Product-Gallery-1536x864.jpg 1536w, https:\/\/vapestornado.com\/wp-content\/uploads\/2024\/12\/Real-Pictures-of-Vapme-Spacex-22000-Puffs-Disposable-Vape-Authentic-Product-Gallery-2048x1152.jpg 2048w, https:\/\/vapestornado.com\/wp-content\/uploads\/2024\/12\/Real-Pictures-of-Vapme-Spacex-22000-Puffs-Disposable-Vape-Authentic-Product-Gallery-600x338.jpg 600w\" sizes=\"(max-width: 1024px) 100vw, 1024px\" \/><\/h1>\n<h3>Produktfunktioner<\/h3>\n<ol>\n<li><strong>22 000 bloss kapacitet<\/strong> f\u00f6r l\u00e5ngvarig vaping utan frekventa byten.<\/li>\n<li><strong>Dubbel Mesh Coil<\/strong> s\u00e4kerst\u00e4ller j\u00e4mn \u00e5ngproduktion och f\u00f6rb\u00e4ttrad smakleverans.<\/li>\n<li><strong>Uppladdningsbart 850mAh batteri<\/strong> med Type-C-port f\u00f6r snabb, effektiv laddning.<\/li>\n<li><strong>Justerbart luftfl\u00f6dessystem<\/strong> till\u00e5ter anpassningsbara inhalationspreferenser.<\/li>\n<li><strong>LED-display<\/strong> sp\u00e5rar bloss och batteritid f\u00f6r anv\u00e4ndarens bekv\u00e4mlighet.<\/li>\n<\/ol>\n<p><img decoding=\"async\" class=\"alignnone size-large wp-image-3535\" src=\"https:\/\/vapestornado.com\/wp-content\/uploads\/2024\/12\/Bulk-Buy-Vapme-Spacex-22000-Puffs-Save-Big-on-Large-Quantities-1024x576.jpg\" alt=\"Bulkk\u00f6p Vapme Spacex 22000 Puffs Spara stort p\u00e5 stora kvantiteter\" width=\"1024\" height=\"576\" srcset=\"https:\/\/vapestornado.com\/wp-content\/uploads\/2024\/12\/Bulk-Buy-Vapme-Spacex-22000-Puffs-Save-Big-on-Large-Quantities-1024x576.jpg 1024w, https:\/\/vapestornado.com\/wp-content\/uploads\/2024\/12\/Bulk-Buy-Vapme-Spacex-22000-Puffs-Save-Big-on-Large-Quantities-300x169.jpg 300w, https:\/\/vapestornado.com\/wp-content\/uploads\/2024\/12\/Bulk-Buy-Vapme-Spacex-22000-Puffs-Save-Big-on-Large-Quantities-768x432.jpg 768w, https:\/\/vapestornado.com\/wp-content\/uploads\/2024\/12\/Bulk-Buy-Vapme-Spacex-22000-Puffs-Save-Big-on-Large-Quantities-1536x864.jpg 1536w, https:\/\/vapestornado.com\/wp-content\/uploads\/2024\/12\/Bulk-Buy-Vapme-Spacex-22000-Puffs-Save-Big-on-Large-Quantities-2048x1152.jpg 2048w, https:\/\/vapestornado.com\/wp-content\/uploads\/2024\/12\/Bulk-Buy-Vapme-Spacex-22000-Puffs-Save-Big-on-Large-Quantities-600x338.jpg 600w\" sizes=\"(max-width: 1024px) 100vw, 1024px\" \/><\/p>\n<p><img decoding=\"async\" class=\"size-large wp-image-3541\" src=\"https:\/\/vapestornado.com\/wp-content\/uploads\/2024\/12\/Vapme-Spacex-22000-Puffs-Disposable-Vape-Review-Honest-Feedback-and-Real-Insights-1024x576.jpg\" alt=\"Vapme Spacex 22000 Puffs Eng\u00e5ngsvape Recension \u00c4rlig feedback och verkliga insikter\" width=\"1024\" height=\"576\" srcset=\"https:\/\/vapestornado.com\/wp-content\/uploads\/2024\/12\/Vapme-Spacex-22000-Puffs-Disposable-Vape-Review-Honest-Feedback-and-Real-Insights-1024x576.jpg 1024w, https:\/\/vapestornado.com\/wp-content\/uploads\/2024\/12\/Vapme-Spacex-22000-Puffs-Disposable-Vape-Review-Honest-Feedback-and-Real-Insights-300x169.jpg 300w, https:\/\/vapestornado.com\/wp-content\/uploads\/2024\/12\/Vapme-Spacex-22000-Puffs-Disposable-Vape-Review-Honest-Feedback-and-Real-Insights-768x432.jpg 768w, https:\/\/vapestornado.com\/wp-content\/uploads\/2024\/12\/Vapme-Spacex-22000-Puffs-Disposable-Vape-Review-Honest-Feedback-and-Real-Insights-1536x864.jpg 1536w, https:\/\/vapestornado.com\/wp-content\/uploads\/2024\/12\/Vapme-Spacex-22000-Puffs-Disposable-Vape-Review-Honest-Feedback-and-Real-Insights-2048x1152.jpg 2048w, https:\/\/vapestornado.com\/wp-content\/uploads\/2024\/12\/Vapme-Spacex-22000-Puffs-Disposable-Vape-Review-Honest-Feedback-and-Real-Insights-600x338.jpg 600w\" sizes=\"(max-width: 1024px) 100vw, 1024px\" \/><\/p>\n<p><img loading=\"lazy\" decoding=\"async\" class=\"size-large wp-image-3542\" src=\"https:\/\/vapestornado.com\/wp-content\/uploads\/2024\/12\/Vapme-Spacex-22000-Puffs-Flavor-List-Explore-16-Unique-and-Delicious-Flavors-1024x576.jpg\" alt=\"Vapme Spacex 22000 Puffs Smaklista Utforska 16 unika och l\u00e4ckra smaker\" width=\"1024\" height=\"576\" srcset=\"https:\/\/vapestornado.com\/wp-content\/uploads\/2024\/12\/Vapme-Spacex-22000-Puffs-Flavor-List-Explore-16-Unique-and-Delicious-Flavors-1024x576.jpg 1024w, https:\/\/vapestornado.com\/wp-content\/uploads\/2024\/12\/Vapme-Spacex-22000-Puffs-Flavor-List-Explore-16-Unique-and-Delicious-Flavors-300x169.jpg 300w, https:\/\/vapestornado.com\/wp-content\/uploads\/2024\/12\/Vapme-Spacex-22000-Puffs-Flavor-List-Explore-16-Unique-and-Delicious-Flavors-768x432.jpg 768w, https:\/\/vapestornado.com\/wp-content\/uploads\/2024\/12\/Vapme-Spacex-22000-Puffs-Flavor-List-Explore-16-Unique-and-Delicious-Flavors-1536x864.jpg 1536w, https:\/\/vapestornado.com\/wp-content\/uploads\/2024\/12\/Vapme-Spacex-22000-Puffs-Flavor-List-Explore-16-Unique-and-Delicious-Flavors-2048x1152.jpg 2048w, https:\/\/vapestornado.com\/wp-content\/uploads\/2024\/12\/Vapme-Spacex-22000-Puffs-Flavor-List-Explore-16-Unique-and-Delicious-Flavors-600x338.jpg 600w\" sizes=\"(max-width: 1024px) 100vw, 1024px\" \/><\/p>\n<p><img loading=\"lazy\" decoding=\"async\" class=\"size-large wp-image-3543\" src=\"https:\/\/vapestornado.com\/wp-content\/uploads\/2024\/12\/Vapme-Spacex-22000-Puffs-Price-Comparison-Affordable-Premium-Disposable-Vape-1024x576.jpg\" alt=\"Vapme Spacex 22000 Puffs Prisj\u00e4mf\u00f6relse Prisv\u00e4rd premium eng\u00e5ngsvape\" width=\"1024\" height=\"576\" srcset=\"https:\/\/vapestornado.com\/wp-content\/uploads\/2024\/12\/Vapme-Spacex-22000-Puffs-Price-Comparison-Affordable-Premium-Disposable-Vape-1024x576.jpg 1024w, https:\/\/vapestornado.com\/wp-content\/uploads\/2024\/12\/Vapme-Spacex-22000-Puffs-Price-Comparison-Affordable-Premium-Disposable-Vape-300x169.jpg 300w, https:\/\/vapestornado.com\/wp-content\/uploads\/2024\/12\/Vapme-Spacex-22000-Puffs-Price-Comparison-Affordable-Premium-Disposable-Vape-768x432.jpg 768w, https:\/\/vapestornado.com\/wp-content\/uploads\/2024\/12\/Vapme-Spacex-22000-Puffs-Price-Comparison-Affordable-Premium-Disposable-Vape-1536x864.jpg 1536w, https:\/\/vapestornado.com\/wp-content\/uploads\/2024\/12\/Vapme-Spacex-22000-Puffs-Price-Comparison-Affordable-Premium-Disposable-Vape-2048x1152.jpg 2048w, https:\/\/vapestornado.com\/wp-content\/uploads\/2024\/12\/Vapme-Spacex-22000-Puffs-Price-Comparison-Affordable-Premium-Disposable-Vape-600x338.jpg 600w\" sizes=\"(max-width: 1024px) 100vw, 1024px\" \/><\/p>\n<p><img loading=\"lazy\" decoding=\"async\" class=\"size-large wp-image-3544\" src=\"https:\/\/vapestornado.com\/wp-content\/uploads\/2024\/12\/Wholesale-Vapme-Spacex-22000-Puffs-Best-Bulk-Deals-for-Retailers-1024x576.jpg\" alt=\"Partihandel Vapme Spacex 22000 Puffs B\u00e4sta bulkerbjudanden f\u00f6r \u00e5terf\u00f6rs\u00e4ljare\" width=\"1024\" height=\"576\" srcset=\"https:\/\/vapestornado.com\/wp-content\/uploads\/2024\/12\/Wholesale-Vapme-Spacex-22000-Puffs-Best-Bulk-Deals-for-Retailers-1024x576.jpg 1024w, https:\/\/vapestornado.com\/wp-content\/uploads\/2024\/12\/Wholesale-Vapme-Spacex-22000-Puffs-Best-Bulk-Deals-for-Retailers-300x169.jpg 300w, https:\/\/vapestornado.com\/wp-content\/uploads\/2024\/12\/Wholesale-Vapme-Spacex-22000-Puffs-Best-Bulk-Deals-for-Retailers-768x432.jpg 768w, https:\/\/vapestornado.com\/wp-content\/uploads\/2024\/12\/Wholesale-Vapme-Spacex-22000-Puffs-Best-Bulk-Deals-for-Retailers-1536x864.jpg 1536w, https:\/\/vapestornado.com\/wp-content\/uploads\/2024\/12\/Wholesale-Vapme-Spacex-22000-Puffs-Best-Bulk-Deals-for-Retailers-2048x1152.jpg 2048w, https:\/\/vapestornado.com\/wp-content\/uploads\/2024\/12\/Wholesale-Vapme-Spacex-22000-Puffs-Best-Bulk-Deals-for-Retailers-600x338.jpg 600w\" sizes=\"(max-width: 1024px) 100vw, 1024px\" \/><\/p>\n<h3>Smaklista<\/h3>\n<ol>\n<li>Jordgubbe Mango<\/li>\n<li>Blandade B\u00e4r<\/li>\n<li>Vattenmelon Is<\/li>\n<li>Jordgubbsvattenmelon<\/li>\n<li>Jordgubb Red Bull<\/li>\n<li>Kiwi Passionsfrukt Guava<\/li>\n<li>Druv Is<\/li>\n<li>Dubbel \u00c4pple Is<\/li>\n<li>Bl\u00e5b\u00e4r Hallon<\/li>\n<li>Vattenmelon Mango Is<\/li>\n<li>Bl\u00e5b\u00e4rs is<\/li>\n<li>Persika b\u00e4r<\/li>\n<li>Jordgubbskiwi<\/li>\n<li>K\u00f6rsb\u00e4rsis<\/li>\n<li>Jordgubbe Superburst K\u00f6rsb\u00e4r<\/li>\n<li>Vattenmelon Tuggummi<\/li>\n<\/ol>\n<h3>Vapme Spacex 22000 Puffs Topp 10 Smaker<\/h3>\n<ol>\n<li style=\"list-style-type: none;\">\n<ol>\n<li><strong>Jordgubbe Mango<\/strong>: En tropisk blandning av mogen mango och f\u00e4rska jordgubbar.<\/li>\n<li><strong>Blandade B\u00e4r<\/strong>: En saftig blandning av bl\u00e5b\u00e4r, bj\u00f6rnb\u00e4r och hallon.<\/li>\n<li><strong>Vattenmelon Is<\/strong>: S\u00f6t vattenmelon med en uppfriskande iskall kick.<\/li>\n<li><strong>Jordgubbsvattenmelon<\/strong>: En fusion av ljuvliga jordgubbar och svalkande vattenmelon.<\/li>\n<li><strong>Jordgubb Red Bull<\/strong>: Dj\u00e4rv jordgubbssmak med en energidryckstwist.<\/li>\n<li><strong>Kiwi Passionsfrukt Guava<\/strong>: Exotisk kiwi, passionsfrukt och guava f\u00f6r en tropisk flykt.<\/li>\n<li><strong>Druv Is<\/strong>: Krispig och saftig druva med en sval mentolavslutning.<\/li>\n<li><strong>Dubbel \u00c4pple Is<\/strong>: S\u00f6ta r\u00f6da och gr\u00f6na \u00e4pplen tillsammans med en frostig k\u00e4nsla.<\/li>\n<li><strong>Bl\u00e5b\u00e4r Hallon<\/strong>: Syrliga hallon och s\u00f6ta bl\u00e5b\u00e4r perfekt kombinerade.<\/li>\n<li><strong>Vattenmelon Mango Is<\/strong>: L\u00e4cker mango och vattenmelon med en frostig touch.<\/li>\n<\/ol>\n<\/li>\n<\/ol>\n<h3><strong>Varf\u00f6r v\u00e4lja Vapme Spacex 22000 Puffs?<\/strong><\/h3>\n<p>Vapme Spacex 22000 Puffs eng\u00e5ngsvape utm\u00e4rker sig f\u00f6r sin bekv\u00e4mlighet, p\u00e5litlighet och exceptionella smakupplevelse. Dess massiva kapacitet p\u00e5 22 000 puffar s\u00e4kerst\u00e4ller l\u00e5ngvarig anv\u00e4ndning, vilket sparar dig pengar p\u00e5 frekventa byten. Dual Mesh Coil-teknologin f\u00f6rb\u00e4ttrar b\u00e5de \u00e5ngproduktion och smak, vilket g\u00f6r varje puff tillfredsst\u00e4llande. Med det justerbara luftfl\u00f6dessystemet kan du anpassa din vejpningsupplevelse efter dina preferenser. Enheten \u00e4r uppladdningsbar via en Type-C-port, vilket s\u00e4kerst\u00e4ller snabba och effektiva laddningar, medan LED-displayen h\u00e5ller dig informerad om batteristatus och puffantal. Det breda utbudet av smaker tillgodoser olika smaker, vilket g\u00f6r det till ett m\u00e5ngsidigt alternativ f\u00f6r alla vejpare.<\/p>\n<h3><strong>Vanliga fr\u00e5gor<\/strong><\/h3>\n<ol>\n<li><strong>Hur l\u00e4nge r\u00e4cker Vapme Spacex 22000 Puffs?<\/strong><br \/>\nDen ger upp till 22 000 puffar, vilket g\u00f6r den idealisk f\u00f6r l\u00e5ngvarig anv\u00e4ndning.<\/li>\n<li><strong>\u00c4r Vapme Spacex uppladdningsbar?<\/strong><br \/>\nJa, den har ett uppladdningsbart 850mAh-batteri med Type-C-laddning.<\/li>\n<li><strong>Vilka nikotinstyrkor finns tillg\u00e4ngliga?<\/strong><br \/>\nV\u00e4lj mellan 2% eller 5% nikotin f\u00f6r att passa dina preferenser.<\/li>\n<li><strong>Har den justerbart luftfl\u00f6de?<\/strong><br \/>\nJa, det justerbara luftfl\u00f6dessystemet l\u00e5ter dig anpassa din inandningsupplevelse.<\/li>\n<li><strong>Hur vet jag batteristatusen?<\/strong><br \/>\nDen inbyggda LED-displayen visar batteritid och puffantal i realtid.<\/li>\n<\/ol>\n<h4>Vapme vape grossist Kontakta oss och f\u00e5 rabatt nu!<\/h4>\n<p><img loading=\"lazy\" decoding=\"async\" class=\"size-large wp-image-2921\" src=\"https:\/\/vapestornado.com\/wp-content\/uploads\/2024\/11\/20062b3a285f900e79520aad496b94d-887x1024.jpg\" alt=\"vapestornado Vicky\" width=\"887\" height=\"1024\" srcset=\"https:\/\/vapestornado.com\/wp-content\/uploads\/2024\/11\/20062b3a285f900e79520aad496b94d-887x1024.jpg 887w, https:\/\/vapestornado.com\/wp-content\/uploads\/2024\/11\/20062b3a285f900e79520aad496b94d-260x300.jpg 260w, https:\/\/vapestornado.com\/wp-content\/uploads\/2024\/11\/20062b3a285f900e79520aad496b94d-768x887.jpg 768w, https:\/\/vapestornado.com\/wp-content\/uploads\/2024\/11\/20062b3a285f900e79520aad496b94d-600x693.jpg 600w, https:\/\/vapestornado.com\/wp-content\/uploads\/2024\/11\/20062b3a285f900e79520aad496b94d.jpg 1080w\" sizes=\"(max-width: 887px) 100vw, 887px\" \/><\/p>","protected":false},"excerpt":{"rendered":"<p>Vapme Spacex 22000 Puffs Eng\u00e5ngsvape erbjuder o\u00f6vertr\u00e4ffad prestanda med 22 000 bloss, Dual Mesh Coil, justerbart luftfl\u00f6de och ett uppladdningsbart Type-C-batteri.<\/p>\n<p><strong><span style=\"color: #ff0000;\">(v\u00e5rt webbplatspris inkluderar inte fraktkostnad, v\u00e4nligen kontakta mig f\u00f6r att f\u00e5 hela priset och din rabatt!)<\/span><\/strong><\/p>\n<p><img loading=\"lazy\" decoding=\"async\" class=\"size-medium wp-image-2921\" src=\"https:\/\/vapestornado.com\/wp-content\/uploads\/2024\/11\/20062b3a285f900e79520aad496b94d-260x300.jpg\" alt=\"vapestornado Vicky\" width=\"260\" height=\"300\" srcset=\"https:\/\/vapestornado.com\/wp-content\/uploads\/2024\/11\/20062b3a285f900e79520aad496b94d-260x300.jpg 260w, https:\/\/vapestornado.com\/wp-content\/uploads\/2024\/11\/20062b3a285f900e79520aad496b94d-887x1024.jpg 887w, https:\/\/vapestornado.com\/wp-content\/uploads\/2024\/11\/20062b3a285f900e79520aad496b94d-768x887.jpg 768w, https:\/\/vapestornado.com\/wp-content\/uploads\/2024\/11\/20062b3a285f900e79520aad496b94d-600x693.jpg 600w, https:\/\/vapestornado.com\/wp-content\/uploads\/2024\/11\/20062b3a285f900e79520aad496b94d.jpg 1080w\" sizes=\"(max-width: 260px) 100vw, 260px\" \/><\/p>","protected":false},"featured_media":3534,"comment_status":"open","ping_status":"closed","template":"","meta":{"_acf_changed":false,"_uag_custom_page_level_css":"","_lmt_disableupdate":"no","_lmt_disable":"","_monsterinsights_skip_tracking":false,"_monsterinsights_sitenote_active":false,"_monsterinsights_sitenote_note":"","_monsterinsights_sitenote_category":0,"site-sidebar-layout":"default","site-content-layout":"","ast-site-content-layout":"default","site-content-style":"default","site-sidebar-style":"default","ast-global-header-display":"","ast-banner-title-visibility":"","ast-main-header-display":"","ast-hfb-above-header-display":"","ast-hfb-below-header-display":"","ast-hfb-mobile-header-display":"","site-post-title":"","ast-breadcrumbs-content":"","ast-featured-img":"","footer-sml-layout":"","ast-disable-related-posts":"","theme-transparent-header-meta":"default","adv-header-id-meta":"","stick-header-meta":"","header-above-stick-meta":"","header-main-stick-meta":"","header-below-stick-meta":"","astra-migrate-meta-layouts":"set","ast-page-background-enabled":"default","ast-page-background-meta":{"desktop":{"background-color":"","background-image":"","background-repeat":"repeat","background-position":"center center","background-size":"auto","background-attachment":"scroll","background-type":"","background-media":"","overlay-type":"","overlay-color":"","overlay-opacity":"","overlay-gradient":""},"tablet":{"background-color":"","background-image":"","background-repeat":"repeat","background-position":"center center","background-size":"auto","background-attachment":"scroll","background-type":"","background-media":"","overlay-type":"","overlay-color":"","overlay-opacity":"","overlay-gradient":""},"mobile":{"background-color":"","background-image":"","background-repeat":"repeat","background-position":"center center","background-size":"auto","background-attachment":"scroll","background-type":"","background-media":"","overlay-type":"","overlay-color":"","overlay-opacity":"","overlay-gradient":""}},"ast-content-background-meta":{"desktop":{"background-color":"var(--ast-global-color-5)","background-image":"","background-repeat":"repeat","background-position":"center center","background-size":"auto","background-attachment":"scroll","background-type":"","background-media":"","overlay-type":"","overlay-color":"","overlay-opacity":"","overlay-gradient":""},"tablet":{"background-color":"var(--ast-global-color-5)","background-image":"","background-repeat":"repeat","background-position":"center center","background-size":"auto","background-attachment":"scroll","background-type":"","background-media":"","overlay-type":"","overlay-color":"","overlay-opacity":"","overlay-gradient":""},"mobile":{"background-color":"var(--ast-global-color-5)","background-image":"","background-repeat":"repeat","background-position":"center center","background-size":"auto","background-attachment":"scroll","background-type":"","background-media":"","overlay-type":"","overlay-color":"","overlay-opacity":"","overlay-gradient":""}},"_joinchat":{"telephone":"+8618077105750"}},"product_brand":[],"product_cat":[149,152,153,157,142,146],"product_tag":[],"class_list":{"0":"post-3533","1":"product","2":"type-product","3":"status-publish","4":"has-post-thumbnail","6":"product_cat-buy-disposable-vapes-in-austria","7":"product_cat-buy-disposable-vapes-in-cermany","8":"product_cat-buy-disposable-vapes-in-italy","9":"product_cat-buy-disposable-vapes-in-portugal","10":"product_cat-digital-box-disposable-vapes","11":"product_cat-rechargeable-disposable-vapes","12":"desktop-align-left","13":"tablet-align-left","14":"mobile-align-left","16":"first","17":"instock","18":"sale","19":"shipping-taxable","20":"purchasable","21":"product-type-simple"},"acf":[],"uagb_featured_image_src":{"full":["https:\/\/vapestornado.com\/wp-content\/uploads\/2024\/12\/Affordable-VAPME-Disposable-Vape-SPACEX-22k.jpg",900,1125,false],"thumbnail":["https:\/\/vapestornado.com\/wp-content\/uploads\/2024\/12\/Affordable-VAPME-Disposable-Vape-SPACEX-22k-150x150.jpg",150,150,true],"medium":["https:\/\/vapestornado.com\/wp-content\/uploads\/2024\/12\/Affordable-VAPME-Disposable-Vape-SPACEX-22k-240x300.jpg",240,300,true],"medium_large":["https:\/\/vapestornado.com\/wp-content\/uploads\/2024\/12\/Affordable-VAPME-Disposable-Vape-SPACEX-22k-768x960.jpg",768,960,true],"large":["https:\/\/vapestornado.com\/wp-content\/uploads\/2024\/12\/Affordable-VAPME-Disposable-Vape-SPACEX-22k-819x1024.jpg",819,1024,true],"1536x1536":["https:\/\/vapestornado.com\/wp-content\/uploads\/2024\/12\/Affordable-VAPME-Disposable-Vape-SPACEX-22k.jpg",900,1125,false],"2048x2048":["https:\/\/vapestornado.com\/wp-content\/uploads\/2024\/12\/Affordable-VAPME-Disposable-Vape-SPACEX-22k.jpg",900,1125,false],"trp-custom-language-flag":["https:\/\/vapestornado.com\/wp-content\/uploads\/2024\/12\/Affordable-VAPME-Disposable-Vape-SPACEX-22k.jpg",10,12,false],"woocommerce_thumbnail":["https:\/\/vapestornado.com\/wp-content\/uploads\/2024\/12\/Affordable-VAPME-Disposable-Vape-SPACEX-22k-300x300.jpg",300,300,true],"woocommerce_single":["https:\/\/vapestornado.com\/wp-content\/uploads\/2024\/12\/Affordable-VAPME-Disposable-Vape-SPACEX-22k-600x750.jpg",600,750,true],"woocommerce_gallery_thumbnail":["https:\/\/vapestornado.com\/wp-content\/uploads\/2024\/12\/Affordable-VAPME-Disposable-Vape-SPACEX-22k-100x100.jpg",100,100,true]},"uagb_author_info":{"display_name":"ESvicky","author_link":"https:\/\/vapestornado.com\/sv\/author\/"},"uagb_comment_info":0,"uagb_excerpt":"Vapme Spacex 22000 Puffs Disposable Vape offers unmatched performance with 22,000 puffs, Dual Mesh Coil, adjustable airflow, and rechargeable Type-C battery. (our website price not include shipping cost, please contact me to get whole price and your disccount!)","_links":{"self":[{"href":"https:\/\/vapestornado.com\/sv\/wp-json\/wp\/v2\/product\/3533","targetHints":{"allow":["GET"]}}],"collection":[{"href":"https:\/\/vapestornado.com\/sv\/wp-json\/wp\/v2\/product"}],"about":[{"href":"https:\/\/vapestornado.com\/sv\/wp-json\/wp\/v2\/types\/product"}],"replies":[{"embeddable":true,"href":"https:\/\/vapestornado.com\/sv\/wp-json\/wp\/v2\/comments?post=3533"}],"wp:featuredmedia":[{"embeddable":true,"href":"https:\/\/vapestornado.com\/sv\/wp-json\/wp\/v2\/media\/3534"}],"wp:attachment":[{"href":"https:\/\/vapestornado.com\/sv\/wp-json\/wp\/v2\/media?parent=3533"}],"wp:term":[{"taxonomy":"product_brand","embeddable":true,"href":"https:\/\/vapestornado.com\/sv\/wp-json\/wp\/v2\/product_brand?post=3533"},{"taxonomy":"product_cat","embeddable":true,"href":"https:\/\/vapestornado.com\/sv\/wp-json\/wp\/v2\/product_cat?post=3533"},{"taxonomy":"product_tag","embeddable":true,"href":"https:\/\/vapestornado.com\/sv\/wp-json\/wp\/v2\/product_tag?post=3533"}],"curies":[{"name":"wp","href":"https:\/\/api.w.org\/{rel}","templated":true}]}}