{"id":3515,"date":"2024-12-28T08:19:21","date_gmt":"2024-12-28T08:19:21","guid":{"rendered":"https:\/\/vapestornado.com\/?post_type=product&#038;p=3515"},"modified":"2025-08-23T12:19:13","modified_gmt":"2025-08-23T12:19:13","slug":"uwin-shisha-hookah-crystal-20000-puffs-new-vape-bulk-price","status":"publish","type":"product","link":"https:\/\/vapestornado.com\/sv\/product\/uwin-shisha-hookah-crystal-20000-puffs-new-vape-bulk-price\/","title":{"rendered":"Uwin SHISHA HOOKAH Crystal 20000 Puff Ny Vape Bulk Pris"},"content":{"rendered":"<h1>Uwin SHISHA HOOKAH Crystal 20000 Puff Ny Vape Bulk Pris<\/h1>\n<p>Den <strong data-start=\"291\" data-end=\"333\">Uwin Shisha Hookah Crystal 20000 Puffar<\/strong> \u00e4r en premium eng\u00e5ngsvape designad f\u00f6r \u00e5terf\u00f6rs\u00e4ljare och distribut\u00f6rer som s\u00f6ker <strong data-start=\"415\" data-end=\"438\">vape-l\u00f6sningar i bulk<\/strong> med stark efterfr\u00e5gan i hela Europa. Varje enhet levererar upp till <strong data-start=\"500\" data-end=\"523\">20 000 j\u00e4mna bloss<\/strong>, f\u00f6rfylld med <strong data-start=\"541\" data-end=\"561\">25 ml e-v\u00e4tska<\/strong> och drivs av en <strong data-start=\"580\" data-end=\"618\">850mAh uppladdningsbart koboltbatteri<\/strong> med snabb <strong data-start=\"629\" data-end=\"648\">Typ-C-laddning<\/strong>.<\/p>\n<p>Tillg\u00e4nglig i <strong data-start=\"672\" data-end=\"713\">0%, 2%, 3% och 5% nikotinstyrka<\/strong>, vilket ger flexibilitet f\u00f6r alla typer av kunder. Den <strong data-start=\"769\" data-end=\"793\">mesh coil-teknologi<\/strong> s\u00e4kerst\u00e4ller rik smak och t\u00e4ta moln, medan den <strong data-start=\"842\" data-end=\"867\">kristall shisha designen<\/strong> ger ett modernt och stilfullt utseende.<\/p>\n<p>Med <strong data-start=\"913\" data-end=\"940\">12 b\u00e4sts\u00e4ljande smaker<\/strong> och praktisk grossistf\u00f6rpackning (<strong data-start=\"976\" data-end=\"1019\">10 st\/l\u00e5da, 200 st\/kartong, 20,3 kg\/kartong<\/strong>) \u00e4r Uwin Crystal 20K byggd f\u00f6r b\u00e5de <strong data-start=\"1061\" data-end=\"1109\">butikshyllor och stora distributionsordrar<\/strong>. Kompakt men kraftfull, den kombinerar <strong data-start=\"1145\" data-end=\"1192\">p\u00e5litlighet, prestanda och prisv\u00e4rdhet<\/strong>, vilket g\u00f6r den till en av de mest konkurrenskraftiga vape-produkterna f\u00f6r grossister i 20k puff-kategorin.<img fetchpriority=\"high\" decoding=\"async\" class=\"wp-image-3531\" style=\"font-style: inherit; font-weight: 600;\" src=\"https:\/\/vapestornado.com\/wp-content\/uploads\/2024\/12\/UWIN-VAPES-HOOKAH-Crystal-20000-Puffs-Grape-ice.jpg\" alt=\"UWIN VAPES HOOKAH Crystal 20000 Puffar Grape ice\" width=\"473\" height=\"473\" srcset=\"https:\/\/vapestornado.com\/wp-content\/uploads\/2024\/12\/UWIN-VAPES-HOOKAH-Crystal-20000-Puffs-Grape-ice.jpg 800w, https:\/\/vapestornado.com\/wp-content\/uploads\/2024\/12\/UWIN-VAPES-HOOKAH-Crystal-20000-Puffs-Grape-ice-300x300.jpg 300w, https:\/\/vapestornado.com\/wp-content\/uploads\/2024\/12\/UWIN-VAPES-HOOKAH-Crystal-20000-Puffs-Grape-ice-150x150.jpg 150w, https:\/\/vapestornado.com\/wp-content\/uploads\/2024\/12\/UWIN-VAPES-HOOKAH-Crystal-20000-Puffs-Grape-ice-768x768.jpg 768w, https:\/\/vapestornado.com\/wp-content\/uploads\/2024\/12\/UWIN-VAPES-HOOKAH-Crystal-20000-Puffs-Grape-ice-600x600.jpg 600w, https:\/\/vapestornado.com\/wp-content\/uploads\/2024\/12\/UWIN-VAPES-HOOKAH-Crystal-20000-Puffs-Grape-ice-100x100.jpg 100w\" sizes=\"(max-width: 473px) 100vw, 473px\" \/><\/p>\n<div role=\"article\" data-tabster=\"{&quot;groupper&quot;:{&quot;tabbability&quot;:2},&quot;focusable&quot;:{}}\" data-content=\"ai-message\" aria-labelledby=\"64JRvXrTnY7mRmPkEQLLT-author 64JRvXrTnY7mRmPkEQLLT-content\">\n<div id=\"64JRvXrTnY7mRmPkEQLLT-content\">UWIN VAPES HOOKAH Crystal 20000 Puffar Grape ice<\/div>\n<\/div>\n<p><img decoding=\"async\" class=\"alignleft wp-image-2951 size-medium\" src=\"https:\/\/vapestornado.com\/wp-content\/uploads\/2024\/12\/Wholesale-Disposable-Vape-265x300.jpg\" alt=\"Grossist Eng\u00e5ngs Vape\" width=\"265\" height=\"300\" srcset=\"https:\/\/vapestornado.com\/wp-content\/uploads\/2024\/12\/Wholesale-Disposable-Vape-265x300.jpg 265w, https:\/\/vapestornado.com\/wp-content\/uploads\/2024\/12\/Wholesale-Disposable-Vape-768x871.jpg 768w, https:\/\/vapestornado.com\/wp-content\/uploads\/2024\/12\/Wholesale-Disposable-Vape-600x680.jpg 600w, https:\/\/vapestornado.com\/wp-content\/uploads\/2024\/12\/Wholesale-Disposable-Vape.jpg 823w\" sizes=\"(max-width: 265px) 100vw, 265px\" \/><\/p>\n<h6>V\u00e4nligen kontakta Mandys WhatsApp f\u00f6r rabatterat pris<a href=\"https:\/\/wa.me\/8618077105796\" target=\"_blank\" rel=\"noopener\">+8618077105796<\/a><\/h6>\n<div class=\"flex max-w-full flex-col flex-grow\">\n<div class=\"min-h-8 text-message flex w-full flex-col items-end gap-2 whitespace-normal break-words text-start [.text-message+&amp;]:mt-5\" dir=\"auto\" data-message-author-role=\"assistant\" data-message-id=\"cdb991c0-f594-4bff-b2d5-fbbdd7ce9e54\" data-message-model-slug=\"gpt-4o-mini\">\n<div class=\"flex w-full flex-col gap-1 empty:hidden first:pt-[3px]\">\n<div class=\"markdown prose w-full break-words dark:prose-invert light\"><\/div>\n<\/div>\n<\/div>\n<\/div>\n<div class=\"mb-2 flex gap-3 empty:hidden -ml-2\">\n<h2><strong>Uwin SHISHA VAPE Crystal 20000 Puffar <\/strong>Enast\u00e5ende funktioner:<\/h2>\n<ul>\n<li><strong>Nikotinniv\u00e5er<\/strong>: 0%, 2%, 3%, 5%<\/li>\n<li><strong>Puffar<\/strong>: Upp till 20 000<\/li>\n<li><strong>E-v\u00e4tska<\/strong>: 25 ml kapacitet<\/li>\n<li><strong>Batteri<\/strong>: 850mAh uppladdningsbart, Type-C-port<\/li>\n<li><strong>Spole<\/strong>: Mesh coil f\u00f6r rik smak<\/li>\n<li><strong>Smaker<\/strong>: 12 alternativ<\/li>\n<li><strong>F\u00f6rpackning<\/strong>: 10 st\/l\u00e5da, 200 st\/kartong<\/li>\n<li><strong>Kartongspecifikationer<\/strong>: 20,3 kg, 39,5 \u00d7 39 \u00d7 30,5 cm<\/li>\n<li><strong>Vapingstil<\/strong>: Direkt till lunga (DTL)<\/li>\n<\/ul>\n<\/div>\n<h2><strong>Uwin SHISHA HOOKAH Crystal VAPES 20k Puffar<\/strong> Smaklista:<\/h2>\n<p>1.Bl\u00e5b\u00e4r p\u00e5 is<br \/>\n2.Kiwi passionsfrukt guava<br \/>\n3.Jordgubbskiwi<br \/>\n4.Blandade b\u00e4r<br \/>\n5.Jordgubbsvattenmelon<br \/>\n6.Druvis<br \/>\n7.Vattenmelonis<br \/>\n8.K\u00f6rsb\u00e4rsis<br \/>\n9.Jordgubbsis<br \/>\n10. Persika Is<br \/>\n11. Bl\u00e5b\u00e4r Hallon<br \/>\n12. K\u00e4rlek 66<\/p>\n<div role=\"article\" data-tabster=\"{&quot;groupper&quot;:{&quot;tabbability&quot;:2},&quot;focusable&quot;:{}}\" data-content=\"ai-message\" aria-labelledby=\"dARUyEWDoEYhnSPXFwx5A-author dARUyEWDoEYhnSPXFwx5A-content\">\n<div id=\"dARUyEWDoEYhnSPXFwx5A-content\">\n<h2>Varf\u00f6r V\u00e4lja <strong>Uwin SHISHA HOOKAH Crystal 20000 Puffar <\/strong>at <a href=\"https:\/\/vapestornado.com\/sv\/product\/bang-box-35k-puffs-high-capacity-long-lasting-disposable-vape\/\">vapestornado.com?<\/a><\/h2>\n<p>Om du letar efter premium eng\u00e5ngsvapes till konkurrenskraftiga priser \u00e4r vapestornado.com din p\u00e5litliga k\u00e4lla f\u00f6r <strong>Uwin Shisha Crystal 20000 Puff<\/strong>. H\u00e4r \u00e4r varf\u00f6r denna produkt och plattform sticker ut:<\/p>\n<ul>\n<li><strong>Exceptionell Livsl\u00e4ngd<\/strong><br \/>\nUwin Shisha Hookah Crystal levererar upp till <strong>20 000 puffar<\/strong>, vilket g\u00f6r den till en av de mest l\u00e5ngvariga eng\u00e5ngsvapes p\u00e5 marknaden. Perfekt f\u00f6r ivriga vejpare och de som s\u00f6ker f\u00f6rl\u00e4ngd anv\u00e4ndning.<\/li>\n<li><strong>Olika Nikotinalternativ<\/strong><br \/>\nDenna vape tillgodoser alla preferenser och finns i <strong>0%, 2%, 3% och 5% nikotinstyrka<\/strong>, vilket g\u00f6r den idealisk f\u00f6r b\u00e5de tillf\u00e4lliga och regelbundna anv\u00e4ndare.<\/li>\n<li><strong>Smakvariation<\/strong><br \/>\nV\u00e4lj fr\u00e5n <strong>12 premiumsmaker<\/strong>, noggrant utformade f\u00f6r att tillfredsst\u00e4lla en rad smaker, fr\u00e5n fruktiga favoriter till svala mentolblandningar.<\/li>\n<li><strong>Avancerad Teknik<\/strong><br \/>\nUtrustad med en <strong>mesh-coil<\/strong> och <strong>850mAh uppladdningsbart koboltbatteri<\/strong>, enheten erbjuder mjuk \u00e5nga, rik smak och snabb, bekv\u00e4m laddning via en <strong>Type-C-port<\/strong>.<\/li>\n<li><strong>Bekv\u00e4mlighet vid grossistf\u00f6rs\u00e4ljning<\/strong><br \/>\nP\u00e5 vapestornado.com kan du njuta av bulkf\u00f6rpackningsalternativ med <strong>10 stycken per l\u00e5da<\/strong> och <strong>200 stycken per kartong<\/strong>, perfekt f\u00f6r \u00e5terf\u00f6rs\u00e4ljare och distribut\u00f6rer.<\/li>\n<li><strong>Betrodd Leverant\u00f6r<\/strong><br \/>\nvapestornado.com \u00e4r k\u00e4nt f\u00f6r sin p\u00e5litliga service, \u00e4kta produkter och konkurrenskraftiga priser, vilket g\u00f6r det till den b\u00e4sta plattformen f\u00f6r h\u00f6gkvalitativa vapes.<\/li>\n<\/ul>\n<\/div>\n<\/div>\n<h2>Vanliga fr\u00e5gor om <strong>Uwin SHISHA HOOKAH Crystal 20000 Puffar <\/strong>Vape Poddar<\/h2>\n<p>&nbsp;<\/p>\n<p><strong>1. Hur m\u00e5nga bloss kan jag f\u00e5 fr\u00e5n Uwin Shisha Hookah Vapes 20k bloss?<\/strong><br \/>\nVarje pod erbjuder upp till <strong>20 000 puffar<\/strong>, vilket g\u00f6r det till ett l\u00e5ngvarigt alternativ f\u00f6r regelbunden vaping.<\/p>\n<p><strong>2. Vilka nikotinstyrkor finns tillg\u00e4ngliga f\u00f6r Uwin Crystal 20000 Puffar?<\/strong><br \/>\nUwin Shisha Hookah Crystal finns i <strong>0%, 2%, 3% och 5% nikotin<\/strong> alternativ f\u00f6r att passa olika preferenser.<\/p>\n<p><strong>3. Hur mycket e-v\u00e4tska inneh\u00e5ller Uwin Crystal Vapes 20k Puffar?<\/strong><br \/>\nVarje pod \u00e4r f\u00f6rfylld med <strong>25 ml premium e-v\u00e4tska<\/strong> f\u00f6r ut\u00f6kad anv\u00e4ndning.<\/p>\n<p><strong>4. Hur l\u00e5ng tid tar det att leverera Uwin Shisha Hookah Crystal 20000 Puffar Vape Poddar till mitt land?<\/strong><br \/>\nLeveranstiderna varierar beroende p\u00e5 din plats och den valda fraktmetoden. F\u00f6r europeiska l\u00e4nder tar standardfrakt vanligtvis 10<strong>\u201315 arbetsdagar.<\/strong> Om det \u00e4r helgdagar kommer leveranstiden f\u00f6r paketet att f\u00f6rsenas.<\/p>\n<p><strong>5. Hur sp\u00e5rar jag min best\u00e4llning?<\/strong><br \/>\nN\u00e4r din best\u00e4llning har skickats f\u00e5r du ett sp\u00e5rningsnummer fr\u00e5n leverant\u00f6ren eller \u00e5terf\u00f6rs\u00e4ljaren. Anv\u00e4nd detta f\u00f6r att \u00f6vervaka dina leveransframsteg.<\/p>","protected":false},"excerpt":{"rendered":"<p>Uwin Shisha Hookah Crystal 20000 Puffar Vape, bulkpriser, premiumsmaker, uppladdningsbar, 2%5% nikotin, milj\u00f6v\u00e4nlig. Perfekt f\u00f6r grossistk\u00f6pare i Europa.<\/p>\n<figure id=\"attachment_2951\" aria-describedby=\"caption-attachment-2951\" style=\"width: 265px\" class=\"wp-caption alignnone\"><img decoding=\"async\" class=\"size-medium wp-image-2951\" src=\"https:\/\/vapestornado.com\/wp-content\/uploads\/2024\/12\/Wholesale-Disposable-Vape-265x300.jpg\" alt=\"Grossist Eng\u00e5ngs Vape\" width=\"265\" height=\"300\" srcset=\"https:\/\/vapestornado.com\/wp-content\/uploads\/2024\/12\/Wholesale-Disposable-Vape-265x300.jpg 265w, https:\/\/vapestornado.com\/wp-content\/uploads\/2024\/12\/Wholesale-Disposable-Vape-768x871.jpg 768w, https:\/\/vapestornado.com\/wp-content\/uploads\/2024\/12\/Wholesale-Disposable-Vape-600x680.jpg 600w, https:\/\/vapestornado.com\/wp-content\/uploads\/2024\/12\/Wholesale-Disposable-Vape.jpg 823w\" sizes=\"(max-width: 265px) 100vw, 265px\" \/><figcaption id=\"caption-attachment-2951\" class=\"wp-caption-text\">V\u00e4nligen kontakta Mandys WhatsApp f\u00f6r rabatterat pris\u00a0 <a href=\"https:\/\/wa.me\/8618077105796\">+8618077105796<\/a><\/figcaption><\/figure>\n<p>&nbsp;<\/p>","protected":false},"featured_media":3520,"comment_status":"open","ping_status":"closed","template":"","meta":{"_acf_changed":false,"_uag_custom_page_level_css":"","_lmt_disableupdate":"no","_lmt_disable":"","_monsterinsights_skip_tracking":false,"_monsterinsights_sitenote_active":false,"_monsterinsights_sitenote_note":"","_monsterinsights_sitenote_category":0,"site-sidebar-layout":"default","site-content-layout":"","ast-site-content-layout":"default","site-content-style":"default","site-sidebar-style":"default","ast-global-header-display":"","ast-banner-title-visibility":"","ast-main-header-display":"","ast-hfb-above-header-display":"","ast-hfb-below-header-display":"","ast-hfb-mobile-header-display":"","site-post-title":"","ast-breadcrumbs-content":"","ast-featured-img":"","footer-sml-layout":"","ast-disable-related-posts":"","theme-transparent-header-meta":"default","adv-header-id-meta":"","stick-header-meta":"","header-above-stick-meta":"","header-main-stick-meta":"","header-below-stick-meta":"","astra-migrate-meta-layouts":"set","ast-page-background-enabled":"default","ast-page-background-meta":{"desktop":{"background-color":"","background-image":"","background-repeat":"repeat","background-position":"center center","background-size":"auto","background-attachment":"scroll","background-type":"","background-media":"","overlay-type":"","overlay-color":"","overlay-opacity":"","overlay-gradient":""},"tablet":{"background-color":"","background-image":"","background-repeat":"repeat","background-position":"center center","background-size":"auto","background-attachment":"scroll","background-type":"","background-media":"","overlay-type":"","overlay-color":"","overlay-opacity":"","overlay-gradient":""},"mobile":{"background-color":"","background-image":"","background-repeat":"repeat","background-position":"center center","background-size":"auto","background-attachment":"scroll","background-type":"","background-media":"","overlay-type":"","overlay-color":"","overlay-opacity":"","overlay-gradient":""}},"ast-content-background-meta":{"desktop":{"background-color":"var(--ast-global-color-5)","background-image":"","background-repeat":"repeat","background-position":"center center","background-size":"auto","background-attachment":"scroll","background-type":"","background-media":"","overlay-type":"","overlay-color":"","overlay-opacity":"","overlay-gradient":""},"tablet":{"background-color":"var(--ast-global-color-5)","background-image":"","background-repeat":"repeat","background-position":"center center","background-size":"auto","background-attachment":"scroll","background-type":"","background-media":"","overlay-type":"","overlay-color":"","overlay-opacity":"","overlay-gradient":""},"mobile":{"background-color":"var(--ast-global-color-5)","background-image":"","background-repeat":"repeat","background-position":"center center","background-size":"auto","background-attachment":"scroll","background-type":"","background-media":"","overlay-type":"","overlay-color":"","overlay-opacity":"","overlay-gradient":""}},"_joinchat":{"telephone":"+8618077105796"}},"product_brand":[],"product_cat":[69,150,151,153,157,141],"product_tag":[97,217],"class_list":{"0":"post-3515","1":"product","2":"type-product","3":"status-publish","4":"has-post-thumbnail","6":"product_cat-20000-puff","7":"product_cat-buy-disposable-vapes-in-belgium","8":"product_cat-buy-disposable-vapes-in-france","9":"product_cat-buy-disposable-vapes-in-italy","10":"product_cat-buy-disposable-vapes-in-portugal","11":"product_cat-crystal-disposable-vapes","12":"product_tag-hot-sale-disposable-vape","13":"product_tag-uwin-shisha-hookah-crystal-20000-puffs","14":"desktop-align-left","15":"tablet-align-left","16":"mobile-align-left","18":"first","19":"instock","20":"sale","21":"shipping-taxable","22":"purchasable","23":"product-type-simple"},"acf":[],"uagb_featured_image_src":{"full":["https:\/\/vapestornado.com\/wp-content\/uploads\/2024\/12\/Good-Sale-UWIN-HOOKAH-Crystal-20000-Puffs-Watermelon-ice.jpg",800,800,false],"thumbnail":["https:\/\/vapestornado.com\/wp-content\/uploads\/2024\/12\/Good-Sale-UWIN-HOOKAH-Crystal-20000-Puffs-Watermelon-ice-150x150.jpg",150,150,true],"medium":["https:\/\/vapestornado.com\/wp-content\/uploads\/2024\/12\/Good-Sale-UWIN-HOOKAH-Crystal-20000-Puffs-Watermelon-ice-300x300.jpg",300,300,true],"medium_large":["https:\/\/vapestornado.com\/wp-content\/uploads\/2024\/12\/Good-Sale-UWIN-HOOKAH-Crystal-20000-Puffs-Watermelon-ice-768x768.jpg",768,768,true],"large":["https:\/\/vapestornado.com\/wp-content\/uploads\/2024\/12\/Good-Sale-UWIN-HOOKAH-Crystal-20000-Puffs-Watermelon-ice.jpg",800,800,false],"1536x1536":["https:\/\/vapestornado.com\/wp-content\/uploads\/2024\/12\/Good-Sale-UWIN-HOOKAH-Crystal-20000-Puffs-Watermelon-ice.jpg",800,800,false],"2048x2048":["https:\/\/vapestornado.com\/wp-content\/uploads\/2024\/12\/Good-Sale-UWIN-HOOKAH-Crystal-20000-Puffs-Watermelon-ice.jpg",800,800,false],"trp-custom-language-flag":["https:\/\/vapestornado.com\/wp-content\/uploads\/2024\/12\/Good-Sale-UWIN-HOOKAH-Crystal-20000-Puffs-Watermelon-ice.jpg",12,12,false],"woocommerce_thumbnail":["https:\/\/vapestornado.com\/wp-content\/uploads\/2024\/12\/Good-Sale-UWIN-HOOKAH-Crystal-20000-Puffs-Watermelon-ice-300x300.jpg",300,300,true],"woocommerce_single":["https:\/\/vapestornado.com\/wp-content\/uploads\/2024\/12\/Good-Sale-UWIN-HOOKAH-Crystal-20000-Puffs-Watermelon-ice-600x600.jpg",600,600,true],"woocommerce_gallery_thumbnail":["https:\/\/vapestornado.com\/wp-content\/uploads\/2024\/12\/Good-Sale-UWIN-HOOKAH-Crystal-20000-Puffs-Watermelon-ice-100x100.jpg",100,100,true]},"uagb_author_info":{"display_name":"ESMANDY","author_link":"https:\/\/vapestornado.com\/sv\/author\/"},"uagb_comment_info":0,"uagb_excerpt":"Uwin Shisha Hookah Crystal 20000 Puffs Vape, bulk prices, premium flavors, rechargeable, 2%5% nicotine, eco-friendly. Perfect for wholesale buyers in Europe. [caption id=\"attachment_2951\" align=\"alignnone\" width=\"265\"] Pls Contact Mandy's WhatsApp For Discount Price\u00a0 +8618077105796[\/caption] &nbsp;","_links":{"self":[{"href":"https:\/\/vapestornado.com\/sv\/wp-json\/wp\/v2\/product\/3515","targetHints":{"allow":["GET"]}}],"collection":[{"href":"https:\/\/vapestornado.com\/sv\/wp-json\/wp\/v2\/product"}],"about":[{"href":"https:\/\/vapestornado.com\/sv\/wp-json\/wp\/v2\/types\/product"}],"replies":[{"embeddable":true,"href":"https:\/\/vapestornado.com\/sv\/wp-json\/wp\/v2\/comments?post=3515"}],"wp:featuredmedia":[{"embeddable":true,"href":"https:\/\/vapestornado.com\/sv\/wp-json\/wp\/v2\/media\/3520"}],"wp:attachment":[{"href":"https:\/\/vapestornado.com\/sv\/wp-json\/wp\/v2\/media?parent=3515"}],"wp:term":[{"taxonomy":"product_brand","embeddable":true,"href":"https:\/\/vapestornado.com\/sv\/wp-json\/wp\/v2\/product_brand?post=3515"},{"taxonomy":"product_cat","embeddable":true,"href":"https:\/\/vapestornado.com\/sv\/wp-json\/wp\/v2\/product_cat?post=3515"},{"taxonomy":"product_tag","embeddable":true,"href":"https:\/\/vapestornado.com\/sv\/wp-json\/wp\/v2\/product_tag?post=3515"}],"curies":[{"name":"wp","href":"https:\/\/api.w.org\/{rel}","templated":true}]}}