{"id":3394,"date":"2024-12-26T07:40:36","date_gmt":"2024-12-26T07:40:36","guid":{"rendered":"https:\/\/vapestornado.com\/?post_type=product&#038;p=3394"},"modified":"2025-08-23T12:25:34","modified_gmt":"2025-08-23T12:25:34","slug":"vookbar-cyber-pro-30000-puffs-touch-screen-2-low-nicotine-rechargeable-disposable-vapes-pen-bulk-buy-wholesale","status":"publish","type":"product","link":"https:\/\/vapestornado.com\/sv\/product\/vookbar-cyber-pro-30000-puffs-touch-screen-2-low-nicotine-rechargeable-disposable-vapes-pen-bulk-buy-wholesale\/","title":{"rendered":"Vookbar Cyber Pro 30000 Puff Ber\u00f6ringssk\u00e4rm 2% \u00c5teruppladdningsbara Eng\u00e5ngs Vape Pennor med L\u00e5g Nikotinhalt i Bulk K\u00f6p Grossist"},"content":{"rendered":"<h1 class=\"product-title\">Vookbar Cyber Pro 30000 Puff Ber\u00f6ringssk\u00e4rm 2% \u00c5teruppladdningsbara Eng\u00e5ngs Vape Pennor med L\u00e5g Nikotinhalt i Bulk K\u00f6p Grossist<\/h1>\n<p>Den <strong>Vookbar Cyber Pro 30000 Puffar<\/strong> \u00e4r h\u00e4r f\u00f6r att omdefiniera eng\u00e5ngsvaping. Med sin slimmade design, avancerade teknologi och anv\u00e4ndarv\u00e4nliga funktioner \u00e4r denna vape perfekt f\u00f6r b\u00e5de tillf\u00e4lliga anv\u00e4ndare och erfarna vejpare som s\u00f6ker en premiumupplevelse.<\/p>\n<h4><strong>O\u00f6vertr\u00e4ffad Livsl\u00e4ngd<\/strong><\/h4>\n<p>Utrustad med en otrolig <strong>30 000 puff<\/strong> kapacitet, eliminerar Vookbar Cyber Pro behovet av t\u00e4ta byten, vilket garanterar l\u00e5ngvarig tillfredsst\u00e4llelse. Den <strong>22 ml e-v\u00e4tskebeh\u00e5llaren<\/strong> l\u00e5ter dig njuta av oavbruten vaping med dina favorit smaker.<\/p>\n<h4><strong>Kraftfull och uppladdningsbar<\/strong><\/h4>\n<p>Drivs av ett <strong>650mAh uppladdningsbart batteri<\/strong>, Vookbar Cyber Pro h\u00e5ller dig ig\u00e5ng hela dagen. Den <strong>Type-C snabbladdningsporten<\/strong> s\u00e4kerst\u00e4ller att du snabbt kan ladda och komma tillbaka till vapingen utan dr\u00f6jsm\u00e5l.<\/p>\n<h4><strong>F\u00f6rb\u00e4ttrad smak och \u00e5nga<\/strong><\/h4>\n<p>Med en <strong>dubbla mesh coil-systemet<\/strong>, denna enhet ger rika, konsekventa smaker och imponerande \u00e5ngproduktion. Den justerbara luftfl\u00f6desdesignen ger dig kontroll \u00f6ver intensiteten, vilket passar b\u00e5de f\u00f6r mjuka och dj\u00e4rva vaping preferenser.<\/p>\n<h4><strong>Smart touchsk\u00e4rmsteknologi<\/strong><\/h4>\n<p>Vookbar Cyber Pro utm\u00e4rker sig med sin <strong>2,1-tums touchsk\u00e4rm<\/strong>, som erbjuder s\u00f6ml\u00f6s navigering genom dess funktioner. Med Bluetooth-anslutning kan du para ihop den med Wearinos-appen f\u00f6r att anpassa din upplevelse\u2014justera inst\u00e4llningar, st\u00e4lla in anpassade bakgrundsbilder, och \u00e4ven f\u00e5 tillg\u00e5ng till unika alternativ som fj\u00e4rrkontroll f\u00f6r selfies och notifikationer.<\/p>\n<h4><strong>S\u00e4kerhet och bekv\u00e4mlighet<\/strong><\/h4>\n<p>Vookbar Cyber Pro inkluderar en <strong>barnl\u00e5sfunktion<\/strong>, vilket g\u00f6r den till ett s\u00e4krare alternativ f\u00f6r hush\u00e5ll. Den \u00e4r utformad f\u00f6r anv\u00e4ndare med l\u00e5g nikotinhalt, med styrkor av <strong>0%, 2%, 3%, och 5%<\/strong>, vilket tillgodoser en m\u00e4ngd olika preferenser.<\/p>\n<h4><strong>Bortom Vaping<\/strong><\/h4>\n<p>Ta din upplevelse till n\u00e4sta niv\u00e5 med ytterligare funktioner som minispel och aviseringar fr\u00e5n sociala medier, vilket s\u00f6ml\u00f6st integrerar vaping i din livsstil. Detta \u00e4r mer \u00e4n bara en vape - det \u00e4r en smart enhet f\u00f6r den moderna anv\u00e4ndaren.<\/p>\n<h3><strong>H\u00f6j din Vaping-upplevelse<\/strong><\/h3>\n<p>Oavsett om du k\u00f6per i bulk f\u00f6r grossisthandel eller letar efter en enast\u00e5ende eng\u00e5ngs vape-penna, erbjuder <strong>Vookbar Cyber Pro 30000 Puffar<\/strong> den perfekta kombinationen av innovation, prestanda och stil. Upplev framtiden f\u00f6r vaping idag!<\/p>\n<p><span style=\"color: #ff0000;\"><strong>L\u00e4gg till Amys Whatsapp f\u00f6r att f\u00e5 snabbt svar och vape-kupong!<\/strong><\/span><\/p>\n<p><img fetchpriority=\"high\" decoding=\"async\" class=\"size-full wp-image-2932\" src=\"https:\/\/vapestornado.com\/wp-content\/uploads\/2024\/12\/Vape-Wholesale.jpg\" alt=\"Vape Partihandel\" width=\"229\" height=\"300\" \/><\/p>\n<h3><a href=\"https:\/\/wa.me\/8617776015835\" target=\"_blank\" rel=\"noopener\"><span style=\"color: #ff0000;\"><strong>WhatsApp: +86 17776015835<\/strong><\/span><\/a><\/h3>\n<p>&nbsp;<\/p>\n<h2 class=\"product-title\">Vookbar Cyber Pro 30000 Eng\u00e5ngs Vape<strong> Produktfunktioner<\/strong><\/h2>\n<div role=\"article\" data-tabster=\"{&quot;groupper&quot;:{&quot;tabbability&quot;:2},&quot;focusable&quot;:{}}\" data-content=\"ai-message\" aria-labelledby=\"juhNTJ6o7Gk1cgwZMJgv2-author juhNTJ6o7Gk1cgwZMJgv2-content\">\n<div id=\"juhNTJ6o7Gk1cgwZMJgv2-content\">\n<div role=\"article\" data-tabster=\"{&quot;groupper&quot;:{&quot;tabbability&quot;:2},&quot;focusable&quot;:{}}\" data-content=\"ai-message\" aria-labelledby=\"x4EZuCZWrTbh3weWUt7CU-author x4EZuCZWrTbh3weWUt7CU-content\">\n<div id=\"x4EZuCZWrTbh3weWUt7CU-content\">\n<div class=\"flex max-w-full flex-col flex-grow\">\n<div class=\"min-h-8 text-message flex w-full flex-col items-end gap-2 whitespace-normal break-words text-start [.text-message+&amp;]:mt-5\" dir=\"auto\" data-message-author-role=\"assistant\" data-message-id=\"52c6e00a-252f-4104-805d-2f1a84739c71\" data-message-model-slug=\"gpt-4o\">\n<div class=\"flex w-full flex-col gap-1 empty:hidden first:pt-[3px]\">\n<div class=\"markdown prose w-full break-words dark:prose-invert light\">\n<div class=\"flex max-w-full flex-col flex-grow\">\n<div class=\"min-h-8 text-message flex w-full flex-col items-end gap-2 whitespace-normal break-words text-start [.text-message+&amp;]:mt-5\" dir=\"auto\" data-message-author-role=\"assistant\" data-message-id=\"d3382d71-de90-4719-8ad8-700b383ac952\" data-message-model-slug=\"gpt-4o\">\n<div class=\"flex w-full flex-col gap-1 empty:hidden first:pt-[3px]\">\n<div class=\"markdown prose w-full break-words dark:prose-invert light\">\n<h3><\/h3>\n<ol>\n<li><strong>H\u00f6g Puffkapacitet<\/strong>: 30 000 puffar f\u00f6r ut\u00f6kad anv\u00e4ndning utan byten.<\/li>\n<li><strong>Stor E-v\u00e4tskevolym<\/strong>: 22 ml kapacitet f\u00f6r l\u00e5ngvarig smakupplevelse.<\/li>\n<li><strong>Kraftfullt Batteri<\/strong>: 650 mAh uppladdningsbart batteri med Type-C snabbladdning.<\/li>\n<li><strong>Dubbel Mesh Coil<\/strong>: Levererar t\u00e4t \u00e5nga och j\u00e4mna, smakrika hits.<\/li>\n<li><strong>Smart Peksk\u00e4rmskontroll<\/strong>: 2,1-tums peksk\u00e4rm med Bluetooth-anslutning och anpassningsbara inst\u00e4llningar.<\/li>\n<li><strong>Multifunktionell Enhet<\/strong>: St\u00f6djer minispel, notiser fr\u00e5n sociala medier och mer.<\/li>\n<li><strong>Nikotinsorter<\/strong>: Finns i 0%, 2%, 3% och 5% nikotinstyrkor.<\/li>\n<li><strong>S\u00e4kerhetsfunktioner<\/strong>: Inbyggt barnl\u00e5s f\u00f6r p\u00e5litligt skydd.<\/li>\n<\/ol>\n<\/div>\n<\/div>\n<\/div>\n<\/div>\n<div class=\"mb-2 flex gap-3 empty:hidden -ml-2\">\n<div class=\"items-center justify-start rounded-xl p-1 flex\"><\/div>\n<\/div>\n<\/div>\n<\/div>\n<\/div>\n<\/div>\n<\/div>\n<\/div>\n<\/div>\n<\/div>\n<h2 class=\"product-title\"><strong>Popul\u00e4ra smaker f\u00f6r Vookbar Cyber Pro 30000 eng\u00e5ngsvape<\/strong><\/h2>\n<p>Kollektionen har ett brett utbud av smaker, som kombinerar klassiska frukter, tropiska l\u00e4ckerheter och iskalla inslag. Fr\u00e5n s\u00f6ta och syrliga kombinationer som <strong>Persika Mango<\/strong> och <strong>Jordgubbskiwi<\/strong> till uppfriskande mentolinslag som <strong>Vattenmelon Is<\/strong> och <strong>Bl\u00e5 Razz Is<\/strong>, finns det n\u00e5got f\u00f6r alla smaker.<\/p>\n<p>1.Bl\u00e5 hallon is <span style=\"color: #ff0000;\"><strong>&gt;&gt;&gt;&gt; Hett !<\/strong><\/span><br \/>\n2.Persika is<br \/>\n3.Druvis<br \/>\n4.Jordgubb vattenmelon <span style=\"color: #ff0000;\"><strong>&gt;&gt;&gt;&gt; Hett !<\/strong><\/span><br \/>\n5.Jordgubbs Banan<br \/>\n6.K\u00f6rsb\u00e4r vattenmelon<br \/>\n7.Vattenmelonis<br \/>\n8.Persika mango<br \/>\n9.Jordgubb kiwi<br \/>\n10.Vit jordgubbsis<br \/>\n11.Vit godis is<br \/>\n12.Fryst pinacolada<br \/>\n13.Fucking Fab<br \/>\n14.Mojito blandade b\u00e4r <span style=\"color: #ff0000;\"><strong>&gt;&gt;&gt;&gt; B\u00e4st!<\/strong><\/span><\/p>\n<figure id=\"attachment_3554\" aria-describedby=\"caption-attachment-3554\" style=\"width: 1000px\" class=\"wp-caption alignnone\"><img decoding=\"async\" class=\"wp-image-3554 size-full\" src=\"https:\/\/vapestornado.com\/wp-content\/uploads\/2024\/12\/Bluetooth-Vape-Vookbar-Cyber-\u200b\u200bPro-30000-Puffs-Disposable-Vape-Wholesale.webp\" alt=\"Bluetooth Vookbar Cyber Pro 30000 Puffs Eng\u00e5ngs Vape Grossist\" width=\"1000\" height=\"1000\" srcset=\"https:\/\/vapestornado.com\/wp-content\/uploads\/2024\/12\/Bluetooth-Vape-Vookbar-Cyber-\u200b\u200bPro-30000-Puffs-Disposable-Vape-Wholesale.webp 1000w, https:\/\/vapestornado.com\/wp-content\/uploads\/2024\/12\/Bluetooth-Vape-Vookbar-Cyber-\u200b\u200bPro-30000-Puffs-Disposable-Vape-Wholesale-300x300.webp 300w, https:\/\/vapestornado.com\/wp-content\/uploads\/2024\/12\/Bluetooth-Vape-Vookbar-Cyber-\u200b\u200bPro-30000-Puffs-Disposable-Vape-Wholesale-150x150.webp 150w, https:\/\/vapestornado.com\/wp-content\/uploads\/2024\/12\/Bluetooth-Vape-Vookbar-Cyber-\u200b\u200bPro-30000-Puffs-Disposable-Vape-Wholesale-768x768.webp 768w, https:\/\/vapestornado.com\/wp-content\/uploads\/2024\/12\/Bluetooth-Vape-Vookbar-Cyber-\u200b\u200bPro-30000-Puffs-Disposable-Vape-Wholesale-600x600.webp 600w, https:\/\/vapestornado.com\/wp-content\/uploads\/2024\/12\/Bluetooth-Vape-Vookbar-Cyber-\u200b\u200bPro-30000-Puffs-Disposable-Vape-Wholesale-100x100.webp 100w\" sizes=\"(max-width: 1000px) 100vw, 1000px\" \/><figcaption id=\"caption-attachment-3554\" class=\"wp-caption-text\">Bluetooth Vookbar Cyber Pro 30000 Puffs Eng\u00e5ngs Vape Grossist<\/figcaption><\/figure>\n<div class=\"flex-shrink-0 flex flex-col relative items-end\">\n<div class=\"pt-0\">\n<div class=\"gizmo-bot-avatar flex h-8 w-8 items-center justify-center overflow-hidden rounded-full\">\n<div class=\"relative p-1 rounded-sm flex items-center justify-center bg-token-main-surface-primary text-token-text-primary h-8 w-8\">\n<h3>FAQS f\u00f6r Vookbar Cyber Pro 30000 Eng\u00e5ngsvapes<\/h3>\n<div class=\"flex max-w-full flex-col flex-grow\">\n<div class=\"min-h-8 text-message flex w-full flex-col items-end gap-2 whitespace-normal break-words text-start [.text-message+&amp;]:mt-5\" dir=\"auto\" data-message-author-role=\"assistant\" data-message-id=\"4dc48248-df95-45bd-b800-6dedb43cf7f1\" data-message-model-slug=\"gpt-4o\">\n<div class=\"flex w-full flex-col gap-1 empty:hidden first:pt-[3px]\">\n<div class=\"markdown prose w-full break-words dark:prose-invert light\">\n<ol>\n<li><strong>Hur l\u00e4nge r\u00e4cker Vookbar Cyber Pro 30000 Puffs?<\/strong><br \/>\nEnheten erbjuder upp till 30,000 bloss, vilket ger en l\u00e4ngre anv\u00e4ndning utan frekventa byten.<\/li>\n<li><strong>Kan jag justera luftfl\u00f6det p\u00e5 Vookbar 30000 Eng\u00e5ngsvape?<\/strong><br \/>\nJa, den justerbara luftfl\u00f6desfunktionen l\u00e5ter dig anpassa din inandning f\u00f6r en personlig vapingupplevelse.<\/li>\n<li><strong>St\u00f6der Vookbar Cyber Pro 30k Touch Eng\u00e5ngsvape snabbladdning?<\/strong><br \/>\nAbsolut! Den har en Type-C-laddningsport f\u00f6r snabb och effektiv laddning.<\/li>\n<li><strong>Vilka nikotinstyrkor finns tillg\u00e4ngliga f\u00f6r Vookbar 30000 uppladdningsbar vape?<\/strong><br \/>\nEnheten finns i 0%, 2%, 3% och 5% nikotinkoncentrationer, som tillgodoser olika preferenser.<\/li>\n<li><strong>Vilka extra funktioner ger peksk\u00e4rmen?<\/strong><br \/>\nPeksk\u00e4rmen p\u00e5 2,1 tum l\u00e5ter dig \u00f6vervaka inst\u00e4llningar, ansluta via Bluetooth, anpassa bakgrundsbilder och till och med fj\u00e4rrstyra selfies.<\/li>\n<\/ol>\n<\/div>\n<\/div>\n<\/div>\n<\/div>\n<\/div>\n<\/div>\n<\/div>\n<\/div>\n<div class=\"flex-shrink-0 flex flex-col relative items-end\">\n<div class=\"pt-0\">\n<div class=\"gizmo-bot-avatar flex h-8 w-8 items-center justify-center overflow-hidden rounded-full\">\n<div class=\"relative p-1 rounded-sm flex items-center justify-center bg-token-main-surface-primary text-token-text-primary h-8 w-8\">\n<div class=\"mb-2 flex gap-3 empty:hidden -ml-2\">\n<div role=\"article\" data-tabster=\"{&quot;groupper&quot;:{&quot;tabbability&quot;:2},&quot;focusable&quot;:{}}\" data-content=\"ai-message\" aria-labelledby=\"Vdt5ez4X7Tg813x6rFVha-author Vdt5ez4X7Tg813x6rFVha-content\">\n<div id=\"Vdt5ez4X7Tg813x6rFVha-content\">\n<div role=\"article\" data-tabster=\"{&quot;groupper&quot;:{&quot;tabbability&quot;:2},&quot;focusable&quot;:{}}\" data-content=\"ai-message\" aria-labelledby=\"o968oC7CEo2fGHsGdsRYC-author o968oC7CEo2fGHsGdsRYC-content\">\n<div id=\"o968oC7CEo2fGHsGdsRYC-content\">\n<h3>Varf\u00f6r v\u00e4lja vapestornado f\u00f6r Vookbar 30000 Touch Eng\u00e5ngsvape Partihandel?<\/h3>\n<div class=\"flex-shrink-0 flex flex-col relative items-end\">\n<div class=\"pt-0\">\n<div class=\"gizmo-bot-avatar flex h-8 w-8 items-center justify-center overflow-hidden rounded-full\">\n<div class=\"relative p-1 rounded-sm flex items-center justify-center bg-token-main-surface-primary text-token-text-primary h-8 w-8\">\n<p>V\u00e4lkommen till vapestornado, din betrodda online vape-butik f\u00f6r premium eng\u00e5ngsvapes. Med mer \u00e4n 5 \u00e5rs expertis ger vi dig popul\u00e4ra eng\u00e5ngs vape-m\u00e4rken som Fumot RandM Vape, <a href=\"https:\/\/vapestornado.com\/sv\/product-category\/vapme-shisha\/\">Vapme<\/a>, Bang Vape, Waspe Vape och WGA Vape, etc.<\/p>\n<p>V\u00e5rt sortiment inkluderar heta f\u00f6rs\u00e4ljningsvapes som <a href=\"https:\/\/vapestornado.com\/sv\/product\/randm-12000-puffs-fumot-digital-disposable-vape-wholesale-price\/\">RandM Tornado 12000<\/a>, och smakrika val som <a href=\"https:\/\/vapestornado.com\/sv\/product\/wga-crystal-pro-max-extra-15000-puffs-rechargeable-disposable-vape-wholesale-bulk-buy\/\">\u00a0WGA Crystal 15k Puffar<\/a> . Varje produkt \u00e4r utvald med fokus p\u00e5 kvalitet, v\u00e4rde och variation, vilket s\u00e4kerst\u00e4ller att du hittar den perfekta matchningen f\u00f6r dina behov. Uppt\u00e4ck exceptionell service och ett brett utbud av toppprodukter till grossistpris hos vapestornado.<\/p>\n<\/div>\n<p>&nbsp;<\/p>\n<p><strong>Andra heta eng\u00e5ngsvapes<\/strong><\/p>\n<p><a href=\"https:\/\/vapestornado.com\/sv\/product\/bang-vape-35000-puffs-low-nicotine-bulk-buy-rechargeable-disposable-vapes-box-wholesale-price\/\">Bang Vape 35000 Puffar <span style=\"color: #ff0000;\"><strong>&gt;&gt;&gt;&gt; K\u00f6r!<\/strong><\/span><\/a><\/p>\n<p><a href=\"https:\/\/vapestornado.com\/sv\/product\/vopk-ultra-40000-puffs-2-in-1-digital-screen-rechargeable-disposable-vape\/\">VOPK 40000 Dubbel Smak<span style=\"color: #ff0000;\"><strong>&gt;&gt;&gt;&gt; K\u00f6r!<\/strong><\/span><\/a><\/p>\n<p><a href=\"https:\/\/vapestornado.com\/sv\/product\/bood-twins-46000-puff-double-flavour-low-nicotine-disposable-vape-wholesale-bulk-buy-price\/\">Bood Twins 46000<span style=\"color: #ff0000;\"><strong>&gt;&gt;&gt;&gt; K\u00f6r!<\/strong><\/span><\/a><\/p>\n<\/div>\n<\/div>\n<\/div>\n<p>&nbsp;<\/p>\n<\/div>\n<\/div>\n<\/div>\n<\/div>\n<\/div>\n<\/div>\n<\/div>\n<\/div>\n<\/div>","protected":false},"excerpt":{"rendered":"<p>Vookbar Cyber Pro 30000 Puffs 2% Eng\u00e5ngsvape med l\u00e5g nikotinhalt<br \/>\nVookbar Vape Cyber Pro 30000 Puffs Eng\u00e5ngsvape med digital display K\u00f6p i bulk<br \/>\nVookbar Cyber Pro 30k Uppladdningsbar Eng\u00e5ngsvape med touchsk\u00e4rm Partihandel<\/p>\n<p><strong>L\u00e4gg till Amys whatsapp f\u00f6r snabbt svar och vape-kupong!<\/strong><\/p>\n<p><img fetchpriority=\"high\" decoding=\"async\" class=\"size-full wp-image-2932\" src=\"https:\/\/vapestornado.com\/wp-content\/uploads\/2024\/12\/Vape-Wholesale.jpg\" alt=\"Vape Partihandel\" width=\"229\" height=\"300\" \/><\/p>\n<h3><a href=\"https:\/\/wa.me\/8617776015835\"><span style=\"color: #ff0000;\"><strong>WhatsApp: +86 17776015835<\/strong><\/span><\/a><\/h3>\n<p>&nbsp;<\/p>","protected":false},"featured_media":3388,"comment_status":"open","ping_status":"closed","template":"","meta":{"_acf_changed":false,"_uag_custom_page_level_css":"","_lmt_disableupdate":"no","_lmt_disable":"","_monsterinsights_skip_tracking":false,"_monsterinsights_sitenote_active":false,"_monsterinsights_sitenote_note":"","_monsterinsights_sitenote_category":0,"site-sidebar-layout":"default","site-content-layout":"","ast-site-content-layout":"default","site-content-style":"default","site-sidebar-style":"default","ast-global-header-display":"","ast-banner-title-visibility":"","ast-main-header-display":"","ast-hfb-above-header-display":"","ast-hfb-below-header-display":"","ast-hfb-mobile-header-display":"","site-post-title":"","ast-breadcrumbs-content":"","ast-featured-img":"","footer-sml-layout":"","ast-disable-related-posts":"","theme-transparent-header-meta":"default","adv-header-id-meta":"","stick-header-meta":"","header-above-stick-meta":"","header-main-stick-meta":"","header-below-stick-meta":"","astra-migrate-meta-layouts":"set","ast-page-background-enabled":"default","ast-page-background-meta":{"desktop":{"background-color":"","background-image":"","background-repeat":"repeat","background-position":"center center","background-size":"auto","background-attachment":"scroll","background-type":"","background-media":"","overlay-type":"","overlay-color":"","overlay-opacity":"","overlay-gradient":""},"tablet":{"background-color":"","background-image":"","background-repeat":"repeat","background-position":"center center","background-size":"auto","background-attachment":"scroll","background-type":"","background-media":"","overlay-type":"","overlay-color":"","overlay-opacity":"","overlay-gradient":""},"mobile":{"background-color":"","background-image":"","background-repeat":"repeat","background-position":"center center","background-size":"auto","background-attachment":"scroll","background-type":"","background-media":"","overlay-type":"","overlay-color":"","overlay-opacity":"","overlay-gradient":""}},"ast-content-background-meta":{"desktop":{"background-color":"var(--ast-global-color-5)","background-image":"","background-repeat":"repeat","background-position":"center center","background-size":"auto","background-attachment":"scroll","background-type":"","background-media":"","overlay-type":"","overlay-color":"","overlay-opacity":"","overlay-gradient":""},"tablet":{"background-color":"var(--ast-global-color-5)","background-image":"","background-repeat":"repeat","background-position":"center center","background-size":"auto","background-attachment":"scroll","background-type":"","background-media":"","overlay-type":"","overlay-color":"","overlay-opacity":"","overlay-gradient":""},"mobile":{"background-color":"var(--ast-global-color-5)","background-image":"","background-repeat":"repeat","background-position":"center center","background-size":"auto","background-attachment":"scroll","background-type":"","background-media":"","overlay-type":"","overlay-color":"","overlay-opacity":"","overlay-gradient":""}},"_joinchat":{"telephone":"+8617776015835"}},"product_brand":[],"product_cat":[140,67,150,154,160,142,146],"product_tag":[165,105,97,166,94,207,208],"class_list":{"0":"post-3394","1":"product","2":"type-product","3":"status-publish","4":"has-post-thumbnail","6":"product_cat-big-puffs-disposable-vapes","7":"product_cat-30000-puff","8":"product_cat-buy-disposable-vapes-in-belgium","9":"product_cat-buy-disposable-vapes-in-netherlands","10":"product_cat-buy-disposable-vapes-in-switzerland","11":"product_cat-digital-box-disposable-vapes","12":"product_cat-rechargeable-disposable-vapes","13":"product_tag-cheap-vapes","14":"product_tag-digital-disposable-vape","15":"product_tag-hot-sale-disposable-vape","16":"product_tag-low-nicotine-vape","17":"product_tag-rechargeable-disposable-vape","18":"product_tag-vookbar-cyber-pro-30000","19":"product_tag-vookbar-vape","20":"desktop-align-left","21":"tablet-align-left","22":"mobile-align-left","24":"first","25":"instock","26":"sale","27":"shipping-taxable","28":"purchasable","29":"product-type-simple"},"acf":[],"uagb_featured_image_src":{"full":["https:\/\/vapestornado.com\/wp-content\/uploads\/2024\/12\/Vookbar-Cyber-\u200b\u200bPro-30k-Vape-Wholesale.jpg",1000,1000,false],"thumbnail":["https:\/\/vapestornado.com\/wp-content\/uploads\/2024\/12\/Vookbar-Cyber-\u200b\u200bPro-30k-Vape-Wholesale-150x150.jpg",150,150,true],"medium":["https:\/\/vapestornado.com\/wp-content\/uploads\/2024\/12\/Vookbar-Cyber-\u200b\u200bPro-30k-Vape-Wholesale-300x300.jpg",300,300,true],"medium_large":["https:\/\/vapestornado.com\/wp-content\/uploads\/2024\/12\/Vookbar-Cyber-\u200b\u200bPro-30k-Vape-Wholesale-768x768.jpg",768,768,true],"large":["https:\/\/vapestornado.com\/wp-content\/uploads\/2024\/12\/Vookbar-Cyber-\u200b\u200bPro-30k-Vape-Wholesale.jpg",1000,1000,false],"1536x1536":["https:\/\/vapestornado.com\/wp-content\/uploads\/2024\/12\/Vookbar-Cyber-\u200b\u200bPro-30k-Vape-Wholesale.jpg",1000,1000,false],"2048x2048":["https:\/\/vapestornado.com\/wp-content\/uploads\/2024\/12\/Vookbar-Cyber-\u200b\u200bPro-30k-Vape-Wholesale.jpg",1000,1000,false],"trp-custom-language-flag":["https:\/\/vapestornado.com\/wp-content\/uploads\/2024\/12\/Vookbar-Cyber-\u200b\u200bPro-30k-Vape-Wholesale.jpg",12,12,false],"woocommerce_thumbnail":["https:\/\/vapestornado.com\/wp-content\/uploads\/2024\/12\/Vookbar-Cyber-\u200b\u200bPro-30k-Vape-Wholesale-300x300.jpg",300,300,true],"woocommerce_single":["https:\/\/vapestornado.com\/wp-content\/uploads\/2024\/12\/Vookbar-Cyber-\u200b\u200bPro-30k-Vape-Wholesale-600x600.jpg",600,600,true],"woocommerce_gallery_thumbnail":["https:\/\/vapestornado.com\/wp-content\/uploads\/2024\/12\/Vookbar-Cyber-\u200b\u200bPro-30k-Vape-Wholesale-100x100.jpg",100,100,true]},"uagb_author_info":{"display_name":"ESAMY","author_link":"https:\/\/vapestornado.com\/sv\/author\/"},"uagb_comment_info":0,"uagb_excerpt":"Hot Vookbar Cyber Pro 30000 Puffs 2% Low Nicotine Disposable Vape Vookbar Vape Cyber Pro 30000 Puffs Digital Display Disposable Vape Bulk Buy Vookbar Cyber Pro 30k Touch Rechargeable Disposable Vape Wholesale Add Amy's whatsapp get right reply and vape coupon! WhatsApp: +86 17776015835 &nbsp;","_links":{"self":[{"href":"https:\/\/vapestornado.com\/sv\/wp-json\/wp\/v2\/product\/3394","targetHints":{"allow":["GET"]}}],"collection":[{"href":"https:\/\/vapestornado.com\/sv\/wp-json\/wp\/v2\/product"}],"about":[{"href":"https:\/\/vapestornado.com\/sv\/wp-json\/wp\/v2\/types\/product"}],"replies":[{"embeddable":true,"href":"https:\/\/vapestornado.com\/sv\/wp-json\/wp\/v2\/comments?post=3394"}],"wp:featuredmedia":[{"embeddable":true,"href":"https:\/\/vapestornado.com\/sv\/wp-json\/wp\/v2\/media\/3388"}],"wp:attachment":[{"href":"https:\/\/vapestornado.com\/sv\/wp-json\/wp\/v2\/media?parent=3394"}],"wp:term":[{"taxonomy":"product_brand","embeddable":true,"href":"https:\/\/vapestornado.com\/sv\/wp-json\/wp\/v2\/product_brand?post=3394"},{"taxonomy":"product_cat","embeddable":true,"href":"https:\/\/vapestornado.com\/sv\/wp-json\/wp\/v2\/product_cat?post=3394"},{"taxonomy":"product_tag","embeddable":true,"href":"https:\/\/vapestornado.com\/sv\/wp-json\/wp\/v2\/product_tag?post=3394"}],"curies":[{"name":"wp","href":"https:\/\/api.w.org\/{rel}","templated":true}]}}