{"id":3386,"date":"2024-12-26T06:35:55","date_gmt":"2024-12-26T06:35:55","guid":{"rendered":"https:\/\/vapestornado.com\/?post_type=product&#038;p=3386"},"modified":"2025-08-23T08:57:06","modified_gmt":"2025-08-23T08:57:06","slug":"bood-30k-puffs-geek-bar-cheap-price-rechargeable-vape","status":"publish","type":"product","link":"https:\/\/vapestornado.com\/sv\/product\/bood-30k-puffs-geek-bar-cheap-price-rechargeable-vape\/","title":{"rendered":"BOOD 30k Puffs Geek Bar Billigt Pris Uppladdningsbar Vape"},"content":{"rendered":"<h1>BOOD INFINITY 30k Puffs Geek Bar Billigt Pris Uppladdningsbar Vape<\/h1>\n<p>&nbsp;<\/p>\n<div role=\"article\" data-tabster=\"{&quot;groupper&quot;:{&quot;tabbability&quot;:2},&quot;focusable&quot;:{}}\" data-content=\"ai-message\" aria-labelledby=\"64JRvXrTnY7mRmPkEQLLT-author 64JRvXrTnY7mRmPkEQLLT-content\">\n<div id=\"64JRvXrTnY7mRmPkEQLLT-content\">\n<p data-start=\"300\" data-end=\"543\">Den <strong data-start=\"304\" data-end=\"358\">BOOD INFINITY 30000 Puff Geek Bar Eng\u00e5ngs Vape<\/strong> kombinerar kapacitet, stil och prestanda i en kraftfull enhet. Med upp till <strong data-start=\"436\" data-end=\"452\">30 000 puff<\/strong> och en <strong data-start=\"459\" data-end=\"490\">650mAh uppladdningsbart batteri<\/strong>s\u00e4kerst\u00e4ller den l\u00e5ngvarig anv\u00e4ndning samtidigt som avfallet minskar.<\/p>\n<p data-start=\"545\" data-end=\"844\">Utrustad med en <strong data-start=\"562\" data-end=\"600\">E-v\u00e4tska<\/strong>kan anv\u00e4ndare kontrollera batteri- och e-v\u00e4tskeniv\u00e5er i realtid f\u00f6r en problemfri upplevelse. Den <strong data-start=\"693\" data-end=\"718\">dubbla mesh coil-systemet<\/strong> f\u00f6rb\u00e4ttrar \u00e5ngt\u00e4theten och smakkonsistensen, medan <strong data-start=\"776\" data-end=\"798\">justerbart luftfl\u00f6de<\/strong> l\u00e5ter varje anv\u00e4ndare anpassa sitt drag.<\/p>\n<p data-start=\"846\" data-end=\"1065\">Kompakt och h\u00e5llbar, <strong data-start=\"871\" data-end=\"908\">BOOD INFINITY 30K Eng\u00e5ngs Vape<\/strong> levererar mjuka moln och rik smak, vilket g\u00f6r den till ett praktiskt val f\u00f6r grossister, \u00e5terf\u00f6rs\u00e4ljare och enskilda anv\u00e4ndare som s\u00f6ker p\u00e5litliga vapes med h\u00f6g kapacitet.<\/p>\n<\/div>\n<\/div>\n<p><img fetchpriority=\"high\" decoding=\"async\" class=\"alignleft wp-image-2951 size-medium\" src=\"https:\/\/vapestornado.com\/wp-content\/uploads\/2024\/12\/Wholesale-Disposable-Vape-265x300.jpg\" alt=\"Grossist Eng\u00e5ngs Vape\" width=\"265\" height=\"300\" srcset=\"https:\/\/vapestornado.com\/wp-content\/uploads\/2024\/12\/Wholesale-Disposable-Vape-265x300.jpg 265w, https:\/\/vapestornado.com\/wp-content\/uploads\/2024\/12\/Wholesale-Disposable-Vape-768x871.jpg 768w, https:\/\/vapestornado.com\/wp-content\/uploads\/2024\/12\/Wholesale-Disposable-Vape-600x680.jpg 600w, https:\/\/vapestornado.com\/wp-content\/uploads\/2024\/12\/Wholesale-Disposable-Vape.jpg 823w\" sizes=\"(max-width: 265px) 100vw, 265px\" \/><\/p>\n<h6>V\u00e4nligen kontakta Mandys WhatsApp f\u00f6r rabatterat pris<a href=\"https:\/\/wa.me\/8618077105796\" target=\"_blank\" rel=\"noopener\">+8618077105796<\/a><\/h6>\n<div class=\"flex max-w-full flex-col flex-grow\">\n<div class=\"min-h-8 text-message flex w-full flex-col items-end gap-2 whitespace-normal break-words text-start [.text-message+&amp;]:mt-5\" dir=\"auto\" data-message-author-role=\"assistant\" data-message-id=\"cdb991c0-f594-4bff-b2d5-fbbdd7ce9e54\" data-message-model-slug=\"gpt-4o-mini\">\n<div class=\"flex w-full flex-col gap-1 empty:hidden first:pt-[3px]\">\n<div class=\"markdown prose w-full break-words dark:prose-invert light\"><\/div>\n<\/div>\n<\/div>\n<\/div>\n<div class=\"mb-2 flex gap-3 empty:hidden -ml-2\">\n<h2><strong>Heta BOOD INFINITY 30K PUFF Vapes Specifikationer<\/strong><\/h2>\n<ul>\n<li><strong>Massiv 30K Bloss Kapacitet<\/strong>: Designad f\u00f6r ut\u00f6kade vapingsessioner, erbjuder upp till 30 000 bloss f\u00f6r en verkligt l\u00e5ngvarig upplevelse.<\/li>\n<li><strong>E-v\u00e4tska<\/strong>: Har en integrerad display f\u00f6r att h\u00e5lla koll p\u00e5 e-v\u00e4tskeniv\u00e5er och batteritid, vilket s\u00e4kerst\u00e4ller s\u00f6ml\u00f6s anv\u00e4ndning utan avbrott.<\/li>\n<li><strong>Avancerad Dubbel Mesh Coil Teknologi<\/strong>: Levererar f\u00f6rb\u00e4ttrad smakintensitet, j\u00e4mn \u00e5ngproduktion och en tillfredsst\u00e4llande k\u00e4nsla i halsen vid varje bloss.<\/li>\n<li><strong>Uppladdningsbar Design med USB-kompatibilitet<\/strong>: Byggd med ett milj\u00f6v\u00e4nligt uppladdningsbart system, vilket eliminerar behovet av frekventa byten.<\/li>\n<li><strong>H\u00f6gkapacitets 650mAh Batteri<\/strong>: Erbjuder p\u00e5litlig och konsekvent kraft, parat med snabbladdning f\u00f6r maximal bekv\u00e4mlighet.<\/li>\n<\/ul>\n<\/div>\n<h2>K\u00f6p storpack vape bood 30k Puffs Smaklista:<\/h2>\n<p>1 JORDGUBBE VATTENMELON<br \/>\n2 PERSJIKA MANGO ANANAS<br \/>\n3 VATTENMELON<br \/>\n4 B\u00c4REXPLOSION<br \/>\n5 JORDGUBBE KIWI<br \/>\n6 HAWAII<br \/>\n7 BL\u00c5 HALLON IS<br \/>\n8 BL\u00c5B\u00c4R LEMONAD<br \/>\n9 SVART IS<br \/>\n10 TIFFANY<\/p>\n<div role=\"article\" data-tabster=\"{&quot;groupper&quot;:{&quot;tabbability&quot;:2},&quot;focusable&quot;:{}}\" data-content=\"ai-message\" aria-labelledby=\"dARUyEWDoEYhnSPXFwx5A-author dARUyEWDoEYhnSPXFwx5A-content\">\n<div id=\"dARUyEWDoEYhnSPXFwx5A-content\">\n<h3>Varf\u00f6r v\u00e4lja BOOD INFINITY 30K Puffs p\u00e5 vapestornado.com?<\/h3>\n<p>BOOD INFINITY 30K Puffs utm\u00e4rker sig som en spelv\u00e4xlare i vaping-v\u00e4rlden, och vapestornado.com \u00e4r din destination f\u00f6r att njuta av dess fulla potential. H\u00e4r \u00e4r varf\u00f6r:<\/p>\n<ol>\n<li><strong>Massiv Puffkapacitet:<\/strong> Med en otrolig <strong>livsl\u00e4ngd p\u00e5 30 000 bloss<\/strong>\u00e4r BOOD INFINITY utformad f\u00f6r l\u00e5ngvarig anv\u00e4ndning, vilket minskar behovet av frekventa byten och erbjuder exceptionellt v\u00e4rde.<\/li>\n<li><strong>Avancerad teknik:<\/strong> Med en <strong>dubbel mesh-spole<\/strong>s\u00e4kerst\u00e4ller denna enhet t\u00e4t \u00e5ngproduktion och rika, konsekventa smaker, vilket f\u00f6rb\u00e4ttrar varje bloss f\u00f6r en premium vaping-upplevelse.<\/li>\n<li><strong>Smart \u00f6vervakning:<\/strong> Den <strong>E-v\u00e4tska<\/strong> ger realtidsuppdateringar om e-v\u00e4tskeniv\u00e5er och batteristatus, vilket s\u00e4kerst\u00e4ller att du alltid har kontroll \u00f6ver din vape.<\/li>\n<li><strong>Anpassningsbar upplevelse:<\/strong> Med ett <strong>justerbart luftfl\u00f6dessystem<\/strong>kan du skr\u00e4ddarsy din vejpstil f\u00f6r att matcha dina preferenser, oavsett om du f\u00f6redrar ett t\u00e4tare drag eller ett mer \u00f6ppet luftfl\u00f6de.<\/li>\n<li><strong>Milj\u00f6v\u00e4nlig design:<\/strong> Utrustad med en <strong>uppladdningsbart 650mAh batteri<\/strong>st\u00f6der BOOD INFINITY h\u00e5llbara vejpmetoder genom att minimera avfall.<\/li>\n<li><strong>Konkurrenskraftigt pris:<\/strong> P\u00e5 vapestornado.com erbjuder vi denna h\u00f6gpresterande enhet till ett <strong>l\u00e5gt pris<\/strong>vilket s\u00e4kerst\u00e4ller att du f\u00e5r f\u00f6rstklassig kvalitet utan att anstr\u00e4nga din budget.<\/li>\n<li><strong>Snabb och p\u00e5litlig leverans:<\/strong> Alla best\u00e4llningar skickas snabbt och s\u00e4kert, med leveransalternativ f\u00f6r att m\u00f6ta dina behov.<\/li>\n<\/ol>\n<p>vapestornado.com har \u00e5tagit sig att tillhandah\u00e5lla f\u00f6rstklassiga vejpprodukter och exceptionell kundservice. Handla idag och uppt\u00e4ck varf\u00f6r BOOD INFINITY 30K Puffs \u00e4r det perfekta valet f\u00f6r en l\u00e5ngvarig, funktionssp\u00e4ckad och prisv\u00e4rd vejpupplevelse!<\/p>\n<\/div>\n<\/div>\n<h3>Vanliga fr\u00e5gor om BOOD INFINITY 30k Puffs<\/h3>\n<p><strong>1. Hur l\u00e4nge h\u00e5ller BOOD INFINITY 30k Puffs?<\/strong><br \/>\nBOOD INFINITY \u00e4r designad f\u00f6r att ge upp till 30 000 puffar, vilket g\u00f6r den till ett utm\u00e4rkt val f\u00f6r l\u00e5ngvarig anv\u00e4ndning utan frekventa byten. Den faktiska anv\u00e4ndningstiden kan variera beroende p\u00e5 individuella vapingvanor.<\/p>\n<p><strong>2. Kr\u00e4ver Bood vapes 30000 puffar laddning?<\/strong><br \/>\nJa, BOOD INFINITY har en uppladdningsbar <strong>650mAh batteri<\/strong> f\u00f6r att s\u00e4kerst\u00e4lla konsekvent prestanda. Anv\u00e4nd helt enkelt en kompatibel laddningskabel f\u00f6r att ladda enheten vid behov.<\/p>\n<p><strong>3. Vad g\u00f6r BOOD INFINITY 30k Puffs unik j\u00e4mf\u00f6rt med andra eng\u00e5ngsvapes?<\/strong><br \/>\nDenna vape utm\u00e4rker sig tack vare dess <strong>E-v\u00e4tska<\/strong>, som g\u00f6r att anv\u00e4ndare enkelt kan \u00f6vervaka b\u00e5de e-v\u00e4tskeniv\u00e5er och batteritid. Dessutom s\u00e4kerst\u00e4ller dess <strong>dubbel mesh-spoleteknologi<\/strong> j\u00e4mnare \u00e5nga och rika smaker med varje puff.<\/p>\n<p>4.<strong>Hur l\u00e5ng tid tar det att f\u00e5 min best\u00e4llning, och varifr\u00e5n skickas den?<\/strong><br \/>\nProduktionen av BOOD INFINITY kr\u00e4ver <strong>3-5 arbetsdagar<\/strong>, och efter frakt tar det <strong>10-15 arbetsdagar<\/strong> f\u00f6r paketet att anl\u00e4nda. Alla produkter skickas direkt fr\u00e5n <strong>Kina<\/strong>.<\/p>\n<p>andra vapes du kanske gillar:<a href=\"https:\/\/vapestornado.com\/sv\/product-category\/bood-disposable-vapes\/\">BOOD VAPE ENG\u00c5NGS<\/a>\u00a0 \u00a0<a href=\"https:\/\/vapestornado.com\/sv\/product-category\/30000-puff\/\">30000 Puff vape heta rea\u00a0<\/a><\/p>","protected":false},"excerpt":{"rendered":"<p>BOOD 30k Puffs Geek Bar Vape: Uppladdningsbar, prisv\u00e4rd vape med 30 000 bloss. Handla nu f\u00f6r premiumkvalitet till b\u00e4sta pris!<\/p>\n<figure id=\"attachment_2951\" aria-describedby=\"caption-attachment-2951\" style=\"width: 265px\" class=\"wp-caption alignnone\"><img decoding=\"async\" class=\"size-medium wp-image-2951\" src=\"https:\/\/vapestornado.com\/wp-content\/uploads\/2024\/12\/Wholesale-Disposable-Vape-265x300.jpg\" alt=\"Grossist Eng\u00e5ngs Vape\" width=\"265\" height=\"300\" srcset=\"https:\/\/vapestornado.com\/wp-content\/uploads\/2024\/12\/Wholesale-Disposable-Vape-265x300.jpg 265w, https:\/\/vapestornado.com\/wp-content\/uploads\/2024\/12\/Wholesale-Disposable-Vape-768x871.jpg 768w, https:\/\/vapestornado.com\/wp-content\/uploads\/2024\/12\/Wholesale-Disposable-Vape-600x680.jpg 600w, https:\/\/vapestornado.com\/wp-content\/uploads\/2024\/12\/Wholesale-Disposable-Vape.jpg 823w\" sizes=\"(max-width: 265px) 100vw, 265px\" \/><figcaption id=\"caption-attachment-2951\" class=\"wp-caption-text\">V\u00e4nligen kontakta Mandys WhatsApp f\u00f6r rabatterat pris\u00a0 <a href=\"https:\/\/wa.me\/8618077105796\">+8618077105796<\/a><\/figcaption><\/figure>\n<p>&nbsp;<\/p>","protected":false},"featured_media":3495,"comment_status":"open","ping_status":"closed","template":"","meta":{"_acf_changed":false,"_uag_custom_page_level_css":"","_lmt_disableupdate":"no","_lmt_disable":"","_monsterinsights_skip_tracking":false,"_monsterinsights_sitenote_active":false,"_monsterinsights_sitenote_note":"","_monsterinsights_sitenote_category":0,"site-sidebar-layout":"default","site-content-layout":"","ast-site-content-layout":"default","site-content-style":"default","site-sidebar-style":"default","ast-global-header-display":"","ast-banner-title-visibility":"","ast-main-header-display":"","ast-hfb-above-header-display":"","ast-hfb-below-header-display":"","ast-hfb-mobile-header-display":"","site-post-title":"","ast-breadcrumbs-content":"","ast-featured-img":"","footer-sml-layout":"","ast-disable-related-posts":"","theme-transparent-header-meta":"default","adv-header-id-meta":"","stick-header-meta":"","header-above-stick-meta":"","header-main-stick-meta":"","header-below-stick-meta":"","astra-migrate-meta-layouts":"set","ast-page-background-enabled":"default","ast-page-background-meta":{"desktop":{"background-color":"","background-image":"","background-repeat":"repeat","background-position":"center center","background-size":"auto","background-attachment":"scroll","background-type":"","background-media":"","overlay-type":"","overlay-color":"","overlay-opacity":"","overlay-gradient":""},"tablet":{"background-color":"","background-image":"","background-repeat":"repeat","background-position":"center center","background-size":"auto","background-attachment":"scroll","background-type":"","background-media":"","overlay-type":"","overlay-color":"","overlay-opacity":"","overlay-gradient":""},"mobile":{"background-color":"","background-image":"","background-repeat":"repeat","background-position":"center center","background-size":"auto","background-attachment":"scroll","background-type":"","background-media":"","overlay-type":"","overlay-color":"","overlay-opacity":"","overlay-gradient":""}},"ast-content-background-meta":{"desktop":{"background-color":"var(--ast-global-color-5)","background-image":"","background-repeat":"repeat","background-position":"center center","background-size":"auto","background-attachment":"scroll","background-type":"","background-media":"","overlay-type":"","overlay-color":"","overlay-opacity":"","overlay-gradient":""},"tablet":{"background-color":"var(--ast-global-color-5)","background-image":"","background-repeat":"repeat","background-position":"center center","background-size":"auto","background-attachment":"scroll","background-type":"","background-media":"","overlay-type":"","overlay-color":"","overlay-opacity":"","overlay-gradient":""},"mobile":{"background-color":"var(--ast-global-color-5)","background-image":"","background-repeat":"repeat","background-position":"center center","background-size":"auto","background-attachment":"scroll","background-type":"","background-media":"","overlay-type":"","overlay-color":"","overlay-opacity":"","overlay-gradient":""}},"_joinchat":{"telephone":"+8618077105796"}},"product_brand":[],"product_cat":[67,64,140,193,149,150,151,152,153,154,155,156,157,158,58],"product_tag":[209,97],"class_list":{"0":"post-3386","1":"product","2":"type-product","3":"status-publish","4":"has-post-thumbnail","6":"product_cat-30000-puff","7":"product_cat-bangbox-vape","8":"product_cat-big-puffs-disposable-vapes","9":"product_cat-bood-disposable-vapes","10":"product_cat-buy-disposable-vapes-in-austria","11":"product_cat-buy-disposable-vapes-in-belgium","12":"product_cat-buy-disposable-vapes-in-france","13":"product_cat-buy-disposable-vapes-in-cermany","14":"product_cat-buy-disposable-vapes-in-italy","15":"product_cat-buy-disposable-vapes-in-netherlands","16":"product_cat-buy-disposable-vapes-in-norway","17":"product_cat-buy-disposable-vapes-in-poland","18":"product_cat-buy-disposable-vapes-in-portugal","19":"product_cat-buy-disposable-vapes-in-spain","20":"product_cat-fumot-vape","21":"product_tag-bood-infinity-30k-puffs","22":"product_tag-hot-sale-disposable-vape","23":"desktop-align-left","24":"tablet-align-left","25":"mobile-align-left","27":"first","28":"instock","29":"sale","30":"shipping-taxable","31":"purchasable","32":"product-type-simple"},"acf":[],"uagb_featured_image_src":{"full":["https:\/\/vapestornado.com\/wp-content\/uploads\/2024\/12\/bood-infinity-30k-blue-razz-ice-cheap-price.jpg",800,800,false],"thumbnail":["https:\/\/vapestornado.com\/wp-content\/uploads\/2024\/12\/bood-infinity-30k-blue-razz-ice-cheap-price-150x150.jpg",150,150,true],"medium":["https:\/\/vapestornado.com\/wp-content\/uploads\/2024\/12\/bood-infinity-30k-blue-razz-ice-cheap-price-300x300.jpg",300,300,true],"medium_large":["https:\/\/vapestornado.com\/wp-content\/uploads\/2024\/12\/bood-infinity-30k-blue-razz-ice-cheap-price-768x768.jpg",768,768,true],"large":["https:\/\/vapestornado.com\/wp-content\/uploads\/2024\/12\/bood-infinity-30k-blue-razz-ice-cheap-price.jpg",800,800,false],"1536x1536":["https:\/\/vapestornado.com\/wp-content\/uploads\/2024\/12\/bood-infinity-30k-blue-razz-ice-cheap-price.jpg",800,800,false],"2048x2048":["https:\/\/vapestornado.com\/wp-content\/uploads\/2024\/12\/bood-infinity-30k-blue-razz-ice-cheap-price.jpg",800,800,false],"trp-custom-language-flag":["https:\/\/vapestornado.com\/wp-content\/uploads\/2024\/12\/bood-infinity-30k-blue-razz-ice-cheap-price.jpg",12,12,false],"woocommerce_thumbnail":["https:\/\/vapestornado.com\/wp-content\/uploads\/2024\/12\/bood-infinity-30k-blue-razz-ice-cheap-price-300x300.jpg",300,300,true],"woocommerce_single":["https:\/\/vapestornado.com\/wp-content\/uploads\/2024\/12\/bood-infinity-30k-blue-razz-ice-cheap-price-600x600.jpg",600,600,true],"woocommerce_gallery_thumbnail":["https:\/\/vapestornado.com\/wp-content\/uploads\/2024\/12\/bood-infinity-30k-blue-razz-ice-cheap-price-100x100.jpg",100,100,true]},"uagb_author_info":{"display_name":"ESMANDY","author_link":"https:\/\/vapestornado.com\/sv\/author\/"},"uagb_comment_info":0,"uagb_excerpt":"BOOD 30k Puffs Geek Bar Vape: Rechargeable, affordable vape with 30,000 puffs. Shop now for premium quality at the best price! [caption id=\"attachment_2951\" align=\"alignnone\" width=\"265\"] Pls Contact Mandy's WhatsApp For Discount Price\u00a0 +8618077105796[\/caption] &nbsp;","_links":{"self":[{"href":"https:\/\/vapestornado.com\/sv\/wp-json\/wp\/v2\/product\/3386","targetHints":{"allow":["GET"]}}],"collection":[{"href":"https:\/\/vapestornado.com\/sv\/wp-json\/wp\/v2\/product"}],"about":[{"href":"https:\/\/vapestornado.com\/sv\/wp-json\/wp\/v2\/types\/product"}],"replies":[{"embeddable":true,"href":"https:\/\/vapestornado.com\/sv\/wp-json\/wp\/v2\/comments?post=3386"}],"wp:featuredmedia":[{"embeddable":true,"href":"https:\/\/vapestornado.com\/sv\/wp-json\/wp\/v2\/media\/3495"}],"wp:attachment":[{"href":"https:\/\/vapestornado.com\/sv\/wp-json\/wp\/v2\/media?parent=3386"}],"wp:term":[{"taxonomy":"product_brand","embeddable":true,"href":"https:\/\/vapestornado.com\/sv\/wp-json\/wp\/v2\/product_brand?post=3386"},{"taxonomy":"product_cat","embeddable":true,"href":"https:\/\/vapestornado.com\/sv\/wp-json\/wp\/v2\/product_cat?post=3386"},{"taxonomy":"product_tag","embeddable":true,"href":"https:\/\/vapestornado.com\/sv\/wp-json\/wp\/v2\/product_tag?post=3386"}],"curies":[{"name":"wp","href":"https:\/\/api.w.org\/{rel}","templated":true}]}}