{"id":3385,"date":"2024-12-26T03:09:17","date_gmt":"2024-12-26T03:09:17","guid":{"rendered":"https:\/\/vapestornado.com\/?post_type=product&#038;p=3385"},"modified":"2025-08-23T11:12:32","modified_gmt":"2025-08-23T11:12:32","slug":"wga-crystal-plus-20000-puff-vape-2-in-1-rechargeable-disposable-vape-wholesale-bulk-buy","status":"publish","type":"product","link":"https:\/\/vapestornado.com\/sv\/product\/wga-crystal-plus-20000-puff-vape-2-in-1-rechargeable-disposable-vape-wholesale-bulk-buy\/","title":{"rendered":"WGA Crystal Plus 20000 Puff Vape 2 i 1 Uppladdningsbar Eng\u00e5ngsvape Partihandel Massk\u00f6p"},"content":{"rendered":"<h1 class=\"product-title\">WGA Crystal Plus 20000 Puff Vape 2 i 1 Uppladdningsbar Eng\u00e5ngsvape Partihandel Massk\u00f6p<\/h1>\n<p data-start=\"239\" data-end=\"582\">Den <strong data-start=\"243\" data-end=\"275\">WGA Crystal Plus 20000 Puffar<\/strong> \u00e4r ett praktiskt 2-i-1-alternativ f\u00f6r <strong data-start=\"309\" data-end=\"360\">EU-\u00e5terf\u00f6rs\u00e4ljare, distribut\u00f6rer och B2B-bulkk\u00f6pare<\/strong> som vill ha variation utan att h\u00e5lla extra SKUs. Varje enhet levererar upp till <strong data-start=\"433\" data-end=\"449\">20 000 puffar<\/strong> och l\u00e5ter kunderna <strong data-start=\"469\" data-end=\"511\">v\u00e4xla mellan tv\u00e5 f\u00f6rfyllda smaker<\/strong> direkt \u2013 perfekt f\u00f6r butiker som serverar blandade smakprofiler i en produkt.<\/p>\n<p data-start=\"584\" data-end=\"988\">A <strong data-start=\"586\" data-end=\"616\">uppladdningsbar Typ-C design<\/strong> hj\u00e4lper till att s\u00e4kerst\u00e4lla att poden anv\u00e4nds fullt ut, vilket minskar e-v\u00e4tskespill och returer. Kristallkroppen \u00e4r kompakt f\u00f6r diskdisplayer och fickb\u00e4rning, medan ren smakproduktion st\u00f6der upprepad f\u00f6rs\u00e4ljning i bekv\u00e4mlighets- och vape-specialkanaler. <strong data-start=\"850\" data-end=\"881\">Flera nikotinstyrkor<\/strong> (tillg\u00e4nglighet varierar beroende p\u00e5 marknad) g\u00f6r sortimentet l\u00e4mpligt f\u00f6r b\u00e5de l\u00e4tta anv\u00e4ndare och stamkunder i hela Europa.<\/p>\n<p data-start=\"990\" data-end=\"1021\"><strong data-start=\"990\" data-end=\"1021\">Varf\u00f6r det fungerar f\u00f6r grossister:<\/strong><\/p>\n<ul data-start=\"1022\" data-end=\"1325\">\n<li data-start=\"1022\" data-end=\"1079\">\n<p data-start=\"1024\" data-end=\"1079\"><strong data-start=\"1024\" data-end=\"1037\">20K bloss<\/strong> per enhet f\u00f6r l\u00e4ngre s\u00e4ljcykler<\/p>\n<\/li>\n<li data-start=\"1080\" data-end=\"1157\">\n<p data-start=\"1082\" data-end=\"1157\"><strong data-start=\"1082\" data-end=\"1105\">2-i-1 dubbelsmak<\/strong> v\u00e4xling = bredare tilltal, f\u00e4rre varianter att lagra<\/p>\n<\/li>\n<li data-start=\"1158\" data-end=\"1238\">\n<p data-start=\"1160\" data-end=\"1238\"><strong data-start=\"1160\" data-end=\"1187\">Uppladdningsbar via Typ-C<\/strong> f\u00f6r b\u00e4ttre utnyttjande och kundn\u00f6jdhet<\/p>\n<\/li>\n<li data-start=\"1239\" data-end=\"1325\">\n<p data-start=\"1241\" data-end=\"1325\"><strong data-start=\"1241\" data-end=\"1284\">Bulkf\u00f6rpackning<\/strong>, anpassad f\u00f6r EU-\u00e5terf\u00f6rs\u00e4ljare och distribut\u00f6rer<\/p>\n<\/li>\n<\/ul>\n<p><span style=\"color: #ff0000;\"><strong>L\u00e4gg till Amys Whatsapp f\u00f6r att f\u00e5 snabbt svar och vape-kupong!<\/strong><\/span><\/p>\n<p><img fetchpriority=\"high\" decoding=\"async\" class=\"size-full wp-image-2932\" src=\"https:\/\/vapestornado.com\/wp-content\/uploads\/2024\/12\/Vape-Wholesale.jpg\" alt=\"Vape Partihandel\" width=\"229\" height=\"300\" \/><\/p>\n<h3><a href=\"https:\/\/wa.me\/8617776015835\" target=\"_blank\" rel=\"noopener\"><span style=\"color: #ff0000;\"><strong>WhatsApp: +86 17776015835<\/strong><\/span><\/a><\/h3>\n<p>&nbsp;<\/p>\n<h2 class=\"product-title\">WGA Crystal Plus 20000 Eng\u00e5ngs Vape<strong> Produktfunktioner<\/strong><\/h2>\n<div role=\"article\" data-tabster=\"{&quot;groupper&quot;:{&quot;tabbability&quot;:2},&quot;focusable&quot;:{}}\" data-content=\"ai-message\" aria-labelledby=\"juhNTJ6o7Gk1cgwZMJgv2-author juhNTJ6o7Gk1cgwZMJgv2-content\">\n<div id=\"juhNTJ6o7Gk1cgwZMJgv2-content\">\n<div role=\"article\" data-tabster=\"{&quot;groupper&quot;:{&quot;tabbability&quot;:2},&quot;focusable&quot;:{}}\" data-content=\"ai-message\" aria-labelledby=\"x4EZuCZWrTbh3weWUt7CU-author x4EZuCZWrTbh3weWUt7CU-content\">\n<div id=\"x4EZuCZWrTbh3weWUt7CU-content\">\n<div class=\"flex max-w-full flex-col flex-grow\">\n<div class=\"min-h-8 text-message flex w-full flex-col items-end gap-2 whitespace-normal break-words text-start [.text-message+&amp;]:mt-5\" dir=\"auto\" data-message-author-role=\"assistant\" data-message-id=\"52c6e00a-252f-4104-805d-2f1a84739c71\" data-message-model-slug=\"gpt-4o\">\n<div class=\"flex w-full flex-col gap-1 empty:hidden first:pt-[3px]\">\n<div class=\"markdown prose w-full break-words dark:prose-invert light\">\n<h4><\/h4>\n<h4><strong>O\u00f6vertr\u00e4ffad puffkapacitet<\/strong><\/h4>\n<p>Med <strong>20 000 puffar<\/strong>garanterar Crystal Plus l\u00e5ngvarig anv\u00e4ndning, vilket g\u00f6r den till en p\u00e5litlig f\u00f6ljeslagare f\u00f6r l\u00e5nga vaping-sessioner.<\/p>\n<h4><strong>Tydlig LCD-display<\/strong><\/h4>\n<p>Enheten har en <strong>kristallklar LCD-sk\u00e4rm<\/strong> som h\u00e5ller dig informerad om batteristatus och e-v\u00e4tskeniv\u00e5er, vilket eliminerar gissningar.<\/p>\n<h4><strong>Uppladdningsbart 650mAh Batteri<\/strong><\/h4>\n<p>Drivs av ett <strong>650mAh uppladdningsbart batteri<\/strong>, denna vape \u00e4r designad f\u00f6r l\u00e5ng livsl\u00e4ngd och bekv\u00e4mlighet. Den <strong>USB Type-C-laddningsport<\/strong> s\u00e4kerst\u00e4ller snabb och effektiv laddning, s\u00e5 att du kan spendera mer tid p\u00e5 att vejpa och mindre tid p\u00e5 att v\u00e4nta.<\/p>\n<h4><strong>Dubbel Mesh Coil-teknik<\/strong><\/h4>\n<p>Utrustad med avancerade <strong>dubbla mesh-spolar<\/strong>, Crystal Plus ger mjuk, konsekvent \u00e5nga och rik smak med varje puff. Denna teknik f\u00f6rb\u00e4ttrar e-v\u00e4tskeeffektiviteten och s\u00e4kerst\u00e4ller en tillfredsst\u00e4llande Mouth-to-Lung (MTL) vejpingupplevelse.<\/p>\n<h4><strong>18 uts\u00f6kta smaker<\/strong><\/h4>\n<p>V\u00e4lj fr\u00e5n en m\u00e4ngd <strong>18 noggrant utvalda smaker<\/strong>, var och en utformad f\u00f6r att gl\u00e4dja dina smakl\u00f6kar. Fr\u00e5n fruktigt till mintigt och vidare, det finns n\u00e5got f\u00f6r varje smak.<\/p>\n<h4><strong>F\u00f6rpackad f\u00f6r bekv\u00e4mlighet<\/strong><\/h4>\n<p>Tillg\u00e4nglig i <strong>10-enheters bulkf\u00f6rpackningar<\/strong>, \u00e4r WGA Crystal Plus ett utm\u00e4rkt val f\u00f6r grossister, \u00e5terf\u00f6rs\u00e4ljare eller vem som helst som vill bunkra upp med en h\u00f6gpresterande eng\u00e5ngsvape.<\/p>\n<\/div>\n<\/div>\n<\/div>\n<\/div>\n<div class=\"mb-2 flex gap-3 empty:hidden -ml-2\">\n<p>&nbsp;<\/p>\n<\/div>\n<\/div>\n<\/div>\n<\/div>\n<\/div>\n<h2 class=\"product-title\"><strong>Popul\u00e4r smak f\u00f6r WGA Crystal Plus 20000 Puffs eng\u00e5ngsvapes<\/strong><\/h2>\n<p>1.BL\u00c5 HALLON K\u00d6RSB\u00c4R\/BUBBEL K\u00d6RSB\u00c4R<br \/>\n2.BL\u00c5 HALLON GUMMI\/BL\u00c5 HALLON\u00a0 <span style=\"color: #ff0000;\"><strong>&gt;&gt;&gt;&gt; Hett !<\/strong><\/span><br \/>\n3.BL\u00c5 HALLON L\u00c4SK\/COLA CITRON<br \/>\n4.FRISK MINT\/DUBBEL MENTOL<br \/>\n5.GUMMIBJ\u00d6RN\/SKITTLES <span style=\"color: #ff0000;\"><strong>&gt;&gt;&gt;&gt; B\u00e4st!<\/strong><\/span><br \/>\n6.HEISENBERG\/PINK MAN<br \/>\n7.CITRON<br \/>\n8.ANANAS IS\/ANANAS PERSKIKA MANGO<br \/>\n9.ANANAS CITRON\/DRUV IS<br \/>\n10.SOMMARDRO\u0308M\/KO\u0308RSBA\u0308RSCOLA IS<br \/>\n11.JORDBA\u0308RSSGLASS\/JORDBA\u0308R BANAN<br \/>\n12.JORDBA\u0308R HALLON IS\/BLA\u030aBA\u0308R KO\u0308RSBA\u0308R TRANBA\u0308R <span style=\"color: #ff0000;\"><strong>&gt;&gt;&gt;&gt; Hett !<\/strong><\/span><br \/>\n13.TRIPPEL MANGO\/KIWI PASSIONSFRUKT GUAVA<br \/>\n14.VATTENMELON IS\/DUBBEL A\u0308PPLE<br \/>\n15.VATTENMELON HUBBA BUBBA\/BLA\u030aBA\u0308R HUBBA BUBBA<br \/>\n16.BANANIS-IS\/GUAVA-IS<br \/>\n17.BL\u00c5B\u00c4R ICE\/STRAWBERRY ICE <span style=\"color: #ff0000;\"><strong>&gt;&gt;&gt;&gt; Hett !<\/strong><\/span><br \/>\n18.BL\u00c5B\u00c4R ICE POP\/STRAWBERRY ICE POP<br \/>\n19.KIRSB\u00c4R ICE\/APELSIN ICE<br \/>\n20.SAFTIG PEACH\/PEACH-\u00c4PPLE-IS <span style=\"color: #ff0000;\"><strong>&gt;&gt;&gt;&gt; Hett !<\/strong><\/span><\/p>\n<div class=\"flex-shrink-0 flex flex-col relative items-end\">\n<div class=\"pt-0\">\n<div class=\"gizmo-bot-avatar flex h-8 w-8 items-center justify-center overflow-hidden rounded-full\">\n<div class=\"relative p-1 rounded-sm flex items-center justify-center bg-token-main-surface-primary text-token-text-primary h-8 w-8\">\n<figure id=\"attachment_3374\" aria-describedby=\"caption-attachment-3374\" style=\"width: 1000px\" class=\"wp-caption alignnone\"><img decoding=\"async\" class=\"wp-image-3374 size-full\" src=\"https:\/\/vapestornado.com\/wp-content\/uploads\/2024\/12\/WGA-Crystal-20K-Puffs-Disposable-Vape-Bulk-Buy.jpg\" alt=\"WGA Crystal 20K Puffs Eng\u00e5ngs-vape Partik\u00f6p\" width=\"1000\" height=\"520\" srcset=\"https:\/\/vapestornado.com\/wp-content\/uploads\/2024\/12\/WGA-Crystal-20K-Puffs-Disposable-Vape-Bulk-Buy.jpg 1000w, https:\/\/vapestornado.com\/wp-content\/uploads\/2024\/12\/WGA-Crystal-20K-Puffs-Disposable-Vape-Bulk-Buy-300x156.jpg 300w, https:\/\/vapestornado.com\/wp-content\/uploads\/2024\/12\/WGA-Crystal-20K-Puffs-Disposable-Vape-Bulk-Buy-768x399.jpg 768w, https:\/\/vapestornado.com\/wp-content\/uploads\/2024\/12\/WGA-Crystal-20K-Puffs-Disposable-Vape-Bulk-Buy-600x312.jpg 600w\" sizes=\"(max-width: 1000px) 100vw, 1000px\" \/><figcaption id=\"caption-attachment-3374\" class=\"wp-caption-text\">WGA Crystal 20K Puffs Eng\u00e5ngs-vape Partik\u00f6p<\/figcaption><\/figure>\n<h2>Vanliga fr\u00e5gor om WGA Crystal Plus 20000 Eng\u00e5ngs-vape<\/h2>\n<div class=\"flex max-w-full flex-col flex-grow\">\n<div class=\"min-h-8 text-message flex w-full flex-col items-end gap-2 whitespace-normal break-words text-start [.text-message+&amp;]:mt-5\" dir=\"auto\" data-message-author-role=\"assistant\" data-message-id=\"4dc48248-df95-45bd-b800-6dedb43cf7f1\" data-message-model-slug=\"gpt-4o\">\n<div class=\"flex w-full flex-col gap-1 empty:hidden first:pt-[3px]\">\n<div class=\"markdown prose w-full break-words dark:prose-invert light\">\n<h3><\/h3>\n<ol>\n<li><strong>Vad g\u00f6r WGA Crystal Plus 20000 Puffs unik?<\/strong><br \/>\nDen <strong>WGA Crystal Plus 20000 Puffar<\/strong> har en <strong>system med dubbla smaker<\/strong>, som g\u00f6r att du kan v\u00e4xla mellan tv\u00e5 f\u00f6rfyllda smaker i en och samma enhet, vilket ger o\u00f6vertr\u00e4ffad m\u00e5ngsidighet och bekv\u00e4mlighet.<\/li>\n<li><strong>Hur kontrollerar jag batteri- och e-v\u00e4tskeniv\u00e5erna p\u00e5 WGA Crystal Plus 20k?<\/strong><br \/>\nDenna enhet har en <strong>kristallklar LCD-display<\/strong>, som visar b\u00e5de batteritid och e-v\u00e4tskeniv\u00e5er, vilket garanterar att du alltid \u00e4r informerad om din vapes status.<\/li>\n<li><strong>Vilka smaker finns tillg\u00e4ngliga f\u00f6r WGA Crystal 20000 Dual Flavor Vape?<\/strong><br \/>\nDet finns <strong>18 sp\u00e4nnande smakkombinationer<\/strong>, som till exempel <strong>Bl\u00e5 Hallon K\u00f6rsb\u00e4r<\/strong> och <strong>Vattenmelon Is<\/strong>, som tillgodoser olika smakpreferenser.<\/li>\n<li><strong>Kan jag ladda WGA Crystal 20k Puff eng\u00e5ngsvape?<\/strong><br \/>\nJa, den levereras med en <strong>uppladdningsbart 650mAh batteri<\/strong> och en <strong>Typ-C laddningsport<\/strong>, vilket m\u00f6jligg\u00f6r snabb och bekv\u00e4m laddning f\u00f6r l\u00e4ngre anv\u00e4ndning.<\/li>\n<li><strong>\u00c4r WGA Crystal Plus 20000 l\u00e4mplig f\u00f6r Mouth-to-Lung (MTL) vaping?<\/strong><br \/>\nAbsolut! Dess <strong>dubbel mesh coil-teknik<\/strong> garanterar j\u00e4mn \u00e5ngproduktion, vilket g\u00f6r den idealisk f\u00f6r MTL-vapers som tycker om kontrollerade, smakrika bloss.<\/li>\n<\/ol>\n<\/div>\n<\/div>\n<\/div>\n<\/div>\n<div class=\"mb-2 flex gap-3 empty:hidden -ml-2\">\n<div class=\"items-center justify-start rounded-xl p-1 flex\"><\/div>\n<\/div>\n<\/div>\n<\/div>\n<\/div>\n<\/div>\n<div class=\"flex-shrink-0 flex flex-col relative items-end\">\n<div class=\"pt-0\">\n<div class=\"gizmo-bot-avatar flex h-8 w-8 items-center justify-center overflow-hidden rounded-full\">\n<div class=\"relative p-1 rounded-sm flex items-center justify-center bg-token-main-surface-primary text-token-text-primary h-8 w-8\">\n<div class=\"mb-2 flex gap-3 empty:hidden -ml-2\">\n<div role=\"article\" data-tabster=\"{&quot;groupper&quot;:{&quot;tabbability&quot;:2},&quot;focusable&quot;:{}}\" data-content=\"ai-message\" aria-labelledby=\"Vdt5ez4X7Tg813x6rFVha-author Vdt5ez4X7Tg813x6rFVha-content\">\n<div id=\"Vdt5ez4X7Tg813x6rFVha-content\">\n<div role=\"article\" data-tabster=\"{&quot;groupper&quot;:{&quot;tabbability&quot;:2},&quot;focusable&quot;:{}}\" data-content=\"ai-message\" aria-labelledby=\"o968oC7CEo2fGHsGdsRYC-author o968oC7CEo2fGHsGdsRYC-content\">\n<div id=\"o968oC7CEo2fGHsGdsRYC-content\">\n<p>&nbsp;<\/p>\n<h2>Varf\u00f6r v\u00e4lja vapestornado f\u00f6r WGA Crystal 15000 Puffs Vape Partihandel?<\/h2>\n<div class=\"flex-shrink-0 flex flex-col relative items-end\">\n<div class=\"pt-0\">\n<div class=\"gizmo-bot-avatar flex h-8 w-8 items-center justify-center overflow-hidden rounded-full\">\n<div class=\"relative p-1 rounded-sm flex items-center justify-center bg-token-main-surface-primary text-token-text-primary h-8 w-8\">\n<p>V\u00e4lkommen till vapestornado, din betrodda online vape-butik f\u00f6r premium eng\u00e5ngsvapes. Med mer \u00e4n 5 \u00e5rs expertis ger vi dig popul\u00e4ra eng\u00e5ngs vape-m\u00e4rken som Fumot RandM Vape, <a href=\"https:\/\/vapestornado.com\/sv\/product-category\/vapme-shisha\/\">Vapme<\/a>, Bang Vape, Waspe Vape och WGA Vape, etc.<\/p>\n<p>V\u00e5rt sortiment inkluderar heta f\u00f6rs\u00e4ljningsvapes som <a href=\"https:\/\/vapestornado.com\/sv\/product\/randm-12000-puffs-fumot-digital-disposable-vape-wholesale-price\/\">RandM Tornado 12000<\/a>, och smakrika val som <a href=\"https:\/\/vapestornado.com\/sv\/product\/wga-crystal-pro-max-extra-15000-puffs-rechargeable-disposable-vape-wholesale-bulk-buy\/\">\u00a0WGA Crystal 15k Puffar<\/a> . Varje produkt \u00e4r utvald med fokus p\u00e5 kvalitet, v\u00e4rde och variation, vilket s\u00e4kerst\u00e4ller att du hittar den perfekta matchningen f\u00f6r dina behov. Uppt\u00e4ck exceptionell service och ett brett utbud av toppprodukter till grossistpris hos vapestornado.<\/p>\n<\/div>\n<p>&nbsp;<\/p>\n<p><strong>Andra heta eng\u00e5ngsvapes<\/strong><\/p>\n<p><a href=\"https:\/\/vapestornado.com\/sv\/product\/bang-vape-35000-puffs-low-nicotine-bulk-buy-rechargeable-disposable-vapes-box-wholesale-price\/\">Bang Vape 35000 Puffar <span style=\"color: #ff0000;\"><strong>&gt;&gt;&gt;&gt; K\u00f6r!<\/strong><\/span><\/a><\/p>\n<p><a href=\"https:\/\/vapestornado.com\/sv\/product\/vopk-ultra-40000-puffs-2-in-1-digital-screen-rechargeable-disposable-vape\/\">VOPK 40000 Dubbel Smak<span style=\"color: #ff0000;\"><strong>&gt;&gt;&gt;&gt; K\u00f6r!<\/strong><\/span><\/a><\/p>\n<p><a href=\"https:\/\/vapestornado.com\/sv\/product\/bood-twins-46000-puff-double-flavour-low-nicotine-disposable-vape-wholesale-bulk-buy-price\/\">Bood Twins 46000<span style=\"color: #ff0000;\"><strong>&gt;&gt;&gt;&gt; K\u00f6r!<\/strong><\/span><\/a><\/p>\n<\/div>\n<\/div>\n<\/div>\n<p>&nbsp;<\/p>\n<\/div>\n<\/div>\n<\/div>\n<\/div>\n<\/div>\n<\/div>\n<\/div>\n<\/div>\n<\/div>","protected":false},"excerpt":{"rendered":"<p><strong data-start=\"1473\" data-end=\"1505\">WGA Crystal Plus 20000 Puffar<\/strong>\u2014a <strong data-start=\"1508\" data-end=\"1552\">2-i-1 dubbelsmak, Typ-C uppladdningsbar<\/strong> eng\u00e5ngs vape byggd f\u00f6r <strong data-start=\"1574\" data-end=\"1606\">EU grossist- och bulkbest\u00e4llningar<\/strong>. H\u00f6g kapacitet, enkelt smakbyte och \u00e5terf\u00f6rs\u00e4ljarv\u00e4nlig f\u00f6rpackning f\u00f6r stark, \u00e5terkommande f\u00f6rs\u00e4ljning.<\/p>\n<p><strong>L\u00e4gg till Amys whatsapp f\u00f6r snabbt svar och vape-kupong!<\/strong><\/p>\n<p><img fetchpriority=\"high\" decoding=\"async\" class=\"size-full wp-image-2932\" src=\"https:\/\/vapestornado.com\/wp-content\/uploads\/2024\/12\/Vape-Wholesale.jpg\" alt=\"Vape Partihandel\" width=\"229\" height=\"300\" \/><\/p>\n<h3><a href=\"https:\/\/wa.me\/8617776015835\"><span style=\"color: #ff0000;\"><strong>WhatsApp: +86 17776015835<\/strong><\/span><\/a><\/h3>\n<p>&nbsp;<\/p>","protected":false},"featured_media":3370,"comment_status":"open","ping_status":"closed","template":"","meta":{"_acf_changed":false,"_uag_custom_page_level_css":"","_lmt_disableupdate":"no","_lmt_disable":"","_monsterinsights_skip_tracking":false,"_monsterinsights_sitenote_active":false,"_monsterinsights_sitenote_note":"","_monsterinsights_sitenote_category":0,"site-sidebar-layout":"default","site-content-layout":"","ast-site-content-layout":"default","site-content-style":"default","site-sidebar-style":"default","ast-global-header-display":"","ast-banner-title-visibility":"","ast-main-header-display":"","ast-hfb-above-header-display":"","ast-hfb-below-header-display":"","ast-hfb-mobile-header-display":"","site-post-title":"","ast-breadcrumbs-content":"","ast-featured-img":"","footer-sml-layout":"","ast-disable-related-posts":"","theme-transparent-header-meta":"default","adv-header-id-meta":"","stick-header-meta":"","header-above-stick-meta":"","header-main-stick-meta":"","header-below-stick-meta":"","astra-migrate-meta-layouts":"set","ast-page-background-enabled":"default","ast-page-background-meta":{"desktop":{"background-color":"","background-image":"","background-repeat":"repeat","background-position":"center center","background-size":"auto","background-attachment":"scroll","background-type":"","background-media":"","overlay-type":"","overlay-color":"","overlay-opacity":"","overlay-gradient":""},"tablet":{"background-color":"","background-image":"","background-repeat":"repeat","background-position":"center center","background-size":"auto","background-attachment":"scroll","background-type":"","background-media":"","overlay-type":"","overlay-color":"","overlay-opacity":"","overlay-gradient":""},"mobile":{"background-color":"","background-image":"","background-repeat":"repeat","background-position":"center center","background-size":"auto","background-attachment":"scroll","background-type":"","background-media":"","overlay-type":"","overlay-color":"","overlay-opacity":"","overlay-gradient":""}},"ast-content-background-meta":{"desktop":{"background-color":"var(--ast-global-color-5)","background-image":"","background-repeat":"repeat","background-position":"center center","background-size":"auto","background-attachment":"scroll","background-type":"","background-media":"","overlay-type":"","overlay-color":"","overlay-opacity":"","overlay-gradient":""},"tablet":{"background-color":"var(--ast-global-color-5)","background-image":"","background-repeat":"repeat","background-position":"center center","background-size":"auto","background-attachment":"scroll","background-type":"","background-media":"","overlay-type":"","overlay-color":"","overlay-opacity":"","overlay-gradient":""},"mobile":{"background-color":"var(--ast-global-color-5)","background-image":"","background-repeat":"repeat","background-position":"center center","background-size":"auto","background-attachment":"scroll","background-type":"","background-media":"","overlay-type":"","overlay-color":"","overlay-opacity":"","overlay-gradient":""}},"_joinchat":{"telephone":"+8617776015835"}},"product_brand":[],"product_cat":[69,151,155,142,146,59],"product_tag":[165,105,97,166,94,205,206,204],"class_list":{"0":"post-3385","1":"product","2":"type-product","3":"status-publish","4":"has-post-thumbnail","6":"product_cat-20000-puff","7":"product_cat-buy-disposable-vapes-in-france","8":"product_cat-buy-disposable-vapes-in-norway","9":"product_cat-digital-box-disposable-vapes","10":"product_cat-rechargeable-disposable-vapes","11":"product_cat-wga-crystal-vape","12":"product_tag-cheap-vapes","13":"product_tag-digital-disposable-vape","14":"product_tag-hot-sale-disposable-vape","15":"product_tag-low-nicotine-vape","16":"product_tag-rechargeable-disposable-vape","17":"product_tag-wga-crystal-20k","18":"product_tag-wga-crystal-plus-20000","19":"product_tag-wga-vape","20":"desktop-align-left","21":"tablet-align-left","22":"mobile-align-left","24":"first","25":"instock","26":"sale","27":"shipping-taxable","28":"purchasable","29":"product-type-simple"},"acf":[],"uagb_featured_image_src":{"full":["https:\/\/vapestornado.com\/wp-content\/uploads\/2024\/12\/WGA-Crystal-Plus-20000-Disposable-Vape-Wholesale.jpg",1000,992,false],"thumbnail":["https:\/\/vapestornado.com\/wp-content\/uploads\/2024\/12\/WGA-Crystal-Plus-20000-Disposable-Vape-Wholesale-150x150.jpg",150,150,true],"medium":["https:\/\/vapestornado.com\/wp-content\/uploads\/2024\/12\/WGA-Crystal-Plus-20000-Disposable-Vape-Wholesale-300x298.jpg",300,298,true],"medium_large":["https:\/\/vapestornado.com\/wp-content\/uploads\/2024\/12\/WGA-Crystal-Plus-20000-Disposable-Vape-Wholesale-768x762.jpg",768,762,true],"large":["https:\/\/vapestornado.com\/wp-content\/uploads\/2024\/12\/WGA-Crystal-Plus-20000-Disposable-Vape-Wholesale.jpg",1000,992,false],"1536x1536":["https:\/\/vapestornado.com\/wp-content\/uploads\/2024\/12\/WGA-Crystal-Plus-20000-Disposable-Vape-Wholesale.jpg",1000,992,false],"2048x2048":["https:\/\/vapestornado.com\/wp-content\/uploads\/2024\/12\/WGA-Crystal-Plus-20000-Disposable-Vape-Wholesale.jpg",1000,992,false],"trp-custom-language-flag":["https:\/\/vapestornado.com\/wp-content\/uploads\/2024\/12\/WGA-Crystal-Plus-20000-Disposable-Vape-Wholesale.jpg",12,12,false],"woocommerce_thumbnail":["https:\/\/vapestornado.com\/wp-content\/uploads\/2024\/12\/WGA-Crystal-Plus-20000-Disposable-Vape-Wholesale-300x300.jpg",300,300,true],"woocommerce_single":["https:\/\/vapestornado.com\/wp-content\/uploads\/2024\/12\/WGA-Crystal-Plus-20000-Disposable-Vape-Wholesale-600x595.jpg",600,595,true],"woocommerce_gallery_thumbnail":["https:\/\/vapestornado.com\/wp-content\/uploads\/2024\/12\/WGA-Crystal-Plus-20000-Disposable-Vape-Wholesale-100x100.jpg",100,100,true]},"uagb_author_info":{"display_name":"ESAMY","author_link":"https:\/\/vapestornado.com\/sv\/author\/"},"uagb_comment_info":0,"uagb_excerpt":"WGA Crystal Plus 20000 Puffs\u2014a 2\u2011in\u20111 dual\u2011flavour, Type\u2011C rechargeable disposable built for EU wholesale and bulk orders. High capacity, easy flavour switch, and retailer\u2011friendly packaging for strong, repeatable sales. Add Amy's whatsapp get right reply and vape coupon! WhatsApp: +86 17776015835 &nbsp;","_links":{"self":[{"href":"https:\/\/vapestornado.com\/sv\/wp-json\/wp\/v2\/product\/3385","targetHints":{"allow":["GET"]}}],"collection":[{"href":"https:\/\/vapestornado.com\/sv\/wp-json\/wp\/v2\/product"}],"about":[{"href":"https:\/\/vapestornado.com\/sv\/wp-json\/wp\/v2\/types\/product"}],"replies":[{"embeddable":true,"href":"https:\/\/vapestornado.com\/sv\/wp-json\/wp\/v2\/comments?post=3385"}],"wp:featuredmedia":[{"embeddable":true,"href":"https:\/\/vapestornado.com\/sv\/wp-json\/wp\/v2\/media\/3370"}],"wp:attachment":[{"href":"https:\/\/vapestornado.com\/sv\/wp-json\/wp\/v2\/media?parent=3385"}],"wp:term":[{"taxonomy":"product_brand","embeddable":true,"href":"https:\/\/vapestornado.com\/sv\/wp-json\/wp\/v2\/product_brand?post=3385"},{"taxonomy":"product_cat","embeddable":true,"href":"https:\/\/vapestornado.com\/sv\/wp-json\/wp\/v2\/product_cat?post=3385"},{"taxonomy":"product_tag","embeddable":true,"href":"https:\/\/vapestornado.com\/sv\/wp-json\/wp\/v2\/product_tag?post=3385"}],"curies":[{"name":"wp","href":"https:\/\/api.w.org\/{rel}","templated":true}]}}