{"id":3383,"date":"2024-12-26T02:33:15","date_gmt":"2024-12-26T02:33:15","guid":{"rendered":"https:\/\/vapestornado.com\/?post_type=product&#038;p=3383"},"modified":"2025-12-09T09:06:34","modified_gmt":"2025-12-09T09:06:34","slug":"wga-crystal-pro-max-extra-15000-puffs-rechargeable-disposable-vape-wholesale-bulk-buy","status":"publish","type":"product","link":"https:\/\/vapestornado.com\/sv\/product\/wga-crystal-pro-max-extra-15000-puffs-rechargeable-disposable-vape-wholesale-bulk-buy\/","title":{"rendered":"WGA Crystal Pro Max Extra 15000 Puffar Uppladdningsbar Eng\u00e5ngs Vape Grossist K\u00f6p"},"content":{"rendered":"<h1 class=\"product-title\">WGA Crystal Pro Max Extra 15000 Puffar Eng\u00e5ngsvape med Sk\u00e4rmbild &amp; Meshspole f\u00f6r Sl\u00e4thet<\/h1>\n<p>WGA Crystal Pro Max Extra 15000 Puffar \u00e4r en popul\u00e4r uppladdningsbar eng\u00e5ngsvape, med kristalldesign, 15000-puffar, meshspole f\u00f6r smakstabilitet och Type-C snabbladdning, byggd f\u00f6r smidig daglig vaping med 2% och 5% nikotin.<\/p>\n<p data-start=\"904\" data-end=\"1140\"><strong data-start=\"904\" data-end=\"938\">Balanserad l\u00e5ngvarig prestanda.<\/strong> Den <strong data-start=\"943\" data-end=\"1013\">WGA Crystal Pro Max Extra 15000 Puffar uppladdningsbar eng\u00e5ngsvape<\/strong> \u00e4r storleksanpassad f\u00f6r vanliga anv\u00e4ndare som vill ha en enhet som h\u00e5ller l\u00e4ngre \u00e4n standardeng\u00e5ngsprodukter, utan att bli otymplig i fickan.<\/p>\n<p data-start=\"1144\" data-end=\"1344\"><strong data-start=\"1144\" data-end=\"1181\">Meshspolens j\u00e4mnhet du m\u00e4rker.<\/strong> Den <strong data-start=\"1186\" data-end=\"1236\">WGA 15K meshspole-eng\u00e5ngsvape<\/strong> ger j\u00e4mn uppv\u00e4rmning, vilket inneb\u00e4r smidigare drag och f\u00e4rre h\u00e5rda sena drag n\u00e4r puffantalet \u00f6kar.<\/p>\n<p data-start=\"1348\" data-end=\"1566\"><strong data-start=\"1348\" data-end=\"1382\">EU-v\u00e4nlig nikotinstyrka.<\/strong> Med en fast <strong data-start=\"1396\" data-end=\"1427\">2% och 5% nikotin eng\u00e5ngsvape<\/strong> inst\u00e4llning, f\u00f6rblir effekten l\u00e4tt till m\u00e5ttlig och f\u00f6ruts\u00e4gbar\u2014popul\u00e4r p\u00e5 marknader som <strong data-start=\"1510\" data-end=\"1565\">Sverige, Nederl\u00e4nderna, Spanien, Frankrike och Polen<\/strong>.<\/p>\n<p data-start=\"1570\" data-end=\"1784\"><strong data-start=\"1570\" data-end=\"1616\">Snabbladdning med vardaglig kompatibilitet.<\/strong> Den <strong data-start=\"1621\" data-end=\"1676\">Type-C uppladdningsbar WGA Crystal Pro Max Extra 15000<\/strong> h\u00e5ller nere stillest\u00e5ndstiden med moderna EU-kablar du redan \u00e4ger, vilket g\u00f6r den praktisk f\u00f6r resor eller l\u00e5nga arbetsdagar.<\/p>\n<p data-start=\"1788\" data-end=\"1988\"><strong data-start=\"1788\" data-end=\"1823\">Ren design som s\u00e4ljer sig sj\u00e4lv.<\/strong> Kroppens kristallstil ger den <strong data-start=\"1857\" data-end=\"1895\">WGA Crystal 15K vape<\/strong> en premium look som presterar bra i detaljhandelsdisplayer och k\u00e4nns bra i handen f\u00f6r daglig b\u00e4rning.<\/p>\n<p><span style=\"color: #ff0000;\"><strong>L\u00e4gg till Amys Whatsapp f\u00f6r att f\u00e5 snabbt svar och vape-kupong!<\/strong><\/span><\/p>\n<p><img fetchpriority=\"high\" decoding=\"async\" class=\"size-full wp-image-2932\" src=\"https:\/\/vapestornado.com\/wp-content\/uploads\/2024\/12\/Vape-Wholesale.jpg\" alt=\"Vape Partihandel\" width=\"229\" height=\"300\" \/><\/p>\n<h3><a href=\"https:\/\/wa.me\/8617776015835\" target=\"_blank\" rel=\"noopener\"><span style=\"color: #ff0000;\"><strong>WhatsApp: +86 17776015835<\/strong><\/span><\/a><\/h3>\n<p>&nbsp;<\/p>\n<h2 class=\"product-title\">WGA Crystal 15k Eng\u00e5ngsvape<strong> Produktfunktioner<\/strong><\/h2>\n<div role=\"article\" data-tabster=\"{&quot;groupper&quot;:{&quot;tabbability&quot;:2},&quot;focusable&quot;:{}}\" data-content=\"ai-message\" aria-labelledby=\"juhNTJ6o7Gk1cgwZMJgv2-author juhNTJ6o7Gk1cgwZMJgv2-content\">\n<div id=\"juhNTJ6o7Gk1cgwZMJgv2-content\">\n<div role=\"article\" data-tabster=\"{&quot;groupper&quot;:{&quot;tabbability&quot;:2},&quot;focusable&quot;:{}}\" data-content=\"ai-message\" aria-labelledby=\"x4EZuCZWrTbh3weWUt7CU-author x4EZuCZWrTbh3weWUt7CU-content\">\n<div id=\"x4EZuCZWrTbh3weWUt7CU-content\">\n<div class=\"flex max-w-full flex-col flex-grow\">\n<div class=\"min-h-8 text-message flex w-full flex-col items-end gap-2 whitespace-normal break-words text-start [.text-message+&amp;]:mt-5\" dir=\"auto\" data-message-author-role=\"assistant\" data-message-id=\"52c6e00a-252f-4104-805d-2f1a84739c71\" data-message-model-slug=\"gpt-4o\">\n<div class=\"flex w-full flex-col gap-1 empty:hidden first:pt-[3px]\">\n<div class=\"markdown prose w-full break-words dark:prose-invert light\"><\/div>\n<\/div>\n<\/div>\n<\/div>\n<div class=\"mb-2 flex gap-3 empty:hidden -ml-2\">\n<table>\n<thead>\n<tr>\n<th>Funktion<\/th>\n<th>Specifikation<\/th>\n<th>Detials<\/th>\n<\/tr>\n<\/thead>\n<tbody>\n<tr>\n<td>Produktnamn<\/td>\n<td>WGA Crystal Pro Max Extra 15000<\/td>\n<td>Premium uppladdningsbar eng\u00e5ngsvape.<\/td>\n<\/tr>\n<tr>\n<td>Puffkapacitet<\/td>\n<td>Upp till 15 000 puffar<\/td>\n<td>F\u00f6rl\u00e4ngd livsl\u00e4ngd f\u00f6r regelbunden daglig anv\u00e4ndning.<\/td>\n<\/tr>\n<tr>\n<td>Spoltyp<\/td>\n<td>Mesh-spole<\/td>\n<td>J\u00e4mn uppv\u00e4rmning f\u00f6r mjuk \u00e5nga och stabil smak.<\/td>\n<\/tr>\n<tr>\n<td>Nikotinstyrka<\/td>\n<td>2% salt nikotin<\/td>\n<td>L\u00e4tt till m\u00e5ttlig effekt i linje med EU-preferenser.<\/td>\n<\/tr>\n<tr>\n<td>Laddning<\/td>\n<td>Type-C snabbladdning<\/td>\n<td>Snabb uppladdning med vanliga moderna kablar.<\/td>\n<\/tr>\n<tr>\n<td>Batteri<\/td>\n<td>L\u00e5ngvarigt uppladdningsbart batteri<\/td>\n<td>Designad f\u00f6r att st\u00f6dja full anv\u00e4ndning av enheten; ladda vid behov.<\/td>\n<\/tr>\n<tr>\n<td>Kroppsdesign<\/td>\n<td>Kristallstil transparent skal<\/td>\n<td>Sleek, modern look; l\u00e4tt att b\u00e4ra och visa upp.<\/td>\n<\/tr>\n<tr>\n<td>M\u00e5lgrupp<\/td>\n<td>Eng\u00e5ngs, h\u00f6g efterfr\u00e5gan EU-\u00e5terf\u00f6rs\u00e4ljning\/partihandel<\/td>\n<td>Enkelt att anv\u00e4nda med premiumk\u00e4nsla.<\/td>\n<\/tr>\n<\/tbody>\n<\/table>\n<\/div>\n<\/div>\n<\/div>\n<\/div>\n<\/div>\n<h2><\/h2>\n<h2 class=\"product-title\"><strong>Popul\u00e4ra smaker f\u00f6r WGA Crystal 15000 Puffs eng\u00e5ngsvapes<\/strong><\/h2>\n<p>1. Vattenmelon Is<span style=\"color: #ff0000;\"> <strong>&gt;&gt;&gt;&gt; Het!<\/strong><\/span><br \/>\n2.Bl\u00e5b\u00e4r Hallon <span style=\"color: #ff0000;\"><strong>&gt;&gt;&gt;&gt; Het!<\/strong><\/span><br \/>\n3.Fizzig K\u00f6rsb\u00e4r<br \/>\n4.Gummibj\u00f6rn<br \/>\n5.Citron Lime<br \/>\n6.Jordgubb Is<br \/>\n7.Bl\u00e5b\u00e4r Sur Hallon <span style=\"color: #ff0000;\"><strong>&gt;&gt;&gt;&gt; Het!<\/strong><\/span><br \/>\n8. Blue Razz Ice<br \/>\n9.Mr Bl\u00e5<br \/>\n10.Skittles<br \/>\n11. Bl\u00e5b\u00e4r K\u00f6rsb\u00e4r Tranb\u00e4r<br \/>\n12.Saftig Persika<br \/>\n13.Jordgubb Hallon K\u00f6rsb\u00e4r Is <span style=\"color: #ff0000;\"><strong>&gt;&gt;&gt;&gt; B\u00e4st!<\/strong><\/span><br \/>\n14.Hubba Bubba<br \/>\n15.Blackberry Bl\u00e5b\u00e4r Hallon<br \/>\n16.Jordgubb Is Pops<br \/>\n17.Bl\u00e5b\u00e4rs-isglass<br \/>\n18.Prime Jordgubb Vattenmelon<br \/>\n19.Jordgubb K\u00f6rsb\u00e4r Bubbelgum<br \/>\n20.Hallon K\u00f6rsb\u00e4r Is <span style=\"color: #ff0000;\"><strong>&gt;&gt;&gt;&gt; Het!<\/strong><\/span><br \/>\n21.Ananas Is<br \/>\n22.Sommardr\u00f6m<br \/>\n23.Wga Rosa<br \/>\n24.Frisk Mynta<br \/>\n25.Dubbel \u00c4pple<br \/>\n26.Trippel Mango<br \/>\n27.Black Dragon Is<br \/>\n28.Cola Is<br \/>\n29.Ananas Citron <span style=\"color: #ff0000;\"><strong>&gt;&gt;&gt;&gt; Het!<\/strong><\/span><br \/>\n30.Mr Svart<br \/>\n31.Kiwi Passionfrukt Guava<\/p>\n<div class=\"flex-shrink-0 flex flex-col relative items-end\">\n<div class=\"pt-0\">\n<div class=\"gizmo-bot-avatar flex h-8 w-8 items-center justify-center overflow-hidden rounded-full\">\n<div class=\"relative p-1 rounded-sm flex items-center justify-center bg-token-main-surface-primary text-token-text-primary h-8 w-8\">\n<figure id=\"attachment_3375\" aria-describedby=\"caption-attachment-3375\" style=\"width: 1000px\" class=\"wp-caption alignnone\"><img decoding=\"async\" class=\"wp-image-3375 size-full\" src=\"https:\/\/vapestornado.com\/wp-content\/uploads\/2024\/12\/WGA-Crystal-15k-Disposable-Vape.jpg\" alt=\"WGA Crystal 15k Eng\u00e5ngsvape\" width=\"1000\" height=\"1000\" srcset=\"https:\/\/vapestornado.com\/wp-content\/uploads\/2024\/12\/WGA-Crystal-15k-Disposable-Vape.jpg 1000w, https:\/\/vapestornado.com\/wp-content\/uploads\/2024\/12\/WGA-Crystal-15k-Disposable-Vape-300x300.jpg 300w, https:\/\/vapestornado.com\/wp-content\/uploads\/2024\/12\/WGA-Crystal-15k-Disposable-Vape-150x150.jpg 150w, https:\/\/vapestornado.com\/wp-content\/uploads\/2024\/12\/WGA-Crystal-15k-Disposable-Vape-768x768.jpg 768w, https:\/\/vapestornado.com\/wp-content\/uploads\/2024\/12\/WGA-Crystal-15k-Disposable-Vape-600x600.jpg 600w, https:\/\/vapestornado.com\/wp-content\/uploads\/2024\/12\/WGA-Crystal-15k-Disposable-Vape-100x100.jpg 100w\" sizes=\"(max-width: 1000px) 100vw, 1000px\" \/><figcaption id=\"caption-attachment-3375\" class=\"wp-caption-text\">WGA Crystal 15k Eng\u00e5ngsvape<\/figcaption><\/figure>\n<h3>Vanliga fr\u00e5gor om WGA Crystal 15000 eng\u00e5ngsvape<\/h3>\n<ol data-start=\"2830\" data-end=\"4028\">\n<li data-start=\"2830\" data-end=\"3071\">\n<p data-start=\"2833\" data-end=\"3071\"><strong data-start=\"2833\" data-end=\"2923\">Hur p\u00e5verkar mesh-spolar i WGA Crystal Pro Max Extra 15000 puffar smak \u00f6ver tid?<\/strong><br data-start=\"2923\" data-end=\"2926\" \/>Mesh-spolar v\u00e4rms j\u00e4mnt \u00f6ver veken, s\u00e5 smaken f\u00f6rblir fylligare och mjukare l\u00e4ngre in i enhetens livsl\u00e4ngd j\u00e4mf\u00f6rt med standardtr\u00e5dspolar.<\/p>\n<\/li>\n<li data-start=\"3073\" data-end=\"3301\">\n<p data-start=\"3076\" data-end=\"3301\"><strong data-start=\"3076\" data-end=\"3181\">\u00c4r WGA Crystal Pro Max Extra 15K uppladdningsbar eng\u00e5ngsprodukt l\u00e4mplig f\u00f6r daglig pendling och resor?<\/strong><br data-start=\"3181\" data-end=\"3184\" \/>Ja. Kristallkroppen f\u00f6rblir kompakt, och <strong data-start=\"3225\" data-end=\"3244\">Typ-C-laddning<\/strong> g\u00f6r det enkelt att fylla p\u00e5 under l\u00e5nga dagar borta hemifr\u00e5n.<\/p>\n<\/li>\n<li data-start=\"3303\" data-end=\"3532\">\n<p data-start=\"3306\" data-end=\"3532\"><strong data-start=\"3306\" data-end=\"3412\">Vilken sorts \u00e5ngk\u00e4nsla b\u00f6r anv\u00e4ndare f\u00f6rv\u00e4nta sig fr\u00e5n WGA Crystal Pro Max Extra 15000 eng\u00e5ngsvape?<\/strong><br data-start=\"3412\" data-end=\"3415\" \/>F\u00f6rv\u00e4nta dig ett mjukt, stadigt drag med konsekvent \u00e5ngt\u00e4thet\u2014meshspole-design hj\u00e4lper till att undvika skarpa, torra slag sent i anv\u00e4ndningen.<\/p>\n<\/li>\n<li data-start=\"3534\" data-end=\"3772\">\n<p data-start=\"3537\" data-end=\"3772\"><strong data-start=\"3537\" data-end=\"3632\">Varf\u00f6r \u00e4r nikotinet 2% ett starkt val f\u00f6r WGA Crystal Pro Max Extra 15000 Puff EU-version?<\/strong><br data-start=\"3632\" data-end=\"3635\" \/>2% erbjuder ett kontrollerat, m\u00e5ttligt slag som passar m\u00e5nga europeiska anv\u00e4ndare som f\u00f6redrar en l\u00e4ttare daglig styrka utan att offra tillfredsst\u00e4llelse.<\/p>\n<\/li>\n<li data-start=\"3774\" data-end=\"4028\">\n<p data-start=\"3777\" data-end=\"4028\"><strong data-start=\"3777\" data-end=\"3878\">F\u00f6rhindrar WGA Crystal Pro Max Extra 15000 Type-C uppladdningsbara vape tidigt batteribrist?<\/strong><br data-start=\"3878\" data-end=\"3881\" \/>Uppladdningsbarheten l\u00f6ser det problemet. Om batteriet sjunker innan puffarna \u00e4r slut, h\u00e5ller en snabb Type-C p\u00e5fyllning apparaten ig\u00e5ng tills den \u00e4r klar.<\/p>\n<\/li>\n<\/ol>\n<\/div>\n<\/div>\n<\/div>\n<\/div>\n<div class=\"flex-shrink-0 flex flex-col relative items-end\">\n<div class=\"pt-0\">\n<div class=\"gizmo-bot-avatar flex h-8 w-8 items-center justify-center overflow-hidden rounded-full\">\n<div class=\"relative p-1 rounded-sm flex items-center justify-center bg-token-main-surface-primary text-token-text-primary h-8 w-8\">\n<div class=\"mb-2 flex gap-3 empty:hidden -ml-2\">\n<div role=\"article\" data-tabster=\"{&quot;groupper&quot;:{&quot;tabbability&quot;:2},&quot;focusable&quot;:{}}\" data-content=\"ai-message\" aria-labelledby=\"Vdt5ez4X7Tg813x6rFVha-author Vdt5ez4X7Tg813x6rFVha-content\">\n<div id=\"Vdt5ez4X7Tg813x6rFVha-content\">\n<div role=\"article\" data-tabster=\"{&quot;groupper&quot;:{&quot;tabbability&quot;:2},&quot;focusable&quot;:{}}\" data-content=\"ai-message\" aria-labelledby=\"o968oC7CEo2fGHsGdsRYC-author o968oC7CEo2fGHsGdsRYC-content\">\n<div id=\"o968oC7CEo2fGHsGdsRYC-content\">\n<p>&nbsp;<\/p>\n<h3>Varf\u00f6r v\u00e4lja vapestornado f\u00f6r WGA Crystal 15000 Puffs Vape Partihandel?<\/h3>\n<div class=\"flex-shrink-0 flex flex-col relative items-end\">\n<div class=\"pt-0\">\n<div class=\"gizmo-bot-avatar flex h-8 w-8 items-center justify-center overflow-hidden rounded-full\">\n<div class=\"relative p-1 rounded-sm flex items-center justify-center bg-token-main-surface-primary text-token-text-primary h-8 w-8\">\n<p>V\u00e4lkommen till vapestornado, din betrodda online vape-butik f\u00f6r premium eng\u00e5ngsvapes. Med mer \u00e4n 5 \u00e5rs expertis ger vi dig popul\u00e4ra eng\u00e5ngs vape-m\u00e4rken som Fumot RandM Vape, <a href=\"https:\/\/vapestornado.com\/sv\/product-category\/vapme-shisha\/\">Vapme<\/a>, Bang Vape, Waspe Vape och WGA Vape, etc.<\/p>\n<p>V\u00e5rt sortiment inkluderar heta f\u00f6rs\u00e4ljningsvapes som <a href=\"https:\/\/vapestornado.com\/sv\/product\/fumot-randm-tornado-15000-puffs-rechargeable-disposable-vape-wholesale\/\">RandM Tornado 15000<\/a>, och smakrika val som <a href=\"https:\/\/vapestornado.com\/sv\/product\/vapsolo-dg-18000-puffs-smart-screen-wholesale-disposable-cheap-vapes\/\">\u00a0Vapsolo DG18000 Puffar<\/a> . Varje produkt \u00e4r utvald med fokus p\u00e5 kvalitet, v\u00e4rde och variation, vilket s\u00e4kerst\u00e4ller att du hittar den perfekta matchningen f\u00f6r dina behov. Uppt\u00e4ck exceptionell service och ett brett utbud av toppprodukter till grossistpris hos vapestornado.<\/p>\n<\/div>\n<p>&nbsp;<\/p>\n<p><strong>Andra heta eng\u00e5ngsvapes<\/strong><\/p>\n<p><a href=\"https:\/\/vapestornado.com\/sv\/product\/bang-vape-35000-puffs-low-nicotine-bulk-buy-rechargeable-disposable-vapes-box-wholesale-price\/\">Bang Vape 35000 Puffar <span style=\"color: #ff0000;\"><strong>&gt;&gt;&gt;&gt; K\u00f6r!<\/strong><\/span><\/a><\/p>\n<p><a href=\"https:\/\/vapestornado.com\/sv\/product\/bang-box-30000-30k-puffs-low-nicotine-bulk-buy-rechargeable-digital-display-disposable-vapes-pen-wholesale\/\">Bang Box 30000 <span style=\"color: #ff0000;\"><strong>&gt;&gt;&gt;&gt; K\u00f6r!<\/strong><\/span><\/a><\/p>\n<p><a href=\"https:\/\/vapestornado.com\/sv\/product\/bood-twins-46000-puff-double-flavour-low-nicotine-disposable-vape-wholesale-bulk-buy-price\/\">Bood Twins 46000<span style=\"color: #ff0000;\"><strong>&gt;&gt;&gt;&gt; K\u00f6r!<\/strong><\/span><\/a><\/p>\n<\/div>\n<\/div>\n<\/div>\n<p>&nbsp;<\/p>\n<\/div>\n<\/div>\n<\/div>\n<\/div>\n<\/div>\n<\/div>\n<\/div>\n<\/div>\n<\/div>","protected":false},"excerpt":{"rendered":"<p>WGA Crystal Pro Max Extra 15000 Puffar uppladdningsbar eng\u00e5ngsvape med kristalldesign, meshspoleteknologi, 2% nikotinstyrka och Type-C snabbladdning. Kompakt premiumdesign f\u00f6r j\u00e4mn smakstabil \u00e5nga och stark efterfr\u00e5gan p\u00e5 EU-marknaden.<\/p>\n<p><strong>L\u00e4gg till Amys whatsapp f\u00f6r snabbt svar och vape-kupong!<\/strong><\/p>\n<p><img fetchpriority=\"high\" decoding=\"async\" class=\"size-full wp-image-2932\" src=\"https:\/\/vapestornado.com\/wp-content\/uploads\/2024\/12\/Vape-Wholesale.jpg\" alt=\"Vape Partihandel\" width=\"229\" height=\"300\" \/><\/p>\n<h3><a href=\"https:\/\/wa.me\/8617776015835\"><span style=\"color: #ff0000;\"><strong>WhatsApp: +86 17776015835<\/strong><\/span><\/a><\/h3>\n<p>&nbsp;<\/p>","protected":false},"featured_media":3378,"comment_status":"open","ping_status":"closed","template":"","meta":{"_acf_changed":false,"_uag_custom_page_level_css":"","_lmt_disableupdate":"no","_lmt_disable":"","_monsterinsights_skip_tracking":false,"_monsterinsights_sitenote_active":false,"_monsterinsights_sitenote_note":"","_monsterinsights_sitenote_category":0,"site-sidebar-layout":"default","site-content-layout":"","ast-site-content-layout":"default","site-content-style":"default","site-sidebar-style":"default","ast-global-header-display":"","ast-banner-title-visibility":"","ast-main-header-display":"","ast-hfb-above-header-display":"","ast-hfb-below-header-display":"","ast-hfb-mobile-header-display":"","site-post-title":"","ast-breadcrumbs-content":"","ast-featured-img":"","footer-sml-layout":"","ast-disable-related-posts":"","theme-transparent-header-meta":"default","adv-header-id-meta":"","stick-header-meta":"","header-above-stick-meta":"","header-main-stick-meta":"","header-below-stick-meta":"","astra-migrate-meta-layouts":"set","ast-page-background-enabled":"default","ast-page-background-meta":{"desktop":{"background-color":"","background-image":"","background-repeat":"repeat","background-position":"center center","background-size":"auto","background-attachment":"scroll","background-type":"","background-media":"","overlay-type":"","overlay-color":"","overlay-opacity":"","overlay-gradient":""},"tablet":{"background-color":"","background-image":"","background-repeat":"repeat","background-position":"center center","background-size":"auto","background-attachment":"scroll","background-type":"","background-media":"","overlay-type":"","overlay-color":"","overlay-opacity":"","overlay-gradient":""},"mobile":{"background-color":"","background-image":"","background-repeat":"repeat","background-position":"center center","background-size":"auto","background-attachment":"scroll","background-type":"","background-media":"","overlay-type":"","overlay-color":"","overlay-opacity":"","overlay-gradient":""}},"ast-content-background-meta":{"desktop":{"background-color":"var(--ast-global-color-5)","background-image":"","background-repeat":"repeat","background-position":"center center","background-size":"auto","background-attachment":"scroll","background-type":"","background-media":"","overlay-type":"","overlay-color":"","overlay-opacity":"","overlay-gradient":""},"tablet":{"background-color":"var(--ast-global-color-5)","background-image":"","background-repeat":"repeat","background-position":"center center","background-size":"auto","background-attachment":"scroll","background-type":"","background-media":"","overlay-type":"","overlay-color":"","overlay-opacity":"","overlay-gradient":""},"mobile":{"background-color":"var(--ast-global-color-5)","background-image":"","background-repeat":"repeat","background-position":"center center","background-size":"auto","background-attachment":"scroll","background-type":"","background-media":"","overlay-type":"","overlay-color":"","overlay-opacity":"","overlay-gradient":""}},"_joinchat":{"telephone":"+8617776015835"}},"product_brand":[],"product_cat":[71,153,154,155,141,142,143,59],"product_tag":[165,105,97,166,94,485,202,203,204],"class_list":{"0":"post-3383","1":"product","2":"type-product","3":"status-publish","4":"has-post-thumbnail","6":"product_cat-15000-puff","7":"product_cat-buy-disposable-vapes-in-italy","8":"product_cat-buy-disposable-vapes-in-netherlands","9":"product_cat-buy-disposable-vapes-in-norway","10":"product_cat-crystal-disposable-vapes","11":"product_cat-digital-box-disposable-vapes","12":"product_cat-dual-mesh-disposable-vapes","13":"product_cat-wga-crystal-vape","14":"product_tag-cheap-vapes","15":"product_tag-digital-disposable-vape","16":"product_tag-hot-sale-disposable-vape","17":"product_tag-low-nicotine-vape","18":"product_tag-rechargeable-disposable-vape","19":"product_tag-wga-15k","20":"product_tag-wga-crystal-15000","21":"product_tag-wga-crystal-15k","22":"product_tag-wga-vape","23":"desktop-align-left","24":"tablet-align-left","25":"mobile-align-left","27":"first","28":"instock","29":"sale","30":"shipping-taxable","31":"purchasable","32":"product-type-simple"},"acf":[],"uagb_featured_image_src":{"full":["https:\/\/vapestornado.com\/wp-content\/uploads\/2024\/12\/WGA-Crystal-15000-Rechargeable-Vape.jpg",1000,1000,false],"thumbnail":["https:\/\/vapestornado.com\/wp-content\/uploads\/2024\/12\/WGA-Crystal-15000-Rechargeable-Vape-150x150.jpg",150,150,true],"medium":["https:\/\/vapestornado.com\/wp-content\/uploads\/2024\/12\/WGA-Crystal-15000-Rechargeable-Vape-300x300.jpg",300,300,true],"medium_large":["https:\/\/vapestornado.com\/wp-content\/uploads\/2024\/12\/WGA-Crystal-15000-Rechargeable-Vape-768x768.jpg",768,768,true],"large":["https:\/\/vapestornado.com\/wp-content\/uploads\/2024\/12\/WGA-Crystal-15000-Rechargeable-Vape.jpg",1000,1000,false],"1536x1536":["https:\/\/vapestornado.com\/wp-content\/uploads\/2024\/12\/WGA-Crystal-15000-Rechargeable-Vape.jpg",1000,1000,false],"2048x2048":["https:\/\/vapestornado.com\/wp-content\/uploads\/2024\/12\/WGA-Crystal-15000-Rechargeable-Vape.jpg",1000,1000,false],"trp-custom-language-flag":["https:\/\/vapestornado.com\/wp-content\/uploads\/2024\/12\/WGA-Crystal-15000-Rechargeable-Vape.jpg",12,12,false],"woocommerce_thumbnail":["https:\/\/vapestornado.com\/wp-content\/uploads\/2024\/12\/WGA-Crystal-15000-Rechargeable-Vape-300x300.jpg",300,300,true],"woocommerce_single":["https:\/\/vapestornado.com\/wp-content\/uploads\/2024\/12\/WGA-Crystal-15000-Rechargeable-Vape-600x600.jpg",600,600,true],"woocommerce_gallery_thumbnail":["https:\/\/vapestornado.com\/wp-content\/uploads\/2024\/12\/WGA-Crystal-15000-Rechargeable-Vape-100x100.jpg",100,100,true]},"uagb_author_info":{"display_name":"ESAMY","author_link":"https:\/\/vapestornado.com\/sv\/author\/"},"uagb_comment_info":1,"uagb_excerpt":"WGA Crystal Pro Max Extra 15000 Puffs rechargeable disposable vape with crystal design, mesh coil technology, 2% nicotine strength, and Type-C fast charging. Compact premium design for smooth flavour-stable vapour and strong EU retail demand. Add Amy's whatsapp get right reply and vape coupon! WhatsApp: +86 17776015835 &nbsp;","_links":{"self":[{"href":"https:\/\/vapestornado.com\/sv\/wp-json\/wp\/v2\/product\/3383","targetHints":{"allow":["GET"]}}],"collection":[{"href":"https:\/\/vapestornado.com\/sv\/wp-json\/wp\/v2\/product"}],"about":[{"href":"https:\/\/vapestornado.com\/sv\/wp-json\/wp\/v2\/types\/product"}],"replies":[{"embeddable":true,"href":"https:\/\/vapestornado.com\/sv\/wp-json\/wp\/v2\/comments?post=3383"}],"wp:featuredmedia":[{"embeddable":true,"href":"https:\/\/vapestornado.com\/sv\/wp-json\/wp\/v2\/media\/3378"}],"wp:attachment":[{"href":"https:\/\/vapestornado.com\/sv\/wp-json\/wp\/v2\/media?parent=3383"}],"wp:term":[{"taxonomy":"product_brand","embeddable":true,"href":"https:\/\/vapestornado.com\/sv\/wp-json\/wp\/v2\/product_brand?post=3383"},{"taxonomy":"product_cat","embeddable":true,"href":"https:\/\/vapestornado.com\/sv\/wp-json\/wp\/v2\/product_cat?post=3383"},{"taxonomy":"product_tag","embeddable":true,"href":"https:\/\/vapestornado.com\/sv\/wp-json\/wp\/v2\/product_tag?post=3383"}],"curies":[{"name":"wp","href":"https:\/\/api.w.org\/{rel}","templated":true}]}}