{"id":3367,"date":"2024-12-25T07:28:34","date_gmt":"2024-12-25T07:28:34","guid":{"rendered":"https:\/\/vapestornado.com\/?post_type=product&#038;p=3367"},"modified":"2025-08-23T12:20:25","modified_gmt":"2025-08-23T12:20:25","slug":"bang-box-20000-puffs-0-2-5-low-nicotine-rechargeable-digital-display-disposable-vape-pen-wholesale-bulk-buy","status":"publish","type":"product","link":"https:\/\/vapestornado.com\/sv\/product\/bang-box-20000-puffs-0-2-5-low-nicotine-rechargeable-digital-display-disposable-vape-pen-wholesale-bulk-buy\/","title":{"rendered":"Bang Box 20000 Puffs 0% 2% 5% l\u00e5g nikotin Uppladdningsbar Digital Display Eng\u00e5ngsvape Penna Partihandel Massk\u00f6p"},"content":{"rendered":"<h1 class=\"product-title\">Bang Box 20000 Puffs 0% 2% 5% l\u00e5g nikotin Uppladdningsbar Digital Display Eng\u00e5ngsvape Penna Partihandel Massk\u00f6p<\/h1>\n<p>Den <strong>Bang Box 20000 Puffs Eng\u00e5ngs-Vape<\/strong>, nu tillg\u00e4nglig hos <strong>vapestornado<\/strong>\u2014din betrodda partner f\u00f6r premium vaping-l\u00f6sningar. Denna banbrytande enhet \u00e4r utformad f\u00f6r att tillgodose b\u00e5de tillf\u00e4lliga anv\u00e4ndare och erfarna vapers, och levererar en exceptionell upplevelse genom avancerade funktioner och o\u00f6vertr\u00e4ffad prestanda. Med imponerande <strong>20 000 bloss per enhet<\/strong>s\u00e4kerst\u00e4ller Bang Box l\u00e5ngvarig njutning utan besv\u00e4ret med frekventa byten.<\/p>\n<p>Tillg\u00e4nglig i nikotinstyrkor p\u00e5 <strong>0%, 2%, och 5%<\/strong>\u00e4r denna vape-penna perfekt f\u00f6r de som s\u00f6ker alternativ med l\u00e5g eller ingen nikotin. Oavsett om du \u00e4r en l\u00e4tt anv\u00e4ndare eller en frekvent vaper, erbjuder Bang Box tillfredsst\u00e4llelse anpassad efter dina preferenser.<\/p>\n<h4><strong>Innovativa Funktioner f\u00f6r \u00d6verl\u00e4gsen Vaping<\/strong><\/h4>\n<p>Den <strong>Bang Box 20000 Puffs<\/strong> har en m\u00e4ngd framst\u00e5ende funktioner som lyfter den \u00f6ver standard eng\u00e5ngs-vape-pennor. Den inkluderar en rej\u00e4l <strong>35ml e-v\u00e4tskekapacitet<\/strong>, vilket minskar behovet av frekventa p\u00e5fyllningar. Drivs av en <strong>850mAh uppladdningsbart batteri<\/strong>s\u00e4kerst\u00e4ller denna enhet konsekvent prestanda under l\u00e5nga vaping-sessioner.<\/p>\n<p>A <strong>modern Type-C laddningsport<\/strong> m\u00f6jligg\u00f6r snabb och effektiv laddning, vilket s\u00e4kerst\u00e4ller att du alltid \u00e4r redo att vapea. Den <strong>digital display<\/strong> l\u00e4gger till ett lager av bekv\u00e4mlighet, vilket l\u00e5ter anv\u00e4ndare \u00f6vervaka batteritid och puffantal med l\u00e4tthet.<\/p>\n<p>Den <strong>0.8\u03a9 mesh coil-resistans<\/strong> garanterar smidig \u00e5ngproduktion och rik smakleverans, vilket g\u00f6r varje puff njutbar. Dessutom, <strong>vapestornado<\/strong> erbjuder OEM\/ODM-anpassningsalternativ, perfekt f\u00f6r varum\u00e4rken som vill anpassa f\u00f6rpackningar eller tillgodose specifika marknadskrav.<\/p>\n<h4><strong>Varf\u00f6r v\u00e4lja Bang Box 20000 Puffs?<\/strong><\/h4>\n<p>Denna enhet utm\u00e4rker sig f\u00f6r sin h\u00e5llbarhet, smakalternativ och m\u00e5ngsidighet. Med en elegant, b\u00e4rbar design \u00e4r den idealisk f\u00f6r anv\u00e4ndare p\u00e5 spr\u00e5ng, medan den h\u00f6gkapacitets e-v\u00e4tskebeh\u00e5llaren och det uppladdningsbara batteriet erbjuder bekv\u00e4mlighet f\u00f6r regelbundna vapers. Bang Box finns tillg\u00e4nglig i bulk, vilket g\u00f6r det till ett popul\u00e4rt val f\u00f6r grossister och \u00e5terf\u00f6rs\u00e4ljare som s\u00f6ker p\u00e5litliga, efterfr\u00e5gade produkter.<\/p>\n<p>&nbsp;<\/p>\n<p><span style=\"color: #ff0000;\"><strong>L\u00e4gg till Amys Whatsapp f\u00f6r att f\u00e5 snabbt svar och vape-kupong!<\/strong><\/span><\/p>\n<p><img fetchpriority=\"high\" decoding=\"async\" class=\"size-full wp-image-2932\" src=\"https:\/\/vapestornado.com\/wp-content\/uploads\/2024\/12\/Vape-Wholesale.jpg\" alt=\"Vape Partihandel\" width=\"229\" height=\"300\" \/><\/p>\n<h3><a href=\"https:\/\/wa.me\/8617776015835\" target=\"_blank\" rel=\"noopener\"><span style=\"color: #ff0000;\"><strong>WhatsApp: +86 17776015835<\/strong><\/span><\/a><\/h3>\n<p>&nbsp;<\/p>\n<h2 class=\"product-title\">Bang Box 30000 Eng\u00e5ngsvape<strong> Produktfunktioner<\/strong><\/h2>\n<div role=\"article\" data-tabster=\"{&quot;groupper&quot;:{&quot;tabbability&quot;:2},&quot;focusable&quot;:{}}\" data-content=\"ai-message\" aria-labelledby=\"juhNTJ6o7Gk1cgwZMJgv2-author juhNTJ6o7Gk1cgwZMJgv2-content\">\n<div id=\"juhNTJ6o7Gk1cgwZMJgv2-content\">\n<div role=\"article\" data-tabster=\"{&quot;groupper&quot;:{&quot;tabbability&quot;:2},&quot;focusable&quot;:{}}\" data-content=\"ai-message\" aria-labelledby=\"x4EZuCZWrTbh3weWUt7CU-author x4EZuCZWrTbh3weWUt7CU-content\">\n<div id=\"x4EZuCZWrTbh3weWUt7CU-content\">\n<div class=\"flex max-w-full flex-col flex-grow\">\n<div class=\"min-h-8 text-message flex w-full flex-col items-end gap-2 whitespace-normal break-words text-start [.text-message+&amp;]:mt-5\" dir=\"auto\" data-message-author-role=\"assistant\" data-message-id=\"52c6e00a-252f-4104-805d-2f1a84739c71\" data-message-model-slug=\"gpt-4o\">\n<div class=\"flex w-full flex-col gap-1 empty:hidden first:pt-[3px]\">\n<div class=\"markdown prose w-full break-words dark:prose-invert light\"><\/div>\n<\/div>\n<\/div>\n<\/div>\n<div class=\"mb-2 flex gap-3 empty:hidden -ml-2\">\n<h3><\/h3>\n<ol>\n<li><strong>L\u00e5ngvarig anv\u00e4ndning: <\/strong>Levererar upp till 20 000 puffar, vilket minimerar behovet av byten.<\/li>\n<li><strong>L\u00e5ga nikotinalternativ: <\/strong>Tillg\u00e4nglig i 0%, 2%, och 5% nikotinstyrkor, vilket tillgodoser olika preferenser.<\/li>\n<li><strong>Stor e-v\u00e4tskekapacitet: <\/strong>35ml e-v\u00e4tsketank minskar p\u00e5fyllningsfrekvensen, idealisk f\u00f6r l\u00e5ngvarig anv\u00e4ndning.<\/li>\n<li><strong>Uppladdningsbart batteri: <\/strong>850mAh batteri med Type-C laddning s\u00e4kerst\u00e4ller konsekvent prestanda.<\/li>\n<li><strong>Digitalt visning: <\/strong>\u00d6vervakar batteritid och puffantal f\u00f6r extra bekv\u00e4mlighet.<\/li>\n<li><strong>Smidig \u00e5ngproduktion: <\/strong>0.8\u03a9 mesh coil levererar rika, tillfredsst\u00e4llande smaker varje g\u00e5ng.<\/li>\n<\/ol>\n<\/div>\n<\/div>\n<\/div>\n<\/div>\n<\/div>\n<h2 class=\"product-title\"><strong>Popul\u00e4ra smaker f\u00f6r Bang Box 30k Puffs Eng\u00e5ngsvapes<\/strong><\/h2>\n<p>&nbsp;<\/p>\n<p>1.Jordgubb kiwi<br \/>\n2.Kiwi passionsfrukt guava<br \/>\n3. Jordgubb Vattenmelon <strong><span style=\"color: #ff0000;\">&gt;&gt;&gt;&gt; Het!<\/span><\/strong><br \/>\n4.Hallon vattenmelon<br \/>\n5.Bl\u00e5b\u00e4r sur hallon is <strong><span style=\"color: #ff0000;\">&gt;&gt;&gt;&gt; Het!<\/span><\/strong><br \/>\n6.Vattenmelon is<br \/>\n7.Banan is<br \/>\n8.Mango persika<br \/>\n9.Bl\u00e5 hallon is <strong><span style=\"color: #ff0000;\">&gt;&gt;&gt;&gt; B\u00e4st!<\/span><\/strong><br \/>\n10.Mr bl\u00e5<br \/>\n11.Druva is<br \/>\n12.Mango p\u00e5 is<\/p>\n<figure id=\"attachment_3344\" aria-describedby=\"caption-attachment-3344\" style=\"width: 1126px\" class=\"wp-caption alignnone\"><img decoding=\"async\" class=\"wp-image-3344 size-full\" src=\"https:\/\/vapestornado.com\/wp-content\/uploads\/2024\/12\/Bang-Box-Vape-Disposable-20000-Puffs-20k-Wholesale.jpg\" alt=\"Bang Box Vape Eng\u00e5ngs 20000 bloss 20k Partihandel\" width=\"1126\" height=\"1126\" srcset=\"https:\/\/vapestornado.com\/wp-content\/uploads\/2024\/12\/Bang-Box-Vape-Disposable-20000-Puffs-20k-Wholesale.jpg 1126w, https:\/\/vapestornado.com\/wp-content\/uploads\/2024\/12\/Bang-Box-Vape-Disposable-20000-Puffs-20k-Wholesale-300x300.jpg 300w, https:\/\/vapestornado.com\/wp-content\/uploads\/2024\/12\/Bang-Box-Vape-Disposable-20000-Puffs-20k-Wholesale-1024x1024.jpg 1024w, https:\/\/vapestornado.com\/wp-content\/uploads\/2024\/12\/Bang-Box-Vape-Disposable-20000-Puffs-20k-Wholesale-150x150.jpg 150w, https:\/\/vapestornado.com\/wp-content\/uploads\/2024\/12\/Bang-Box-Vape-Disposable-20000-Puffs-20k-Wholesale-768x768.jpg 768w, https:\/\/vapestornado.com\/wp-content\/uploads\/2024\/12\/Bang-Box-Vape-Disposable-20000-Puffs-20k-Wholesale-600x600.jpg 600w, https:\/\/vapestornado.com\/wp-content\/uploads\/2024\/12\/Bang-Box-Vape-Disposable-20000-Puffs-20k-Wholesale-100x100.jpg 100w\" sizes=\"(max-width: 1126px) 100vw, 1126px\" \/><figcaption id=\"caption-attachment-3344\" class=\"wp-caption-text\">Bang Box Vape Eng\u00e5ngs 20000 bloss 20k Partihandel<\/figcaption><\/figure>\n<div class=\"flex-shrink-0 flex flex-col relative items-end\">\n<div class=\"pt-0\">\n<div class=\"gizmo-bot-avatar flex h-8 w-8 items-center justify-center overflow-hidden rounded-full\">\n<div class=\"relative p-1 rounded-sm flex items-center justify-center bg-token-main-surface-primary text-token-text-primary h-8 w-8\">\n<h3>FAQS f\u00f6r Bang Box 20000 Eng\u00e5ngsvape<\/h3>\n<h3><\/h3>\n<h4>1. <strong>Kan man ta med eng\u00e5ngsvapes p\u00e5 ett flygplan?<\/strong><\/h4>\n<p>Ja, eng\u00e5ngsvapes som Bang Box kan tas med i handbagaget, men se till att enheten \u00e4r avst\u00e4ngd och f\u00f6lj flygbolagets regler f\u00f6r batterier och e-v\u00e4tskor.<\/p>\n<h4>2. <strong>Hur laddar jag Bang Box 20000 Puffs?<\/strong><\/h4>\n<p>Ladda enheten med den medf\u00f6ljande Type-C-laddningsporten. Anslut den till en kompatibel laddare och \u00f6vervaka batteristatusen via den digitala sk\u00e4rmen.<\/p>\n<h4>3. <strong>Hur vet man n\u00e4r Bang Box \u00e4r tom?<\/strong><\/h4>\n<p>Den digitala sk\u00e4rmen p\u00e5 Bang Box visar det \u00e5terst\u00e5ende antalet puffar. Dessutom kan en svag smak eller \u00e5ngproduktion indikera att enheten har slut p\u00e5 e-v\u00e4tska.<\/p>\n<h4>4. <strong>Hur f\u00f6rb\u00e4ttrar den digitala sk\u00e4rmen vejp-upplevelsen?<\/strong><\/h4>\n<p>Sk\u00e4rmen hj\u00e4lper anv\u00e4ndare att h\u00e5lla reda p\u00e5 batteritid och antalet puffar, vilket s\u00e4kerst\u00e4ller att de alltid \u00e4r medvetna om enhetens status f\u00f6r en smidig upplevelse.<\/p>\n<h4>5. <strong>Vilka \u00e4r f\u00f6rdelarna med OEM\/ODM-tj\u00e4nster f\u00f6r Bang Box?<\/strong><\/h4>\n<p>vapestornados OEM\/ODM-alternativ g\u00f6r det m\u00f6jligt f\u00f6r f\u00f6retag att anpassa varum\u00e4rke, f\u00f6rpackning och produktdesign f\u00f6r att b\u00e4ttre anpassa sig till marknadens behov och skapa ett unikt erbjudande f\u00f6r kunder.<\/p>\n<\/div>\n<\/div>\n<\/div>\n<\/div>\n<div class=\"flex-shrink-0 flex flex-col relative items-end\">\n<div class=\"pt-0\">\n<div class=\"gizmo-bot-avatar flex h-8 w-8 items-center justify-center overflow-hidden rounded-full\">\n<div class=\"relative p-1 rounded-sm flex items-center justify-center bg-token-main-surface-primary text-token-text-primary h-8 w-8\">\n<div class=\"mb-2 flex gap-3 empty:hidden -ml-2\">\n<div role=\"article\" data-tabster=\"{&quot;groupper&quot;:{&quot;tabbability&quot;:2},&quot;focusable&quot;:{}}\" data-content=\"ai-message\" aria-labelledby=\"Vdt5ez4X7Tg813x6rFVha-author Vdt5ez4X7Tg813x6rFVha-content\">\n<div id=\"Vdt5ez4X7Tg813x6rFVha-content\">\n<div role=\"article\" data-tabster=\"{&quot;groupper&quot;:{&quot;tabbability&quot;:2},&quot;focusable&quot;:{}}\" data-content=\"ai-message\" aria-labelledby=\"o968oC7CEo2fGHsGdsRYC-author o968oC7CEo2fGHsGdsRYC-content\">\n<div id=\"o968oC7CEo2fGHsGdsRYC-content\">\n<p>&nbsp;<\/p>\n<h3>Varf\u00f6r v\u00e4lja vapestornado f\u00f6r Bang Box 20000 Puffs Vape-grossist?<\/h3>\n<div class=\"flex-shrink-0 flex flex-col relative items-end\">\n<div class=\"pt-0\">\n<div class=\"gizmo-bot-avatar flex h-8 w-8 items-center justify-center overflow-hidden rounded-full\">\n<div class=\"relative p-1 rounded-sm flex items-center justify-center bg-token-main-surface-primary text-token-text-primary h-8 w-8\">\n<p>V\u00e4lkommen till vapestornado, din betrodda online vape-butik f\u00f6r premium eng\u00e5ngsvapes. Med mer \u00e4n 5 \u00e5rs expertis ger vi dig popul\u00e4ra eng\u00e5ngs vape-m\u00e4rken som Fumot RandM Vape, <a href=\"https:\/\/vapestornado.com\/sv\/product\/vapme-crystal-7000-puffs-rechargeable-disposable-vape-wholesale-cheap-price\/\">Vapme<\/a>, Bang Vape, Waspe Vape och WGA Vape, etc.<\/p>\n<p>V\u00e5rt sortiment inkluderar heta f\u00f6rs\u00e4ljningsvapes som <a href=\"https:\/\/vapestornado.com\/sv\/product\/fumot-randm-tornado-15000-puffs-rechargeable-disposable-vape-wholesale\/\">RandM Tornado 15000<\/a>, och smakrika val som <a href=\"https:\/\/vapestornado.com\/sv\/product\/vapsolo-dg-18000-puffs-smart-screen-wholesale-disposable-cheap-vapes\/\">\u00a0Vapsolo DG18000 Puffar<\/a> . Varje produkt \u00e4r utvald med fokus p\u00e5 kvalitet, v\u00e4rde och variation, vilket s\u00e4kerst\u00e4ller att du hittar den perfekta matchningen f\u00f6r dina behov. Uppt\u00e4ck exceptionell service och ett brett utbud av toppprodukter till grossistpris hos vapestornado.<\/p>\n<\/div>\n<p>&nbsp;<\/p>\n<p><strong>Andra heta eng\u00e5ngsvapes<\/strong><\/p>\n<p><a href=\"https:\/\/vapestornado.com\/sv\/product\/aivono-flash-35000-puffs-rechargeable-disposable-vape-bulk-buy\/\">Aivono Flash 35000 Puffar <span style=\"color: #ff0000;\"><strong>&gt;&gt;&gt;&gt; K\u00f6r!<\/strong><\/span><\/a><\/p>\n<p><a href=\"https:\/\/vapestornado.com\/sv\/product\/vapme-crystal-7000-puffs-rechargeable-disposable-vape-wholesale-cheap-price\/\">Vape Crystal 7000 <span style=\"color: #ff0000;\"><strong>&gt;&gt;&gt;&gt; K\u00f6r!<\/strong><\/span><\/a><\/p>\n<p><a href=\"https:\/\/vapestornado.com\/sv\/product\/bood-twins-46000-puff-double-flavour-low-nicotine-disposable-vape-wholesale-bulk-buy-price\/\">Bood Twins 46000<span style=\"color: #ff0000;\"><strong>&gt;&gt;&gt;&gt; K\u00f6r!<\/strong><\/span><\/a><\/p>\n<\/div>\n<\/div>\n<\/div>\n<p>&nbsp;<\/p>\n<\/div>\n<\/div>\n<\/div>\n<\/div>\n<\/div>\n<\/div>\n<\/div>\n<\/div>\n<\/div>","protected":false},"excerpt":{"rendered":"<p>Original Bang Box 20000 Puffs Eng\u00e5ngs-Vapes Puff 20K Vape Penna<br \/>\nBang Box 20K 20000 Puff Uppladdningsbar Eng\u00e5ngs-Vape Billigt Pris<br \/>\nBang Box 20K 20000 Puff Eng\u00e5ngs-Vape med Smart Sk\u00e4rm Digital Display<\/p>\n<p><strong>L\u00e4gg till Amys whatsapp f\u00f6r snabbt svar och vape-kupong!<\/strong><\/p>\n<p><img fetchpriority=\"high\" decoding=\"async\" class=\"size-full wp-image-2932\" src=\"https:\/\/vapestornado.com\/wp-content\/uploads\/2024\/12\/Vape-Wholesale.jpg\" alt=\"Vape Partihandel\" width=\"229\" height=\"300\" \/><\/p>\n<h3><a href=\"https:\/\/wa.me\/8617776015835\"><span style=\"color: #ff0000;\"><strong>WhatsApp: +86 17776015835<\/strong><\/span><\/a><\/h3>\n<p>&nbsp;<\/p>","protected":false},"featured_media":3346,"comment_status":"open","ping_status":"closed","template":"","meta":{"_acf_changed":false,"_uag_custom_page_level_css":"","_lmt_disableupdate":"no","_lmt_disable":"","_monsterinsights_skip_tracking":false,"_monsterinsights_sitenote_active":false,"_monsterinsights_sitenote_note":"","_monsterinsights_sitenote_category":0,"site-sidebar-layout":"default","site-content-layout":"","ast-site-content-layout":"default","site-content-style":"default","site-sidebar-style":"default","ast-global-header-display":"","ast-banner-title-visibility":"","ast-main-header-display":"","ast-hfb-above-header-display":"","ast-hfb-below-header-display":"","ast-hfb-mobile-header-display":"","site-post-title":"","ast-breadcrumbs-content":"","ast-featured-img":"","footer-sml-layout":"","ast-disable-related-posts":"","theme-transparent-header-meta":"default","adv-header-id-meta":"","stick-header-meta":"","header-above-stick-meta":"","header-main-stick-meta":"","header-below-stick-meta":"","astra-migrate-meta-layouts":"set","ast-page-background-enabled":"default","ast-page-background-meta":{"desktop":{"background-color":"","background-image":"","background-repeat":"repeat","background-position":"center center","background-size":"auto","background-attachment":"scroll","background-type":"","background-media":"","overlay-type":"","overlay-color":"","overlay-opacity":"","overlay-gradient":""},"tablet":{"background-color":"","background-image":"","background-repeat":"repeat","background-position":"center center","background-size":"auto","background-attachment":"scroll","background-type":"","background-media":"","overlay-type":"","overlay-color":"","overlay-opacity":"","overlay-gradient":""},"mobile":{"background-color":"","background-image":"","background-repeat":"repeat","background-position":"center center","background-size":"auto","background-attachment":"scroll","background-type":"","background-media":"","overlay-type":"","overlay-color":"","overlay-opacity":"","overlay-gradient":""}},"ast-content-background-meta":{"desktop":{"background-color":"var(--ast-global-color-5)","background-image":"","background-repeat":"repeat","background-position":"center center","background-size":"auto","background-attachment":"scroll","background-type":"","background-media":"","overlay-type":"","overlay-color":"","overlay-opacity":"","overlay-gradient":""},"tablet":{"background-color":"var(--ast-global-color-5)","background-image":"","background-repeat":"repeat","background-position":"center center","background-size":"auto","background-attachment":"scroll","background-type":"","background-media":"","overlay-type":"","overlay-color":"","overlay-opacity":"","overlay-gradient":""},"mobile":{"background-color":"var(--ast-global-color-5)","background-image":"","background-repeat":"repeat","background-position":"center center","background-size":"auto","background-attachment":"scroll","background-type":"","background-media":"","overlay-type":"","overlay-color":"","overlay-opacity":"","overlay-gradient":""}},"_joinchat":{"telephone":"+8617776015835"}},"product_brand":[],"product_cat":[69,64,152,156,160,142,144,19],"product_tag":[200,201,196,165,105,97,166,94],"class_list":{"0":"post-3367","1":"product","2":"type-product","3":"status-publish","4":"has-post-thumbnail","6":"product_cat-20000-puff","7":"product_cat-bangbox-vape","8":"product_cat-buy-disposable-vapes-in-cermany","9":"product_cat-buy-disposable-vapes-in-poland","10":"product_cat-buy-disposable-vapes-in-switzerland","11":"product_cat-digital-box-disposable-vapes","12":"product_cat-low-nicotine-disposable-vapes","13":"product_cat-vapes","14":"product_tag-bang-box-20000","15":"product_tag-bang-box-20k","16":"product_tag-bang-vape","17":"product_tag-cheap-vapes","18":"product_tag-digital-disposable-vape","19":"product_tag-hot-sale-disposable-vape","20":"product_tag-low-nicotine-vape","21":"product_tag-rechargeable-disposable-vape","22":"desktop-align-left","23":"tablet-align-left","24":"mobile-align-left","26":"first","27":"instock","28":"sale","29":"shipping-taxable","30":"purchasable","31":"product-type-simple"},"acf":[],"uagb_featured_image_src":{"full":["https:\/\/vapestornado.com\/wp-content\/uploads\/2024\/12\/Bang-Box-Vape-Disposable-Wholesale-20000-Puffs.jpg",1126,1126,false],"thumbnail":["https:\/\/vapestornado.com\/wp-content\/uploads\/2024\/12\/Bang-Box-Vape-Disposable-Wholesale-20000-Puffs-150x150.jpg",150,150,true],"medium":["https:\/\/vapestornado.com\/wp-content\/uploads\/2024\/12\/Bang-Box-Vape-Disposable-Wholesale-20000-Puffs-300x300.jpg",300,300,true],"medium_large":["https:\/\/vapestornado.com\/wp-content\/uploads\/2024\/12\/Bang-Box-Vape-Disposable-Wholesale-20000-Puffs-768x768.jpg",768,768,true],"large":["https:\/\/vapestornado.com\/wp-content\/uploads\/2024\/12\/Bang-Box-Vape-Disposable-Wholesale-20000-Puffs-1024x1024.jpg",1024,1024,true],"1536x1536":["https:\/\/vapestornado.com\/wp-content\/uploads\/2024\/12\/Bang-Box-Vape-Disposable-Wholesale-20000-Puffs.jpg",1126,1126,false],"2048x2048":["https:\/\/vapestornado.com\/wp-content\/uploads\/2024\/12\/Bang-Box-Vape-Disposable-Wholesale-20000-Puffs.jpg",1126,1126,false],"trp-custom-language-flag":["https:\/\/vapestornado.com\/wp-content\/uploads\/2024\/12\/Bang-Box-Vape-Disposable-Wholesale-20000-Puffs.jpg",12,12,false],"woocommerce_thumbnail":["https:\/\/vapestornado.com\/wp-content\/uploads\/2024\/12\/Bang-Box-Vape-Disposable-Wholesale-20000-Puffs-300x300.jpg",300,300,true],"woocommerce_single":["https:\/\/vapestornado.com\/wp-content\/uploads\/2024\/12\/Bang-Box-Vape-Disposable-Wholesale-20000-Puffs-600x600.jpg",600,600,true],"woocommerce_gallery_thumbnail":["https:\/\/vapestornado.com\/wp-content\/uploads\/2024\/12\/Bang-Box-Vape-Disposable-Wholesale-20000-Puffs-100x100.jpg",100,100,true]},"uagb_author_info":{"display_name":"ESAMY","author_link":"https:\/\/vapestornado.com\/sv\/author\/"},"uagb_comment_info":0,"uagb_excerpt":"Original Bang Box 20000 Puffs Disposable Vapes Puff 20K Vape Pen Bang Box 20K 20000 Puff Rechargeable Disposable Vape Cheap Price Bang Box 20K 20000 Puff Disposable Vape with Smart Screen Digital Display Add Amy's whatsapp get right reply and vape coupon! WhatsApp: +86 17776015835 &nbsp;","_links":{"self":[{"href":"https:\/\/vapestornado.com\/sv\/wp-json\/wp\/v2\/product\/3367","targetHints":{"allow":["GET"]}}],"collection":[{"href":"https:\/\/vapestornado.com\/sv\/wp-json\/wp\/v2\/product"}],"about":[{"href":"https:\/\/vapestornado.com\/sv\/wp-json\/wp\/v2\/types\/product"}],"replies":[{"embeddable":true,"href":"https:\/\/vapestornado.com\/sv\/wp-json\/wp\/v2\/comments?post=3367"}],"wp:featuredmedia":[{"embeddable":true,"href":"https:\/\/vapestornado.com\/sv\/wp-json\/wp\/v2\/media\/3346"}],"wp:attachment":[{"href":"https:\/\/vapestornado.com\/sv\/wp-json\/wp\/v2\/media?parent=3367"}],"wp:term":[{"taxonomy":"product_brand","embeddable":true,"href":"https:\/\/vapestornado.com\/sv\/wp-json\/wp\/v2\/product_brand?post=3367"},{"taxonomy":"product_cat","embeddable":true,"href":"https:\/\/vapestornado.com\/sv\/wp-json\/wp\/v2\/product_cat?post=3367"},{"taxonomy":"product_tag","embeddable":true,"href":"https:\/\/vapestornado.com\/sv\/wp-json\/wp\/v2\/product_tag?post=3367"}],"curies":[{"name":"wp","href":"https:\/\/api.w.org\/{rel}","templated":true}]}}