{"id":3320,"date":"2024-12-23T09:06:12","date_gmt":"2024-12-23T09:06:12","guid":{"rendered":"https:\/\/vapestornado.com\/?post_type=product&#038;p=3320"},"modified":"2025-08-23T12:20:34","modified_gmt":"2025-08-23T12:20:34","slug":"bang-box-35k-puffs-high-capacity-long-lasting-disposable-vape","status":"publish","type":"product","link":"https:\/\/vapestornado.com\/sv\/product\/bang-box-35k-puffs-high-capacity-long-lasting-disposable-vape\/","title":{"rendered":"Bang Box 35k Puffs Eng\u00e5ngs-vape med h\u00f6g kapacitet och l\u00e5ng livsl\u00e4ngd"},"content":{"rendered":"<h1>Bang Box 35k Puffs Eng\u00e5ngs-vape med h\u00f6g kapacitet och l\u00e5ng livsl\u00e4ngd<\/h1>\n<p>&nbsp;<\/p>\n<div role=\"article\" data-tabster=\"{&quot;groupper&quot;:{&quot;tabbability&quot;:2},&quot;focusable&quot;:{}}\" data-content=\"ai-message\" aria-labelledby=\"64JRvXrTnY7mRmPkEQLLT-author 64JRvXrTnY7mRmPkEQLLT-content\">\n<div id=\"64JRvXrTnY7mRmPkEQLLT-content\">\n<p>Bang Box 35k Puff omdefinierar bekv\u00e4mlighet och prestanda i v\u00e4rlden av eng\u00e5ngsvapes. Designad f\u00f6r anv\u00e4ndare som s\u00f6ker l\u00e5ngvarig kraft och rik smak, levererar denna enhet <strong>35 000+ bloss<\/strong> fr\u00e5n dess avancerade installation. Med en <strong>23 ml f\u00f6rfylld e-v\u00e4tskekassett<\/strong> och <strong>justerbart luftfl\u00f6de<\/strong>tillgodoser enheten b\u00e5de MTL- och DTL-vapingstilar, vilket ger en skr\u00e4ddarsydd upplevelse f\u00f6r varje anv\u00e4ndare. Dess <strong>dubbel v\u00e4rmetr\u00e5d mesh k\u00e4rna (0,8\u03a9)<\/strong> fungerar i ett effektomr\u00e5de av <strong>15W-25W<\/strong>, vilket s\u00e4kerst\u00e4ller konsekvent \u00e5ngproduktion och j\u00e4mn smak med varje bloss. Drivs av ett <strong>112040-950mAh rent koboltbatteri<\/strong> med en <strong>5A urladdningshastighet<\/strong>, den levererar p\u00e5litlig, l\u00e5ngvarig prestanda. Det robusta batteriet s\u00e4kerst\u00e4ller ut\u00f6kad anv\u00e4ndning och snabb laddning via sin Type-C-port.<\/p>\n<p>Bang Box 35000 puff vapes kombinerar banbrytande funktioner med elegant design och \u00e4r perfekt f\u00f6r anv\u00e4ndning hela dagen, oavsett om du kopplar av hemma eller \u00e4r p\u00e5 resande fot. Kompakt, kraftfull och m\u00e5ngsidig, det \u00e4r det ultimata valet f\u00f6r vapingentusiaster.<\/p>\n<figure id=\"attachment_3482\" aria-describedby=\"caption-attachment-3482\" style=\"width: 742px\" class=\"wp-caption alignnone\"><img fetchpriority=\"high\" decoding=\"async\" class=\"wp-image-3482\" src=\"https:\/\/vapestornado.com\/wp-content\/uploads\/2024\/12\/Bang-Box-35000-puffs-Top-Sale-Vapes-1024x697.jpg\" alt=\"Bang Box 35000 puff Topps\u00e4ljande vapes\" width=\"742\" height=\"505\" srcset=\"https:\/\/vapestornado.com\/wp-content\/uploads\/2024\/12\/Bang-Box-35000-puffs-Top-Sale-Vapes-1024x697.jpg 1024w, https:\/\/vapestornado.com\/wp-content\/uploads\/2024\/12\/Bang-Box-35000-puffs-Top-Sale-Vapes-300x204.jpg 300w, https:\/\/vapestornado.com\/wp-content\/uploads\/2024\/12\/Bang-Box-35000-puffs-Top-Sale-Vapes-768x523.jpg 768w, https:\/\/vapestornado.com\/wp-content\/uploads\/2024\/12\/Bang-Box-35000-puffs-Top-Sale-Vapes-600x408.jpg 600w, https:\/\/vapestornado.com\/wp-content\/uploads\/2024\/12\/Bang-Box-35000-puffs-Top-Sale-Vapes.jpg 1500w\" sizes=\"(max-width: 742px) 100vw, 742px\" \/><figcaption id=\"caption-attachment-3482\" class=\"wp-caption-text\">Bang Box 35000 puff Topps\u00e4ljande vapes<\/figcaption><\/figure>\n<\/div>\n<\/div>\n<p><img decoding=\"async\" class=\"alignleft wp-image-2951 size-medium\" src=\"https:\/\/vapestornado.com\/wp-content\/uploads\/2024\/12\/Wholesale-Disposable-Vape-265x300.jpg\" alt=\"Grossist Eng\u00e5ngs Vape\" width=\"265\" height=\"300\" srcset=\"https:\/\/vapestornado.com\/wp-content\/uploads\/2024\/12\/Wholesale-Disposable-Vape-265x300.jpg 265w, https:\/\/vapestornado.com\/wp-content\/uploads\/2024\/12\/Wholesale-Disposable-Vape-768x871.jpg 768w, https:\/\/vapestornado.com\/wp-content\/uploads\/2024\/12\/Wholesale-Disposable-Vape-600x680.jpg 600w, https:\/\/vapestornado.com\/wp-content\/uploads\/2024\/12\/Wholesale-Disposable-Vape.jpg 823w\" sizes=\"(max-width: 265px) 100vw, 265px\" \/><\/p>\n<h6>V\u00e4nligen kontakta Mandys WhatsApp f\u00f6r rabatterat pris<a href=\"https:\/\/wa.me\/8618077105796\" target=\"_blank\" rel=\"noopener\">+8618077105796<\/a><\/h6>\n<div class=\"flex max-w-full flex-col flex-grow\">\n<div class=\"min-h-8 text-message flex w-full flex-col items-end gap-2 whitespace-normal break-words text-start [.text-message+&amp;]:mt-5\" dir=\"auto\" data-message-author-role=\"assistant\" data-message-id=\"cdb991c0-f594-4bff-b2d5-fbbdd7ce9e54\" data-message-model-slug=\"gpt-4o-mini\">\n<div class=\"flex w-full flex-col gap-1 empty:hidden first:pt-[3px]\">\n<div class=\"markdown prose w-full break-words dark:prose-invert light\">\n<h2>bang vape 35k Puff Specifikationer<\/h2>\n<ul>\n<li><strong>Puffar<\/strong>: 35,000+<\/li>\n<li><strong>E-v\u00e4tska<\/strong>: 23 ml f\u00f6rfylld kassett<\/li>\n<li><strong>Nikotin<\/strong>: 0%, 2%, 3%, 5% alternativ<\/li>\n<li><strong>Batteri<\/strong>: 950mAh, Typ-C uppladdningsbar<\/li>\n<li><strong>Spolar<\/strong>: <strong>dubbel v\u00e4rmetr\u00e5d mesh k\u00e4rna (0,8\u03a9)<\/strong><\/li>\n<li><strong>Sk\u00e4rmar<\/strong>: Dubbel med touchkontroller<\/li>\n<li><strong>L\u00e4gen<\/strong>: 3-l\u00e4ges luftfl\u00f6de, 2-l\u00e4ges effektomkoppling<\/li>\n<li><strong>Funktioner<\/strong>: Justerbart luftfl\u00f6de, kompakt och anv\u00e4ndarv\u00e4nlig<\/li>\n<\/ul>\n<\/div>\n<\/div>\n<\/div>\n<\/div>\n<div class=\"mb-2 flex gap-3 empty:hidden -ml-2\">\n<h2 class=\"items-center justify-start rounded-xl p-1 flex\"><\/h2>\n<\/div>\n<h2>B\u00e4sta eng\u00e5ngsvapes med h\u00f6g kapacitet Bang Box 35k Puffar Smaklista:<\/h2>\n<p>1. JORDGUBBE KIWI<br \/>\n2. BL\u00c5 HALLON IS<br \/>\n3. JORDGUBBE VATTENMELON<br \/>\n4. PASSIONSFRUKT<br \/>\n5. CITRON COLA L\u00c4SK<br \/>\n6. VATTENMELON IS<br \/>\n7. VATTENMELON BUBBELGUM<br \/>\n8. KIWI PASSIONSFRUKT GUAVA<br \/>\n9. BL\u00c5B\u00c4R IS<br \/>\n10. VATTENMELON K\u00d6RSB\u00c4R<br \/>\n11. RED BULL<br \/>\n12. MINT GRAPEFRUKT<\/p>\n<div role=\"article\" data-tabster=\"{&quot;groupper&quot;:{&quot;tabbability&quot;:2},&quot;focusable&quot;:{}}\" data-content=\"ai-message\" aria-labelledby=\"dARUyEWDoEYhnSPXFwx5A-author dARUyEWDoEYhnSPXFwx5A-content\">\n<div id=\"dARUyEWDoEYhnSPXFwx5A-content\">\n<h3>Varf\u00f6r v\u00e4lja Bang Box 35000 Puff vape-poddar hos <a href=\"https:\/\/vapestornado.com\/sv\/store\/\">vapestornado.se<\/a>?<\/h3>\n<ul>\n<li><strong>O\u00f6vertr\u00e4ffad kapacitet<\/strong>: Njut av <strong>35 000+ bloss<\/strong> med en gener\u00f6s <strong>23 ml e-v\u00e4tska<\/strong> och <strong>justerbart luftfl\u00f6de<\/strong> f\u00f6r en skr\u00e4ddarsydd vapingupplevelse.<\/li>\n<li><strong>Avancerad Teknik<\/strong>: Drivs av ett <strong>950mAh rent koboltbatteri<\/strong> med <strong>5A urladdning<\/strong> och en <strong>dubbel mesh-k\u00e4rna (0,8\u03a9)<\/strong> levererar <strong>15W-25W<\/strong> utg\u00e5ng.<\/li>\n<li><strong>Anv\u00e4ndarv\u00e4nlig<\/strong>: Kompakt, elegant design med Type-C snabbladdning f\u00f6r ultimat bekv\u00e4mlighet.<\/li>\n<li><strong>vapestornado.com F\u00f6rdelar<\/strong>: Autentiska produkter, konkurrenskraftiga priser och snabb leverans \u00f6ver hela Europa.<\/li>\n<\/ul>\n<\/div>\n<\/div>\n<h3>Vanliga fr\u00e5gor om Bang Box l\u00e5ngvarig vape med 35000 bloss<\/h3>\n<p><strong>F: Hur l\u00e4nge r\u00e4cker Bang Box 35 000 Puff vape?<\/strong><br \/>\nS: Den levererar <strong>35 000 bloss<\/strong>\u00a0med en h\u00e5llbar <strong>950mAh rent koboltbatteri<\/strong>, vilket s\u00e4kerst\u00e4ller l\u00e5ngvarig anv\u00e4ndning.<\/p>\n<p><strong>F: Kan luftfl\u00f6det justeras?<\/strong><br \/>\nS: Ja, den har <strong>justerbart luftfl\u00f6de<\/strong>, l\u00e4mplig f\u00f6r b\u00e5de MTL- och DTL-vapingstilar.<\/p>\n<p><strong>F: Vad g\u00f6r Wholesale Vape Bang Box 35k puff unik?<\/strong><br \/>\nS: Den \u00e4r utrustad med <strong>dubbel mesh v\u00e4rmetr\u00e5d (0,8\u03a9)<\/strong>, erbjuder <strong>15W-25W uteffekt<\/strong>, och kombinerar elegant design med innovativ teknik f\u00f6r \u00f6verl\u00e4gsen prestanda.<\/p>\n<p><strong>F: Var kan jag k\u00f6pa Bang Box vape 35000 puff Rechargeable Vape?<\/strong><br \/>\nS: Den finns tillg\u00e4nglig hos <strong>vapestornado.se<\/strong>, som erbjuder autentiska produkter, bra priser och snabb europeisk frakt.<\/p>","protected":false},"excerpt":{"rendered":"<p>Bang Box 35000 Puff erbjuder h\u00f6g kapacitet, l\u00e5ngvarig vaping med 35 000 bloss, premiumsmaker och en elegant, b\u00e4rbar design f\u00f6r en exceptionell vapingupplevelse.<\/p>\n<figure id=\"attachment_2951\" aria-describedby=\"caption-attachment-2951\" style=\"width: 265px\" class=\"wp-caption alignnone\"><img decoding=\"async\" class=\"size-medium wp-image-2951\" src=\"https:\/\/vapestornado.com\/wp-content\/uploads\/2024\/12\/Wholesale-Disposable-Vape-265x300.jpg\" alt=\"Grossist Eng\u00e5ngs Vape\" width=\"265\" height=\"300\" srcset=\"https:\/\/vapestornado.com\/wp-content\/uploads\/2024\/12\/Wholesale-Disposable-Vape-265x300.jpg 265w, https:\/\/vapestornado.com\/wp-content\/uploads\/2024\/12\/Wholesale-Disposable-Vape-768x871.jpg 768w, https:\/\/vapestornado.com\/wp-content\/uploads\/2024\/12\/Wholesale-Disposable-Vape-600x680.jpg 600w, https:\/\/vapestornado.com\/wp-content\/uploads\/2024\/12\/Wholesale-Disposable-Vape.jpg 823w\" sizes=\"(max-width: 265px) 100vw, 265px\" \/><figcaption id=\"caption-attachment-2951\" class=\"wp-caption-text\">V\u00e4nligen kontakta Mandys WhatsApp f\u00f6r rabatterat pris\u00a0 <a href=\"https:\/\/wa.me\/8618077105796\">+8618077105796<\/a><\/figcaption><\/figure>\n<p>&nbsp;<\/p>","protected":false},"featured_media":3480,"comment_status":"open","ping_status":"closed","template":"","meta":{"_acf_changed":false,"_uag_custom_page_level_css":"","_lmt_disableupdate":"no","_lmt_disable":"","_monsterinsights_skip_tracking":false,"_monsterinsights_sitenote_active":false,"_monsterinsights_sitenote_note":"","_monsterinsights_sitenote_category":0,"site-sidebar-layout":"default","site-content-layout":"","ast-site-content-layout":"default","site-content-style":"default","site-sidebar-style":"default","ast-global-header-display":"","ast-banner-title-visibility":"","ast-main-header-display":"","ast-hfb-above-header-display":"","ast-hfb-below-header-display":"","ast-hfb-mobile-header-display":"","site-post-title":"","ast-breadcrumbs-content":"","ast-featured-img":"","footer-sml-layout":"","ast-disable-related-posts":"","theme-transparent-header-meta":"default","adv-header-id-meta":"","stick-header-meta":"","header-above-stick-meta":"","header-main-stick-meta":"","header-below-stick-meta":"","astra-migrate-meta-layouts":"set","ast-page-background-enabled":"default","ast-page-background-meta":{"desktop":{"background-color":"","background-image":"","background-repeat":"repeat","background-position":"center center","background-size":"auto","background-attachment":"scroll","background-type":"","background-media":"","overlay-type":"","overlay-color":"","overlay-opacity":"","overlay-gradient":""},"tablet":{"background-color":"","background-image":"","background-repeat":"repeat","background-position":"center center","background-size":"auto","background-attachment":"scroll","background-type":"","background-media":"","overlay-type":"","overlay-color":"","overlay-opacity":"","overlay-gradient":""},"mobile":{"background-color":"","background-image":"","background-repeat":"repeat","background-position":"center center","background-size":"auto","background-attachment":"scroll","background-type":"","background-media":"","overlay-type":"","overlay-color":"","overlay-opacity":"","overlay-gradient":""}},"ast-content-background-meta":{"desktop":{"background-color":"var(--ast-global-color-5)","background-image":"","background-repeat":"repeat","background-position":"center center","background-size":"auto","background-attachment":"scroll","background-type":"","background-media":"","overlay-type":"","overlay-color":"","overlay-opacity":"","overlay-gradient":""},"tablet":{"background-color":"var(--ast-global-color-5)","background-image":"","background-repeat":"repeat","background-position":"center center","background-size":"auto","background-attachment":"scroll","background-type":"","background-media":"","overlay-type":"","overlay-color":"","overlay-opacity":"","overlay-gradient":""},"mobile":{"background-color":"var(--ast-global-color-5)","background-image":"","background-repeat":"repeat","background-position":"center center","background-size":"auto","background-attachment":"scroll","background-type":"","background-media":"","overlay-type":"","overlay-color":"","overlay-opacity":"","overlay-gradient":""}},"_joinchat":{"telephone":"+8618077105796"}},"product_brand":[],"product_cat":[175,64,150,158],"product_tag":[179,97],"class_list":{"0":"post-3320","1":"product","2":"type-product","3":"status-publish","4":"has-post-thumbnail","6":"product_cat-35000-puff","7":"product_cat-bangbox-vape","8":"product_cat-buy-disposable-vapes-in-belgium","9":"product_cat-buy-disposable-vapes-in-spain","10":"product_tag-bang-box-35000","11":"product_tag-hot-sale-disposable-vape","12":"desktop-align-left","13":"tablet-align-left","14":"mobile-align-left","16":"first","17":"instock","18":"sale","19":"shipping-taxable","20":"purchasable","21":"product-type-simple"},"acf":[],"uagb_featured_image_src":{"full":["https:\/\/vapestornado.com\/wp-content\/uploads\/2024\/12\/Bang-Box-35k-puff-disposable-Vape-good-price.jpg",800,800,false],"thumbnail":["https:\/\/vapestornado.com\/wp-content\/uploads\/2024\/12\/Bang-Box-35k-puff-disposable-Vape-good-price-150x150.jpg",150,150,true],"medium":["https:\/\/vapestornado.com\/wp-content\/uploads\/2024\/12\/Bang-Box-35k-puff-disposable-Vape-good-price-300x300.jpg",300,300,true],"medium_large":["https:\/\/vapestornado.com\/wp-content\/uploads\/2024\/12\/Bang-Box-35k-puff-disposable-Vape-good-price-768x768.jpg",768,768,true],"large":["https:\/\/vapestornado.com\/wp-content\/uploads\/2024\/12\/Bang-Box-35k-puff-disposable-Vape-good-price.jpg",800,800,false],"1536x1536":["https:\/\/vapestornado.com\/wp-content\/uploads\/2024\/12\/Bang-Box-35k-puff-disposable-Vape-good-price.jpg",800,800,false],"2048x2048":["https:\/\/vapestornado.com\/wp-content\/uploads\/2024\/12\/Bang-Box-35k-puff-disposable-Vape-good-price.jpg",800,800,false],"trp-custom-language-flag":["https:\/\/vapestornado.com\/wp-content\/uploads\/2024\/12\/Bang-Box-35k-puff-disposable-Vape-good-price.jpg",12,12,false],"woocommerce_thumbnail":["https:\/\/vapestornado.com\/wp-content\/uploads\/2024\/12\/Bang-Box-35k-puff-disposable-Vape-good-price-300x300.jpg",300,300,true],"woocommerce_single":["https:\/\/vapestornado.com\/wp-content\/uploads\/2024\/12\/Bang-Box-35k-puff-disposable-Vape-good-price-600x600.jpg",600,600,true],"woocommerce_gallery_thumbnail":["https:\/\/vapestornado.com\/wp-content\/uploads\/2024\/12\/Bang-Box-35k-puff-disposable-Vape-good-price-100x100.jpg",100,100,true]},"uagb_author_info":{"display_name":"ESMANDY","author_link":"https:\/\/vapestornado.com\/sv\/author\/"},"uagb_comment_info":0,"uagb_excerpt":"Bang Box 35000 Puffs offers high-capacity, long-lasting vaping with 35,000 puffs, premium flavors, and a sleek, portable design for an exceptional vaping experience. [caption id=\"attachment_2951\" align=\"alignnone\" width=\"265\"] Pls Contact Mandy's WhatsApp For Discount Price\u00a0 +8618077105796[\/caption] &nbsp;","_links":{"self":[{"href":"https:\/\/vapestornado.com\/sv\/wp-json\/wp\/v2\/product\/3320","targetHints":{"allow":["GET"]}}],"collection":[{"href":"https:\/\/vapestornado.com\/sv\/wp-json\/wp\/v2\/product"}],"about":[{"href":"https:\/\/vapestornado.com\/sv\/wp-json\/wp\/v2\/types\/product"}],"replies":[{"embeddable":true,"href":"https:\/\/vapestornado.com\/sv\/wp-json\/wp\/v2\/comments?post=3320"}],"wp:featuredmedia":[{"embeddable":true,"href":"https:\/\/vapestornado.com\/sv\/wp-json\/wp\/v2\/media\/3480"}],"wp:attachment":[{"href":"https:\/\/vapestornado.com\/sv\/wp-json\/wp\/v2\/media?parent=3320"}],"wp:term":[{"taxonomy":"product_brand","embeddable":true,"href":"https:\/\/vapestornado.com\/sv\/wp-json\/wp\/v2\/product_brand?post=3320"},{"taxonomy":"product_cat","embeddable":true,"href":"https:\/\/vapestornado.com\/sv\/wp-json\/wp\/v2\/product_cat?post=3320"},{"taxonomy":"product_tag","embeddable":true,"href":"https:\/\/vapestornado.com\/sv\/wp-json\/wp\/v2\/product_tag?post=3320"}],"curies":[{"name":"wp","href":"https:\/\/api.w.org\/{rel}","templated":true}]}}