{"id":3303,"date":"2024-12-20T09:07:38","date_gmt":"2024-12-20T09:07:38","guid":{"rendered":"https:\/\/vapestornado.com\/?post_type=product&#038;p=3303"},"modified":"2025-08-23T12:21:46","modified_gmt":"2025-08-23T12:21:46","slug":"bood-infinity-30000-30k-puff-low-nicotine-disposable-vape-cheap-price","status":"publish","type":"product","link":"https:\/\/vapestornado.com\/sv\/product\/bood-infinity-30000-30k-puff-low-nicotine-disposable-vape-cheap-price\/","title":{"rendered":"Bood Infinity 30000 30k Puff Eng\u00e5ngsvape med L\u00e5g Nikotinhalt Billigt Pris"},"content":{"rendered":"<h1 class=\"product-title\">Bood Infinity 30000 30k Puff Eng\u00e5ngsvape med L\u00e5g Nikotinhalt Billigt Pris<\/h1>\n<p>Den <strong data-start=\"288\" data-end=\"333\">Bood Infinity 30000 Puffs Eng\u00e5ngsvape<\/strong> \u00e4r designad f\u00f6r vejpare som kr\u00e4ver l\u00e5ngvarig prestanda till ett konkurrenskraftigt grossistpris. Levererar upp till <strong data-start=\"444\" data-end=\"467\">30 000 j\u00e4mna bloss<\/strong>kombinerar den bekv\u00e4mlighet med avancerade funktioner, vilket g\u00f6r den till en framst\u00e5ende produkt inom kategorin <strong data-start=\"557\" data-end=\"590\">eng\u00e5ngsvapes med l\u00e5g nikotinhalt<\/strong>.<\/p>\n<p>Drivs av ett <strong data-start=\"614\" data-end=\"645\">650mAh uppladdningsbart batteri<\/strong> med <strong data-start=\"651\" data-end=\"675\">Typ-C snabbladdning<\/strong>denna enhet s\u00e4kerst\u00e4ller tillf\u00f6rlitlighet f\u00f6r ut\u00f6kade sessioner. Den <strong data-start=\"736\" data-end=\"757\">smarta LED-displayen<\/strong> ger uppdateringar i realtid om antal bloss och batteristatus, medan <strong data-start=\"829\" data-end=\"858\">justerbart luftfl\u00f6dessystem<\/strong> l\u00e5ter anv\u00e4ndarna skr\u00e4ddarsy sitt drag \u2013 oavsett om de f\u00f6redrar en stram tr\u00e4ff eller en mjukare inandning.<\/p>\n<p>F\u00f6rfylld med h\u00f6gkvalitativ e-v\u00e4tska erbjuder Bood Infinity 30K b\u00e5de <strong data-start=\"1029\" data-end=\"1064\">2% och 5% nikotinsaltalternativ<\/strong>vilket tilltalar b\u00e5de tillf\u00e4lliga och erfarna vejpare. Dess kompakta, stilrena design g\u00f6r den resev\u00e4nlig, medan bulkf\u00f6rpackningen s\u00e4kerst\u00e4ller utm\u00e4rkt v\u00e4rde f\u00f6r \u00e5terf\u00f6rs\u00e4ljare och distribut\u00f6rer i hela Sverige.<\/p>\n<p>Perfekt f\u00f6r dem som s\u00f6ker <strong data-start=\"1295\" data-end=\"1334\">billiga eng\u00e5ngsvejps i grossistledet<\/strong>balanserar Bood Infinity 30K pris, prestanda och smakvariation, vilket g\u00f6r den till ett m\u00e5ste f\u00f6r alla vape-inventarier.<\/p>\n<p>&nbsp;<\/p>\n<p><strong>L\u00e4gg till Amys Whatsapp f\u00f6r att f\u00e5 snabbt svar och vape-kupong!<\/strong><\/p>\n<p><img fetchpriority=\"high\" decoding=\"async\" class=\"size-full wp-image-2932\" src=\"https:\/\/vapestornado.com\/wp-content\/uploads\/2024\/12\/Vape-Wholesale.jpg\" alt=\"Vape Partihandel\" width=\"229\" height=\"300\" \/><\/p>\n<h3><a href=\"https:\/\/wa.me\/8617776015835\" target=\"_blank\" rel=\"noopener\"><span style=\"color: #ff0000;\"><strong>WhatsApp: +86 17776015835<\/strong><\/span><\/a><\/h3>\n<p>&nbsp;<\/p>\n<p><span style=\"font-size: 1.5em; font-weight: bold;\">Bood Infinity 30000 Viktiga produktfunktioner\u00a0<\/span><\/p>\n<div role=\"article\" data-tabster=\"{&quot;groupper&quot;:{&quot;tabbability&quot;:2},&quot;focusable&quot;:{}}\" data-content=\"ai-message\" aria-labelledby=\"juhNTJ6o7Gk1cgwZMJgv2-author juhNTJ6o7Gk1cgwZMJgv2-content\">\n<div id=\"juhNTJ6o7Gk1cgwZMJgv2-content\">\n<div role=\"article\" data-tabster=\"{&quot;groupper&quot;:{&quot;tabbability&quot;:2},&quot;focusable&quot;:{}}\" data-content=\"ai-message\" aria-labelledby=\"x4EZuCZWrTbh3weWUt7CU-author x4EZuCZWrTbh3weWUt7CU-content\">\n<div id=\"x4EZuCZWrTbh3weWUt7CU-content\">\n<ol start=\"1\">\n<li><strong>30000 bloss, o\u00e4ndlig njutning<\/strong><\/li>\n<li><strong>650mAh uppladdningsbart batteri<\/strong><\/li>\n<li><strong>smarta LED-sk\u00e4rmen<\/strong><\/li>\n<li><strong>Justerbart luftfl\u00f6de f\u00f6r anpassad vaping<\/strong><\/li>\n<li><strong>H\u00f6g kvalitet till l\u00e5ga grossistpriser<\/strong><\/li>\n<\/ol>\n<\/div>\n<\/div>\n<\/div>\n<\/div>\n<h2 class=\"product-title\"><strong>Popul\u00e4ra smaker f\u00f6r Bood Infinity 30k Puffs<\/strong><\/h2>\n<p>1 JORDGUBBE VATTENMELON<strong><span style=\"color: #ff0000;\">&gt;&gt;&gt;&gt;&gt; Hett!<\/span><\/strong><br \/>\n2 PERSJIKA MANGO ANANAS<br \/>\n3 VATTENMELON<br \/>\n4 B\u00c4REXPLOSION<br \/>\n5 JORDGUBBE KIWI<br \/>\n6 HAWAII<br \/>\n8 BL\u00c5B\u00c4R LEMONAD<br \/>\n9 SVART IS<br \/>\n10 TIFFANY <strong><span style=\"color: #ff0000;\">&gt;&gt;&gt;&gt; B\u00e4st!<\/span><\/strong><\/p>\n<p>&nbsp;<\/p>\n<figure id=\"attachment_3290\" aria-describedby=\"caption-attachment-3290\" style=\"width: 300px\" class=\"wp-caption alignnone\"><img decoding=\"async\" class=\"size-medium wp-image-3290\" src=\"https:\/\/vapestornado.com\/wp-content\/uploads\/2024\/12\/Bood-Infinity-30000-Puff-Disposable-Vape-Wholesale-300x300.jpg\" alt=\"Bood Infinity 30000 Puff Eng\u00e5ngsvape Grossist\" width=\"300\" height=\"300\" srcset=\"https:\/\/vapestornado.com\/wp-content\/uploads\/2024\/12\/Bood-Infinity-30000-Puff-Disposable-Vape-Wholesale-300x300.jpg 300w, https:\/\/vapestornado.com\/wp-content\/uploads\/2024\/12\/Bood-Infinity-30000-Puff-Disposable-Vape-Wholesale-150x150.jpg 150w, https:\/\/vapestornado.com\/wp-content\/uploads\/2024\/12\/Bood-Infinity-30000-Puff-Disposable-Vape-Wholesale-768x768.jpg 768w, https:\/\/vapestornado.com\/wp-content\/uploads\/2024\/12\/Bood-Infinity-30000-Puff-Disposable-Vape-Wholesale-600x600.jpg 600w, https:\/\/vapestornado.com\/wp-content\/uploads\/2024\/12\/Bood-Infinity-30000-Puff-Disposable-Vape-Wholesale-100x100.jpg 100w, https:\/\/vapestornado.com\/wp-content\/uploads\/2024\/12\/Bood-Infinity-30000-Puff-Disposable-Vape-Wholesale.jpg 800w\" sizes=\"(max-width: 300px) 100vw, 300px\" \/><figcaption id=\"caption-attachment-3290\" class=\"wp-caption-text\">Bood Infinity 30000 Puff Eng\u00e5ngsvape Grossist<\/figcaption><\/figure>\n<h3>Varf\u00f6r v\u00e4lja vapestornado f\u00f6r Bood Infinity 30000 30k Puffs Vape Grossist?<\/h3>\n<div class=\"flex-shrink-0 flex flex-col relative items-end\">\n<div class=\"pt-0\">\n<div class=\"gizmo-bot-avatar flex h-8 w-8 items-center justify-center overflow-hidden rounded-full\">\n<div class=\"relative p-1 rounded-sm flex items-center justify-center bg-token-main-surface-primary text-token-text-primary h-8 w-8\">\n<p>V\u00e4lkommen till vapestornado, din betrodda online vape-butik f\u00f6r premium eng\u00e5ngsvapes. Med mer \u00e4n 5 \u00e5rs expertis ger vi dig popul\u00e4ra eng\u00e5ngs vape-m\u00e4rken som Fumot RandM Vape, <a href=\"https:\/\/vapestornado.com\/sv\/product\/vapme-crystal-7000-puffs-rechargeable-disposable-vape-wholesale-cheap-price\/\">Vapme<\/a>, Bang Vape, Waspe Vape och WGA Vape, etc.<\/p>\n<p>V\u00e5rt sortiment inkluderar heta f\u00f6rs\u00e4ljningsvapes som <a href=\"https:\/\/vapestornado.com\/sv\/product\/fumot-randm-tornado-15000-puffs-rechargeable-disposable-vape-wholesale\/\">RandM Tornado 15000<\/a>, och smakrika val som <a href=\"https:\/\/vapestornado.com\/sv\/product\/vapsolo-dg-18000-puffs-smart-screen-wholesale-disposable-cheap-vapes\/\">\u00a0Vapsolo DG18000 Puffar<\/a> . Varje produkt \u00e4r utvald med fokus p\u00e5 kvalitet, v\u00e4rde och variation, vilket s\u00e4kerst\u00e4ller att du hittar den perfekta matchningen f\u00f6r dina behov. Uppt\u00e4ck exceptionell service och ett brett utbud av toppprodukter till grossistpris hos vapestornado.<\/p>\n<\/div>\n<h3><\/h3>\n<div class=\"relative p-1 rounded-sm flex items-center justify-center bg-token-main-surface-primary text-token-text-primary h-8 w-8\">\n<h3>FAQS f\u00f6r Bood Infinity 30k Eng\u00e5ngsvape<\/h3>\n<\/div>\n<\/div>\n<\/div>\n<\/div>\n<div class=\"flex-shrink-0 flex flex-col relative items-end\">\n<div class=\"pt-0\">\n<div class=\"gizmo-bot-avatar flex h-8 w-8 items-center justify-center overflow-hidden rounded-full\">\n<div class=\"relative p-1 rounded-sm flex items-center justify-center bg-token-main-surface-primary text-token-text-primary h-8 w-8\">\n<div class=\"mb-2 flex gap-3 empty:hidden -ml-2\">\n<div role=\"article\" data-tabster=\"{&quot;groupper&quot;:{&quot;tabbability&quot;:2},&quot;focusable&quot;:{}}\" data-content=\"ai-message\" aria-labelledby=\"Vdt5ez4X7Tg813x6rFVha-author Vdt5ez4X7Tg813x6rFVha-content\">\n<div id=\"Vdt5ez4X7Tg813x6rFVha-content\">\n<div role=\"article\" data-tabster=\"{&quot;groupper&quot;:{&quot;tabbability&quot;:2},&quot;focusable&quot;:{}}\" data-content=\"ai-message\" aria-labelledby=\"o968oC7CEo2fGHsGdsRYC-author o968oC7CEo2fGHsGdsRYC-content\">\n<div id=\"o968oC7CEo2fGHsGdsRYC-content\">\n<div class=\"flex max-w-full flex-col flex-grow\">\n<div class=\"min-h-8 text-message flex w-full flex-col items-end gap-2 whitespace-normal break-words text-start [.text-message+&amp;]:mt-5\" dir=\"auto\" data-message-author-role=\"assistant\" data-message-id=\"b080906d-586a-45a5-bbed-ade28bd7e809\" data-message-model-slug=\"gpt-4o\">\n<div class=\"flex w-full flex-col gap-1 empty:hidden first:pt-[3px]\">\n<div class=\"markdown prose w-full break-words dark:prose-invert light\">\n<h3><\/h3>\n<div role=\"article\" data-tabster=\"{&quot;groupper&quot;:{&quot;tabbability&quot;:2},&quot;focusable&quot;:{}}\" data-content=\"ai-message\" aria-labelledby=\"56SXh4AMWhyZudHYw72d2-author} 56SXh4AMWhyZudHYw72d2-content-0\">\n<div id=\"56SXh4AMWhyZudHYw72d2-content-0\">\n<ol start=\"1\">\n<li><strong>Hur m\u00e5nga bloss erbjuder Bood Infinity 30k?<\/strong> Bood Infinity 30000 erbjuder upp till 30000 bloss f\u00f6r l\u00e5ngvarig njutning.<\/li>\n<li><strong>Vilka funktioner ger LED-smartsk\u00e4rmen?<\/strong> LED-smartsk\u00e4rmen visar batteriniv\u00e5 och antal bloss, s\u00e5 att du alltid \u00e4r informerad.<\/li>\n<li><strong>\u00c4r Bood Infinity 30k uppladdningsbar?<\/strong> Ja, den levereras med ett uppladdningsbart 650mAh-batteri f\u00f6r kontinuerlig anv\u00e4ndning.<\/li>\n<li><strong>Hur kan jag justera luftfl\u00f6det p\u00e5 Bood 30000?<\/strong> Bood Infinity 30000 har ett justerbart luftfl\u00f6dessystem som g\u00f6r att du kan anpassa din vapingupplevelse.<\/li>\n<li><strong>Var kan jag k\u00f6pa Bood Infinity 30k till ett grossistpris?<\/strong> Du kan k\u00f6pa Bood Infinity 30000 till grossistpriser fr\u00e5n <strong>vapestornado online vape butik<\/strong>.<\/li>\n<\/ol>\n<\/div>\n<\/div>\n<\/div>\n<\/div>\n<\/div>\n<\/div>\n<div class=\"mb-2 flex gap-3 empty:hidden -ml-2\">\n<div class=\"items-center justify-start rounded-xl p-1 flex\"><\/div>\n<\/div>\n<\/div>\n<\/div>\n<\/div>\n<\/div>\n<\/div>\n<\/div>\n<\/div>\n<\/div>\n<\/div>","protected":false},"excerpt":{"rendered":"<p>Bood Infinity 30000 Puffs 2% 5% L\u00e5g Nikotin Eng\u00e5ngsvape Partipris<br \/>\nBood Infinity 30000 Puffs Uppladdningsbar Eng\u00e5ngsvape Grossist<br \/>\nBillig Fabriks Bood Infinity 30000 Puffs 2% 5% L\u00e5g Nikotin Eng\u00e5ngsvape<\/p>\n<p><strong>L\u00e4gg till Amys whatsapp f\u00f6r snabbt svar och vape-kupong!<\/strong><\/p>\n<p><img fetchpriority=\"high\" decoding=\"async\" class=\"size-full wp-image-2932\" src=\"https:\/\/vapestornado.com\/wp-content\/uploads\/2024\/12\/Vape-Wholesale.jpg\" alt=\"Vape Partihandel\" width=\"229\" height=\"300\" \/><\/p>\n<h3><a href=\"https:\/\/wa.me\/8617776015835\"><span style=\"color: #ff0000;\"><strong>WhatsApp: +86 17776015835<\/strong><\/span><\/a><\/h3>\n<p>&nbsp;<\/p>","protected":false},"featured_media":3292,"comment_status":"open","ping_status":"closed","template":"","meta":{"_acf_changed":false,"_uag_custom_page_level_css":"","_lmt_disableupdate":"no","_lmt_disable":"","_monsterinsights_skip_tracking":false,"_monsterinsights_sitenote_active":false,"_monsterinsights_sitenote_note":"","_monsterinsights_sitenote_category":0,"site-sidebar-layout":"default","site-content-layout":"","ast-site-content-layout":"default","site-content-style":"default","site-sidebar-style":"default","ast-global-header-display":"","ast-banner-title-visibility":"","ast-main-header-display":"","ast-hfb-above-header-display":"","ast-hfb-below-header-display":"","ast-hfb-mobile-header-display":"","site-post-title":"","ast-breadcrumbs-content":"","ast-featured-img":"","footer-sml-layout":"","ast-disable-related-posts":"","theme-transparent-header-meta":"default","adv-header-id-meta":"","stick-header-meta":"","header-above-stick-meta":"","header-main-stick-meta":"","header-below-stick-meta":"","astra-migrate-meta-layouts":"set","ast-page-background-enabled":"default","ast-page-background-meta":{"desktop":{"background-color":"","background-image":"","background-repeat":"repeat","background-position":"center center","background-size":"auto","background-attachment":"scroll","background-type":"","background-media":"","overlay-type":"","overlay-color":"","overlay-opacity":"","overlay-gradient":""},"tablet":{"background-color":"","background-image":"","background-repeat":"repeat","background-position":"center center","background-size":"auto","background-attachment":"scroll","background-type":"","background-media":"","overlay-type":"","overlay-color":"","overlay-opacity":"","overlay-gradient":""},"mobile":{"background-color":"","background-image":"","background-repeat":"repeat","background-position":"center center","background-size":"auto","background-attachment":"scroll","background-type":"","background-media":"","overlay-type":"","overlay-color":"","overlay-opacity":"","overlay-gradient":""}},"ast-content-background-meta":{"desktop":{"background-color":"var(--ast-global-color-5)","background-image":"","background-repeat":"repeat","background-position":"center center","background-size":"auto","background-attachment":"scroll","background-type":"","background-media":"","overlay-type":"","overlay-color":"","overlay-opacity":"","overlay-gradient":""},"tablet":{"background-color":"var(--ast-global-color-5)","background-image":"","background-repeat":"repeat","background-position":"center center","background-size":"auto","background-attachment":"scroll","background-type":"","background-media":"","overlay-type":"","overlay-color":"","overlay-opacity":"","overlay-gradient":""},"mobile":{"background-color":"var(--ast-global-color-5)","background-image":"","background-repeat":"repeat","background-position":"center center","background-size":"auto","background-attachment":"scroll","background-type":"","background-media":"","overlay-type":"","overlay-color":"","overlay-opacity":"","overlay-gradient":""}},"_joinchat":{"telephone":"+8617776015835"}},"product_brand":[],"product_cat":[140,67,193,152,157,160,143,144],"product_tag":[187,165,97,166,184,94],"class_list":{"0":"post-3303","1":"product","2":"type-product","3":"status-publish","4":"has-post-thumbnail","6":"product_cat-big-puffs-disposable-vapes","7":"product_cat-30000-puff","8":"product_cat-bood-disposable-vapes","9":"product_cat-buy-disposable-vapes-in-cermany","10":"product_cat-buy-disposable-vapes-in-portugal","11":"product_cat-buy-disposable-vapes-in-switzerland","12":"product_cat-dual-mesh-disposable-vapes","13":"product_cat-low-nicotine-disposable-vapes","14":"product_tag-bood-infinity-30000","15":"product_tag-cheap-vapes","16":"product_tag-hot-sale-disposable-vape","17":"product_tag-low-nicotine-vape","18":"product_tag-puff-35k","19":"product_tag-rechargeable-disposable-vape","20":"desktop-align-left","21":"tablet-align-left","22":"mobile-align-left","24":"first","25":"instock","26":"sale","27":"shipping-taxable","28":"purchasable","29":"product-type-simple"},"acf":[],"uagb_featured_image_src":{"full":["https:\/\/vapestornado.com\/wp-content\/uploads\/2024\/12\/Bood-Infinity-30000-Puff-Vape.jpg",800,800,false],"thumbnail":["https:\/\/vapestornado.com\/wp-content\/uploads\/2024\/12\/Bood-Infinity-30000-Puff-Vape-150x150.jpg",150,150,true],"medium":["https:\/\/vapestornado.com\/wp-content\/uploads\/2024\/12\/Bood-Infinity-30000-Puff-Vape-300x300.jpg",300,300,true],"medium_large":["https:\/\/vapestornado.com\/wp-content\/uploads\/2024\/12\/Bood-Infinity-30000-Puff-Vape-768x768.jpg",768,768,true],"large":["https:\/\/vapestornado.com\/wp-content\/uploads\/2024\/12\/Bood-Infinity-30000-Puff-Vape.jpg",800,800,false],"1536x1536":["https:\/\/vapestornado.com\/wp-content\/uploads\/2024\/12\/Bood-Infinity-30000-Puff-Vape.jpg",800,800,false],"2048x2048":["https:\/\/vapestornado.com\/wp-content\/uploads\/2024\/12\/Bood-Infinity-30000-Puff-Vape.jpg",800,800,false],"trp-custom-language-flag":["https:\/\/vapestornado.com\/wp-content\/uploads\/2024\/12\/Bood-Infinity-30000-Puff-Vape.jpg",12,12,false],"woocommerce_thumbnail":["https:\/\/vapestornado.com\/wp-content\/uploads\/2024\/12\/Bood-Infinity-30000-Puff-Vape-300x300.jpg",300,300,true],"woocommerce_single":["https:\/\/vapestornado.com\/wp-content\/uploads\/2024\/12\/Bood-Infinity-30000-Puff-Vape-600x600.jpg",600,600,true],"woocommerce_gallery_thumbnail":["https:\/\/vapestornado.com\/wp-content\/uploads\/2024\/12\/Bood-Infinity-30000-Puff-Vape-100x100.jpg",100,100,true]},"uagb_author_info":{"display_name":"ESAMY","author_link":"https:\/\/vapestornado.com\/sv\/author\/"},"uagb_comment_info":1,"uagb_excerpt":"Bood Infinity 30000 Puffs 2% 5% Low Nicotine Disposable Vape Bulk Buy Price Bood Infinity 30000 Puffs Rechargeable Disposable Vape Wholesale Cheap Factory Bood Infinity 30000 Puffs 2% 5% Low Nicotine Disposable Vape Add Amy's whatsapp get right reply and vape vape coupon! WhatsApp: +86 17776015835 &nbsp;","_links":{"self":[{"href":"https:\/\/vapestornado.com\/sv\/wp-json\/wp\/v2\/product\/3303","targetHints":{"allow":["GET"]}}],"collection":[{"href":"https:\/\/vapestornado.com\/sv\/wp-json\/wp\/v2\/product"}],"about":[{"href":"https:\/\/vapestornado.com\/sv\/wp-json\/wp\/v2\/types\/product"}],"replies":[{"embeddable":true,"href":"https:\/\/vapestornado.com\/sv\/wp-json\/wp\/v2\/comments?post=3303"}],"wp:featuredmedia":[{"embeddable":true,"href":"https:\/\/vapestornado.com\/sv\/wp-json\/wp\/v2\/media\/3292"}],"wp:attachment":[{"href":"https:\/\/vapestornado.com\/sv\/wp-json\/wp\/v2\/media?parent=3303"}],"wp:term":[{"taxonomy":"product_brand","embeddable":true,"href":"https:\/\/vapestornado.com\/sv\/wp-json\/wp\/v2\/product_brand?post=3303"},{"taxonomy":"product_cat","embeddable":true,"href":"https:\/\/vapestornado.com\/sv\/wp-json\/wp\/v2\/product_cat?post=3303"},{"taxonomy":"product_tag","embeddable":true,"href":"https:\/\/vapestornado.com\/sv\/wp-json\/wp\/v2\/product_tag?post=3303"}],"curies":[{"name":"wp","href":"https:\/\/api.w.org\/{rel}","templated":true}]}}