{"id":3301,"date":"2024-12-20T08:43:41","date_gmt":"2024-12-20T08:43:41","guid":{"rendered":"https:\/\/vapestornado.com\/?post_type=product&#038;p=3301"},"modified":"2025-08-23T12:25:51","modified_gmt":"2025-08-23T12:25:51","slug":"vookbar-cyber-pro-30000-puffs-disposable-vape-5-wholesale-price","status":"publish","type":"product","link":"https:\/\/vapestornado.com\/sv\/product\/vookbar-cyber-pro-30000-puffs-disposable-vape-5-wholesale-price\/","title":{"rendered":"Vookbar Cyber PRO 30000 Puffs Eng\u00e5ngsvape 5% Partihandel Pris"},"content":{"rendered":"<h1>Vookbar Cyber PRO 30000 Puffs Eng\u00e5ngsvape 5% Partihandel Pris<\/h1>\n<p>&nbsp;<\/p>\n<div role=\"article\" data-tabster=\"{&quot;groupper&quot;:{&quot;tabbability&quot;:2},&quot;focusable&quot;:{}}\" data-content=\"ai-message\" aria-labelledby=\"64JRvXrTnY7mRmPkEQLLT-author 64JRvXrTnY7mRmPkEQLLT-content\">\n<div id=\"64JRvXrTnY7mRmPkEQLLT-content\">\n<p>Den <strong>Vookbar Cyber PRO 30000 Puff Eng\u00e5ngs-vape<\/strong> omdefinierar gr\u00e4nserna f\u00f6r modern vaping genom att f\u00f6rena avancerad teknik med exceptionell prestanda. Designad f\u00f6r vejpare som s\u00f6ker mer \u00e4n bara en vanlig enhet, kombinerar Cyber PRO intelligenta funktioner med en elegant design, vilket skapar en verkligt futuristisk vapingupplevelse.<\/p>\n<p><strong>O\u00f6vertr\u00e4ffad prestanda<\/strong><\/p>\n<p>Med imponerande <strong>30k pufflivsl\u00e4ngd<\/strong>, Vookbar Cyber PRO erbjuder o\u00f6vertr\u00e4ffad livsl\u00e4ngd, vilket g\u00f6r den till ett idealiskt val f\u00f6r l\u00e5ngvarig anv\u00e4ndning. Enheten \u00e4r utrustad med ett <strong>22ml e-v\u00e4tskekapacitet<\/strong> och har en nikotinstyrka p\u00e5 <strong>20mg\/ml<\/strong>, vilket ger konsekvent, tillfredsst\u00e4llande \u00e5nga med varje puff. Drivs av ett robust <strong>2 850mAh uppladdningsbart batteri<\/strong> och anv\u00e4nder ett <strong>Typ-C laddningsport<\/strong>, Cyber PRO s\u00e4kerst\u00e4ller snabb, p\u00e5litlig uppladdning f\u00f6r oavbruten anv\u00e4ndning.<\/p>\n<p><strong>Integration av smart teknik<\/strong><\/p>\n<p>Vookbar Cyber PRO g\u00e5r bortom traditionell vaping och fungerar som en multifunktionell enhet som s\u00f6ml\u00f6st integreras med din digitala livsstil. Den ansluter via <strong>Bluetooth<\/strong> eller dess propriet\u00e4ra app, vilket m\u00f6jligg\u00f6r smarta funktioner som:<\/p>\n<ul>\n<li><strong>Anpassningsbara vejpinst\u00e4llningar<\/strong> f\u00f6r att skr\u00e4ddarsy din upplevelse efter dina preferenser.<\/li>\n<li><strong>Fj\u00e4rrstyrd kamerakontroll<\/strong>, perfekt f\u00f6r selfies och kreativ fotografering.<\/li>\n<li><strong>Sociala notifikationer<\/strong> f\u00f6r att h\u00e5lla dig uppdaterad n\u00e4r du \u00e4r p\u00e5 spr\u00e5ng.<\/li>\n<li><strong>Anpassade bakgrundsalternativ<\/strong>, som m\u00f6jligg\u00f6r anpassning av din enhets dynamiska display.<\/li>\n<li>Inbyggda verktyg som en <strong>minir\u00e4knare<\/strong>, <strong>minispel<\/strong>, med mera f\u00f6r extra bekv\u00e4mlighet.<\/li>\n<\/ul>\n<figure id=\"attachment_3493\" aria-describedby=\"caption-attachment-3493\" style=\"width: 518px\" class=\"wp-caption alignnone\"><img fetchpriority=\"high\" decoding=\"async\" class=\"wp-image-3493\" src=\"https:\/\/vapestornado.com\/wp-content\/uploads\/2024\/12\/Vookbar-vape-30000-Puffs-Wholesale-Prcie-Disposable-Vapes.jpg\" alt=\"Vookbar vape 30000 Puffs Eng\u00e5ngsvapes Grossistpris\" width=\"518\" height=\"518\" srcset=\"https:\/\/vapestornado.com\/wp-content\/uploads\/2024\/12\/Vookbar-vape-30000-Puffs-Wholesale-Prcie-Disposable-Vapes.jpg 800w, https:\/\/vapestornado.com\/wp-content\/uploads\/2024\/12\/Vookbar-vape-30000-Puffs-Wholesale-Prcie-Disposable-Vapes-300x300.jpg 300w, https:\/\/vapestornado.com\/wp-content\/uploads\/2024\/12\/Vookbar-vape-30000-Puffs-Wholesale-Prcie-Disposable-Vapes-150x150.jpg 150w, https:\/\/vapestornado.com\/wp-content\/uploads\/2024\/12\/Vookbar-vape-30000-Puffs-Wholesale-Prcie-Disposable-Vapes-768x768.jpg 768w, https:\/\/vapestornado.com\/wp-content\/uploads\/2024\/12\/Vookbar-vape-30000-Puffs-Wholesale-Prcie-Disposable-Vapes-600x600.jpg 600w, https:\/\/vapestornado.com\/wp-content\/uploads\/2024\/12\/Vookbar-vape-30000-Puffs-Wholesale-Prcie-Disposable-Vapes-100x100.jpg 100w\" sizes=\"(max-width: 518px) 100vw, 518px\" \/><figcaption id=\"caption-attachment-3493\" class=\"wp-caption-text\">Vookbar vape 30000 Puffs Eng\u00e5ngsvapes Grossistpris<\/figcaption><\/figure>\n<h2><strong>Varf\u00f6r v\u00e4lja Vookbar Cyber PRO 30000 Puffs vapes?<\/strong><\/h2>\n<ul>\n<li><strong>Innovation<\/strong> Blandar banbrytande teknik med en elegant design.<\/li>\n<li><strong>Massiv kapacitet:<\/strong> Levererar en smidig, tillfredsst\u00e4llande vapingupplevelse med en kapacitet p\u00e5 30 000 puffar.<\/li>\n<li><strong>Anpassningsbara funktioner:<\/strong> Justera effekt och estetik f\u00f6r att passa dina unika preferenser.<\/li>\n<li><strong>H\u00e5llbar konstruktion:<\/strong> H\u00f6gkvalitativa material och ett p\u00e5litligt batteri s\u00e4kerst\u00e4ller l\u00e5ngvarig prestanda.<\/li>\n<\/ul>\n<p>Oavsett om du \u00e4r en teknikkunnig vaper eller bara letar efter en kraftfull och snygg vaping-enhet, erbjuder <strong>Vookbar Cyber PRO 30000 Puffs Eng\u00e5ngsvape<\/strong> en blandning av <strong>innovation<\/strong>, <strong>prestanda<\/strong>, och <strong>personalisering<\/strong>. Lyft din vapingupplevelse idag!<\/p>\n<\/div>\n<\/div>\n<p><img decoding=\"async\" class=\"wp-image-2951\" src=\"https:\/\/vapestornado.com\/wp-content\/uploads\/2024\/12\/Wholesale-Disposable-Vape-265x300.jpg\" alt=\"Grossist Eng\u00e5ngs Vape\" width=\"295\" height=\"334\" srcset=\"https:\/\/vapestornado.com\/wp-content\/uploads\/2024\/12\/Wholesale-Disposable-Vape-265x300.jpg 265w, https:\/\/vapestornado.com\/wp-content\/uploads\/2024\/12\/Wholesale-Disposable-Vape-768x871.jpg 768w, https:\/\/vapestornado.com\/wp-content\/uploads\/2024\/12\/Wholesale-Disposable-Vape-600x680.jpg 600w, https:\/\/vapestornado.com\/wp-content\/uploads\/2024\/12\/Wholesale-Disposable-Vape.jpg 823w\" sizes=\"(max-width: 295px) 100vw, 295px\" \/><\/p>\n<h6>V\u00e4nligen kontakta Mandys WhatsApp f\u00f6r rabatterat pris<a href=\"https:\/\/wa.me\/8618077105796\" target=\"_blank\" rel=\"noopener\">+8618077105796<\/a><\/h6>\n<p>&nbsp;<\/p>\n<div class=\"flex max-w-full flex-col flex-grow\">\n<div class=\"min-h-8 text-message flex w-full flex-col items-end gap-2 whitespace-normal break-words text-start [.text-message+&amp;]:mt-5\" dir=\"auto\" data-message-author-role=\"assistant\" data-message-id=\"cdb991c0-f594-4bff-b2d5-fbbdd7ce9e54\" data-message-model-slug=\"gpt-4o-mini\">\n<div class=\"flex w-full flex-col gap-1 empty:hidden first:pt-[3px]\">\n<div class=\"markdown prose w-full break-words dark:prose-invert light\">\n<h3>Grossist vape Vookbar Cyber PRO 30 000 Puffar \u2013 Specifikationer<\/h3>\n<ul>\n<li><strong>Storlek:<\/strong> Kompakt och b\u00e4rbar, <strong>49x24x93mm<\/strong>.<\/li>\n<li><strong>Sk\u00e4rm:<\/strong> <strong>2.01-tums HD-sk\u00e4rm<\/strong>, perfekt f\u00f6r inst\u00e4llningar och notifikationer.<\/li>\n<li><strong>Spoltyp:<\/strong> <strong>Dubbel n\u00e4tspole<\/strong> f\u00f6r rik smak och mjuka moln.<\/li>\n<li><strong>E-v\u00e4tskekapacitet:<\/strong> F\u00f6rfylld med <strong>22ML premium vape-juice<\/strong>.<\/li>\n<li><strong>Nikotinstyrka:<\/strong> Ger en tillfredsst\u00e4llande <strong>5% nikotin<\/strong> tr\u00e4ff.<\/li>\n<li><strong>Batteri:<\/strong> L\u00e5ngvarig <strong>850mAh uppladdningsbart batteri<\/strong> med snabb <strong>Typ-C-laddning<\/strong>.<\/li>\n<li><strong>Puffl\u00e4gen:<\/strong>\n<ul>\n<li><strong>Normall\u00e4ge:<\/strong> Upp till <strong>30 000 puff<\/strong> f\u00f6r ut\u00f6kad vaping.<\/li>\n<li><strong>Kraftl\u00e4ge:<\/strong> Upp till <strong>15 000 bloss<\/strong> f\u00f6r en starkare prestanda.<\/li>\n<\/ul>\n<\/li>\n<li><strong>Anv\u00e4ndning:<\/strong> Enkel <strong>sidoknappskontroll<\/strong> f\u00f6r p\u00e5\/av och justeringar.<\/li>\n<li><strong>Funktioner:<\/strong> Bluetooth-anslutning, milj\u00f6v\u00e4nliga material och anpassningsbara vapingl\u00e4gen.<\/li>\n<\/ul>\n<\/div>\n<\/div>\n<\/div>\n<\/div>\n<div class=\"mb-2 flex gap-3 empty:hidden -ml-2\">\n<h3 class=\"items-center justify-start rounded-xl p-1 flex\"><\/h3>\n<\/div>\n<h3><strong>Vookbar Cyber PRO 30k Puffs Vape Pods Smaklista:<\/strong><\/h3>\n<p>1.Bl\u00e5 hallon is<br \/>\n2.Persika is<br \/>\n3.Druvis<br \/>\n4.Jordgubb vattenmelon<br \/>\n5.Jordgubbs Banan<br \/>\n6.K\u00f6rsb\u00e4r vattenmelon<br \/>\n7.Vattenmelonis<br \/>\n8.Persika mango<br \/>\n9.Jordgubb kiwi<br \/>\n10.Vit jordgubbsis<br \/>\n11.Vit godis is<br \/>\n12.Fryst pinacolada<br \/>\n13.Fucking Fab<br \/>\n14.Mojito blandade b\u00e4r<\/p>\n<div role=\"article\" data-tabster=\"{&quot;groupper&quot;:{&quot;tabbability&quot;:2},&quot;focusable&quot;:{}}\" data-content=\"ai-message\" aria-labelledby=\"dARUyEWDoEYhnSPXFwx5A-author dARUyEWDoEYhnSPXFwx5A-content\">\n<div id=\"dARUyEWDoEYhnSPXFwx5A-content\">\n<h4>Varf\u00f6r v\u00e4lja Vookbar Cyber PRO 30000 Puff eng\u00e5ngsvapes p\u00e5 <a href=\"https:\/\/vapestornado.com\/sv\/store\/\">vapestornado.se<\/a>?<\/h4>\n<p><strong>1. Massiv puffkapacitet:<\/strong><br \/>\nDesignad f\u00f6r l\u00e5ngvarig njutning, ger <strong>Vookbar Cyber PRO<\/strong> erbjuder upp till <strong>30 000 puff<\/strong> i Normall\u00e4ge och <strong>15 000 bloss<\/strong> i Kraftl\u00e4ge.<\/p>\n<p><strong>2. Banbrytande funktioner:<\/strong><br \/>\nUtrustad med en <strong>2.01-tums HD-sk\u00e4rm<\/strong>, <strong>dubbel mesh coil-teknik<\/strong>, och <strong>anpassningsbara vapingl\u00e4gen<\/strong>, den kombinerar prestanda med stil.<\/p>\n<p><strong>3. Premium E-v\u00e4tska och nikotinalternativ:<\/strong><br \/>\nMed <strong>22ML av f\u00f6rfylld e-v\u00e4tska<\/strong> och <strong>26 ml premium e-v\u00e4tska<\/strong>, upplev j\u00e4mna, smakrika och tillfredsst\u00e4llande puffar varje g\u00e5ng.<\/p>\n<p><strong>4. Innovativ och anv\u00e4ndarv\u00e4nlig design:<\/strong><br \/>\nFunktioner som <strong>Bluetooth-anslutning<\/strong>, <strong>sidoknappskontroll<\/strong>, och <strong>r\u00f6relsel\u00e4ge<\/strong> g\u00f6r enheten enkel att anv\u00e4nda och multifunktionell.<\/p>\n<p><strong>5. Handla tryggt p\u00e5 vapestornado.com:<\/strong><\/p>\n<ul>\n<li>Njut av <strong>konkurrenskraftiga priser<\/strong> p\u00e5 den senaste vapingteknologin.<\/li>\n<li>Dra nytta av <strong>snabba, p\u00e5litliga leveranser<\/strong> \u00f6ver hela Europa.<\/li>\n<li>V\u00e4lj fr\u00e5n <strong>exklusiva grossistavtal<\/strong> f\u00f6r bulkk\u00f6p.<\/li>\n<li>Handla tryggt med p\u00e5litliga betalningsmetoder och utm\u00e4rkt kundsupport.<\/li>\n<\/ul>\n<p>Uppgradera din vaping idag med <strong>Vookbar Cyber PRO 30K bloss<\/strong> tillg\u00e4nglig p\u00e5 <strong>vapestornado.se<\/strong>!<\/p>\n<\/div>\n<\/div>\n<h4>Vanliga fr\u00e5gor om Vookbar Cyber PRO 30000 Puffs L\u00e5ngvariga puffvapes<\/h4>\n<p>&nbsp;<\/p>\n<h6><strong>1.Vad g\u00f6r Vookbar Cyber PRO 30 000 Puffs Vape unik?<\/strong><\/h6>\n<ul>\n<li>Enheten kombinerar <strong>avancerad vejpteknik<\/strong> med funktioner som <strong>anpassningsbara vapingl\u00e4gen<\/strong>, en <strong>2.01-tums HD-sk\u00e4rm<\/strong>, och <strong>dubbla puffl\u00e4gen<\/strong> f\u00f6r ut\u00f6kad eller kraftfull prestanda.<\/li>\n<\/ul>\n<h6>2. <strong>Hur m\u00e5nga bloss kan jag f\u00e5 med Vookbar Cyber PRO Vape Box?<\/strong><\/h6>\n<ul>\n<li>In <strong>Normall\u00e4ge<\/strong>, kan du njuta av upp till <strong>30 000 puff<\/strong>, medan <strong>Effektl\u00e4ge<\/strong> erbjudanden <strong>15 000 bloss<\/strong> f\u00f6r en mer intensiv vejpingupplevelse.<\/li>\n<\/ul>\n<h6>3. <strong>Vilken nikotinstyrka erbjuder Vookbar 30000 Puffs?<\/strong><\/h6>\n<ul>\n<li>Vookbar Cyber PRO har <strong>26 ml premium e-v\u00e4tska<\/strong>, vilket ger en mjuk och tillfredsst\u00e4llande tr\u00e4ff.<\/li>\n<\/ul>\n<h6>4. <strong>\u00c4r Vookbar Cyber PRO laddningsbar?<\/strong><\/h6>\n<ul>\n<li>Ja, den har en <strong>850mAh uppladdningsbart batteri<\/strong> och st\u00f6der <strong>snabb Type-C-laddning<\/strong>.<\/li>\n<\/ul>\n<h6>5. <strong>Anv\u00e4nder Vookbar 30k puffs vape mesh coil-teknologi?<\/strong><\/h6>\n<ul>\n<li>Ja, enheten har <strong>dubbel mesh coil-teknik<\/strong> f\u00f6r konsekvent smak och t\u00e4t \u00e5ngproduktion.<\/li>\n<\/ul>","protected":false},"excerpt":{"rendered":"<div class=\"flex-shrink-0 flex flex-col relative items-end\">\n<div>\n<div class=\"pt-0\">\n<div class=\"gizmo-bot-avatar flex h-8 w-8 items-center justify-center overflow-hidden rounded-full\">\n<div class=\"relative p-1 rounded-sm flex items-center justify-center bg-token-main-surface-primary text-token-text-primary h-8 w-8\"><\/div>\n<\/div>\n<\/div>\n<\/div>\n<\/div>\n<div class=\"group\/conversation-turn relative flex w-full min-w-0 flex-col agent-turn\">\n<div class=\"flex-col gap-1 md:gap-3\">\n<div class=\"flex max-w-full flex-col flex-grow\">\n<div class=\"min-h-8 text-message flex w-full flex-col items-end gap-2 whitespace-normal break-words text-start [.text-message+&amp;]:mt-5\" dir=\"auto\" data-message-author-role=\"assistant\" data-message-id=\"cffa29e8-f112-46da-81c0-9ed74f60547a\" data-message-model-slug=\"gpt-4o\">\n<div class=\"flex w-full flex-col gap-1 empty:hidden first:pt-[3px]\">\n<div class=\"markdown prose w-full break-words dark:prose-invert light\">\n<p>Vookbar Cyber PRO 30000 Puffs eng\u00e5ngs-vape, 5% nikotin, elegant design, h\u00f6g kapacitet, perfekt f\u00f6r grossist- och massbest\u00e4llningar.<\/p>\n<\/div>\n<\/div>\n<\/div>\n<\/div>\n<\/div>\n<\/div>\n<figure id=\"attachment_2951\" aria-describedby=\"caption-attachment-2951\" style=\"width: 265px\" class=\"wp-caption alignnone\"><img decoding=\"async\" class=\"size-medium wp-image-2951\" src=\"https:\/\/vapestornado.com\/wp-content\/uploads\/2024\/12\/Wholesale-Disposable-Vape-265x300.jpg\" alt=\"Grossist Eng\u00e5ngs Vape\" width=\"265\" height=\"300\" srcset=\"https:\/\/vapestornado.com\/wp-content\/uploads\/2024\/12\/Wholesale-Disposable-Vape-265x300.jpg 265w, https:\/\/vapestornado.com\/wp-content\/uploads\/2024\/12\/Wholesale-Disposable-Vape-768x871.jpg 768w, https:\/\/vapestornado.com\/wp-content\/uploads\/2024\/12\/Wholesale-Disposable-Vape-600x680.jpg 600w, https:\/\/vapestornado.com\/wp-content\/uploads\/2024\/12\/Wholesale-Disposable-Vape.jpg 823w\" sizes=\"(max-width: 265px) 100vw, 265px\" \/><figcaption id=\"caption-attachment-2951\" class=\"wp-caption-text\">V\u00e4nligen kontakta Mandys WhatsApp f\u00f6r rabatterat pris\u00a0 <a href=\"https:\/\/wa.me\/8618077105796\">+8618077105796<\/a><\/figcaption><\/figure>\n<p>&nbsp;<\/p>","protected":false},"featured_media":3489,"comment_status":"open","ping_status":"closed","template":"","meta":{"_acf_changed":false,"_uag_custom_page_level_css":"","_lmt_disableupdate":"no","_lmt_disable":"","_monsterinsights_skip_tracking":false,"_monsterinsights_sitenote_active":false,"_monsterinsights_sitenote_note":"","_monsterinsights_sitenote_category":0,"site-sidebar-layout":"default","site-content-layout":"","ast-site-content-layout":"default","site-content-style":"default","site-sidebar-style":"default","ast-global-header-display":"","ast-banner-title-visibility":"","ast-main-header-display":"","ast-hfb-above-header-display":"","ast-hfb-below-header-display":"","ast-hfb-mobile-header-display":"","site-post-title":"","ast-breadcrumbs-content":"","ast-featured-img":"","footer-sml-layout":"","ast-disable-related-posts":"","theme-transparent-header-meta":"default","adv-header-id-meta":"","stick-header-meta":"","header-above-stick-meta":"","header-main-stick-meta":"","header-below-stick-meta":"","astra-migrate-meta-layouts":"set","ast-page-background-enabled":"default","ast-page-background-meta":{"desktop":{"background-color":"","background-image":"","background-repeat":"repeat","background-position":"center center","background-size":"auto","background-attachment":"scroll","background-type":"","background-media":"","overlay-type":"","overlay-color":"","overlay-opacity":"","overlay-gradient":""},"tablet":{"background-color":"","background-image":"","background-repeat":"repeat","background-position":"center center","background-size":"auto","background-attachment":"scroll","background-type":"","background-media":"","overlay-type":"","overlay-color":"","overlay-opacity":"","overlay-gradient":""},"mobile":{"background-color":"","background-image":"","background-repeat":"repeat","background-position":"center center","background-size":"auto","background-attachment":"scroll","background-type":"","background-media":"","overlay-type":"","overlay-color":"","overlay-opacity":"","overlay-gradient":""}},"ast-content-background-meta":{"desktop":{"background-color":"var(--ast-global-color-5)","background-image":"","background-repeat":"repeat","background-position":"center center","background-size":"auto","background-attachment":"scroll","background-type":"","background-media":"","overlay-type":"","overlay-color":"","overlay-opacity":"","overlay-gradient":""},"tablet":{"background-color":"var(--ast-global-color-5)","background-image":"","background-repeat":"repeat","background-position":"center center","background-size":"auto","background-attachment":"scroll","background-type":"","background-media":"","overlay-type":"","overlay-color":"","overlay-opacity":"","overlay-gradient":""},"mobile":{"background-color":"var(--ast-global-color-5)","background-image":"","background-repeat":"repeat","background-position":"center center","background-size":"auto","background-attachment":"scroll","background-type":"","background-media":"","overlay-type":"","overlay-color":"","overlay-opacity":"","overlay-gradient":""}},"_joinchat":{"telephone":"+8618077105796"}},"product_brand":[],"product_cat":[67,149,150,154,155],"product_tag":[97,188],"class_list":{"0":"post-3301","1":"product","2":"type-product","3":"status-publish","4":"has-post-thumbnail","6":"product_cat-30000-puff","7":"product_cat-buy-disposable-vapes-in-austria","8":"product_cat-buy-disposable-vapes-in-belgium","9":"product_cat-buy-disposable-vapes-in-netherlands","10":"product_cat-buy-disposable-vapes-in-norway","11":"product_tag-hot-sale-disposable-vape","12":"product_tag-vookbar-cyber-pro-30000-puffs","13":"desktop-align-left","14":"tablet-align-left","15":"mobile-align-left","17":"first","18":"instock","19":"sale","20":"shipping-taxable","21":"purchasable","22":"product-type-simple"},"acf":[],"uagb_featured_image_src":{"full":["https:\/\/vapestornado.com\/wp-content\/uploads\/2024\/12\/Best-Price-Vookbar-30000-Puff-Vapes.jpg",800,800,false],"thumbnail":["https:\/\/vapestornado.com\/wp-content\/uploads\/2024\/12\/Best-Price-Vookbar-30000-Puff-Vapes-150x150.jpg",150,150,true],"medium":["https:\/\/vapestornado.com\/wp-content\/uploads\/2024\/12\/Best-Price-Vookbar-30000-Puff-Vapes-300x300.jpg",300,300,true],"medium_large":["https:\/\/vapestornado.com\/wp-content\/uploads\/2024\/12\/Best-Price-Vookbar-30000-Puff-Vapes-768x768.jpg",768,768,true],"large":["https:\/\/vapestornado.com\/wp-content\/uploads\/2024\/12\/Best-Price-Vookbar-30000-Puff-Vapes.jpg",800,800,false],"1536x1536":["https:\/\/vapestornado.com\/wp-content\/uploads\/2024\/12\/Best-Price-Vookbar-30000-Puff-Vapes.jpg",800,800,false],"2048x2048":["https:\/\/vapestornado.com\/wp-content\/uploads\/2024\/12\/Best-Price-Vookbar-30000-Puff-Vapes.jpg",800,800,false],"trp-custom-language-flag":["https:\/\/vapestornado.com\/wp-content\/uploads\/2024\/12\/Best-Price-Vookbar-30000-Puff-Vapes.jpg",12,12,false],"woocommerce_thumbnail":["https:\/\/vapestornado.com\/wp-content\/uploads\/2024\/12\/Best-Price-Vookbar-30000-Puff-Vapes-300x300.jpg",300,300,true],"woocommerce_single":["https:\/\/vapestornado.com\/wp-content\/uploads\/2024\/12\/Best-Price-Vookbar-30000-Puff-Vapes-600x600.jpg",600,600,true],"woocommerce_gallery_thumbnail":["https:\/\/vapestornado.com\/wp-content\/uploads\/2024\/12\/Best-Price-Vookbar-30000-Puff-Vapes-100x100.jpg",100,100,true]},"uagb_author_info":{"display_name":"ESMANDY","author_link":"https:\/\/vapestornado.com\/sv\/author\/"},"uagb_comment_info":0,"uagb_excerpt":"Vookbar Cyber PRO 30000 Puffs Disposable Vape, 5% nicotine, sleek design, high capacity, ideal for wholesale and bulk orders. [caption id=\"attachment_2951\" align=\"alignnone\" width=\"265\"] Pls Contact Mandy's WhatsApp For Discount Price\u00a0 +8618077105796[\/caption] &nbsp;","_links":{"self":[{"href":"https:\/\/vapestornado.com\/sv\/wp-json\/wp\/v2\/product\/3301","targetHints":{"allow":["GET"]}}],"collection":[{"href":"https:\/\/vapestornado.com\/sv\/wp-json\/wp\/v2\/product"}],"about":[{"href":"https:\/\/vapestornado.com\/sv\/wp-json\/wp\/v2\/types\/product"}],"replies":[{"embeddable":true,"href":"https:\/\/vapestornado.com\/sv\/wp-json\/wp\/v2\/comments?post=3301"}],"wp:featuredmedia":[{"embeddable":true,"href":"https:\/\/vapestornado.com\/sv\/wp-json\/wp\/v2\/media\/3489"}],"wp:attachment":[{"href":"https:\/\/vapestornado.com\/sv\/wp-json\/wp\/v2\/media?parent=3301"}],"wp:term":[{"taxonomy":"product_brand","embeddable":true,"href":"https:\/\/vapestornado.com\/sv\/wp-json\/wp\/v2\/product_brand?post=3301"},{"taxonomy":"product_cat","embeddable":true,"href":"https:\/\/vapestornado.com\/sv\/wp-json\/wp\/v2\/product_cat?post=3301"},{"taxonomy":"product_tag","embeddable":true,"href":"https:\/\/vapestornado.com\/sv\/wp-json\/wp\/v2\/product_tag?post=3301"}],"curies":[{"name":"wp","href":"https:\/\/api.w.org\/{rel}","templated":true}]}}