{"id":3179,"date":"2024-12-16T03:01:14","date_gmt":"2024-12-16T03:01:14","guid":{"rendered":"https:\/\/vapestornado.com\/?post_type=product&#038;p=3179"},"modified":"2025-08-23T09:54:56","modified_gmt":"2025-08-23T09:54:56","slug":"china-factory-vapsolo-super-15000-puffs-disposable-wholesale-price-disposable-vape-rechargeable-disposable-vapes-pen-bulk-buy-wholesale","status":"publish","type":"product","link":"https:\/\/vapestornado.com\/sv\/product\/china-factory-vapsolo-super-15000-puffs-disposable-wholesale-price-disposable-vape-rechargeable-disposable-vapes-pen-bulk-buy-wholesale\/","title":{"rendered":"Kina Fabrik Vapsolo Super 15000 Blosspuff Eng\u00e5ngs Grossistpris Eng\u00e5ngs Vape Uppladdningsbara Eng\u00e5ngs Vapes Penna Bulk K\u00f6p Grossist"},"content":{"rendered":"<h1 class=\"product-title\">Kina Fabrik Vapsolo Super 15000 Blosspuff Eng\u00e5ngs Grossistpris Eng\u00e5ngs Vape Uppladdningsbara Eng\u00e5ngs Vapes Penna Bulk K\u00f6p Grossist<\/h1>\n<p data-start=\"396\" data-end=\"669\">Den <strong data-start=\"400\" data-end=\"445\">Vapsolo Super 15000 Puffar Eng\u00e5ngs Vape<\/strong> kombinerar kapacitet, prestanda och anpassning i en kompakt enhet. Med upp till <strong data-start=\"528\" data-end=\"544\">15 000 bloss<\/strong> och en <strong data-start=\"551\" data-end=\"584\">25 ml f\u00f6rfylld e-v\u00e4tskebeh\u00e5llare<\/strong>levererar den l\u00e5ngvarig tillfredsst\u00e4llelse f\u00f6r b\u00e5de personligt bruk och grossistk\u00f6pare.<\/p>\n<p data-start=\"671\" data-end=\"981\">Drivs av ett <strong data-start=\"684\" data-end=\"715\">650mAh uppladdningsbart batteri<\/strong> med <strong data-start=\"721\" data-end=\"745\">Typ-C snabbladdning<\/strong>s\u00e4kerst\u00e4ller Super 15K konsekvent effekt och minimal stillest\u00e5ndstid. Dess <strong data-start=\"813\" data-end=\"843\">4-niv\u00e5s justerbara luftfl\u00f6de<\/strong> l\u00e5ter anv\u00e4ndare v\u00e4lja mellan t\u00e4tare MTL-drag eller mjukare, \u00f6ppna bloss, medan <strong data-start=\"922\" data-end=\"935\">mesh-coil<\/strong> f\u00f6rb\u00e4ttrar smaks\u00e4ttningen och \u00e5ngt\u00e4theten.<\/p>\n<p data-start=\"983\" data-end=\"1292\">Tillg\u00e4nglig i <strong data-start=\"996\" data-end=\"1020\">l\u00e5ga nikotinalternativ<\/strong>, den <strong data-start=\"1026\" data-end=\"1049\">Vapsolo Super 15000<\/strong> \u00e4r utformad f\u00f6r att m\u00f6ta olika preferenser. Genom att kombinera avancerade funktioner, h\u00e5llbar byggkvalitet och konkurrenskraftiga <strong data-start=\"1159\" data-end=\"1180\">grossistpriser<\/strong>\u00e4r det ett starkt val f\u00f6r \u00e5terf\u00f6rs\u00e4ljare, distribut\u00f6rer och bulk-k\u00f6pare som letar efter eng\u00e5ngs-vapes med h\u00f6g efterfr\u00e5gan.<\/p>\n<p><strong>L\u00e4gg till Amys Whatsapp f\u00f6r att f\u00e5 snabbt svar och vape-kupong!<\/strong><\/p>\n<p><img fetchpriority=\"high\" decoding=\"async\" class=\"size-full wp-image-2932\" src=\"https:\/\/vapestornado.com\/wp-content\/uploads\/2024\/12\/Vape-Wholesale.jpg\" alt=\"Vape Partihandel\" width=\"229\" height=\"300\" \/><\/p>\n<h3><a href=\"https:\/\/wa.me\/8617776015835\" target=\"_blank\" rel=\"noopener\"><span style=\"color: #ff0000;\"><strong>WhatsApp: +86 17776015835<\/strong><\/span><\/a><\/h3>\n<p>&nbsp;<\/p>\n<h2><strong>Vapsolo Super 15000 Produktfunktioner<\/strong><\/h2>\n<div role=\"article\" data-tabster=\"{&quot;groupper&quot;:{&quot;tabbability&quot;:2},&quot;focusable&quot;:{}}\" data-content=\"ai-message\" aria-labelledby=\"juhNTJ6o7Gk1cgwZMJgv2-author juhNTJ6o7Gk1cgwZMJgv2-content\">\n<div id=\"juhNTJ6o7Gk1cgwZMJgv2-content\">\n<div role=\"article\" data-tabster=\"{&quot;groupper&quot;:{&quot;tabbability&quot;:2},&quot;focusable&quot;:{}}\" data-content=\"ai-message\" aria-labelledby=\"x4EZuCZWrTbh3weWUt7CU-author x4EZuCZWrTbh3weWUt7CU-content\">\n<div id=\"x4EZuCZWrTbh3weWUt7CU-content\">\n<h3><\/h3>\n<ol>\n<li><strong>15 000 Puffar Kapacitet:<\/strong> L\u00e5ngvarig anv\u00e4ndning f\u00f6r oavbruten tillfredsst\u00e4llelse.<\/li>\n<li><strong>25 ml E-v\u00e4tskebeh\u00e5llare:<\/strong> Stor kapacitet f\u00f6r f\u00e4rre p\u00e5fyllningar och maximal bekv\u00e4mlighet.<\/li>\n<li><strong>650mAh Uppladdningsbart Batteri:<\/strong> P\u00e5litlig prestanda med snabb Type-C laddning.<\/li>\n<li><strong>4-Niv\u00e5 Justerbart Luftfl\u00f6de:<\/strong> Anpassningsbart drag f\u00f6r en skr\u00e4ddarsydd vapingupplevelse.<\/li>\n<li><strong>Mesh Coil-teknologi:<\/strong> F\u00f6rb\u00e4ttrar smaken och ger j\u00e4mn, konsekvent \u00e5nga.<\/li>\n<li><strong>Kompakt och Portabel Design:<\/strong> L\u00e4tt att b\u00e4ra och anv\u00e4nda var som helst.<\/li>\n<li><strong>Alternativ f\u00f6r Vape med L\u00e5g Nikotinhalt:<\/strong> Perfekt f\u00f6r dem som s\u00f6ker reducerade nikotinniv\u00e5er.<\/li>\n<li><strong>Prisv\u00e4rda grossistpriser:<\/strong> Idealisk f\u00f6r bulkink\u00f6p och \u00e5terf\u00f6rs\u00e4ljning.<\/li>\n<li><strong>H\u00e5llbar konstruktion:<\/strong> Designad f\u00f6r l\u00e5ngvarig anv\u00e4ndning utan att kompromissa med kvaliteten.<\/li>\n<li><strong>Toppvarum\u00e4rke f\u00f6r Eng\u00e5ngsvape:<\/strong> Ett p\u00e5litligt val f\u00f6r h\u00f6gkvalitativa eng\u00e5ngsvapes.<\/li>\n<\/ol>\n<\/div>\n<\/div>\n<\/div>\n<\/div>\n<h2 class=\"product-title\"><strong>Vapsolo Super 15000 Puffar Smaklista<\/strong><\/h2>\n<p>1. blue razz<br \/>\n2. bl\u00e5b\u00e4rs is<br \/>\n3. dubbel \u00e4pple<br \/>\n4. vattenmelon is<br \/>\n5. jordgubb kiwi<br \/>\n6. blandade b\u00e4r<br \/>\n7. red bull<br \/>\n8. bl\u00e5b\u00e4r k\u00f6rsb\u00e4r tranb\u00e4r<br \/>\n9. citron lime<br \/>\n10. skittles<br \/>\n11. Sommardr\u00f6m<br \/>\n12. Jordgubbsbanan<br \/>\n13. Hallonvattenmelon<br \/>\n14. Bl\u00e5b\u00e4rsk\u00f6rsb\u00e4rscola<br \/>\n15. Svart is Drakfrukt Jordgubb<\/p>\n<h3>Varf\u00f6r v\u00e4lja vapestornado f\u00f6r Vapsolo Super 15000 Puff Vape Grossist?<\/h3>\n<div class=\"flex-shrink-0 flex flex-col relative items-end\">\n<div class=\"pt-0\">\n<div class=\"gizmo-bot-avatar flex h-8 w-8 items-center justify-center overflow-hidden rounded-full\">\n<div class=\"relative p-1 rounded-sm flex items-center justify-center bg-token-main-surface-primary text-token-text-primary h-8 w-8\">\n<p>V\u00e4lkommen till vapestornado, din betrodda online vape-butik f\u00f6r premium eng\u00e5ngsvapes. Med mer \u00e4n 5 \u00e5rs expertis ger vi dig popul\u00e4ra eng\u00e5ngs vape-m\u00e4rken som Fumot RandM Vape, <a href=\"https:\/\/vapestornado.com\/sv\/product\/vapme-crystal-7000-puffs-rechargeable-disposable-vape-wholesale-cheap-price\/\">Vapme<\/a>, Bang Vape, Waspe Vape och WGA Vape, etc.<\/p>\n<p>V\u00e5rt sortiment inkluderar heta f\u00f6rs\u00e4ljningsvapes som <a href=\"https:\/\/vapestornado.com\/sv\/product\/fumot-randm-tornado-15000-puffs-rechargeable-disposable-vape-wholesale\/\">RandM Tornado 15000<\/a>, och smakrika val som <a href=\"https:\/\/vapestornado.com\/sv\/product\/waspe-40000-puffs-double-flavour-led-display-disposable-vape-wholesale\/\">WASPE Dubbel Smak 40000 Puffs<\/a> . Varje produkt \u00e4r utvald med fokus p\u00e5 kvalitet, v\u00e4rde och variation, vilket s\u00e4kerst\u00e4ller att du hittar den perfekta matchningen f\u00f6r dina behov. Uppt\u00e4ck exceptionell service och ett brett utbud av toppprodukter till grossistpris hos vapestornado.<\/p>\n<\/div>\n<h3><\/h3>\n<div class=\"relative p-1 rounded-sm flex items-center justify-center bg-token-main-surface-primary text-token-text-primary h-8 w-8\">\n<h3>Vanliga fr\u00e5gor om Vapsolo Super 15000 Puff Eng\u00e5ngs Vape<\/h3>\n<\/div>\n<\/div>\n<\/div>\n<\/div>\n<div class=\"flex-shrink-0 flex flex-col relative items-end\">\n<div class=\"pt-0\">\n<div class=\"gizmo-bot-avatar flex h-8 w-8 items-center justify-center overflow-hidden rounded-full\">\n<div class=\"relative p-1 rounded-sm flex items-center justify-center bg-token-main-surface-primary text-token-text-primary h-8 w-8\">\n<div class=\"mb-2 flex gap-3 empty:hidden -ml-2\">\n<div role=\"article\" data-tabster=\"{&quot;groupper&quot;:{&quot;tabbability&quot;:2},&quot;focusable&quot;:{}}\" data-content=\"ai-message\" aria-labelledby=\"Vdt5ez4X7Tg813x6rFVha-author Vdt5ez4X7Tg813x6rFVha-content\">\n<div id=\"Vdt5ez4X7Tg813x6rFVha-content\">\n<div role=\"article\" data-tabster=\"{&quot;groupper&quot;:{&quot;tabbability&quot;:2},&quot;focusable&quot;:{}}\" data-content=\"ai-message\" aria-labelledby=\"o968oC7CEo2fGHsGdsRYC-author o968oC7CEo2fGHsGdsRYC-content\">\n<div id=\"o968oC7CEo2fGHsGdsRYC-content\">\n<h3><\/h3>\n<ol>\n<li><strong>Hur m\u00e5nga bloss ger Vapsolo Super 15k?<\/strong><br \/>\nDen <strong>Vapsolo 15000<\/strong> levererar upp till <strong>15 000 bloss<\/strong>, vilket g\u00f6r den mycket t\u00e5lig och l\u00e5ngvarig.<\/li>\n<li><strong>Kan jag anpassa luftfl\u00f6det?<\/strong><br \/>\nJa, den har <strong>4-niv\u00e5s justerbara luftfl\u00f6de<\/strong>, vilket g\u00f6r att du kan anpassa draget efter dina \u00f6nskem\u00e5l.<\/li>\n<li><strong>\u00c4r Vapsolo Super 15000 uppladdningsbar?<\/strong><br \/>\nAbsolut! Den levereras med en <strong>650mAh uppladdningsbart batteri<\/strong> och <strong>Typ-C laddningsport<\/strong> f\u00f6r snabba uppladdningar.<\/li>\n<li><strong>Vad g\u00f6r Vapsolo Super 15000 l\u00e4mplig f\u00f6r grossistf\u00f6rs\u00e4ljning?<\/strong><br \/>\nDess <strong>l\u00e5gt pris<\/strong>, h\u00f6gt antal bloss och premiumfunktioner g\u00f6r den idealisk f\u00f6r <strong>grossist eng\u00e5ngs vapes<\/strong> och bulkk\u00f6pare.<\/li>\n<li><strong>\u00c4r Vapsolo Super 15000 ett bra alternativ f\u00f6r anv\u00e4ndare med l\u00e5gt nikotinbehov?<\/strong><br \/>\nJa, denna <strong>eng\u00e5ngsvape med l\u00e5g nikotinhalt<\/strong> \u00e4r perfekt f\u00f6r anv\u00e4ndare som s\u00f6ker reducerade nikotinniv\u00e5er samtidigt som de njuter av en f\u00f6rstklassig vapingupplevelse.<\/li>\n<\/ol>\n<\/div>\n<\/div>\n<\/div>\n<\/div>\n<\/div>\n<\/div>\n<\/div>\n<\/div>\n<\/div>","protected":false},"excerpt":{"rendered":"<p>Vapsolo Super 15000 Puffar 2% 5% L\u00e5gt Nikotin Bulk K\u00f6p Pris<br \/>\nVapsolo Super 15000 Puffar Uppladdningsbar Eng\u00e5ngs Vape<br \/>\nKina Fabrik Vapsolo 15000 Puffar 2% 5% L\u00e5gt Nikotin Eng\u00e5ngs Vape<\/p>\n<p><strong>L\u00e4gg till Amys whatsapp f\u00f6r snabbt svar och vape-kupong!<\/strong><\/p>\n<p><img fetchpriority=\"high\" decoding=\"async\" class=\"size-full wp-image-2932\" src=\"https:\/\/vapestornado.com\/wp-content\/uploads\/2024\/12\/Vape-Wholesale.jpg\" alt=\"Vape Partihandel\" width=\"229\" height=\"300\" \/><\/p>\n<h3><a href=\"https:\/\/wa.me\/8617776015835\"><span style=\"color: #ff0000;\"><strong>WhatsApp: +86 17776015835<\/strong><\/span><\/a><\/h3>\n<p>&nbsp;<\/p>","protected":false},"featured_media":3189,"comment_status":"open","ping_status":"closed","template":"","meta":{"_acf_changed":false,"_uag_custom_page_level_css":"","_lmt_disableupdate":"no","_lmt_disable":"","_monsterinsights_skip_tracking":false,"_monsterinsights_sitenote_active":false,"_monsterinsights_sitenote_note":"","_monsterinsights_sitenote_category":0,"site-sidebar-layout":"default","site-content-layout":"","ast-site-content-layout":"default","site-content-style":"default","site-sidebar-style":"default","ast-global-header-display":"","ast-banner-title-visibility":"","ast-main-header-display":"","ast-hfb-above-header-display":"","ast-hfb-below-header-display":"","ast-hfb-mobile-header-display":"","site-post-title":"","ast-breadcrumbs-content":"","ast-featured-img":"","footer-sml-layout":"","ast-disable-related-posts":"","theme-transparent-header-meta":"default","adv-header-id-meta":"","stick-header-meta":"","header-above-stick-meta":"","header-main-stick-meta":"","header-below-stick-meta":"","astra-migrate-meta-layouts":"set","ast-page-background-enabled":"default","ast-page-background-meta":{"desktop":{"background-color":"","background-image":"","background-repeat":"repeat","background-position":"center center","background-size":"auto","background-attachment":"scroll","background-type":"","background-media":"","overlay-type":"","overlay-color":"","overlay-opacity":"","overlay-gradient":""},"tablet":{"background-color":"","background-image":"","background-repeat":"repeat","background-position":"center center","background-size":"auto","background-attachment":"scroll","background-type":"","background-media":"","overlay-type":"","overlay-color":"","overlay-opacity":"","overlay-gradient":""},"mobile":{"background-color":"","background-image":"","background-repeat":"repeat","background-position":"center center","background-size":"auto","background-attachment":"scroll","background-type":"","background-media":"","overlay-type":"","overlay-color":"","overlay-opacity":"","overlay-gradient":""}},"ast-content-background-meta":{"desktop":{"background-color":"var(--ast-global-color-5)","background-image":"","background-repeat":"repeat","background-position":"center center","background-size":"auto","background-attachment":"scroll","background-type":"","background-media":"","overlay-type":"","overlay-color":"","overlay-opacity":"","overlay-gradient":""},"tablet":{"background-color":"var(--ast-global-color-5)","background-image":"","background-repeat":"repeat","background-position":"center center","background-size":"auto","background-attachment":"scroll","background-type":"","background-media":"","overlay-type":"","overlay-color":"","overlay-opacity":"","overlay-gradient":""},"mobile":{"background-color":"var(--ast-global-color-5)","background-image":"","background-repeat":"repeat","background-position":"center center","background-size":"auto","background-attachment":"scroll","background-type":"","background-media":"","overlay-type":"","overlay-color":"","overlay-opacity":"","overlay-gradient":""}},"_joinchat":{"telephone":"+8617776015835"}},"product_brand":[],"product_cat":[71,140,157,159,143,146,171],"product_tag":[165,97,166,94,139,168,167],"class_list":{"0":"post-3179","1":"product","2":"type-product","3":"status-publish","4":"has-post-thumbnail","6":"product_cat-15000-puff","7":"product_cat-big-puffs-disposable-vapes","8":"product_cat-buy-disposable-vapes-in-portugal","9":"product_cat-buy-disposable-vapes-in-sweden","10":"product_cat-dual-mesh-disposable-vapes","11":"product_cat-rechargeable-disposable-vapes","12":"product_cat-vapsolo-disposable-vapes","13":"product_tag-cheap-vapes","14":"product_tag-hot-sale-disposable-vape","15":"product_tag-low-nicotine-vape","16":"product_tag-rechargeable-disposable-vape","17":"product_tag-vapsolo","18":"product_tag-vapsolo-15000","19":"product_tag-vapsolo-super-15000","20":"desktop-align-left","21":"tablet-align-left","22":"mobile-align-left","24":"first","25":"instock","26":"sale","27":"shipping-taxable","28":"purchasable","29":"product-type-simple"},"acf":[],"uagb_featured_image_src":{"full":["https:\/\/vapestornado.com\/wp-content\/uploads\/2024\/12\/Vapsolo-Super-15000-Puffs-Disposable-Vapes-Bulk-Buy.jpg",1713,1713,false],"thumbnail":["https:\/\/vapestornado.com\/wp-content\/uploads\/2024\/12\/Vapsolo-Super-15000-Puffs-Disposable-Vapes-Bulk-Buy-150x150.jpg",150,150,true],"medium":["https:\/\/vapestornado.com\/wp-content\/uploads\/2024\/12\/Vapsolo-Super-15000-Puffs-Disposable-Vapes-Bulk-Buy-300x300.jpg",300,300,true],"medium_large":["https:\/\/vapestornado.com\/wp-content\/uploads\/2024\/12\/Vapsolo-Super-15000-Puffs-Disposable-Vapes-Bulk-Buy-768x768.jpg",768,768,true],"large":["https:\/\/vapestornado.com\/wp-content\/uploads\/2024\/12\/Vapsolo-Super-15000-Puffs-Disposable-Vapes-Bulk-Buy-1024x1024.jpg",1024,1024,true],"1536x1536":["https:\/\/vapestornado.com\/wp-content\/uploads\/2024\/12\/Vapsolo-Super-15000-Puffs-Disposable-Vapes-Bulk-Buy-1536x1536.jpg",1536,1536,true],"2048x2048":["https:\/\/vapestornado.com\/wp-content\/uploads\/2024\/12\/Vapsolo-Super-15000-Puffs-Disposable-Vapes-Bulk-Buy.jpg",1713,1713,false],"trp-custom-language-flag":["https:\/\/vapestornado.com\/wp-content\/uploads\/2024\/12\/Vapsolo-Super-15000-Puffs-Disposable-Vapes-Bulk-Buy.jpg",12,12,false],"woocommerce_thumbnail":["https:\/\/vapestornado.com\/wp-content\/uploads\/2024\/12\/Vapsolo-Super-15000-Puffs-Disposable-Vapes-Bulk-Buy-300x300.jpg",300,300,true],"woocommerce_single":["https:\/\/vapestornado.com\/wp-content\/uploads\/2024\/12\/Vapsolo-Super-15000-Puffs-Disposable-Vapes-Bulk-Buy-600x600.jpg",600,600,true],"woocommerce_gallery_thumbnail":["https:\/\/vapestornado.com\/wp-content\/uploads\/2024\/12\/Vapsolo-Super-15000-Puffs-Disposable-Vapes-Bulk-Buy-100x100.jpg",100,100,true]},"uagb_author_info":{"display_name":"ESAMY","author_link":"https:\/\/vapestornado.com\/sv\/author\/"},"uagb_comment_info":0,"uagb_excerpt":"Vapsolo Super 15000 Puffs 2% 5% Low Nicotine Bulk Buy Price Vapsolo Super 15000 Puffs Rechargeable Disposable Vape China Factory Vapsolo 15000 Puffs 2% 5% Low Nicotine Disposable Vape Add Amy's whatsapp get right reply and vape vape coupon! WhatsApp: +86 17776015835 &nbsp;","_links":{"self":[{"href":"https:\/\/vapestornado.com\/sv\/wp-json\/wp\/v2\/product\/3179","targetHints":{"allow":["GET"]}}],"collection":[{"href":"https:\/\/vapestornado.com\/sv\/wp-json\/wp\/v2\/product"}],"about":[{"href":"https:\/\/vapestornado.com\/sv\/wp-json\/wp\/v2\/types\/product"}],"replies":[{"embeddable":true,"href":"https:\/\/vapestornado.com\/sv\/wp-json\/wp\/v2\/comments?post=3179"}],"wp:featuredmedia":[{"embeddable":true,"href":"https:\/\/vapestornado.com\/sv\/wp-json\/wp\/v2\/media\/3189"}],"wp:attachment":[{"href":"https:\/\/vapestornado.com\/sv\/wp-json\/wp\/v2\/media?parent=3179"}],"wp:term":[{"taxonomy":"product_brand","embeddable":true,"href":"https:\/\/vapestornado.com\/sv\/wp-json\/wp\/v2\/product_brand?post=3179"},{"taxonomy":"product_cat","embeddable":true,"href":"https:\/\/vapestornado.com\/sv\/wp-json\/wp\/v2\/product_cat?post=3179"},{"taxonomy":"product_tag","embeddable":true,"href":"https:\/\/vapestornado.com\/sv\/wp-json\/wp\/v2\/product_tag?post=3179"}],"curies":[{"name":"wp","href":"https:\/\/api.w.org\/{rel}","templated":true}]}}