{"id":3171,"date":"2024-12-14T09:23:10","date_gmt":"2024-12-14T09:23:10","guid":{"rendered":"https:\/\/vapestornado.com\/?post_type=product&#038;p=3171"},"modified":"2025-08-23T10:02:23","modified_gmt":"2025-08-23T10:02:23","slug":"waspe-40000-puffs-double-flavor-rechargeable-vape-cheap-price","status":"publish","type":"product","link":"https:\/\/vapestornado.com\/sv\/product\/waspe-40000-puffs-double-flavor-rechargeable-vape-cheap-price\/","title":{"rendered":"WASPE 40000 Bloss Dubbelsmak Uppladdningsbar Vape Billigt Pris"},"content":{"rendered":"<h1>WASPE 40000 Bloss Dubbelsmak Uppladdningsbar Vape Billigt Pris<\/h1>\n<p>&nbsp;<\/p>\n<div role=\"article\" data-tabster=\"{&quot;groupper&quot;:{&quot;tabbability&quot;:2},&quot;focusable&quot;:{}}\" data-content=\"ai-message\" aria-labelledby=\"64JRvXrTnY7mRmPkEQLLT-author 64JRvXrTnY7mRmPkEQLLT-content\">\n<div id=\"64JRvXrTnY7mRmPkEQLLT-content\">\n<p>WASPE 40000 Puffar Uppladdningsbar Vape med Dubbla Smaker kombinerar avancerad teknik med enast\u00e5ende smakleverans. Designad f\u00f6r l\u00e5ngvarig anv\u00e4ndning, erbjuder WASPE VAPES upp till 40 000 puffar, vilket garanterar l\u00e5ngvarig tillfredsst\u00e4llelse. Dubbla 0.9\u03a9 mesh-coils ger en mjuk, fyllig \u00e5nga med f\u00f6rb\u00e4ttrad smakintensitet och en tillfredsst\u00e4llande k\u00e4nsla i halsen. Dess e-v\u00e4tskekapacitet p\u00e5 36mL minskar behovet av frekventa p\u00e5fyllningar, medan det 850mAh uppladdningsbara batteriet s\u00e4kerst\u00e4ller p\u00e5litlig prestanda. Den snabba Type-C-laddningsfunktionen minimerar driftstopp. Den smarta LED-displayen ger realtidsuppdateringar om batteri- och e-v\u00e4tskeniv\u00e5er f\u00f6r \u00f6kad bekv\u00e4mlighet. Med ett system f\u00f6r dubbla smaker kan anv\u00e4ndare enkelt v\u00e4xla mellan tv\u00e5 distinkta smaker, vilket f\u00f6rb\u00e4ttrar vejpingupplevelsen. Tillg\u00e4nglig med 2% och 5% nikotinstyrka och 16 unika smaker, passar den b\u00e5de nya och erfarna vejpare. V\u00e4lj WASPE FIHP 40000 Puffar Vape f\u00f6r banbrytande funktioner, elegant design och en f\u00f6rstklassig vejpingupplevelse anpassad efter dina preferenser.<\/p>\n<\/div>\n<\/div>\n<p><img fetchpriority=\"high\" decoding=\"async\" class=\"alignnone size-medium wp-image-4245\" src=\"https:\/\/vapestornado.com\/wp-content\/uploads\/2024\/12\/Waspe-DOUBLE-FLAVOUR-40k-Vape-Cheap-Price-300x300.jpg\" alt=\"\" width=\"300\" height=\"300\" srcset=\"https:\/\/vapestornado.com\/wp-content\/uploads\/2024\/12\/Waspe-DOUBLE-FLAVOUR-40k-Vape-Cheap-Price-300x300.jpg 300w, https:\/\/vapestornado.com\/wp-content\/uploads\/2024\/12\/Waspe-DOUBLE-FLAVOUR-40k-Vape-Cheap-Price-1024x1024.jpg 1024w, https:\/\/vapestornado.com\/wp-content\/uploads\/2024\/12\/Waspe-DOUBLE-FLAVOUR-40k-Vape-Cheap-Price-150x150.jpg 150w, https:\/\/vapestornado.com\/wp-content\/uploads\/2024\/12\/Waspe-DOUBLE-FLAVOUR-40k-Vape-Cheap-Price-768x768.jpg 768w, https:\/\/vapestornado.com\/wp-content\/uploads\/2024\/12\/Waspe-DOUBLE-FLAVOUR-40k-Vape-Cheap-Price-12x12.jpg 12w, https:\/\/vapestornado.com\/wp-content\/uploads\/2024\/12\/Waspe-DOUBLE-FLAVOUR-40k-Vape-Cheap-Price-600x600.jpg 600w, https:\/\/vapestornado.com\/wp-content\/uploads\/2024\/12\/Waspe-DOUBLE-FLAVOUR-40k-Vape-Cheap-Price-100x100.jpg 100w, https:\/\/vapestornado.com\/wp-content\/uploads\/2024\/12\/Waspe-DOUBLE-FLAVOUR-40k-Vape-Cheap-Price.jpg 1500w\" sizes=\"(max-width: 300px) 100vw, 300px\" \/><\/p>\n<p><img decoding=\"async\" class=\"wp-image-2951\" src=\"https:\/\/vapestornado.com\/wp-content\/uploads\/2024\/12\/Wholesale-Disposable-Vape-265x300.jpg\" alt=\"Grossist Eng\u00e5ngs Vape\" width=\"295\" height=\"334\" srcset=\"https:\/\/vapestornado.com\/wp-content\/uploads\/2024\/12\/Wholesale-Disposable-Vape-265x300.jpg 265w, https:\/\/vapestornado.com\/wp-content\/uploads\/2024\/12\/Wholesale-Disposable-Vape-768x871.jpg 768w, https:\/\/vapestornado.com\/wp-content\/uploads\/2024\/12\/Wholesale-Disposable-Vape-600x680.jpg 600w, https:\/\/vapestornado.com\/wp-content\/uploads\/2024\/12\/Wholesale-Disposable-Vape.jpg 823w\" sizes=\"(max-width: 295px) 100vw, 295px\" \/><\/p>\n<h6>V\u00e4nligen kontakta Mandys WhatsApp f\u00f6r rabatterat pris<a href=\"https:\/\/wa.me\/8618077105796\" target=\"_blank\" rel=\"noopener\">+8618077105796<\/a><\/h6>\n<p>&nbsp;<\/p>\n<h2><strong>WASPE 40000 Puffar Eng\u00e5ngsVapes Specifikationer<\/strong><\/h2>\n<ul>\n<li><strong>Nikotinstyrka<\/strong>: Finns i 2% och 5% alternativ f\u00f6r en skr\u00e4ddarsydd vejpingupplevelse.<\/li>\n<li><strong>Puffkapacitet<\/strong>: Upp till 40 000 puffar, perfekt f\u00f6r l\u00e5ngvarig anv\u00e4ndning med minimala byten.<\/li>\n<li><strong>E-v\u00e4tskekapacitet<\/strong>: F\u00f6rfylld med 36mL premium vape-juice f\u00f6r l\u00e5ngvariga sessioner.<\/li>\n<li><strong>Avancerade Mesh Coils<\/strong>: Dubbla 0.9\u03a9 mesh-coils ger mjuk, fyllig \u00e5nga och f\u00f6rb\u00e4ttrad smak.<\/li>\n<li><strong>Type-C Uppladdningsbar<\/strong>: Snabb och effektiv Type-C-laddning minimerar driftstopp.<\/li>\n<li><strong>Batterikapacitet<\/strong>: Ett robust 850mAh uppladdningsbart batteri s\u00e4kerst\u00e4ller konsekvent prestanda.<\/li>\n<li><strong>Smart LED-display<\/strong>: Realtidsuppdateringar om batteri- och e-v\u00e4tskeniv\u00e5er f\u00f6r smidig anv\u00e4ndbarhet.<\/li>\n<li><strong>Teknik med Dubbla Smaker<\/strong>: V\u00e4xla mellan tv\u00e5 distinkta smaker f\u00f6r en dynamisk och personlig vapingupplevelse.<\/li>\n<\/ul>\n<h2><strong>WASPE Tornado Vape 40k Puffs Smaklista:<\/strong><\/h2>\n<p class=\"selectable-text copyable-text x15bjb6t x1n2onr6\" dir=\"ltr\"><span class=\"selectable-text copyable-text false\">1.Watermelon Ice<\/span><\/p>\n<p class=\"selectable-text copyable-text x15bjb6t x1n2onr6\" dir=\"ltr\"><span class=\"selectable-text copyable-text false x1sdyfia xss6m8b\">2.<\/span><span class=\"selectable-text copyable-text false\"> Fizzy Cherry Ice<\/span><\/p>\n<p class=\"selectable-text copyable-text x15bjb6t x1n2onr6\" dir=\"ltr\"><span class=\"selectable-text copyable-text false x1sdyfia xss6m8b\">3.<\/span><span class=\"selectable-text copyable-text false\"> Strawberry Watermelon<\/span><\/p>\n<p class=\"selectable-text copyable-text x15bjb6t x1n2onr6\" dir=\"ltr\"><span class=\"selectable-text copyable-text false x1sdyfia xss6m8b\">4.<\/span><span class=\"selectable-text copyable-text false\"> Red Bull Ice<\/span><\/p>\n<p class=\"selectable-text copyable-text x15bjb6t x1n2onr6\" dir=\"ltr\"><span class=\"selectable-text copyable-text false x1sdyfia xss6m8b\">5.<\/span><span class=\"selectable-text copyable-text false\"> Peach Ice<\/span><\/p>\n<p class=\"selectable-text copyable-text x15bjb6t x1n2onr6\" dir=\"ltr\"><span class=\"selectable-text copyable-text false x1sdyfia xss6m8b\">6.<\/span><span class=\"selectable-text copyable-text false\"> Grape Ice<\/span><\/p>\n<p class=\"selectable-text copyable-text x15bjb6t x1n2onr6\" dir=\"ltr\"><span class=\"selectable-text copyable-text false x1sdyfia xss6m8b\">7.<\/span><span class=\"selectable-text copyable-text false\"> Blue Razz Lemonade<\/span><\/p>\n<p class=\"selectable-text copyable-text x15bjb6t x1n2onr6\" dir=\"ltr\"><span class=\"selectable-text copyable-text false x1sdyfia xss6m8b\">8.<\/span><span class=\"selectable-text copyable-text false\"> Mixed Berries<\/span><\/p>\n<p class=\"selectable-text copyable-text x15bjb6t x1n2onr6\" dir=\"ltr\"><span class=\"selectable-text copyable-text false x1sdyfia xss6m8b\">9.<\/span><span class=\"selectable-text copyable-text false\"> Strawberry Raspberry Cherry<\/span><\/p>\n<p class=\"selectable-text copyable-text x15bjb6t x1n2onr6\" dir=\"ltr\"><span class=\"selectable-text copyable-text false x1sdyfia xss6m8b\">10.<\/span><span class=\"selectable-text copyable-text false\"> Strawberry Banana<\/span><\/p>\n<p class=\"selectable-text copyable-text x15bjb6t x1n2onr6\" dir=\"ltr\"><span class=\"selectable-text copyable-text false x1sdyfia xss6m8b\">11.<\/span><span class=\"selectable-text copyable-text false\"> Strawberry Watermelon Bubblegum<\/span><\/p>\n<p class=\"selectable-text copyable-text x15bjb6t x1n2onr6\" dir=\"ltr\"><span class=\"selectable-text copyable-text false x1sdyfia xss6m8b\">12.<\/span><span class=\"selectable-text copyable-text false\"> Cherry Cola Ice<\/span><\/p>\n<p class=\"selectable-text copyable-text x15bjb6t x1n2onr6\" dir=\"ltr\"><span class=\"selectable-text copyable-text false x1sdyfia xss6m8b\">13.<\/span><span class=\"selectable-text copyable-text false\"> Sour Apple Raspberry<\/span><\/p>\n<p class=\"selectable-text copyable-text x15bjb6t x1n2onr6\" dir=\"ltr\"><span class=\"selectable-text copyable-text false x1sdyfia xss6m8b\">14.<\/span><span class=\"selectable-text copyable-text false\"> Peach Berry<\/span><\/p>\n<p class=\"selectable-text copyable-text x15bjb6t x1n2onr6\" dir=\"ltr\"><span class=\"selectable-text copyable-text false x1sdyfia xss6m8b\">15.<\/span><span class=\"selectable-text copyable-text false\"> Bl\u00e5b\u00e4rs-is<\/span><\/p>\n<p class=\"selectable-text copyable-text x15bjb6t x1n2onr6\" dir=\"ltr\"><span class=\"selectable-text copyable-text false x1sdyfia xss6m8b\">16.<\/span><span class=\"selectable-text copyable-text false\"> Strawberry Cherry<\/span><\/p>\n<div role=\"article\" data-tabster=\"{&quot;groupper&quot;:{&quot;tabbability&quot;:2},&quot;focusable&quot;:{}}\" data-content=\"ai-message\" aria-labelledby=\"dARUyEWDoEYhnSPXFwx5A-author dARUyEWDoEYhnSPXFwx5A-content\">\n<div id=\"dARUyEWDoEYhnSPXFwx5A-content\">\n<h2><strong>Varf\u00f6r v\u00e4lja WASPE 40k Puffs Vape Pods hos vapestornado.com?<\/strong><\/h2>\n<ul>\n<li><strong>O\u00f6vertr\u00e4ffad Livsl\u00e4ngd<\/strong>: Med imponerande 40 000 puffar \u00e4r WASPE 40K perfekt f\u00f6r vejpare som s\u00f6ker l\u00e5ngvarig anv\u00e4ndning utan t\u00e4ta byten.<\/li>\n<li><strong>Avancerad Vapingteknik<\/strong>: Med dubbla 0.9\u03a9 mesh-coils s\u00e4kerst\u00e4ller denna enhet en mjuk, smakrik \u00e5nga vid varje bloss, och erbjuder en f\u00f6rstklassig vapingupplevelse.<\/li>\n<li><strong>Massiv E-V\u00e4tskekapacitet<\/strong>: F\u00f6rfylld med 36mL av h\u00f6gkvalitativ vape-juice, den \u00e4r designad f\u00f6r oavbrutna, l\u00e5ngvariga sessioner.<\/li>\n<li><strong>Bekv\u00e4m Uppladdningsbarhet<\/strong>: Utrustad med ett 850mAh Type-C uppladdningsbart batteri, levererar WASPE 40000 puff p\u00e5litlig kraft och snabb laddning, vilket s\u00e4kerst\u00e4ller att du alltid \u00e4r redo att vejpa.<\/li>\n<li><strong>Innovativ Dubbelsmakfunktion<\/strong>: Njut av tv\u00e5 smaker i en enhet, som erbjuder en anpassningsbar och dynamisk vapingupplevelse skr\u00e4ddarsydd efter dina preferenser.<\/li>\n<li><strong>Anv\u00e4ndarv\u00e4nlig Design<\/strong>: Den smarta LED-displayen h\u00e5ller dig informerad om batteri- och e-v\u00e4tskeniv\u00e5er, vilket l\u00e4gger till ett lager av bekv\u00e4mlighet till din vejp-rutin.<\/li>\n<li><strong>Flexibla Nikotinalternativ<\/strong>: Tillg\u00e4nglig i 2% och 5% nikotinstyrkor, anpassat f\u00f6r b\u00e5de l\u00e4tta och erfarna vejpare.<\/li>\n<li><strong>vapestornados Premiumservice<\/strong>: Att handla p\u00e5 vapestornado.com inneb\u00e4r tillg\u00e5ng till autentiska produkter, konkurrenskraftiga priser och exceptionell kundsupport.<\/li>\n<\/ul>\n<\/div>\n<\/div>\n<h2>Vanliga fr\u00e5gor om <strong>WASPE 40K Puffs Bulk Pris uppladdningsbara vapes<\/strong><\/h2>\n<p><strong>F1: Hur sp\u00e5rar jag min WASPE VAPES 40k Puffs best\u00e4llning?<\/strong><br \/>\nS: N\u00e4r din best\u00e4llning har skickats f\u00e5r du ett sp\u00e5rningsnummer via e-post f\u00f6r att \u00f6vervaka leveransens framsteg.<\/p>\n<p><strong>F2: Vad \u00e4r den ber\u00e4knade leveranstiden f\u00f6r WASPE 40000 PUFF?<\/strong><br \/>\nS: Best\u00e4llningar som skickas fr\u00e5n Kina tar vanligtvis 7-14 arbetsdagar, medan best\u00e4llningar fr\u00e5n europeiska lager anl\u00e4nder inom 3-6 arbetsdagar.<\/p>\n<p><strong>F3: Kan jag f\u00e5 snabbare leverans?<\/strong><br \/>\nS: F\u00f6r snabbare leverans, \u00f6verv\u00e4g att best\u00e4lla produkter som finns i v\u00e5ra europeiska lager.<\/p>\n<p><strong>F4: Kan jag v\u00e4lja specifika smaker f\u00f6r WASPE FIHP VAPE 40000 PUFFS?<\/strong><br \/>\nS: Smaker ordnas vanligtvis slumpm\u00e4ssigt, men du kan l\u00e4mna en anteckning i kassan med dina preferenser, s\u00e5 g\u00f6r vi v\u00e5rt b\u00e4sta f\u00f6r att tillgodose dem.<\/p>\n<p><strong>F5: Skickar ni WASPE 40000 puffs internationellt?<\/strong><br \/>\nS: Ja, vi skickar till de flesta l\u00e4nder \u00f6ver hela v\u00e4rlden och hanterar tullklarering.<\/p>\n<p><strong>F6: Hur kan jag kontakta kundservice?<\/strong><br \/>\nS: Kontakta oss via e-post, WhatsApp eller livechatt p\u00e5 v\u00e5r hemsida f\u00f6r snabb hj\u00e4lp.<\/p>","protected":false},"excerpt":{"rendered":"<ul>\n<li><strong>K\u00f6p WASPE FIHP 40000 Puffar Uppladdningsbar Vape till Oslagbara Priser<\/strong><\/li>\n<li><strong>Grossistpriser p\u00e5 WASPE FIHP 40K Puffar Vapes \u2013 Spara Stort p\u00e5 Bulkk\u00f6p<\/strong><\/li>\n<li><strong>Handla WASPE 40000 Puffar Dubbla Smaker Vape \u2013 Avancerade Funktioner, Prisv\u00e4rda Priser<\/strong><\/li>\n<\/ul>\n<figure id=\"attachment_2951\" aria-describedby=\"caption-attachment-2951\" style=\"width: 265px\" class=\"wp-caption alignnone\"><img decoding=\"async\" class=\"size-medium wp-image-2951\" src=\"https:\/\/vapestornado.com\/wp-content\/uploads\/2024\/12\/Wholesale-Disposable-Vape-265x300.jpg\" alt=\"Grossist Eng\u00e5ngs Vape\" width=\"265\" height=\"300\" srcset=\"https:\/\/vapestornado.com\/wp-content\/uploads\/2024\/12\/Wholesale-Disposable-Vape-265x300.jpg 265w, https:\/\/vapestornado.com\/wp-content\/uploads\/2024\/12\/Wholesale-Disposable-Vape-768x871.jpg 768w, https:\/\/vapestornado.com\/wp-content\/uploads\/2024\/12\/Wholesale-Disposable-Vape-600x680.jpg 600w, https:\/\/vapestornado.com\/wp-content\/uploads\/2024\/12\/Wholesale-Disposable-Vape.jpg 823w\" sizes=\"(max-width: 265px) 100vw, 265px\" \/><figcaption id=\"caption-attachment-2951\" class=\"wp-caption-text\">V\u00e4nligen kontakta Mandys WhatsApp f\u00f6r rabatterat pris\u00a0 <a href=\"https:\/\/wa.me\/8618077105796\">+8618077105796<\/a><\/figcaption><\/figure>\n<p>&nbsp;<\/p>","protected":false},"featured_media":4245,"comment_status":"open","ping_status":"closed","template":"","meta":{"_acf_changed":false,"_uag_custom_page_level_css":"","_lmt_disableupdate":"no","_lmt_disable":"","_monsterinsights_skip_tracking":false,"_monsterinsights_sitenote_active":false,"_monsterinsights_sitenote_note":"","_monsterinsights_sitenote_category":0,"site-sidebar-layout":"default","site-content-layout":"","ast-site-content-layout":"default","site-content-style":"default","site-sidebar-style":"default","ast-global-header-display":"","ast-banner-title-visibility":"","ast-main-header-display":"","ast-hfb-above-header-display":"","ast-hfb-below-header-display":"","ast-hfb-mobile-header-display":"","site-post-title":"","ast-breadcrumbs-content":"","ast-featured-img":"","footer-sml-layout":"","ast-disable-related-posts":"","theme-transparent-header-meta":"default","adv-header-id-meta":"","stick-header-meta":"","header-above-stick-meta":"","header-main-stick-meta":"","header-below-stick-meta":"","astra-migrate-meta-layouts":"set","ast-page-background-enabled":"default","ast-page-background-meta":{"desktop":{"background-color":"","background-image":"","background-repeat":"repeat","background-position":"center center","background-size":"auto","background-attachment":"scroll","background-type":"","background-media":"","overlay-type":"","overlay-color":"","overlay-opacity":"","overlay-gradient":""},"tablet":{"background-color":"","background-image":"","background-repeat":"repeat","background-position":"center center","background-size":"auto","background-attachment":"scroll","background-type":"","background-media":"","overlay-type":"","overlay-color":"","overlay-opacity":"","overlay-gradient":""},"mobile":{"background-color":"","background-image":"","background-repeat":"repeat","background-position":"center center","background-size":"auto","background-attachment":"scroll","background-type":"","background-media":"","overlay-type":"","overlay-color":"","overlay-opacity":"","overlay-gradient":""}},"ast-content-background-meta":{"desktop":{"background-color":"var(--ast-global-color-5)","background-image":"","background-repeat":"repeat","background-position":"center center","background-size":"auto","background-attachment":"scroll","background-type":"","background-media":"","overlay-type":"","overlay-color":"","overlay-opacity":"","overlay-gradient":""},"tablet":{"background-color":"var(--ast-global-color-5)","background-image":"","background-repeat":"repeat","background-position":"center center","background-size":"auto","background-attachment":"scroll","background-type":"","background-media":"","overlay-type":"","overlay-color":"","overlay-opacity":"","overlay-gradient":""},"mobile":{"background-color":"var(--ast-global-color-5)","background-image":"","background-repeat":"repeat","background-position":"center center","background-size":"auto","background-attachment":"scroll","background-type":"","background-media":"","overlay-type":"","overlay-color":"","overlay-opacity":"","overlay-gradient":""}},"_joinchat":{"telephone":"+8618077105796"}},"product_brand":[],"product_cat":[65,149,153,156,157,158,60],"product_tag":[97,89],"class_list":{"0":"post-3171","1":"product","2":"type-product","3":"status-publish","4":"has-post-thumbnail","6":"product_cat-40000-puff","7":"product_cat-buy-disposable-vapes-in-austria","8":"product_cat-buy-disposable-vapes-in-italy","9":"product_cat-buy-disposable-vapes-in-poland","10":"product_cat-buy-disposable-vapes-in-portugal","11":"product_cat-buy-disposable-vapes-in-spain","12":"product_cat-waspe-fihp-vape","13":"product_tag-hot-sale-disposable-vape","14":"product_tag-waspe-40000-puffs","15":"desktop-align-left","16":"tablet-align-left","17":"mobile-align-left","19":"first","20":"instock","21":"sale","22":"shipping-taxable","23":"purchasable","24":"product-type-simple"},"acf":[],"uagb_featured_image_src":{"full":["https:\/\/vapestornado.com\/wp-content\/uploads\/2024\/12\/Waspe-DOUBLE-FLAVOUR-40k-Vape-Cheap-Price.jpg",1500,1500,false],"thumbnail":["https:\/\/vapestornado.com\/wp-content\/uploads\/2024\/12\/Waspe-DOUBLE-FLAVOUR-40k-Vape-Cheap-Price-150x150.jpg",150,150,true],"medium":["https:\/\/vapestornado.com\/wp-content\/uploads\/2024\/12\/Waspe-DOUBLE-FLAVOUR-40k-Vape-Cheap-Price-300x300.jpg",300,300,true],"medium_large":["https:\/\/vapestornado.com\/wp-content\/uploads\/2024\/12\/Waspe-DOUBLE-FLAVOUR-40k-Vape-Cheap-Price-768x768.jpg",768,768,true],"large":["https:\/\/vapestornado.com\/wp-content\/uploads\/2024\/12\/Waspe-DOUBLE-FLAVOUR-40k-Vape-Cheap-Price-1024x1024.jpg",1024,1024,true],"1536x1536":["https:\/\/vapestornado.com\/wp-content\/uploads\/2024\/12\/Waspe-DOUBLE-FLAVOUR-40k-Vape-Cheap-Price.jpg",1500,1500,false],"2048x2048":["https:\/\/vapestornado.com\/wp-content\/uploads\/2024\/12\/Waspe-DOUBLE-FLAVOUR-40k-Vape-Cheap-Price.jpg",1500,1500,false],"trp-custom-language-flag":["https:\/\/vapestornado.com\/wp-content\/uploads\/2024\/12\/Waspe-DOUBLE-FLAVOUR-40k-Vape-Cheap-Price-12x12.jpg",12,12,true],"woocommerce_thumbnail":["https:\/\/vapestornado.com\/wp-content\/uploads\/2024\/12\/Waspe-DOUBLE-FLAVOUR-40k-Vape-Cheap-Price-300x300.jpg",300,300,true],"woocommerce_single":["https:\/\/vapestornado.com\/wp-content\/uploads\/2024\/12\/Waspe-DOUBLE-FLAVOUR-40k-Vape-Cheap-Price-600x600.jpg",600,600,true],"woocommerce_gallery_thumbnail":["https:\/\/vapestornado.com\/wp-content\/uploads\/2024\/12\/Waspe-DOUBLE-FLAVOUR-40k-Vape-Cheap-Price-100x100.jpg",100,100,true]},"uagb_author_info":{"display_name":"ESMANDY","author_link":"https:\/\/vapestornado.com\/sv\/author\/"},"uagb_comment_info":0,"uagb_excerpt":"Get WASPE FIHP 40000 Puff Rechargeable Vape at Unbeatable Prices Wholesale Deals on WASPE FIHP 40K Puffs Vapes \u2013 Save Big on Bulk Orders Shop WASPE 40000 Puffs Dual Flavor Vape \u2013 Advanced Features, Affordable Prices [caption id=\"attachment_2951\" align=\"alignnone\" width=\"265\"] Pls Contact Mandy's WhatsApp For Discount Price\u00a0 +8618077105796[\/caption] &nbsp;","_links":{"self":[{"href":"https:\/\/vapestornado.com\/sv\/wp-json\/wp\/v2\/product\/3171","targetHints":{"allow":["GET"]}}],"collection":[{"href":"https:\/\/vapestornado.com\/sv\/wp-json\/wp\/v2\/product"}],"about":[{"href":"https:\/\/vapestornado.com\/sv\/wp-json\/wp\/v2\/types\/product"}],"replies":[{"embeddable":true,"href":"https:\/\/vapestornado.com\/sv\/wp-json\/wp\/v2\/comments?post=3171"}],"wp:featuredmedia":[{"embeddable":true,"href":"https:\/\/vapestornado.com\/sv\/wp-json\/wp\/v2\/media\/4245"}],"wp:attachment":[{"href":"https:\/\/vapestornado.com\/sv\/wp-json\/wp\/v2\/media?parent=3171"}],"wp:term":[{"taxonomy":"product_brand","embeddable":true,"href":"https:\/\/vapestornado.com\/sv\/wp-json\/wp\/v2\/product_brand?post=3171"},{"taxonomy":"product_cat","embeddable":true,"href":"https:\/\/vapestornado.com\/sv\/wp-json\/wp\/v2\/product_cat?post=3171"},{"taxonomy":"product_tag","embeddable":true,"href":"https:\/\/vapestornado.com\/sv\/wp-json\/wp\/v2\/product_tag?post=3171"}],"curies":[{"name":"wp","href":"https:\/\/api.w.org\/{rel}","templated":true}]}}