{"id":3132,"date":"2024-12-13T09:10:35","date_gmt":"2024-12-13T09:10:35","guid":{"rendered":"https:\/\/vapestornado.com\/?post_type=product&#038;p=3132"},"modified":"2025-08-23T10:04:00","modified_gmt":"2025-08-23T10:04:00","slug":"vapsolo-twins-20000-double-flavour-rechargeable-disposable-vape-wholesale-price","status":"publish","type":"product","link":"https:\/\/vapestornado.com\/sv\/product\/vapsolo-twins-20000-double-flavour-rechargeable-disposable-vape-wholesale-price\/","title":{"rendered":"Vapsolo Twins 20000 Dubbel Smak \u00c5teruppladdningsbar Eng\u00e5ngs Vape Grossistpris"},"content":{"rendered":"<h1 class=\"product-title\">Vapsolo Twins 20000 Dubbel Smak \u00c5teruppladdningsbar Eng\u00e5ngs Vape Grossistpris<\/h1>\n<p data-start=\"319\" data-end=\"581\">Den <strong data-start=\"323\" data-end=\"377\">Vapsolo Twins 20000 Dubbel Smak Eng\u00e5ngs Vape<\/strong> \u00e4r designad f\u00f6r \u00e5terf\u00f6rs\u00e4ljare och grossister som beh\u00f6ver p\u00e5litligt, l\u00e5ngvarigt lager. Med upp till <strong data-start=\"470\" data-end=\"497\">20 000 bloss per enhet<\/strong> och en <strong data-start=\"504\" data-end=\"526\">25 ml e-v\u00e4tskebeh\u00e5llare<\/strong>erbjuder den ut\u00f6kad anv\u00e4ndning och stark \u00e5terf\u00f6rs\u00e4ljningspotential.<\/p>\n<p data-start=\"583\" data-end=\"946\">Dess <strong data-start=\"587\" data-end=\"612\">dubbelt smaksystem<\/strong> l\u00e5ter kunderna v\u00e4xla mellan tv\u00e5 blandningar i en enhet, vilket g\u00f6r den mer attraktiv f\u00f6r k\u00f6pare som vill ha variation utan att b\u00e4ra flera vapes. Den <strong data-start=\"759\" data-end=\"783\">mesh coil-teknologi<\/strong> s\u00e4kerst\u00e4ller j\u00e4mn \u00e5nga och konsekvent smak, medan <strong data-start=\"837\" data-end=\"868\">650mAh uppladdningsbart batteri<\/strong> med <strong data-start=\"874\" data-end=\"898\">Typ-C snabbladdning<\/strong> h\u00e5ller prestandan stabil till sista droppen.<\/p>\n<p data-start=\"948\" data-end=\"1202\">Tillg\u00e4nglig i <strong data-start=\"961\" data-end=\"993\">2% och 5% nikotinstyrkor<\/strong>, den <strong data-start=\"999\" data-end=\"1025\">Vapsolo Twins 20K Vape<\/strong> tillgodoser olika kundpreferenser. Med konkurrenskraftiga <strong data-start=\"1085\" data-end=\"1106\">grossistpriser<\/strong> och stark efterfr\u00e5gan p\u00e5 marknaden \u00e4r det ett smart val f\u00f6r sm\u00e5 butiker och distribut\u00f6rer i hela Europa<\/p>\n<p><strong>L\u00e4gg till Amys Whatsapp f\u00f6r att f\u00e5 snabbt svar och vape-kupong!<\/strong><\/p>\n<p><img fetchpriority=\"high\" decoding=\"async\" class=\"size-full wp-image-2932\" src=\"https:\/\/vapestornado.com\/wp-content\/uploads\/2024\/12\/Vape-Wholesale.jpg\" alt=\"Vape Partihandel\" width=\"229\" height=\"300\" \/><\/p>\n<h3><a href=\"https:\/\/wa.me\/8617776015835\" target=\"_blank\" rel=\"noopener\"><span style=\"color: #ff0000;\"><strong>WhatsApp: +86 17776015835<\/strong><\/span><\/a><\/h3>\n<p>&nbsp;<\/p>\n<h2><strong>Vapsolo Twins 20000 Produktegenskaper<\/strong><\/h2>\n<div role=\"article\" data-tabster=\"{&quot;groupper&quot;:{&quot;tabbability&quot;:2},&quot;focusable&quot;:{}}\" data-content=\"ai-message\" aria-labelledby=\"juhNTJ6o7Gk1cgwZMJgv2-author juhNTJ6o7Gk1cgwZMJgv2-content\">\n<div id=\"juhNTJ6o7Gk1cgwZMJgv2-content\">\n<div role=\"article\" data-tabster=\"{&quot;groupper&quot;:{&quot;tabbability&quot;:2},&quot;focusable&quot;:{}}\" data-content=\"ai-message\" aria-labelledby=\"x4EZuCZWrTbh3weWUt7CU-author x4EZuCZWrTbh3weWUt7CU-content\">\n<div id=\"x4EZuCZWrTbh3weWUt7CU-content\">\n<h3><\/h3>\n<ol>\n<li><strong>Dubbel Smak-gl\u00e4dje:<\/strong> Dubbel-tanksystem f\u00f6r tv\u00e5 smaker i en vape.<\/li>\n<li><strong>Massivt Antal Bloss:<\/strong> Erbjuder en imponerande <strong>20 000 puffar<\/strong>.<\/li>\n<li><strong>Uppladdningsbart batteri:<\/strong> L\u00e5ngvarigt 650mAh batteri med Type-C laddning.<\/li>\n<li><strong>Gener\u00f6s E-v\u00e4tskekapacitet:<\/strong> <strong>25mL f\u00f6rfyllda tankar<\/strong> f\u00f6r ut\u00f6kad anv\u00e4ndning.<\/li>\n<li><strong>Nikotinstyrkealternativ:<\/strong> V\u00e4lj mellan <strong>2% eller 5%<\/strong> nikotinniv\u00e5er.<\/li>\n<li><strong>Mesh Coil-teknologi:<\/strong> S\u00e4kerst\u00e4ller j\u00e4mn och smakfull \u00e5ngproduktion.<\/li>\n<li><strong>Justerbart luftfl\u00f6de:<\/strong> Anpassa \u00e5ngintensiteten f\u00f6r att passa din stil.<\/li>\n<li><strong>Anv\u00e4ndarv\u00e4nlig Design:<\/strong> Dragaktiverat system f\u00f6r enkel och bekv\u00e4m vejping.<\/li>\n<li><strong>Kompakt<\/strong> Snygg design perfekt f\u00f6r anv\u00e4ndare p\u00e5 spr\u00e5ng.<\/li>\n<li><strong>Smart Sk\u00e4rm:<\/strong> Uppdateringar i realtid om batteritid och puffr\u00e4kning.<\/li>\n<\/ol>\n<\/div>\n<\/div>\n<\/div>\n<\/div>\n<h2 class=\"product-title\"><strong>Vapsolo Twins 20000 Smaklista<\/strong><\/h2>\n<p>1.Citron Lime<br \/>\n2.Druva Is<br \/>\n3.Ananas Kokos<br \/>\n4.Apelsin Mango Vattenmelon<br \/>\n5.Bl\u00e5b\u00e4r Is<br \/>\n6.Vattenmelon Is<br \/>\n7.Jordgubbe Banan<br \/>\n8.Jordgubbe Hallon K\u00f6rsb\u00e4r Is<br \/>\n9.Bl\u00e5 Hallon L\u00e4sk<br \/>\n10.Vattenmelon Is<br \/>\n11.Trippel Melon<br \/>\n12.Svart Is Drakfrukt Jordgubbe<br \/>\n13.Ananas Kokosn\u00f6t<br \/>\n14.Jordgubbs Is<br \/>\n15.Jordgubbe Kiwi<br \/>\n16.Trippel Melon<\/p>\n<h3>Varf\u00f6r v\u00e4lja vapestornado f\u00f6r Vapsolo Twins 20k Puff Vape Partihandel?<\/h3>\n<div class=\"flex-shrink-0 flex flex-col relative items-end\">\n<div class=\"pt-0\">\n<div class=\"gizmo-bot-avatar flex h-8 w-8 items-center justify-center overflow-hidden rounded-full\">\n<div class=\"relative p-1 rounded-sm flex items-center justify-center bg-token-main-surface-primary text-token-text-primary h-8 w-8\">\n<p>V\u00e4lkommen till vapestornado, din betrodda online vape-butik f\u00f6r premium eng\u00e5ngsvapes. Med mer \u00e4n 5 \u00e5rs expertis ger vi dig popul\u00e4ra eng\u00e5ngs vape-m\u00e4rken som Fumot RandM Vape, <a href=\"https:\/\/vapestornado.com\/sv\/product\/vapme-crystal-7000-puffs-rechargeable-disposable-vape-wholesale-cheap-price\/\">Vapme<\/a>, Bang Vape, Waspe Vape och WGA Vape, etc.<\/p>\n<p>V\u00e5rt sortiment inkluderar heta f\u00f6rs\u00e4ljningsvapes som <a href=\"https:\/\/vapestornado.com\/sv\/product\/fumot-randm-tornado-15000-puffs-rechargeable-disposable-vape-wholesale\/\">RandM Tornado 15000<\/a>, och smakrika val som <a href=\"https:\/\/vapestornado.com\/sv\/product\/waspe-40000-puffs-double-flavour-led-display-disposable-vape-wholesale\/\">WASPE Dubbel Smak 40000 Puffs<\/a> . Varje produkt \u00e4r utvald med fokus p\u00e5 kvalitet, v\u00e4rde och variation, vilket s\u00e4kerst\u00e4ller att du hittar den perfekta matchningen f\u00f6r dina behov. Uppt\u00e4ck exceptionell service och ett brett utbud av toppprodukter till grossistpris hos vapestornado.<\/p>\n<\/div>\n<h3><\/h3>\n<div class=\"relative p-1 rounded-sm flex items-center justify-center bg-token-main-surface-primary text-token-text-primary h-8 w-8\">\n<h3>Vanliga fr\u00e5gor f\u00f6r Vapsolo 20k Puff Eng\u00e5ngsvape<\/h3>\n<\/div>\n<\/div>\n<\/div>\n<\/div>\n<div class=\"flex-shrink-0 flex flex-col relative items-end\">\n<div class=\"pt-0\">\n<div class=\"gizmo-bot-avatar flex h-8 w-8 items-center justify-center overflow-hidden rounded-full\">\n<div class=\"relative p-1 rounded-sm flex items-center justify-center bg-token-main-surface-primary text-token-text-primary h-8 w-8\">\n<div class=\"mb-2 flex gap-3 empty:hidden -ml-2\">\n<div role=\"article\" data-tabster=\"{&quot;groupper&quot;:{&quot;tabbability&quot;:2},&quot;focusable&quot;:{}}\" data-content=\"ai-message\" aria-labelledby=\"Vdt5ez4X7Tg813x6rFVha-author Vdt5ez4X7Tg813x6rFVha-content\">\n<div id=\"Vdt5ez4X7Tg813x6rFVha-content\">\n<div role=\"article\" data-tabster=\"{&quot;groupper&quot;:{&quot;tabbability&quot;:2},&quot;focusable&quot;:{}}\" data-content=\"ai-message\" aria-labelledby=\"o968oC7CEo2fGHsGdsRYC-author o968oC7CEo2fGHsGdsRYC-content\">\n<div id=\"o968oC7CEo2fGHsGdsRYC-content\">\n<ol>\n<li><strong>Vad g\u00f6r Vapsolo Twins 20000 unik?<\/strong><br \/>\nDen <strong>dubbla smakbeh\u00e5llare<\/strong> l\u00e5ter dig njuta av tv\u00e5 distinkta smaker i en och samma enhet, vilket g\u00f6r den mycket m\u00e5ngsidig.<\/li>\n<li><strong>Hur m\u00e5nga bloss ger Vapsolo Twins 20000?<\/strong><br \/>\nDen erbjuder imponerande <strong>20 000 puffar<\/strong>, vilket g\u00f6r den idealisk f\u00f6r l\u00e5ngvarig anv\u00e4ndning.<\/li>\n<li><strong>Kan Vapsolo Twins laddas?<\/strong><br \/>\nJa, den har ett <strong>650mAh uppladdningsbart batteri<\/strong> med snabb Type-C-laddning f\u00f6r enkelhetens skull.<\/li>\n<li><strong>Vilka nikotinstyrkor finns tillg\u00e4ngliga?<\/strong><br \/>\nEnheten finns i <strong>2% och 5% nikotinniv\u00e5er<\/strong>, som passar b\u00e5de f\u00f6r l\u00e4tta och tunga nikotinanv\u00e4ndare.<\/li>\n<li><strong>\u00c4r Vapsolo Twins l\u00e4mplig f\u00f6r nyb\u00f6rjare?<\/strong><br \/>\nAbsolut! Dess <strong>dragsystem<\/strong> och enkla kontroller g\u00f6r den enkel f\u00f6r nyb\u00f6rjare samtidigt som den erbjuder avancerade funktioner f\u00f6r erfarna vapers.<\/li>\n<\/ol>\n<\/div>\n<\/div>\n<\/div>\n<\/div>\n<p>&nbsp;<\/p>\n<\/div>\n<\/div>\n<\/div>\n<\/div>\n<\/div>\n<div class=\"group\/conversation-turn relative flex w-full min-w-0 flex-col agent-turn\">\n<div class=\"flex-col gap-1 md:gap-3\">\n<div class=\"flex max-w-full flex-col flex-grow\">\n<div class=\"min-h-8 text-message flex w-full flex-col items-end gap-2 whitespace-normal break-words [.text-message+&amp;]:mt-5\" dir=\"auto\" data-message-author-role=\"assistant\" data-message-id=\"db716a1c-9ed0-4b8d-b3b0-7bdb913c3d42\" data-message-model-slug=\"gpt-4o\">\n<div class=\"flex w-full flex-col gap-1 empty:hidden first:pt-[3px]\">\n<div class=\"markdown prose w-full break-words dark:prose-invert light\">\n<p>&nbsp;<\/p>\n<\/div>\n<\/div>\n<\/div>\n<\/div>\n<\/div>\n<\/div>","protected":false},"excerpt":{"rendered":"<p>Vapsolo Twins 20000 Puffs 2 i 1 Eng\u00e5ngsvape Partipris<br \/>\nVapsolo 20000 Dubbel Smak Uppladdningsbar Eng\u00e5ngsvape B\u00e4sts\u00e4ljare<br \/>\nVapsolo Twins 20k 2 Smak i 1 Eng\u00e5ngsvape Bulkk\u00f6pspris<\/p>\n<p><strong>L\u00e4gg till Amys whatsapp f\u00f6r snabbt svar och vape-kupong!<\/strong><\/p>\n<p><img fetchpriority=\"high\" decoding=\"async\" class=\"size-full wp-image-2932\" src=\"https:\/\/vapestornado.com\/wp-content\/uploads\/2024\/12\/Vape-Wholesale.jpg\" alt=\"Vape Partihandel\" width=\"229\" height=\"300\" \/><\/p>\n<h3><a href=\"https:\/\/wa.me\/8617776015835\"><span style=\"color: #ff0000;\"><strong>WhatsApp: +86 17776015835<\/strong><\/span><\/a><\/h3>\n<p>&nbsp;<\/p>","protected":false},"featured_media":3129,"comment_status":"open","ping_status":"closed","template":"","meta":{"_acf_changed":false,"_uag_custom_page_level_css":"","_lmt_disableupdate":"no","_lmt_disable":"","_monsterinsights_skip_tracking":false,"_monsterinsights_sitenote_active":false,"_monsterinsights_sitenote_note":"","_monsterinsights_sitenote_category":0,"site-sidebar-layout":"default","site-content-layout":"","ast-site-content-layout":"default","site-content-style":"default","site-sidebar-style":"default","ast-global-header-display":"","ast-banner-title-visibility":"","ast-main-header-display":"","ast-hfb-above-header-display":"","ast-hfb-below-header-display":"","ast-hfb-mobile-header-display":"","site-post-title":"","ast-breadcrumbs-content":"","ast-featured-img":"","footer-sml-layout":"","ast-disable-related-posts":"","theme-transparent-header-meta":"default","adv-header-id-meta":"","stick-header-meta":"","header-above-stick-meta":"","header-main-stick-meta":"","header-below-stick-meta":"","astra-migrate-meta-layouts":"set","ast-page-background-enabled":"default","ast-page-background-meta":{"desktop":{"background-color":"","background-image":"","background-repeat":"repeat","background-position":"center center","background-size":"auto","background-attachment":"scroll","background-type":"","background-media":"","overlay-type":"","overlay-color":"","overlay-opacity":"","overlay-gradient":""},"tablet":{"background-color":"","background-image":"","background-repeat":"repeat","background-position":"center center","background-size":"auto","background-attachment":"scroll","background-type":"","background-media":"","overlay-type":"","overlay-color":"","overlay-opacity":"","overlay-gradient":""},"mobile":{"background-color":"","background-image":"","background-repeat":"repeat","background-position":"center center","background-size":"auto","background-attachment":"scroll","background-type":"","background-media":"","overlay-type":"","overlay-color":"","overlay-opacity":"","overlay-gradient":""}},"ast-content-background-meta":{"desktop":{"background-color":"var(--ast-global-color-5)","background-image":"","background-repeat":"repeat","background-position":"center center","background-size":"auto","background-attachment":"scroll","background-type":"","background-media":"","overlay-type":"","overlay-color":"","overlay-opacity":"","overlay-gradient":""},"tablet":{"background-color":"var(--ast-global-color-5)","background-image":"","background-repeat":"repeat","background-position":"center center","background-size":"auto","background-attachment":"scroll","background-type":"","background-media":"","overlay-type":"","overlay-color":"","overlay-opacity":"","overlay-gradient":""},"mobile":{"background-color":"var(--ast-global-color-5)","background-image":"","background-repeat":"repeat","background-position":"center center","background-size":"auto","background-attachment":"scroll","background-type":"","background-media":"","overlay-type":"","overlay-color":"","overlay-opacity":"","overlay-gradient":""}},"_joinchat":{"telephone":"+8617776015835"}},"product_brand":[],"product_cat":[69,171],"product_tag":[97,94,139,137,138],"class_list":{"0":"post-3132","1":"product","2":"type-product","3":"status-publish","4":"has-post-thumbnail","6":"product_cat-20000-puff","7":"product_cat-vapsolo-disposable-vapes","8":"product_tag-hot-sale-disposable-vape","9":"product_tag-rechargeable-disposable-vape","10":"product_tag-vapsolo","11":"product_tag-vapsolo-twins-20000","12":"product_tag-vapsolo-twins-20k","13":"desktop-align-left","14":"tablet-align-left","15":"mobile-align-left","17":"first","18":"instock","19":"sale","20":"shipping-taxable","21":"purchasable","22":"product-type-simple"},"acf":[],"uagb_featured_image_src":{"full":["https:\/\/vapestornado.com\/wp-content\/uploads\/2024\/12\/Vapsolo-Twins-EU-Electronic-Cigarette-Wholesale.jpg",1126,1126,false],"thumbnail":["https:\/\/vapestornado.com\/wp-content\/uploads\/2024\/12\/Vapsolo-Twins-EU-Electronic-Cigarette-Wholesale-150x150.jpg",150,150,true],"medium":["https:\/\/vapestornado.com\/wp-content\/uploads\/2024\/12\/Vapsolo-Twins-EU-Electronic-Cigarette-Wholesale-300x300.jpg",300,300,true],"medium_large":["https:\/\/vapestornado.com\/wp-content\/uploads\/2024\/12\/Vapsolo-Twins-EU-Electronic-Cigarette-Wholesale-768x768.jpg",768,768,true],"large":["https:\/\/vapestornado.com\/wp-content\/uploads\/2024\/12\/Vapsolo-Twins-EU-Electronic-Cigarette-Wholesale-1024x1024.jpg",1024,1024,true],"1536x1536":["https:\/\/vapestornado.com\/wp-content\/uploads\/2024\/12\/Vapsolo-Twins-EU-Electronic-Cigarette-Wholesale.jpg",1126,1126,false],"2048x2048":["https:\/\/vapestornado.com\/wp-content\/uploads\/2024\/12\/Vapsolo-Twins-EU-Electronic-Cigarette-Wholesale.jpg",1126,1126,false],"trp-custom-language-flag":["https:\/\/vapestornado.com\/wp-content\/uploads\/2024\/12\/Vapsolo-Twins-EU-Electronic-Cigarette-Wholesale.jpg",12,12,false],"woocommerce_thumbnail":["https:\/\/vapestornado.com\/wp-content\/uploads\/2024\/12\/Vapsolo-Twins-EU-Electronic-Cigarette-Wholesale-300x300.jpg",300,300,true],"woocommerce_single":["https:\/\/vapestornado.com\/wp-content\/uploads\/2024\/12\/Vapsolo-Twins-EU-Electronic-Cigarette-Wholesale-600x600.jpg",600,600,true],"woocommerce_gallery_thumbnail":["https:\/\/vapestornado.com\/wp-content\/uploads\/2024\/12\/Vapsolo-Twins-EU-Electronic-Cigarette-Wholesale-100x100.jpg",100,100,true]},"uagb_author_info":{"display_name":"ESAMY","author_link":"https:\/\/vapestornado.com\/sv\/author\/"},"uagb_comment_info":0,"uagb_excerpt":"Vapsolo Twins 20000 Puffs 2 in 1 Disposable Vape Wholesale Price Vapsolo 20000 Double Flavour Rechargeable Disposable Vape Hot Sale Vapsolo Twins 20k 2 Flavour in 1 Disposable Vape Bulk Buy Price Add Amy's whatsapp get right reply and vape vape coupon! WhatsApp: +86 17776015835 &nbsp;","_links":{"self":[{"href":"https:\/\/vapestornado.com\/sv\/wp-json\/wp\/v2\/product\/3132","targetHints":{"allow":["GET"]}}],"collection":[{"href":"https:\/\/vapestornado.com\/sv\/wp-json\/wp\/v2\/product"}],"about":[{"href":"https:\/\/vapestornado.com\/sv\/wp-json\/wp\/v2\/types\/product"}],"replies":[{"embeddable":true,"href":"https:\/\/vapestornado.com\/sv\/wp-json\/wp\/v2\/comments?post=3132"}],"wp:featuredmedia":[{"embeddable":true,"href":"https:\/\/vapestornado.com\/sv\/wp-json\/wp\/v2\/media\/3129"}],"wp:attachment":[{"href":"https:\/\/vapestornado.com\/sv\/wp-json\/wp\/v2\/media?parent=3132"}],"wp:term":[{"taxonomy":"product_brand","embeddable":true,"href":"https:\/\/vapestornado.com\/sv\/wp-json\/wp\/v2\/product_brand?post=3132"},{"taxonomy":"product_cat","embeddable":true,"href":"https:\/\/vapestornado.com\/sv\/wp-json\/wp\/v2\/product_cat?post=3132"},{"taxonomy":"product_tag","embeddable":true,"href":"https:\/\/vapestornado.com\/sv\/wp-json\/wp\/v2\/product_tag?post=3132"}],"curies":[{"name":"wp","href":"https:\/\/api.w.org\/{rel}","templated":true}]}}