{"id":3107,"date":"2024-12-13T02:59:26","date_gmt":"2024-12-13T02:59:26","guid":{"rendered":"https:\/\/vapestornado.com\/?post_type=product&#038;p=3107"},"modified":"2025-08-22T10:31:24","modified_gmt":"2025-08-22T10:31:24","slug":"randm-tornado-music-30000-puffs-fumot-bulk-sale-disposable","status":"publish","type":"product","link":"https:\/\/vapestornado.com\/sv\/product\/randm-tornado-music-30000-puffs-fumot-bulk-sale-disposable\/","title":{"rendered":"Randm Tornado Music 30000 Fumot partihandel eng\u00e5ngsvape"},"content":{"rendered":"<h1>Randm Tornado Music 30000 Puffar Fumot Bulk Sale Eng\u00e5ngs Vape<\/h1>\n<p data-start=\"293\" data-end=\"626\">Den <strong data-start=\"297\" data-end=\"364\">Randm Tornado Music 30000 Puffar Fumot Bulk Sale Eng\u00e5ngs Vape<\/strong> \u00e4r designad f\u00f6r vejpare som vill ha l\u00e5ngvarig prestanda och bekv\u00e4mlighet. Med en imponerande <strong data-start=\"458\" data-end=\"482\">30 000 puff kapacitet<\/strong>, en <strong data-start=\"486\" data-end=\"517\">600mAh uppladdningsbara batteriet<\/strong>, och avancerad <strong data-start=\"532\" data-end=\"569\">1.0\u03a9 mesh coil luftfl\u00f6desteknik<\/strong>, levererar den j\u00e4mn, konsekvent \u00e5nga vid varje drag.<\/p>\n<p data-start=\"628\" data-end=\"848\">Kompakt och stilren, Tornado Music 30K \u00e4r l\u00e4tt att b\u00e4ra och idealisk f\u00f6r vaping hela dagen. F\u00f6rfylld med ett brett utbud av <strong data-start=\"750\" data-end=\"771\">30 unika smaker<\/strong>, erbjuder den n\u00e5got f\u00f6r varje smakpreferens \u2013 fr\u00e5n fruktiga till isiga blandningar.<\/p>\n<p data-start=\"850\" data-end=\"1048\">F\u00f6r grossister och \u00e5terf\u00f6rs\u00e4ljare, den <strong data-start=\"885\" data-end=\"920\">Fumot Randm 30k Eng\u00e5ngs Vape<\/strong> kombinerar h\u00f6g kapacitet, starkt varum\u00e4rkesk\u00e4nnedom och bulk-sale v\u00e4rde, vilket g\u00f6r det till ett l\u00f6nsamt val f\u00f6r den svenska marknaden.<\/p>\n<p><img fetchpriority=\"high\" decoding=\"async\" class=\"wp-image-3114 alignleft\" src=\"https:\/\/vapestornado.com\/wp-content\/uploads\/2024\/12\/Randm-tornado-vape-30000-puffs.jpg\" alt=\"Randm tornado vape 30000 puffar grossistpris\" width=\"559\" height=\"559\" srcset=\"https:\/\/vapestornado.com\/wp-content\/uploads\/2024\/12\/Randm-tornado-vape-30000-puffs.jpg 800w, https:\/\/vapestornado.com\/wp-content\/uploads\/2024\/12\/Randm-tornado-vape-30000-puffs-300x300.jpg 300w, https:\/\/vapestornado.com\/wp-content\/uploads\/2024\/12\/Randm-tornado-vape-30000-puffs-150x150.jpg 150w, https:\/\/vapestornado.com\/wp-content\/uploads\/2024\/12\/Randm-tornado-vape-30000-puffs-768x768.jpg 768w, https:\/\/vapestornado.com\/wp-content\/uploads\/2024\/12\/Randm-tornado-vape-30000-puffs-600x600.jpg 600w, https:\/\/vapestornado.com\/wp-content\/uploads\/2024\/12\/Randm-tornado-vape-30000-puffs-100x100.jpg 100w\" sizes=\"(max-width: 559px) 100vw, 559px\" \/><\/p>\n<p style=\"padding-left: 40px;\">\u00a0<img decoding=\"async\" class=\"wp-image-3124 alignleft\" src=\"https:\/\/vapestornado.com\/wp-content\/uploads\/2024\/12\/LYN-whatsapp-846x1024.jpg\" alt=\"LYN whatsapp\" width=\"290\" height=\"351\" srcset=\"https:\/\/vapestornado.com\/wp-content\/uploads\/2024\/12\/LYN-whatsapp-846x1024.jpg 846w, https:\/\/vapestornado.com\/wp-content\/uploads\/2024\/12\/LYN-whatsapp-248x300.jpg 248w, https:\/\/vapestornado.com\/wp-content\/uploads\/2024\/12\/LYN-whatsapp-768x930.jpg 768w, https:\/\/vapestornado.com\/wp-content\/uploads\/2024\/12\/LYN-whatsapp-600x726.jpg 600w, https:\/\/vapestornado.com\/wp-content\/uploads\/2024\/12\/LYN-whatsapp.jpg 1046w\" sizes=\"(max-width: 290px) 100vw, 290px\" \/><\/p>\n<p><em><strong><span style=\"color: #ff0000;\">Kontakta mig genom att skanna denna kod f\u00f6r att veta mer om puff<\/span><\/strong><\/em><\/p>\n<p><em><strong>Whatsapp\uff1a<a href=\"https:\/\/wa.me\/8617840853976\" target=\"_blank\" rel=\"noopener\">+86178 4085 3976<\/a><\/strong><\/em><\/p>\n<p>&nbsp;<\/p>\n<h2><\/h2>\n<h2><strong>Produkt H\u00f6jdpunkter F\u00f6r 30k Music Fumot Vape.<br \/>\n<\/strong><\/h2>\n<p>(1) batteri:<span style=\"color: #ff0000;\">600mAh<\/span> uppladdningsbart f\u00f6r att s\u00e4kerst\u00e4lla l\u00e5ngvarig kraft.<\/p>\n<p>(2) Nikotin: ger <span style=\"color: #ff0000;\">2%\/5% nikotin<\/span> att v\u00e4lja f\u00f6r olika anv\u00e4ndare.<\/p>\n<p>(3) Puffar: offe<span style=\"color: #ff0000;\">r 30000 puffar<\/span>, kan anv\u00e4ndas under l\u00e5ng tid och utan behov av frekvent byte.<\/p>\n<p>(4) <span style=\"color: #ff0000;\">30 smaker<\/span>: det kan v\u00e4lja fler smaker, och 50st kan v\u00e4lja minst 5 smaker.<\/p>\n<p>(5) Laddningsport:<span style=\"color: #ff0000;\">Typ-C<\/span> snabbladdningsgr\u00e4nssnitt, st\u00f6der laddningsfunktion.<\/p>\n<p>(6) <span style=\"color: #ff0000;\">Musikljus<\/span>: Randm 30k:s ljus kommer att \u00e4ndras i takt med musiken vid anv\u00e4ndning, vilket skapar en f\u00f6rb\u00e4ttrad vapingupplevelse.<\/p>\n<h2><strong>Vilka smaker finns tillg\u00e4ngliga f\u00f6r Fumot eng\u00e5ngsvape 30k?<br \/>\n<\/strong><\/h2>\n<p><em><span style=\"color: #000000;\"><strong>1. Bananis: <\/strong><\/span><\/em>En len blandning av mogna bananer med en uppfriskande isig finish.<br \/>\n<span style=\"color: #000000;\"><strong><em>2. Svart is:<\/em> <\/strong><\/span>Kraftiga svarta vinb\u00e4r med en sval mentol twist.<br \/>\n<em><strong><span style=\"color: #000000;\">3. Bl\u00e5 hallonis:<\/span> <\/strong><\/em>S\u00f6t och syrlig bl\u00e5 hallon med en frostig kick.<br \/>\n<em><strong><span style=\"color: #000000;\">4. Bl\u00e5b\u00e4r p\u00e5 is:<\/span><\/strong> <\/em>Saftiga bl\u00e5b\u00e4r parade med en kylande mentolbris.<br \/>\n<em><strong><span style=\"color: #000000;\">5. Bl\u00e5b\u00e4r Hallon:<\/span><\/strong><\/em> En h\u00e4rlig blandning av s\u00f6ta bl\u00e5b\u00e4r och syrliga hallon.<br \/>\n<em><strong><span style=\"color: #000000;\">6. Bl\u00e5b\u00e4r Sour Hallon:<\/span> <\/strong><\/em>Bl\u00e5b\u00e4r och hallon med en syrlig kant.<br \/>\n<em><strong><span style=\"color: #000000;\">7. K\u00f6rsb\u00e4rs Is:<\/span> <\/strong><\/em>S\u00f6ta k\u00f6rsb\u00e4r med en uppfriskande isig touch.<br \/>\n<em><strong><span style=\"color: #000000;\">8. K\u00f6rsb\u00e4rs Cola:<\/span> <\/strong><\/em>Klassisk colasmak med en antydan av k\u00f6rsb\u00e4r.<br \/>\n<em><strong><span style=\"color: #000000;\">9. Cola Is:<\/span> <\/strong><\/em>Kolsyrad cola med en sval mentolfinish.<br \/>\n<em><strong><span style=\"color: #000000;\">10. Kall Mint:<\/span><\/strong> <\/em>Frisk och uppfriskande mintsmak.<br \/>\n<em><strong><span style=\"color: #000000;\">11. Dubbel \u00c4pple:<\/span><\/strong> <\/em>En blandning av s\u00f6ta och syrliga \u00e4pplen.<br \/>\n<em><strong><span style=\"color: #000000;\">12. Dr Blue:<\/span><\/strong> <\/em>En mystisk blandning av b\u00e4r med en sval finish.<br \/>\n<em><strong><span style=\"color: #000000;\">13. Druva Is:<\/span> <\/strong><\/em>S\u00f6ta druvor med en frostig mentol twist.<br \/>\n<em><strong><span style=\"color: #000000;\">14. Is Pop:<\/span> <\/strong><\/em>En nostalgisk blandning av fruktiga isglassmaker.<br \/>\n<em><strong><span style=\"color: #000000;\">15. Kiwi Passionsfrukt Guava:<\/span><\/strong> <\/em>Exotisk kiwi, passionsfrukt och guava blandning.<br \/>\n<em><strong><span style=\"color: #000000;\">16. Love 66:<\/span> <\/strong><\/em>En unik blandning av tropiska frukter med en antydan av mentol.<br \/>\n<em><strong><span style=\"color: #000000;\">17. Lush Ice:<\/span><\/strong> <\/em>Vattenmelon med en uppfriskande isig finish.<br \/>\n<em><strong><span style=\"color: #000000;\">18. Blandade B\u00e4r:<\/span><\/strong><\/em> En blandning av olika b\u00e4r.<br \/>\n<em><strong><span style=\"color: #000000;\">19. Persika B\u00e4r:<\/span> <\/strong><\/em>Saftiga persikor med en b\u00e4rtwist.<br \/>\n<em><strong><span style=\"color: #000000;\">20. Persika Ice:<\/span> <\/strong><\/em>S\u00f6ta persikor med en sval mentolfinish.<br \/>\n<em><strong><span style=\"color: #000000;\">21. Persika Mango Ananas:<\/span><\/strong> <\/em>En tropisk blandning av persika, mango och ananas.<br \/>\n<em><strong><span style=\"color: #000000;\">22. Ananas Is:<\/span> <\/strong><\/em>S\u00f6t och syrlig ananas med en frostig touch.<br \/>\n<em><strong><span style=\"color: #000000;\">23. Rosa Lemonad:<\/span> <\/strong><\/em>Syrlig lemonad med en antydan av b\u00e4r.<br \/>\n<em><strong><span style=\"color: #000000;\">24. Skittles:<\/span> <\/strong><\/em>En regnb\u00e5ge av fruktiga smaker.<br \/>\n<em><strong><span style=\"color: #000000;\">25. Jordgubbsbanan:<\/span> <\/strong><\/em>En klassisk blandning av s\u00f6ta jordgubbar och kr\u00e4miga bananer.<br \/>\n<em><strong><span style=\"color: #000000;\">26. Jordgubbsdruva:<\/span><\/strong> <\/em>S\u00f6ta jordgubbar tillsammans med saftiga druvor.<br \/>\n<em><strong><span style=\"color: #000000;\">27. Jordgubbsis:<\/span><\/strong> <\/em>F\u00e4rska jordgubbar med en sval mentolfinish.<br \/>\n<em><strong><span style=\"color: #000000;\">28. Jordgubb Vattenmelon:<\/span> <\/strong><\/em>En uppfriskande blandning av jordgubbar och vattenmelon.<br \/>\n<em><strong><span style=\"color: #000000;\">29. Trippel Mango:<\/span> <\/strong><\/em>En intensiv mangosmak med tre g\u00e5nger s\u00e5 mycket kraft.<br \/>\n<em><strong><span style=\"color: #000000;\">30. Vimto:<\/span> <\/strong><\/em>En unik blandning av blandade frukter inspirerad av den klassiska drinken.<\/p>\n<div class=\"flex-shrink-0 flex flex-col relative items-end\">\n<div class=\"pt-0\">\n<div class=\"gizmo-bot-avatar flex h-8 w-8 items-center justify-center overflow-hidden rounded-full\">\n<div class=\"relative p-1 rounded-sm flex items-center justify-center bg-token-main-surface-primary text-token-text-primary h-8 w-8\">\n<h2><strong>Vanliga fr\u00e5gor:<\/strong><\/h2>\n<h4>F: Varf\u00f6r v\u00e4lja Fumot RANDM Tornado 30000 puffs eng\u00e5ngs vape?<\/h4>\n<p><span style=\"color: #000000;\"><b>A\uff1a<\/b><\/span>V\u00e4lj Fumot RANDM Tornado 30000 Puffs f\u00f6r l\u00e5ngvarig, smakrik och problemfri vaping. Perfekt f\u00f6r bulkink\u00f6p.<\/p>\n<h4>F: Vad \u00e4r den minsta best\u00e4llningskvantiteten f\u00f6r Fumot eng\u00e5ngs 30k vape?<\/h4>\n<p><span style=\"color: #000000;\"><b>A\uff1a<\/b><\/span>Fumot 30k Tornado Music eng\u00e5ngs vape minsta best\u00e4llningskvantitet \u00e4r 50 st, ju st\u00f6rre kvantitet du best\u00e4ller, desto b\u00e4ttre pris f\u00e5r du.<\/p>\n<h4>F: \u00d6kar rabatten med antalet best\u00e4llningar?<\/h4>\n<p><span style=\"color: #000000;\"><b>A\uff1a<\/b>Vi erbjuder redan rabatten till ett mycket l\u00e5gt pris, men priset kommer inte att minska med en \u00f6kning av orderkvantiteten. Men vi kommer att g\u00f6ra v\u00e5rt b\u00e4sta f\u00f6r att ans\u00f6ka om ett prov \u00e5t dig, slutligen hoppas vi att detta kommer att ge dig en bra upplevelse.<\/span><\/p>\n<h4>F: Kan man sp\u00e5ra paketet sj\u00e4lv?<\/h4>\n<p><strong><span style=\"color: #000000;\"><b>A\uff1a<\/b><\/span><\/strong><span style=\"color: #000000;\">Ja, n\u00e4r paketet har skickats ut skickar vi dig ett sp\u00e5rningsnummer <\/span><span style=\"color: #000000;\">s\u00e5 att du kan kontrollera dess status. Dessutom kommer vi att f\u00f6lja upp paketet tills du tar emot det, vilket garanterar att du h\u00e5lls uppdaterad under hela processen.<\/span><\/p>\n<p>andra vapes du kanske ocks\u00e5 gillar<br \/>\n<a href=\"https:\/\/vapestornado.com\/sv\/product-category\/30000-puff\/\">30000 Puffar vape<\/a><\/p>\n<\/div>\n<\/div>\n<\/div>\n<\/div>","protected":false},"excerpt":{"rendered":"<p><em><strong>Randm 30k eng\u00e5ngs musik vape som kan erbjuda 30 000 bloss och 30 smaker att v\u00e4lja mellan.\u00a0 <\/strong><\/em><\/p>\n<p><em><strong>Vi har 2%\/5% Nikotinniv\u00e5 att v\u00e4lja mellan i Fumot 30k vapes. Dessutom s\u00e4ljer vi till bulkpris och har b\u00e4sta service.<\/strong><\/em><\/p>\n<figure id=\"attachment_3124\" aria-describedby=\"caption-attachment-3124\" style=\"width: 248px\" class=\"wp-caption alignleft\"><img decoding=\"async\" class=\"size-medium wp-image-3124\" src=\"https:\/\/vapestornado.com\/wp-content\/uploads\/2024\/12\/LYN-whatsapp-248x300.jpg\" alt=\"LYN whatsapp\" width=\"248\" height=\"300\" srcset=\"https:\/\/vapestornado.com\/wp-content\/uploads\/2024\/12\/LYN-whatsapp-248x300.jpg 248w, https:\/\/vapestornado.com\/wp-content\/uploads\/2024\/12\/LYN-whatsapp-846x1024.jpg 846w, https:\/\/vapestornado.com\/wp-content\/uploads\/2024\/12\/LYN-whatsapp-768x930.jpg 768w, https:\/\/vapestornado.com\/wp-content\/uploads\/2024\/12\/LYN-whatsapp-600x726.jpg 600w, https:\/\/vapestornado.com\/wp-content\/uploads\/2024\/12\/LYN-whatsapp.jpg 1046w\" sizes=\"(max-width: 248px) 100vw, 248px\" \/><figcaption id=\"caption-attachment-3124\" class=\"wp-caption-text\"><a href=\"https:\/\/wa.me\/8617840853976\"><em><strong>Kontakta Lyn f\u00f6r att veta mer om bloss<\/strong><\/em><\/a><\/figcaption><\/figure>","protected":false},"featured_media":3109,"comment_status":"open","ping_status":"closed","template":"","meta":{"_acf_changed":false,"_uag_custom_page_level_css":"","_lmt_disableupdate":"no","_lmt_disable":"","_monsterinsights_skip_tracking":false,"_monsterinsights_sitenote_active":false,"_monsterinsights_sitenote_note":"","_monsterinsights_sitenote_category":0,"site-sidebar-layout":"default","site-content-layout":"","ast-site-content-layout":"default","site-content-style":"default","site-sidebar-style":"default","ast-global-header-display":"","ast-banner-title-visibility":"","ast-main-header-display":"","ast-hfb-above-header-display":"","ast-hfb-below-header-display":"","ast-hfb-mobile-header-display":"","site-post-title":"","ast-breadcrumbs-content":"","ast-featured-img":"","footer-sml-layout":"","ast-disable-related-posts":"","theme-transparent-header-meta":"default","adv-header-id-meta":"","stick-header-meta":"","header-above-stick-meta":"","header-main-stick-meta":"","header-below-stick-meta":"","astra-migrate-meta-layouts":"set","ast-page-background-enabled":"default","ast-page-background-meta":{"desktop":{"background-color":"","background-image":"","background-repeat":"repeat","background-position":"center center","background-size":"auto","background-attachment":"scroll","background-type":"","background-media":"","overlay-type":"","overlay-color":"","overlay-opacity":"","overlay-gradient":""},"tablet":{"background-color":"","background-image":"","background-repeat":"repeat","background-position":"center center","background-size":"auto","background-attachment":"scroll","background-type":"","background-media":"","overlay-type":"","overlay-color":"","overlay-opacity":"","overlay-gradient":""},"mobile":{"background-color":"","background-image":"","background-repeat":"repeat","background-position":"center center","background-size":"auto","background-attachment":"scroll","background-type":"","background-media":"","overlay-type":"","overlay-color":"","overlay-opacity":"","overlay-gradient":""}},"ast-content-background-meta":{"desktop":{"background-color":"var(--ast-global-color-5)","background-image":"","background-repeat":"repeat","background-position":"center center","background-size":"auto","background-attachment":"scroll","background-type":"","background-media":"","overlay-type":"","overlay-color":"","overlay-opacity":"","overlay-gradient":""},"tablet":{"background-color":"var(--ast-global-color-5)","background-image":"","background-repeat":"repeat","background-position":"center center","background-size":"auto","background-attachment":"scroll","background-type":"","background-media":"","overlay-type":"","overlay-color":"","overlay-opacity":"","overlay-gradient":""},"mobile":{"background-color":"var(--ast-global-color-5)","background-image":"","background-repeat":"repeat","background-position":"center center","background-size":"auto","background-attachment":"scroll","background-type":"","background-media":"","overlay-type":"","overlay-color":"","overlay-opacity":"","overlay-gradient":""}},"_joinchat":{"telephone":"17776015835"}},"product_brand":[],"product_cat":[19,67,58],"product_tag":[83,125,124,126,78,114],"class_list":{"0":"post-3107","1":"product","2":"type-product","3":"status-publish","4":"has-post-thumbnail","6":"product_cat-vapes","7":"product_cat-30000-puff","8":"product_cat-fumot-vape","9":"product_tag-fumot-vape","10":"product_tag-randm-30000","11":"product_tag-randm-tornado-30000","12":"product_tag-randm-tornado-30k","13":"product_tag-randm-vape","14":"product_tag-tornado-vape","15":"desktop-align-left","16":"tablet-align-left","17":"mobile-align-left","19":"first","20":"instock","21":"sale","22":"shipping-taxable","23":"purchasable","24":"product-type-simple"},"acf":[],"uagb_featured_image_src":{"full":["https:\/\/vapestornado.com\/wp-content\/uploads\/2024\/12\/Randm-disposable-vape-30k-puffs.jpg",800,800,false],"thumbnail":["https:\/\/vapestornado.com\/wp-content\/uploads\/2024\/12\/Randm-disposable-vape-30k-puffs-150x150.jpg",150,150,true],"medium":["https:\/\/vapestornado.com\/wp-content\/uploads\/2024\/12\/Randm-disposable-vape-30k-puffs-300x300.jpg",300,300,true],"medium_large":["https:\/\/vapestornado.com\/wp-content\/uploads\/2024\/12\/Randm-disposable-vape-30k-puffs-768x768.jpg",768,768,true],"large":["https:\/\/vapestornado.com\/wp-content\/uploads\/2024\/12\/Randm-disposable-vape-30k-puffs.jpg",800,800,false],"1536x1536":["https:\/\/vapestornado.com\/wp-content\/uploads\/2024\/12\/Randm-disposable-vape-30k-puffs.jpg",800,800,false],"2048x2048":["https:\/\/vapestornado.com\/wp-content\/uploads\/2024\/12\/Randm-disposable-vape-30k-puffs.jpg",800,800,false],"trp-custom-language-flag":["https:\/\/vapestornado.com\/wp-content\/uploads\/2024\/12\/Randm-disposable-vape-30k-puffs.jpg",12,12,false],"woocommerce_thumbnail":["https:\/\/vapestornado.com\/wp-content\/uploads\/2024\/12\/Randm-disposable-vape-30k-puffs-300x300.jpg",300,300,true],"woocommerce_single":["https:\/\/vapestornado.com\/wp-content\/uploads\/2024\/12\/Randm-disposable-vape-30k-puffs-600x600.jpg",600,600,true],"woocommerce_gallery_thumbnail":["https:\/\/vapestornado.com\/wp-content\/uploads\/2024\/12\/Randm-disposable-vape-30k-puffs-100x100.jpg",100,100,true]},"uagb_author_info":{"display_name":"ESLYN","author_link":"https:\/\/vapestornado.com\/sv\/author\/"},"uagb_comment_info":0,"uagb_excerpt":"Randm 30k disaposable music vape that can offer 30,000 puffs and 30 flavors to choose.\u00a0 We have 2% or 5% Nicotine level can be choose in Fumot 30k vapes. Beside,we are sale Bulk price and have best service. [caption id=\"attachment_3124\" align=\"alignleft\" width=\"248\"] Contact Lyn to know more about puffs[\/caption]","_links":{"self":[{"href":"https:\/\/vapestornado.com\/sv\/wp-json\/wp\/v2\/product\/3107","targetHints":{"allow":["GET"]}}],"collection":[{"href":"https:\/\/vapestornado.com\/sv\/wp-json\/wp\/v2\/product"}],"about":[{"href":"https:\/\/vapestornado.com\/sv\/wp-json\/wp\/v2\/types\/product"}],"replies":[{"embeddable":true,"href":"https:\/\/vapestornado.com\/sv\/wp-json\/wp\/v2\/comments?post=3107"}],"wp:featuredmedia":[{"embeddable":true,"href":"https:\/\/vapestornado.com\/sv\/wp-json\/wp\/v2\/media\/3109"}],"wp:attachment":[{"href":"https:\/\/vapestornado.com\/sv\/wp-json\/wp\/v2\/media?parent=3107"}],"wp:term":[{"taxonomy":"product_brand","embeddable":true,"href":"https:\/\/vapestornado.com\/sv\/wp-json\/wp\/v2\/product_brand?post=3107"},{"taxonomy":"product_cat","embeddable":true,"href":"https:\/\/vapestornado.com\/sv\/wp-json\/wp\/v2\/product_cat?post=3107"},{"taxonomy":"product_tag","embeddable":true,"href":"https:\/\/vapestornado.com\/sv\/wp-json\/wp\/v2\/product_tag?post=3107"}],"curies":[{"name":"wp","href":"https:\/\/api.w.org\/{rel}","templated":true}]}}