{"id":3103,"date":"2024-12-12T09:36:42","date_gmt":"2024-12-12T09:36:42","guid":{"rendered":"https:\/\/vapestornado.com\/?post_type=product&#038;p=3103"},"modified":"2025-08-23T11:16:54","modified_gmt":"2025-08-23T11:16:54","slug":"randm-tornado-7k-puffs-hot-sale-rechargeable-vape","status":"publish","type":"product","link":"https:\/\/vapestornado.com\/sv\/product\/randm-tornado-7k-puffs-hot-sale-rechargeable-vape\/","title":{"rendered":"Randm Tornado 7k Puffar B\u00e4sts\u00e4ljande Uppladdningsbar Vape"},"content":{"rendered":"<h1>Randm Tornado 7k Puffar B\u00e4sts\u00e4ljande Uppladdningsbar Vape<\/h1>\n<p>&nbsp;<\/p>\n<div role=\"article\" data-tabster=\"{&quot;groupper&quot;:{&quot;tabbability&quot;:2},&quot;focusable&quot;:{}}\" data-content=\"ai-message\" aria-labelledby=\"64JRvXrTnY7mRmPkEQLLT-author 64JRvXrTnY7mRmPkEQLLT-content\">\n<div id=\"64JRvXrTnY7mRmPkEQLLT-content\">\n<p>Lyft din vapingupplevelse med Randm Tornado 7000 Puffs f\u00f6rfyllda, uppladdningsbara vape, en h\u00f6jdpunkt av lyx och prestanda. Denna avancerade enhet har en anm\u00e4rkningsv\u00e4rd tankkapacitet p\u00e5 15 ml, vilket ger l\u00e5ngvarigt vapingn\u00f6je utan det st\u00e4ndiga behovet av p\u00e5fyllning. Det robusta 850 mAh-batteriet s\u00e4kerst\u00e4ller s\u00f6ml\u00f6s, oavbruten anv\u00e4ndning, vilket g\u00f6r det till en p\u00e5litlig f\u00f6ljeslagare oavsett om du \u00e4r hemma eller p\u00e5 spr\u00e5ng.<\/p>\n<p>En av de mest framtr\u00e4dande funktionerna hos RandM Vape Tornado 7000 \u00e4r dess m\u00e5ngsidighet med e-v\u00e4tskor. Detta g\u00f6r att du kan utforska ett brett utbud av smaker, fr\u00e5n uppfriskande fruktblandningar till rik, tillfredsst\u00e4llande tobak. Anpassa din vapingresa f\u00f6r att passa din sofistikerade smak och se till att varje bloss \u00e4r en unik upplevelse.<\/p>\n<p>Den avancerade mesh coil-tekniken inb\u00e4ddad i RandM Tornado 7k puffs maximerar smak- och \u00e5ngproduktion och f\u00f6rvandlar varje inandning till en uts\u00f6kt smaksensation. Dess anv\u00e4ndarv\u00e4nliga design, tillsammans med det praktiska USB-C-laddningssystemet, g\u00f6r den h\u00e4r enheten lika praktisk som den \u00e4r kraftfull.<\/p>\n<p>F\u00f6r dem som kr\u00e4ver det b\u00e4sta inom kvalitet och prestanda \u00e4r RandM Tornado 7000 eng\u00e5ngs vape det ultimata valet. Dess blandning av \u00f6verl\u00e4gsen konstruktion, innovativa funktioner och smakm\u00e5ngsidighet s\u00e4tter en ny standard inom lyxvaping. Upplev skillnaden med en enhet designad f\u00f6r finsmakare som uppskattar de finare sakerna i livet.<\/p>\n<\/div>\n<\/div>\n<p>&nbsp;<\/p>\n<p><img fetchpriority=\"high\" decoding=\"async\" class=\"wp-image-2951\" src=\"https:\/\/vapestornado.com\/wp-content\/uploads\/2024\/12\/Wholesale-Disposable-Vape-265x300.jpg\" alt=\"Grossist Eng\u00e5ngs Vape\" width=\"295\" height=\"334\" srcset=\"https:\/\/vapestornado.com\/wp-content\/uploads\/2024\/12\/Wholesale-Disposable-Vape-265x300.jpg 265w, https:\/\/vapestornado.com\/wp-content\/uploads\/2024\/12\/Wholesale-Disposable-Vape-768x871.jpg 768w, https:\/\/vapestornado.com\/wp-content\/uploads\/2024\/12\/Wholesale-Disposable-Vape-600x680.jpg 600w, https:\/\/vapestornado.com\/wp-content\/uploads\/2024\/12\/Wholesale-Disposable-Vape.jpg 823w\" sizes=\"(max-width: 295px) 100vw, 295px\" \/><\/p>\n<h6>V\u00e4nligen kontakta Mandys WhatsApp f\u00f6r rabatterat pris<a href=\"https:\/\/wa.me\/8618077105796\" target=\"_blank\" rel=\"noopener\">+8618077105796<\/a><\/h6>\n<h2><strong>Randm Vape 7000 Puffs \u2013 Viktiga specifikationer<\/strong><\/h2>\n<ul>\n<li><strong>Batterikapacitet<\/strong>: 850mAh f\u00f6r l\u00e4ngre vapingsessioner.<\/li>\n<li><strong>E-v\u00e4tskevolym<\/strong>: 15 ml tank s\u00e4kerst\u00e4ller varaktig smak och tillfredsst\u00e4llelse.<\/li>\n<li><strong>Antal bloss<\/strong>: Upp till 7 000 bloss f\u00f6r l\u00e5ngvarig anv\u00e4ndning.<\/li>\n<li><strong>Laddning<\/strong>: Utrustad med en USB-C-port f\u00f6r snabb och bekv\u00e4m laddning.<\/li>\n<li><strong>Spoltyp<\/strong>: Avancerad mesh coil f\u00f6r en mjukare och mer smakrik \u00e5nga.<\/li>\n<li><strong>Belysningsfunktion<\/strong>: RGB-tankbelysning tillf\u00f6r ett stilfullt och dynamiskt visuellt element.<\/li>\n<\/ul>\n<h2><strong>Tornado Vape Randm 7k Puffar Smaklista:<\/strong><\/h2>\n<p>1 Kall Mint<br \/>\n2 Lush Ice<br \/>\n3 Tangerine Ice<br \/>\n4 Jordgubbsdonut<br \/>\n5 Gummybj\u00f6rn<br \/>\n6 Bl\u00e5b\u00e4r P\u00e5 Is<br \/>\n7 Mango p\u00e5 is<br \/>\n8 Persika is<br \/>\n9 Banan is<br \/>\n10 Druva is<br \/>\n11 Rosa Lemonad<br \/>\n12 Pina Colada Rom<br \/>\n13 Blandade B\u00e4r<br \/>\n14 Banan Milkshake<br \/>\n15 Jordgubbsvattenmelon<br \/>\n16 R\u00f6tt \u00c4pple Citron<br \/>\n17 Ananas is<br \/>\n18 Sockervadd<br \/>\n19 Jordgubbsbanan<br \/>\n20 Jordgubbsis<br \/>\n21 Jordgubbskiwi<br \/>\n22.R\u00f6d Energi Is<br \/>\n23.Bl\u00e5 Hallon Lemonad<br \/>\n24.R\u00f6tt \u00c4ppleis<br \/>\n25.B\u00e4r Lemonad<br \/>\n26.Bl\u00e5b\u00e4rstuggummi<br \/>\n27. Bluesour Hallon<br \/>\n28. Dr Blue<br \/>\n29. \u00c4pple Persika P\u00e4ron<br \/>\n30. Bl\u00e5b\u00e4r Granat\u00e4pple<br \/>\n31. Vimto<br \/>\n32. Kiwi Passionsfrukt Guava<br \/>\n33. Colaice<br \/>\n34. Surt \u00c4pple<br \/>\n35. Svartvinb\u00e4r Mentol<br \/>\n36. Tigerblod<br \/>\n37. Persika Bl\u00e5b\u00e4rsgodis<br \/>\n38. Persika Mango<br \/>\n39. Jordgubb Red Bull<br \/>\n40. Svartvinb\u00e4r Is<br \/>\n41. Jordgubb Vattenmelonlemonad<br \/>\n42. K\u00f6rsb\u00e4r<br \/>\n43. Bl\u00e5 Hallon K\u00f6rsb\u00e4r<br \/>\n44. Skittles<br \/>\n45. Bl\u00e5b\u00e4r Hallon<br \/>\n46. Jordgubb Druva<br \/>\n47. Bl\u00e5b\u00e4r K\u00f6rsb\u00e4r Tranb\u00e4r<br \/>\n48. \u00c4pple B\u00e4r Explosion<br \/>\n49. K\u00f6rsb\u00e4r Cola<br \/>\n50. Citron<br \/>\n51. Rosa Explosion<br \/>\n52. Pacific Cooler<br \/>\n53. Isglass<br \/>\n54. Bingo Crush<br \/>\n55. Vimto Crush<br \/>\n56. Tobak<\/p>\n<div role=\"article\" data-tabster=\"{&quot;groupper&quot;:{&quot;tabbability&quot;:2},&quot;focusable&quot;:{}}\" data-content=\"ai-message\" aria-labelledby=\"dARUyEWDoEYhnSPXFwx5A-author dARUyEWDoEYhnSPXFwx5A-content\">\n<div id=\"dARUyEWDoEYhnSPXFwx5A-content\">\n<h2>Varf\u00f6r v\u00e4lja RandM Tornado 7000 Puffar Vapes hos <a href=\"https:\/\/vapestornado.com\/sv\/store\/\">vapestornado.se<\/a>?<\/h2>\n<p><strong>1. \u00d6verl\u00e4gsen tankkapacitet<\/strong>: RandM Tornado 7000 Puffar Vape har en enast\u00e5ende tankkapacitet p\u00e5 15 ml, vilket ger ut\u00f6kade vapingsessioner utan behov av st\u00e4ndiga p\u00e5fyllningar. Perfekt f\u00f6r l\u00e5nga dagar och oavbruten njutning.<\/p>\n<p><strong>2. Robust batteriprestanda<\/strong>: Utrustad med ett 850 mAh uppladdningsbart batteri garanterar denna enhet kontinuerlig och p\u00e5litlig prestanda, vilket s\u00e4kerst\u00e4ller att du aldrig missar ett slag, vare sig du \u00e4r hemma eller p\u00e5 spr\u00e5ng.<\/p>\n<p><strong>3. Smakm\u00e5ngsidighet<\/strong>: Kompatibel med en m\u00e4ngd olika e-v\u00e4tskor, RandM Tornado 7000 l\u00e5ter dig anpassa din vapingupplevelse. Fr\u00e5n f\u00e4rska fruktblandningar till rika tobakssmaker \u00e4r dina alternativ obegr\u00e4nsade.<\/p>\n<p><strong>4. Avancerad Mesh Coil-teknik<\/strong>: Den innovativa mesh coil-tekniken s\u00e4kerst\u00e4ller optimal smaksutveckling och \u00e5ngproduktion, vilket f\u00f6rvandlar varje bloss till en \u00f6verl\u00e4gsen smaksensation. Upplev toppen av smakintensitet med varje inandning.<\/p>\n<p><strong>5. Anv\u00e4ndarv\u00e4nlig design<\/strong>: Med enkel p\u00e5fyllning och ett praktiskt USB-C-laddningssystem \u00e4r RandM Tornado 7000 designad f\u00f6r bekv\u00e4mlighet och effektivitet. Den \u00e4r inte bara kraftfull; den \u00e4r ocks\u00e5 otroligt enkel att anv\u00e4nda.<\/p>\n<p>V\u00e4lj RandM Tornado 7000 Puffar Vape Pod fr\u00e5n <a href=\"https:\/\/vapestornado.com\/sv\/store\/\">vapestornado.se<\/a> f\u00f6r en vapingupplevelse som kombinerar lyx, prestanda och m\u00e5ngsidighet.<\/p>\n<\/div>\n<\/div>\n<h2>Vanliga fr\u00e5gor om RandM Tornado 7000 Puffar Uppladdningsbar Vape<\/h2>\n<p><strong>F: Hur m\u00e5nga puffar kan jag f\u00f6rv\u00e4nta mig fr\u00e5n RandM Tornado 7000?<\/strong><\/p>\n<p><strong>A:<\/strong> RandM Tornado 7000 erbjuder cirka 7 000 puffar per enhet, vilket s\u00e4kerst\u00e4ller en l\u00e5ngvarig vapingupplevelse.<\/p>\n<p><strong>F: Vad \u00e4r batterikapaciteten f\u00f6r RandM Tornado 7000?<\/strong><\/p>\n<p><strong>A:<\/strong> RandM Tornado 7000 \u00e4r utrustad med ett 850 mAh uppladdningsbart batteri, vilket ger konsekvent prestanda och tillf\u00f6rlitlighet.<\/p>\n<p><strong>F: Hur laddar jag RandM Tornado 7000 puff vape-pennan?<\/strong><\/p>\n<p><strong>A:<\/strong> Enheten har en USB-C-laddningsport, vilket g\u00f6r det enkelt att ladda den. Anslut bara enheten till en kompatibel laddare och ladda efter behov.<\/p>\n<p><strong>F: Vilken e-v\u00e4tskekapacitet har randm vape Tornado 7000 puffar?<\/strong><\/p>\n<p><strong>A:<\/strong> Tankkapaciteten f\u00f6r RandM Tornado 7k puff \u00e4r 15 ml, vilket ger ut\u00f6kad anv\u00e4ndning utan frekventa p\u00e5fyllningar.<\/p>\n<p>&nbsp;<\/p>","protected":false},"excerpt":{"rendered":"<p><strong>K\u00f6p Randm Tornado 7000 Puffs till rabatterat pris idag<\/strong><\/p>\n<p><strong>Prisv\u00e4rt grossistpris f\u00f6r Randm Tornado 7000 Puffs Vapes<\/strong><\/p>\n<p><strong>K\u00f6p Randm Tornado 7000 Puff Vape i bulk f\u00f6r maximala besparingar<\/strong><\/p>\n<figure id=\"attachment_2951\" aria-describedby=\"caption-attachment-2951\" style=\"width: 265px\" class=\"wp-caption alignnone\"><img decoding=\"async\" class=\"size-medium wp-image-2951\" src=\"https:\/\/vapestornado.com\/wp-content\/uploads\/2024\/12\/Wholesale-Disposable-Vape-265x300.jpg\" alt=\"Grossist Eng\u00e5ngs Vape\" width=\"265\" height=\"300\" srcset=\"https:\/\/vapestornado.com\/wp-content\/uploads\/2024\/12\/Wholesale-Disposable-Vape-265x300.jpg 265w, https:\/\/vapestornado.com\/wp-content\/uploads\/2024\/12\/Wholesale-Disposable-Vape-768x871.jpg 768w, https:\/\/vapestornado.com\/wp-content\/uploads\/2024\/12\/Wholesale-Disposable-Vape-600x680.jpg 600w, https:\/\/vapestornado.com\/wp-content\/uploads\/2024\/12\/Wholesale-Disposable-Vape.jpg 823w\" sizes=\"(max-width: 265px) 100vw, 265px\" \/><figcaption id=\"caption-attachment-2951\" class=\"wp-caption-text\">V\u00e4nligen kontakta Mandys WhatsApp f\u00f6r rabatterat pris\u00a0 <a href=\"https:\/\/wa.me\/8618077105796\">+8618077105796<\/a><\/figcaption><\/figure>\n<p>&nbsp;<\/p>","protected":false},"featured_media":3117,"comment_status":"open","ping_status":"closed","template":"","meta":{"_acf_changed":false,"_uag_custom_page_level_css":"","_lmt_disableupdate":"no","_lmt_disable":"","_monsterinsights_skip_tracking":false,"_monsterinsights_sitenote_active":false,"_monsterinsights_sitenote_note":"","_monsterinsights_sitenote_category":0,"site-sidebar-layout":"default","site-content-layout":"","ast-site-content-layout":"default","site-content-style":"default","site-sidebar-style":"default","ast-global-header-display":"","ast-banner-title-visibility":"","ast-main-header-display":"","ast-hfb-above-header-display":"","ast-hfb-below-header-display":"","ast-hfb-mobile-header-display":"","site-post-title":"","ast-breadcrumbs-content":"","ast-featured-img":"","footer-sml-layout":"","ast-disable-related-posts":"","theme-transparent-header-meta":"default","adv-header-id-meta":"","stick-header-meta":"","header-above-stick-meta":"","header-main-stick-meta":"","header-below-stick-meta":"","astra-migrate-meta-layouts":"set","ast-page-background-enabled":"default","ast-page-background-meta":{"desktop":{"background-color":"","background-image":"","background-repeat":"repeat","background-position":"center center","background-size":"auto","background-attachment":"scroll","background-type":"","background-media":"","overlay-type":"","overlay-color":"","overlay-opacity":"","overlay-gradient":""},"tablet":{"background-color":"","background-image":"","background-repeat":"repeat","background-position":"center center","background-size":"auto","background-attachment":"scroll","background-type":"","background-media":"","overlay-type":"","overlay-color":"","overlay-opacity":"","overlay-gradient":""},"mobile":{"background-color":"","background-image":"","background-repeat":"repeat","background-position":"center center","background-size":"auto","background-attachment":"scroll","background-type":"","background-media":"","overlay-type":"","overlay-color":"","overlay-opacity":"","overlay-gradient":""}},"ast-content-background-meta":{"desktop":{"background-color":"var(--ast-global-color-5)","background-image":"","background-repeat":"repeat","background-position":"center center","background-size":"auto","background-attachment":"scroll","background-type":"","background-media":"","overlay-type":"","overlay-color":"","overlay-opacity":"","overlay-gradient":""},"tablet":{"background-color":"var(--ast-global-color-5)","background-image":"","background-repeat":"repeat","background-position":"center center","background-size":"auto","background-attachment":"scroll","background-type":"","background-media":"","overlay-type":"","overlay-color":"","overlay-opacity":"","overlay-gradient":""},"mobile":{"background-color":"var(--ast-global-color-5)","background-image":"","background-repeat":"repeat","background-position":"center center","background-size":"auto","background-attachment":"scroll","background-type":"","background-media":"","overlay-type":"","overlay-color":"","overlay-opacity":"","overlay-gradient":""}},"_joinchat":{"telephone":"+8618077105796"}},"product_brand":[],"product_cat":[58,74,153,154,148],"product_tag":[97,127],"class_list":{"0":"post-3103","1":"product","2":"type-product","3":"status-publish","4":"has-post-thumbnail","6":"product_cat-fumot-vape","7":"product_cat-7000-puff","8":"product_cat-buy-disposable-vapes-in-italy","9":"product_cat-buy-disposable-vapes-in-netherlands","10":"product_cat-tornado-disposable-vapes","11":"product_tag-hot-sale-disposable-vape","12":"product_tag-randm-tornado-7000","13":"desktop-align-left","14":"tablet-align-left","15":"mobile-align-left","17":"first","18":"instock","19":"sale","20":"shipping-taxable","21":"purchasable","22":"product-type-simple"},"acf":[],"uagb_featured_image_src":{"full":["https:\/\/vapestornado.com\/wp-content\/uploads\/2024\/12\/Randm-7000-Puff-Strawberry-Watermelon-Lemonade.jpg",800,800,false],"thumbnail":["https:\/\/vapestornado.com\/wp-content\/uploads\/2024\/12\/Randm-7000-Puff-Strawberry-Watermelon-Lemonade-150x150.jpg",150,150,true],"medium":["https:\/\/vapestornado.com\/wp-content\/uploads\/2024\/12\/Randm-7000-Puff-Strawberry-Watermelon-Lemonade-300x300.jpg",300,300,true],"medium_large":["https:\/\/vapestornado.com\/wp-content\/uploads\/2024\/12\/Randm-7000-Puff-Strawberry-Watermelon-Lemonade-768x768.jpg",768,768,true],"large":["https:\/\/vapestornado.com\/wp-content\/uploads\/2024\/12\/Randm-7000-Puff-Strawberry-Watermelon-Lemonade.jpg",800,800,false],"1536x1536":["https:\/\/vapestornado.com\/wp-content\/uploads\/2024\/12\/Randm-7000-Puff-Strawberry-Watermelon-Lemonade.jpg",800,800,false],"2048x2048":["https:\/\/vapestornado.com\/wp-content\/uploads\/2024\/12\/Randm-7000-Puff-Strawberry-Watermelon-Lemonade.jpg",800,800,false],"trp-custom-language-flag":["https:\/\/vapestornado.com\/wp-content\/uploads\/2024\/12\/Randm-7000-Puff-Strawberry-Watermelon-Lemonade.jpg",12,12,false],"woocommerce_thumbnail":["https:\/\/vapestornado.com\/wp-content\/uploads\/2024\/12\/Randm-7000-Puff-Strawberry-Watermelon-Lemonade-300x300.jpg",300,300,true],"woocommerce_single":["https:\/\/vapestornado.com\/wp-content\/uploads\/2024\/12\/Randm-7000-Puff-Strawberry-Watermelon-Lemonade-600x600.jpg",600,600,true],"woocommerce_gallery_thumbnail":["https:\/\/vapestornado.com\/wp-content\/uploads\/2024\/12\/Randm-7000-Puff-Strawberry-Watermelon-Lemonade-100x100.jpg",100,100,true]},"uagb_author_info":{"display_name":"ESMANDY","author_link":"https:\/\/vapestornado.com\/sv\/author\/"},"uagb_comment_info":0,"uagb_excerpt":"Grab Randm Tornado 7000 Puffs at a Discount Price Today Affordable Wholesale Price for Randm Tornado 7000 Puffs Vapes Bulk Buy Randm Tornado 7000 Puff Vape for Maximum Savings [caption id=\"attachment_2951\" align=\"alignnone\" width=\"265\"] Pls Contact Mandy's WhatsApp For Discount Price\u00a0 +8618077105796[\/caption] &nbsp;","_links":{"self":[{"href":"https:\/\/vapestornado.com\/sv\/wp-json\/wp\/v2\/product\/3103","targetHints":{"allow":["GET"]}}],"collection":[{"href":"https:\/\/vapestornado.com\/sv\/wp-json\/wp\/v2\/product"}],"about":[{"href":"https:\/\/vapestornado.com\/sv\/wp-json\/wp\/v2\/types\/product"}],"replies":[{"embeddable":true,"href":"https:\/\/vapestornado.com\/sv\/wp-json\/wp\/v2\/comments?post=3103"}],"wp:featuredmedia":[{"embeddable":true,"href":"https:\/\/vapestornado.com\/sv\/wp-json\/wp\/v2\/media\/3117"}],"wp:attachment":[{"href":"https:\/\/vapestornado.com\/sv\/wp-json\/wp\/v2\/media?parent=3103"}],"wp:term":[{"taxonomy":"product_brand","embeddable":true,"href":"https:\/\/vapestornado.com\/sv\/wp-json\/wp\/v2\/product_brand?post=3103"},{"taxonomy":"product_cat","embeddable":true,"href":"https:\/\/vapestornado.com\/sv\/wp-json\/wp\/v2\/product_cat?post=3103"},{"taxonomy":"product_tag","embeddable":true,"href":"https:\/\/vapestornado.com\/sv\/wp-json\/wp\/v2\/product_tag?post=3103"}],"curies":[{"name":"wp","href":"https:\/\/api.w.org\/{rel}","templated":true}]}}