{"id":3083,"date":"2024-12-11T09:26:24","date_gmt":"2024-12-11T09:26:24","guid":{"rendered":"https:\/\/vapestornado.com\/?post_type=product&#038;p=3083"},"modified":"2025-08-23T11:13:51","modified_gmt":"2025-08-23T11:13:51","slug":"randm-vape-tornado-7000-puffs-disposable-vape-bulk-buy-price-germany","status":"publish","type":"product","link":"https:\/\/vapestornado.com\/sv\/product\/randm-vape-tornado-7000-puffs-disposable-vape-bulk-buy-price-germany\/","title":{"rendered":"RandM Vape Tornado 7000 Puffar Eng\u00e5ngs Vape Bulk K\u00f6p Pris Sverige"},"content":{"rendered":"<h1 class=\"product-title\">RandM Vape Tornado 7000 Puffar Eng\u00e5ngs Vape Bulk K\u00f6p Pris Sverige<\/h1>\n<p data-start=\"178\" data-end=\"507\">Den <strong data-start=\"182\" data-end=\"220\">RandM Tornado 7000 Eng\u00e5ngs Vape<\/strong> \u00e4r en stors\u00e4ljare p\u00e5 den tyska marknaden och kombinerar p\u00e5litlig prestanda med bred smakattraktion till ett konkurrenskraftigt <strong data-start=\"336\" data-end=\"354\">partipris<\/strong>. Med upp till <strong data-start=\"367\" data-end=\"391\">7 000 puffar per enhet<\/strong>erbjuder denna modell \u00e5terf\u00f6rs\u00e4ljare ett prisv\u00e4rt men \u00e4nd\u00e5 h\u00e5llbart alternativ f\u00f6r kunder som s\u00f6ker b\u00e5de smak och bekv\u00e4mlighet.<span id=\"1\" class=\"notranslate immersive-translate-target-wrapper\" lang=\"zh-CN\" translate=\"no\" data-immersive-translate-loading-id=\"\">\u00a0 <\/span><\/p>\n<p data-start=\"509\" data-end=\"785\">Utrustad med en <strong data-start=\"525\" data-end=\"557\">1000mAh uppladdningsbara batteri<\/strong> och <strong data-start=\"562\" data-end=\"586\">Typ-C snabbladdning<\/strong>s\u00e4kerst\u00e4ller RandM 7K kontinuerlig anv\u00e4ndning utan sl\u00f6sad e-v\u00e4tska. En <strong data-start=\"654\" data-end=\"683\">justerbart luftfl\u00f6dessystem<\/strong> l\u00e5ter anv\u00e4ndare v\u00e4xla mellan t\u00e4tare eller \u00f6ppnare drag, vilket g\u00f6r den l\u00e4mplig f\u00f6r olika preferenser.<\/p>\n<p data-start=\"787\" data-end=\"1022\">Med <strong data-start=\"792\" data-end=\"816\">56 smakvarianter<\/strong> allt fr\u00e5n fruktiga till dessertprofiler, den h\u00e4r enheten v\u00e4nder sig till olika tyska kundbaser. Den <strong data-start=\"915\" data-end=\"938\">l\u00e5g-nikotin format<\/strong> (2% eller l\u00e4gre) g\u00f6r det till ett attraktivt alternativ f\u00f6r vejpare som s\u00f6ker smidigare sessioner.<\/p>\n<p data-start=\"1024\" data-end=\"1096\">F\u00f6r distribut\u00f6rer och butiks\u00e4gare erbjuder <strong data-start=\"1062\" data-end=\"1084\">RandM Tornado 7000<\/strong> erbjuder:<\/p>\n<ul data-start=\"1097\" data-end=\"1349\">\n<li data-start=\"1097\" data-end=\"1151\">\n<p data-start=\"1099\" data-end=\"1151\">En puffkapacitet i mellanklassen som \u00e4r idealisk f\u00f6r vardagsf\u00f6rs\u00e4ljning<\/p>\n<\/li>\n<li data-start=\"1152\" data-end=\"1200\">\n<p data-start=\"1154\" data-end=\"1200\">Bred smakkatalog f\u00f6r upprepade k\u00f6p<\/p>\n<\/li>\n<li data-start=\"1201\" data-end=\"1257\">\n<p data-start=\"1203\" data-end=\"1257\">Uppladdningsbar design, vilket minskar returer och klagom\u00e5l<\/p>\n<\/li>\n<li data-start=\"1258\" data-end=\"1349\">\n<p data-start=\"1260\" data-end=\"1349\"><strong data-start=\"1260\" data-end=\"1312\">Grossistf\u00f6rpackning och konkurrenskraftig bulkpriss\u00e4ttning<\/strong> skr\u00e4ddarsydd f\u00f6r EU och Tyskland marknader<\/p>\n<\/li>\n<\/ul>\n<p><strong>L\u00e4gg till Amys Whatsapp f\u00f6r att f\u00e5 snabbt svar och vape-kupong!<\/strong><\/p>\n<p><img fetchpriority=\"high\" decoding=\"async\" class=\"size-full wp-image-2932\" src=\"https:\/\/vapestornado.com\/wp-content\/uploads\/2024\/12\/Vape-Wholesale.jpg\" alt=\"Vape Partihandel\" width=\"229\" height=\"300\" \/><\/p>\n<h3><a href=\"https:\/\/wa.me\/8617776015835\" target=\"_blank\" rel=\"noopener\"><span style=\"color: #ff0000;\"><strong>WhatsApp: +86 17776015835<\/strong><\/span><\/a><\/h3>\n<p>&nbsp;<\/p>\n<h2><strong>RandM Tornado 7000 Produktegenskaper<\/strong><\/h2>\n<p>Integrerat 1000mAh-batteri<br \/>\nLaddningsbart batteri<br \/>\n7000 puffar per enhet<br \/>\nLuftfl\u00f6deskontroll<br \/>\n56 tillg\u00e4ngliga smaker<br \/>\nType-C laddning<\/p>\n<h2 class=\"product-title\"><strong>RandM Tornado 7000 Smaklista<\/strong><\/h2>\n<p>1 Kall Mint<br \/>\n2 Lush Ice<br \/>\n3 Tangerine Ice<br \/>\n4 Jordgubbsdonut<br \/>\n5 Gummybj\u00f6rn<br \/>\n6 Bl\u00e5b\u00e4r P\u00e5 Is<br \/>\n7 Mango p\u00e5 is<br \/>\n8 Persika is<br \/>\n9 Banan is<br \/>\n10 Druva is<br \/>\n11 Rosa Lemonad<br \/>\n12 Pina Colada Rom<br \/>\n13 Blandade B\u00e4r<br \/>\n14 Banan Milkshake<br \/>\n15 Jordgubbsvattenmelon<br \/>\n16 R\u00f6tt \u00c4pple Citron<br \/>\n17 Ananas is<br \/>\n18 Sockervadd<br \/>\n19 Jordgubbsbanan<br \/>\n20 Jordgubbsis<br \/>\n21 Jordgubbskiwi<br \/>\n22.R\u00f6d Energi Is<br \/>\n23.Bl\u00e5 Hallon Lemonad<br \/>\n24.R\u00f6tt \u00c4ppleis<br \/>\n25.B\u00e4r Lemonad<br \/>\n26.Bl\u00e5b\u00e4rstuggummi<br \/>\n27. Bluesour Hallon<br \/>\n28. Dr Blue<br \/>\n29. \u00c4pple Persika P\u00e4ron<br \/>\n30. Bl\u00e5b\u00e4r Granat\u00e4pple<br \/>\n31. Vimto<br \/>\n32. Kiwi Passionsfrukt Guava<br \/>\n33. Colaice<br \/>\n34. Surt \u00c4pple<br \/>\n35. Svartvinb\u00e4r Mentol<br \/>\n36. Tigerblod<br \/>\n37. Persika Bl\u00e5b\u00e4rsgodis<br \/>\n38. Persika Mango<br \/>\n39. Jordgubb Red Bull<br \/>\n40. Svartvinb\u00e4r Is<br \/>\n41. Jordgubb Vattenmelonlemonad<br \/>\n42. K\u00f6rsb\u00e4r<br \/>\n43. Bl\u00e5 Hallon K\u00f6rsb\u00e4r<br \/>\n44. Skittles<br \/>\n45. Bl\u00e5b\u00e4r Hallon<br \/>\n46. Jordgubb Druva<br \/>\n47. Bl\u00e5b\u00e4r K\u00f6rsb\u00e4r Tranb\u00e4r<br \/>\n48. \u00c4pple B\u00e4r Explosion<br \/>\n49. K\u00f6rsb\u00e4r Cola<br \/>\n50. Citron<br \/>\n51. Rosa Explosion<br \/>\n52. Pacific Cooler<br \/>\n53. Isglass<br \/>\n54. Bingo Crush<\/p>\n<h2>Varf\u00f6r v\u00e4lja vapestornado f\u00f6r Fumot RandM 7k Vapes-grossist?<\/h2>\n<div class=\"flex-shrink-0 flex flex-col relative items-end\">\n<div class=\"pt-0\">\n<div class=\"gizmo-bot-avatar flex h-8 w-8 items-center justify-center overflow-hidden rounded-full\">\n<div class=\"relative p-1 rounded-sm flex items-center justify-center bg-token-main-surface-primary text-token-text-primary h-8 w-8\">\n<p>V\u00e4lkommen till vapestornado, din betrodda online vape-butik f\u00f6r premium eng\u00e5ngsvapes. Med mer \u00e4n 5 \u00e5rs expertis ger vi dig popul\u00e4ra eng\u00e5ngs vape-m\u00e4rken som Fumot RandM Vape, <a href=\"https:\/\/vapestornado.com\/sv\/product\/vapme-crystal-7000-puffs-rechargeable-disposable-vape-wholesale-cheap-price\/\">Vapme<\/a>, Bang Vape, Waspe Vape och WGA Vape, etc.<\/p>\n<p>V\u00e5rt sortiment inkluderar heta f\u00f6rs\u00e4ljningsvapes som <a href=\"https:\/\/vapestornado.com\/sv\/product\/fumot-randm-tornado-15000-puffs-rechargeable-disposable-vape-wholesale\/\">RandM Tornado 15000<\/a>, och smakrika val som <a href=\"https:\/\/vapestornado.com\/sv\/product\/waspe-40000-puffs-double-flavour-led-display-disposable-vape-wholesale\/\">WASPE Dubbel Smak 40000 Puffs<\/a> . Varje produkt \u00e4r utvald med fokus p\u00e5 kvalitet, v\u00e4rde och variation, vilket s\u00e4kerst\u00e4ller att du hittar den perfekta matchningen f\u00f6r dina behov. Uppt\u00e4ck exceptionell service och ett brett utbud av toppprodukter till grossistpris hos vapestornado.<\/p>\n<\/div>\n<h3><\/h3>\n<div class=\"relative p-1 rounded-sm flex items-center justify-center bg-token-main-surface-primary text-token-text-primary h-8 w-8\">\n<h2>FAQ f\u00f6r RandM 7000 Musik Eng\u00e5ngsvape<\/h2>\n<\/div>\n<\/div>\n<\/div>\n<\/div>\n<div class=\"flex-shrink-0 flex flex-col relative items-end\">\n<div class=\"pt-0\">\n<div class=\"gizmo-bot-avatar flex h-8 w-8 items-center justify-center overflow-hidden rounded-full\">\n<div class=\"relative p-1 rounded-sm flex items-center justify-center bg-token-main-surface-primary text-token-text-primary h-8 w-8\">\n<div class=\"mb-2 flex gap-3 empty:hidden -ml-2\">\n<h3><\/h3>\n<ol>\n<li><strong>Hur m\u00e5nga puffar ger RandM 7000?<\/strong><br \/>\nRandM 7000 erbjuder imponerande 7000 puffar per enhet, vilket garanterar l\u00e5ngvarig anv\u00e4ndning f\u00f6r varje vape-session.<\/li>\n<li><strong>Kan RandM 7000 laddas om?<\/strong><br \/>\nJa, enheten \u00e4r utrustad med ett laddningsbart 1000mAh-batteri och st\u00f6der snabb Type-C-laddning f\u00f6r bekv\u00e4mlighet.<\/li>\n<li><strong>Hur m\u00e5nga smaker finns tillg\u00e4ngliga f\u00f6r Fumot Tornado 7000?<\/strong><br \/>\nFumot Tornado 7000 finns med 56 olika smaker, vilket erbjuder ett brett utbud f\u00f6r att tillfredsst\u00e4lla olika preferenser.<\/li>\n<li><strong>\u00c4r RandM Tornado 7k l\u00e4mplig f\u00f6r anv\u00e4ndare med l\u00e5g nikotinhalt?<\/strong><br \/>\nJa, RandM Tornado 7k \u00e4r en <strong>eng\u00e5ngsvape med l\u00e5g nikotinhalt<\/strong>, vilket g\u00f6r det till ett utm\u00e4rkt alternativ f\u00f6r dem som f\u00f6redrar en smidigare och mildare vapingupplevelse.<\/li>\n<li><strong>Kan jag k\u00f6pa RandM Tornado 7000 i bulk till grossistpriser?<\/strong><br \/>\nAbsolut! RandM Tornado 7000 \u00e4r tillg\u00e4nglig f\u00f6r <strong>vape grossist<\/strong>, och erbjuder konkurrenskraftiga bulkpriser f\u00f6r \u00e5terf\u00f6rs\u00e4ljare i Sverige och utanf\u00f6r.<\/li>\n<\/ol>\n<p>&nbsp;<\/p>\n<\/div>\n<\/div>\n<\/div>\n<\/div>\n<\/div>\n<div class=\"group\/conversation-turn relative flex w-full min-w-0 flex-col agent-turn\">\n<div class=\"flex-col gap-1 md:gap-3\">\n<div class=\"flex max-w-full flex-col flex-grow\">\n<div class=\"min-h-8 text-message flex w-full flex-col items-end gap-2 whitespace-normal break-words [.text-message+&amp;]:mt-5\" dir=\"auto\" data-message-author-role=\"assistant\" data-message-id=\"db716a1c-9ed0-4b8d-b3b0-7bdb913c3d42\" data-message-model-slug=\"gpt-4o\">\n<div class=\"flex w-full flex-col gap-1 empty:hidden first:pt-[3px]\">\n<div class=\"markdown prose w-full break-words dark:prose-invert light\">\n<p>&nbsp;<\/p>\n<\/div>\n<\/div>\n<\/div>\n<\/div>\n<\/div>\n<\/div>","protected":false},"excerpt":{"rendered":"<p>Den <strong data-start=\"1398\" data-end=\"1426\">RandM Tornado 7000 Puffar<\/strong> erbjuder 56 smaker, 1000mAh uppladdningsbart batteri och justerbart luftfl\u00f6de. En eng\u00e5ngsvape med medelkapacitet designad f\u00f6r <strong data-start=\"1545\" data-end=\"1578\">Tyskland grossist bulk k\u00f6pare<\/strong> till konkurrenskraftiga priser.<\/p>\n<p><strong>L\u00e4gg till Amys whatsapp f\u00f6r snabbt svar och vape-kupong!<\/strong><\/p>\n<p><img fetchpriority=\"high\" decoding=\"async\" class=\"size-full wp-image-2932\" src=\"https:\/\/vapestornado.com\/wp-content\/uploads\/2024\/12\/Vape-Wholesale.jpg\" alt=\"Vape Partihandel\" width=\"229\" height=\"300\" \/><\/p>\n<h3><a href=\"https:\/\/wa.me\/8617776015835\"><span style=\"color: #ff0000;\"><strong>WhatsApp: +86 17776015835<\/strong><\/span><\/a><\/h3>\n<p>&nbsp;<\/p>","protected":false},"featured_media":3080,"comment_status":"open","ping_status":"closed","template":"","meta":{"_acf_changed":false,"_uag_custom_page_level_css":"","_lmt_disableupdate":"no","_lmt_disable":"","_monsterinsights_skip_tracking":false,"_monsterinsights_sitenote_active":false,"_monsterinsights_sitenote_note":"","_monsterinsights_sitenote_category":0,"site-sidebar-layout":"default","site-content-layout":"","ast-site-content-layout":"default","site-content-style":"default","site-sidebar-style":"default","ast-global-header-display":"","ast-banner-title-visibility":"","ast-main-header-display":"","ast-hfb-above-header-display":"","ast-hfb-below-header-display":"","ast-hfb-mobile-header-display":"","site-post-title":"","ast-breadcrumbs-content":"","ast-featured-img":"","footer-sml-layout":"","ast-disable-related-posts":"","theme-transparent-header-meta":"default","adv-header-id-meta":"","stick-header-meta":"","header-above-stick-meta":"","header-main-stick-meta":"","header-below-stick-meta":"","astra-migrate-meta-layouts":"set","ast-page-background-enabled":"default","ast-page-background-meta":{"desktop":{"background-color":"","background-image":"","background-repeat":"repeat","background-position":"center center","background-size":"auto","background-attachment":"scroll","background-type":"","background-media":"","overlay-type":"","overlay-color":"","overlay-opacity":"","overlay-gradient":""},"tablet":{"background-color":"","background-image":"","background-repeat":"repeat","background-position":"center center","background-size":"auto","background-attachment":"scroll","background-type":"","background-media":"","overlay-type":"","overlay-color":"","overlay-opacity":"","overlay-gradient":""},"mobile":{"background-color":"","background-image":"","background-repeat":"repeat","background-position":"center center","background-size":"auto","background-attachment":"scroll","background-type":"","background-media":"","overlay-type":"","overlay-color":"","overlay-opacity":"","overlay-gradient":""}},"ast-content-background-meta":{"desktop":{"background-color":"var(--ast-global-color-5)","background-image":"","background-repeat":"repeat","background-position":"center center","background-size":"auto","background-attachment":"scroll","background-type":"","background-media":"","overlay-type":"","overlay-color":"","overlay-opacity":"","overlay-gradient":""},"tablet":{"background-color":"var(--ast-global-color-5)","background-image":"","background-repeat":"repeat","background-position":"center center","background-size":"auto","background-attachment":"scroll","background-type":"","background-media":"","overlay-type":"","overlay-color":"","overlay-opacity":"","overlay-gradient":""},"mobile":{"background-color":"var(--ast-global-color-5)","background-image":"","background-repeat":"repeat","background-position":"center center","background-size":"auto","background-attachment":"scroll","background-type":"","background-media":"","overlay-type":"","overlay-color":"","overlay-opacity":"","overlay-gradient":""}},"_joinchat":{"telephone":"+8617776015835"}},"product_brand":[],"product_cat":[74,151,152,143,58,144,148],"product_tag":[83,128,127,129,78,114,93],"class_list":{"0":"post-3083","1":"product","2":"type-product","3":"status-publish","4":"has-post-thumbnail","6":"product_cat-7000-puff","7":"product_cat-buy-disposable-vapes-in-france","8":"product_cat-buy-disposable-vapes-in-cermany","9":"product_cat-dual-mesh-disposable-vapes","10":"product_cat-fumot-vape","11":"product_cat-low-nicotine-disposable-vapes","12":"product_cat-tornado-disposable-vapes","13":"product_tag-fumot-vape","14":"product_tag-randm-7000","15":"product_tag-randm-tornado-7000","16":"product_tag-randm-tornado-7000-germany","17":"product_tag-randm-vape","18":"product_tag-tornado-vape","19":"product_tag-vape-wholesale","20":"desktop-align-left","21":"tablet-align-left","22":"mobile-align-left","24":"first","25":"instock","26":"sale","27":"shipping-taxable","28":"purchasable","29":"product-type-simple"},"acf":[],"uagb_featured_image_src":{"full":["https:\/\/vapestornado.com\/wp-content\/uploads\/2024\/12\/RandM-Tornado-7000-Puffs-Disposable-Vape.jpg",1126,1126,false],"thumbnail":["https:\/\/vapestornado.com\/wp-content\/uploads\/2024\/12\/RandM-Tornado-7000-Puffs-Disposable-Vape-150x150.jpg",150,150,true],"medium":["https:\/\/vapestornado.com\/wp-content\/uploads\/2024\/12\/RandM-Tornado-7000-Puffs-Disposable-Vape-300x300.jpg",300,300,true],"medium_large":["https:\/\/vapestornado.com\/wp-content\/uploads\/2024\/12\/RandM-Tornado-7000-Puffs-Disposable-Vape-768x768.jpg",768,768,true],"large":["https:\/\/vapestornado.com\/wp-content\/uploads\/2024\/12\/RandM-Tornado-7000-Puffs-Disposable-Vape-1024x1024.jpg",1024,1024,true],"1536x1536":["https:\/\/vapestornado.com\/wp-content\/uploads\/2024\/12\/RandM-Tornado-7000-Puffs-Disposable-Vape.jpg",1126,1126,false],"2048x2048":["https:\/\/vapestornado.com\/wp-content\/uploads\/2024\/12\/RandM-Tornado-7000-Puffs-Disposable-Vape.jpg",1126,1126,false],"trp-custom-language-flag":["https:\/\/vapestornado.com\/wp-content\/uploads\/2024\/12\/RandM-Tornado-7000-Puffs-Disposable-Vape.jpg",12,12,false],"woocommerce_thumbnail":["https:\/\/vapestornado.com\/wp-content\/uploads\/2024\/12\/RandM-Tornado-7000-Puffs-Disposable-Vape-300x300.jpg",300,300,true],"woocommerce_single":["https:\/\/vapestornado.com\/wp-content\/uploads\/2024\/12\/RandM-Tornado-7000-Puffs-Disposable-Vape-600x600.jpg",600,600,true],"woocommerce_gallery_thumbnail":["https:\/\/vapestornado.com\/wp-content\/uploads\/2024\/12\/RandM-Tornado-7000-Puffs-Disposable-Vape-100x100.jpg",100,100,true]},"uagb_author_info":{"display_name":"ESAMY","author_link":"https:\/\/vapestornado.com\/sv\/author\/"},"uagb_comment_info":0,"uagb_excerpt":"The RandM Tornado 7000 Puffs offers 56 flavours, 1000mAh rechargeable battery, and adjustable airflow. A mid-capacity disposable vape designed for Germany wholesale bulk buyers at competitive prices. Add Amy's whatsapp get right reply and vape vape coupon! WhatsApp: +86 17776015835 &nbsp;","_links":{"self":[{"href":"https:\/\/vapestornado.com\/sv\/wp-json\/wp\/v2\/product\/3083","targetHints":{"allow":["GET"]}}],"collection":[{"href":"https:\/\/vapestornado.com\/sv\/wp-json\/wp\/v2\/product"}],"about":[{"href":"https:\/\/vapestornado.com\/sv\/wp-json\/wp\/v2\/types\/product"}],"replies":[{"embeddable":true,"href":"https:\/\/vapestornado.com\/sv\/wp-json\/wp\/v2\/comments?post=3083"}],"wp:featuredmedia":[{"embeddable":true,"href":"https:\/\/vapestornado.com\/sv\/wp-json\/wp\/v2\/media\/3080"}],"wp:attachment":[{"href":"https:\/\/vapestornado.com\/sv\/wp-json\/wp\/v2\/media?parent=3083"}],"wp:term":[{"taxonomy":"product_brand","embeddable":true,"href":"https:\/\/vapestornado.com\/sv\/wp-json\/wp\/v2\/product_brand?post=3083"},{"taxonomy":"product_cat","embeddable":true,"href":"https:\/\/vapestornado.com\/sv\/wp-json\/wp\/v2\/product_cat?post=3083"},{"taxonomy":"product_tag","embeddable":true,"href":"https:\/\/vapestornado.com\/sv\/wp-json\/wp\/v2\/product_tag?post=3083"}],"curies":[{"name":"wp","href":"https:\/\/api.w.org\/{rel}","templated":true}]}}