{"id":3033,"date":"2024-12-10T06:54:50","date_gmt":"2024-12-10T06:54:50","guid":{"rendered":"https:\/\/vapestornado.com\/?post_type=product&#038;p=3033"},"modified":"2025-08-23T10:12:12","modified_gmt":"2025-08-23T10:12:12","slug":"wga-crystal-pro-max-15k-puffs-wholesale-price-vape-pods","status":"publish","type":"product","link":"https:\/\/vapestornado.com\/sv\/product\/wga-crystal-pro-max-15k-puffs-wholesale-price-vape-pods\/","title":{"rendered":"WGA Crystal Pro Max 15k Puffar Grossistpris Vape Poddar"},"content":{"rendered":"<h1>WGA Crystal Pro Max 15k Puffar Grossistpris Vape Poddar<\/h1>\n<p data-start=\"286\" data-end=\"581\">Den <strong data-start=\"290\" data-end=\"339\">WGA Crystal Pro Max 15K Puffs Eng\u00e5ngs Vape<\/strong> \u00e4r designad f\u00f6r grossister och \u00e5terf\u00f6rs\u00e4ljare som s\u00f6ker p\u00e5litliga produkter med h\u00f6g efterfr\u00e5gan f\u00f6r den europeiska marknaden. Med upp till <strong data-start=\"457\" data-end=\"484\">15,000 puffar per enhet<\/strong> och en <strong data-start=\"491\" data-end=\"524\">25 ml f\u00f6rfylld e-v\u00e4tskebeh\u00e5llare<\/strong>ger den ut\u00f6kad anv\u00e4ndning och stark \u00e5terf\u00f6rs\u00e4ljningspotential.<\/p>\n<p data-start=\"583\" data-end=\"874\">Drivs av ett <strong data-start=\"596\" data-end=\"627\">650mAh uppladdningsbart batteri<\/strong> med <strong data-start=\"633\" data-end=\"657\">Typ-C snabbladdning<\/strong>s\u00e4kerst\u00e4ller Crystal Pro Max konsekventa sessioner utan avbrott. En <strong data-start=\"732\" data-end=\"759\">LED-indikator i realtid<\/strong> h\u00e5ller anv\u00e4ndarna informerade om batteristatus, medan <strong data-start=\"810\" data-end=\"828\">0.8\u03a9 mesh-coil<\/strong> f\u00f6rb\u00e4ttrar \u00e5ngt\u00e4theten och smaks\u00e4ttningen.<\/p>\n<p data-start=\"876\" data-end=\"1231\">Kompakt och b\u00e4rbar med <strong data-start=\"900\" data-end=\"923\">43 mm \u00d7 23 mm \u00d7 105 mm<\/strong>, den <strong data-start=\"929\" data-end=\"961\">WGA Crystal Pro Max 15K Vape<\/strong> \u00e4r l\u00e4tt att b\u00e4ra, snygg att visa upp och finns i ett brett utbud av smakprofiler f\u00f6r att passa olika preferenser. Dess kombination av kapacitet, design och konkurrenskraftig <strong data-start=\"1133\" data-end=\"1154\">grossistpriser<\/strong> g\u00f6r den till ett utm\u00e4rkt val f\u00f6r \u00e5terf\u00f6rs\u00e4ljare och distribut\u00f6rer \u00f6ver hela Europa.<\/p>\n<p>&nbsp;<\/p>\n<p><img fetchpriority=\"high\" decoding=\"async\" class=\"size-medium wp-image-2951\" src=\"https:\/\/vapestornado.com\/wp-content\/uploads\/2024\/12\/Wholesale-Disposable-Vape-265x300.jpg\" alt=\"Grossist Eng\u00e5ngs Vape\" width=\"265\" height=\"300\" srcset=\"https:\/\/vapestornado.com\/wp-content\/uploads\/2024\/12\/Wholesale-Disposable-Vape-265x300.jpg 265w, https:\/\/vapestornado.com\/wp-content\/uploads\/2024\/12\/Wholesale-Disposable-Vape-768x871.jpg 768w, https:\/\/vapestornado.com\/wp-content\/uploads\/2024\/12\/Wholesale-Disposable-Vape-600x680.jpg 600w, https:\/\/vapestornado.com\/wp-content\/uploads\/2024\/12\/Wholesale-Disposable-Vape.jpg 823w\" sizes=\"(max-width: 265px) 100vw, 265px\" \/><\/p>\n<h6><span style=\"font-size: 1.1em; font-weight: bold;\">V\u00e4nligen kontakta Mandys WhatsApp f\u00f6r rabatterat pris<\/span><a style=\"font-size: 1.1em; font-weight: bold; background-color: #ffffff;\" href=\"https:\/\/wa.me\/8618077105796\" target=\"_blank\" rel=\"noopener\">+8618077105796<\/a><\/h6>\n<p>&nbsp;<\/p>\n<h2><strong>WGA The Crystal Pro Max Extra 15 000 Puffs Vape \u2013 Viktiga specifikationer<\/strong><\/h2>\n<ul>\n<li><strong>Omfattande Puffkapacitet<\/strong>: Levererar upp till 15 000 bloss per enhet, vilket erbjuder l\u00e5ngvarig anv\u00e4ndning och minskat behov av byten.<\/li>\n<li><strong>650mAh Uppladdningsbart Batteri<\/strong>: Har ett h\u00e5llbart 650mAh batteri f\u00f6r stabil str\u00f6mf\u00f6rs\u00f6rjning under varje session.<\/li>\n<li><strong>Effektiv Type-C Laddning<\/strong>: Inneh\u00e5ller en modern Type-C-port f\u00f6r snabb och bekv\u00e4m laddning f\u00f6r att h\u00e5lla din enhet redo.<\/li>\n<li><strong>Stor E-v\u00e4tskekapacitet<\/strong>: Utrustad med en 25 ml e-v\u00e4tskebeh\u00e5llare som st\u00f6der l\u00e5nga vape-sessioner utan konstant p\u00e5fyllning.<\/li>\n<li><strong>LED Batteristatusdisplay<\/strong>: Inkluderar en LED-indikator i realtid f\u00f6r att \u00f6vervaka batteriniv\u00e5erna och undvika ov\u00e4ntade avbrott.<\/li>\n<li><strong>B\u00e4rbar och Snygg Design<\/strong>: Kompakta dimensioner p\u00e5 43 mm x 23 mm x 105 mm s\u00e4kerst\u00e4ller enkel hantering och b\u00e4rbarhet, idealisk f\u00f6r anv\u00e4ndning p\u00e5 spr\u00e5ng.<\/li>\n<\/ul>\n<h2><strong>WGA Crystal Pro Max 15k Puffs Smaklista:<\/strong><\/h2>\n<p>1.VATTENMELON IS<br \/>\n2.BL\u00c5B\u00c4RS HALLON<br \/>\n3. KOLSYRAD K\u00d6RSB\u00c4R<br \/>\n4.GUMMI BJ\u00d6RN<br \/>\n5. CITRONLIME<br \/>\n6. JORDGUBBSIS<br \/>\n7. BL\u00c5B\u00c4R SUR HALLON<br \/>\n8. BLUE RAZZ IS<br \/>\n9. MR BLUE<br \/>\n10. SKITTLES<br \/>\n11. BL\u00c5B\u00c4RSK\u00d6RSB\u00c4RSTRANB\u00c4R<br \/>\n12. SAFTIG PERSIKA<br \/>\n13. Jordgubbs hallon k\u00f6rsb\u00e4r is<br \/>\n14. HUBBA BUBBA<br \/>\n15. Bj\u00f6rnb\u00e4r bl\u00e5b\u00e4r hallon<br \/>\n16. Jordgubbsisglass<br \/>\n17. Bl\u00e5b\u00e4rsisglass<br \/>\n18. Prime jordgubbsvattenmelon<br \/>\n19. Jordgubbsk\u00f6rsb\u00e4rstuggummi<br \/>\n20. Hallon k\u00f6rsb\u00e4r is<br \/>\n21. ANANASIS<br \/>\n22. SOMMARDR\u00d6M<br \/>\n23. WGA ROSA<br \/>\n24. F\u00c4RSK MYNTA<br \/>\n25. DUBBELT \u00c4PPLE<br \/>\n26. TRIPEL MANGO<br \/>\n27. SVART DRAKE IS<br \/>\n28. COLA IS<br \/>\n29. ANANAS CITRON<br \/>\n30. MR SVART<br \/>\n31. KIWI PASSIONSFRUKT GUAVA<\/p>\n<h3><strong>Varf\u00f6r v\u00e4lja WGA The Crystal Pro Max 15 000 Puff Vape?<\/strong><\/h3>\n<ul>\n<li><strong>Exceptionella smakprofiler<\/strong>: Dyk ner i ett utvalt urval av livfulla och uppfriskande fruktsmaker, alla skapade f\u00f6r att leverera en genomg\u00e5ende h\u00e4rlig vapingupplevelse.<\/li>\n<li><strong>Enkel bekv\u00e4mlighet<\/strong>: Designad med enkelhet i \u00e5tanke, erbjuder denna eng\u00e5ngsvape ett smidigt och stressfritt s\u00e4tt att njuta av premiumvaping n\u00e4r som helst, var som helst.<\/li>\n<li><strong>H\u00e5llbarhet och prestanda<\/strong>: Med upp till 15 000 bloss, ett robust 650mAh uppladdningsbart batteri och en 25ml e-v\u00e4tskekapacitet, \u00e4r denna vape byggd f\u00f6r att ge p\u00e5litlig prestanda under en l\u00e4ngre tid.<\/li>\n<li><strong>Modern och kompakt design<\/strong>: Dess slanka dimensioner och eleganta konstruktion s\u00e4kerst\u00e4ller portabilitet utan att offra stil eller funktionalitet.<\/li>\n<\/ul>\n<p>Den <strong>WGA The Crystal Pro Max Extra 15000 Inhalningar Vape Pod\u00a0<\/strong> \u00e4r det ultimata valet f\u00f6r vejpare som s\u00f6ker bekv\u00e4mlighet, prestanda och en exceptionell sensorisk upplevelse. En perfekt fusion av banbrytande teknik och \u00f6verl\u00e4gsen smak v\u00e4ntar dig.<\/p>\n<p>&nbsp;<\/p>\n<h3><strong>Vanliga fr\u00e5gor om WGA The Crystal Pro Max 15 000 Puffs Uppladdningsbar Vape<\/strong><\/h3>\n<ol>\n<li><strong>Hur m\u00e5nga bloss erbjuder WGA Crystal Pro Max 15k puff?<\/strong><br \/>\nEnheten levererar upp till 15 000 bloss, vilket g\u00f6r den idealisk f\u00f6r l\u00e5ngvarig anv\u00e4ndning utan frekventa byten.<\/li>\n<li><strong>Vilken typ av batteri anv\u00e4nder den?<\/strong><br \/>\nDen har ett 650mAh uppladdningsbart batteri med en Type-C laddningsport, vilket s\u00e4kerst\u00e4ller snabb och effektiv laddning.<\/li>\n<li><strong>Vad \u00e4r e-v\u00e4tskekapaciteten f\u00f6r Vape 15000 Puffs <a href=\"https:\/\/vapestornado.com\/sv\/product\/wga-crystal-pro-max-15k-puffs-wholesale-price-vape-pods\/\">WGA Vape<\/a>?<\/strong><br \/>\nCrystal Pro Max levereras med en gener\u00f6s 25 ml e-v\u00e4tskekapacitet, vilket erbjuder l\u00e5ngvariga vapingsessioner.<\/li>\n<li><strong>Har WGA Crystal Vape 15000 Puffs en batteriindikator?<\/strong><br \/>\nJa, den inkluderar en LED-batteriindikator i realtid, s\u00e5 att du kan \u00f6vervaka batteriniv\u00e5n och ladda vid behov.<\/li>\n<li><strong>Kan WGA 15000 Puffs e-v\u00e4tska fyllas p\u00e5?<\/strong><br \/>\nNej, WGA Crystal Pro Max 15000 Puffs \u00e4r en f\u00f6rfylld eng\u00e5ngsenhet och st\u00f6der inte p\u00e5fyllning.<\/li>\n<\/ol>","protected":false},"excerpt":{"rendered":"<p>WGA Crystal Pro Max 15k Puffs vape-poddar till grossistpriser. Njut av l\u00e5ngvariga bloss, premiumsmaker och bulkk\u00f6psalternativ f\u00f6r ditt f\u00f6retag.<\/p>\n<figure id=\"attachment_2951\" aria-describedby=\"caption-attachment-2951\" style=\"width: 265px\" class=\"wp-caption alignnone\"><img fetchpriority=\"high\" decoding=\"async\" class=\"size-medium wp-image-2951\" src=\"https:\/\/vapestornado.com\/wp-content\/uploads\/2024\/12\/Wholesale-Disposable-Vape-265x300.jpg\" alt=\"Grossist Eng\u00e5ngs Vape\" width=\"265\" height=\"300\" srcset=\"https:\/\/vapestornado.com\/wp-content\/uploads\/2024\/12\/Wholesale-Disposable-Vape-265x300.jpg 265w, https:\/\/vapestornado.com\/wp-content\/uploads\/2024\/12\/Wholesale-Disposable-Vape-768x871.jpg 768w, https:\/\/vapestornado.com\/wp-content\/uploads\/2024\/12\/Wholesale-Disposable-Vape-600x680.jpg 600w, https:\/\/vapestornado.com\/wp-content\/uploads\/2024\/12\/Wholesale-Disposable-Vape.jpg 823w\" sizes=\"(max-width: 265px) 100vw, 265px\" \/><figcaption id=\"caption-attachment-2951\" class=\"wp-caption-text\">V\u00e4nligen kontakta Mandys WhatsApp f\u00f6r rabatterat pris<a href=\"https:\/\/wa.me\/8618077105796\">+8618077105796<\/a><\/figcaption><\/figure>\n<p>&nbsp;<\/p>","protected":false},"featured_media":3052,"comment_status":"open","ping_status":"closed","template":"","meta":{"_acf_changed":false,"_uag_custom_page_level_css":"","_lmt_disableupdate":"no","_lmt_disable":"","_monsterinsights_skip_tracking":false,"_monsterinsights_sitenote_active":false,"_monsterinsights_sitenote_note":"","_monsterinsights_sitenote_category":0,"site-sidebar-layout":"default","site-content-layout":"","ast-site-content-layout":"default","site-content-style":"default","site-sidebar-style":"default","ast-global-header-display":"","ast-banner-title-visibility":"","ast-main-header-display":"","ast-hfb-above-header-display":"","ast-hfb-below-header-display":"","ast-hfb-mobile-header-display":"","site-post-title":"","ast-breadcrumbs-content":"","ast-featured-img":"","footer-sml-layout":"","ast-disable-related-posts":"","theme-transparent-header-meta":"default","adv-header-id-meta":"","stick-header-meta":"","header-above-stick-meta":"","header-main-stick-meta":"","header-below-stick-meta":"","astra-migrate-meta-layouts":"set","ast-page-background-enabled":"default","ast-page-background-meta":{"desktop":{"background-color":"","background-image":"","background-repeat":"repeat","background-position":"center center","background-size":"auto","background-attachment":"scroll","background-type":"","background-media":"","overlay-type":"","overlay-color":"","overlay-opacity":"","overlay-gradient":""},"tablet":{"background-color":"","background-image":"","background-repeat":"repeat","background-position":"center center","background-size":"auto","background-attachment":"scroll","background-type":"","background-media":"","overlay-type":"","overlay-color":"","overlay-opacity":"","overlay-gradient":""},"mobile":{"background-color":"","background-image":"","background-repeat":"repeat","background-position":"center center","background-size":"auto","background-attachment":"scroll","background-type":"","background-media":"","overlay-type":"","overlay-color":"","overlay-opacity":"","overlay-gradient":""}},"ast-content-background-meta":{"desktop":{"background-color":"var(--ast-global-color-5)","background-image":"","background-repeat":"repeat","background-position":"center center","background-size":"auto","background-attachment":"scroll","background-type":"","background-media":"","overlay-type":"","overlay-color":"","overlay-opacity":"","overlay-gradient":""},"tablet":{"background-color":"var(--ast-global-color-5)","background-image":"","background-repeat":"repeat","background-position":"center center","background-size":"auto","background-attachment":"scroll","background-type":"","background-media":"","overlay-type":"","overlay-color":"","overlay-opacity":"","overlay-gradient":""},"mobile":{"background-color":"var(--ast-global-color-5)","background-image":"","background-repeat":"repeat","background-position":"center center","background-size":"auto","background-attachment":"scroll","background-type":"","background-media":"","overlay-type":"","overlay-color":"","overlay-opacity":"","overlay-gradient":""}},"_joinchat":{"telephone":"+8618077105796"}},"product_brand":[],"product_cat":[71,140,153,158,159,160,141,59],"product_tag":[97,111],"class_list":{"0":"post-3033","1":"product","2":"type-product","3":"status-publish","4":"has-post-thumbnail","6":"product_cat-15000-puff","7":"product_cat-big-puffs-disposable-vapes","8":"product_cat-buy-disposable-vapes-in-italy","9":"product_cat-buy-disposable-vapes-in-spain","10":"product_cat-buy-disposable-vapes-in-sweden","11":"product_cat-buy-disposable-vapes-in-switzerland","12":"product_cat-crystal-disposable-vapes","13":"product_cat-wga-crystal-vape","14":"product_tag-hot-sale-disposable-vape","15":"product_tag-wga-15k-puffs","16":"desktop-align-left","17":"tablet-align-left","18":"mobile-align-left","20":"first","21":"instock","22":"sale","23":"shipping-taxable","24":"purchasable","25":"product-type-simple"},"acf":[],"uagb_featured_image_src":{"full":["https:\/\/vapestornado.com\/wp-content\/uploads\/2024\/12\/WGA-15000-PUFFS-JUICY-PEACH-Disposable-Vape.jpg",800,800,false],"thumbnail":["https:\/\/vapestornado.com\/wp-content\/uploads\/2024\/12\/WGA-15000-PUFFS-JUICY-PEACH-Disposable-Vape-150x150.jpg",150,150,true],"medium":["https:\/\/vapestornado.com\/wp-content\/uploads\/2024\/12\/WGA-15000-PUFFS-JUICY-PEACH-Disposable-Vape-300x300.jpg",300,300,true],"medium_large":["https:\/\/vapestornado.com\/wp-content\/uploads\/2024\/12\/WGA-15000-PUFFS-JUICY-PEACH-Disposable-Vape-768x768.jpg",768,768,true],"large":["https:\/\/vapestornado.com\/wp-content\/uploads\/2024\/12\/WGA-15000-PUFFS-JUICY-PEACH-Disposable-Vape.jpg",800,800,false],"1536x1536":["https:\/\/vapestornado.com\/wp-content\/uploads\/2024\/12\/WGA-15000-PUFFS-JUICY-PEACH-Disposable-Vape.jpg",800,800,false],"2048x2048":["https:\/\/vapestornado.com\/wp-content\/uploads\/2024\/12\/WGA-15000-PUFFS-JUICY-PEACH-Disposable-Vape.jpg",800,800,false],"trp-custom-language-flag":["https:\/\/vapestornado.com\/wp-content\/uploads\/2024\/12\/WGA-15000-PUFFS-JUICY-PEACH-Disposable-Vape.jpg",12,12,false],"woocommerce_thumbnail":["https:\/\/vapestornado.com\/wp-content\/uploads\/2024\/12\/WGA-15000-PUFFS-JUICY-PEACH-Disposable-Vape-300x300.jpg",300,300,true],"woocommerce_single":["https:\/\/vapestornado.com\/wp-content\/uploads\/2024\/12\/WGA-15000-PUFFS-JUICY-PEACH-Disposable-Vape-600x600.jpg",600,600,true],"woocommerce_gallery_thumbnail":["https:\/\/vapestornado.com\/wp-content\/uploads\/2024\/12\/WGA-15000-PUFFS-JUICY-PEACH-Disposable-Vape-100x100.jpg",100,100,true]},"uagb_author_info":{"display_name":"ESMANDY","author_link":"https:\/\/vapestornado.com\/sv\/author\/"},"uagb_comment_info":0,"uagb_excerpt":"WGA Crystal Pro Max 15k Puffs vape pods at wholesale prices. Enjoy long-lasting puffs, premium flavors, and bulk purchase options for your business. [caption id=\"attachment_2951\" align=\"alignnone\" width=\"265\"] Pls Contact Mandy's WhatsApp For Discount Price+8618077105796[\/caption] &nbsp;","_links":{"self":[{"href":"https:\/\/vapestornado.com\/sv\/wp-json\/wp\/v2\/product\/3033","targetHints":{"allow":["GET"]}}],"collection":[{"href":"https:\/\/vapestornado.com\/sv\/wp-json\/wp\/v2\/product"}],"about":[{"href":"https:\/\/vapestornado.com\/sv\/wp-json\/wp\/v2\/types\/product"}],"replies":[{"embeddable":true,"href":"https:\/\/vapestornado.com\/sv\/wp-json\/wp\/v2\/comments?post=3033"}],"wp:featuredmedia":[{"embeddable":true,"href":"https:\/\/vapestornado.com\/sv\/wp-json\/wp\/v2\/media\/3052"}],"wp:attachment":[{"href":"https:\/\/vapestornado.com\/sv\/wp-json\/wp\/v2\/media?parent=3033"}],"wp:term":[{"taxonomy":"product_brand","embeddable":true,"href":"https:\/\/vapestornado.com\/sv\/wp-json\/wp\/v2\/product_brand?post=3033"},{"taxonomy":"product_cat","embeddable":true,"href":"https:\/\/vapestornado.com\/sv\/wp-json\/wp\/v2\/product_cat?post=3033"},{"taxonomy":"product_tag","embeddable":true,"href":"https:\/\/vapestornado.com\/sv\/wp-json\/wp\/v2\/product_tag?post=3033"}],"curies":[{"name":"wp","href":"https:\/\/api.w.org\/{rel}","templated":true}]}}