{"id":3021,"date":"2024-12-09T09:52:59","date_gmt":"2024-12-09T09:52:59","guid":{"rendered":"https:\/\/vapestornado.com\/?post_type=product&#038;p=3021"},"modified":"2025-12-05T09:42:57","modified_gmt":"2025-12-05T09:42:57","slug":"bang-36000-smart-disposable-vape-wholesale-shop-online","status":"publish","type":"product","link":"https:\/\/vapestornado.com\/sv\/product\/bang-36000-smart-disposable-vape-wholesale-shop-online\/","title":{"rendered":"Bang 36000 Smart Eng\u00e5ngs Vape Grossistbutik Online"},"content":{"rendered":"<div class=\"flex-shrink-0 flex flex-col relative items-end\">\n<div>\n<div class=\"pt-0\">\n<div class=\"gizmo-bot-avatar flex h-8 w-8 items-center justify-center overflow-hidden rounded-full\">\n<div class=\"relative p-1 rounded-sm flex items-center justify-center bg-token-main-surface-primary text-token-text-primary h-8 w-8\"><\/div>\n<\/div>\n<\/div>\n<\/div>\n<\/div>\n<div class=\"group\/conversation-turn relative flex w-full min-w-0 flex-col agent-turn\">\n<div class=\"flex-col gap-1 md:gap-3\">\n<div class=\"flex max-w-full flex-col flex-grow\">\n<div class=\"min-h-8 text-message flex w-full flex-col items-end gap-2 whitespace-normal break-words text-start [.text-message+&amp;]:mt-5\" dir=\"auto\" data-message-author-role=\"assistant\" data-message-id=\"24923bbb-bc24-49c4-aeeb-a72cf182457d\" data-message-model-slug=\"gpt-4o\">\n<div class=\"flex w-full flex-col gap-1 empty:hidden first:pt-[3px]\">\n<div class=\"markdown prose w-full break-words dark:prose-invert light\">\n<h3><strong>Bang 36000 Smart Eng\u00e5ngs Vape Grossistbutik Online<\/strong><\/h3>\n<\/div>\n<\/div>\n<\/div>\n<\/div>\n<\/div>\n<\/div>\n<p data-start=\"289\" data-end=\"603\">Bang 36000 Smart Eng\u00e5ngsvape ger en l\u00e5ngvarig livsl\u00e4ngd p\u00e5 36 000 puffar med en 30 ml tank, 0,6\u03a9 mesh coil, justerbart luftfl\u00f6de, en live LED-statussk\u00e4rm och ett 650mAh Typ-C uppladdningsbart batteri i en kompakt enhet.<\/p>\n<p data-start=\"571\" data-end=\"921\"><strong data-start=\"571\" data-end=\"615\">36 000 puffar st\u00f6ds av en full 30 ml tank.<\/strong><br data-start=\"615\" data-end=\"618\" \/>Den <strong data-start=\"622\" data-end=\"658\">Bang 36000 Smart Eng\u00e5ngs Vape<\/strong> placerad i h\u00f6gkapacitetsniv\u00e5n f\u00f6r personer som vaper varje dag och inte vill byta ut sm\u00e5 enheter hela tiden. En <strong data-start=\"768\" data-end=\"797\">30 ml f\u00f6rfylld reservoir<\/strong> st\u00f6djer puff-klassificeringen vid normal anv\u00e4ndning, s\u00e5 att enheten h\u00e5ller l\u00e4ngre \u00e4n standardeng\u00e5ngsprodukter och h\u00e5ller din rutin stabil.<\/p>\n<p data-start=\"923\" data-end=\"1193\"><strong data-start=\"923\" data-end=\"971\">Smart LED-sk\u00e4rm som visar vad som \u00e4r kvar.<\/strong><br data-start=\"971\" data-end=\"974\" \/>En inbyggd <strong data-start=\"985\" data-end=\"1010\">LED-indikatordisplay<\/strong> visar <strong data-start=\"1017\" data-end=\"1067\">batteriniv\u00e5 och e-v\u00e4tskeniv\u00e5 i realtid<\/strong>. Det \u00e4r en enkel funktion, men anv\u00e4ndbar: du vet n\u00e4r du ska ladda om och n\u00e4r tanken \u00e4r p\u00e5 l\u00e5g niv\u00e5, utan att gissa mitt i sessionen.<\/p>\n<p data-start=\"1195\" data-end=\"1456\"><strong data-start=\"1195\" data-end=\"1238\">0,6\u03a9 mesh coil f\u00f6r t\u00e4t, mjuk \u00e5nga.<\/strong><br data-start=\"1238\" data-end=\"1241\" \/>Den <strong data-start=\"1245\" data-end=\"1265\">0,6ohm mesh coil<\/strong> \u00e4r inst\u00e4lld f\u00f6r en \u00f6ppen dragning och tjockare \u00e5nga. Meshuppv\u00e4rmning sprider temperaturen j\u00e4mnt, vilket hj\u00e4lper smaken att f\u00f6rbli tydlig och minskar den torra, br\u00e4nda smaken m\u00e5nga h\u00f6ga puffar eng\u00e5ngsprodukter f\u00e5r n\u00e4ra slutet.<\/p>\n<p data-start=\"1458\" data-end=\"1688\"><strong data-start=\"1458\" data-end=\"1496\">Luftfl\u00f6desjustering f\u00f6r din stil.<\/strong><br data-start=\"1496\" data-end=\"1499\" \/>Luftfl\u00f6deskontrollen l\u00e5ter dig v\u00e4lja en t\u00e4tare dragning eller en mer \u00f6ppen inhalation. R\u00f6kare som vill ha motst\u00e5nd liknande en cigarett kan justera ner det; anv\u00e4ndare som f\u00f6redrar en l\u00f6sare dragning kan \u00f6ppna upp det.<\/p>\n<p data-start=\"1690\" data-end=\"1987\"><strong data-start=\"1690\" data-end=\"1740\">Uppladdningsbart Typ-C-str\u00f6m och nikotinniv\u00e5.<\/strong><br data-start=\"1740\" data-end=\"1743\" \/>Bang 36k Smart Eng\u00e5ngsvape kommer med en <strong data-start=\"1745\" data-end=\"1776\">650mAh uppladdningsbart batteri<\/strong> med <strong data-start=\"1782\" data-end=\"1810\">USB Type-C snabbladdning<\/strong> h\u00e5ller nere downtime kort och l\u00e5ter dig avsluta tanken ist\u00e4llet f\u00f6r att sl\u00e4nga vapet tidigt. Nikotinalternativen t\u00e4cker <strong data-start=\"1919\" data-end=\"1941\">0%, 2%, 3%, och 5%<\/strong>, s\u00e5 att anv\u00e4ndare kan matcha styrka med dagliga vanor.<\/p>\n<p>&nbsp;<\/p>\n<p><strong>L\u00e4gg till Amys Whatsapp f\u00f6r att f\u00e5 snabbt svar och vape-kupong!<\/strong><\/p>\n<p><img fetchpriority=\"high\" decoding=\"async\" class=\"size-full wp-image-2932\" src=\"https:\/\/vapestornado.com\/wp-content\/uploads\/2024\/12\/Vape-Wholesale.jpg\" alt=\"Vape Partihandel\" width=\"229\" height=\"300\" \/><\/p>\n<h3><a href=\"https:\/\/wa.me\/8617776015835\" target=\"_blank\" rel=\"noopener\"><span style=\"color: #ff0000;\"><strong>WhatsApp: +86 17776015835<\/strong><\/span><\/a><\/h3>\n<p>&nbsp;<\/p>\n<h4><strong style=\"font-size: 1.7em;\">\u00a0Bang 36000 Produktfunktioner<\/strong><\/h4>\n<table>\n<thead>\n<tr>\n<th>Funktion \/ Parameter<\/th>\n<th align=\"right\">Specifikation<\/th>\n<th>F\u00f6rklaring<\/th>\n<\/tr>\n<\/thead>\n<tbody>\n<tr>\n<td>Produktnamn<\/td>\n<td align=\"right\">Bang 36000 Smart Eng\u00e5ngs Vape<\/td>\n<td>Tydlig modellnamngivning f\u00f6r \u00e5terbest\u00e4llningar och s\u00f6kningar.<\/td>\n<\/tr>\n<tr>\n<td>Puffkapacitet<\/td>\n<td align=\"right\">Upp till 36 000 puffar<\/td>\n<td>H\u00f6gk\u00f6rande eng\u00e5ngsprodukt; f\u00e4rre byten.<\/td>\n<\/tr>\n<tr>\n<td>E-v\u00e4tskevolym<\/td>\n<td align=\"right\">30ml f\u00f6rfylld<\/td>\n<td>Stor tank som st\u00f6der 36K-betyget.<\/td>\n<\/tr>\n<tr>\n<td>Spole \/ Motst\u00e5nd<\/td>\n<td align=\"right\">0,6\u03a9 mesh-spole<\/td>\n<td>\u00d6ppet drag, t\u00e4t \u00e5nga, j\u00e4mnare smak.<\/td>\n<\/tr>\n<tr>\n<td>Luftfl\u00f6de<\/td>\n<td align=\"right\">Justerbar<\/td>\n<td>Tajt drag eller \u00f6ppet inandning, anv\u00e4ndaren best\u00e4mmer.<\/td>\n<\/tr>\n<tr>\n<td>Batteri<\/td>\n<td align=\"right\">650mAh uppladdningsbar<\/td>\n<td>Ladda om f\u00f6r att anv\u00e4nda hela tanken.<\/td>\n<\/tr>\n<tr>\n<td>Laddning<\/td>\n<td align=\"right\">USB Typ-C snabbladdning<\/td>\n<td>Vanligt kabelstandard och snabba p\u00e5fyllningar.<\/td>\n<\/tr>\n<tr>\n<td>Nikotinalternativ<\/td>\n<td align=\"right\">0% \/ 2% \/ 3% \/ 5%<\/td>\n<td>V\u00e4lj noll-nikotin genom starkare slag.<\/td>\n<\/tr>\n<tr>\n<td>Smaker<\/td>\n<td align=\"right\">12 alternativ<\/td>\n<td>T\u00e4cker de viktigaste smaktrenderna i EU.<\/td>\n<\/tr>\n<tr>\n<td>Visa<\/td>\n<td align=\"right\">Smart LED-batteri + e-v\u00e4tskescreen<\/td>\n<td>Statussp\u00e5rning i realtid medan du vaper.<\/td>\n<\/tr>\n<tr>\n<td>Formfaktor<\/td>\n<td align=\"right\">Kompakt, ficka-f\u00e4rdig kropp<\/td>\n<td>Praktiskt f\u00f6r daglig b\u00e4rning och resor.<\/td>\n<\/tr>\n<\/tbody>\n<\/table>\n<p>&nbsp;<\/p>\n<h2 class=\"product-title\"><strong>\u00a0Bang 36000 Smaklista<\/strong><\/h2>\n<p>1. Jordgubb Kiwi<br \/>\n2. Blandade B\u00e4r<br \/>\n3. Bl\u00e5b\u00e4r p\u00e5 Is<br \/>\n4. Druv Is<br \/>\n5. K\u00f6rsb\u00e4rs Is<br \/>\n6. Bl\u00e5b\u00e4r Hallon Lemonad<br \/>\n7. Persiko Is<br \/>\n8. Jordgubb Vattenmelon<br \/>\n9. Persika Mango Vattenmelon<br \/>\n10. Vattenmelon Is<\/p>\n<h3>Varf\u00f6r v\u00e4lja vapestornado f\u00f6r Bang 36k Vape Grossist?<\/h3>\n<div class=\"flex-shrink-0 flex flex-col relative items-end\">\n<div class=\"pt-0\">\n<div class=\"gizmo-bot-avatar flex h-8 w-8 items-center justify-center overflow-hidden rounded-full\">\n<div class=\"relative p-1 rounded-sm flex items-center justify-center bg-token-main-surface-primary text-token-text-primary h-8 w-8\">\n<p>V\u00e4lkommen till vapestornado, din betrodda onlinebutik f\u00f6r premium eng\u00e5ngsvapes. Med mer \u00e4n 5 \u00e5rs expertis erbjuder vi popul\u00e4ra varum\u00e4rken f\u00f6r eng\u00e5ngsvapes som Fumot RandM Vape, Vapme, Bang Vape, Waspe Vape och WGA Vape, m.fl.<\/p>\n<p>V\u00e5rt sortiment inkluderar heta f\u00f6rs\u00e4ljningsvapes som <a href=\"https:\/\/vapestornado.com\/sv\/product\/fumot-randm-tornado-15000-puffs-rechargeable-disposable-vape-wholesale\/\">RandM Tornado 15000<\/a>, och smakrika val som <a href=\"https:\/\/vapestornado.com\/sv\/product\/waspe-40000-puffs-double-flavour-led-display-disposable-vape-wholesale\/\">WASPE Dubbel Smak 40000 Puffs<\/a> . Varje produkt \u00e4r vald med fokus p\u00e5 kvalitet, v\u00e4rde och variation, vilket s\u00e4kerst\u00e4ller att du hittar den perfekta matchningen f\u00f6r dina behov. Uppt\u00e4ck exceptionell service och ett brett utbud av topprodukter hos vapestornado.<\/p>\n<\/div>\n<h3><\/h3>\n<div class=\"relative p-1 rounded-sm flex items-center justify-center bg-token-main-surface-primary text-token-text-primary h-8 w-8\">\n<h3>Vanliga fr\u00e5gor om Bang 36000 Uppladdningsbar Eng\u00e5ngs Vape<\/h3>\n<\/div>\n<\/div>\n<\/div>\n<\/div>\n<div class=\"group\/conversation-turn relative flex w-full min-w-0 flex-col agent-turn\">\n<div class=\"flex-col gap-1 md:gap-3\">\n<div class=\"flex max-w-full flex-col flex-grow\">\n<div class=\"min-h-8 text-message flex w-full flex-col items-end gap-2 whitespace-normal break-words [.text-message+&amp;]:mt-5\" dir=\"auto\" data-message-author-role=\"assistant\" data-message-id=\"db716a1c-9ed0-4b8d-b3b0-7bdb913c3d42\" data-message-model-slug=\"gpt-4o\">\n<div class=\"flex w-full flex-col gap-1 empty:hidden first:pt-[3px]\">\n<div class=\"markdown prose w-full break-words dark:prose-invert light\">\n<div class=\"flex max-w-full flex-col flex-grow\">\n<div class=\"min-h-8 text-message flex w-full flex-col items-end gap-2 whitespace-normal break-words text-start [.text-message+&amp;]:mt-5\" dir=\"auto\" data-message-author-role=\"assistant\" data-message-id=\"2dbf2369-71ab-44c2-8168-31d5a517a1e4\" data-message-model-slug=\"gpt-4o-mini\">\n<div class=\"flex w-full flex-col gap-1 empty:hidden first:pt-[3px]\">\n<div class=\"markdown prose w-full break-words dark:prose-invert light\">\n<article class=\"text-token-text-primary w-full focus:outline-none [--shadow-height:45px] has-data-writing-block:pointer-events-none has-data-writing-block:-mt-(--shadow-height) has-data-writing-block:pt-(--shadow-height) [&amp;:has([data-writing-block])&gt;*]:pointer-events-auto scroll-mt-[calc(var(--header-height)+min(200px,max(70px,20svh)))]\" dir=\"auto\" tabindex=\"-1\" data-turn-id=\"ee759558-2db1-4861-8932-66c87485c242\" data-testid=\"conversation-turn-82\" data-scroll-anchor=\"true\" data-turn=\"assistant\">\n<div class=\"text-base my-auto mx-auto pb-10 [--thread-content-margin:--spacing(4)] @w-sm\/main:[--thread-content-margin:--spacing(6)] @w-lg\/main:[--thread-content-margin:--spacing(16)] px-(--thread-content-margin)\">\n<div class=\"[--thread-content-max-width:40rem] @w-lg\/main:[--thread-content-max-width:48rem] mx-auto max-w-(--thread-content-max-width) flex-1 group\/turn-messages focus-visible:outline-hidden relative flex w-full min-w-0 flex-col agent-turn\" tabindex=\"-1\">\n<div class=\"flex max-w-full flex-col grow\">\n<div class=\"min-h-8 text-message relative flex w-full flex-col items-end gap-2 text-start break-words whitespace-normal [.text-message+&amp;]:mt-1\" dir=\"auto\" data-message-author-role=\"assistant\" data-message-id=\"370325a1-2e03-4ed2-9b16-18960ddf0293\" data-message-model-slug=\"gpt-5-1\">\n<div class=\"flex w-full flex-col gap-1 empty:hidden first:pt-[1px]\">\n<div class=\"markdown prose dark:prose-invert w-full break-words light markdown-new-styling\">\n<p data-start=\"0\" data-end=\"139\">\n<ol data-start=\"141\" data-end=\"1633\">\n<li data-start=\"141\" data-end=\"427\">\n<p data-start=\"144\" data-end=\"427\"><strong data-start=\"144\" data-end=\"221\">\u00c4r Bang 36000 Smart Disposable Vape l\u00e4mplig f\u00f6r MTL eller en l\u00f6sare dragning<\/strong><br data-start=\"221\" data-end=\"224\" \/>Ja. Den <strong data-start=\"233\" data-end=\"269\" data-is-only-node=\"\">Bang 36000 Smart Eng\u00e5ngs Vape<\/strong> har justerbar luftfl\u00f6de, s\u00e5 den kan st\u00e4llas in f\u00f6r ett t\u00e4tare MTL-stildrag eller \u00f6ppnas upp f\u00f6r ett l\u00f6sare inandning. Detta hj\u00e4lper f\u00f6re detta r\u00f6kare att matcha den dragk\u00e4nsla de \u00e4r vana vid.<\/p>\n<\/li>\n<li data-start=\"429\" data-end=\"754\">\n<p data-start=\"432\" data-end=\"754\"><strong data-start=\"432\" data-end=\"517\">Kan Bang King 36K anv\u00e4ndas till sista droppen utan att prestandan f\u00f6rs\u00e4mras<\/strong><br data-start=\"517\" data-end=\"520\" \/>Den <strong data-start=\"524\" data-end=\"552\" data-is-only-node=\"\">Bang King 36K eng\u00e5ngsprodukt<\/strong> anv\u00e4nder en 0,6\u03a9 mesh-spole och uppladdningsbart batteri. Meshuppv\u00e4rmning h\u00e5ller utg\u00e5ngen mer stabil \u00f6ver en stor tank, och uppladdning f\u00f6rhindrar tidig batterist\u00e4ngning, s\u00e5 prestandan f\u00f6rblir mer konsekvent l\u00e5ngt in i anv\u00e4ndningen.<\/p>\n<\/li>\n<li data-start=\"756\" data-end=\"1035\">\n<p data-start=\"759\" data-end=\"1035\"><strong data-start=\"759\" data-end=\"839\">Varf\u00f6r k\u00e4nns min Bang 36 000 puff eng\u00e5ngsprodukt ibland svagare efter uppladdning<\/strong><br data-start=\"839\" data-end=\"842\" \/>Direkt efter uppladdning kan luftfl\u00f6dets kondensering g\u00f6ra de f\u00f6rsta dragningarna n\u00e5got mjukare. Ta ett par korta drag och det brukar klarna. Om det f\u00f6rblir svagt, kontrollera att luftfl\u00f6det inte \u00e4r inst\u00e4llt f\u00f6r h\u00e5rt.<\/p>\n<\/li>\n<li data-start=\"1037\" data-end=\"1313\">\n<p data-start=\"1040\" data-end=\"1313\"><strong data-start=\"1040\" data-end=\"1120\">Kommer Bang 36000 Smart Disposable med blandade smaker f\u00f6r bulkbest\u00e4llningar<\/strong><br data-start=\"1120\" data-end=\"1123\" \/>De flesta grossister till\u00e5ter blandade smakkartonger f\u00f6r <strong data-start=\"1175\" data-end=\"1206\" data-is-only-node=\"\">Bang 36000 Smart Disposable<\/strong> linjen. Med 12 tillg\u00e4ngliga smaker, blandar butiker ofta b\u00e4sts\u00e4ljare med n\u00e5gra regionala favoriter f\u00f6r att testa efterfr\u00e5gan.<\/p>\n<\/li>\n<li data-start=\"1315\" data-end=\"1633\">\n<p data-start=\"1318\" data-end=\"1633\"><strong data-start=\"1318\" data-end=\"1399\">Hur ska jag f\u00f6rvara Bang 36K Smart Disposable f\u00f6r att undvika l\u00e4ckage eller torra hits<\/strong><br data-start=\"1399\" data-end=\"1402\" \/>F\u00f6rvara <strong data-start=\"1412\" data-end=\"1446\" data-is-only-node=\"\">Bang 36K Smart Disposable Vape<\/strong> upr\u00e4tt n\u00e4r det \u00e4r m\u00f6jligt och h\u00e5ll den borta fr\u00e5n varma bilar eller frysl\u00e4gen. Extrem temperaturv\u00e4xling kan orsaka kondens eller tunnare e-juice, vilket \u00e4r den vanliga orsaken till mindre l\u00e4ckage.<\/p>\n<\/li>\n<\/ol>\n<\/div>\n<\/div>\n<\/div>\n<\/div>\n<\/div>\n<\/div>\n<\/article>\n<\/div>\n<\/div>\n<\/div>\n<\/div>\n<\/div>\n<\/div>\n<\/div>\n<\/div>\n<\/div>\n<\/div>","protected":false},"excerpt":{"rendered":"<p>Bang 36000 Smart Eng\u00e5ngsvape \u2014 36K Puffs Byggd f\u00f6r L\u00e5ng Daglig Anv\u00e4ndning<br \/>\nBang 36K Mesh Coil och Justerbar Luftfl\u00f6de f\u00f6r Mjuk, Tjock \u00c5nga<br \/>\nBang 36000 Smart Eng\u00e5ngsvape med LED-sk\u00e4rm och Typ-C Uppladdningsbar Batteri<\/p>\n<p><strong>L\u00e4gg till Amys whatsapp f\u00f6r snabbt svar och vape-kupong!<\/strong><\/p>\n<p><img fetchpriority=\"high\" decoding=\"async\" class=\"size-full wp-image-2932\" src=\"https:\/\/vapestornado.com\/wp-content\/uploads\/2024\/12\/Vape-Wholesale.jpg\" alt=\"Vape Partihandel\" width=\"229\" height=\"300\" \/><\/p>\n<h3><a href=\"https:\/\/wa.me\/8617776015835\"><span style=\"color: #ff0000;\"><strong>WhatsApp: +86 17776015835<\/strong><\/span><\/a><\/h3>\n<p>&nbsp;<\/p>","protected":false},"featured_media":3006,"comment_status":"open","ping_status":"closed","template":"","meta":{"_acf_changed":false,"_uag_custom_page_level_css":"","_lmt_disableupdate":"no","_lmt_disable":"","_monsterinsights_skip_tracking":false,"_monsterinsights_sitenote_active":false,"_monsterinsights_sitenote_note":"","_monsterinsights_sitenote_category":0,"site-sidebar-layout":"default","site-content-layout":"","ast-site-content-layout":"default","site-content-style":"default","site-sidebar-style":"default","ast-global-header-display":"","ast-banner-title-visibility":"","ast-main-header-display":"","ast-hfb-above-header-display":"","ast-hfb-below-header-display":"","ast-hfb-mobile-header-display":"","site-post-title":"","ast-breadcrumbs-content":"","ast-featured-img":"","footer-sml-layout":"","ast-disable-related-posts":"","theme-transparent-header-meta":"default","adv-header-id-meta":"","stick-header-meta":"","header-above-stick-meta":"","header-main-stick-meta":"","header-below-stick-meta":"","astra-migrate-meta-layouts":"set","ast-page-background-enabled":"default","ast-page-background-meta":{"desktop":{"background-color":"","background-image":"","background-repeat":"repeat","background-position":"center center","background-size":"auto","background-attachment":"scroll","background-type":"","background-media":"","overlay-type":"","overlay-color":"","overlay-opacity":"","overlay-gradient":""},"tablet":{"background-color":"","background-image":"","background-repeat":"repeat","background-position":"center center","background-size":"auto","background-attachment":"scroll","background-type":"","background-media":"","overlay-type":"","overlay-color":"","overlay-opacity":"","overlay-gradient":""},"mobile":{"background-color":"","background-image":"","background-repeat":"repeat","background-position":"center center","background-size":"auto","background-attachment":"scroll","background-type":"","background-media":"","overlay-type":"","overlay-color":"","overlay-opacity":"","overlay-gradient":""}},"ast-content-background-meta":{"desktop":{"background-color":"var(--ast-global-color-5)","background-image":"","background-repeat":"repeat","background-position":"center center","background-size":"auto","background-attachment":"scroll","background-type":"","background-media":"","overlay-type":"","overlay-color":"","overlay-opacity":"","overlay-gradient":""},"tablet":{"background-color":"var(--ast-global-color-5)","background-image":"","background-repeat":"repeat","background-position":"center center","background-size":"auto","background-attachment":"scroll","background-type":"","background-media":"","overlay-type":"","overlay-color":"","overlay-opacity":"","overlay-gradient":""},"mobile":{"background-color":"var(--ast-global-color-5)","background-image":"","background-repeat":"repeat","background-position":"center center","background-size":"auto","background-attachment":"scroll","background-type":"","background-media":"","overlay-type":"","overlay-color":"","overlay-opacity":"","overlay-gradient":""}},"_joinchat":{"telephone":"+8617776015835"}},"product_brand":[],"product_cat":[66,62,149,154,160,146],"product_tag":[109,108,110,105,93],"class_list":{"0":"post-3021","1":"product","2":"type-product","3":"status-publish","4":"has-post-thumbnail","6":"product_cat-36000-puff","7":"product_cat-bang-vape","8":"product_cat-buy-disposable-vapes-in-austria","9":"product_cat-buy-disposable-vapes-in-netherlands","10":"product_cat-buy-disposable-vapes-in-switzerland","11":"product_cat-rechargeable-disposable-vapes","12":"product_tag-bang-36000","13":"product_tag-bang-vape-36000","14":"product_tag-bang-vape-36k","15":"product_tag-digital-disposable-vape","16":"product_tag-vape-wholesale","17":"desktop-align-left","18":"tablet-align-left","19":"mobile-align-left","21":"first","22":"instock","23":"sale","24":"shipping-taxable","25":"purchasable","26":"product-type-simple"},"acf":[],"uagb_featured_image_src":{"full":["https:\/\/vapestornado.com\/wp-content\/uploads\/2024\/12\/Bang-36000-Puffs-Disposable-Vape-Wholesale-Price.jpg",1126,1126,false],"thumbnail":["https:\/\/vapestornado.com\/wp-content\/uploads\/2024\/12\/Bang-36000-Puffs-Disposable-Vape-Wholesale-Price-150x150.jpg",150,150,true],"medium":["https:\/\/vapestornado.com\/wp-content\/uploads\/2024\/12\/Bang-36000-Puffs-Disposable-Vape-Wholesale-Price-300x300.jpg",300,300,true],"medium_large":["https:\/\/vapestornado.com\/wp-content\/uploads\/2024\/12\/Bang-36000-Puffs-Disposable-Vape-Wholesale-Price-768x768.jpg",768,768,true],"large":["https:\/\/vapestornado.com\/wp-content\/uploads\/2024\/12\/Bang-36000-Puffs-Disposable-Vape-Wholesale-Price-1024x1024.jpg",1024,1024,true],"1536x1536":["https:\/\/vapestornado.com\/wp-content\/uploads\/2024\/12\/Bang-36000-Puffs-Disposable-Vape-Wholesale-Price.jpg",1126,1126,false],"2048x2048":["https:\/\/vapestornado.com\/wp-content\/uploads\/2024\/12\/Bang-36000-Puffs-Disposable-Vape-Wholesale-Price.jpg",1126,1126,false],"trp-custom-language-flag":["https:\/\/vapestornado.com\/wp-content\/uploads\/2024\/12\/Bang-36000-Puffs-Disposable-Vape-Wholesale-Price.jpg",12,12,false],"woocommerce_thumbnail":["https:\/\/vapestornado.com\/wp-content\/uploads\/2024\/12\/Bang-36000-Puffs-Disposable-Vape-Wholesale-Price-300x300.jpg",300,300,true],"woocommerce_single":["https:\/\/vapestornado.com\/wp-content\/uploads\/2024\/12\/Bang-36000-Puffs-Disposable-Vape-Wholesale-Price-600x600.jpg",600,600,true],"woocommerce_gallery_thumbnail":["https:\/\/vapestornado.com\/wp-content\/uploads\/2024\/12\/Bang-36000-Puffs-Disposable-Vape-Wholesale-Price-100x100.jpg",100,100,true]},"uagb_author_info":{"display_name":"ESAMY","author_link":"https:\/\/vapestornado.com\/sv\/author\/"},"uagb_comment_info":0,"uagb_excerpt":"Bang 36000 Smart Disposable Vape \u2014 36K Puffs Built for Long Daily Use Bang 36K Mesh Coil and Adjustable Airflow for Smooth, Dense Vapor Bang 36000 Smart Disposable with LED Screen and Type-C Rechargeable Power Add Amy's whatsapp to get right reply and vape vape coupon! WhatsApp: +86 17776015835 &nbsp;","_links":{"self":[{"href":"https:\/\/vapestornado.com\/sv\/wp-json\/wp\/v2\/product\/3021","targetHints":{"allow":["GET"]}}],"collection":[{"href":"https:\/\/vapestornado.com\/sv\/wp-json\/wp\/v2\/product"}],"about":[{"href":"https:\/\/vapestornado.com\/sv\/wp-json\/wp\/v2\/types\/product"}],"replies":[{"embeddable":true,"href":"https:\/\/vapestornado.com\/sv\/wp-json\/wp\/v2\/comments?post=3021"}],"wp:featuredmedia":[{"embeddable":true,"href":"https:\/\/vapestornado.com\/sv\/wp-json\/wp\/v2\/media\/3006"}],"wp:attachment":[{"href":"https:\/\/vapestornado.com\/sv\/wp-json\/wp\/v2\/media?parent=3021"}],"wp:term":[{"taxonomy":"product_brand","embeddable":true,"href":"https:\/\/vapestornado.com\/sv\/wp-json\/wp\/v2\/product_brand?post=3021"},{"taxonomy":"product_cat","embeddable":true,"href":"https:\/\/vapestornado.com\/sv\/wp-json\/wp\/v2\/product_cat?post=3021"},{"taxonomy":"product_tag","embeddable":true,"href":"https:\/\/vapestornado.com\/sv\/wp-json\/wp\/v2\/product_tag?post=3021"}],"curies":[{"name":"wp","href":"https:\/\/api.w.org\/{rel}","templated":true}]}}