{"id":3020,"date":"2024-12-09T09:13:52","date_gmt":"2024-12-09T09:13:52","guid":{"rendered":"https:\/\/vapestornado.com\/?post_type=product&#038;p=3020"},"modified":"2025-08-23T10:17:17","modified_gmt":"2025-08-23T10:17:17","slug":"vapme-uwin-crystal-10000-puff-vape-pen-cheap-price-2-5-nicotine","status":"publish","type":"product","link":"https:\/\/vapestornado.com\/sv\/product\/vapme-uwin-crystal-10000-puff-vape-pen-cheap-price-2-5-nicotine\/","title":{"rendered":"Vapme UWIN Crystal 10000 PUFF Vape Pen Billigt Pris 2% 5% Nikotin"},"content":{"rendered":"<h1>Vapme UWIN Crystal 10000 PUFF Vape Pen Billigt Pris 2% 5% Nikotin<\/h1>\n<p data-start=\"391\" data-end=\"692\">Den <strong data-start=\"395\" data-end=\"439\">UWIN Crystal 10000 Puff Eng\u00e5ngs Vape<\/strong> kombinerar kapacitet, design och p\u00e5litlig prestanda, vilket g\u00f6r den till ett starkt val f\u00f6r <strong data-start=\"523\" data-end=\"562\">grossister och \u00e5terf\u00f6rs\u00e4ljare i Europa<\/strong>. Med upp till <strong data-start=\"575\" data-end=\"591\">10 000 bloss<\/strong> och ett <strong data-start=\"599\" data-end=\"632\">18 ml f\u00f6rfylld e-v\u00e4tskebeh\u00e5llare<\/strong>erbjuder den l\u00e4ngre anv\u00e4ndning j\u00e4mf\u00f6rt med vanliga eng\u00e5ngsprodukter.<\/p>\n<p data-start=\"694\" data-end=\"952\">Drivs av ett <strong data-start=\"707\" data-end=\"738\">650mAh uppladdningsbart batteri<\/strong> med <strong data-start=\"744\" data-end=\"768\">Typ-C snabbladdning<\/strong>s\u00e4kerst\u00e4ller UWIN 10K j\u00e4mn effekt och minskad stillest\u00e5ndstid. Dess <strong data-start=\"831\" data-end=\"849\">0.8\u03a9 mesh-coil<\/strong> ger j\u00e4mn \u00e5ngproduktion och konsekvent smaks\u00e4ttning, vilket tilltalar ett brett spektrum av anv\u00e4ndare.<\/p>\n<p data-start=\"954\" data-end=\"1246\">Med en <strong data-start=\"966\" data-end=\"994\">transparenta kristallkropp<\/strong> med <strong data-start=\"1000\" data-end=\"1016\">RGB-belysning<\/strong>denna vape sticker ut p\u00e5 butikshyllorna samtidigt som den f\u00f6rblir kompakt och l\u00e4tt att b\u00e4ra. Finns i <strong data-start=\"1112\" data-end=\"1144\">2% och 5% nikotinstyrkor<\/strong>, den <strong data-start=\"1150\" data-end=\"1177\">UWIN Crystal 10000 Vape<\/strong> tillgodoser olika kunders behov, fr\u00e5n tillf\u00e4lliga till regelbundna vejpare.<\/p>\n<p data-start=\"1248\" data-end=\"1373\">F\u00f6r grossister g\u00f6r dess <strong data-start=\"1269\" data-end=\"1297\">konkurrenskraftiga bulkpriser<\/strong> och starka konsumentattraktion den till en l\u00f6nsam produkt att lagerf\u00f6ra under 2025.<\/p>\n<p><img fetchpriority=\"high\" decoding=\"async\" class=\"size-medium wp-image-2951\" src=\"https:\/\/vapestornado.com\/wp-content\/uploads\/2024\/12\/Wholesale-Disposable-Vape-265x300.jpg\" alt=\"Grossist Eng\u00e5ngs Vape\" width=\"265\" height=\"300\" srcset=\"https:\/\/vapestornado.com\/wp-content\/uploads\/2024\/12\/Wholesale-Disposable-Vape-265x300.jpg 265w, https:\/\/vapestornado.com\/wp-content\/uploads\/2024\/12\/Wholesale-Disposable-Vape-768x871.jpg 768w, https:\/\/vapestornado.com\/wp-content\/uploads\/2024\/12\/Wholesale-Disposable-Vape-600x680.jpg 600w, https:\/\/vapestornado.com\/wp-content\/uploads\/2024\/12\/Wholesale-Disposable-Vape.jpg 823w\" sizes=\"(max-width: 265px) 100vw, 265px\" \/><\/p>\n<h6>V\u00e4nligen kontakta Mandys WhatsApp f\u00f6r rabatterat pris<a href=\"https:\/\/wa.me\/8618077105796\" target=\"_blank\" rel=\"noopener\">+8618077105796<\/a><\/h6>\n<p>&nbsp;<\/p>\n<h2><strong>Uwin Crystal 10000 Puffs vape pods Nyckelfunktioner<\/strong><\/h2>\n<ul>\n<li><strong>Upp till 10000 bloss<\/strong>: L\u00e5ngvarig prestanda f\u00f6r ut\u00f6kad anv\u00e4ndning.<\/li>\n<li><strong>Flera nikotinstyrkor<\/strong>: Tillg\u00e4nglig i 0%, 2%, 3% och 5% nikotinalternativ.<\/li>\n<li><strong>18ml e-v\u00e4tskekapacitet<\/strong>: Stor beh\u00e5llare f\u00f6r f\u00e4rre p\u00e5fyllningar.<\/li>\n<li><strong>650mAh Uppladdningsbart Batteri<\/strong>: Snabb Type-C-laddning f\u00f6r snabba uppladdningar.<\/li>\n<li><strong>0,8\u03a9 Mesh Coil<\/strong>: F\u00f6rb\u00e4ttrad smak- och \u00e5ngproduktion.<\/li>\n<li><strong>RGB-lampor<\/strong>: Dynamisk belysning f\u00f6r ett modernt utseende.<\/li>\n<li><strong>Massk\u00f6p<\/strong>: Grossistalternativ med 200 enheter per kartong.<\/li>\n<li><strong>B\u00e4rbar och l\u00e4tt<\/strong>: L\u00e4tt att b\u00e4ra och idealisk f\u00f6r b\u00e5de nyb\u00f6rjare och erfarna vapers.<\/li>\n<\/ul>\n<h2><strong>Ett brett utbud av smaker<\/strong><\/h2>\n<p>Uwin Crystal 10000 Puffs har ett noggrant utvalt sortiment av 15 distinkta smaker, utformade f\u00f6r att tillfredsst\u00e4lla varje smak. Oavsett om du f\u00f6redrar s\u00f6ta, fruktiga blandningar eller kylande mentoler, finns det en smak som passar alla preferenser. H\u00e4r \u00e4r en n\u00e4rmare titt p\u00e5 de tillg\u00e4ngliga alternativen:<\/p>\n<p>1.Bl\u00e5b\u00e4r Hallon<br \/>\n2. Druvglass<br \/>\n3. Jordgubb Vattenmelon<br \/>\n4. Bl\u00e5b\u00e4r p\u00e5 is<br \/>\n5. Vattenmelon is<br \/>\n6. K\u00f6rb\u00e4r p\u00e5 is<br \/>\n7. Jordgubbar, hallon och k\u00f6rb\u00e4r<br \/>\n8. Kiwi passionsfrukt guava<br \/>\n9.Jordgubbsis<br \/>\n10. Persika p\u00e5 is<br \/>\n11. Jordgubbar och kiwi<br \/>\n12. Persika b\u00e4r<br \/>\n13. K\u00f6rb\u00e4r cola<br \/>\n14. Blandade b\u00e4r<br \/>\n15. Herr bl\u00e5<\/p>\n<h3><strong>Varf\u00f6r v\u00e4lja <a href=\"https:\/\/vapestornado.com\/sv\/product\/vapme-uwin-crystal-10000-puff-vape-pen-cheap-price-2-5-nicotine\/\">Uwin Kristall 10000 Puffs<\/a> fr\u00e5n <a href=\"https:\/\/vapestornado.com\/sv\/store\/\">vapestornado.se<\/a>?<\/strong><\/h3>\n<ul>\n<li><strong>Premiumkvalitet<\/strong>: Uwin Crystal 10000 Puffs erbjuder exceptionell prestanda med avancerad mesh coil-teknologi, vilket s\u00e4kerst\u00e4ller j\u00e4mn smak och t\u00e4t \u00e5nga vid varje puff.<\/li>\n<li><strong>L\u00e5ngvarig<\/strong>: Med upp till 10 000 bloss och en stor e-v\u00e4tskekapacitet p\u00e5 18 ml, ger denna enhet ut\u00f6kad anv\u00e4ndning, vilket g\u00f6r den till ett kostnadseffektivt alternativ f\u00f6r b\u00e5de tillf\u00e4lliga och regelbundna vapers.<\/li>\n<li><strong>Anpassningsbara Nikotinniv\u00e5er<\/strong>: Finns i 0%, 2%, 3% och 5% nikotinstyrkor, vilket tillgodoser ett brett spektrum av preferenser.<\/li>\n<li><strong>Snabbladdning<\/strong>: Det uppladdningsbara 650mAh-batteriet med Type-C-laddning s\u00e4kerst\u00e4ller snabba och p\u00e5litliga laddningar, s\u00e5 att du kan vejpa l\u00e4ngre.<\/li>\n<li><strong>Elegant och Stilren<\/strong>: Den transparenta designen med livfulla RGB-ljus f\u00f6rb\u00e4ttrar inte bara estetiken utan g\u00f6r den ocks\u00e5 till en enast\u00e5ende accessoar.<\/li>\n<li><strong>Bekv\u00e4mlighet<\/strong>: Enkel att b\u00e4ra med sig och redo att anv\u00e4ndas, perfekt f\u00f6r vaping n\u00e4r du \u00e4r p\u00e5 spr\u00e5ng.<\/li>\n<li><strong>Konkurrenskraftig Priss\u00e4ttning<\/strong>: vapestornado erbjuder Uwin Crystal 10000 Puffs till ett oslagbart pris, med alternativ f\u00f6r bulkk\u00f6p f\u00f6r grossister.<\/li>\n<li><strong>P\u00e5litlig Service<\/strong>: Njut av snabb frakt, utm\u00e4rkt kundsupport och en problemfri shoppingupplevelse p\u00e5 vapestornado.com.<\/li>\n<\/ul>\n<p>&nbsp;<\/p>\n<h3><strong>F\u00f6rdelar med bulkk\u00f6p fr\u00e5n vapestornado.com<\/strong><\/h3>\n<ul>\n<li><strong>Kostnadsbesparingar<\/strong>: Att k\u00f6pa i bulk s\u00e4nker kostnaden per enhet, vilket \u00f6kar din totala l\u00f6nsamhet.<\/li>\n<li><strong>Konsekvent Tillg\u00e4nglighet<\/strong>: H\u00e5ll ett p\u00e5litligt lager f\u00f6r att m\u00f6ta kundernas efterfr\u00e5gan utan avbrott, perfekt f\u00f6r att bibeh\u00e5lla aff\u00e4rsfl\u00f6det.<\/li>\n<li><strong>Flexibla best\u00e4llningar<\/strong>: Anpassa ditt bulkk\u00f6p med en m\u00e4ngd olika smaker och nikotinstyrkor f\u00f6r att tillgodose din kundbas.<\/li>\n<li><strong>Exklusiva grossistrabatter<\/strong>: Njut av specialpriser p\u00e5 bulkbest\u00e4llningar, vilket s\u00e4kerst\u00e4ller att du f\u00e5r det b\u00e4sta v\u00e4rdet p\u00e5 premiumprodukter.<\/li>\n<\/ul>\n<div class=\"flex-shrink-0 flex flex-col relative items-end\">\n<div>\n<div class=\"pt-0\">\n<div class=\"gizmo-bot-avatar flex h-8 w-8 items-center justify-center overflow-hidden rounded-full\">\n<div class=\"relative p-1 rounded-sm flex items-center justify-center bg-token-main-surface-primary text-token-text-primary h-8 w-8\"><\/div>\n<\/div>\n<\/div>\n<\/div>\n<\/div>\n<div class=\"group\/conversation-turn relative flex w-full min-w-0 flex-col agent-turn\">\n<div class=\"flex-col gap-1 md:gap-3\">\n<div class=\"flex max-w-full flex-col flex-grow\">\n<div class=\"min-h-8 text-message flex w-full flex-col items-end gap-2 whitespace-normal break-words text-start [.text-message+&amp;]:mt-5\" dir=\"auto\" data-message-author-role=\"assistant\" data-message-id=\"782e374d-2cea-4922-b41d-46c77a1b831e\" data-message-model-slug=\"gpt-4o\">\n<div class=\"flex w-full flex-col gap-1 empty:hidden first:pt-[3px]\">\n<div class=\"markdown prose w-full break-words dark:prose-invert light\">\n<h3><strong>Vanliga fr\u00e5gor om Uwin Crystal 10000 Puffs uppladdningsbar vape<\/strong><\/h3>\n<\/div>\n<\/div>\n<\/div>\n<\/div>\n<\/div>\n<\/div>\n<div class=\"flex max-w-full flex-col flex-grow\">\n<div class=\"min-h-8 text-message flex w-full flex-col items-end gap-2 whitespace-normal break-words text-start [.text-message+&amp;]:mt-5\" dir=\"auto\" data-message-author-role=\"assistant\" data-message-id=\"782e374d-2cea-4922-b41d-46c77a1b831e\" data-message-model-slug=\"gpt-4o\">\n<div class=\"flex w-full flex-col gap-1 empty:hidden first:pt-[3px]\">\n<div class=\"markdown prose w-full break-words dark:prose-invert light\">\n<ol>\n<li><strong>Hur l\u00e4nge r\u00e4cker Uwin Crystal Vape 10000 Puffs?<\/strong><br \/>\nMed upp till 10 000 bloss \u00e4r denna enhet utformad f\u00f6r att h\u00e5lla i flera dagar eller till och med veckor, beroende p\u00e5 anv\u00e4ndningsvanor.<\/li>\n<li><strong>\u00c4r Uwin Crystal 10k Puffs uppladdningsbar?<\/strong><br \/>\nJa, den har ett 650mAh uppladdningsbart batteri med Type-C-laddning f\u00f6r snabba och effektiva laddningar.<\/li>\n<li><strong>Vilka nikotinstyrkor finns tillg\u00e4ngliga f\u00f6r Uwin Crystal 10000 Puffs?<\/strong><br \/>\nDenna enhet finns i 0%, 2%, 3% och 5% nikotinniv\u00e5er, vilket ger alternativ som passar olika preferenser.<\/li>\n<li><strong>Vad g\u00f6r Uwin Crystal 10000 Puff unik?<\/strong><br \/>\nUwin Crystal utm\u00e4rker sig med sin 18 ml e-v\u00e4tskekapacitet, avancerade 0,8\u03a9 mesh coil f\u00f6r f\u00f6rb\u00e4ttrad smak, elegant kristallklar design och dynamisk RGB-belysning.<\/li>\n<li><strong>Kan jag k\u00f6pa Uwin Crystal 10000 Puffs i bulk?<\/strong><br \/>\nJa, vapestornado erbjuder grossistalternativ med 200 enheter per kartong, perfekt f\u00f6r \u00e5terf\u00f6rs\u00e4ljare eller f\u00f6retag.<\/li>\n<li><strong>\u00c4r Uwin Crystal 10000 Puffs Disposable Vape nyb\u00f6rjarv\u00e4nlig?<\/strong><br \/>\nAbsolut! Dess anv\u00e4ndarv\u00e4nliga, dragaktiverade design g\u00f6r den perfekt f\u00f6r b\u00e5de nya och erfarna vejpare.<\/li>\n<\/ol>\n<\/div>\n<\/div>\n<\/div>\n<\/div>\n<div class=\"mb-2 flex gap-3 empty:hidden -ml-2\">\n<div class=\"items-center justify-start rounded-xl p-1 flex\"><\/div>\n<\/div>","protected":false},"excerpt":{"rendered":"<p>UWIN Crystal 10000 Puffs uppladdningsbar vape erbjuder l\u00e5ngvarig prestanda, levande design och premiumsmak med avancerad vapingteknik.<\/p>\n<figure id=\"attachment_2951\" aria-describedby=\"caption-attachment-2951\" style=\"width: 265px\" class=\"wp-caption alignnone\"><img fetchpriority=\"high\" decoding=\"async\" class=\"size-medium wp-image-2951\" src=\"https:\/\/vapestornado.com\/wp-content\/uploads\/2024\/12\/Wholesale-Disposable-Vape-265x300.jpg\" alt=\"Grossist Eng\u00e5ngs Vape\" width=\"265\" height=\"300\" srcset=\"https:\/\/vapestornado.com\/wp-content\/uploads\/2024\/12\/Wholesale-Disposable-Vape-265x300.jpg 265w, https:\/\/vapestornado.com\/wp-content\/uploads\/2024\/12\/Wholesale-Disposable-Vape-768x871.jpg 768w, https:\/\/vapestornado.com\/wp-content\/uploads\/2024\/12\/Wholesale-Disposable-Vape-600x680.jpg 600w, https:\/\/vapestornado.com\/wp-content\/uploads\/2024\/12\/Wholesale-Disposable-Vape.jpg 823w\" sizes=\"(max-width: 265px) 100vw, 265px\" \/><figcaption id=\"caption-attachment-2951\" class=\"wp-caption-text\">Kontakta Mandy f\u00f6r rabatterat pris<a href=\"https:\/\/wa.me\/8618077105796\">+86 18077105796<\/a><\/figcaption><\/figure>\n<p>&nbsp;<\/p>","protected":false},"featured_media":3009,"comment_status":"open","ping_status":"closed","template":"","meta":{"_acf_changed":false,"_uag_custom_page_level_css":"","_lmt_disableupdate":"no","_lmt_disable":"","_monsterinsights_skip_tracking":false,"_monsterinsights_sitenote_active":false,"_monsterinsights_sitenote_note":"","_monsterinsights_sitenote_category":0,"site-sidebar-layout":"default","site-content-layout":"","ast-site-content-layout":"default","site-content-style":"default","site-sidebar-style":"default","ast-global-header-display":"","ast-banner-title-visibility":"","ast-main-header-display":"","ast-hfb-above-header-display":"","ast-hfb-below-header-display":"","ast-hfb-mobile-header-display":"","site-post-title":"","ast-breadcrumbs-content":"","ast-featured-img":"","footer-sml-layout":"","ast-disable-related-posts":"","theme-transparent-header-meta":"default","adv-header-id-meta":"","stick-header-meta":"","header-above-stick-meta":"","header-main-stick-meta":"","header-below-stick-meta":"","astra-migrate-meta-layouts":"set","ast-page-background-enabled":"default","ast-page-background-meta":{"desktop":{"background-color":"","background-image":"","background-repeat":"repeat","background-position":"center center","background-size":"auto","background-attachment":"scroll","background-type":"","background-media":"","overlay-type":"","overlay-color":"","overlay-opacity":"","overlay-gradient":""},"tablet":{"background-color":"","background-image":"","background-repeat":"repeat","background-position":"center center","background-size":"auto","background-attachment":"scroll","background-type":"","background-media":"","overlay-type":"","overlay-color":"","overlay-opacity":"","overlay-gradient":""},"mobile":{"background-color":"","background-image":"","background-repeat":"repeat","background-position":"center center","background-size":"auto","background-attachment":"scroll","background-type":"","background-media":"","overlay-type":"","overlay-color":"","overlay-opacity":"","overlay-gradient":""}},"ast-content-background-meta":{"desktop":{"background-color":"var(--ast-global-color-5)","background-image":"","background-repeat":"repeat","background-position":"center center","background-size":"auto","background-attachment":"scroll","background-type":"","background-media":"","overlay-type":"","overlay-color":"","overlay-opacity":"","overlay-gradient":""},"tablet":{"background-color":"var(--ast-global-color-5)","background-image":"","background-repeat":"repeat","background-position":"center center","background-size":"auto","background-attachment":"scroll","background-type":"","background-media":"","overlay-type":"","overlay-color":"","overlay-opacity":"","overlay-gradient":""},"mobile":{"background-color":"var(--ast-global-color-5)","background-image":"","background-repeat":"repeat","background-position":"center center","background-size":"auto","background-attachment":"scroll","background-type":"","background-media":"","overlay-type":"","overlay-color":"","overlay-opacity":"","overlay-gradient":""}},"_joinchat":{"telephone":"+8618077105796"}},"product_brand":[],"product_cat":[106,140,149,150,153,155,158,141,233],"product_tag":[97,107],"class_list":{"0":"post-3020","1":"product","2":"type-product","3":"status-publish","4":"has-post-thumbnail","6":"product_cat-10000-puff","7":"product_cat-big-puffs-disposable-vapes","8":"product_cat-buy-disposable-vapes-in-austria","9":"product_cat-buy-disposable-vapes-in-belgium","10":"product_cat-buy-disposable-vapes-in-italy","11":"product_cat-buy-disposable-vapes-in-norway","12":"product_cat-buy-disposable-vapes-in-spain","13":"product_cat-crystal-disposable-vapes","14":"product_cat-uwin-vape","15":"product_tag-hot-sale-disposable-vape","16":"product_tag-uwin-crystal-10000-puffs","17":"desktop-align-left","18":"tablet-align-left","19":"mobile-align-left","21":"first","22":"instock","23":"sale","24":"shipping-taxable","25":"purchasable","26":"product-type-simple"},"acf":[],"uagb_featured_image_src":{"full":["https:\/\/vapestornado.com\/wp-content\/uploads\/2024\/12\/UWIN-Crystal-10000-Puffs-Vape-Pen-cherry-cola.jpg",800,800,false],"thumbnail":["https:\/\/vapestornado.com\/wp-content\/uploads\/2024\/12\/UWIN-Crystal-10000-Puffs-Vape-Pen-cherry-cola-150x150.jpg",150,150,true],"medium":["https:\/\/vapestornado.com\/wp-content\/uploads\/2024\/12\/UWIN-Crystal-10000-Puffs-Vape-Pen-cherry-cola-300x300.jpg",300,300,true],"medium_large":["https:\/\/vapestornado.com\/wp-content\/uploads\/2024\/12\/UWIN-Crystal-10000-Puffs-Vape-Pen-cherry-cola-768x768.jpg",768,768,true],"large":["https:\/\/vapestornado.com\/wp-content\/uploads\/2024\/12\/UWIN-Crystal-10000-Puffs-Vape-Pen-cherry-cola.jpg",800,800,false],"1536x1536":["https:\/\/vapestornado.com\/wp-content\/uploads\/2024\/12\/UWIN-Crystal-10000-Puffs-Vape-Pen-cherry-cola.jpg",800,800,false],"2048x2048":["https:\/\/vapestornado.com\/wp-content\/uploads\/2024\/12\/UWIN-Crystal-10000-Puffs-Vape-Pen-cherry-cola.jpg",800,800,false],"trp-custom-language-flag":["https:\/\/vapestornado.com\/wp-content\/uploads\/2024\/12\/UWIN-Crystal-10000-Puffs-Vape-Pen-cherry-cola.jpg",12,12,false],"woocommerce_thumbnail":["https:\/\/vapestornado.com\/wp-content\/uploads\/2024\/12\/UWIN-Crystal-10000-Puffs-Vape-Pen-cherry-cola-300x300.jpg",300,300,true],"woocommerce_single":["https:\/\/vapestornado.com\/wp-content\/uploads\/2024\/12\/UWIN-Crystal-10000-Puffs-Vape-Pen-cherry-cola-600x600.jpg",600,600,true],"woocommerce_gallery_thumbnail":["https:\/\/vapestornado.com\/wp-content\/uploads\/2024\/12\/UWIN-Crystal-10000-Puffs-Vape-Pen-cherry-cola-100x100.jpg",100,100,true]},"uagb_author_info":{"display_name":"ESMANDY","author_link":"https:\/\/vapestornado.com\/sv\/author\/"},"uagb_comment_info":0,"uagb_excerpt":"UWIN Crystal 10000 Puffs Rechargeable vape offers long-lasting performance, vibrant design, and premium flavor with advanced vaping technology. [caption id=\"attachment_2951\" align=\"alignnone\" width=\"265\"] Contact Mandy For Discount Price+86 18077105796[\/caption] &nbsp;","_links":{"self":[{"href":"https:\/\/vapestornado.com\/sv\/wp-json\/wp\/v2\/product\/3020","targetHints":{"allow":["GET"]}}],"collection":[{"href":"https:\/\/vapestornado.com\/sv\/wp-json\/wp\/v2\/product"}],"about":[{"href":"https:\/\/vapestornado.com\/sv\/wp-json\/wp\/v2\/types\/product"}],"replies":[{"embeddable":true,"href":"https:\/\/vapestornado.com\/sv\/wp-json\/wp\/v2\/comments?post=3020"}],"wp:featuredmedia":[{"embeddable":true,"href":"https:\/\/vapestornado.com\/sv\/wp-json\/wp\/v2\/media\/3009"}],"wp:attachment":[{"href":"https:\/\/vapestornado.com\/sv\/wp-json\/wp\/v2\/media?parent=3020"}],"wp:term":[{"taxonomy":"product_brand","embeddable":true,"href":"https:\/\/vapestornado.com\/sv\/wp-json\/wp\/v2\/product_brand?post=3020"},{"taxonomy":"product_cat","embeddable":true,"href":"https:\/\/vapestornado.com\/sv\/wp-json\/wp\/v2\/product_cat?post=3020"},{"taxonomy":"product_tag","embeddable":true,"href":"https:\/\/vapestornado.com\/sv\/wp-json\/wp\/v2\/product_tag?post=3020"}],"curies":[{"name":"wp","href":"https:\/\/api.w.org\/{rel}","templated":true}]}}