{"id":3000,"date":"2024-12-09T07:00:42","date_gmt":"2024-12-09T07:00:42","guid":{"rendered":"https:\/\/vapestornado.com\/?post_type=product&#038;p=3000"},"modified":"2025-08-23T10:18:27","modified_gmt":"2025-08-23T10:18:27","slug":"waspe-25000-puffs-digital-disposable-vape-wholesale-price-in-poland","status":"publish","type":"product","link":"https:\/\/vapestornado.com\/sv\/product\/waspe-25000-puffs-digital-disposable-vape-wholesale-price-in-poland\/","title":{"rendered":"Waspe 25000 Puff Digital Eng\u00e5ngs Vape Grossistpris i Polen"},"content":{"rendered":"<h1 class=\"product-title\">Waspe 25000 Puff Digital Eng\u00e5ngs Vape Grossistpris i Polen<\/h1>\n<p data-start=\"525\" data-end=\"808\">Den <strong data-start=\"529\" data-end=\"574\">Waspe 25000 Bl\u00e5s Digital Eng\u00e5ngsvape<\/strong> \u00e4r ett praktiskt val f\u00f6r grossister och \u00e5terf\u00f6rs\u00e4ljare i Sverige som s\u00f6ker ett l\u00e5ngvarigt och funktionsrikt lager. Med upp till <strong data-start=\"690\" data-end=\"715\">25 000 bloss per enhet<\/strong> och en <strong data-start=\"722\" data-end=\"744\">system med dubbla smaker<\/strong>ger den kunderna ut\u00f6kad anv\u00e4ndning och st\u00f6rre variation.<\/p>\n<p data-start=\"810\" data-end=\"1090\">Utrustad med en <strong data-start=\"826\" data-end=\"848\">digital LED-sk\u00e4rm<\/strong>h\u00e5ller Waspe 25K anv\u00e4ndarna informerade om batteritid och antal bloss i realtid. Dess <strong data-start=\"937\" data-end=\"960\">uppladdningsbar design<\/strong> med <strong data-start=\"966\" data-end=\"990\">Typ-C snabbladdning<\/strong> s\u00e4kerst\u00e4ller konsekvent prestanda och minskar sl\u00f6seri, vilket g\u00f6r den b\u00e5de kostnadseffektiv och milj\u00f6v\u00e4nlig.<\/p>\n<p data-start=\"1092\" data-end=\"1373\">Finns i flera <strong data-start=\"1114\" data-end=\"1133\">nikotinniv\u00e5er<\/strong> och <strong data-start=\"1138\" data-end=\"1161\">smakkombinationer<\/strong>, den <strong data-start=\"1167\" data-end=\"1185\">Waspe 25K Vape<\/strong> talar till en bred konsumentbas, fr\u00e5n nyb\u00f6rjare till erfarna vejpare. Kompakt och b\u00e4rbar, den passar f\u00f6r vardagsbruk samtidigt som den levererar konsekvent smak tack vare avancerad coil-teknik.<\/p>\n<p data-start=\"1375\" data-end=\"1604\">F\u00f6r distribut\u00f6rer och butiks\u00e4gare i Sverige kombinerar <strong data-start=\"1423\" data-end=\"1449\">Waspe 25000 Puff Vape<\/strong> kombinerar h\u00f6g blosskapacitet, innovativa funktioner och <strong data-start=\"1504\" data-end=\"1537\">konkurrenskraftiga grossistpriser<\/strong>, vilket g\u00f6r det till ett l\u00f6nsamt tillskott till lager av eng\u00e5ngsvapes.<\/p>\n<p>&nbsp;<\/p>\n<p><strong>L\u00e4gg till Amys Whatsapp f\u00f6r att f\u00e5 snabbt svar och vape-kupong!<\/strong><\/p>\n<p><img fetchpriority=\"high\" decoding=\"async\" class=\"size-full wp-image-2932\" src=\"https:\/\/vapestornado.com\/wp-content\/uploads\/2024\/12\/Vape-Wholesale.jpg\" alt=\"Vape Partihandel\" width=\"229\" height=\"300\" \/><\/p>\n<h3><a href=\"https:\/\/wa.me\/8617776015835\" target=\"_blank\" rel=\"noopener\"><span style=\"color: #ff0000;\"><strong>WhatsApp: +86 17776015835<\/strong><\/span><\/a><\/h3>\n<p>&nbsp;<\/p>\n<h4><strong style=\"font-size: 1.7em;\">Waspe Vape 25000 Produktegenskaper<\/strong><\/h4>\n<ul>\n<li><strong>25 000 Bl\u00e5s av Ren Tillfredsst\u00e4llelse<\/strong>: Njut av l\u00e4ngre vejp-sessioner med upp till <strong>25 000 puff<\/strong>, vilket g\u00f6r <strong>WASPE 25000 bl\u00e5s<\/strong> det perfekta valet f\u00f6r b\u00e5de l\u00e4tta och tunga anv\u00e4ndare.<\/li>\n<li><strong>Flera nikotinstyrkor<\/strong>: V\u00e4lj mellan <strong>0%, 2%, eller 5% nikotin<\/strong>, som erbjuder en skr\u00e4ddarsydd upplevelse f\u00f6r anv\u00e4ndare som s\u00f6ker en <strong>eng\u00e5ngsvape med l\u00e5g nikotinhalt<\/strong> eller en starkare tr\u00e4ff.<\/li>\n<li><strong>25 ml E-v\u00e4tskekapacitet<\/strong>: F\u00f6rladdad med en gener\u00f6s <strong>25 ml e-v\u00e4tska<\/strong>, vilket s\u00e4kerst\u00e4ller f\u00e4rre avbrott och l\u00e4ngre njutning.<\/li>\n<li><strong>Avancerade dubbla mesh-spolar<\/strong>: De integrerade dubbla mesh-spolarna garanterar j\u00e4mn \u00e5ngproduktion, konsekvent smakleverans och en premiumupplevelse i varje puff.<\/li>\n<li><strong>Digital LED-sk\u00e4rm<\/strong>: Den <strong>LED-Display Eng\u00e5ngsvape<\/strong> har en smart LCD-sk\u00e4rm, vilket g\u00f6r att du kan \u00f6vervaka <strong>batteritid och antal bloss<\/strong> utan anstr\u00e4ngning.<\/li>\n<li><strong>Uppladdningsbar och h\u00e5llbar<\/strong>: Drivs av ett <strong>650mAh batteri<\/strong> och st\u00f6ds av <strong>Typ-C snabbladdning<\/strong>, denna <strong>uppladdningsbara vape<\/strong> h\u00e5ller dig ig\u00e5ng f\u00f6r ut\u00f6kad anv\u00e4ndning utan l\u00e5nga driftstopp.<\/li>\n<li><strong>Kompakt design f\u00f6r massk\u00f6p<\/strong>: L\u00e4tt och enkel att hantera, Waspe 25k \u00e4r perfekt f\u00f6r massk\u00f6p, vilket g\u00f6r den idealisk f\u00f6r distribut\u00f6rer som s\u00f6ker en p\u00e5litlig produkt f\u00f6r <strong>vape grossist<\/strong>.<\/li>\n<\/ul>\n<p>&nbsp;<\/p>\n<h2 class=\"product-title\"><strong>WASPE 25000 Smaklista<\/strong><\/h2>\n<p>1. Jordgubb Kiwi<br \/>\n2. Blandade B\u00e4r<br \/>\n3. Bl\u00e5b\u00e4r p\u00e5 Is<br \/>\n4. Druv Is<br \/>\n5. K\u00f6rsb\u00e4rs Is<br \/>\n6. Bl\u00e5b\u00e4r Hallon Lemonad<br \/>\n7. Persiko Is<br \/>\n8. Jordgubb Vattenmelon<br \/>\n9. Persika Mango Vattenmelon<br \/>\n10. Vattenmelon Is<\/p>\n<h3>Varf\u00f6r v\u00e4lja vapestornado f\u00f6r WASPE 25k Vape Partihandel?<\/h3>\n<div class=\"flex-shrink-0 flex flex-col relative items-end\">\n<div class=\"pt-0\">\n<div class=\"gizmo-bot-avatar flex h-8 w-8 items-center justify-center overflow-hidden rounded-full\">\n<div class=\"relative p-1 rounded-sm flex items-center justify-center bg-token-main-surface-primary text-token-text-primary h-8 w-8\">\n<p>V\u00e4lkommen till vapestornado, din betrodda onlinebutik f\u00f6r premium eng\u00e5ngsvapes. Med mer \u00e4n 5 \u00e5rs expertis erbjuder vi popul\u00e4ra varum\u00e4rken f\u00f6r eng\u00e5ngsvapes som Fumot RandM Vape, Vapme, Bang Vape, Waspe Vape och WGA Vape, m.fl.<\/p>\n<p>V\u00e5rt sortiment inkluderar heta f\u00f6rs\u00e4ljningsvapes som <a href=\"https:\/\/vapestornado.com\/sv\/product\/fumot-randm-tornado-15000-puffs-rechargeable-disposable-vape-wholesale\/\">RandM Tornado 15000<\/a>, och smakrika val som <a href=\"https:\/\/vapestornado.com\/sv\/product\/waspe-40000-puffs-double-flavour-led-display-disposable-vape-wholesale\/\">WASPE Dubbel Smak 40000 Puffs<\/a> . Varje produkt \u00e4r vald med fokus p\u00e5 kvalitet, v\u00e4rde och variation, vilket s\u00e4kerst\u00e4ller att du hittar den perfekta matchningen f\u00f6r dina behov. Uppt\u00e4ck exceptionell service och ett brett utbud av topprodukter hos vapestornado.<\/p>\n<\/div>\n<h3><\/h3>\n<div class=\"relative p-1 rounded-sm flex items-center justify-center bg-token-main-surface-primary text-token-text-primary h-8 w-8\">\n<h3>Vanliga fr\u00e5gor om WASPE 25k Uppladdningsbar Eng\u00e5ngsvape<\/h3>\n<\/div>\n<\/div>\n<\/div>\n<\/div>\n<div class=\"group\/conversation-turn relative flex w-full min-w-0 flex-col agent-turn\">\n<div class=\"flex-col gap-1 md:gap-3\">\n<div class=\"flex max-w-full flex-col flex-grow\">\n<div class=\"min-h-8 text-message flex w-full flex-col items-end gap-2 whitespace-normal break-words [.text-message+&amp;]:mt-5\" dir=\"auto\" data-message-author-role=\"assistant\" data-message-id=\"db716a1c-9ed0-4b8d-b3b0-7bdb913c3d42\" data-message-model-slug=\"gpt-4o\">\n<div class=\"flex w-full flex-col gap-1 empty:hidden first:pt-[3px]\">\n<div class=\"markdown prose w-full break-words dark:prose-invert light\">\n<h3><\/h3>\n<ol>\n<li><strong>Var kan jag k\u00f6pa Waspe 25000 Puffs Digital Eng\u00e5ngsvape till partipris i Sverige?<\/strong><br \/>\nDu kan k\u00f6pa Waspe 25000 Puffs Digital Eng\u00e5ngsvape till konkurrenskraftiga partipriser fr\u00e5n betrodda distribut\u00f6rer som specialiserar sig p\u00e5 <strong>vape grossist<\/strong> i Sverige.<\/li>\n<li><strong>Hur m\u00e5nga bloss ger Waspe 25000 Puffs Digital Eng\u00e5ngsvape?<\/strong><br \/>\nWaspe 25k levererar imponerande <strong>25 000 puff<\/strong>, vilket garanterar l\u00e5ngvarig anv\u00e4ndning och utm\u00e4rkt v\u00e4rde f\u00f6r pengarna.<\/li>\n<li><strong>Vad g\u00f6r Waspe 25000 Puffs vape unik j\u00e4mf\u00f6rt med andra eng\u00e5ngsvapes?<\/strong><br \/>\nWaspe 25k sticker ut med sin <strong>LED digital sk\u00e4rm<\/strong> f\u00f6r att \u00f6vervaka antalet bloss och batteritid, <strong>dubbla smaker<\/strong> alternativ, och <strong>uppladdningsbar design<\/strong> drivs av en snabbladdande <strong>Type-C-port<\/strong>.<\/li>\n<li><strong>Vilka nikotinniv\u00e5er finns tillg\u00e4ngliga f\u00f6r Waspe 25000 Puffs eng\u00e5ngsvape?<\/strong><br \/>\nWaspe 25k erbjuder tre nikotinstyrkaalternativ: <strong>0%, 2%, och 5%<\/strong>, anpassade f\u00f6r anv\u00e4ndare som f\u00f6redrar <strong>eng\u00e5ngsvape med l\u00e5g nikotinhalt<\/strong> eller starkare bloss.<\/li>\n<li><strong>Hur s\u00e4kerst\u00e4ller Waspe 25k en \u00f6verl\u00e4gsen vapingupplevelse?<\/strong><br \/>\nUtrustad med <strong>dubbla mesh-spolar<\/strong> f\u00f6r f\u00f6rb\u00e4ttrad \u00e5ngproduktion, en stor <strong>25 ml e-v\u00e4tskekapaciteten<\/strong>, och anpassningsbart luftfl\u00f6de, Waspe 25k levererar konsekventa, smakrika bloss f\u00f6r en exceptionell vapingupplevelse.<\/li>\n<\/ol>\n<\/div>\n<\/div>\n<\/div>\n<\/div>\n<\/div>\n<\/div>","protected":false},"excerpt":{"rendered":"<p>Den <strong data-start=\"290\" data-end=\"327\">Waspe 25000 Puff Eng\u00e5ngs Vape<\/strong> erbjuder dubbla smaker, LED-display och upp till 25 000 bloss. Perfekt f\u00f6r <strong data-start=\"395\" data-end=\"425\">grossistk\u00f6pare i Sverige<\/strong>, som kombinerar kapacitet, smakvariation och konkurrenskraftiga priser vid k\u00f6p i st\u00f6rre volymer.<\/p>\n<p><strong>L\u00e4gg till Amys whatsapp f\u00f6r snabbt svar och vape-kupong!<\/strong><\/p>\n<p><img fetchpriority=\"high\" decoding=\"async\" class=\"size-full wp-image-2932\" src=\"https:\/\/vapestornado.com\/wp-content\/uploads\/2024\/12\/Vape-Wholesale.jpg\" alt=\"Vape Partihandel\" width=\"229\" height=\"300\" \/><\/p>\n<h3><a href=\"https:\/\/wa.me\/8617776015835\"><span style=\"color: #ff0000;\"><strong>WhatsApp: +86 17776015835<\/strong><\/span><\/a><\/h3>\n<p>&nbsp;<\/p>","protected":false},"featured_media":2995,"comment_status":"open","ping_status":"closed","template":"","meta":{"_acf_changed":false,"_uag_custom_page_level_css":"","_lmt_disableupdate":"no","_lmt_disable":"","_monsterinsights_skip_tracking":false,"_monsterinsights_sitenote_active":false,"_monsterinsights_sitenote_note":"","_monsterinsights_sitenote_category":0,"site-sidebar-layout":"default","site-content-layout":"","ast-site-content-layout":"default","site-content-style":"default","site-sidebar-style":"default","ast-global-header-display":"","ast-banner-title-visibility":"","ast-main-header-display":"","ast-hfb-above-header-display":"","ast-hfb-below-header-display":"","ast-hfb-mobile-header-display":"","site-post-title":"","ast-breadcrumbs-content":"","ast-featured-img":"","footer-sml-layout":"","ast-disable-related-posts":"","theme-transparent-header-meta":"default","adv-header-id-meta":"","stick-header-meta":"","header-above-stick-meta":"","header-main-stick-meta":"","header-below-stick-meta":"","astra-migrate-meta-layouts":"set","ast-page-background-enabled":"default","ast-page-background-meta":{"desktop":{"background-color":"","background-image":"","background-repeat":"repeat","background-position":"center center","background-size":"auto","background-attachment":"scroll","background-type":"","background-media":"","overlay-type":"","overlay-color":"","overlay-opacity":"","overlay-gradient":""},"tablet":{"background-color":"","background-image":"","background-repeat":"repeat","background-position":"center center","background-size":"auto","background-attachment":"scroll","background-type":"","background-media":"","overlay-type":"","overlay-color":"","overlay-opacity":"","overlay-gradient":""},"mobile":{"background-color":"","background-image":"","background-repeat":"repeat","background-position":"center center","background-size":"auto","background-attachment":"scroll","background-type":"","background-media":"","overlay-type":"","overlay-color":"","overlay-opacity":"","overlay-gradient":""}},"ast-content-background-meta":{"desktop":{"background-color":"var(--ast-global-color-5)","background-image":"","background-repeat":"repeat","background-position":"center center","background-size":"auto","background-attachment":"scroll","background-type":"","background-media":"","overlay-type":"","overlay-color":"","overlay-opacity":"","overlay-gradient":""},"tablet":{"background-color":"var(--ast-global-color-5)","background-image":"","background-repeat":"repeat","background-position":"center center","background-size":"auto","background-attachment":"scroll","background-type":"","background-media":"","overlay-type":"","overlay-color":"","overlay-opacity":"","overlay-gradient":""},"mobile":{"background-color":"var(--ast-global-color-5)","background-image":"","background-repeat":"repeat","background-position":"center center","background-size":"auto","background-attachment":"scroll","background-type":"","background-media":"","overlay-type":"","overlay-color":"","overlay-opacity":"","overlay-gradient":""}},"_joinchat":{"telephone":"+8617776015835"}},"product_brand":[],"product_cat":[68,151,158,159,144,60],"product_tag":[105,100,103,104],"class_list":{"0":"post-3000","1":"product","2":"type-product","3":"status-publish","4":"has-post-thumbnail","6":"product_cat-25000-puff","7":"product_cat-buy-disposable-vapes-in-france","8":"product_cat-buy-disposable-vapes-in-spain","9":"product_cat-buy-disposable-vapes-in-sweden","10":"product_cat-low-nicotine-disposable-vapes","11":"product_cat-waspe-fihp-vape","12":"product_tag-digital-disposable-vape","13":"product_tag-wasoe-vape","14":"product_tag-waspe-25000","15":"product_tag-waspe-25k","16":"desktop-align-left","17":"tablet-align-left","18":"mobile-align-left","20":"first","21":"instock","22":"sale","23":"shipping-taxable","24":"purchasable","25":"product-type-simple"},"acf":[],"uagb_featured_image_src":{"full":["https:\/\/vapestornado.com\/wp-content\/uploads\/2024\/12\/WASPE-25000-Puffs-Disposable-Vape-Wholesale-Price.jpg",1126,1137,false],"thumbnail":["https:\/\/vapestornado.com\/wp-content\/uploads\/2024\/12\/WASPE-25000-Puffs-Disposable-Vape-Wholesale-Price-150x150.jpg",150,150,true],"medium":["https:\/\/vapestornado.com\/wp-content\/uploads\/2024\/12\/WASPE-25000-Puffs-Disposable-Vape-Wholesale-Price-297x300.jpg",297,300,true],"medium_large":["https:\/\/vapestornado.com\/wp-content\/uploads\/2024\/12\/WASPE-25000-Puffs-Disposable-Vape-Wholesale-Price-768x776.jpg",768,776,true],"large":["https:\/\/vapestornado.com\/wp-content\/uploads\/2024\/12\/WASPE-25000-Puffs-Disposable-Vape-Wholesale-Price-1014x1024.jpg",1014,1024,true],"1536x1536":["https:\/\/vapestornado.com\/wp-content\/uploads\/2024\/12\/WASPE-25000-Puffs-Disposable-Vape-Wholesale-Price.jpg",1126,1137,false],"2048x2048":["https:\/\/vapestornado.com\/wp-content\/uploads\/2024\/12\/WASPE-25000-Puffs-Disposable-Vape-Wholesale-Price.jpg",1126,1137,false],"trp-custom-language-flag":["https:\/\/vapestornado.com\/wp-content\/uploads\/2024\/12\/WASPE-25000-Puffs-Disposable-Vape-Wholesale-Price.jpg",12,12,false],"woocommerce_thumbnail":["https:\/\/vapestornado.com\/wp-content\/uploads\/2024\/12\/WASPE-25000-Puffs-Disposable-Vape-Wholesale-Price-300x300.jpg",300,300,true],"woocommerce_single":["https:\/\/vapestornado.com\/wp-content\/uploads\/2024\/12\/WASPE-25000-Puffs-Disposable-Vape-Wholesale-Price-600x606.jpg",600,606,true],"woocommerce_gallery_thumbnail":["https:\/\/vapestornado.com\/wp-content\/uploads\/2024\/12\/WASPE-25000-Puffs-Disposable-Vape-Wholesale-Price-100x100.jpg",100,100,true]},"uagb_author_info":{"display_name":"ESAMY","author_link":"https:\/\/vapestornado.com\/sv\/author\/"},"uagb_comment_info":0,"uagb_excerpt":"The Waspe 25000 Puffs Disposable Vape offers dual flavors, LED display, and up to 25K puffs. Perfect for wholesale buyers in Poland, combining capacity, flavor variety, and competitive bulk pricing. Add Amy's whatsapp to get right reply and vape vape coupon! WhatsApp: +86 17776015835 &nbsp;","_links":{"self":[{"href":"https:\/\/vapestornado.com\/sv\/wp-json\/wp\/v2\/product\/3000","targetHints":{"allow":["GET"]}}],"collection":[{"href":"https:\/\/vapestornado.com\/sv\/wp-json\/wp\/v2\/product"}],"about":[{"href":"https:\/\/vapestornado.com\/sv\/wp-json\/wp\/v2\/types\/product"}],"replies":[{"embeddable":true,"href":"https:\/\/vapestornado.com\/sv\/wp-json\/wp\/v2\/comments?post=3000"}],"wp:featuredmedia":[{"embeddable":true,"href":"https:\/\/vapestornado.com\/sv\/wp-json\/wp\/v2\/media\/2995"}],"wp:attachment":[{"href":"https:\/\/vapestornado.com\/sv\/wp-json\/wp\/v2\/media?parent=3000"}],"wp:term":[{"taxonomy":"product_brand","embeddable":true,"href":"https:\/\/vapestornado.com\/sv\/wp-json\/wp\/v2\/product_brand?post=3000"},{"taxonomy":"product_cat","embeddable":true,"href":"https:\/\/vapestornado.com\/sv\/wp-json\/wp\/v2\/product_cat?post=3000"},{"taxonomy":"product_tag","embeddable":true,"href":"https:\/\/vapestornado.com\/sv\/wp-json\/wp\/v2\/product_tag?post=3000"}],"curies":[{"name":"wp","href":"https:\/\/api.w.org\/{rel}","templated":true}]}}