{"id":2980,"date":"2024-12-06T06:49:43","date_gmt":"2024-12-06T06:49:43","guid":{"rendered":"https:\/\/vapestornado.com\/?post_type=product&#038;p=2980"},"modified":"2025-08-23T12:26:33","modified_gmt":"2025-08-23T12:26:33","slug":"waspe-vape-30000-fihp-30k-puffs-disposable-vape-wholesale-price-in-germany","status":"publish","type":"product","link":"https:\/\/vapestornado.com\/sv\/product\/waspe-vape-30000-fihp-30k-puffs-disposable-vape-wholesale-price-in-germany\/","title":{"rendered":"Waspe Vape 30000 FIHP 30K Puffar Eng\u00e5ngs Vape Grossist Pris i Tyskland"},"content":{"rendered":"<h1 class=\"product-title\">Waspe Vape 30000 FIHP 30K Puffar Eng\u00e5ngs Vape Grossist Pris i Tyskland<\/h1>\n<p>Letar du efter en premium vaping-l\u00f6sning som kombinerar h\u00f6g prestanda med exceptionella smakalternativ? Den <strong>Waspe Vape FIHP 30000 Puffar Eng\u00e5ngs Vape<\/strong> \u00e4r h\u00e4r f\u00f6r att lyfta din vapingupplevelse. Med <strong>dubbla l\u00e4gen<\/strong>, justerbara nikotinniv\u00e5er och en elegant LED-display \u00e4r den h\u00e4r enheten perfekt f\u00f6r dem som s\u00f6ker kvalitet och anpassning till ett konkurrenskraftigt grossistpris i Sverige.<\/p>\n<p>Oavsett om du \u00e4r en \u00e5terf\u00f6rs\u00e4ljare som letar efter <strong>vape grossist erbjudanden i Sverige<\/strong> eller en individ som s\u00f6ker en h\u00f6gpresterande, <strong>eng\u00e5ngsvape med l\u00e5g nikotinhalt<\/strong>erbjuder Waspe 30K o\u00f6vertr\u00e4ffat v\u00e4rde. Dess <strong>uppladdningsbara vape<\/strong> design och innovativa funktioner g\u00f6r den till en framst\u00e5ende produkt p\u00e5 marknaden.<\/p>\n<p>Waspe FIHP finns i en m\u00e4ngd olika <strong>dubbla smakkombinationer<\/strong>som levererar rika och tillfredsst\u00e4llande smaker som tillgodoser alla smaker.<\/p>\n<p>Dra nytta av <strong>Waspe Vape 30000 FIHP 30K Puffar Eng\u00e5ngs Vape Grossist Pris i Tyskland<\/strong> och ta denna banbrytande produkt till dina kunder idag!<\/p>\n<p>&nbsp;<\/p>\n<p><strong>L\u00e4gg till Amys Whatsapp f\u00f6r att f\u00e5 snabbt svar och vape-kupong!<\/strong><\/p>\n<p><img fetchpriority=\"high\" decoding=\"async\" class=\"size-full wp-image-2932\" src=\"https:\/\/vapestornado.com\/wp-content\/uploads\/2024\/12\/Vape-Wholesale.jpg\" alt=\"Vape Partihandel\" width=\"229\" height=\"300\" \/><\/p>\n<h3><a href=\"https:\/\/wa.me\/8617776015835\" target=\"_blank\" rel=\"noopener\"><span style=\"color: #ff0000;\"><strong>WhatsApp: +86 17776015835<\/strong><\/span><\/a><\/h3>\n<p>&nbsp;<\/p>\n<h4><strong style=\"font-size: 1.7em;\">Waspe Vape 30000 Produktfunktioner<\/strong><\/h4>\n<h4><\/h4>\n<ul>\n<li><strong>30000 bloss med dubbla l\u00e4gen<\/strong>:<br \/>\nNjut av upp till <strong>30 000 puff<\/strong> i normalt l\u00e4ge f\u00f6r l\u00e5ngvariga sessioner, eller v\u00e4xla till <strong>pulsl\u00e4ge<\/strong> f\u00f6r en mer intensiv upplevelse, vilket ger 15 000 bloss. Perfekt f\u00f6r anv\u00e4ndare som v\u00e4rdes\u00e4tter flexibilitet.<\/li>\n<li><strong>Flera nikotinalternativ<\/strong>:<br \/>\nAnpassa din vapingupplevelse med <strong>0%, 2% eller 5% nikotinniv\u00e5er<\/strong>, som tillgodoser b\u00e5de l\u00e5gnikotin-entusiaster och de som f\u00f6redrar en starkare tr\u00e4ff.<\/li>\n<li><strong>28 ml E-v\u00e4tskekapacitet<\/strong>:<br \/>\nDenna enhet rymmer gener\u00f6sa <strong>28 ml e-v\u00e4tska<\/strong>, vilket minskar behovet av frekventa p\u00e5fyllningar och s\u00e4kerst\u00e4ller ut\u00f6kad anv\u00e4ndning.<\/li>\n<li><strong>Dubbel Mesh Coil-teknik<\/strong>:<br \/>\nUtrustad med avancerade <strong>1ohm + 1ohm dubbla mesh coils<\/strong>levererar Waspe 30K mjukare \u00e5nga och konsekvent rik smak.<\/li>\n<li><strong>Uppladdningsbar och effektiv<\/strong>:<br \/>\nMed en <strong>850mAh uppladdningsbart batteri<\/strong> med <strong>Typ-C snabbladdning<\/strong>s\u00e4kerst\u00e4ller denna vape att du h\u00e5ller dig str\u00f6mf\u00f6rs\u00f6rjd hela dagen med minimal stillest\u00e5ndstid.<\/li>\n<li><strong>LED-display f\u00f6r enkel \u00f6vervakning<\/strong>:<br \/>\nDen inbyggda <strong>LED-sk\u00e4rmen<\/strong> visar puffantal och batteritid i realtid, vilket ger dig total kontroll \u00f6ver dina vapingsessioner.<\/li>\n<li><strong>Justerbart luftfl\u00f6de f\u00f6r anpassning<\/strong>:<br \/>\nMed ett <strong>justerbart luftfl\u00f6dessystem<\/strong>kan du \u00e4ndra intensiteten p\u00e5 ditt drag f\u00f6r en skr\u00e4ddarsydd vapingupplevelse.<\/li>\n<\/ul>\n<h2 class=\"product-title\"><strong>WASPE 30000 Smaklista<\/strong><\/h2>\n<p>1. Jordgubbsmango<br \/>\n2. Blandade b\u00e4r<br \/>\n3. Vattenmelonis<br \/>\n4. Jordgubbsvattenmelon<br \/>\n5. Jordgubbs Red Bull<br \/>\n6. Kiwi Passionsfrukt Guava<br \/>\n7. Druvis<br \/>\n8. Dubbel \u00c4ppleis<br \/>\n9. Bl\u00e5b\u00e4rshallon<br \/>\n10. Vattenmelon Mango Is<br \/>\n11. Bl\u00e5b\u00e4rsis<br \/>\n12. Persikob\u00e4r<br \/>\n13. Jordgubbskiwi<br \/>\n14. K\u00f6rsb\u00e4rsis<br \/>\n15. Jordgubb Superburst K\u00f6rsb\u00e4r<br \/>\n16. Vattenmelon Tuggummi<\/p>\n<h3>Varf\u00f6r v\u00e4lja vapestornado f\u00f6r WASPE 30k Vape Grossist?<\/h3>\n<div class=\"flex-shrink-0 flex flex-col relative items-end\">\n<div class=\"pt-0\">\n<div class=\"gizmo-bot-avatar flex h-8 w-8 items-center justify-center overflow-hidden rounded-full\">\n<div class=\"relative p-1 rounded-sm flex items-center justify-center bg-token-main-surface-primary text-token-text-primary h-8 w-8\">\n<p>V\u00e4lkommen till vapestornado, din betrodda onlinebutik f\u00f6r premium eng\u00e5ngsvapes. Med mer \u00e4n 5 \u00e5rs expertis erbjuder vi popul\u00e4ra varum\u00e4rken f\u00f6r eng\u00e5ngsvapes som Fumot RandM Vape, Vapme, Bang Vape, Waspe Vape och WGA Vape, m.fl.<\/p>\n<p>V\u00e5rt sortiment inkluderar heta f\u00f6rs\u00e4ljningsvapes som <a href=\"https:\/\/vapestornado.com\/sv\/product\/fumot-randm-tornado-15000-puffs-rechargeable-disposable-vape-wholesale\/\">RandM Tornado 15000<\/a>, och smakrika val som <a href=\"https:\/\/vapestornado.com\/sv\/product\/waspe-40000-puffs-double-flavour-led-display-disposable-vape-wholesale\/\">WASPE Dubbel Smak 40000 Puffs<\/a> . Varje produkt \u00e4r vald med fokus p\u00e5 kvalitet, v\u00e4rde och variation, vilket s\u00e4kerst\u00e4ller att du hittar den perfekta matchningen f\u00f6r dina behov. Uppt\u00e4ck exceptionell service och ett brett utbud av topprodukter hos vapestornado.<\/p>\n<\/div>\n<h3><\/h3>\n<div class=\"relative p-1 rounded-sm flex items-center justify-center bg-token-main-surface-primary text-token-text-primary h-8 w-8\">\n<h3>Vanliga fr\u00e5gor om WASPE 40k Uppladdningsbar Eng\u00e5ngs Vape<\/h3>\n<\/div>\n<\/div>\n<\/div>\n<\/div>\n<div class=\"group\/conversation-turn relative flex w-full min-w-0 flex-col agent-turn\">\n<div class=\"flex-col gap-1 md:gap-3\">\n<div class=\"flex max-w-full flex-col flex-grow\">\n<div class=\"min-h-8 text-message flex w-full flex-col items-end gap-2 whitespace-normal break-words [.text-message+&amp;]:mt-5\" dir=\"auto\" data-message-author-role=\"assistant\" data-message-id=\"db716a1c-9ed0-4b8d-b3b0-7bdb913c3d42\" data-message-model-slug=\"gpt-4o\">\n<div class=\"flex w-full flex-col gap-1 empty:hidden first:pt-[3px]\">\n<div class=\"markdown prose w-full break-words dark:prose-invert light\">\n<ul>\n<li><strong>Var kan man k\u00f6pa WASPE FIHP 30000 Puffar eng\u00e5ngs vape till grossistpris i Tyskland?<\/strong><br \/>\nDu kan k\u00f6pa WASPE FIHP 30000 Puffs eng\u00e5ngsvape till grossistpriser i Tyskland via betrodda <strong>grossistleverant\u00f6rer av vape<\/strong> eller online grossistplattformar som vapestornado som specialiserar sig p\u00e5 vapingprodukter.<\/li>\n<li><strong>Hur m\u00e5nga bloss ger WASPE FIHP 30k Puffs?<\/strong><br \/>\nWASPE FIHP 30K erbjuder <strong>30 000 puff<\/strong> i normalt l\u00e4ge, eller <strong>15 000 bloss<\/strong> i pulsl\u00e4ge f\u00f6r en mer intensiv vapingupplevelse.<\/li>\n<li><strong>Hur l\u00e4nge r\u00e4cker den popul\u00e4ra WASPE vape 30000 puffs Ultra eng\u00e5ngsvape-boxen?<\/strong><br \/>\nEnhetens livsl\u00e4ngd beror p\u00e5 anv\u00e4ndningsfrekvensen. F\u00f6r m\u00e5ttliga vejpare kan <strong>30 000 puff<\/strong> r\u00e4cka i flera veckor, vilket g\u00f6r den till ett idealiskt val f\u00f6r l\u00e4ngre anv\u00e4ndning.<\/li>\n<li><strong>Vilka \u00e4r de popul\u00e4ra smakerna f\u00f6r WASPE 30000 digital box vape?<\/strong><br \/>\nWASPE 30000 digital box vape har en <strong>dubbel smakupplevelse<\/strong>och erbjuder varierande och tillfredsst\u00e4llande kombinationer. Popul\u00e4ra val varierar men inkluderar ofta fruktiga, mintiga och dessertinspirerade blandningar f\u00f6r att passa olika preferenser.<\/li>\n<li><strong>Hur l\u00e5ng tid tar det att ladda en WASPE FIHP 30k Disposable Vapes?<\/strong><br \/>\nDen <strong>850mAh uppladdningsbart batteri<\/strong> laddas snabbt via en <strong>Typ-C laddningsport<\/strong>, vilket vanligtvis tar cirka <strong>1 till 1,5 timmar<\/strong> f\u00f6r en full laddning.<\/li>\n<li><strong>Hur mycket nikotin finns det i en WASPE 30000 Digital sk\u00e4rm box Eng\u00e5ngs Vape?<\/strong><br \/>\nWASPE 30000 erbjuder <strong>nikotinalternativ p\u00e5 0%, 2% eller 5%<\/strong>, vilket g\u00f6r att anv\u00e4ndarna kan v\u00e4lja den nikotinstyrka som passar deras preferenser b\u00e4st.<\/li>\n<\/ul>\n<\/div>\n<\/div>\n<\/div>\n<\/div>\n<\/div>\n<\/div>","protected":false},"excerpt":{"rendered":"<p>WASPE FIHP 30000 Puffar LED-Display Eng\u00e5ngs Vape<br \/>\nWaspe 30000 Puffar FIHP Vape Elektrisk Cigarett 30k<br \/>\nWASPE Vape 30000 Puffar Dubbel Mesh 0% 2% 5% Nikotin<\/p>\n<p><strong>L\u00e4gg till Amys whatsapp f\u00f6r snabbt svar och vape-kupong!<\/strong><\/p>\n<p><img fetchpriority=\"high\" decoding=\"async\" class=\"size-full wp-image-2932\" src=\"https:\/\/vapestornado.com\/wp-content\/uploads\/2024\/12\/Vape-Wholesale.jpg\" alt=\"Vape Partihandel\" width=\"229\" height=\"300\" \/><\/p>\n<h3><a href=\"https:\/\/wa.me\/8617776015835\"><span style=\"color: #ff0000;\"><strong>WhatsApp: +86 17776015835<\/strong><\/span><\/a><\/h3>\n<p>&nbsp;<\/p>","protected":false},"featured_media":2977,"comment_status":"open","ping_status":"closed","template":"","meta":{"_acf_changed":false,"_uag_custom_page_level_css":"","_lmt_disableupdate":"no","_lmt_disable":"","_monsterinsights_skip_tracking":false,"_monsterinsights_sitenote_active":false,"_monsterinsights_sitenote_note":"","_monsterinsights_sitenote_category":0,"site-sidebar-layout":"default","site-content-layout":"","ast-site-content-layout":"default","site-content-style":"default","site-sidebar-style":"default","ast-global-header-display":"","ast-banner-title-visibility":"","ast-main-header-display":"","ast-hfb-above-header-display":"","ast-hfb-below-header-display":"","ast-hfb-mobile-header-display":"","site-post-title":"","ast-breadcrumbs-content":"","ast-featured-img":"","footer-sml-layout":"","ast-disable-related-posts":"","theme-transparent-header-meta":"default","adv-header-id-meta":"","stick-header-meta":"","header-above-stick-meta":"","header-main-stick-meta":"","header-below-stick-meta":"","astra-migrate-meta-layouts":"set","ast-page-background-enabled":"default","ast-page-background-meta":{"desktop":{"background-color":"","background-image":"","background-repeat":"repeat","background-position":"center center","background-size":"auto","background-attachment":"scroll","background-type":"","background-media":"","overlay-type":"","overlay-color":"","overlay-opacity":"","overlay-gradient":""},"tablet":{"background-color":"","background-image":"","background-repeat":"repeat","background-position":"center center","background-size":"auto","background-attachment":"scroll","background-type":"","background-media":"","overlay-type":"","overlay-color":"","overlay-opacity":"","overlay-gradient":""},"mobile":{"background-color":"","background-image":"","background-repeat":"repeat","background-position":"center center","background-size":"auto","background-attachment":"scroll","background-type":"","background-media":"","overlay-type":"","overlay-color":"","overlay-opacity":"","overlay-gradient":""}},"ast-content-background-meta":{"desktop":{"background-color":"var(--ast-global-color-5)","background-image":"","background-repeat":"repeat","background-position":"center center","background-size":"auto","background-attachment":"scroll","background-type":"","background-media":"","overlay-type":"","overlay-color":"","overlay-opacity":"","overlay-gradient":""},"tablet":{"background-color":"var(--ast-global-color-5)","background-image":"","background-repeat":"repeat","background-position":"center center","background-size":"auto","background-attachment":"scroll","background-type":"","background-media":"","overlay-type":"","overlay-color":"","overlay-opacity":"","overlay-gradient":""},"mobile":{"background-color":"var(--ast-global-color-5)","background-image":"","background-repeat":"repeat","background-position":"center center","background-size":"auto","background-attachment":"scroll","background-type":"","background-media":"","overlay-type":"","overlay-color":"","overlay-opacity":"","overlay-gradient":""}},"_joinchat":{"telephone":"+8617776015835"}},"product_brand":[],"product_cat":[67,152,157,158,142,146,60],"product_tag":[100,99,101],"class_list":{"0":"post-2980","1":"product","2":"type-product","3":"status-publish","4":"has-post-thumbnail","6":"product_cat-30000-puff","7":"product_cat-buy-disposable-vapes-in-cermany","8":"product_cat-buy-disposable-vapes-in-portugal","9":"product_cat-buy-disposable-vapes-in-spain","10":"product_cat-digital-box-disposable-vapes","11":"product_cat-rechargeable-disposable-vapes","12":"product_cat-waspe-fihp-vape","13":"product_tag-wasoe-vape","14":"product_tag-waspe-30000-puffs","15":"product_tag-waspe-30k","16":"desktop-align-left","17":"tablet-align-left","18":"mobile-align-left","20":"first","21":"instock","22":"sale","23":"shipping-taxable","24":"purchasable","25":"product-type-simple"},"acf":[],"uagb_featured_image_src":{"full":["https:\/\/vapestornado.com\/wp-content\/uploads\/2024\/12\/Waspe-FIHP-30000-30K-Puffs-Disposable-Vape.jpg",800,800,false],"thumbnail":["https:\/\/vapestornado.com\/wp-content\/uploads\/2024\/12\/Waspe-FIHP-30000-30K-Puffs-Disposable-Vape-150x150.jpg",150,150,true],"medium":["https:\/\/vapestornado.com\/wp-content\/uploads\/2024\/12\/Waspe-FIHP-30000-30K-Puffs-Disposable-Vape-300x300.jpg",300,300,true],"medium_large":["https:\/\/vapestornado.com\/wp-content\/uploads\/2024\/12\/Waspe-FIHP-30000-30K-Puffs-Disposable-Vape-768x768.jpg",768,768,true],"large":["https:\/\/vapestornado.com\/wp-content\/uploads\/2024\/12\/Waspe-FIHP-30000-30K-Puffs-Disposable-Vape.jpg",800,800,false],"1536x1536":["https:\/\/vapestornado.com\/wp-content\/uploads\/2024\/12\/Waspe-FIHP-30000-30K-Puffs-Disposable-Vape.jpg",800,800,false],"2048x2048":["https:\/\/vapestornado.com\/wp-content\/uploads\/2024\/12\/Waspe-FIHP-30000-30K-Puffs-Disposable-Vape.jpg",800,800,false],"trp-custom-language-flag":["https:\/\/vapestornado.com\/wp-content\/uploads\/2024\/12\/Waspe-FIHP-30000-30K-Puffs-Disposable-Vape.jpg",12,12,false],"woocommerce_thumbnail":["https:\/\/vapestornado.com\/wp-content\/uploads\/2024\/12\/Waspe-FIHP-30000-30K-Puffs-Disposable-Vape-300x300.jpg",300,300,true],"woocommerce_single":["https:\/\/vapestornado.com\/wp-content\/uploads\/2024\/12\/Waspe-FIHP-30000-30K-Puffs-Disposable-Vape-600x600.jpg",600,600,true],"woocommerce_gallery_thumbnail":["https:\/\/vapestornado.com\/wp-content\/uploads\/2024\/12\/Waspe-FIHP-30000-30K-Puffs-Disposable-Vape-100x100.jpg",100,100,true]},"uagb_author_info":{"display_name":"ESAMY","author_link":"https:\/\/vapestornado.com\/sv\/author\/"},"uagb_comment_info":0,"uagb_excerpt":"WASPE FIHP 30000 Puffs LED Display Disposable Vape Waspe 30000 Puffs FIHP Vape Electric Cigarette 30k WASPE Vape 30000 Puffs Dual Mesh 0% 2% 5% Nicotine Add Amy's whatsapp to get right reply and vape vape coupon! WhatsApp: +86 17776015835 &nbsp;","_links":{"self":[{"href":"https:\/\/vapestornado.com\/sv\/wp-json\/wp\/v2\/product\/2980","targetHints":{"allow":["GET"]}}],"collection":[{"href":"https:\/\/vapestornado.com\/sv\/wp-json\/wp\/v2\/product"}],"about":[{"href":"https:\/\/vapestornado.com\/sv\/wp-json\/wp\/v2\/types\/product"}],"replies":[{"embeddable":true,"href":"https:\/\/vapestornado.com\/sv\/wp-json\/wp\/v2\/comments?post=2980"}],"wp:featuredmedia":[{"embeddable":true,"href":"https:\/\/vapestornado.com\/sv\/wp-json\/wp\/v2\/media\/2977"}],"wp:attachment":[{"href":"https:\/\/vapestornado.com\/sv\/wp-json\/wp\/v2\/media?parent=2980"}],"wp:term":[{"taxonomy":"product_brand","embeddable":true,"href":"https:\/\/vapestornado.com\/sv\/wp-json\/wp\/v2\/product_brand?post=2980"},{"taxonomy":"product_cat","embeddable":true,"href":"https:\/\/vapestornado.com\/sv\/wp-json\/wp\/v2\/product_cat?post=2980"},{"taxonomy":"product_tag","embeddable":true,"href":"https:\/\/vapestornado.com\/sv\/wp-json\/wp\/v2\/product_tag?post=2980"}],"curies":[{"name":"wp","href":"https:\/\/api.w.org\/{rel}","templated":true}]}}