{"id":2958,"date":"2024-12-05T08:16:37","date_gmt":"2024-12-05T08:16:37","guid":{"rendered":"https:\/\/vapestornado.com\/?post_type=product&#038;p=2958"},"modified":"2025-08-23T10:27:04","modified_gmt":"2025-08-23T10:27:04","slug":"randm-vape-tornado-15k-puffs-disposable-vapes-wholesale-price-2-5-nicotine","status":"publish","type":"product","link":"https:\/\/vapestornado.com\/sv\/product\/randm-vape-tornado-15k-puffs-disposable-vapes-wholesale-price-2-5-nicotine\/","title":{"rendered":"Randm Vape Tornado 15k Puffar Eng\u00e5ngs Vapes Grossistpris 2% 5% Nikotin"},"content":{"rendered":"<h1>Randm Vape Tornado 15k Puffar Eng\u00e5ngs Vapes Grossistpris 2% 5% Nikotin<\/h1>\n<p>&nbsp;<\/p>\n<p data-start=\"206\" data-end=\"513\">Den <strong data-start=\"210\" data-end=\"247\">RandM Tornado 15K Eng\u00e5ngs Vape<\/strong> \u00e4r byggd f\u00f6r att f\u00f6rse \u00e5terf\u00f6rs\u00e4ljare och distribut\u00f6rer med ett p\u00e5litligt alternativ med h\u00f6g volym f\u00f6r deras hyllor. Varje enhet \u00e4r f\u00f6rfylld med <strong data-start=\"383\" data-end=\"403\">25 ml e-v\u00e4tska<\/strong> och drivs av en <strong data-start=\"425\" data-end=\"456\">850mAh uppladdningsbart batteri<\/strong>, vilket ger upp till <strong data-start=\"473\" data-end=\"489\">15 000 bloss<\/strong> utan avbrott.<\/p>\n<p data-start=\"515\" data-end=\"845\">Konstruerad med ett <strong data-start=\"533\" data-end=\"553\">meshspole system<\/strong>levererar enheten stabil \u00e5ngproduktion och fyllig smak. Anv\u00e4ndare kan enkelt \u00f6vervaka prestanda genom de <strong data-start=\"672\" data-end=\"691\">dubbla indikatorerna<\/strong> f\u00f6r b\u00e5de batteri- och v\u00e4tskeniv\u00e5er. Dess <strong data-start=\"732\" data-end=\"767\">dragaktiverade avfyrningsmekanism<\/strong> s\u00e4kerst\u00e4ller enkel, knappfri anv\u00e4ndning, vilket g\u00f6r den l\u00e4mplig f\u00f6r vardagliga kunder.<\/p>\n<p data-start=\"847\" data-end=\"1119\">Den <strong data-start=\"851\" data-end=\"875\">Typ-C snabbladdning<\/strong> port minskar stillest\u00e5ndstiden mellan sessionerna, och den l\u00e4tta <strong data-start=\"936\" data-end=\"950\">103g ramen<\/strong> g\u00f6r den l\u00e4tt att b\u00e4ra med sig. Med <strong data-start=\"990\" data-end=\"1022\">2% och 5% nikotinstyrkor<\/strong>, den <strong data-start=\"1028\" data-end=\"1041\">RandM 15K<\/strong> rymmer b\u00e5de l\u00e4ttare anv\u00e4ndare och de som f\u00f6redrar ett starkare riv i halsen.<\/p>\n<p data-start=\"1121\" data-end=\"1311\">Designad med grossistf\u00f6rs\u00e4ljning i \u00e5tanke, \u00e4r <strong data-start=\"1158\" data-end=\"1193\">RandM Tornado 15 000 Puffar Vape<\/strong> balanserar kapacitet, anv\u00e4ndbarhet och konkurrenskraftig bulkpriss\u00e4ttning \u2013 vilket g\u00f6r det till ett smart tillskott till europeiska vape-lager.<\/p>\n<p><img fetchpriority=\"high\" decoding=\"async\" class=\"size-medium wp-image-2951\" src=\"https:\/\/vapestornado.com\/wp-content\/uploads\/2024\/12\/Wholesale-Disposable-Vape-265x300.jpg\" alt=\"Grossist Eng\u00e5ngs Vape\" width=\"265\" height=\"300\" srcset=\"https:\/\/vapestornado.com\/wp-content\/uploads\/2024\/12\/Wholesale-Disposable-Vape-265x300.jpg 265w, https:\/\/vapestornado.com\/wp-content\/uploads\/2024\/12\/Wholesale-Disposable-Vape-768x871.jpg 768w, https:\/\/vapestornado.com\/wp-content\/uploads\/2024\/12\/Wholesale-Disposable-Vape-600x680.jpg 600w, https:\/\/vapestornado.com\/wp-content\/uploads\/2024\/12\/Wholesale-Disposable-Vape.jpg 823w\" sizes=\"(max-width: 265px) 100vw, 265px\" \/><\/p>\n<h6>V\u00e4nligen kontakta Mandys WhatsApp f\u00f6r rabatterat pris<a href=\"https:\/\/wa.me\/8618077105796\" target=\"_blank\" rel=\"noopener\">+8618077105796<\/a><\/h6>\n<p>&nbsp;<\/p>\n<h2><strong>RandM Tornado Vape 15000 Puffs \u2013 Produkt H\u00f6jdpunkter<\/strong><\/h2>\n<ul>\n<li><strong>Ut\u00f6kad Anv\u00e4ndning<\/strong>: Levererar imponerande 15 000 bloss, vilket s\u00e4kerst\u00e4ller l\u00e5ngvarig prestanda f\u00f6r frekventa anv\u00e4ndare.<\/li>\n<li><strong>Smarta Indikatorer<\/strong>: Utrustad med batteri- och e-v\u00e4tskeniv\u00e5indikatorer, som ger uppdateringar i realtid f\u00f6r att undvika ov\u00e4ntade avbrott.<\/li>\n<li><strong>Enkel Anv\u00e4ndning<\/strong>: Aktiveras av en enkel inandning, vilket eliminerar behovet av knappar och erbjuder en problemfri vapingupplevelse.<\/li>\n<li><strong>Laddningsv\u00e4nlig<\/strong>: Drivs av ett 850mAh uppladdningsbart batteri med en Type-C laddningsport f\u00f6r snabb och effektiv uppladdning.<\/li>\n<li><strong>\u00d6verl\u00e4gset Coil System<\/strong>: Har avancerad mesh coil-teknik f\u00f6r konsekventa, rika smaker och tjocka \u00e5ngmoln.<\/li>\n<li><strong>Grossist-Redo<\/strong>: Bulk-v\u00e4nlig f\u00f6rpackning med 200 enheter per kartong v\u00e4nder sig till grossister och \u00e5terf\u00f6rs\u00e4ljare i Sverige.<\/li>\n<li><strong>Portabel Konstruktion<\/strong>: Med en vikt p\u00e5 endast 103g \u00e4r denna l\u00e4ttviktiga design perfekt f\u00f6r en aktiv livsstil.<\/li>\n<\/ul>\n<p>&nbsp;<\/p>\n<h2><strong>RandM Tornado 15000 Puff Detaljerade Smakbeskrivningar<\/strong><\/h2>\n<p>1. Blue Razz Lemonade<br \/>\n2. Peach Ice<br \/>\n3. Sour Apple<br \/>\n4.Vattenmelon Is<br \/>\n5. Blueberry On Ice<br \/>\n6. Blueberry Raspberry<br \/>\n7. Pineapple Ice<br \/>\n8. Cherry<br \/>\n9. Strawberry Ice<br \/>\n10. Vimto<br \/>\n11. Grape Ice<br \/>\n12. Cola Ice<br \/>\n13. Strawberry Watermelon<br \/>\n14. Pink Lemonade<br \/>\n15. Mixed Berry<br \/>\n16. Peach Mango<br \/>\n17. Dragon Fruit<br \/>\n18. Strawberry Grape<br \/>\n19. Mr Blue<br \/>\n20. Frodig is<br \/>\n21. Isglass<br \/>\n22. Jordgubbskiwi<br \/>\n23. Kiwi passionsfrukt guava<br \/>\n24. Trippelb\u00e4r<br \/>\n25. Bananis<br \/>\n26. Persika bl\u00e5b\u00e4rsgodis<br \/>\n27. \u00c4pple persika p\u00e4ron<br \/>\n28. B\u00e4rlemonad<br \/>\n29. Bl\u00e5 hallon k\u00f6rsb\u00e4r<br \/>\n30. Bl\u00e5b\u00e4rstuggummi<br \/>\n31. Bl\u00e5b\u00e4r K\u00f6rsb\u00e4r Tranb\u00e4r<br \/>\n32. Bl\u00e5b\u00e4r Granat\u00e4pple<br \/>\n33. Bluesour Hallon<br \/>\n34. K\u00f6rsb\u00e4rs Cola<br \/>\n35. Gummibj\u00f6rn<br \/>\n36. Citron<br \/>\n37. Mango med Is<br \/>\n38. R\u00f6d Energidryck med Is<br \/>\n39. Jordgubbsbanan<br \/>\n40. Jordgubbs Red Bull<br \/>\n41. Jordgubb Vattenmelon Lemonad<br \/>\n42. Is Te Citron Is<br \/>\n43. Is Te Persika Is<br \/>\n44. Brusk\u00f6rsb\u00e4r<br \/>\n45. Skittles<\/p>\n<h3><strong>Varf\u00f6r V\u00e4lja RandM Tornado 15000 Puffar?<\/strong><\/h3>\n<ul>\n<li><strong>O\u00f6vertr\u00e4ffad Livsl\u00e4ngd<\/strong><br \/>\nNjut av upp till 15 000 bloss per enhet, vilket s\u00e4kerst\u00e4ller f\u00f6rl\u00e4ngd anv\u00e4ndning utan frekventa byten \u2013 ett perfekt val f\u00f6r konsekventa vejpare.<\/li>\n<li><strong>Avancerad Teknik<\/strong><br \/>\nMed mesh coil-teknologi levererar RandM Tornado \u00f6verl\u00e4gsna smakprofiler och t\u00e4ta \u00e5ngmoln, vilket f\u00f6rb\u00e4ttrar din vapingupplevelse.<\/li>\n<li><strong>Bekv\u00e4mlighet omdefinierad<\/strong><br \/>\nMed ett auto-drag aktiveringssystem \u00e4r vaping lika enkelt som att andas in \u2013 inga knappar, inget kr\u00e5ngel, bara enkel njutning.<\/li>\n<li><strong>Laddningsbart batteri<\/strong><br \/>\nDet 850mAh uppladdningsbara batteriet, tillsammans med en Type-C laddningsport, ger snabba uppladdningar, vilket h\u00e5ller dig redo att vejpa n\u00e4r som helst.<\/li>\n<li><strong>Realtids\u00f6vervakning<\/strong><br \/>\nUtrustad med batteri- och e-v\u00e4tskeindikatorer kan du h\u00e5lla dig informerad om enhetens status och undvika ov\u00e4ntade avbrott.<\/li>\n<\/ul>\n<h3><strong>K\u00f6pa RandM Tornado 15000 Puffar i Bulk<\/strong><\/h3>\n<p><strong>Prisv\u00e4rd F\u00f6rtr\u00e4fflighet<\/strong><br \/>\nAtt k\u00f6pa RandM Tornado 15000 Puffar i bulk \u00e4r ett kostnadseffektivt s\u00e4tt att njuta av premium-kvalitets vaping till ett l\u00e4gre pris per enhet. Detta alternativ \u00e4r idealiskt f\u00f6r \u00e5terf\u00f6rs\u00e4ljare och enskilda k\u00f6pare som s\u00f6ker maximalt v\u00e4rde utan att kompromissa med kvaliteten.<\/p>\n<p><strong>Konsekvent Tillg\u00e4nglighet<\/strong><br \/>\nSe till att du aldrig f\u00e5r slut p\u00e5 din favorit eng\u00e5ngs vape med bulkink\u00f6p. Oavsett om du \u00e4r en \u00e5terf\u00f6rs\u00e4ljare eller en ivrig vejpare, garanterar en stadig tillg\u00e5ng p\u00e5 dessa l\u00e5ngvariga enheter oavbruten tillfredsst\u00e4llelse.<\/p>\n<p><strong>Perfekt f\u00f6r F\u00f6retag<\/strong><br \/>\n\u00c5terf\u00f6rs\u00e4ljare och vape butiks\u00e4gare kan dra stor nytta av att lagerf\u00f6ra RandM Tornado 15000. Dess rykte om h\u00f6g prestanda, uppladdningsbara funktioner och imponerande puffantal g\u00f6r den till en b\u00e4sts\u00e4ljande produkt som lockar en bred kundbas.<\/p>\n<p><strong>Anpassningsbart Smakval<\/strong><br \/>\nMed ett stort utbud av smaker, fr\u00e5n s\u00f6ta och fruktiga till klassiska och mentol, kan bulkbest\u00e4llningar skr\u00e4ddarsys f\u00f6r att inkludera olika alternativ som tillgodoser olika preferenser. Denna flexibilitet s\u00e4kerst\u00e4ller att varje kund hittar sin idealiska vapingupplevelse.<\/p>\n<h3><\/h3>\n<h3><strong>Varf\u00f6r V\u00e4lja vapestornado Bulkink\u00f6p Randm Vape 15k puff?<\/strong><\/h3>\n<ul>\n<li><strong>Grossistf\u00f6rdelar<\/strong>: Stora best\u00e4llningar kommer med rabatterade priser, vilket g\u00f6r det till ett smart val f\u00f6r f\u00f6retag.<\/li>\n<li><strong>Milj\u00f6v\u00e4nlig Design<\/strong>: Uppladdningsbar teknik minskar avfallet j\u00e4mf\u00f6rt med eng\u00e5ngsenheter.<\/li>\n<li><strong>F\u00f6rb\u00e4ttrade vinstmarginaler<\/strong>: \u00c5terf\u00f6rs\u00e4ljare kan dra nytta av populariteten hos denna mycket efterfr\u00e5gade produkt.<\/li>\n<\/ul>\n<h3><strong>Utforska v\u00e4rlden av RandM Vape<\/strong><\/h3>\n<p>Dyk ner i ett omfattande urval av sp\u00e4nnande smaker som <strong>Bl\u00e5b\u00e4rs is<\/strong>, <strong>Mango Persika<\/strong>, <strong>Kall Mint<\/strong>, och mer. Varje smak \u00e4r utformad f\u00f6r att leverera en unik och konsekvent smak, vilket s\u00e4kerst\u00e4ller att varje bloss \u00e4r lika h\u00e4rlig som den f\u00f6rsta. Uppt\u00e4ck det ultimata inom vaping-tillfredsst\u00e4llelse med RandM Tornado 15000 Puffs. Bulk-alternativ \u00e4r nu tillg\u00e4ngliga hos <a href=\"https:\/\/vapestornado.com\/sv\/\"><strong>vapestornado<\/strong><\/a>, din p\u00e5litliga k\u00e4lla f\u00f6r f\u00f6rstklassiga eng\u00e5ngsvapes. Handla idag och ta din vapingupplevelse till n\u00e4sta niv\u00e5!<\/p>","protected":false},"excerpt":{"rendered":"<p>Den <strong data-start=\"1355\" data-end=\"1381\">RandM Tornado 15K Vape<\/strong> erbjuder 25 ml kapacitet, 15 000 bloss och dubbla indikatorer. Ett l\u00e4tt, uppladdningsbart alternativ skr\u00e4ddarsytt f\u00f6r <strong data-start=\"1487\" data-end=\"1523\">grossistmarknader f\u00f6r vape i Europa<\/strong>.<\/p>\n<figure id=\"attachment_2951\" aria-describedby=\"caption-attachment-2951\" style=\"width: 265px\" class=\"wp-caption alignnone\"><img fetchpriority=\"high\" decoding=\"async\" class=\"size-medium wp-image-2951\" src=\"https:\/\/vapestornado.com\/wp-content\/uploads\/2024\/12\/Wholesale-Disposable-Vape-265x300.jpg\" alt=\"Grossist Eng\u00e5ngs Vape\" width=\"265\" height=\"300\" srcset=\"https:\/\/vapestornado.com\/wp-content\/uploads\/2024\/12\/Wholesale-Disposable-Vape-265x300.jpg 265w, https:\/\/vapestornado.com\/wp-content\/uploads\/2024\/12\/Wholesale-Disposable-Vape-768x871.jpg 768w, https:\/\/vapestornado.com\/wp-content\/uploads\/2024\/12\/Wholesale-Disposable-Vape-600x680.jpg 600w, https:\/\/vapestornado.com\/wp-content\/uploads\/2024\/12\/Wholesale-Disposable-Vape.jpg 823w\" sizes=\"(max-width: 265px) 100vw, 265px\" \/><figcaption id=\"caption-attachment-2951\" class=\"wp-caption-text\">V\u00e4nligen kontakta Mandys WhatsApp f\u00f6r rabatterat pris<a href=\"https:\/\/wa.me\/8618077105796\">+8618077105796<\/a><\/figcaption><\/figure>\n<p>&nbsp;<\/p>","protected":false},"featured_media":2933,"comment_status":"open","ping_status":"closed","template":"","meta":{"_acf_changed":false,"_uag_custom_page_level_css":"","_lmt_disableupdate":"no","_lmt_disable":"","_monsterinsights_skip_tracking":false,"_monsterinsights_sitenote_active":false,"_monsterinsights_sitenote_note":"","_monsterinsights_sitenote_category":0,"site-sidebar-layout":"default","site-content-layout":"","ast-site-content-layout":"default","site-content-style":"default","site-sidebar-style":"default","ast-global-header-display":"","ast-banner-title-visibility":"","ast-main-header-display":"","ast-hfb-above-header-display":"","ast-hfb-below-header-display":"","ast-hfb-mobile-header-display":"","site-post-title":"","ast-breadcrumbs-content":"","ast-featured-img":"","footer-sml-layout":"","ast-disable-related-posts":"","theme-transparent-header-meta":"default","adv-header-id-meta":"","stick-header-meta":"","header-above-stick-meta":"","header-main-stick-meta":"","header-below-stick-meta":"","astra-migrate-meta-layouts":"set","ast-page-background-enabled":"default","ast-page-background-meta":{"desktop":{"background-color":"","background-image":"","background-repeat":"repeat","background-position":"center center","background-size":"auto","background-attachment":"scroll","background-type":"","background-media":"","overlay-type":"","overlay-color":"","overlay-opacity":"","overlay-gradient":""},"tablet":{"background-color":"","background-image":"","background-repeat":"repeat","background-position":"center center","background-size":"auto","background-attachment":"scroll","background-type":"","background-media":"","overlay-type":"","overlay-color":"","overlay-opacity":"","overlay-gradient":""},"mobile":{"background-color":"","background-image":"","background-repeat":"repeat","background-position":"center center","background-size":"auto","background-attachment":"scroll","background-type":"","background-media":"","overlay-type":"","overlay-color":"","overlay-opacity":"","overlay-gradient":""}},"ast-content-background-meta":{"desktop":{"background-color":"var(--ast-global-color-5)","background-image":"","background-repeat":"repeat","background-position":"center center","background-size":"auto","background-attachment":"scroll","background-type":"","background-media":"","overlay-type":"","overlay-color":"","overlay-opacity":"","overlay-gradient":""},"tablet":{"background-color":"var(--ast-global-color-5)","background-image":"","background-repeat":"repeat","background-position":"center center","background-size":"auto","background-attachment":"scroll","background-type":"","background-media":"","overlay-type":"","overlay-color":"","overlay-opacity":"","overlay-gradient":""},"mobile":{"background-color":"var(--ast-global-color-5)","background-image":"","background-repeat":"repeat","background-position":"center center","background-size":"auto","background-attachment":"scroll","background-type":"","background-media":"","overlay-type":"","overlay-color":"","overlay-opacity":"","overlay-gradient":""}},"_joinchat":{"telephone":"+8618077105796"}},"product_brand":[],"product_cat":[71,154,157,58,148],"product_tag":[97,80],"class_list":{"0":"post-2958","1":"product","2":"type-product","3":"status-publish","4":"has-post-thumbnail","6":"product_cat-15000-puff","7":"product_cat-buy-disposable-vapes-in-netherlands","8":"product_cat-buy-disposable-vapes-in-portugal","9":"product_cat-fumot-vape","10":"product_cat-tornado-disposable-vapes","11":"product_tag-hot-sale-disposable-vape","12":"product_tag-randm-15k","13":"desktop-align-left","14":"tablet-align-left","15":"mobile-align-left","17":"first","18":"instock","19":"sale","20":"shipping-taxable","21":"purchasable","22":"product-type-simple"},"acf":[],"uagb_featured_image_src":{"full":["https:\/\/vapestornado.com\/wp-content\/uploads\/2024\/12\/Discount-Price-Randm-Vape-Tornado-15000-Puffs-Apple-Peach-Pear.jpg",800,800,false],"thumbnail":["https:\/\/vapestornado.com\/wp-content\/uploads\/2024\/12\/Discount-Price-Randm-Vape-Tornado-15000-Puffs-Apple-Peach-Pear-150x150.jpg",150,150,true],"medium":["https:\/\/vapestornado.com\/wp-content\/uploads\/2024\/12\/Discount-Price-Randm-Vape-Tornado-15000-Puffs-Apple-Peach-Pear-300x300.jpg",300,300,true],"medium_large":["https:\/\/vapestornado.com\/wp-content\/uploads\/2024\/12\/Discount-Price-Randm-Vape-Tornado-15000-Puffs-Apple-Peach-Pear-768x768.jpg",768,768,true],"large":["https:\/\/vapestornado.com\/wp-content\/uploads\/2024\/12\/Discount-Price-Randm-Vape-Tornado-15000-Puffs-Apple-Peach-Pear.jpg",800,800,false],"1536x1536":["https:\/\/vapestornado.com\/wp-content\/uploads\/2024\/12\/Discount-Price-Randm-Vape-Tornado-15000-Puffs-Apple-Peach-Pear.jpg",800,800,false],"2048x2048":["https:\/\/vapestornado.com\/wp-content\/uploads\/2024\/12\/Discount-Price-Randm-Vape-Tornado-15000-Puffs-Apple-Peach-Pear.jpg",800,800,false],"trp-custom-language-flag":["https:\/\/vapestornado.com\/wp-content\/uploads\/2024\/12\/Discount-Price-Randm-Vape-Tornado-15000-Puffs-Apple-Peach-Pear.jpg",12,12,false],"woocommerce_thumbnail":["https:\/\/vapestornado.com\/wp-content\/uploads\/2024\/12\/Discount-Price-Randm-Vape-Tornado-15000-Puffs-Apple-Peach-Pear-300x300.jpg",300,300,true],"woocommerce_single":["https:\/\/vapestornado.com\/wp-content\/uploads\/2024\/12\/Discount-Price-Randm-Vape-Tornado-15000-Puffs-Apple-Peach-Pear-600x600.jpg",600,600,true],"woocommerce_gallery_thumbnail":["https:\/\/vapestornado.com\/wp-content\/uploads\/2024\/12\/Discount-Price-Randm-Vape-Tornado-15000-Puffs-Apple-Peach-Pear-100x100.jpg",100,100,true]},"uagb_author_info":{"display_name":"ESMANDY","author_link":"https:\/\/vapestornado.com\/sv\/author\/"},"uagb_comment_info":0,"uagb_excerpt":"The RandM Tornado 15K Vape offers 25ml capacity, 15,000 puffs, and dual indicators. A lightweight, rechargeable option tailored for wholesale vape markets in Europe. [caption id=\"attachment_2951\" align=\"alignnone\" width=\"265\"] Pls Contact Mandy's WhatsApp For Discount Price+8618077105796[\/caption] &nbsp;","_links":{"self":[{"href":"https:\/\/vapestornado.com\/sv\/wp-json\/wp\/v2\/product\/2958","targetHints":{"allow":["GET"]}}],"collection":[{"href":"https:\/\/vapestornado.com\/sv\/wp-json\/wp\/v2\/product"}],"about":[{"href":"https:\/\/vapestornado.com\/sv\/wp-json\/wp\/v2\/types\/product"}],"replies":[{"embeddable":true,"href":"https:\/\/vapestornado.com\/sv\/wp-json\/wp\/v2\/comments?post=2958"}],"wp:featuredmedia":[{"embeddable":true,"href":"https:\/\/vapestornado.com\/sv\/wp-json\/wp\/v2\/media\/2933"}],"wp:attachment":[{"href":"https:\/\/vapestornado.com\/sv\/wp-json\/wp\/v2\/media?parent=2958"}],"wp:term":[{"taxonomy":"product_brand","embeddable":true,"href":"https:\/\/vapestornado.com\/sv\/wp-json\/wp\/v2\/product_brand?post=2958"},{"taxonomy":"product_cat","embeddable":true,"href":"https:\/\/vapestornado.com\/sv\/wp-json\/wp\/v2\/product_cat?post=2958"},{"taxonomy":"product_tag","embeddable":true,"href":"https:\/\/vapestornado.com\/sv\/wp-json\/wp\/v2\/product_tag?post=2958"}],"curies":[{"name":"wp","href":"https:\/\/api.w.org\/{rel}","templated":true}]}}