{"id":2926,"date":"2024-12-03T08:03:07","date_gmt":"2024-12-03T08:03:07","guid":{"rendered":"https:\/\/vapestornado.com\/?post_type=product&#038;p=2926"},"modified":"2025-08-23T10:05:34","modified_gmt":"2025-08-23T10:05:34","slug":"fumot-digital-box-12000-puffs-cheap-price-disposable-vape","status":"publish","type":"product","link":"https:\/\/vapestornado.com\/sv\/product\/fumot-digital-box-12000-puffs-cheap-price-disposable-vape\/","title":{"rendered":"Fumot Digital Box 12000 Puffs Billigt Pris Eng\u00e5ngsvape"},"content":{"rendered":"<h1>Fumot Digital Box 12000 Puffs Billigt Pris Eng\u00e5ngsvape<\/h1>\n<p>&nbsp;<\/p>\n<p data-start=\"298\" data-end=\"609\">Den <strong data-start=\"302\" data-end=\"351\">Fumot Digital Box 12000 Puffar Eng\u00e5ngsvape<\/strong> erbjuder l\u00e5ngvarig prestanda och starkt grossistintresse. Med en <strong data-start=\"420\" data-end=\"453\">20 ml f\u00f6rfylld e-v\u00e4tskebeh\u00e5llare<\/strong> och upp till <strong data-start=\"464\" data-end=\"491\">12 000 puffar per enhet<\/strong>ger den ut\u00f6kad anv\u00e4ndning och konsekvent smak, vilket g\u00f6r den till ett attraktivt val f\u00f6r b\u00e5de \u00e5terf\u00f6rs\u00e4ljare och bulkink\u00f6pare.<\/p>\n<p data-start=\"611\" data-end=\"868\">Drivs av ett <strong data-start=\"624\" data-end=\"655\">550mAh uppladdningsbara batteriet<\/strong> med <strong data-start=\"661\" data-end=\"685\">Typ-C snabbladdning<\/strong>minimerar denna vape driftstopp samtidigt som den levererar p\u00e5litlig prestanda. Dess <strong data-start=\"759\" data-end=\"789\">justerbar luftfl\u00f6deskontroll<\/strong> l\u00e5ter kunderna skr\u00e4ddarsy \u00e5ngproduktionen, vilket tilltalar en bred anv\u00e4ndargrupp.<\/p>\n<p data-start=\"870\" data-end=\"1111\">En unik funktion hos <strong data-start=\"894\" data-end=\"919\">Fumot 12K Digital Box<\/strong> \u00e4r den <strong data-start=\"927\" data-end=\"943\">6 RGB-lampor<\/strong>som aktiveras under anv\u00e4ndning f\u00f6r att \u00f6ka det visuella intrycket \u2013 popul\u00e4rt bland yngre europeiska konsumenter. Kompakt, t\u00e5lig och l\u00e4tt att b\u00e4ra, passar den b\u00e5de f\u00f6r vardagsbruk och sociala tillf\u00e4llen.<\/p>\n<p data-start=\"1113\" data-end=\"1315\">Med sin balans av h\u00f6g puffkapacitet, anpassningsbara funktioner och <strong data-start=\"1180\" data-end=\"1213\">konkurrenskraftiga grossistpriser<\/strong>, den <strong data-start=\"1219\" data-end=\"1246\">Fumot Digital Box 12000<\/strong> \u00e4r ett smart tillskott f\u00f6r vapebutiker och distribut\u00f6rer i hela Europa.<\/p>\n<p><img fetchpriority=\"high\" decoding=\"async\" class=\"size-medium wp-image-2951\" src=\"https:\/\/vapestornado.com\/wp-content\/uploads\/2024\/12\/Wholesale-Disposable-Vape-265x300.jpg\" alt=\"Grossist Eng\u00e5ngs Vape\" width=\"265\" height=\"300\" srcset=\"https:\/\/vapestornado.com\/wp-content\/uploads\/2024\/12\/Wholesale-Disposable-Vape-265x300.jpg 265w, https:\/\/vapestornado.com\/wp-content\/uploads\/2024\/12\/Wholesale-Disposable-Vape-768x871.jpg 768w, https:\/\/vapestornado.com\/wp-content\/uploads\/2024\/12\/Wholesale-Disposable-Vape-600x680.jpg 600w, https:\/\/vapestornado.com\/wp-content\/uploads\/2024\/12\/Wholesale-Disposable-Vape.jpg 823w\" sizes=\"(max-width: 265px) 100vw, 265px\" \/><\/p>\n<h6>V\u00e4nligen kontakta Mandys WhatsApp f\u00f6r rabatterat pris<a href=\"https:\/\/wa.me\/8618077105796\" target=\"_blank\" rel=\"noopener\">+8618077105796<\/a><\/h6>\n<p>&nbsp;<\/p>\n<h3>Produktfunktioner<\/h3>\n<ul>\n<li><strong>20 ml e-v\u00e4tska<\/strong>: Levererar exceptionell smak och upp till 12 000 bloss.<\/li>\n<li><strong>550mAh uppladdningsbara batteriet<\/strong>: S\u00e4kerst\u00e4ller l\u00e5ngvarig kraft med snabb Type-C-laddning.<\/li>\n<li><strong>6 RGB-lampor<\/strong>: F\u00f6rb\u00e4ttrar din vapingupplevelse med ett coolt och stilfullt sken.<\/li>\n<li><strong>Luftfl\u00f6deskontrollbrytare<\/strong>: Justera \u00e5ngintensiteten efter dina \u00f6nskem\u00e5l utan anstr\u00e4ngning.<\/li>\n<li><strong>Kompakt och h\u00e5llbar<\/strong>: Perfekt f\u00f6r anv\u00e4ndning p\u00e5 spr\u00e5ng med en elegant, exklusiv design.<\/li>\n<\/ul>\n<h4><strong>Fumot 12000 smaker<\/strong><\/h4>\n<p>1 Kall Mint<br \/>\n2 Vattenmelon Is<br \/>\n3 Druv Is<br \/>\n4 Bl\u00e5b\u00e4r Hallon<br \/>\n5 Jordgubbsvattenmelon<br \/>\n6 Jordgubbsbanan<br \/>\n7 Frodig is<br \/>\n8 K\u00f6rsb\u00e4r<br \/>\n9 Jordgubbsis<br \/>\n10 Isglass<br \/>\n11 Rosa Lemonad<br \/>\n12 Mango p\u00e5 is<br \/>\n13 Blandade B\u00e4r<br \/>\n14 Jordgubbsmunk<br \/>\n15 Jordgubbsdruva<br \/>\n16 K\u00f6rsb\u00e4rscola<br \/>\n17 Dr bl\u00e5<br \/>\n18 Bl\u00e5b\u00e4r p\u00e5 is<br \/>\n19 Kiwi passionsfrukt guava<br \/>\n20 Jordgubbskiwi<br \/>\n21 Persika mango<br \/>\n22 Persiko-is<br \/>\n23 R\u00f6tt \u00e4pple is<br \/>\n24 Bl\u00e5b\u00e4rstuggummi<br \/>\n25 B\u00e4rlemonad<br \/>\n26 Bl\u00e5 hallonlemonad<br \/>\n27 Surt hallon<br \/>\n28 Jordgubbs Red bull<br \/>\n29 \u00c4pple b\u00e4r explosion<br \/>\n30 Vattenmelon bubbelgum<br \/>\n31 Hallon vattenmelon<br \/>\n32 Svart is<br \/>\n33 Bl\u00e5b\u00e4r k\u00f6rsb\u00e4r tranb\u00e4r<br \/>\n34 Strawberry pomp (granat\u00e4pple)<br \/>\n35 Vimto<br \/>\n36 K\u00f6rsb\u00e4r b\u00e4r<br \/>\n37 Lemon<br \/>\n38 Bingo Crush<br \/>\n39 Bl\u00e5b\u00e4r kiwi<br \/>\n40 \u00c4pple Kanel<\/p>\n<p>&nbsp;<\/p>\n<h3>Vanliga fr\u00e5gor om Fumot Digital Box 12000 Puffs Eng\u00e5ngsvape<\/h3>\n<p><strong>F: \u00c4r Fumot-vapes av h\u00f6g kvalitet?<\/strong><br \/>\n<strong>A:<\/strong> Ja, Fumot-vapes \u00e4r k\u00e4nda f\u00f6r sin premiumkvalitet och exceptionella prestanda. De \u00e4r utrustade med avancerad teknologi f\u00f6r att leverera konsekvent smak, en tillfredsst\u00e4llande vapingupplevelse och ett imponerande antal bloss, vilket g\u00f6r dem till ett p\u00e5litligt val f\u00f6r vaping-entusiaster.<\/p>\n<p><strong>F: Hur l\u00e4nge r\u00e4cker en randm vape med 12 000 bloss?<\/strong><br \/>\n<strong>A:<\/strong> Varaktigheten beror p\u00e5 individuella anv\u00e4ndningsvanor. F\u00f6r storanv\u00e4ndare kan den r\u00e4cka i flera veckor, medan m\u00e5ttliga anv\u00e4ndare kan tycka att den \u00e4r tillr\u00e4cklig i en till tv\u00e5 m\u00e5nader. L\u00e4ttanv\u00e4ndare kan potentiellt njuta av sin enhet i upp till tre m\u00e5nader, vilket g\u00f6r den idealisk f\u00f6r dem som f\u00f6redrar ett l\u00e5ngvarigt vapingalternativ utan frekventa byten.<\/p>\n<p><strong>F: Vad \u00e4r priset f\u00f6r en Fumot vape med 12 000 bloss?<\/strong><br \/>\n<strong>A:<\/strong> Priset f\u00f6r en 12 000-bloss vape varierar beroende p\u00e5 m\u00e4rke, funktioner och s\u00e4ljare. I Sverige varierar priset vanligtvis mellan 200 och 400 kr. S\u00e4songsrabatter, tillg\u00e4nglighet och modellvariationer kan ocks\u00e5 p\u00e5verka kostnaden.<\/p>\n<p><strong>F: Hur mycket nikotin finns det i en vape med 12 000 bloss?<\/strong><br \/>\n<strong>A:<\/strong> Fumot Digital Box erbjuder flera alternativ f\u00f6r nikotinstyrka, inklusive 0 %, 2 %, 3 % och 5 %. Denna variation g\u00f6r det m\u00f6jligt f\u00f6r anv\u00e4ndare att v\u00e4lja en niv\u00e5 som st\u00e4mmer \u00f6verens med deras preferenser och vapingvanor.<\/p>\n<p><strong>F: Hur l\u00e5ng tid tar det att ladda en Fumot vape?<\/strong><br \/>\n<strong>A:<\/strong> Laddningstiden f\u00f6r en Fumot vape \u00e4r cirka 1 till 2 timmar, beroende p\u00e5 enhetens batterikapacitet och laddartyp. Den snabba laddningsfunktionen s\u00e4kerst\u00e4ller minimal stillest\u00e5ndstid, s\u00e5 att anv\u00e4ndare snabbt kan \u00e5teruppta vapingen.<\/p>\n<p>&nbsp;<\/p>\n<h3>Anledningar att v\u00e4lja grossistpris <a href=\"https:\/\/vapestornado.com\/sv\/product\/fumot-digital-box-12000-puffs-cheap-price-disposable-vape\/\">Fumot Digital Box 12000 bloss<\/a> Eng\u00e5ngsvape till <a href=\"https:\/\/vapestornado.com\/sv\/store\/\">vapestornado<\/a><\/h3>\n<ol>\n<li><strong>H\u00f6g blosssiffra f\u00f6r l\u00e5ng livsl\u00e4ngd<\/strong><br \/>\nMed en imponerande kapacitet p\u00e5 12 000 bloss garanterar denna enhet ut\u00f6kad anv\u00e4ndning, perfekt f\u00f6r dem som s\u00f6ker en l\u00e5ngvarig vape utan frekventa byten.<\/li>\n<li><strong>Anpassningsbara nikotinalternativ<\/strong><br \/>\nTillg\u00e4nglig i 0 %, 2 %, 3 % och 5 % nikotinstyrkor, tillgodoser Fumot Digital Box ett brett utbud av preferenser, oavsett om du letar efter en nikotinfri eller starkare upplevelse.<\/li>\n<li><strong>Kompakt design med avancerade funktioner<\/strong><br \/>\nDen slanka, l\u00e4tta designen \u00e4r parad med moderna funktioner som luftfl\u00f6deskontroll och 6 RGB-lampor, vilket ger b\u00e5de funktionalitet och stil.<\/li>\n<li><strong>Bekv\u00e4mt uppladdningsbart batteri<\/strong><br \/>\nUtrustad med ett 550mAh uppladdningsbart batteri och Type-C-laddningsport, erbjuder den snabba laddningar, vilket h\u00e5ller stillest\u00e5ndstiden till ett minimum.<\/li>\n<li><strong>Prisv\u00e4rd priss\u00e4ttning<\/strong><br \/>\nGenom att erbjuda premiumfunktioner till ett konkurrenskraftigt pris, levererar Fumot Digital Box utm\u00e4rkt v\u00e4rde f\u00f6r dem som s\u00f6ker en budgetv\u00e4nlig, h\u00f6gpresterande vapingl\u00f6sning.<\/li>\n<\/ol>","protected":false},"excerpt":{"rendered":"<p>Uppt\u00e4ck oslagbara erbjudanden p\u00e5 den uppladdningsbara vapen Fumot Digital Box 12000 puff. Kontakta oss idag f\u00f6r att s\u00e4kra din specialrabatt!<strong>(Minsta best\u00e4llningskvantitet \u00e4r 50 stycken)<\/strong><\/p>\n<figure id=\"attachment_2951\" aria-describedby=\"caption-attachment-2951\" style=\"width: 265px\" class=\"wp-caption alignnone\"><img fetchpriority=\"high\" decoding=\"async\" class=\"size-medium wp-image-2951\" src=\"https:\/\/vapestornado.com\/wp-content\/uploads\/2024\/12\/Wholesale-Disposable-Vape-265x300.jpg\" alt=\"Grossist Eng\u00e5ngs Vape\" width=\"265\" height=\"300\" srcset=\"https:\/\/vapestornado.com\/wp-content\/uploads\/2024\/12\/Wholesale-Disposable-Vape-265x300.jpg 265w, https:\/\/vapestornado.com\/wp-content\/uploads\/2024\/12\/Wholesale-Disposable-Vape-768x871.jpg 768w, https:\/\/vapestornado.com\/wp-content\/uploads\/2024\/12\/Wholesale-Disposable-Vape-600x680.jpg 600w, https:\/\/vapestornado.com\/wp-content\/uploads\/2024\/12\/Wholesale-Disposable-Vape.jpg 823w\" sizes=\"(max-width: 265px) 100vw, 265px\" \/><figcaption id=\"caption-attachment-2951\" class=\"wp-caption-text\">V\u00e4nligen kontakta Mandys WhatsApp f\u00f6r rabatterat pris<a href=\"https:\/\/wa.me\/8618077105796\">+8618077105796<\/a><\/figcaption><\/figure>","protected":false},"featured_media":2943,"comment_status":"open","ping_status":"closed","template":"","meta":{"_acf_changed":false,"_uag_custom_page_level_css":"","_lmt_disableupdate":"no","_lmt_disable":"","_monsterinsights_skip_tracking":false,"_monsterinsights_sitenote_active":false,"_monsterinsights_sitenote_note":"","_monsterinsights_sitenote_category":0,"site-sidebar-layout":"default","site-content-layout":"","ast-site-content-layout":"default","site-content-style":"default","site-sidebar-style":"default","ast-global-header-display":"","ast-banner-title-visibility":"","ast-main-header-display":"","ast-hfb-above-header-display":"","ast-hfb-below-header-display":"","ast-hfb-mobile-header-display":"","site-post-title":"","ast-breadcrumbs-content":"","ast-featured-img":"","footer-sml-layout":"","ast-disable-related-posts":"","theme-transparent-header-meta":"default","adv-header-id-meta":"","stick-header-meta":"","header-above-stick-meta":"","header-main-stick-meta":"","header-below-stick-meta":"","astra-migrate-meta-layouts":"set","ast-page-background-enabled":"default","ast-page-background-meta":{"desktop":{"background-color":"","background-image":"","background-repeat":"repeat","background-position":"center center","background-size":"auto","background-attachment":"scroll","background-type":"","background-media":"","overlay-type":"","overlay-color":"","overlay-opacity":"","overlay-gradient":""},"tablet":{"background-color":"","background-image":"","background-repeat":"repeat","background-position":"center center","background-size":"auto","background-attachment":"scroll","background-type":"","background-media":"","overlay-type":"","overlay-color":"","overlay-opacity":"","overlay-gradient":""},"mobile":{"background-color":"","background-image":"","background-repeat":"repeat","background-position":"center center","background-size":"auto","background-attachment":"scroll","background-type":"","background-media":"","overlay-type":"","overlay-color":"","overlay-opacity":"","overlay-gradient":""}},"ast-content-background-meta":{"desktop":{"background-color":"var(--ast-global-color-5)","background-image":"","background-repeat":"repeat","background-position":"center center","background-size":"auto","background-attachment":"scroll","background-type":"","background-media":"","overlay-type":"","overlay-color":"","overlay-opacity":"","overlay-gradient":""},"tablet":{"background-color":"var(--ast-global-color-5)","background-image":"","background-repeat":"repeat","background-position":"center center","background-size":"auto","background-attachment":"scroll","background-type":"","background-media":"","overlay-type":"","overlay-color":"","overlay-opacity":"","overlay-gradient":""},"mobile":{"background-color":"var(--ast-global-color-5)","background-image":"","background-repeat":"repeat","background-position":"center center","background-size":"auto","background-attachment":"scroll","background-type":"","background-media":"","overlay-type":"","overlay-color":"","overlay-opacity":"","overlay-gradient":""}},"_joinchat":{"telephone":"+8618077105796"}},"product_brand":[],"product_cat":[72,154,155,142,58],"product_tag":[82,98],"class_list":{"0":"post-2926","1":"product","2":"type-product","3":"status-publish","4":"has-post-thumbnail","6":"product_cat-12000-puff","7":"product_cat-buy-disposable-vapes-in-netherlands","8":"product_cat-buy-disposable-vapes-in-norway","9":"product_cat-digital-box-disposable-vapes","10":"product_cat-fumot-vape","11":"product_tag-fumot-digital-box-12000-puffs","12":"product_tag-wholesale-price-disposable-vape","13":"desktop-align-left","14":"tablet-align-left","15":"mobile-align-left","17":"first","18":"instock","19":"sale","20":"shipping-taxable","21":"purchasable","22":"product-type-simple"},"acf":[],"uagb_featured_image_src":{"full":["https:\/\/vapestornado.com\/wp-content\/uploads\/2024\/12\/Fumot-Digital-Box-12000-Puffs-Grape-Ice.jpg",800,800,false],"thumbnail":["https:\/\/vapestornado.com\/wp-content\/uploads\/2024\/12\/Fumot-Digital-Box-12000-Puffs-Grape-Ice-150x150.jpg",150,150,true],"medium":["https:\/\/vapestornado.com\/wp-content\/uploads\/2024\/12\/Fumot-Digital-Box-12000-Puffs-Grape-Ice-300x300.jpg",300,300,true],"medium_large":["https:\/\/vapestornado.com\/wp-content\/uploads\/2024\/12\/Fumot-Digital-Box-12000-Puffs-Grape-Ice-768x768.jpg",768,768,true],"large":["https:\/\/vapestornado.com\/wp-content\/uploads\/2024\/12\/Fumot-Digital-Box-12000-Puffs-Grape-Ice.jpg",800,800,false],"1536x1536":["https:\/\/vapestornado.com\/wp-content\/uploads\/2024\/12\/Fumot-Digital-Box-12000-Puffs-Grape-Ice.jpg",800,800,false],"2048x2048":["https:\/\/vapestornado.com\/wp-content\/uploads\/2024\/12\/Fumot-Digital-Box-12000-Puffs-Grape-Ice.jpg",800,800,false],"trp-custom-language-flag":["https:\/\/vapestornado.com\/wp-content\/uploads\/2024\/12\/Fumot-Digital-Box-12000-Puffs-Grape-Ice.jpg",12,12,false],"woocommerce_thumbnail":["https:\/\/vapestornado.com\/wp-content\/uploads\/2024\/12\/Fumot-Digital-Box-12000-Puffs-Grape-Ice-300x300.jpg",300,300,true],"woocommerce_single":["https:\/\/vapestornado.com\/wp-content\/uploads\/2024\/12\/Fumot-Digital-Box-12000-Puffs-Grape-Ice-600x600.jpg",600,600,true],"woocommerce_gallery_thumbnail":["https:\/\/vapestornado.com\/wp-content\/uploads\/2024\/12\/Fumot-Digital-Box-12000-Puffs-Grape-Ice-100x100.jpg",100,100,true]},"uagb_author_info":{"display_name":"ESMANDY","author_link":"https:\/\/vapestornado.com\/sv\/author\/"},"uagb_comment_info":0,"uagb_excerpt":"Discover unbeatable deals on the Fumot Digital Box 12000 puff Rechargeable Vape. Reach out today to secure your special discount!(MOQ is 50pcs) [caption id=\"attachment_2951\" align=\"alignnone\" width=\"265\"] Pls Contact Mandy's WhatsApp For Discount Price+8618077105796[\/caption]","_links":{"self":[{"href":"https:\/\/vapestornado.com\/sv\/wp-json\/wp\/v2\/product\/2926","targetHints":{"allow":["GET"]}}],"collection":[{"href":"https:\/\/vapestornado.com\/sv\/wp-json\/wp\/v2\/product"}],"about":[{"href":"https:\/\/vapestornado.com\/sv\/wp-json\/wp\/v2\/types\/product"}],"replies":[{"embeddable":true,"href":"https:\/\/vapestornado.com\/sv\/wp-json\/wp\/v2\/comments?post=2926"}],"wp:featuredmedia":[{"embeddable":true,"href":"https:\/\/vapestornado.com\/sv\/wp-json\/wp\/v2\/media\/2943"}],"wp:attachment":[{"href":"https:\/\/vapestornado.com\/sv\/wp-json\/wp\/v2\/media?parent=2926"}],"wp:term":[{"taxonomy":"product_brand","embeddable":true,"href":"https:\/\/vapestornado.com\/sv\/wp-json\/wp\/v2\/product_brand?post=2926"},{"taxonomy":"product_cat","embeddable":true,"href":"https:\/\/vapestornado.com\/sv\/wp-json\/wp\/v2\/product_cat?post=2926"},{"taxonomy":"product_tag","embeddable":true,"href":"https:\/\/vapestornado.com\/sv\/wp-json\/wp\/v2\/product_tag?post=2926"}],"curies":[{"name":"wp","href":"https:\/\/api.w.org\/{rel}","templated":true}]}}