{"id":2922,"date":"2024-12-02T03:41:29","date_gmt":"2024-12-02T03:41:29","guid":{"rendered":"https:\/\/vapestornado.com\/?post_type=product&#038;p=2922"},"modified":"2025-10-31T09:41:30","modified_gmt":"2025-10-31T09:41:30","slug":"fumot-randm-tornado-15000-puffs-rechargeable-disposable-vape-wholesale","status":"publish","type":"product","link":"https:\/\/vapestornado.com\/sv\/product\/fumot-randm-tornado-15000-puffs-rechargeable-disposable-vape-wholesale\/","title":{"rendered":"Fumot RandM Tornado 15000 Puffs Uppladdningsbar Eng\u00e5ngsvape Grossist"},"content":{"rendered":"<h1 class=\"product-title\">Fumot RandM Tornado 15000 Puffs Uppladdningsbar Eng\u00e5ngsvape Grossist<\/h1>\n<p data-start=\"0\" data-end=\"528\">Den <strong data-start=\"4\" data-end=\"55\">Fumot RandM Tornado 15000 Puffar Eng\u00e5ngs Vape<\/strong> \u00e4r en kraftfull <strong data-start=\"70\" data-end=\"82\">15K vape<\/strong> byggd f\u00f6r prestanda, tillf\u00f6rlitlighet och v\u00e4rde. Varje <strong data-start=\"135\" data-end=\"158\">RandM Tornado 15000<\/strong> enhet levererar upp till <strong data-start=\"179\" data-end=\"195\">15 000 bloss<\/strong> med en enorm <strong data-start=\"211\" data-end=\"235\">22 ml f\u00f6rfylld tank<\/strong>, vilket ger exceptionell h\u00e5llbarhet f\u00f6r \u00e5terf\u00f6rs\u00e4ljare och grossister som s\u00f6ker h\u00f6g efterfr\u00e5gan p\u00e5 lager. Utformad med precision, denna <strong data-start=\"355\" data-end=\"375\">15K Tornado vape<\/strong> ger konsekvent \u00e5ngproduktion och rik smakleverans, vilket g\u00f6r den till en av de mest popul\u00e4ra <strong data-start=\"473\" data-end=\"495\">tornado vape 15000<\/strong> modellerna p\u00e5 den europeiska marknaden.<\/p>\n<p data-start=\"530\" data-end=\"866\">Utrustad med en <strong data-start=\"547\" data-end=\"578\">850mAh uppladdningsbart batteri<\/strong> och <strong data-start=\"583\" data-end=\"607\">Typ-C snabbladdning<\/strong>, minimerar enheten driftstopp samtidigt som den bibeh\u00e5ller stabil utg\u00e5ng under varje session. Den <strong data-start=\"700\" data-end=\"720\">meshspole system<\/strong> f\u00f6rb\u00e4ttrar smakintensitet och \u00e5ngans sl\u00e4thet, medan den <strong data-start=\"779\" data-end=\"797\">LED-indikatorerna<\/strong> h\u00e5ller anv\u00e4ndare informerade om e-juice och batteristatus med ett \u00f6gonkast.<\/p>\n<p data-start=\"868\" data-end=\"1247\" data-is-last-node=\"\" data-is-only-node=\"\">Tillg\u00e4nglig i <strong data-start=\"881\" data-end=\"910\">2% och 5% nikotinalternativ<\/strong> med mer \u00e4n <strong data-start=\"926\" data-end=\"940\">45 smaker<\/strong>, den <strong data-start=\"946\" data-end=\"966\">Fumot vape 15000<\/strong> passar b\u00e5de f\u00f6r casual-anv\u00e4ndare och tungvapers. Kompakt, stilren och l\u00e4tt att b\u00e4ra med sig, den \u00e4r ett perfekt till\u00e4gg till vilken grossistkatalog som helst. F\u00f6r distribut\u00f6rer \u00f6ver hela Europa, erbjuder <strong data-start=\"1132\" data-end=\"1166\">RandM Tornado 15000 Puff Vape<\/strong> prestanda i toppklass, smakvariation och oslagbara grossistpriser.<\/p>\n<p>&nbsp;<\/p>\n<p><strong>L\u00e4gg till Amys Whatsapp f\u00f6r att f\u00e5 snabbt svar och vape-kupong!<\/strong><\/p>\n<p><img fetchpriority=\"high\" decoding=\"async\" class=\"size-full wp-image-2932\" src=\"https:\/\/vapestornado.com\/wp-content\/uploads\/2024\/12\/Vape-Wholesale.jpg\" alt=\"Vape Partihandel\" width=\"229\" height=\"300\" \/><\/p>\n<h3><a href=\"https:\/\/wa.me\/8617776015835\" target=\"_blank\" rel=\"noopener\"><span style=\"color: #ff0000;\"><strong>WhatsApp: +86 17776015835<\/strong><\/span><\/a><\/h3>\n<p>&nbsp;<\/p>\n<h2><strong>RandM Tornado 15000 Produktegenskaper<\/strong><\/h2>\n<p>Puffar: Upp till 15 000 puffar.<br \/>\nBatterikapacitet: 850mAh uppladdningsbart batteri<br \/>\nSnabbladdning: USB Typ-C<br \/>\nLED-indikator f\u00f6r batteri- och oljeniv\u00e5.<br \/>\nMeshspole<br \/>\n45 smaker tillg\u00e4ngliga.<br \/>\nNikotin: 2% 5%<br \/>\nKompakt<\/p>\n<h2 class=\"product-title\"><strong>RandM 15k Vape Smaklista<\/strong><\/h2>\n<p>1. Blue Razz Lemonade<br \/>\n2. Peach Ice<br \/>\n3. Sour Apple<br \/>\n4.Vattenmelon Is<br \/>\n5. Blueberry On Ice<br \/>\n6. Blueberry Raspberry<br \/>\n7. Pineapple Ice<br \/>\n8. Cherry<br \/>\n9. Strawberry Ice<br \/>\n10. Vimto<br \/>\n11. Grape Ice<br \/>\n12. Cola Ice<br \/>\n13. Strawberry Watermelon<br \/>\n14. Pink Lemonade<br \/>\n15. Mixed Berry<br \/>\n16. Peach Mango<br \/>\n17. Dragon Fruit<br \/>\n18. Strawberry Grape<br \/>\n19. Mr Blue<br \/>\n20. Frodig is<br \/>\n21. Isglass<br \/>\n22. Jordgubbskiwi<br \/>\n23. Kiwi passionsfrukt guava<br \/>\n24. Trippelb\u00e4r<br \/>\n25. Bananis<br \/>\n26. Persika bl\u00e5b\u00e4rsgodis<br \/>\n27. \u00c4pple persika p\u00e4ron<br \/>\n28. B\u00e4rlemonad<br \/>\n29. Bl\u00e5 hallon k\u00f6rsb\u00e4r<br \/>\n30. Bl\u00e5b\u00e4rstuggummi<br \/>\n31. Bl\u00e5b\u00e4r K\u00f6rsb\u00e4r Tranb\u00e4r<br \/>\n32. Bl\u00e5b\u00e4r Granat\u00e4pple<br \/>\n33. Bluesour Hallon<br \/>\n34. K\u00f6rsb\u00e4rs Cola<br \/>\n35. Gummibj\u00f6rn<br \/>\n36. Citron<br \/>\n37. Mango med Is<br \/>\n38. R\u00f6d Energidryck med Is<br \/>\n39. Jordgubbsbanan<br \/>\n40. Jordgubbs Red Bull<br \/>\n41. Jordgubb Vattenmelon Lemonad<br \/>\n42. Is Te Citron Is<br \/>\n43. Is Te Persika Is<br \/>\n44. Brusk\u00f6rsb\u00e4r<br \/>\n45. Skittles<\/p>\n<h3>Varf\u00f6r v\u00e4lja vapestornado f\u00f6r Fumot 15k Tornado Vape Grossist?<\/h3>\n<div class=\"flex-shrink-0 flex flex-col relative items-end\">\n<div class=\"pt-0\">\n<div class=\"gizmo-bot-avatar flex h-8 w-8 items-center justify-center overflow-hidden rounded-full\">\n<div class=\"relative p-1 rounded-sm flex items-center justify-center bg-token-main-surface-primary text-token-text-primary h-8 w-8\">\n<p>V\u00e4lkommen till vapestornado, din p\u00e5litliga online vapebutik f\u00f6r premium eng\u00e5ngsvapes. Med mer \u00e4n 5 \u00e5rs erfarenhet erbjuder vi popul\u00e4ra eng\u00e5ngsvapevarum\u00e4rken som <a href=\"https:\/\/vapestornado.com\/sv\/product\/jnr-ragegorilla-55000-puffs-55k-vape-disposables-42ml-2-nicotine-wholesale-price\/\">JNR Vape<\/a>, Vapme, Bang Vape, Waspe Vape, och <a href=\"https:\/\/vapestornado.com\/sv\/product\/original-wga-ultra-35k-35000-puff-rechargeable-crystal-disposable-nicotine-vape-best-discount-price\/\">WGA Vape<\/a>, etc.<\/p>\n<p>V\u00e5rt sortiment inkluderar heta vapes som RandM Tornado 15000 och smakrika val som WASPE Double Flavor 40000 Puffs. Varje produkt \u00e4r vald med fokus p\u00e5 kvalitet, v\u00e4rde och variation, vilket s\u00e4kerst\u00e4ller att du hittar den perfekta matchningen f\u00f6r dina behov. Uppt\u00e4ck exceptionell service och ett brett utbud av toppprodukter p\u00e5 vapestornado.<\/p>\n<\/div>\n<h3><\/h3>\n<div class=\"relative p-1 rounded-sm flex items-center justify-center bg-token-main-surface-primary text-token-text-primary h-8 w-8\">\n<h3>Vanliga fr\u00e5gor om RandM 15k Eng\u00e5ngsvape<\/h3>\n<\/div>\n<\/div>\n<\/div>\n<\/div>\n<div class=\"flex-shrink-0 flex flex-col relative items-end\">\n<div class=\"pt-0\">\n<div class=\"gizmo-bot-avatar flex h-8 w-8 items-center justify-center overflow-hidden rounded-full\">\n<div class=\"relative p-1 rounded-sm flex items-center justify-center bg-token-main-surface-primary text-token-text-primary h-8 w-8\"><\/div>\n<\/div>\n<\/div>\n<\/div>\n<div class=\"group\/conversation-turn relative flex w-full min-w-0 flex-col agent-turn\">\n<div class=\"flex-col gap-1 md:gap-3\">\n<div class=\"flex max-w-full flex-col flex-grow\">\n<div class=\"min-h-8 text-message flex w-full flex-col items-end gap-2 whitespace-normal break-words [.text-message+&amp;]:mt-5\" dir=\"auto\" data-message-author-role=\"assistant\" data-message-id=\"db716a1c-9ed0-4b8d-b3b0-7bdb913c3d42\" data-message-model-slug=\"gpt-4o\">\n<div class=\"flex w-full flex-col gap-1 empty:hidden first:pt-[3px]\">\n<div class=\"markdown prose w-full break-words dark:prose-invert light\">\n<p><strong>Var kan man k\u00f6pa RandM Tornado 15000 Vape till partihandelspris i Sverige<\/strong><br \/>\nF\u00f6r att k\u00f6pa RandM Tornado 15000 vape till partihandelspriser i Sverige, kontakta auktoriserade vape-grossister eller online-leverant\u00f6rer som specialiserar sig p\u00e5 RandM Vape-produkter. Se till att de f\u00f6ljer lokala best\u00e4mmelser och erbjuder autentiska produkter.<\/p>\n<p><strong>Hur m\u00e5nga puffar ger Fumot Vape 15k?<\/strong><br \/>\nFumot Vape 15k erbjuder upp till 15 000 puffar, vilket ger exceptionell livsl\u00e4ngd f\u00f6r l\u00e5nga vapingsessioner.<\/p>\n<p><strong>Hur l\u00e4nge h\u00e5ller den popul\u00e4ra RandM 15000 eng\u00e5ngsvape-pennan?<\/strong><br \/>\nH\u00e5llbarheten f\u00f6r RandM 15000 beror p\u00e5 anv\u00e4ndarvanor. F\u00f6r m\u00e5ttliga vapers h\u00e5ller den vanligtvis tv\u00e5 till tre veckor, tack vare dess h\u00f6ga puffkapacitet och uppladdningsbara design.<\/p>\n<p><strong>Vilka \u00e4r de popul\u00e4ra smakerna f\u00f6r Fumot 15k Puffs eng\u00e5ngsbox?<\/strong><br \/>\nPopul\u00e4ra smaker f\u00f6r Fumot 15k inkluderar fruktiga alternativ som Mango Ice, Strawberry Watermelon och Blueberry Raspberry, samt kylande mentolblandningar och dessertinspirerade profiler.<\/p>\n<p><strong>Hur l\u00e5ng tid tar det att ladda en RandM 15k uppladdningsbar vape?<\/strong><br \/>\nAtt ladda en RandM 15k uppladdningsbar vape tar cirka 1-2 timmar med dess USB Type-C snabbladdningsport, vilket s\u00e4kerst\u00e4ller snabb och effektiv \u00e5terst\u00e4llning av str\u00f6mmen.<\/p>\n<p><strong>Hur mycket nikotin finns det i en RandM Tornado 15000 Puffs eng\u00e5ngsvape?<\/strong><br \/>\nRandM Tornado 15000 erbjuder en anpassningsbar nikotinupplevelse, med styrkor som str\u00e4cker sig upp till 50mg beroende p\u00e5 variant, vilket tillgodoser olika anv\u00e4ndarpreferenser.<\/p>\n<\/div>\n<\/div>\n<\/div>\n<\/div>\n<\/div>\n<\/div>","protected":false},"excerpt":{"rendered":"<p>B\u00e4sta RandM Tornado 15000 Puffs smaker L\u00e4gsta pris<br \/>\nFumot RandM 15000 Puffs eng\u00e5ngsvape grossist<br \/>\nRandM Tornado 15000 uppladdningsbar eng\u00e5ngsvape storpack pris<\/p>\n<p><strong>L\u00e4gg till Amys whatsapp f\u00f6r snabbt svar och vape-kupong!<\/strong><\/p>\n<p><img fetchpriority=\"high\" decoding=\"async\" class=\"size-full wp-image-2932\" src=\"https:\/\/vapestornado.com\/wp-content\/uploads\/2024\/12\/Vape-Wholesale.jpg\" alt=\"Vape Partihandel\" width=\"229\" height=\"300\" \/><\/p>\n<h3><a href=\"https:\/\/wa.me\/8617776015835\"><span style=\"color: #ff0000;\"><strong>WhatsApp: +86 17776015835<\/strong><\/span><\/a><\/h3>\n<p>&nbsp;<\/p>","protected":false},"featured_media":2929,"comment_status":"open","ping_status":"closed","template":"","meta":{"_acf_changed":false,"_uag_custom_page_level_css":"","_lmt_disableupdate":"no","_lmt_disable":"","_monsterinsights_skip_tracking":false,"_monsterinsights_sitenote_active":false,"_monsterinsights_sitenote_note":"","_monsterinsights_sitenote_category":0,"site-sidebar-layout":"default","site-content-layout":"","ast-site-content-layout":"default","site-content-style":"default","site-sidebar-style":"default","ast-global-header-display":"","ast-banner-title-visibility":"","ast-main-header-display":"","ast-hfb-above-header-display":"","ast-hfb-below-header-display":"","ast-hfb-mobile-header-display":"","site-post-title":"","ast-breadcrumbs-content":"","ast-featured-img":"","footer-sml-layout":"","ast-disable-related-posts":"","theme-transparent-header-meta":"default","adv-header-id-meta":"","stick-header-meta":"","header-above-stick-meta":"","header-main-stick-meta":"","header-below-stick-meta":"","astra-migrate-meta-layouts":"set","ast-page-background-enabled":"default","ast-page-background-meta":{"desktop":{"background-color":"","background-image":"","background-repeat":"repeat","background-position":"center center","background-size":"auto","background-attachment":"scroll","background-type":"","background-media":"","overlay-type":"","overlay-color":"","overlay-opacity":"","overlay-gradient":""},"tablet":{"background-color":"","background-image":"","background-repeat":"repeat","background-position":"center center","background-size":"auto","background-attachment":"scroll","background-type":"","background-media":"","overlay-type":"","overlay-color":"","overlay-opacity":"","overlay-gradient":""},"mobile":{"background-color":"","background-image":"","background-repeat":"repeat","background-position":"center center","background-size":"auto","background-attachment":"scroll","background-type":"","background-media":"","overlay-type":"","overlay-color":"","overlay-opacity":"","overlay-gradient":""}},"ast-content-background-meta":{"desktop":{"background-color":"var(--ast-global-color-5)","background-image":"","background-repeat":"repeat","background-position":"center center","background-size":"auto","background-attachment":"scroll","background-type":"","background-media":"","overlay-type":"","overlay-color":"","overlay-opacity":"","overlay-gradient":""},"tablet":{"background-color":"var(--ast-global-color-5)","background-image":"","background-repeat":"repeat","background-position":"center center","background-size":"auto","background-attachment":"scroll","background-type":"","background-media":"","overlay-type":"","overlay-color":"","overlay-opacity":"","overlay-gradient":""},"mobile":{"background-color":"var(--ast-global-color-5)","background-image":"","background-repeat":"repeat","background-position":"center center","background-size":"auto","background-attachment":"scroll","background-type":"","background-media":"","overlay-type":"","overlay-color":"","overlay-opacity":"","overlay-gradient":""}},"_joinchat":{"telephone":"+8617776015835"}},"product_brand":[],"product_cat":[71,140,149,150,152,157,58],"product_tag":[414,415,79,416,81,80,77,78,214],"class_list":{"0":"post-2922","1":"product","2":"type-product","3":"status-publish","4":"has-post-thumbnail","6":"product_cat-15000-puff","7":"product_cat-big-puffs-disposable-vapes","8":"product_cat-buy-disposable-vapes-in-austria","9":"product_cat-buy-disposable-vapes-in-belgium","10":"product_cat-buy-disposable-vapes-in-cermany","11":"product_cat-buy-disposable-vapes-in-portugal","12":"product_cat-fumot-vape","13":"product_tag-15k-tornado-vape","14":"product_tag-15k-vape","15":"product_tag-fumot-15k","16":"product_tag-fumot-vape-15000","17":"product_tag-randm-15000","18":"product_tag-randm-15k","19":"product_tag-randm-tornado-15000","20":"product_tag-randm-vape","21":"product_tag-tornado-vape-15000","22":"desktop-align-left","23":"tablet-align-left","24":"mobile-align-left","26":"first","27":"instock","28":"sale","29":"shipping-taxable","30":"purchasable","31":"product-type-simple"},"acf":[],"uagb_featured_image_src":{"full":["https:\/\/vapestornado.com\/wp-content\/uploads\/2024\/12\/RandM-15000-Tornado-Vape-Wholesale.jpg",1182,1182,false],"thumbnail":["https:\/\/vapestornado.com\/wp-content\/uploads\/2024\/12\/RandM-15000-Tornado-Vape-Wholesale-150x150.jpg",150,150,true],"medium":["https:\/\/vapestornado.com\/wp-content\/uploads\/2024\/12\/RandM-15000-Tornado-Vape-Wholesale-300x300.jpg",300,300,true],"medium_large":["https:\/\/vapestornado.com\/wp-content\/uploads\/2024\/12\/RandM-15000-Tornado-Vape-Wholesale-768x768.jpg",768,768,true],"large":["https:\/\/vapestornado.com\/wp-content\/uploads\/2024\/12\/RandM-15000-Tornado-Vape-Wholesale-1024x1024.jpg",1024,1024,true],"1536x1536":["https:\/\/vapestornado.com\/wp-content\/uploads\/2024\/12\/RandM-15000-Tornado-Vape-Wholesale.jpg",1182,1182,false],"2048x2048":["https:\/\/vapestornado.com\/wp-content\/uploads\/2024\/12\/RandM-15000-Tornado-Vape-Wholesale.jpg",1182,1182,false],"trp-custom-language-flag":["https:\/\/vapestornado.com\/wp-content\/uploads\/2024\/12\/RandM-15000-Tornado-Vape-Wholesale.jpg",12,12,false],"woocommerce_thumbnail":["https:\/\/vapestornado.com\/wp-content\/uploads\/2024\/12\/RandM-15000-Tornado-Vape-Wholesale-300x300.jpg",300,300,true],"woocommerce_single":["https:\/\/vapestornado.com\/wp-content\/uploads\/2024\/12\/RandM-15000-Tornado-Vape-Wholesale-600x600.jpg",600,600,true],"woocommerce_gallery_thumbnail":["https:\/\/vapestornado.com\/wp-content\/uploads\/2024\/12\/RandM-15000-Tornado-Vape-Wholesale-100x100.jpg",100,100,true]},"uagb_author_info":{"display_name":"ESAMY","author_link":"https:\/\/vapestornado.com\/sv\/author\/"},"uagb_comment_info":1,"uagb_excerpt":"Best RandM Tornado 15000 Puffs Flavours Lowest Price Fumot RandM 15000 Puffs Disposable Vape Wholesale RandM Tornado 15000 Rechargeable Disposable Vape Bulk Buy Price Add Amy's whatsapp get right reply and vape vape coupon! WhatsApp: +86 17776015835 &nbsp;","_links":{"self":[{"href":"https:\/\/vapestornado.com\/sv\/wp-json\/wp\/v2\/product\/2922","targetHints":{"allow":["GET"]}}],"collection":[{"href":"https:\/\/vapestornado.com\/sv\/wp-json\/wp\/v2\/product"}],"about":[{"href":"https:\/\/vapestornado.com\/sv\/wp-json\/wp\/v2\/types\/product"}],"replies":[{"embeddable":true,"href":"https:\/\/vapestornado.com\/sv\/wp-json\/wp\/v2\/comments?post=2922"}],"wp:featuredmedia":[{"embeddable":true,"href":"https:\/\/vapestornado.com\/sv\/wp-json\/wp\/v2\/media\/2929"}],"wp:attachment":[{"href":"https:\/\/vapestornado.com\/sv\/wp-json\/wp\/v2\/media?parent=2922"}],"wp:term":[{"taxonomy":"product_brand","embeddable":true,"href":"https:\/\/vapestornado.com\/sv\/wp-json\/wp\/v2\/product_brand?post=2922"},{"taxonomy":"product_cat","embeddable":true,"href":"https:\/\/vapestornado.com\/sv\/wp-json\/wp\/v2\/product_cat?post=2922"},{"taxonomy":"product_tag","embeddable":true,"href":"https:\/\/vapestornado.com\/sv\/wp-json\/wp\/v2\/product_tag?post=2922"}],"curies":[{"name":"wp","href":"https:\/\/api.w.org\/{rel}","templated":true}]}}