{"id":2781,"date":"2024-11-12T10:02:57","date_gmt":"2024-11-12T10:02:57","guid":{"rendered":"https:\/\/vapestornado.com\/?page_id=2781"},"modified":"2024-11-12T10:02:58","modified_gmt":"2024-11-12T10:02:58","slug":"age-verification-policy-for-vapestornado","status":"publish","type":"page","link":"https:\/\/vapestornado.com\/sv\/age-verification-policy-for-vapestornado\/","title":{"rendered":"\u00c5ldersverifieringspolicy f\u00f6r vapestornado"},"content":{"rendered":"<p>P\u00e5 vapestornado \u00e4r vi engagerade i att uppr\u00e4tth\u00e5lla ett ansvarsfullt och lagligt f\u00f6rh\u00e5llningss\u00e4tt till f\u00f6rs\u00e4ljningen av v\u00e5ra vape-produkter. F\u00f6r att s\u00e4kerst\u00e4lla att vi uppfyller lagkraven och fr\u00e4mjar ansvarsfull vaping har vi implementerat f\u00f6ljande policy f\u00f6r \u00e5ldersverifiering:<\/p>\n\n\n\n<h3 class=\"wp-block-heading\"><strong>Lagstadgad \u00e5ldersgr\u00e4ns f\u00f6r r\u00f6kning<\/strong><\/h3>\n\n\n\n<p>Kunder m\u00e5ste vara minst <strong>21 \u00e5r gamla<\/strong> (den lagstadgade \u00e5ldersgr\u00e4nsen f\u00f6r r\u00f6kning i Sverige) f\u00f6r att k\u00f6pa vape-produkter fr\u00e5n v\u00e5r webbplats, vapestornado.com.<\/p>\n\n\n\n<h3 class=\"wp-block-heading\"><strong>F\u00f6rfalskning av \u00e5lder \u00e4r olagligt<\/strong><\/h3>\n\n\n\n<p>Det \u00e4r <strong>olagligt<\/strong> att f\u00f6rfalska din \u00e5lder f\u00f6r att k\u00f6pa v\u00e5ra produkter. Brott mot denna lag kan leda till r\u00e4ttsliga p\u00e5f\u00f6ljder, inklusive b\u00f6ter och potentiella brottm\u00e5lsanklagelser.<\/p>\n\n\n\n<h3 class=\"wp-block-heading\"><strong>F\u00f6rbud mot ink\u00f6p f\u00f6r minder\u00e5riga<\/strong><\/h3>\n\n\n\n<p>Att k\u00f6pa vape-produkter fr\u00e5n vapestornado f\u00f6r <strong>minder\u00e5riga<\/strong> \u00e4r str\u00e4ngt f\u00f6rbjudet. Varje f\u00f6rs\u00f6k att g\u00f6ra det kan leda till r\u00e4ttsliga konsekvenser f\u00f6r k\u00f6paren.<\/p>\n\n\n\n<h3 class=\"wp-block-heading\"><strong>\u00c5ldersverifieringsprocess<\/strong><\/h3>\n\n\n\n<p>Vi har en <strong>strikt \u00e5ldersverifiering<\/strong> process f\u00f6r att s\u00e4kerst\u00e4lla efterlevnad av lagstadgade \u00e5lderskrav. F\u00f6r att slutf\u00f6ra \u00e5ldersverifieringen kan du bli ombedd att l\u00e4mna personuppgifter, inklusive ditt namn, adress, f\u00f6delsedatum och de fyra sista siffrorna i ditt personnummer. Denna information kommer att kontrolleras mot offentliga register. Om kontrollen misslyckas eller om du inte kan ange ditt personnummer kommer du att bli ombedd att ladda upp en <strong>statligt utf\u00e4rdad ID-handling<\/strong> f\u00f6r verifiering.<\/p>\n\n\n\n<h3 class=\"wp-block-heading\"><strong>R\u00e4tt att neka service<\/strong><\/h3>\n\n\n\n<p>Vi f\u00f6rbeh\u00e5ller oss r\u00e4tten att <strong>v\u00e4gra eller annullera en order<\/strong> om vi inte kan verifiera din \u00e5lder eller om korrekt identifiering inte kan tillhandah\u00e5llas omg\u00e5ende.<\/p>\n\n\n\n<h3 class=\"wp-block-heading\"><strong>Engagemang f\u00f6r ungdomsf\u00f6rebyggande<\/strong><\/h3>\n\n\n\n<p>vapestornado \u00e4r dedikerade till att f\u00f6rhindra f\u00f6rs\u00e4ljning av produkter till minder\u00e5riga. Vi anv\u00e4nder ett robust system f\u00f6r \u00e5ldersverifiering f\u00f6r att s\u00e4kerst\u00e4lla efterlevnad av lagliga \u00e5ldersgr\u00e4nser och f\u00f6rhindra ungdomars tillg\u00e5ng till vape-produkter.<\/p>\n\n\n\n<h3 class=\"wp-block-heading\"><strong>V\u00e4gran eller begr\u00e4nsning av service<\/strong><\/h3>\n\n\n\n<p>Vi f\u00f6rbeh\u00e5ller oss r\u00e4tten att <strong>neka service<\/strong> till individer som inte uppfyller \u00e5lderskraven eller tillhandah\u00e5ller tillr\u00e4ckligt bevis p\u00e5 \u00e5lder. Om du tror att du har blivit felaktigt nekad service, v\u00e4nligen kontakta v\u00e5r kundtj\u00e4nst f\u00f6r hj\u00e4lp.<\/p>\n\n\n\n<h3 class=\"wp-block-heading\"><strong>Varning om webbplatsens inneh\u00e5ll<\/strong><\/h3>\n\n\n\n<p>Vi inkluderar ett <strong>varningmeddelande<\/strong> p\u00e5 v\u00e5r webbplats ang\u00e5ende elektroniska cigarettprodukter, och p\u00e5minner kunderna om att de m\u00e5ste vara minst <strong>21 \u00e5r gamla<\/strong> i Sverige f\u00f6r att g\u00f6ra ett k\u00f6p.<\/p>\n\n\n\n<p>P\u00e5 vapestornado prioriterar vi <strong>s\u00e4kerhet<\/strong> och <strong>v\u00e4lbefinnande<\/strong> hos v\u00e5ra kunder. Genom att s\u00e4kerst\u00e4lla strikt efterlevnad av protokoll f\u00f6r \u00e5ldersverifiering uppr\u00e4tth\u00e5ller vi ett ansvarsfullt och lagligt f\u00f6rh\u00e5llningss\u00e4tt till f\u00f6rs\u00e4ljning av e-cigaretter. V\u00e5rt engagemang f\u00f6r att f\u00f6rhindra tillg\u00e5ng f\u00f6r minder\u00e5riga \u00e5terspeglar v\u00e5r h\u00e4ngivenhet att fr\u00e4mja en h\u00e4lsosam och ansvarsfull vaping-gemenskap.<\/p>\n\n\n\n<p>4o mini<\/p>","protected":false},"excerpt":{"rendered":"<p>P\u00e5 vapestornado \u00e4r vi engagerade i att uppr\u00e4tth\u00e5lla ett ansvarsfullt och lagligt f\u00f6rh\u00e5llningss\u00e4tt till f\u00f6rs\u00e4ljningen av v\u00e5ra vape-produkter. F\u00f6r att s\u00e4kerst\u00e4lla att vi uppfyller lagkraven och fr\u00e4mjar ansvarsfull vaping har vi implementerat f\u00f6ljande policy f\u00f6r \u00e5ldersverifiering: Lagligt krav p\u00e5 r\u00f6k\u00e5lder Kunder m\u00e5ste vara minst 21 \u00e5r gamla (den lagliga r\u00f6k\u00e5ldern i [...]<\/p>","protected":false},"author":1,"featured_media":0,"parent":0,"menu_order":0,"comment_status":"closed","ping_status":"closed","template":"","meta":{"_acf_changed":false,"_uag_custom_page_level_css":"","_lmt_disableupdate":"","_lmt_disable":"","_monsterinsights_skip_tracking":false,"_monsterinsights_sitenote_active":false,"_monsterinsights_sitenote_note":"","_monsterinsights_sitenote_category":0,"site-sidebar-layout":"default","site-content-layout":"","ast-site-content-layout":"default","site-content-style":"default","site-sidebar-style":"default","ast-global-header-display":"","ast-banner-title-visibility":"","ast-main-header-display":"","ast-hfb-above-header-display":"","ast-hfb-below-header-display":"","ast-hfb-mobile-header-display":"","site-post-title":"","ast-breadcrumbs-content":"","ast-featured-img":"","footer-sml-layout":"","ast-disable-related-posts":"","theme-transparent-header-meta":"","adv-header-id-meta":"","stick-header-meta":"","header-above-stick-meta":"","header-main-stick-meta":"","header-below-stick-meta":"","astra-migrate-meta-layouts":"set","ast-page-background-enabled":"default","ast-page-background-meta":{"desktop":{"background-color":"","background-image":"","background-repeat":"repeat","background-position":"center center","background-size":"auto","background-attachment":"scroll","background-type":"","background-media":"","overlay-type":"","overlay-color":"","overlay-opacity":"","overlay-gradient":""},"tablet":{"background-color":"","background-image":"","background-repeat":"repeat","background-position":"center center","background-size":"auto","background-attachment":"scroll","background-type":"","background-media":"","overlay-type":"","overlay-color":"","overlay-opacity":"","overlay-gradient":""},"mobile":{"background-color":"","background-image":"","background-repeat":"repeat","background-position":"center center","background-size":"auto","background-attachment":"scroll","background-type":"","background-media":"","overlay-type":"","overlay-color":"","overlay-opacity":"","overlay-gradient":""}},"ast-content-background-meta":{"desktop":{"background-color":"var(--ast-global-color-5)","background-image":"","background-repeat":"repeat","background-position":"center center","background-size":"auto","background-attachment":"scroll","background-type":"","background-media":"","overlay-type":"","overlay-color":"","overlay-opacity":"","overlay-gradient":""},"tablet":{"background-color":"var(--ast-global-color-5)","background-image":"","background-repeat":"repeat","background-position":"center center","background-size":"auto","background-attachment":"scroll","background-type":"","background-media":"","overlay-type":"","overlay-color":"","overlay-opacity":"","overlay-gradient":""},"mobile":{"background-color":"var(--ast-global-color-5)","background-image":"","background-repeat":"repeat","background-position":"center center","background-size":"auto","background-attachment":"scroll","background-type":"","background-media":"","overlay-type":"","overlay-color":"","overlay-opacity":"","overlay-gradient":""}},"_joinchat":[],"footnotes":""},"class_list":["post-2781","page","type-page","status-publish","hentry"],"acf":[],"uagb_featured_image_src":{"full":false,"thumbnail":false,"medium":false,"medium_large":false,"large":false,"1536x1536":false,"2048x2048":false,"trp-custom-language-flag":false,"woocommerce_thumbnail":false,"woocommerce_single":false,"woocommerce_gallery_thumbnail":false},"uagb_author_info":{"display_name":"yannazhan@gmail.com","author_link":"https:\/\/vapestornado.com\/sv\/author\/yannazhangmail-com\/"},"uagb_comment_info":0,"uagb_excerpt":"At vapestornado, we are committed to maintaining a responsible and legal approach to the sale of our vape products. To ensure we meet legal requirements and promote responsible vaping, we have implemented the following age verification policy: Legal Smoking Age Requirement Customers must be at least 21 years old (the legal smoking age in the&hellip;","_links":{"self":[{"href":"https:\/\/vapestornado.com\/sv\/wp-json\/wp\/v2\/pages\/2781","targetHints":{"allow":["GET"]}}],"collection":[{"href":"https:\/\/vapestornado.com\/sv\/wp-json\/wp\/v2\/pages"}],"about":[{"href":"https:\/\/vapestornado.com\/sv\/wp-json\/wp\/v2\/types\/page"}],"author":[{"embeddable":true,"href":"https:\/\/vapestornado.com\/sv\/wp-json\/wp\/v2\/users\/1"}],"replies":[{"embeddable":true,"href":"https:\/\/vapestornado.com\/sv\/wp-json\/wp\/v2\/comments?post=2781"}],"version-history":[{"count":1,"href":"https:\/\/vapestornado.com\/sv\/wp-json\/wp\/v2\/pages\/2781\/revisions"}],"predecessor-version":[{"id":2783,"href":"https:\/\/vapestornado.com\/sv\/wp-json\/wp\/v2\/pages\/2781\/revisions\/2783"}],"wp:attachment":[{"href":"https:\/\/vapestornado.com\/sv\/wp-json\/wp\/v2\/media?parent=2781"}],"curies":[{"name":"wp","href":"https:\/\/api.w.org\/{rel}","templated":true}]}}