{"id":2776,"date":"2024-11-12T09:55:46","date_gmt":"2024-11-12T09:55:46","guid":{"rendered":"https:\/\/vapestornado.com\/?page_id=2776"},"modified":"2024-11-12T09:55:48","modified_gmt":"2024-11-12T09:55:48","slug":"terms-conditions","status":"publish","type":"page","link":"https:\/\/vapestornado.com\/sv\/terms-conditions\/","title":{"rendered":"Allm\u00e4nna villkor"},"content":{"rendered":"<p>V\u00e4lkommen till vapestornado! Genom att g\u00e5 in p\u00e5 och anv\u00e4nda v\u00e5r webbplats samtycker du till att f\u00f6lja f\u00f6ljande villkor, tillsammans med till\u00e4mpliga lagar. Om du inte samtycker till dessa villkor, v\u00e4nligen anv\u00e4nd inte v\u00e5r webbplats. Genom att g\u00f6ra ett k\u00f6p p\u00e5 v\u00e5r webbplats godk\u00e4nner du villkoren<\/p>\n\n\n\n<p><strong>Internationella best\u00e4llningar<\/strong><\/p>\n\n\n\n<p>vapestornado \u00e4r baserat i Hongkong och verkar globalt. Kunder som handlar hos oss och skickar till l\u00e4nder utanf\u00f6r Hongkong kommer att betraktas som internationella kunder. V\u00e4nligen s\u00e4kerst\u00e4ll att du f\u00f6rst\u00e5r ditt lands best\u00e4mmelser g\u00e4llande innehav, import, export och anv\u00e4ndning av vaporizer-produkter innan du g\u00f6r ett k\u00f6p. Ytterligare policyer f\u00f6r specifika l\u00e4nder beskrivs i v\u00e5ra policyer f\u00f6r Frakt, Returer och Garanti.<\/p>\n\n\n\n<p><strong>Copyright<\/strong><\/p>\n\n\n\n<p>Allt inneh\u00e5ll p\u00e5 denna webbplats, inklusive text, grafik och kod, \u00e4r upphovsr\u00e4ttsskyddat som ett kollektivt verk enligt upphovsr\u00e4ttslagar. Detta kollektiva verk inkluderar verk licensierade till vapestornado. Copyright 2022, vapestornado. Alla r\u00e4ttigheter f\u00f6rbeh\u00e5llna. Du f\u00e5r elektroniskt kopiera och skriva ut delar av denna webbplats enbart i syfte att g\u00f6ra en best\u00e4llning hos vapestornado eller k\u00f6pa vapestornado-produkter. All annan anv\u00e4ndning, inklusive reproduktion, distribution, visning eller \u00f6verf\u00f6ring av webbplatsens inneh\u00e5ll, \u00e4r str\u00e4ngt f\u00f6rbjuden utan uttryckligt tillst\u00e5nd fr\u00e5n vapestornado Inc.<\/p>\n\n\n\n<p><strong>Varum\u00e4rken<\/strong><\/p>\n\n\n\n<p>Alla varum\u00e4rken, servicem\u00e4rken och handelsnamn som anv\u00e4nds p\u00e5 webbplatsen \u00e4r varum\u00e4rken eller registrerade varum\u00e4rken som tillh\u00f6r vapestornado.<\/p>\n\n\n\n<p><strong>Garantifriskrivning<\/strong><\/p>\n\n\n\n<p>V\u00e5r webbplats och de material och produkter som tillhandah\u00e5lls erbjuds \"i befintligt skick\" utan garantier av n\u00e5got slag, vare sig uttryckliga eller underf\u00f6rst\u00e5dda. vapestornado fr\u00e5ns\u00e4ger sig alla garantier, inklusive s\u00e4ljbarhet, l\u00e4mplighet f\u00f6r ett visst \u00e4ndam\u00e5l och icke-intr\u00e5ng. Vi garanterar inte att webbplatsens funktioner kommer att vara oavbrutna eller felfria, eller att eventuella defekter kommer att korrigeras. Vi garanterar inte heller noggrannheten, aktualiteten eller tillf\u00f6rlitligheten hos material p\u00e5 webbplatsen.<\/p>\n\n\n\n<p><strong>Ansvarsbegr\u00e4nsning<\/strong><\/p>\n\n\n\n<p>vapestornado ska inte h\u00e5llas ansvarigt f\u00f6r n\u00e5gra speciella skador eller f\u00f6ljdskador som uppst\u00e5r till f\u00f6ljd av anv\u00e4ndningen av material p\u00e5 denna webbplats eller produkternas prestanda, \u00e4ven om de informerats om m\u00f6jligheten till s\u00e5dana skador. Vissa jurisdiktioner till\u00e5ter inte begr\u00e4nsningar av garantier eller undantag av ansvar f\u00f6r f\u00f6ljdskador, s\u00e5 dessa begr\u00e4nsningar kanske inte g\u00e4ller dig.<\/p>\n\n\n\n<p><strong>Avslutning<\/strong><\/p>\n\n\n\n<p>Dessa villkor g\u00e4ller f\u00f6r dig n\u00e4r du bes\u00f6ker webbplatsen eller slutf\u00f6r n\u00e5gon registrerings- eller shoppingprocess. vapestornado kan s\u00e4ga upp dessa villkor, eller n\u00e5gon del d\u00e4rav, utan f\u00f6rvarning n\u00e4r som helst och av vilken anledning som helst. Vissa best\u00e4mmelser, inklusive upphovsr\u00e4tt, varum\u00e4rken, ansvarsfriskrivning, ansvarsbegr\u00e4nsning, skadeers\u00e4ttning och diverse, ska \u00f6verleva upps\u00e4gningen.<\/p>\n\n\n\n<p><strong>Observera<\/strong><\/p>\n\n\n\n<p>vapestornado kan komma att meddela dig via e-post, ett allm\u00e4nt meddelande p\u00e5 webbplatsen eller andra tillf\u00f6rlitliga metoder med hj\u00e4lp av den kontaktinformation du har l\u00e4mnat.<\/p>\n\n\n\n<p><strong>Diverse<\/strong><\/p>\n\n\n\n<p>Din anv\u00e4ndning av denna webbplats regleras av lagarna i Hong Kong utan h\u00e4nsyn till lagvalsbest\u00e4mmelser. Alla r\u00e4ttsliga f\u00f6rfaranden relaterade till denna webbplats ska ske i domstolarna i Hong Kong. Alla anspr\u00e5k relaterade till webbplatsen m\u00e5ste l\u00e4mnas in inom ett \u00e5r fr\u00e5n det att anspr\u00e5ket uppstod. vapestornados underl\u00e5tenhet att uppr\u00e4tth\u00e5lla n\u00e5gon best\u00e4mmelse i dessa villkor inneb\u00e4r inte ett avst\u00e5ende fr\u00e5n n\u00e5gra r\u00e4ttigheter. vapestornado kan \u00f6verl\u00e5ta sina r\u00e4ttigheter och skyldigheter enligt detta avtal utan f\u00f6reg\u00e5ende meddelande.<\/p>\n\n\n\n<p><strong>Anv\u00e4ndning av webbplatsen<\/strong><\/p>\n\n\n\n<p>Trakasserier i n\u00e5gon form p\u00e5 webbplatsen \u00e4r f\u00f6rbjudna. Du f\u00e5r inte ladda upp st\u00f6tande inneh\u00e5ll eller v\u00e4rva andra f\u00f6r kommersiella tj\u00e4nster. vapestornado f\u00f6rbeh\u00e5ller sig r\u00e4tten att blockera eller ta bort ol\u00e4mpligt inneh\u00e5ll efter eget gottfinnande.<\/p>\n\n\n\n<p><strong>Deltagarfriskrivning<\/strong><\/p>\n\n\n\n<p>vapestornado ansvarar inte f\u00f6r anv\u00e4ndargenererat inneh\u00e5ll p\u00e5 webbplatsen. Vi fungerar som en kanal f\u00f6r distribution och f\u00f6rbeh\u00e5ller oss r\u00e4tten att ta bort st\u00f6tande material.<\/p>\n\n\n\n<p><strong>Anv\u00e4ndning av produkter<\/strong><\/p>\n\n\n\n<p>vapestornado g\u00f6r inga anspr\u00e5k p\u00e5 effektiviteten av v\u00e5ra produkter f\u00f6r n\u00e5got specifikt bruk. Genom att k\u00f6pa v\u00e5ra produkter samtycker du till att anv\u00e4nda dem p\u00e5 egen risk. Nikotinprodukter \u00e4r endast avsedda f\u00f6r vuxna. R\u00e5dg\u00f6r med en l\u00e4kare innan du anv\u00e4nder nikotinprodukter.<\/p>\n\n\n\n<p><strong>Skadeers\u00e4ttning<\/strong><\/p>\n\n\n\n<p>Du samtycker till att h\u00e5lla vapestornado och dess tj\u00e4nsteleverant\u00f6rer skadesl\u00f6sa fr\u00e5n alla f\u00f6rluster, utgifter, skador och kostnader som uppst\u00e5r till f\u00f6ljd av brott mot dessa villkor eller aktiviteter relaterade till ditt konto.<\/p>\n\n\n\n<p><strong>L\u00e4nkar till tredje part<\/strong><\/p>\n\n\n\n<p>vapestornado kan l\u00e4nka till webbplatser fr\u00e5n tredje part f\u00f6r bes\u00f6karnas bekv\u00e4mlighet. Vi har ingen kontroll \u00f6ver dessa webbplatser och \u00e4r inte ansvariga f\u00f6r deras praxis.<\/p>\n\n\n\n<p><strong>Produktfriskrivning<\/strong><\/p>\n\n\n\n<p>Vissa produkter kan ha specifika friskrivningar ang\u00e5ende r\u00e4tten till byten eller \u00e5terbetalningar. L\u00e4s alla produktfriskrivningar innan du k\u00f6per. Genom att godk\u00e4nna v\u00e5ra villkor i kassan bekr\u00e4ftar du att du har l\u00e4st och f\u00f6rst\u00e5tt alla produktfriskrivningar.<\/p>\n\n\n\n<p>Tack f\u00f6r att du valde vapestornado!<\/p>","protected":false},"excerpt":{"rendered":"<p>Welcome to vapestornado! By accessing and using our website, you agree to comply with the following terms and conditions, along with applicable laws. If you do not agree with these terms, please do not use our site. By making a purchase on our website, you agree to the Terms &amp; Conditions below, as well as [&hellip;]<\/p>","protected":false},"author":1,"featured_media":0,"parent":0,"menu_order":0,"comment_status":"closed","ping_status":"closed","template":"","meta":{"_acf_changed":false,"_uag_custom_page_level_css":"","_lmt_disableupdate":"","_lmt_disable":"","_monsterinsights_skip_tracking":false,"_monsterinsights_sitenote_active":false,"_monsterinsights_sitenote_note":"","_monsterinsights_sitenote_category":0,"site-sidebar-layout":"default","site-content-layout":"","ast-site-content-layout":"default","site-content-style":"default","site-sidebar-style":"default","ast-global-header-display":"","ast-banner-title-visibility":"","ast-main-header-display":"","ast-hfb-above-header-display":"","ast-hfb-below-header-display":"","ast-hfb-mobile-header-display":"","site-post-title":"","ast-breadcrumbs-content":"","ast-featured-img":"","footer-sml-layout":"","ast-disable-related-posts":"","theme-transparent-header-meta":"","adv-header-id-meta":"","stick-header-meta":"","header-above-stick-meta":"","header-main-stick-meta":"","header-below-stick-meta":"","astra-migrate-meta-layouts":"set","ast-page-background-enabled":"default","ast-page-background-meta":{"desktop":{"background-color":"","background-image":"","background-repeat":"repeat","background-position":"center center","background-size":"auto","background-attachment":"scroll","background-type":"","background-media":"","overlay-type":"","overlay-color":"","overlay-opacity":"","overlay-gradient":""},"tablet":{"background-color":"","background-image":"","background-repeat":"repeat","background-position":"center center","background-size":"auto","background-attachment":"scroll","background-type":"","background-media":"","overlay-type":"","overlay-color":"","overlay-opacity":"","overlay-gradient":""},"mobile":{"background-color":"","background-image":"","background-repeat":"repeat","background-position":"center center","background-size":"auto","background-attachment":"scroll","background-type":"","background-media":"","overlay-type":"","overlay-color":"","overlay-opacity":"","overlay-gradient":""}},"ast-content-background-meta":{"desktop":{"background-color":"var(--ast-global-color-5)","background-image":"","background-repeat":"repeat","background-position":"center center","background-size":"auto","background-attachment":"scroll","background-type":"","background-media":"","overlay-type":"","overlay-color":"","overlay-opacity":"","overlay-gradient":""},"tablet":{"background-color":"var(--ast-global-color-5)","background-image":"","background-repeat":"repeat","background-position":"center center","background-size":"auto","background-attachment":"scroll","background-type":"","background-media":"","overlay-type":"","overlay-color":"","overlay-opacity":"","overlay-gradient":""},"mobile":{"background-color":"var(--ast-global-color-5)","background-image":"","background-repeat":"repeat","background-position":"center center","background-size":"auto","background-attachment":"scroll","background-type":"","background-media":"","overlay-type":"","overlay-color":"","overlay-opacity":"","overlay-gradient":""}},"_joinchat":[],"footnotes":""},"class_list":["post-2776","page","type-page","status-publish","hentry"],"acf":[],"uagb_featured_image_src":{"full":false,"thumbnail":false,"medium":false,"medium_large":false,"large":false,"1536x1536":false,"2048x2048":false,"trp-custom-language-flag":false,"woocommerce_thumbnail":false,"woocommerce_single":false,"woocommerce_gallery_thumbnail":false},"uagb_author_info":{"display_name":"yannazhan@gmail.com","author_link":"https:\/\/vapestornado.com\/sv\/author\/yannazhangmail-com\/"},"uagb_comment_info":0,"uagb_excerpt":"Welcome to vapestornado! By accessing and using our website, you agree to comply with the following terms and conditions, along with applicable laws. If you do not agree with these terms, please do not use our site. By making a purchase on our website, you agree to the Terms &amp; Conditions below, as well as&hellip;","_links":{"self":[{"href":"https:\/\/vapestornado.com\/sv\/wp-json\/wp\/v2\/pages\/2776","targetHints":{"allow":["GET"]}}],"collection":[{"href":"https:\/\/vapestornado.com\/sv\/wp-json\/wp\/v2\/pages"}],"about":[{"href":"https:\/\/vapestornado.com\/sv\/wp-json\/wp\/v2\/types\/page"}],"author":[{"embeddable":true,"href":"https:\/\/vapestornado.com\/sv\/wp-json\/wp\/v2\/users\/1"}],"replies":[{"embeddable":true,"href":"https:\/\/vapestornado.com\/sv\/wp-json\/wp\/v2\/comments?post=2776"}],"version-history":[{"count":1,"href":"https:\/\/vapestornado.com\/sv\/wp-json\/wp\/v2\/pages\/2776\/revisions"}],"predecessor-version":[{"id":2777,"href":"https:\/\/vapestornado.com\/sv\/wp-json\/wp\/v2\/pages\/2776\/revisions\/2777"}],"wp:attachment":[{"href":"https:\/\/vapestornado.com\/sv\/wp-json\/wp\/v2\/media?parent=2776"}],"curies":[{"name":"wp","href":"https:\/\/api.w.org\/{rel}","templated":true}]}}