{"id":2772,"date":"2024-11-12T09:48:42","date_gmt":"2024-11-12T09:48:42","guid":{"rendered":"https:\/\/vapestornado.com\/?page_id=2772"},"modified":"2024-11-12T09:52:13","modified_gmt":"2024-11-12T09:52:13","slug":"vapestornado-shipping-policy","status":"publish","type":"page","link":"https:\/\/vapestornado.com\/sv\/vapestornado-shipping-policy\/","title":{"rendered":"vapestornado Fraktpolicy"},"content":{"rendered":"<ol class=\"wp-block-list\">\n<li><strong>Behandling och leveranstider:<\/strong><br>Best\u00e4llningar behandlas och skickas inom 1-3 arbetsdagar. Leveranstider varierar vanligtvis fr\u00e5n 7-15 arbetsdagar. Observera att vi inte skickar p\u00e5 helger.<\/li>\n\n\n\n<li><strong>Sp\u00e5rningsinformation:<\/strong><br>N\u00e4r din best\u00e4llning har skickats f\u00e5r du ett e-postmeddelande med sp\u00e5rningsinformation. Sp\u00e5ra din f\u00f6rs\u00e4ndelse med hj\u00e4lp av det angivna sp\u00e5rningsnumret p\u00e5 <a href=\"https:\/\/www.17track.net\/en\" target=\"_blank\" rel=\"noopener\">https:\/\/www.17track.net\/en<\/a>. V\u00e4nligen till\u00e5t 1-2 dagar efter leverans f\u00f6r att sp\u00e5rningsuppdateringar ska visas.<\/li>\n\n\n\n<li><strong>Avbest\u00e4llning eller adress\u00e4ndringar:<\/strong><br>Du kan avbryta eller uppdatera leveransadressen n\u00e4r som helst innan din best\u00e4llning skickas. Men n\u00e4r den v\u00e4l har skickats kan vi inte behandla \u00e5terbetalningar eller adress\u00e4ndringar.<\/li>\n\n\n\n<li><strong>Leverans Tull Betald (DDP) Frakt:<\/strong><br>F\u00f6r utvalda l\u00e4nder erbjuder vi DDP-frakt, vilket inneb\u00e4r att du inte beh\u00f6ver hantera tullklarering eller betala tullavgifter.<ul><li><strong>Sverige<\/strong> \u2013 UPS Express<\/li><li><strong>UK<\/strong> \u2013 Lokal DPD Express<\/li><li><strong>Europa<\/strong> \u2013 UPS Express\/DPD Express\/DHL Express<\/li><\/ul><strong>L\u00e4nder som \u00e4r ber\u00e4ttigade till DDP i Europa<\/strong> inkluderar: Tyskland, Belgien, Luxemburg, Nederl\u00e4nderna, Tjeckien, Polen, Kroatien, Slovakien, Slovenien, Finland, Danmark, Sverige, \u00d6sterrike, Frankrike, Italien, Ungern, Bulgarien, Litauen, Estland, Lettland, Grekland, Irland, Portugal och Spanien.<\/li>\n\n\n\n<li><strong>V\u00e4nligen notera:<\/strong> F\u00f6r f\u00f6rs\u00e4ndelser till Finland, Sverige, Danmark, Norge, Island, Schweiz och Serbien finns det risk f\u00f6r sekund\u00e4r tullklarering. Om varor beslagtas av lokala tullen under inspektion t\u00e4cker inte tullklareringsf\u00f6rs\u00e4kringen f\u00f6rlusten.<\/li>\n<\/ol>\n\n\n\n<p>Tack f\u00f6r att du valde vapestornado f\u00f6r dina behov av vaping!<\/p>\n\n\n\n<hr class=\"wp-block-separator has-alpha-channel-opacity\"\/>\n\n\n\n<p><strong>Puff Leveranstider f\u00f6r specifika l\u00e4nder<\/strong><\/p>\n\n\n\n<figure class=\"wp-block-table\"><table class=\"has-fixed-layout\"><thead><tr><th>Land<\/th><th>Leveransmetod<\/th><th>Leveranstid<\/th><\/tr><\/thead><tbody><tr><td>Sverige<\/td><td>Lokal UPS Mark<\/td><td>10-15 dagar<\/td><\/tr><tr><td>UK<\/td><td>Lokal DPD Express<\/td><td>7-12 dagar<\/td><\/tr><tr><td>Tyskland<\/td><td>UPS\/DPD\/DHL<\/td><td>8-13 dagar<\/td><\/tr><tr><td>Frankrike<\/td><td>UPS\/DPD\/DHL<\/td><td>8-13 dagar<\/td><\/tr><tr><td>Belgien<\/td><td>UPS\/DPD\/DHL<\/td><td>8-13 dagar<\/td><\/tr><tr><td>Luxemburg<\/td><td>UPS\/DPD\/DHL<\/td><td>8-13 dagar<\/td><\/tr><tr><td>Nederl\u00e4nderna<\/td><td>UPS\/DPD\/DHL<\/td><td>8-13 dagar<\/td><\/tr><tr><td>Tjeckien<\/td><td>UPS\/DPD\/DHL<\/td><td>8-13 dagar<\/td><\/tr><tr><td>Polen<\/td><td>UPS\/DPD\/DHL<\/td><td>8-13 dagar<\/td><\/tr><tr><td>Kroatien<\/td><td>UPS\/DPD\/DHL<\/td><td>8-13 dagar<\/td><\/tr><tr><td>Slovakien<\/td><td>UPS\/DPD\/DHL<\/td><td>8-13 dagar<\/td><\/tr><tr><td>Slovenien<\/td><td>UPS\/DPD\/DHL<\/td><td>8-13 dagar<\/td><\/tr><tr><td>Finland<\/td><td>UPS\/DPD\/DHL<\/td><td>8-13 dagar<\/td><\/tr><tr><td>Danmark<\/td><td>UPS\/DPD\/DHL<\/td><td>8-13 dagar<\/td><\/tr><tr><td>Sverige<\/td><td>UPS\/DPD\/DHL<\/td><td>8-13 dagar<\/td><\/tr><tr><td>\u00d6sterrike<\/td><td>UPS\/DPD\/DHL<\/td><td>8-13 dagar<\/td><\/tr><tr><td>Italien<\/td><td>UPS\/DPD\/DHL<\/td><td>8-13 dagar<\/td><\/tr><tr><td>Ungern<\/td><td>UPS\/DPD\/DHL<\/td><td>8-13 dagar<\/td><\/tr><tr><td>Litauen<\/td><td>UPS\/DPD\/DHL<\/td><td>8-13 dagar<\/td><\/tr><tr><td>Estland<\/td><td>UPS\/DPD\/DHL<\/td><td>8-13 dagar<\/td><\/tr><tr><td>Lettland<\/td><td>UPS\/DPD\/DHL<\/td><td>8-13 dagar<\/td><\/tr><tr><td>Grekland<\/td><td>UPS\/DPD\/DHL<\/td><td>8-13 dagar<\/td><\/tr><tr><td>Irland<\/td><td>UPS\/DPD\/DHL<\/td><td>8-13 dagar<\/td><\/tr><tr><td>Portugal<\/td><td>UPS\/DPD\/DHL<\/td><td>8-13 dagar<\/td><\/tr><tr><td>Spanien<\/td><td>UPS\/DPD\/DHL<\/td><td>8-13 dagar<\/td><\/tr><tr><td>F\u00f6renade Arabemiraten (Dubai)<\/td><td>Dedikerad linje f\u00f6r Dubai<\/td><td>12-18 dagar<\/td><\/tr><tr><td>Sydafrika<\/td><td>Sydafrika dedikerad linje<\/td><td>15-25 dagar<\/td><\/tr><tr><td>Vietnam<\/td><td>Vietnam dedikerad linje<\/td><td>3-5 dagar<\/td><\/tr><tr><td>V\u00e4stra Malaysia<\/td><td>Malaysia dedikerad linje<\/td><td>4-8 dagar<\/td><\/tr><\/tbody><\/table><\/figure>\n\n\n\n<p><\/p>","protected":false},"excerpt":{"rendered":"<p>Tack f\u00f6r att du valde vapestornado f\u00f6r dina vapingbehov! Puff Leveranstider f\u00f6r specifika l\u00e4nder Land Leveransmetod Leveranstid Sverige Lokal UPS Mark 10-15 dagar Storbritannien Lokal DPD Express 7-12 dagar Tyskland UPS\/DPD\/DHL 8-13 dagar Frankrike UPS\/DPD\/DHL 8-13 dagar Belgien UPS\/DPD\/DHL 8-13 dagar Luxemburg UPS\/DPD\/DHL 8-13 dagar Nederl\u00e4nderna UPS\/DPD\/DHL 8-13 dagar Tjeckien UPS\/DPD\/DHL [\u2026]<\/p>","protected":false},"author":1,"featured_media":0,"parent":0,"menu_order":0,"comment_status":"closed","ping_status":"closed","template":"","meta":{"_acf_changed":false,"_uag_custom_page_level_css":"","_lmt_disableupdate":"","_lmt_disable":"","_monsterinsights_skip_tracking":false,"_monsterinsights_sitenote_active":false,"_monsterinsights_sitenote_note":"","_monsterinsights_sitenote_category":0,"site-sidebar-layout":"default","site-content-layout":"","ast-site-content-layout":"default","site-content-style":"default","site-sidebar-style":"default","ast-global-header-display":"","ast-banner-title-visibility":"","ast-main-header-display":"","ast-hfb-above-header-display":"","ast-hfb-below-header-display":"","ast-hfb-mobile-header-display":"","site-post-title":"","ast-breadcrumbs-content":"","ast-featured-img":"","footer-sml-layout":"","ast-disable-related-posts":"","theme-transparent-header-meta":"","adv-header-id-meta":"","stick-header-meta":"","header-above-stick-meta":"","header-main-stick-meta":"","header-below-stick-meta":"","astra-migrate-meta-layouts":"set","ast-page-background-enabled":"default","ast-page-background-meta":{"desktop":{"background-color":"","background-image":"","background-repeat":"repeat","background-position":"center center","background-size":"auto","background-attachment":"scroll","background-type":"","background-media":"","overlay-type":"","overlay-color":"","overlay-opacity":"","overlay-gradient":""},"tablet":{"background-color":"","background-image":"","background-repeat":"repeat","background-position":"center center","background-size":"auto","background-attachment":"scroll","background-type":"","background-media":"","overlay-type":"","overlay-color":"","overlay-opacity":"","overlay-gradient":""},"mobile":{"background-color":"","background-image":"","background-repeat":"repeat","background-position":"center center","background-size":"auto","background-attachment":"scroll","background-type":"","background-media":"","overlay-type":"","overlay-color":"","overlay-opacity":"","overlay-gradient":""}},"ast-content-background-meta":{"desktop":{"background-color":"var(--ast-global-color-5)","background-image":"","background-repeat":"repeat","background-position":"center center","background-size":"auto","background-attachment":"scroll","background-type":"","background-media":"","overlay-type":"","overlay-color":"","overlay-opacity":"","overlay-gradient":""},"tablet":{"background-color":"var(--ast-global-color-5)","background-image":"","background-repeat":"repeat","background-position":"center center","background-size":"auto","background-attachment":"scroll","background-type":"","background-media":"","overlay-type":"","overlay-color":"","overlay-opacity":"","overlay-gradient":""},"mobile":{"background-color":"var(--ast-global-color-5)","background-image":"","background-repeat":"repeat","background-position":"center center","background-size":"auto","background-attachment":"scroll","background-type":"","background-media":"","overlay-type":"","overlay-color":"","overlay-opacity":"","overlay-gradient":""}},"_joinchat":[],"footnotes":""},"class_list":["post-2772","page","type-page","status-publish","hentry"],"acf":[],"uagb_featured_image_src":{"full":false,"thumbnail":false,"medium":false,"medium_large":false,"large":false,"1536x1536":false,"2048x2048":false,"trp-custom-language-flag":false,"woocommerce_thumbnail":false,"woocommerce_single":false,"woocommerce_gallery_thumbnail":false},"uagb_author_info":{"display_name":"yannazhan@gmail.com","author_link":"https:\/\/vapestornado.com\/sv\/author\/yannazhangmail-com\/"},"uagb_comment_info":0,"uagb_excerpt":"Thank you for choosing vapestornado for your vaping needs! Puff Shipping Times for Specific Countries Country Shipping Method Shipping Time USA Local UPS Ground 10-15 Days UK Local DPD Express 7-12 Days Germany UPS\/DPD\/DHL 8-13 Days France UPS\/DPD\/DHL 8-13 Days Belgium UPS\/DPD\/DHL 8-13 Days Luxembourg UPS\/DPD\/DHL 8-13 Days Netherlands UPS\/DPD\/DHL 8-13 Days Czech Republic UPS\/DPD\/DHL&hellip;","_links":{"self":[{"href":"https:\/\/vapestornado.com\/sv\/wp-json\/wp\/v2\/pages\/2772","targetHints":{"allow":["GET"]}}],"collection":[{"href":"https:\/\/vapestornado.com\/sv\/wp-json\/wp\/v2\/pages"}],"about":[{"href":"https:\/\/vapestornado.com\/sv\/wp-json\/wp\/v2\/types\/page"}],"author":[{"embeddable":true,"href":"https:\/\/vapestornado.com\/sv\/wp-json\/wp\/v2\/users\/1"}],"replies":[{"embeddable":true,"href":"https:\/\/vapestornado.com\/sv\/wp-json\/wp\/v2\/comments?post=2772"}],"version-history":[{"count":3,"href":"https:\/\/vapestornado.com\/sv\/wp-json\/wp\/v2\/pages\/2772\/revisions"}],"predecessor-version":[{"id":2775,"href":"https:\/\/vapestornado.com\/sv\/wp-json\/wp\/v2\/pages\/2772\/revisions\/2775"}],"wp:attachment":[{"href":"https:\/\/vapestornado.com\/sv\/wp-json\/wp\/v2\/media?parent=2772"}],"curies":[{"name":"wp","href":"https:\/\/api.w.org\/{rel}","templated":true}]}}