{"id":2769,"date":"2024-11-12T09:44:18","date_gmt":"2024-11-12T09:44:18","guid":{"rendered":"https:\/\/vapestornado.com\/?page_id=2769"},"modified":"2024-11-12T09:45:01","modified_gmt":"2024-11-12T09:45:01","slug":"refund-policy","status":"publish","type":"page","link":"https:\/\/vapestornado.com\/sv\/refund-policy\/","title":{"rendered":"\u00c5terbetalningspolicy"},"content":{"rendered":"<p>Tack f\u00f6r att du handlar hos vapestornado. V\u00e4nligen granska v\u00e5r \u00e5terbetalningspolicy noggrant:<\/p>\n\n\n\n<p><strong>\u00c5terbetalningsf\u00f6rfr\u00e5gningar inom 24 timmar:<\/strong><br>Du kan beg\u00e4ra en \u00e5terbetalning inom 24 timmar efter att du har gjort din best\u00e4llning. Kontakta oss omg\u00e5ende f\u00f6r att f\u00e5 en fullst\u00e4ndig \u00e5terbetalning.<\/p>\n\n\n\n<p><strong>\u00c5terbetalningsf\u00f6rfr\u00e5gningar efter 24 timmar:<\/strong><br>F\u00f6r best\u00e4llningar som gjorts f\u00f6r mer \u00e4n 24 timmar sedan \u00e4r det inte s\u00e4kert att en fullst\u00e4ndig \u00e5terbetalning \u00e4r m\u00f6jlig eftersom best\u00e4llningarna vanligtvis f\u00f6rbereds f\u00f6r tullen. I dessa fall kan vi erbjuda en partiell \u00e5terbetalning p\u00e5 upp till 50 % av best\u00e4llningsbeloppet p\u00e5 grund av kostnaden f\u00f6r att \u00e5terkalla paketet.<\/p>\n\n\n\n<p><strong>Ingen \u00e5terbetalning efter leverans:<\/strong><br>N\u00e4r ditt paket har skickats och ett sp\u00e5rningsnummer har utf\u00e4rdats \u00e4r du inte l\u00e4ngre ber\u00e4ttigad till \u00e5terbetalning.<\/p>\n\n\n\n<p><strong>F\u00f6rs\u00e4krings- och tullfr\u00e5gor:<\/strong><br>Alla paket \u00e4r f\u00f6rs\u00e4krade. Om ditt paket h\u00e5lls kvar av tullen och inte sl\u00e4pps kommer vi att utf\u00e4rda en fullst\u00e4ndig \u00e5terbetalning.<\/p>\n\n\n\n<p><strong>Felaktig adress eller leveransproblem:<\/strong><br>Om ett paket inte kan levereras p\u00e5 grund av en felaktig adress eller andra kundrelaterade problem \u00e4r kunden ansvarig f\u00f6r kostnaden f\u00f6r omleverans.<\/p>\n\n\n\n<p>F\u00f6r fr\u00e5gor eller funderingar ang\u00e5ende v\u00e5r \u00e5terbetalningspolicy, v\u00e4nligen kontakta v\u00e5r kundsupport p\u00e5 vapestornado.<\/p>\n\n\n\n<p><\/p>","protected":false},"excerpt":{"rendered":"<p>Tack f\u00f6r att du handlar hos vapestornado. V\u00e4nligen granska v\u00e5r \u00e5terbetalningspolicy noggrant: \u00c5terbetalningsf\u00f6rfr\u00e5gningar inom 24 timmar: Du kan beg\u00e4ra en \u00e5terbetalning inom 24 timmar efter att du har gjort din best\u00e4llning. Kontakta oss omg\u00e5ende f\u00f6r att f\u00e5 en fullst\u00e4ndig \u00e5terbetalning. \u00c5terbetalningsf\u00f6rfr\u00e5gningar efter 24 timmar: F\u00f6r best\u00e4llningar som gjorts f\u00f6r mer \u00e4n 24 timmar sedan \u00e4r det inte s\u00e4kert att en fullst\u00e4ndig \u00e5terbetalning \u00e4r m\u00f6jlig [\u2026]<\/p>","protected":false},"author":1,"featured_media":0,"parent":0,"menu_order":0,"comment_status":"closed","ping_status":"closed","template":"","meta":{"_acf_changed":false,"_uag_custom_page_level_css":"","_lmt_disableupdate":"","_lmt_disable":"","_monsterinsights_skip_tracking":false,"_monsterinsights_sitenote_active":false,"_monsterinsights_sitenote_note":"","_monsterinsights_sitenote_category":0,"site-sidebar-layout":"default","site-content-layout":"","ast-site-content-layout":"default","site-content-style":"default","site-sidebar-style":"default","ast-global-header-display":"","ast-banner-title-visibility":"","ast-main-header-display":"","ast-hfb-above-header-display":"","ast-hfb-below-header-display":"","ast-hfb-mobile-header-display":"","site-post-title":"","ast-breadcrumbs-content":"","ast-featured-img":"","footer-sml-layout":"","ast-disable-related-posts":"","theme-transparent-header-meta":"","adv-header-id-meta":"","stick-header-meta":"","header-above-stick-meta":"","header-main-stick-meta":"","header-below-stick-meta":"","astra-migrate-meta-layouts":"set","ast-page-background-enabled":"default","ast-page-background-meta":{"desktop":{"background-color":"","background-image":"","background-repeat":"repeat","background-position":"center center","background-size":"auto","background-attachment":"scroll","background-type":"","background-media":"","overlay-type":"","overlay-color":"","overlay-opacity":"","overlay-gradient":""},"tablet":{"background-color":"","background-image":"","background-repeat":"repeat","background-position":"center center","background-size":"auto","background-attachment":"scroll","background-type":"","background-media":"","overlay-type":"","overlay-color":"","overlay-opacity":"","overlay-gradient":""},"mobile":{"background-color":"","background-image":"","background-repeat":"repeat","background-position":"center center","background-size":"auto","background-attachment":"scroll","background-type":"","background-media":"","overlay-type":"","overlay-color":"","overlay-opacity":"","overlay-gradient":""}},"ast-content-background-meta":{"desktop":{"background-color":"var(--ast-global-color-5)","background-image":"","background-repeat":"repeat","background-position":"center center","background-size":"auto","background-attachment":"scroll","background-type":"","background-media":"","overlay-type":"","overlay-color":"","overlay-opacity":"","overlay-gradient":""},"tablet":{"background-color":"var(--ast-global-color-5)","background-image":"","background-repeat":"repeat","background-position":"center center","background-size":"auto","background-attachment":"scroll","background-type":"","background-media":"","overlay-type":"","overlay-color":"","overlay-opacity":"","overlay-gradient":""},"mobile":{"background-color":"var(--ast-global-color-5)","background-image":"","background-repeat":"repeat","background-position":"center center","background-size":"auto","background-attachment":"scroll","background-type":"","background-media":"","overlay-type":"","overlay-color":"","overlay-opacity":"","overlay-gradient":""}},"_joinchat":[],"footnotes":""},"class_list":["post-2769","page","type-page","status-publish","hentry"],"acf":[],"uagb_featured_image_src":{"full":false,"thumbnail":false,"medium":false,"medium_large":false,"large":false,"1536x1536":false,"2048x2048":false,"trp-custom-language-flag":false,"woocommerce_thumbnail":false,"woocommerce_single":false,"woocommerce_gallery_thumbnail":false},"uagb_author_info":{"display_name":"yannazhan@gmail.com","author_link":"https:\/\/vapestornado.com\/sv\/author\/yannazhangmail-com\/"},"uagb_comment_info":0,"uagb_excerpt":"Thank you for shopping with vapestornado. Please review our refund policy carefully: Refund Requests Within 24 Hours:You may request a refund within 24 hours of placing your order. Contact us promptly to receive a full refund. Refund Requests After 24 Hours:For orders placed more than 24 hours ago, a full refund may not be possible&hellip;","_links":{"self":[{"href":"https:\/\/vapestornado.com\/sv\/wp-json\/wp\/v2\/pages\/2769","targetHints":{"allow":["GET"]}}],"collection":[{"href":"https:\/\/vapestornado.com\/sv\/wp-json\/wp\/v2\/pages"}],"about":[{"href":"https:\/\/vapestornado.com\/sv\/wp-json\/wp\/v2\/types\/page"}],"author":[{"embeddable":true,"href":"https:\/\/vapestornado.com\/sv\/wp-json\/wp\/v2\/users\/1"}],"replies":[{"embeddable":true,"href":"https:\/\/vapestornado.com\/sv\/wp-json\/wp\/v2\/comments?post=2769"}],"version-history":[{"count":2,"href":"https:\/\/vapestornado.com\/sv\/wp-json\/wp\/v2\/pages\/2769\/revisions"}],"predecessor-version":[{"id":2771,"href":"https:\/\/vapestornado.com\/sv\/wp-json\/wp\/v2\/pages\/2769\/revisions\/2771"}],"wp:attachment":[{"href":"https:\/\/vapestornado.com\/sv\/wp-json\/wp\/v2\/media?parent=2769"}],"curies":[{"name":"wp","href":"https:\/\/api.w.org\/{rel}","templated":true}]}}