{"id":4842,"date":"2026-01-24T09:54:19","date_gmt":"2026-01-24T09:54:19","guid":{"rendered":"https:\/\/vapestornado.com\/?post_type=product&#038;p=4842"},"modified":"2026-01-24T10:03:36","modified_gmt":"2026-01-24T10:03:36","slug":"aivono-avn-mate-120k-puffs-double-flaovr-disposable-e-cigarette-adjust-flavor","status":"publish","type":"product","link":"https:\/\/vapestornado.com\/sl\/product\/aivono-avn-mate-120k-puffs-double-flaovr-disposable-e-cigarette-adjust-flavor\/","title":{"rendered":"AIVONO AVN MATE 120k Dihalnik za enkratno uporabo z dvema okusoma, prilagodite okus"},"content":{"rendered":"<h1 data-start=\"0\" data-end=\"87\">AIVONO AVN MATE 120k Dihalnik za enkratno uporabo z dvema okusoma, prilagodite okus<\/h1>\n<p data-start=\"276\" data-end=\"608\">The <strong data-start=\"280\" data-end=\"304\">AIVONO AVN MATE 120k<\/strong> je zasnovan za trgovce na debelo, ki potrebujejo visokozmogljivo, visokokakovostno napravo za enkratno uporabo, ki se hitro prodaja na konkuren\u010dnih evropskih trgih. Z resni\u010dnim <strong data-start=\"439\" data-end=\"464\">\u017eivljenjsko dobo 120.000 vdihov<\/strong>, zasnovo preklapljanja med dvema okusoma in pametnim zaslonom, ta naprava cilja na uporabnike, ki \u017eelijo raznolikost, vzdr\u017eljivost in vidno zmogljivost v eni enoti.<\/p>\n<p data-start=\"610\" data-end=\"976\">Zasnovan kot <strong data-start=\"624\" data-end=\"662\">2 v 1 Vape za enkratno uporabo z dvojnim okusom<\/strong>, AIVONO AVN MATE 120000 uporabnikom omogo\u010da takoj\u0161nje preklapljanje med dvema okusoma brez menjave naprav. Ta nastavljiv sistem okusov podalj\u0161uje \u010das uporabe in izbolj\u0161uje zadovoljstvo strank, zaradi \u010desar je mo\u010dna izbira za <strong data-start=\"887\" data-end=\"911\">vape na debelo Slovenija<\/strong> kupce, ki i\u0161\u010dejo diferenciacijo po <strong data-start=\"952\" data-end=\"975\">nizki veleprodajni ceni<\/strong>.<\/p>\n<p data-start=\"978\" data-end=\"1308\">Velik <strong data-start=\"986\" data-end=\"1012\">36 ml prostornine e-teko\u010dine<\/strong>, v kombinaciji s stabilnim <strong data-start=\"1037\" data-end=\"1050\">1,0 \u03a9 grelcem<\/strong>, zagotavlja dosleden izpust pare in okusa skozi celoten cikel vdihov. The <strong data-start=\"1127\" data-end=\"1179\">850 mAh polnilna baterija s polnjenjem Type-C<\/strong> se ujema s prostornino olja, tako da lahko uporabniki porabijo teko\u010dino brez izgube mo\u010di \u2013 kar zmanj\u0161uje prito\u017ebe in vra\u010dila na maloprodajni ravni.<\/p>\n<p data-start=\"1310\" data-end=\"1559\">Vgrajeni <strong data-start=\"1323\" data-end=\"1337\">LED zaslon<\/strong> jasno prikazuje stanje baterije in e-teko\u010dine, kar ta model pozicionira kot vrhunski <strong data-start=\"1420\" data-end=\"1440\">vape z zaslonom<\/strong> hkrati pa ohranja preprosto upravljanje. Kompaktna velikost tudi pomaga trgovcem na drobno optimizirati prostor na policah in u\u010dinkovitost po\u0161iljanja v razsutem stanju.<\/p>\n<p data-start=\"1561\" data-end=\"1812\">Za distributerje, ki i\u0161\u010dejo zanesljiv <strong data-start=\"1597\" data-end=\"1612\">AIVONO vape<\/strong> z mo\u010dnim potencialom za ponavljajo\u010da se naro\u010dila, AVN MATE 120k zagotavlja zmogljivost, raznolikost okusov in cenovno ugodne mar\u017ee.<br data-start=\"1733\" data-end=\"1736\" \/><strong data-start=\"1739\" data-end=\"1812\">Kontaktirajte nas zdaj za veleprodajo Vape po nizki ceni in dobavo v razsutem stanju v Italiji.<\/strong><\/p>\n<p><strong><span style=\"color: #ff0000;\">Dodajte Amy na WhatsApp in prejmite takoj\u0161en odgovor ter kupon za vape!<\/span><\/strong><\/p>\n<p><img fetchpriority=\"high\" decoding=\"async\" class=\"size-full wp-image-2932\" src=\"https:\/\/vapestornado.com\/wp-content\/uploads\/2024\/12\/Vape-Wholesale.jpg\" alt=\"Vape Veleprodaja\" width=\"229\" height=\"300\" \/><\/p>\n<h3><a href=\"https:\/\/wa.me\/8617776015835\" target=\"_blank\" rel=\"noopener\"><span style=\"color: #ff0000;\"><strong>WhatsApp: +386 17776015835<\/strong><\/span><\/a><\/h3>\n<h2><strong>AIVONO AVN MATE 120k Lastnosti izdelka za vdihavanje<\/strong><\/h2>\n<div>\n<ul>\n<li data-start=\"1887\" data-end=\"1985\">\n<p data-start=\"1889\" data-end=\"1985\"><strong data-start=\"1889\" data-end=\"1907\">120.000 vdihov:<\/strong> Visoka struktura z mo\u010dnim polnjenjem, zasnovana za dolgoro\u010dno uporabo in manj zamenjav.<\/p>\n<\/li>\n<li data-start=\"1986\" data-end=\"2096\">\n<p data-start=\"1988\" data-end=\"2096\"><strong data-start=\"1988\" data-end=\"2018\">2 v 1 Dvojni sistem okusa:<\/strong> Dva okusa v eni napravi z takoj\u0161njim preklopom za ve\u010djo zvestobo uporabnikov.<\/p>\n<\/li>\n<li data-start=\"2097\" data-end=\"2203\">\n<p data-start=\"2099\" data-end=\"2203\"><strong data-start=\"2099\" data-end=\"2126\">Kapaciteta E-tekline 36 ml:<\/strong> Velik volumen olja podpira stabilen izhod skozi celotno \u017eivljenjsko dobo polnjenja.<\/p>\n<\/li>\n<li data-start=\"2204\" data-end=\"2301\">\n<p data-start=\"2206\" data-end=\"2301\"><strong data-start=\"2206\" data-end=\"2227\">Pametni LED zaslon:<\/strong> Prikaz baterije in olja v realnem \u010dasu izbolj\u0161uje uporabnost in zaupanje v izdelek.<\/p>\n<\/li>\n<li data-start=\"2302\" data-end=\"2419\">\n<p data-start=\"2304\" data-end=\"2419\"><strong data-start=\"2304\" data-end=\"2343\">850mAh polnljiva baterija Type-C:<\/strong> Uravnote\u017een sistem mo\u010di zagotavlja popolno porabo e-tekline brez izpada delovanja.<\/p>\n<\/li>\n<\/ul>\n<figure id=\"attachment_4838\" aria-describedby=\"caption-attachment-4838\" style=\"width: 162px\" class=\"wp-caption alignnone\"><img decoding=\"async\" class=\"size-medium wp-image-4838\" src=\"https:\/\/vapestornado.com\/wp-content\/uploads\/2026\/01\/AIVONO-AVN-MATE-120k-120000-Puffs-Disposable-Vape-Low-Price-162x300.webp\" alt=\"AIVONO AVN MATE 120k 120000 Vdihov Enkratna Vapa Nizka Cena\" width=\"162\" height=\"300\" srcset=\"https:\/\/vapestornado.com\/wp-content\/uploads\/2026\/01\/AIVONO-AVN-MATE-120k-120000-Puffs-Disposable-Vape-Low-Price-162x300.webp 162w, https:\/\/vapestornado.com\/wp-content\/uploads\/2026\/01\/AIVONO-AVN-MATE-120k-120000-Puffs-Disposable-Vape-Low-Price-552x1024.webp 552w, https:\/\/vapestornado.com\/wp-content\/uploads\/2026\/01\/AIVONO-AVN-MATE-120k-120000-Puffs-Disposable-Vape-Low-Price-768x1425.webp 768w, https:\/\/vapestornado.com\/wp-content\/uploads\/2026\/01\/AIVONO-AVN-MATE-120k-120000-Puffs-Disposable-Vape-Low-Price-6x12.webp 6w, https:\/\/vapestornado.com\/wp-content\/uploads\/2026\/01\/AIVONO-AVN-MATE-120k-120000-Puffs-Disposable-Vape-Low-Price-600x1113.webp 600w, https:\/\/vapestornado.com\/wp-content\/uploads\/2026\/01\/AIVONO-AVN-MATE-120k-120000-Puffs-Disposable-Vape-Low-Price.webp 800w\" sizes=\"(max-width: 162px) 100vw, 162px\" \/><figcaption id=\"caption-attachment-4838\" class=\"wp-caption-text\">AIVONO AVN MATE 120k 120000 Vdihov Enkratna Vapa Nizka Cena<\/figcaption><\/figure>\n<\/div>\n<h2 class=\"product-title\"><strong>Seznam okusov AIVONO AVN MATE 120k Vdihov<\/strong><\/h2>\n<ol data-start=\"2475\" data-end=\"2828\">\n<li data-start=\"2475\" data-end=\"2508\">\n<p data-start=\"2478\" data-end=\"2508\">Vi\u0161nja Cola + Watermelon Ice<\/p>\n<\/li>\n<li data-start=\"2509\" data-end=\"2554\">\n<p data-start=\"2512\" data-end=\"2554\">Kivi, Passionski sadje, Guava + Borovni\u010dev Ice<\/p>\n<\/li>\n<li data-start=\"2555\" data-end=\"2584\">\n<p data-start=\"2558\" data-end=\"2584\">Duh Candy + Mr. Blue<\/p>\n<\/li>\n<li data-start=\"2585\" data-end=\"2617\">\n<p data-start=\"2588\" data-end=\"2617\">Energetski napitek + Trojni Mango<\/p>\n<\/li>\n<li data-start=\"2618\" data-end=\"2653\">\n<p data-start=\"2621\" data-end=\"2653\">Jagoda, Banana + Roza Limona<\/p>\n<\/li>\n<li data-start=\"2654\" data-end=\"2691\">\n<p data-start=\"2657\" data-end=\"2691\">Borovnica, Raspberries + Limona Meta<\/p>\n<\/li>\n<li data-start=\"2692\" data-end=\"2734\">\n<p data-start=\"2695\" data-end=\"2734\">Jagoda, Watermelon + Ananas Ice<\/p>\n<\/li>\n<li data-start=\"2735\" data-end=\"2768\">\n<p data-start=\"2738\" data-end=\"2768\">Ananas, Pomaran\u010da, Limeta + Meta<\/p>\n<\/li>\n<li data-start=\"2769\" data-end=\"2796\">\n<p data-start=\"2772\" data-end=\"2796\">Limon, Limeta + Grozdna Ice<\/p>\n<\/li>\n<li data-start=\"2797\" data-end=\"2828\">\n<p data-start=\"2801\" data-end=\"2828\">Gummy Bears + Me\u0161ana jagoda<\/p>\n<h2 data-start=\"2835\" data-end=\"2886\">Zakaj veleprodajni kupci izbirajo AIVONO AVN MATE 120k<\/h2>\n<ul data-start=\"2888\" data-end=\"3159\">\n<li data-start=\"2888\" data-end=\"2950\">\n<p data-start=\"2890\" data-end=\"2950\">Dvojni okusni dizajn pove\u010duje privla\u010dnost na polici in ponovne prodaje<\/p>\n<\/li>\n<li data-start=\"2951\" data-end=\"3020\">\n<p data-start=\"2953\" data-end=\"3020\">Visok \u0161t. pufov zni\u017euje pogostost zamenjave in tveganje po prodaji<\/p>\n<\/li>\n<li data-start=\"3021\" data-end=\"3091\">\n<p data-start=\"3023\" data-end=\"3091\">Pametni zaslon dodaja vrhunsko vrednost brez znatnega zvi\u0161anja stro\u0161kov<\/p>\n<\/li>\n<li data-start=\"3092\" data-end=\"3159\">\n<p data-start=\"3094\" data-end=\"3159\">Idealno za <strong data-start=\"3104\" data-end=\"3128\">vape na debelo Slovenija<\/strong> in distribucijski kanali EU<\/p>\n<\/li>\n<\/ul>\n<\/li>\n<\/ol>\n<div class=\"flex-shrink-0 flex flex-col relative items-end\">\n<div class=\"pt-0\">\n<div class=\"gizmo-bot-avatar flex h-8 w-8 items-center justify-center overflow-hidden rounded-full\">\n<div class=\"relative p-1 rounded-sm flex items-center justify-center bg-token-main-surface-primary text-token-text-primary h-8 w-8\">\n<h2 data-start=\"1200\" data-end=\"1487\">Vapes Tornado \u2013 Va\u0161 veleprodajni spletni vapor shop za priljubljene vape<\/h2>\n<p data-start=\"72\" data-end=\"396\"><strong data-start=\"72\" data-end=\"89\">Vape Tornado<\/strong> je osredoto\u010den na veleprodajo v Evropi, ki dobavlja skrbno izbran nabor <strong data-start=\"178\" data-end=\"195\">priljubljenih vape-ov<\/strong> za profesionalne kupce. Sodelujemo z trgovci na drobno, distributerji in spletnimi trgovinami po vsej EU, ki potrebujejo stabilno oskrbo, jasne informacije o izdelkih in blagovne znamke, ki jih stranke \u017ee prepoznavajo in jim zaupajo.<\/p>\n<p data-start=\"398\" data-end=\"687\">Sodelujemo z zaupanja vrednimi imeni, kot so <strong data-start=\"247\" data-end=\"352\"><a href=\"https:\/\/vapestornado.com\/sl\/product\/randm-12000-puffs-fumot-digital-disposable-vape-wholesale-price\/\">Fumot VAPE<\/a>, <a href=\"https:\/\/vapestornado.com\/sl\/product\/original-wga-ultra-35k-35000-puff-rechargeable-crystal-disposable-nicotine-vape-best-discount-price\/\">WGA VAPE<\/a>, <a href=\"https:\/\/vapestornado.com\/sl\/product\/vozol-gear-shisha-25k-25000-puffs-best-dtl-disposable-vape-hookah-cheap-price\/\">VOZIL BAR VAPE<\/a>, <\/strong><strong data-start=\"247\" data-end=\"352\">Elf Bar Vape, WASPE Vape, <a href=\"https:\/\/vapestornado.com\/sl\/product\/uzy-150k-puffs-6-in-1-flavor-switch-disposable-vape-pen-wholesale\/\">UZY Vape<\/a>, Bang Vape, Razz Bar Vape, in Stag Bar Vape<\/strong>, izbrani zaradi dosledne kakovosti in velikega povpra\u0161evanja na evropskem trgu.<\/p>\n<h4 data-start=\"1080\" data-end=\"1120\">Zgrajen za veleprodajo evropskih vaperjev<\/h4>\n<p data-start=\"1121\" data-end=\"1189\">Vapes Tornado je zasnovan glede na resni\u010dne potrebe evropskih veleprodajnih trgovcev:<\/p>\n<ul data-start=\"1190\" data-end=\"1400\">\n<li data-start=\"1190\" data-end=\"1239\">\n<p data-start=\"1192\" data-end=\"1239\">Konkuren\u010dne veleprodajne cene za velike naro\u010dila<\/p>\n<\/li>\n<li data-start=\"1240\" data-end=\"1289\">\n<p data-start=\"1242\" data-end=\"1289\">Jasni opisi izdelkov in specifikacije<\/p>\n<\/li>\n<li data-start=\"1290\" data-end=\"1330\">\n<p data-start=\"1292\" data-end=\"1330\">Hitra, zanesljiva logistika usmerjena v EU<\/p>\n<\/li>\n<li data-start=\"1331\" data-end=\"1400\">\n<p data-start=\"1333\" data-end=\"1400\">Katalog osredoto\u010den na <strong data-start=\"1356\" data-end=\"1373\">priljubljenih vape-ov<\/strong>, ne na preve\u010d nasi\u010dene SKU-je<\/p>\n<\/li>\n<\/ul>\n<h2 data-start=\"2064\" data-end=\"2115\">Pogosta vpra\u0161anja o AIVONO AVN MATE 120k Pufov Enostavni Vape<\/h2>\n<p data-start=\"3198\" data-end=\"3373\"><strong data-start=\"3198\" data-end=\"3260\">1. Ali je AIVONO AVN MATE 120k pravi naprava z 120.000 pufi?<\/strong><br data-start=\"3260\" data-end=\"3263\" \/>Da, je zasnovana z ustrezno baterijo in oljnim sistemom, ki podpira celoten razpon pufov pri obi\u010dajni uporabi.<\/p>\n<p data-start=\"3375\" data-end=\"3514\"><strong data-start=\"3375\" data-end=\"3419\">2. Kako deluje sistem dvojnega okusa?<\/strong><br data-start=\"3419\" data-end=\"3422\" \/>Uporabniki lahko preklapljajo med dvema okusoma, vgrajenima v isto napravo, brez me\u0161anja ali polnjenja.<\/p>\n<p data-start=\"3516\" data-end=\"3619\"><strong data-start=\"3516\" data-end=\"3562\">3. Je to ponovno polnljiv enostavni vape?<\/strong><br data-start=\"3562\" data-end=\"3565\" \/>Da, ima polnilno baterijo Type-C z 850mAh.<\/p>\n<p data-start=\"3621\" data-end=\"3727\"><strong data-start=\"3621\" data-end=\"3666\">4. Katere jakosti nikotina so na voljo?<\/strong><br data-start=\"3666\" data-end=\"3669\" \/>Naprava je na voljo v <strong data-start=\"3696\" data-end=\"3726\">mo\u017enosti nikotina 2% in 5%<\/strong>.<\/p>\n<p data-start=\"3729\" data-end=\"3888\"><strong data-start=\"3729\" data-end=\"3789\">5. Je to primerno za veleprodajno distribucijo v Sloveniji?<\/strong><br data-start=\"3789\" data-end=\"3792\" \/>Da, zasnova, cena in struktura okusov so primerni za slovenski veleprodajni trg.<\/p>\n<\/div>\n<\/div>\n<\/div>\n<\/div>","protected":false},"excerpt":{"rendered":"<div class=\"flex max-w-full flex-col grow\">\n<div class=\"min-h-8 text-message relative flex w-full flex-col items-end gap-2 text-start break-words whitespace-normal [.text-message+&amp;]:mt-1\" dir=\"auto\" data-message-author-role=\"assistant\" data-message-id=\"2a9d6edf-5b3a-41c0-afc9-caef2e4c2c3b\" data-message-model-slug=\"gpt-5-2\">\n<div class=\"flex w-full flex-col gap-1 empty:hidden first:pt-[1px]\">\n<div class=\"markdown prose dark:prose-invert w-full break-words light markdown-new-styling\">\n<p data-start=\"4127\" data-end=\"4213\"><strong data-start=\"4127\" data-end=\"4211\">AIVONO AVN MATE 120k Dvojni okus enkratna e-cigaretka za enkratno uporabo z zaslonom za veleprodajo v Sloveniji<\/strong><\/p>\n<p data-start=\"4217\" data-end=\"4296\"><strong data-start=\"4217\" data-end=\"4294\">AIVONO AVN MATE 120000 Vdihov 2 v 1 enkratna e-cigaretka po nizki ceni na debelo v Sloveniji<\/strong><\/p>\n<p data-start=\"4300\" data-end=\"4384\"><strong data-start=\"4300\" data-end=\"4384\">AIVONO AVN MATE 120k Nastavljiv okus enkratna e-cigaretka za veleprodajo v Sloveniji<\/strong><\/p>\n<\/div>\n<\/div>\n<\/div>\n<\/div>\n<p><strong>Dodajte Amyin WhatsApp, da dobite pravi odgovor in ceno s popustom!<\/strong><\/p>\n<p><img fetchpriority=\"high\" decoding=\"async\" class=\"size-full wp-image-2932\" src=\"https:\/\/vapestornado.com\/wp-content\/uploads\/2024\/12\/Vape-Wholesale.jpg\" alt=\"Vape Veleprodaja\" width=\"229\" height=\"300\" \/><\/p>\n<h3><a href=\"https:\/\/wa.me\/8617776015835\"><span style=\"color: #ff0000;\"><strong>WhatsApp: +386 17776015835<\/strong><\/span><\/a><\/h3>","protected":false},"featured_media":4837,"comment_status":"open","ping_status":"closed","template":"","meta":{"_acf_changed":false,"_uag_custom_page_level_css":"","_lmt_disableupdate":"no","_lmt_disable":"","_monsterinsights_skip_tracking":false,"_monsterinsights_sitenote_active":false,"_monsterinsights_sitenote_note":"","_monsterinsights_sitenote_category":0,"site-sidebar-layout":"default","site-content-layout":"","ast-site-content-layout":"default","site-content-style":"default","site-sidebar-style":"default","ast-global-header-display":"","ast-banner-title-visibility":"","ast-main-header-display":"","ast-hfb-above-header-display":"","ast-hfb-below-header-display":"","ast-hfb-mobile-header-display":"","site-post-title":"","ast-breadcrumbs-content":"","ast-featured-img":"","footer-sml-layout":"","ast-disable-related-posts":"","theme-transparent-header-meta":"default","adv-header-id-meta":"","stick-header-meta":"","header-above-stick-meta":"","header-main-stick-meta":"","header-below-stick-meta":"","astra-migrate-meta-layouts":"set","ast-page-background-enabled":"default","ast-page-background-meta":{"desktop":{"background-color":"","background-image":"","background-repeat":"repeat","background-position":"center center","background-size":"auto","background-attachment":"scroll","background-type":"","background-media":"","overlay-type":"","overlay-color":"","overlay-opacity":"","overlay-gradient":""},"tablet":{"background-color":"","background-image":"","background-repeat":"repeat","background-position":"center center","background-size":"auto","background-attachment":"scroll","background-type":"","background-media":"","overlay-type":"","overlay-color":"","overlay-opacity":"","overlay-gradient":""},"mobile":{"background-color":"","background-image":"","background-repeat":"repeat","background-position":"center center","background-size":"auto","background-attachment":"scroll","background-type":"","background-media":"","overlay-type":"","overlay-color":"","overlay-opacity":"","overlay-gradient":""}},"ast-content-background-meta":{"desktop":{"background-color":"var(--ast-global-color-5)","background-image":"","background-repeat":"repeat","background-position":"center center","background-size":"auto","background-attachment":"scroll","background-type":"","background-media":"","overlay-type":"","overlay-color":"","overlay-opacity":"","overlay-gradient":""},"tablet":{"background-color":"var(--ast-global-color-5)","background-image":"","background-repeat":"repeat","background-position":"center center","background-size":"auto","background-attachment":"scroll","background-type":"","background-media":"","overlay-type":"","overlay-color":"","overlay-opacity":"","overlay-gradient":""},"mobile":{"background-color":"var(--ast-global-color-5)","background-image":"","background-repeat":"repeat","background-position":"center center","background-size":"auto","background-attachment":"scroll","background-type":"","background-media":"","overlay-type":"","overlay-color":"","overlay-opacity":"","overlay-gradient":""}},"_joinchat":[]},"product_brand":[],"product_cat":[347,176,150,152,153,158,141,142,492,144,146],"product_tag":[567,563,562,564,195,566,565,522,269],"class_list":{"0":"post-4842","1":"product","2":"type-product","3":"status-publish","4":"has-post-thumbnail","6":"product_cat-120000-puff","7":"product_cat-aivono-vape","8":"product_cat-buy-disposable-vapes-in-belgium","9":"product_cat-buy-disposable-vapes-in-cermany","10":"product_cat-buy-disposable-vapes-in-italy","11":"product_cat-buy-disposable-vapes-in-spain","12":"product_cat-crystal-disposable-vapes","13":"product_cat-digital-box-disposable-vapes","14":"product_cat-eu-warehouse","15":"product_cat-low-nicotine-disposable-vapes","16":"product_cat-rechargeable-disposable-vapes","17":"product_tag-2-in-1-flavor","18":"product_tag-aivono-avn-mate-120000","19":"product_tag-aivono-avn-mate-120k","20":"product_tag-aivono-vape","21":"product_tag-dual-flavor-disposable-vape","22":"product_tag-puff-120k","23":"product_tag-vape-wholesale-at-low-price","24":"product_tag-vape-wholesale-italy","25":"product_tag-vape-with-screen","26":"desktop-align-left","27":"tablet-align-left","28":"mobile-align-left","30":"first","31":"instock","32":"sale","33":"shipping-taxable","34":"purchasable","35":"product-type-simple"},"acf":[],"uagb_featured_image_src":{"full":["https:\/\/vapestornado.com\/wp-content\/uploads\/2026\/01\/AIVONO-AVN-MATE-120k-120000-Puffs-Disposable-Vape-Double-Flaovr.webp",800,800,false],"thumbnail":["https:\/\/vapestornado.com\/wp-content\/uploads\/2026\/01\/AIVONO-AVN-MATE-120k-120000-Puffs-Disposable-Vape-Double-Flaovr-150x150.webp",150,150,true],"medium":["https:\/\/vapestornado.com\/wp-content\/uploads\/2026\/01\/AIVONO-AVN-MATE-120k-120000-Puffs-Disposable-Vape-Double-Flaovr-300x300.webp",300,300,true],"medium_large":["https:\/\/vapestornado.com\/wp-content\/uploads\/2026\/01\/AIVONO-AVN-MATE-120k-120000-Puffs-Disposable-Vape-Double-Flaovr-768x768.webp",768,768,true],"large":["https:\/\/vapestornado.com\/wp-content\/uploads\/2026\/01\/AIVONO-AVN-MATE-120k-120000-Puffs-Disposable-Vape-Double-Flaovr.webp",800,800,false],"1536x1536":["https:\/\/vapestornado.com\/wp-content\/uploads\/2026\/01\/AIVONO-AVN-MATE-120k-120000-Puffs-Disposable-Vape-Double-Flaovr.webp",800,800,false],"2048x2048":["https:\/\/vapestornado.com\/wp-content\/uploads\/2026\/01\/AIVONO-AVN-MATE-120k-120000-Puffs-Disposable-Vape-Double-Flaovr.webp",800,800,false],"trp-custom-language-flag":["https:\/\/vapestornado.com\/wp-content\/uploads\/2026\/01\/AIVONO-AVN-MATE-120k-120000-Puffs-Disposable-Vape-Double-Flaovr-12x12.webp",12,12,true],"woocommerce_thumbnail":["https:\/\/vapestornado.com\/wp-content\/uploads\/2026\/01\/AIVONO-AVN-MATE-120k-120000-Puffs-Disposable-Vape-Double-Flaovr-300x300.webp",300,300,true],"woocommerce_single":["https:\/\/vapestornado.com\/wp-content\/uploads\/2026\/01\/AIVONO-AVN-MATE-120k-120000-Puffs-Disposable-Vape-Double-Flaovr-600x600.webp",600,600,true],"woocommerce_gallery_thumbnail":["https:\/\/vapestornado.com\/wp-content\/uploads\/2026\/01\/AIVONO-AVN-MATE-120k-120000-Puffs-Disposable-Vape-Double-Flaovr-100x100.webp",100,100,true]},"uagb_author_info":{"display_name":"ESAMY","author_link":"https:\/\/vapestornado.com\/sl\/author\/"},"uagb_comment_info":0,"uagb_excerpt":"AIVONO AVN MATE 120k Dual Flavor Disposable Vape with Screen for Italy Wholesale AIVONO AVN MATE 120000 Puffs 2 in 1 Disposable Vape Low Price Bulk Supply AIVONO AVN MATE 120k Adjustable Flavor Disposable E-Cigarette for Vape Wholesale Add Amy's whatsapp to get right reply and discount price! WhatsApp: +86 17776015835","_links":{"self":[{"href":"https:\/\/vapestornado.com\/sl\/wp-json\/wp\/v2\/product\/4842","targetHints":{"allow":["GET"]}}],"collection":[{"href":"https:\/\/vapestornado.com\/sl\/wp-json\/wp\/v2\/product"}],"about":[{"href":"https:\/\/vapestornado.com\/sl\/wp-json\/wp\/v2\/types\/product"}],"replies":[{"embeddable":true,"href":"https:\/\/vapestornado.com\/sl\/wp-json\/wp\/v2\/comments?post=4842"}],"wp:featuredmedia":[{"embeddable":true,"href":"https:\/\/vapestornado.com\/sl\/wp-json\/wp\/v2\/media\/4837"}],"wp:attachment":[{"href":"https:\/\/vapestornado.com\/sl\/wp-json\/wp\/v2\/media?parent=4842"}],"wp:term":[{"taxonomy":"product_brand","embeddable":true,"href":"https:\/\/vapestornado.com\/sl\/wp-json\/wp\/v2\/product_brand?post=4842"},{"taxonomy":"product_cat","embeddable":true,"href":"https:\/\/vapestornado.com\/sl\/wp-json\/wp\/v2\/product_cat?post=4842"},{"taxonomy":"product_tag","embeddable":true,"href":"https:\/\/vapestornado.com\/sl\/wp-json\/wp\/v2\/product_tag?post=4842"}],"curies":[{"name":"wp","href":"https:\/\/api.w.org\/{rel}","templated":true}]}}