{"id":4833,"date":"2026-01-23T08:34:14","date_gmt":"2026-01-23T08:34:14","guid":{"rendered":"https:\/\/vapestornado.com\/?post_type=product&#038;p=4833"},"modified":"2026-01-23T08:50:43","modified_gmt":"2026-01-23T08:50:43","slug":"waspe-crystal-180k-180000-puffs-disposable-vapes-pen-8-in-1-flavor-bulk-buy","status":"publish","type":"product","link":"https:\/\/vapestornado.com\/sl\/product\/waspe-crystal-180k-180000-puffs-disposable-vapes-pen-8-in-1-flavor-bulk-buy\/","title":{"rendered":"WASPE Crystal 180k 180000 Zgorevkov enkratnih vaporizatorjev Pen 8 v 1 Okus Nakup na debelo"},"content":{"rendered":"<h1 data-start=\"0\" data-end=\"87\">WASPE Crystal 180K Puf Disposable Vape Pero \u2013 8-v-1 Okusna Mo\u010d na Veliko<\/h1>\n<p data-start=\"275\" data-end=\"612\">The <strong data-start=\"279\" data-end=\"326\">WASPE Crystal 180K Puf Disposable Vape Pero<\/strong> je zasnovan za veletrgovce, ki \u017eelijo najve\u010dji vpliv na police in dolgoro\u010dno obratovanje. Zmore do <strong data-start=\"423\" data-end=\"440\">180.000 pufov<\/strong>, ta naprava trdno spada v kategorijo ultra-visoke kapacitete, zasnovana za te\u017eke uporabnike in velike kupce, ki cenijo vzdr\u017eljivost, doslednost in jasne kazalnike delovanja.<\/p>\n<p data-start=\"614\" data-end=\"934\">Napaja ga <strong data-start=\"627\" data-end=\"657\">\u0161tiridelni 1.0\u03a9 mre\u017eni tuljavni sistem<\/strong>, WASPE Crystal 180k ohranja stabilen izhod okusa skozi celoten \u017eivljenjski cikel. <strong data-start=\"745\" data-end=\"771\">68ml kapaciteta e-tek\u010dine<\/strong> v kombinaciji z <strong data-start=\"786\" data-end=\"824\">650mAh Type-C polnilna baterija<\/strong> zagotavlja stabilno proizvodnjo pare brez zgodnjega upada, s \u010dimer zmanj\u0161uje prito\u017ebe strank in ponovne zamenjave.<\/p>\n<p data-start=\"936\" data-end=\"1299\">Kar lo\u010duje <strong data-start=\"950\" data-end=\"974\">WASPE Crystal 180000<\/strong> je njegova <strong data-start=\"988\" data-end=\"1023\">8-v-1 prilagodljiv sistem okusa<\/strong>, ki uporabnikom omogo\u010da preklapljanje okusov v eni napravi. Zdru\u017eeno z <strong data-start=\"1089\" data-end=\"1109\">pametni LED zaslon<\/strong> ki prikazuje ravni baterije in olja, ta vape z zaslonkom ponuja transparentnost, nadzor in vrhunsko uporabni\u0161ko izku\u0161njo\u2014klju\u010dne dejavnike za ponovne prodaje na trgu Disposable Vapes Na Veliko.<\/p>\n<p data-start=\"1301\" data-end=\"1593\">Na voljo v <strong data-start=\"1314\" data-end=\"1349\">mo\u017enostih nikotina 0%, 2% in 5%<\/strong>, je <strong data-start=\"1355\" data-end=\"1394\">WASPE 180k Puff Disposable Vape Pen<\/strong> ustreza ve\u010d evropskim trgim in \u017eeljam strank. Njegova trdna konstrukcija, velik format in sodoben kristalni dizajn omogo\u010dajo mo\u010dno delovanje za veletrgovce, ki i\u0161\u010dejo koli\u010dinske naro\u010dila in hitro rotacijo.<\/p>\n<p data-start=\"1595\" data-end=\"1722\"><strong data-start=\"1598\" data-end=\"1722\">Velikoprodajni kupci in vaperji: zagotovite si zalogo WASPE Crystal 180k zdaj in okrep\u010dajte svojo kategorijo enkratnih naprav z visoko zmogljivostjo za ve\u010d vdihov z zaupanjem.<\/strong><\/p>\n<p><strong><span style=\"color: #ff0000;\">Dodajte Amy na WhatsApp in prejmite takoj\u0161en odgovor ter kupon za vape!<\/span><\/strong><\/p>\n<p><img fetchpriority=\"high\" decoding=\"async\" class=\"size-full wp-image-2932\" src=\"https:\/\/vapestornado.com\/wp-content\/uploads\/2024\/12\/Vape-Wholesale.jpg\" alt=\"Vape Veleprodaja\" width=\"229\" height=\"300\" \/><\/p>\n<h3><a href=\"https:\/\/wa.me\/8617776015835\" target=\"_blank\" rel=\"noopener\"><span style=\"color: #ff0000;\"><strong>WhatsApp: +386 17776015835<\/strong><\/span><\/a><\/h3>\n<p>&nbsp;<\/p>\n<h2><strong>WASPE Crystal 180k Puffs Lastnosti izdelka<\/strong><\/h2>\n<ul>\n<li data-start=\"1774\" data-end=\"1894\">\n<p data-start=\"1776\" data-end=\"1894\"><strong data-start=\"1776\" data-end=\"1801\">Kapaciteta 180.000 vdihov<\/strong> \u2013 Zasnovano za dalj\u0161o uporabo, zmanj\u0161uje potrebo po zamenjavah in pove\u010duje zadovoljstvo strank.<\/p>\n<\/li>\n<li data-start=\"1895\" data-end=\"2012\">\n<p data-start=\"1897\" data-end=\"2012\"><strong data-start=\"1897\" data-end=\"1932\">8-v-1 Nastavljiv sistem okusa<\/strong> \u2013 Ve\u010d mo\u017enosti okusa v eni napravi pove\u010duje anga\u017eiranost in ponovno uporabo.<\/p>\n<\/li>\n<li data-start=\"2013\" data-end=\"2111\">\n<p data-start=\"2015\" data-end=\"2111\"><strong data-start=\"2015\" data-end=\"2043\">Quad Mesh Coil (1.0\u03a9 \u00d74)<\/strong> \u2013 Zagotavlja enakomerno segrevanje, gosto paro in dosledno izhodno aromo.<\/p>\n<\/li>\n<li data-start=\"2112\" data-end=\"2212\">\n<p data-start=\"2114\" data-end=\"2212\"><strong data-start=\"2114\" data-end=\"2140\">Kapaciteta 68 ml E-tekline<\/strong> \u2013 Podpira resni\u010dno dolgoro\u010dno delovanje brez pogostih prekinitvah.<\/p>\n<\/li>\n<li data-start=\"2213\" data-end=\"2305\">\n<p data-start=\"2215\" data-end=\"2305\"><strong data-start=\"2215\" data-end=\"2235\">Pametni LED zaslon<\/strong> \u2013 Jasno prikazuje nivo baterije in olja za bolj\u0161i nadzor nad uporabo.<\/p>\n<\/li>\n<li data-start=\"2306\" data-end=\"2403\">\n<p data-start=\"2308\" data-end=\"2403\"><strong data-start=\"2308\" data-end=\"2346\">650mAh Type-C polnilna baterija<\/strong> \u2013 Zanesljivo napajanje z hitrim, univerzalnim polnjenjem.<\/p>\n<\/li>\n<\/ul>\n<figure id=\"attachment_4827\" aria-describedby=\"caption-attachment-4827\" style=\"width: 300px\" class=\"wp-caption alignnone\"><img decoding=\"async\" class=\"size-medium wp-image-4827\" src=\"https:\/\/vapestornado.com\/wp-content\/uploads\/2026\/01\/WASPE-Crystal-180k-Puff-Disposable-Vape-Pen-300x300.webp\" alt=\"WASPE Crystal 180k Puff Disposable Vape Pen\" width=\"300\" height=\"300\" srcset=\"https:\/\/vapestornado.com\/wp-content\/uploads\/2026\/01\/WASPE-Crystal-180k-Puff-Disposable-Vape-Pen-300x300.webp 300w, https:\/\/vapestornado.com\/wp-content\/uploads\/2026\/01\/WASPE-Crystal-180k-Puff-Disposable-Vape-Pen-150x150.webp 150w, https:\/\/vapestornado.com\/wp-content\/uploads\/2026\/01\/WASPE-Crystal-180k-Puff-Disposable-Vape-Pen-768x768.webp 768w, https:\/\/vapestornado.com\/wp-content\/uploads\/2026\/01\/WASPE-Crystal-180k-Puff-Disposable-Vape-Pen-12x12.webp 12w, https:\/\/vapestornado.com\/wp-content\/uploads\/2026\/01\/WASPE-Crystal-180k-Puff-Disposable-Vape-Pen-600x600.webp 600w, https:\/\/vapestornado.com\/wp-content\/uploads\/2026\/01\/WASPE-Crystal-180k-Puff-Disposable-Vape-Pen-100x100.webp 100w, https:\/\/vapestornado.com\/wp-content\/uploads\/2026\/01\/WASPE-Crystal-180k-Puff-Disposable-Vape-Pen.webp 800w\" sizes=\"(max-width: 300px) 100vw, 300px\" \/><figcaption id=\"caption-attachment-4827\" class=\"wp-caption-text\">WASPE Crystal 180k Puff Disposable Vape Pen<\/figcaption><\/figure>\n<figure id=\"attachment_4830\" aria-describedby=\"caption-attachment-4830\" style=\"width: 300px\" class=\"wp-caption alignnone\"><img decoding=\"async\" class=\"size-medium wp-image-4830\" src=\"https:\/\/vapestornado.com\/wp-content\/uploads\/2026\/01\/WASPE-Crystal-180k-Puffs-Bulk-Buy-Price-300x300.webp\" alt=\"Cena na debelo za WASPE Crystal 180k Puffs\" width=\"300\" height=\"300\" srcset=\"https:\/\/vapestornado.com\/wp-content\/uploads\/2026\/01\/WASPE-Crystal-180k-Puffs-Bulk-Buy-Price-300x300.webp 300w, https:\/\/vapestornado.com\/wp-content\/uploads\/2026\/01\/WASPE-Crystal-180k-Puffs-Bulk-Buy-Price-150x150.webp 150w, https:\/\/vapestornado.com\/wp-content\/uploads\/2026\/01\/WASPE-Crystal-180k-Puffs-Bulk-Buy-Price-768x768.webp 768w, https:\/\/vapestornado.com\/wp-content\/uploads\/2026\/01\/WASPE-Crystal-180k-Puffs-Bulk-Buy-Price-12x12.webp 12w, https:\/\/vapestornado.com\/wp-content\/uploads\/2026\/01\/WASPE-Crystal-180k-Puffs-Bulk-Buy-Price-600x600.webp 600w, https:\/\/vapestornado.com\/wp-content\/uploads\/2026\/01\/WASPE-Crystal-180k-Puffs-Bulk-Buy-Price-100x100.webp 100w, https:\/\/vapestornado.com\/wp-content\/uploads\/2026\/01\/WASPE-Crystal-180k-Puffs-Bulk-Buy-Price.webp 800w\" sizes=\"(max-width: 300px) 100vw, 300px\" \/><figcaption id=\"caption-attachment-4830\" class=\"wp-caption-text\">Cena na debelo za WASPE Crystal 180k Puffs<\/figcaption><\/figure>\n<figure id=\"attachment_4826\" aria-describedby=\"caption-attachment-4826\" style=\"width: 300px\" class=\"wp-caption alignnone\"><img loading=\"lazy\" decoding=\"async\" class=\"size-medium wp-image-4826\" src=\"https:\/\/vapestornado.com\/wp-content\/uploads\/2026\/01\/Waspe-Crystal-180k-Puff-8-in-1-Flavor-Adjustable-Disposable-Vape-300x300.webp\" alt=\"Waspe Crystal 180k Puff 8-v-1 Nastavljiv disposable vape z okusi\" width=\"300\" height=\"300\" srcset=\"https:\/\/vapestornado.com\/wp-content\/uploads\/2026\/01\/Waspe-Crystal-180k-Puff-8-in-1-Flavor-Adjustable-Disposable-Vape-300x300.webp 300w, https:\/\/vapestornado.com\/wp-content\/uploads\/2026\/01\/Waspe-Crystal-180k-Puff-8-in-1-Flavor-Adjustable-Disposable-Vape-150x150.webp 150w, https:\/\/vapestornado.com\/wp-content\/uploads\/2026\/01\/Waspe-Crystal-180k-Puff-8-in-1-Flavor-Adjustable-Disposable-Vape-768x768.webp 768w, https:\/\/vapestornado.com\/wp-content\/uploads\/2026\/01\/Waspe-Crystal-180k-Puff-8-in-1-Flavor-Adjustable-Disposable-Vape-12x12.webp 12w, https:\/\/vapestornado.com\/wp-content\/uploads\/2026\/01\/Waspe-Crystal-180k-Puff-8-in-1-Flavor-Adjustable-Disposable-Vape-600x600.webp 600w, https:\/\/vapestornado.com\/wp-content\/uploads\/2026\/01\/Waspe-Crystal-180k-Puff-8-in-1-Flavor-Adjustable-Disposable-Vape-100x100.webp 100w, https:\/\/vapestornado.com\/wp-content\/uploads\/2026\/01\/Waspe-Crystal-180k-Puff-8-in-1-Flavor-Adjustable-Disposable-Vape.webp 843w\" sizes=\"(max-width: 300px) 100vw, 300px\" \/><figcaption id=\"caption-attachment-4826\" class=\"wp-caption-text\">Waspe Crystal 180k Puff 8-v-1 Nastavljiv disposable vape z okusi<\/figcaption><\/figure>\n<div><\/div>\n<h2 class=\"product-title\"><strong>Seznam okusov WASPE Crystal 180k Puff<\/strong><\/h2>\n<p>1. Watermelon Ice &amp; Lemon Lime &amp; Sour Mango Ice &amp; Kiwi Melon Ice<br \/>\n2. Blueberry Ice &amp; Cherry Cola &amp; Strawberry Vanilla &amp; Lemon Cherry<br \/>\n3. Red Bull Ice &amp; Strawberry Ice &amp; Sour Fcuking Fab &amp; Cola Ice<br \/>\n4. Grape Ice &amp; Strawberry Kiwi &amp; Watermelon Ice &amp; Blue Rancher<br \/>\n5. Melon Passion Fruit &amp; Sour Mango Pineapple &amp; Banana Toffee Candy &amp; Strawberry Berry<br \/>\n6. Strawberry Watermelon &amp; Cool Mint &amp; Blue Razz Ice &amp; Blackcurrant Ice<br \/>\n7. Blackberry Ice &amp; Double Apple &amp; Black Dragon Ice &amp; Strawberry Kiwi<br \/>\n8. Strawberry Red Bull &amp; Cherry Cola &amp; Cherry Lemon &amp; Tropical Fruit<br \/>\n9. Me\u0161ane jagode &amp; Limona-limeta &amp; Borovnica-ribez &amp; Zelena jabolka<br \/>\n10. Jagoda-ribez \u010de\u0161nja &amp; Jagoda Watermelon &amp; Kiwi Watermelon &amp; Limona-limeta<br \/>\n11. Jagoda-banana &amp; Mango-peach &amp; Trojne jagode &amp; Jagoda-ananas<br \/>\n12. Blue Razz Lemonade &amp; Cherry Lemon &amp; Borovnica Ice &amp; Watermelon Peach<\/p>\n<div class=\"flex-shrink-0 flex flex-col relative items-end\">\n<div class=\"pt-0\">\n<div class=\"gizmo-bot-avatar flex h-8 w-8 items-center justify-center overflow-hidden rounded-full\">\n<div class=\"relative p-1 rounded-sm flex items-center justify-center bg-token-main-surface-primary text-token-text-primary h-8 w-8\">\n<h2 data-start=\"1200\" data-end=\"1487\">Vapes Tornado \u2013 Va\u0161 veleprodajni spletni vapor shop za priljubljene vape<\/h2>\n<p data-start=\"72\" data-end=\"396\"><strong data-start=\"72\" data-end=\"89\">Vape Tornado<\/strong> je osredoto\u010den na veleprodajo v Evropi, ki dobavlja skrbno izbran nabor <strong data-start=\"178\" data-end=\"195\">priljubljenih vape-ov<\/strong> za profesionalne kupce. Sodelujemo z trgovci na drobno, distributerji in spletnimi trgovinami po vsej EU, ki potrebujejo stabilno oskrbo, jasne informacije o izdelkih in blagovne znamke, ki jih stranke \u017ee prepoznavajo in jim zaupajo.<\/p>\n<p data-start=\"398\" data-end=\"687\">Sodelujemo z zaupanja vrednimi imeni, kot so <strong data-start=\"247\" data-end=\"352\"><a href=\"https:\/\/vapestornado.com\/sl\/product\/randm-12000-puffs-fumot-digital-disposable-vape-wholesale-price\/\">Fumot VAPE<\/a>, <a href=\"https:\/\/vapestornado.com\/sl\/product\/original-wga-ultra-35k-35000-puff-rechargeable-crystal-disposable-nicotine-vape-best-discount-price\/\">WGA VAPE<\/a>, <a href=\"https:\/\/vapestornado.com\/sl\/product\/vozol-gear-shisha-25k-25000-puffs-best-dtl-disposable-vape-hookah-cheap-price\/\">VOZIL BAR VAPE<\/a>, <\/strong><strong data-start=\"247\" data-end=\"352\">Elf Bar Vape, WASPE Vape, <a href=\"https:\/\/vapestornado.com\/sl\/product\/uzy-150k-puffs-6-in-1-flavor-switch-disposable-vape-pen-wholesale\/\">UZY Vape<\/a>, Bang Vape, Razz Bar Vape, in Stag Bar Vape<\/strong>, izbrani zaradi dosledne kakovosti in velikega povpra\u0161evanja na evropskem trgu.<\/p>\n<h4 data-start=\"1080\" data-end=\"1120\">Zgrajen za veleprodajo evropskih vaperjev<\/h4>\n<p data-start=\"1121\" data-end=\"1189\">Vapes Tornado je zasnovan glede na resni\u010dne potrebe evropskih veleprodajnih trgovcev:<\/p>\n<ul data-start=\"1190\" data-end=\"1400\">\n<li data-start=\"1190\" data-end=\"1239\">\n<p data-start=\"1192\" data-end=\"1239\">Konkuren\u010dne veleprodajne cene za velike naro\u010dila<\/p>\n<\/li>\n<li data-start=\"1240\" data-end=\"1289\">\n<p data-start=\"1242\" data-end=\"1289\">Jasni opisi izdelkov in specifikacije<\/p>\n<\/li>\n<li data-start=\"1290\" data-end=\"1330\">\n<p data-start=\"1292\" data-end=\"1330\">Hitra, zanesljiva logistika usmerjena v EU<\/p>\n<\/li>\n<li data-start=\"1331\" data-end=\"1400\">\n<p data-start=\"1333\" data-end=\"1400\">Katalog osredoto\u010den na <strong data-start=\"1356\" data-end=\"1373\">priljubljenih vape-ov<\/strong>, ne na preve\u010d nasi\u010dene SKU-je<\/p>\n<\/li>\n<\/ul>\n<h2 data-start=\"2064\" data-end=\"2115\">Pogosta vpra\u0161anja o WASPE Crystal 180k Puffs Disposable Vape<\/h2>\n<p data-start=\"3376\" data-end=\"3516\"><strong data-start=\"3376\" data-end=\"3425\">1. Kako dolgo traja WASPE Crystal 180k?<\/strong><br data-start=\"3425\" data-end=\"3428\" \/>Uporaba je odvisna od navad, vendar je zasnovan za dalj\u0161o uporabo z do 180.000 vdihi.<\/p>\n<p data-start=\"3518\" data-end=\"3650\"><strong data-start=\"3518\" data-end=\"3557\">2. Ali lahko uporabniki enostavno menjajo okuse?<\/strong><br data-start=\"3557\" data-end=\"3560\" \/>Da, prilagodljiv sistem okusa 8-v-1 omogo\u010da enostavno menjavo okusa znotraj ene naprave.<\/p>\n<p data-start=\"3652\" data-end=\"3763\"><strong data-start=\"3652\" data-end=\"3700\">3. Ali je WASPE Crystal 180000 polnjen?<\/strong><br data-start=\"3700\" data-end=\"3703\" \/>Da, ima baterijo 650mAh z hitrim polnjenjem Type-C.<\/p>\n<p data-start=\"3765\" data-end=\"3898\"><strong data-start=\"3765\" data-end=\"3821\">4. Ali naprava prikazuje stanje baterije in e-soka?<\/strong><br data-start=\"3821\" data-end=\"3824\" \/>Da, vgrajen LED zaslon jasno prikazuje tako raven olja kot tudi nivo baterije.<\/p>\n<p data-start=\"3900\" data-end=\"4056\"><strong data-start=\"3900\" data-end=\"3954\">5. Ali je to primerno za veleprodajo in velike koli\u010dine naro\u010dil?<\/strong><br data-start=\"3954\" data-end=\"3957\" \/>Seveda, je zasnovano posebej za nakup na debelo Disposable Vapes in distribucijo velikega obsega.<\/p>\n<\/div>\n<\/div>\n<\/div>\n<\/div>","protected":false},"excerpt":{"rendered":"<div class=\"flex max-w-full flex-col grow\">\n<div class=\"min-h-8 text-message relative flex w-full flex-col items-end gap-2 text-start break-words whitespace-normal [.text-message+&amp;]:mt-1\" dir=\"auto\" data-message-author-role=\"assistant\" data-message-id=\"2a9d6edf-5b3a-41c0-afc9-caef2e4c2c3b\" data-message-model-slug=\"gpt-5-2\">\n<div class=\"flex w-full flex-col gap-1 empty:hidden first:pt-[1px]\">\n<div class=\"markdown prose dark:prose-invert w-full break-words light markdown-new-styling\">\n<ul>\n<li data-start=\"4315\" data-end=\"4401\">\n<p data-start=\"4318\" data-end=\"4401\"><strong data-start=\"4318\" data-end=\"4399\">WASPE Crystal 180K Puf Disposable Vape \u2013 8-v-1 Okusna Mo\u010d za Velike Kupce<\/strong><\/p>\n<\/li>\n<li data-start=\"4402\" data-end=\"4487\">\n<p data-start=\"4405\" data-end=\"4487\"><strong data-start=\"4405\" data-end=\"4485\">WASPE Crystal 180000 Puf Vape z Zaslonkom | Visoka Kapaciteta Na Voljo na Veliko<\/strong><\/p>\n<\/li>\n<li data-start=\"4488\" data-end=\"4567\">\n<p data-start=\"4491\" data-end=\"4567\"><strong data-start=\"4491\" data-end=\"4567\">WASPE 180k Puf Disposable Vape Pero \u2013 Zgrajen za Obseg, Oblikovan za Prodajo<\/strong><\/p>\n<\/li>\n<\/ul>\n<\/div>\n<\/div>\n<\/div>\n<\/div>\n<p><strong>Dodajte Amyin WhatsApp, da dobite pravi odgovor in ceno s popustom!<\/strong><\/p>\n<p><img fetchpriority=\"high\" decoding=\"async\" class=\"size-full wp-image-2932\" src=\"https:\/\/vapestornado.com\/wp-content\/uploads\/2024\/12\/Vape-Wholesale.jpg\" alt=\"Vape Veleprodaja\" width=\"229\" height=\"300\" \/><\/p>\n<h3><a href=\"https:\/\/wa.me\/8617776015835\"><span style=\"color: #ff0000;\"><strong>WhatsApp: +386 17776015835<\/strong><\/span><\/a><\/h3>","protected":false},"featured_media":4832,"comment_status":"open","ping_status":"closed","template":"","meta":{"_acf_changed":false,"_uag_custom_page_level_css":"","_lmt_disableupdate":"no","_lmt_disable":"","_monsterinsights_skip_tracking":false,"_monsterinsights_sitenote_active":false,"_monsterinsights_sitenote_note":"","_monsterinsights_sitenote_category":0,"site-sidebar-layout":"default","site-content-layout":"","ast-site-content-layout":"default","site-content-style":"default","site-sidebar-style":"default","ast-global-header-display":"","ast-banner-title-visibility":"","ast-main-header-display":"","ast-hfb-above-header-display":"","ast-hfb-below-header-display":"","ast-hfb-mobile-header-display":"","site-post-title":"","ast-breadcrumbs-content":"","ast-featured-img":"","footer-sml-layout":"","ast-disable-related-posts":"","theme-transparent-header-meta":"default","adv-header-id-meta":"","stick-header-meta":"","header-above-stick-meta":"","header-main-stick-meta":"","header-below-stick-meta":"","astra-migrate-meta-layouts":"set","ast-page-background-enabled":"default","ast-page-background-meta":{"desktop":{"background-color":"","background-image":"","background-repeat":"repeat","background-position":"center center","background-size":"auto","background-attachment":"scroll","background-type":"","background-media":"","overlay-type":"","overlay-color":"","overlay-opacity":"","overlay-gradient":""},"tablet":{"background-color":"","background-image":"","background-repeat":"repeat","background-position":"center center","background-size":"auto","background-attachment":"scroll","background-type":"","background-media":"","overlay-type":"","overlay-color":"","overlay-opacity":"","overlay-gradient":""},"mobile":{"background-color":"","background-image":"","background-repeat":"repeat","background-position":"center center","background-size":"auto","background-attachment":"scroll","background-type":"","background-media":"","overlay-type":"","overlay-color":"","overlay-opacity":"","overlay-gradient":""}},"ast-content-background-meta":{"desktop":{"background-color":"var(--ast-global-color-5)","background-image":"","background-repeat":"repeat","background-position":"center center","background-size":"auto","background-attachment":"scroll","background-type":"","background-media":"","overlay-type":"","overlay-color":"","overlay-opacity":"","overlay-gradient":""},"tablet":{"background-color":"var(--ast-global-color-5)","background-image":"","background-repeat":"repeat","background-position":"center center","background-size":"auto","background-attachment":"scroll","background-type":"","background-media":"","overlay-type":"","overlay-color":"","overlay-opacity":"","overlay-gradient":""},"mobile":{"background-color":"var(--ast-global-color-5)","background-image":"","background-repeat":"repeat","background-position":"center center","background-size":"auto","background-attachment":"scroll","background-type":"","background-media":"","overlay-type":"","overlay-color":"","overlay-opacity":"","overlay-gradient":""}},"_joinchat":[]},"product_brand":[],"product_cat":[150,152,153,158,141,142,492,144,146,60],"product_tag":[561,560,269,559,558,557],"class_list":{"0":"post-4833","1":"product","2":"type-product","3":"status-publish","4":"has-post-thumbnail","6":"product_cat-buy-disposable-vapes-in-belgium","7":"product_cat-buy-disposable-vapes-in-cermany","8":"product_cat-buy-disposable-vapes-in-italy","9":"product_cat-buy-disposable-vapes-in-spain","10":"product_cat-crystal-disposable-vapes","11":"product_cat-digital-box-disposable-vapes","12":"product_cat-eu-warehouse","13":"product_cat-low-nicotine-disposable-vapes","14":"product_cat-rechargeable-disposable-vapes","15":"product_cat-waspe-fihp-vape","16":"product_tag-disposable-vapes-bulk-buy","17":"product_tag-disposable-vapes-pen","18":"product_tag-vape-with-screen","19":"product_tag-waspe-180k-puff","20":"product_tag-waspe-crystal-180000","21":"product_tag-waspe-crystal-180k","22":"desktop-align-left","23":"tablet-align-left","24":"mobile-align-left","26":"first","27":"instock","28":"sale","29":"shipping-taxable","30":"purchasable","31":"product-type-simple"},"acf":[],"uagb_featured_image_src":{"full":["https:\/\/vapestornado.com\/wp-content\/uploads\/2026\/01\/WASPE-Crystal-180000-Puffs-Multi-Flavor-Disposable-Vapes.webp",800,800,false],"thumbnail":["https:\/\/vapestornado.com\/wp-content\/uploads\/2026\/01\/WASPE-Crystal-180000-Puffs-Multi-Flavor-Disposable-Vapes-150x150.webp",150,150,true],"medium":["https:\/\/vapestornado.com\/wp-content\/uploads\/2026\/01\/WASPE-Crystal-180000-Puffs-Multi-Flavor-Disposable-Vapes-300x300.webp",300,300,true],"medium_large":["https:\/\/vapestornado.com\/wp-content\/uploads\/2026\/01\/WASPE-Crystal-180000-Puffs-Multi-Flavor-Disposable-Vapes-768x768.webp",768,768,true],"large":["https:\/\/vapestornado.com\/wp-content\/uploads\/2026\/01\/WASPE-Crystal-180000-Puffs-Multi-Flavor-Disposable-Vapes.webp",800,800,false],"1536x1536":["https:\/\/vapestornado.com\/wp-content\/uploads\/2026\/01\/WASPE-Crystal-180000-Puffs-Multi-Flavor-Disposable-Vapes.webp",800,800,false],"2048x2048":["https:\/\/vapestornado.com\/wp-content\/uploads\/2026\/01\/WASPE-Crystal-180000-Puffs-Multi-Flavor-Disposable-Vapes.webp",800,800,false],"trp-custom-language-flag":["https:\/\/vapestornado.com\/wp-content\/uploads\/2026\/01\/WASPE-Crystal-180000-Puffs-Multi-Flavor-Disposable-Vapes-12x12.webp",12,12,true],"woocommerce_thumbnail":["https:\/\/vapestornado.com\/wp-content\/uploads\/2026\/01\/WASPE-Crystal-180000-Puffs-Multi-Flavor-Disposable-Vapes-300x300.webp",300,300,true],"woocommerce_single":["https:\/\/vapestornado.com\/wp-content\/uploads\/2026\/01\/WASPE-Crystal-180000-Puffs-Multi-Flavor-Disposable-Vapes-600x600.webp",600,600,true],"woocommerce_gallery_thumbnail":["https:\/\/vapestornado.com\/wp-content\/uploads\/2026\/01\/WASPE-Crystal-180000-Puffs-Multi-Flavor-Disposable-Vapes-100x100.webp",100,100,true]},"uagb_author_info":{"display_name":"ESAMY","author_link":"https:\/\/vapestornado.com\/sl\/author\/"},"uagb_comment_info":0,"uagb_excerpt":"WASPE Crystal 180K Puff Disposable Vape \u2013 8-in-1 Flavor Power for Bulk Buyers WASPE Crystal 180000 Puffs Vape with Screen | High-Capacity Wholesale Choice WASPE 180k Puff Disposable Vape Pen \u2013 Built for Volume, Designed to Sell Add Amy's whatsapp to get right reply and discount price! WhatsApp: +86 17776015835","_links":{"self":[{"href":"https:\/\/vapestornado.com\/sl\/wp-json\/wp\/v2\/product\/4833","targetHints":{"allow":["GET"]}}],"collection":[{"href":"https:\/\/vapestornado.com\/sl\/wp-json\/wp\/v2\/product"}],"about":[{"href":"https:\/\/vapestornado.com\/sl\/wp-json\/wp\/v2\/types\/product"}],"replies":[{"embeddable":true,"href":"https:\/\/vapestornado.com\/sl\/wp-json\/wp\/v2\/comments?post=4833"}],"wp:featuredmedia":[{"embeddable":true,"href":"https:\/\/vapestornado.com\/sl\/wp-json\/wp\/v2\/media\/4832"}],"wp:attachment":[{"href":"https:\/\/vapestornado.com\/sl\/wp-json\/wp\/v2\/media?parent=4833"}],"wp:term":[{"taxonomy":"product_brand","embeddable":true,"href":"https:\/\/vapestornado.com\/sl\/wp-json\/wp\/v2\/product_brand?post=4833"},{"taxonomy":"product_cat","embeddable":true,"href":"https:\/\/vapestornado.com\/sl\/wp-json\/wp\/v2\/product_cat?post=4833"},{"taxonomy":"product_tag","embeddable":true,"href":"https:\/\/vapestornado.com\/sl\/wp-json\/wp\/v2\/product_tag?post=4833"}],"curies":[{"name":"wp","href":"https:\/\/api.w.org\/{rel}","templated":true}]}}