{"id":4788,"date":"2026-01-09T08:31:41","date_gmt":"2026-01-09T08:31:41","guid":{"rendered":"https:\/\/vapestornado.com\/?post_type=product&#038;p=4788"},"modified":"2026-01-09T08:59:59","modified_gmt":"2026-01-09T08:59:59","slug":"al-fakher-60k-ehose-x-disposable-vape-crown-bar-60000-puffs-shisha-hookah-low-price","status":"publish","type":"product","link":"https:\/\/vapestornado.com\/sl\/product\/al-fakher-60k-ehose-x-disposable-vape-crown-bar-60000-puffs-shisha-hookah-low-price\/","title":{"rendered":"Al Fakher 60k EHose X Disposable Vape Crown Bar 60000 Vdihov Shisha Hookah Nizka Cena"},"content":{"rendered":"<h1 data-start=\"0\" data-end=\"87\">Al Fakher Mega Max 40K Vdihov Crown Bar Disposable E Shisha Hookah Vape z nastavljivim pretokom zraka<\/h1>\n<p data-start=\"233\" data-end=\"642\">The <strong data-start=\"237\" data-end=\"289\">Al Fakher 60K E-Hose X Disposable Vape Crown Bar<\/strong> je zasnovan za kupce, ki zahtevajo dolgoro\u010dno zanesljivost, mo\u010dan izhod okusa in shisha-razred pare v enkratni obliki. Zasnovan za <strong data-start=\"431\" data-end=\"480\">prodajo na drobno in veleprodajo velikega obsega<\/strong>, ta model dose\u017ee do <strong data-start=\"508\" data-end=\"524\">60.000 vdihov<\/strong> z stabilno zmogljivostjo, kar ga uvr\u0161\u010da med najbolj stro\u0161kovno u\u010dinkovite <strong data-start=\"591\" data-end=\"627\">velike vdihne disposable hookah vape<\/strong> na trgu.<\/p>\n<p data-start=\"644\" data-end=\"998\">Zgrajen okoli ogromnega <strong data-start=\"667\" data-end=\"694\">50 ml rezervoarja za e-tekilo<\/strong> in <strong data-start=\"701\" data-end=\"736\">visoko zmogljiva mre\u017easta tuljava 0,6\u03a9<\/strong>, je <strong data-start=\"742\" data-end=\"769\">Al Fakher CRYSTAL 60000<\/strong> ohranja gosto paro in \u010dist okus od prvega vdiha do zadnjega. Za razliko od enkratnih naprav z majhno \u017eivljenjsko dobo, ki hitro zbledijo, je ta sistem nastavljen na dosledno dostavo, kar je klju\u010dno za ponovne prodaje in zvestobo strank.<\/p>\n<p data-start=\"1000\" data-end=\"1348\">Naprava podpira <strong data-start=\"1020\" data-end=\"1040\">dvojni na\u010din uparjanja<\/strong>, omogo\u010da uporabnikom preklapljanje med <strong data-start=\"1075\" data-end=\"1099\">DTL (direktno v plju\u010da)<\/strong> za obla\u010dne seje shishe in <strong data-start=\"1136\" data-end=\"1159\">MTL (usta-do-plju\u010da)<\/strong> za bolj nadzorovano vle\u010denje. Ta prilagodljivost naredi <strong data-start=\"1215\" data-end=\"1250\">Al Fakher Crown Bar Crystal 60K<\/strong> primerno tako za navdu\u0161ence nad hookah kot za redne uporabnike enkratnih vape naprav, s \u010dimer pove\u010duje svoj trg.<\/p>\n<p data-start=\"1350\" data-end=\"1704\">A <strong data-start=\"1352\" data-end=\"1384\">baterija za ponovno polnjenje 1000 mAh<\/strong> zdru\u017eeno z <strong data-start=\"1397\" data-end=\"1421\">hitro polnjenje Type-C<\/strong> ohranja napravo brez izpada delovanja. Vgrajeni <strong data-start=\"1478\" data-end=\"1503\">pametni digitalni zaslon<\/strong> prikazuje stanje baterije in ravni e-tekline v realnem \u010dasu, s \u010dimer zmanj\u0161uje frustracijo uporabnikov in izbolj\u0161uje zaznano kakovost izdelka \u2014 pomemben dejavnik v konkuren\u010dnih <strong data-start=\"1652\" data-end=\"1688\">Na debelo prodaja enkratnih vapov v Sloveniji<\/strong> in na trgih EU.<\/p>\n<p data-start=\"1706\" data-end=\"1900\">Za veletrgovce, ki i\u0161\u010dejo <strong data-start=\"1734\" data-end=\"1787\">nizko ceno, veliko \u0161tevilo vdihov in mo\u010dno prepoznavnost blagovne znamke<\/strong>, je <strong data-start=\"1793\" data-end=\"1819\">Al Fakher 60K E-Hose X<\/strong> nudi uravnote\u017eeno kombinacijo zmogljivosti, vzdr\u017eljivosti in stabilnosti prodaje.<\/p>\n<p><strong><span style=\"color: #ff0000;\">Dodajte Amy na WhatsApp in prejmite takoj\u0161en odgovor ter kupon za vape!<\/span><\/strong><\/p>\n<p><img fetchpriority=\"high\" decoding=\"async\" class=\"size-full wp-image-2932\" src=\"https:\/\/vapestornado.com\/wp-content\/uploads\/2024\/12\/Vape-Wholesale.jpg\" alt=\"Vape Veleprodaja\" width=\"229\" height=\"300\" \/><\/p>\n<h3><a href=\"https:\/\/wa.me\/8617776015835\" target=\"_blank\" rel=\"noopener\"><span style=\"color: #ff0000;\"><strong>WhatsApp: +386 17776015835<\/strong><\/span><\/a><\/h3>\n<p>&nbsp;<\/p>\n<h2><strong>Lastnosti izdelka Al Fakher 60k vdihov<\/strong><\/h2>\n<ul>\n<li data-start=\"1956\" data-end=\"2043\">\n<p data-start=\"1958\" data-end=\"2043\"><strong data-start=\"1958\" data-end=\"1975\">60.000 vdihov:<\/strong> Zasnovano za dalj\u0161o uporabo brez zgodnjega upada pare ali okusa.<\/p>\n<\/li>\n<li data-start=\"2044\" data-end=\"2151\">\n<p data-start=\"2046\" data-end=\"2151\"><strong data-start=\"2046\" data-end=\"2073\">Kapaciteta e-tekline 50 ml:<\/strong> Velik notranji rezervoar zmanj\u0161a pogostost zamenjave in pove\u010duje uporabni\u0161ko vrednost.<\/p>\n<\/li>\n<li data-start=\"2152\" data-end=\"2230\">\n<p data-start=\"2154\" data-end=\"2230\"><strong data-start=\"2154\" data-end=\"2175\">Dvojni na\u010din vapinga:<\/strong> Podpira tako DTL kot MTL za \u0161ir\u0161i interes strank.<\/p>\n<\/li>\n<li data-start=\"2231\" data-end=\"2323\">\n<p data-start=\"2233\" data-end=\"2323\"><strong data-start=\"2233\" data-end=\"2252\">0,6\u03a9 mre\u017ena tuljava:<\/strong> Nudi gladek pretok zraka, goste oblake in dosledno izhodno aromo.<\/p>\n<\/li>\n<li data-start=\"2324\" data-end=\"2406\">\n<p data-start=\"2326\" data-end=\"2406\"><strong data-start=\"2326\" data-end=\"2346\">Baterija 1000mAh:<\/strong> Polnljiv napajalni sistem zasnovan za te\u017eko vsakodnevno uporabo.<\/p>\n<\/li>\n<li data-start=\"2407\" data-end=\"2492\">\n<p data-start=\"2409\" data-end=\"2492\"><strong data-start=\"2409\" data-end=\"2429\">Polnjenje Type-C:<\/strong> Hitrej\u0161e in bolj stabilno polnjenje z moderno zdru\u017eljivostjo.<\/p>\n<\/li>\n<li data-start=\"2493\" data-end=\"2582\">\n<p data-start=\"2495\" data-end=\"2582\"><strong data-start=\"2495\" data-end=\"2521\">Pametni digitalni zaslon:<\/strong> Prikazuje ravni baterije in teko\u010dine za zanesljivo vsakodnevno uporabo.<\/p>\n<\/li>\n<li data-start=\"2583\" data-end=\"2666\">\n<p data-start=\"2585\" data-end=\"2666\"><strong data-start=\"2585\" data-end=\"2614\">Nikotinska mo\u010d 6mg\/ml:<\/strong> Izena\u010dena dostava zasnovana za vla\u017eenje v slogu \u0161ishe.<\/p>\n<\/li>\n<\/ul>\n<div>\n<figure id=\"attachment_4783\" aria-describedby=\"caption-attachment-4783\" style=\"width: 300px\" class=\"wp-caption alignnone\"><img decoding=\"async\" class=\"size-medium wp-image-4783\" src=\"https:\/\/vapestornado.com\/wp-content\/uploads\/2026\/01\/AL-Fakher-60k-Crown-Bar-EHOSE-X-60000-Puff-Disposable-Vape-300x300.webp\" alt=\"Al Fakher 60k Crown Bar EHOSE X Enkratna vape z 60000 vdihi\" width=\"300\" height=\"300\" srcset=\"https:\/\/vapestornado.com\/wp-content\/uploads\/2026\/01\/AL-Fakher-60k-Crown-Bar-EHOSE-X-60000-Puff-Disposable-Vape-300x300.webp 300w, https:\/\/vapestornado.com\/wp-content\/uploads\/2026\/01\/AL-Fakher-60k-Crown-Bar-EHOSE-X-60000-Puff-Disposable-Vape-150x150.webp 150w, https:\/\/vapestornado.com\/wp-content\/uploads\/2026\/01\/AL-Fakher-60k-Crown-Bar-EHOSE-X-60000-Puff-Disposable-Vape-768x768.webp 768w, https:\/\/vapestornado.com\/wp-content\/uploads\/2026\/01\/AL-Fakher-60k-Crown-Bar-EHOSE-X-60000-Puff-Disposable-Vape-12x12.webp 12w, https:\/\/vapestornado.com\/wp-content\/uploads\/2026\/01\/AL-Fakher-60k-Crown-Bar-EHOSE-X-60000-Puff-Disposable-Vape-600x600.webp 600w, https:\/\/vapestornado.com\/wp-content\/uploads\/2026\/01\/AL-Fakher-60k-Crown-Bar-EHOSE-X-60000-Puff-Disposable-Vape-100x100.webp 100w, https:\/\/vapestornado.com\/wp-content\/uploads\/2026\/01\/AL-Fakher-60k-Crown-Bar-EHOSE-X-60000-Puff-Disposable-Vape.webp 800w\" sizes=\"(max-width: 300px) 100vw, 300px\" \/><figcaption id=\"caption-attachment-4783\" class=\"wp-caption-text\">Al Fakher 60k Crown Bar EHOSE X Enkratna vape z 60000 vdihi<\/figcaption><\/figure>\n<\/div>\n<h2 class=\"product-title\"><strong>Seznam okusov Al Fakher 60k EHose X<\/strong><\/h2>\n<p>1 Jagoda modra<br \/>\n2 Jagoda led<br \/>\n3 \u010crni ribez led<br \/>\n4 \u010crni ribez meta<br \/>\n5 Modri Razz Blast<br \/>\n6 Modri Razz limonada<br \/>\n7 Borovni\u010dev \u010de\u0161njev<br \/>\n8 Modra jagodna guma<br \/>\n9 Modra jagodna limonada<br \/>\n10 Modra jagoda meta<br \/>\n11 Modra jagoda malinica<br \/>\n12 Modra Borovnica Kisel Rde\u010di Raspberries<br \/>\n13 \u010ce\u0161njev festival<br \/>\n14 \u010ce\u0161njev pene\u010di napitek<br \/>\n15 \u010ce\u0161njeva ledena osve\u017eitev<br \/>\n16 Hladni mango<br \/>\n17 Fusion Pop<br \/>\n18 Grozdje<br \/>\n19 Grozdje jagoda<br \/>\n20 Grozdje meta<br \/>\n21 Gumi meta<br \/>\n22 Hubba<br \/>\n23 Ledena modra<br \/>\n24 Limona limeta<br \/>\n25 Limona limeta \u010de\u0161njev pene\u010di napitek<br \/>\n26 Limona meta<br \/>\n27 Rasto\u010da ledena osve\u017eitev<br \/>\n28 \u010carobna ljubezen<br \/>\n29 Mango Ananas<br \/>\n30 Mentol<br \/>\n31 Meta<br \/>\n32 Me\u0161ana jagoda<br \/>\n33 Pomaran\u010da Meta<br \/>\n34 Breskev Led<br \/>\n35 Ananas Led<br \/>\n36 Vesoljski sanjski<br \/>\n37 Meta Spearmint<br \/>\n38 Jagoda \u010de\u0161nja<br \/>\n39 Jagoda Punch<br \/>\n40 Poletni sanjski<br \/>\n41 Dve jabolki<br \/>\n42 Lubenica \u010de\u0161nja<br \/>\n43 Lubenica Kiwi<br \/>\n44 Lubenica Limeta<br \/>\n45 Lubenica Ananas<\/p>\n<div class=\"flex-shrink-0 flex flex-col relative items-end\">\n<div class=\"pt-0\">\n<div class=\"gizmo-bot-avatar flex h-8 w-8 items-center justify-center overflow-hidden rounded-full\">\n<div class=\"relative p-1 rounded-sm flex items-center justify-center bg-token-main-surface-primary text-token-text-primary h-8 w-8\">\n<h2 data-start=\"1200\" data-end=\"1487\">Vapes Tornado \u2013 Va\u0161 veleprodajni spletni vapor shop za priljubljene vape<\/h2>\n<p data-start=\"72\" data-end=\"396\"><strong data-start=\"72\" data-end=\"89\">Vape Tornado<\/strong> je osredoto\u010den na veleprodajo v Evropi, ki dobavlja skrbno izbran nabor <strong data-start=\"178\" data-end=\"195\">priljubljenih vape-ov<\/strong> za profesionalne kupce. Sodelujemo z trgovci na drobno, distributerji in spletnimi trgovinami po vsej EU, ki potrebujejo stabilno oskrbo, jasne informacije o izdelkih in blagovne znamke, ki jih stranke \u017ee prepoznavajo in jim zaupajo.<\/p>\n<p data-start=\"398\" data-end=\"687\">Sodelujemo z zaupanja vrednimi imeni, kot so <strong data-start=\"247\" data-end=\"352\">Elf Bar Vape, WASPE Vape, <a href=\"https:\/\/vapestornado.com\/sl\/product\/uzy-150k-puffs-6-in-1-flavor-switch-disposable-vape-pen-wholesale\/\">UZY Vape<\/a>, Bang Vape, Razz Bar Vape, <a href=\"https:\/\/vapestornado.com\/sl\/product\/randm-12000-puffs-fumot-digital-disposable-vape-wholesale-price\/\">Fumot VAPE<\/a>, <a href=\"https:\/\/vapestornado.com\/sl\/product\/original-wga-ultra-35k-35000-puff-rechargeable-crystal-disposable-nicotine-vape-best-discount-price\/\">WGA VAPE<\/a>, <a href=\"https:\/\/vapestornado.com\/sl\/product\/vozol-gear-shisha-25k-25000-puffs-best-dtl-disposable-vape-hookah-cheap-price\/\">VOZIL BAR VAPE<\/a>,\u00a0in Stag Bar Vape<\/strong>, izbrani zaradi dosledne kakovosti in velikega povpra\u0161evanja na evropskem trgu.<\/p>\n<h4 data-start=\"1080\" data-end=\"1120\">Zgrajeni za evropske veleprodajne kupce<\/h4>\n<p data-start=\"1121\" data-end=\"1189\">Vapes Tornado je zasnovan glede na resni\u010dne potrebe evropskih veleprodajnih trgovcev:<\/p>\n<ul data-start=\"1190\" data-end=\"1400\">\n<li data-start=\"1190\" data-end=\"1239\">\n<p data-start=\"1192\" data-end=\"1239\">Konkuren\u010dne veleprodajne cene za velike naro\u010dila<\/p>\n<\/li>\n<li data-start=\"1240\" data-end=\"1289\">\n<p data-start=\"1242\" data-end=\"1289\">Jasni opisi izdelkov in specifikacije<\/p>\n<\/li>\n<li data-start=\"1290\" data-end=\"1330\">\n<p data-start=\"1292\" data-end=\"1330\">Hitra, zanesljiva logistika usmerjena v EU<\/p>\n<\/li>\n<li data-start=\"1331\" data-end=\"1400\">\n<p data-start=\"1333\" data-end=\"1400\">Katalog osredoto\u010den na <strong data-start=\"1356\" data-end=\"1373\">priljubljenih vape-ov<\/strong>, ne na preve\u010d nasi\u010dene SKU-je<\/p>\n<\/li>\n<\/ul>\n<h2 data-start=\"2064\" data-end=\"2115\">Pogosta vpra\u0161anja o Al Fakher 60k EHose X enkratni vape<\/h2>\n<p data-start=\"3387\" data-end=\"3541\"><strong data-start=\"3387\" data-end=\"3441\">1. Za koga je zasnovan Al Fakher 60K E-Hose X?<\/strong><br data-start=\"3441\" data-end=\"3444\" \/>Zgrajen je za ljubitelje \u0161ishe in uporabnike z visoko porabo, ki \u017eelijo dolgo trajajo\u010do zmogljivost.<\/p>\n<p data-start=\"3543\" data-end=\"3668\"><strong data-start=\"3543\" data-end=\"3587\">2. Ali lahko uporabniki preklapljajo med DTL in MTL?<\/strong><br data-start=\"3587\" data-end=\"3590\" \/>Da, na\u010din dvojnega vaporiziranja omogo\u010da tako neposredno do plju\u010da kot tudi ustno do plju\u010da stile.<\/p>\n<p data-start=\"3670\" data-end=\"3796\"><strong data-start=\"3670\" data-end=\"3708\">3. Kako dolgo traja baterija?<\/strong><br data-start=\"3708\" data-end=\"3711\" \/>Baterija 1000mAh podpira dolgo dnevno uporabo in se lahko hitro napolni s Type-C.<\/p>\n<p data-start=\"3798\" data-end=\"3944\"><strong data-start=\"3798\" data-end=\"3857\">4. Ali okus ostaja konstanten skozi 60.000 vdihov?<\/strong><br data-start=\"3857\" data-end=\"3860\" \/>Mre\u017ena tuljava in sistem z 50 ml e-tekline pomagata ohranjati stabilen okus in izpust pare.<\/p>\n<p data-start=\"3946\" data-end=\"4135\"><strong data-start=\"3946\" data-end=\"4028\">5. Ali je ta model primeren za veleprodajo enkratnih vapov v Sloveniji in EU trgih?<\/strong><br data-start=\"4028\" data-end=\"4031\" \/>Da, zasnovan je za veliko distribucijo z zanesljivo zmogljivostjo in mo\u010dno prepoznavnostjo blagovne znamke.<\/p>\n<\/div>\n<\/div>\n<\/div>\n<\/div>","protected":false},"excerpt":{"rendered":"<p data-start=\"4645\" data-end=\"4728\"><strong data-start=\"0\" data-end=\"26\" data-is-only-node=\"\">Al Fakher 60K E-Hose X<\/strong> zagotavlja do <strong data-start=\"42\" data-end=\"58\">60.000 vdihov<\/strong> s gladkim shisha-stilom pare, <strong data-start=\"91\" data-end=\"111\">dvojni na\u010din uparjanja<\/strong>, in mo\u010dno <strong data-start=\"128\" data-end=\"160\">baterija za ponovno polnjenje 1000 mAh<\/strong>. Zasnovan za prodajo velikega obsega, ta <strong data-start=\"196\" data-end=\"223\">Crown Bar Crystal 60000<\/strong> nudi mo\u010dan okus, dolgo \u017eivljenjsko dobo in <strong data-start=\"261\" data-end=\"300\">nizkocenovni na voljo za enkratno uporabo, veleprodaja<\/strong> po vsej Evropi.<\/p>\n<p><strong>Dodajte Amyin WhatsApp, da dobite pravi odgovor in ceno s popustom!<\/strong><\/p>\n<p><img fetchpriority=\"high\" decoding=\"async\" class=\"size-full wp-image-2932\" src=\"https:\/\/vapestornado.com\/wp-content\/uploads\/2024\/12\/Vape-Wholesale.jpg\" alt=\"Vape Veleprodaja\" width=\"229\" height=\"300\" \/><\/p>\n<h3><a href=\"https:\/\/wa.me\/8617776015835\"><span style=\"color: #ff0000;\"><strong>WhatsApp: +386 17776015835<\/strong><\/span><\/a><\/h3>","protected":false},"featured_media":4784,"comment_status":"open","ping_status":"closed","template":"","meta":{"_acf_changed":false,"_uag_custom_page_level_css":"","_lmt_disableupdate":"no","_lmt_disable":"","_monsterinsights_skip_tracking":false,"_monsterinsights_sitenote_active":false,"_monsterinsights_sitenote_note":"","_monsterinsights_sitenote_category":0,"site-sidebar-layout":"default","site-content-layout":"","ast-site-content-layout":"default","site-content-style":"default","site-sidebar-style":"default","ast-global-header-display":"","ast-banner-title-visibility":"","ast-main-header-display":"","ast-hfb-above-header-display":"","ast-hfb-below-header-display":"","ast-hfb-mobile-header-display":"","site-post-title":"","ast-breadcrumbs-content":"","ast-featured-img":"","footer-sml-layout":"","ast-disable-related-posts":"","theme-transparent-header-meta":"default","adv-header-id-meta":"","stick-header-meta":"","header-above-stick-meta":"","header-main-stick-meta":"","header-below-stick-meta":"","astra-migrate-meta-layouts":"set","ast-page-background-enabled":"default","ast-page-background-meta":{"desktop":{"background-color":"","background-image":"","background-repeat":"repeat","background-position":"center center","background-size":"auto","background-attachment":"scroll","background-type":"","background-media":"","overlay-type":"","overlay-color":"","overlay-opacity":"","overlay-gradient":""},"tablet":{"background-color":"","background-image":"","background-repeat":"repeat","background-position":"center center","background-size":"auto","background-attachment":"scroll","background-type":"","background-media":"","overlay-type":"","overlay-color":"","overlay-opacity":"","overlay-gradient":""},"mobile":{"background-color":"","background-image":"","background-repeat":"repeat","background-position":"center center","background-size":"auto","background-attachment":"scroll","background-type":"","background-media":"","overlay-type":"","overlay-color":"","overlay-opacity":"","overlay-gradient":""}},"ast-content-background-meta":{"desktop":{"background-color":"var(--ast-global-color-5)","background-image":"","background-repeat":"repeat","background-position":"center center","background-size":"auto","background-attachment":"scroll","background-type":"","background-media":"","overlay-type":"","overlay-color":"","overlay-opacity":"","overlay-gradient":""},"tablet":{"background-color":"var(--ast-global-color-5)","background-image":"","background-repeat":"repeat","background-position":"center center","background-size":"auto","background-attachment":"scroll","background-type":"","background-media":"","overlay-type":"","overlay-color":"","overlay-opacity":"","overlay-gradient":""},"mobile":{"background-color":"var(--ast-global-color-5)","background-image":"","background-repeat":"repeat","background-position":"center center","background-size":"auto","background-attachment":"scroll","background-type":"","background-media":"","overlay-type":"","overlay-color":"","overlay-opacity":"","overlay-gradient":""}},"_joinchat":[]},"product_brand":[],"product_cat":[343,531,140,150,152,156,158,142,146,147],"product_tag":[537,536,317,538,291,539,513,512],"class_list":{"0":"post-4788","1":"product","2":"type-product","3":"status-publish","4":"has-post-thumbnail","6":"product_cat-60000-puff","7":"product_cat-al-fakher-crown-bar","8":"product_cat-big-puffs-disposable-vapes","9":"product_cat-buy-disposable-vapes-in-belgium","10":"product_cat-buy-disposable-vapes-in-cermany","11":"product_cat-buy-disposable-vapes-in-poland","12":"product_cat-buy-disposable-vapes-in-spain","13":"product_cat-digital-box-disposable-vapes","14":"product_cat-rechargeable-disposable-vapes","15":"product_cat-shisha-hookah-disposable-vapes","16":"product_tag-al-fakher-60000","17":"product_tag-al-fakher-60k-ehose-x","18":"product_tag-al-fakher-crown-bar","19":"product_tag-disposable-e-shisha","20":"product_tag-disposable-shisha-hookah","21":"product_tag-hookah-shisha","22":"product_tag-vape-discount-price","23":"product_tag-vape-wholesale-distributor","24":"desktop-align-left","25":"tablet-align-left","26":"mobile-align-left","28":"first","29":"instock","30":"sale","31":"shipping-taxable","32":"purchasable","33":"product-type-simple"},"acf":[],"uagb_featured_image_src":{"full":["https:\/\/vapestornado.com\/wp-content\/uploads\/2026\/01\/AL-Fakher-Crown-Bar-EHOSE-X-60K-Disposable-Vape.webp",800,800,false],"thumbnail":["https:\/\/vapestornado.com\/wp-content\/uploads\/2026\/01\/AL-Fakher-Crown-Bar-EHOSE-X-60K-Disposable-Vape-150x150.webp",150,150,true],"medium":["https:\/\/vapestornado.com\/wp-content\/uploads\/2026\/01\/AL-Fakher-Crown-Bar-EHOSE-X-60K-Disposable-Vape-300x300.webp",300,300,true],"medium_large":["https:\/\/vapestornado.com\/wp-content\/uploads\/2026\/01\/AL-Fakher-Crown-Bar-EHOSE-X-60K-Disposable-Vape-768x768.webp",768,768,true],"large":["https:\/\/vapestornado.com\/wp-content\/uploads\/2026\/01\/AL-Fakher-Crown-Bar-EHOSE-X-60K-Disposable-Vape.webp",800,800,false],"1536x1536":["https:\/\/vapestornado.com\/wp-content\/uploads\/2026\/01\/AL-Fakher-Crown-Bar-EHOSE-X-60K-Disposable-Vape.webp",800,800,false],"2048x2048":["https:\/\/vapestornado.com\/wp-content\/uploads\/2026\/01\/AL-Fakher-Crown-Bar-EHOSE-X-60K-Disposable-Vape.webp",800,800,false],"trp-custom-language-flag":["https:\/\/vapestornado.com\/wp-content\/uploads\/2026\/01\/AL-Fakher-Crown-Bar-EHOSE-X-60K-Disposable-Vape-12x12.webp",12,12,true],"woocommerce_thumbnail":["https:\/\/vapestornado.com\/wp-content\/uploads\/2026\/01\/AL-Fakher-Crown-Bar-EHOSE-X-60K-Disposable-Vape-300x300.webp",300,300,true],"woocommerce_single":["https:\/\/vapestornado.com\/wp-content\/uploads\/2026\/01\/AL-Fakher-Crown-Bar-EHOSE-X-60K-Disposable-Vape-600x600.webp",600,600,true],"woocommerce_gallery_thumbnail":["https:\/\/vapestornado.com\/wp-content\/uploads\/2026\/01\/AL-Fakher-Crown-Bar-EHOSE-X-60K-Disposable-Vape-100x100.webp",100,100,true]},"uagb_author_info":{"display_name":"ESAMY","author_link":"https:\/\/vapestornado.com\/sl\/author\/"},"uagb_comment_info":0,"uagb_excerpt":"Al Fakher 60K E-Hose X delivers up to 60,000 puffs with smooth shisha-style vapor, dual vaping mode, and a powerful 1000mAh rechargeable battery. Built for high-volume sales, this Crown Bar Crystal 60000 offers strong flavor, long life, and low-price disposable vape wholesale across Europe. Add Amy's whatsapp to get right reply and discount price! WhatsApp:&hellip;","_links":{"self":[{"href":"https:\/\/vapestornado.com\/sl\/wp-json\/wp\/v2\/product\/4788","targetHints":{"allow":["GET"]}}],"collection":[{"href":"https:\/\/vapestornado.com\/sl\/wp-json\/wp\/v2\/product"}],"about":[{"href":"https:\/\/vapestornado.com\/sl\/wp-json\/wp\/v2\/types\/product"}],"replies":[{"embeddable":true,"href":"https:\/\/vapestornado.com\/sl\/wp-json\/wp\/v2\/comments?post=4788"}],"wp:featuredmedia":[{"embeddable":true,"href":"https:\/\/vapestornado.com\/sl\/wp-json\/wp\/v2\/media\/4784"}],"wp:attachment":[{"href":"https:\/\/vapestornado.com\/sl\/wp-json\/wp\/v2\/media?parent=4788"}],"wp:term":[{"taxonomy":"product_brand","embeddable":true,"href":"https:\/\/vapestornado.com\/sl\/wp-json\/wp\/v2\/product_brand?post=4788"},{"taxonomy":"product_cat","embeddable":true,"href":"https:\/\/vapestornado.com\/sl\/wp-json\/wp\/v2\/product_cat?post=4788"},{"taxonomy":"product_tag","embeddable":true,"href":"https:\/\/vapestornado.com\/sl\/wp-json\/wp\/v2\/product_tag?post=4788"}],"curies":[{"name":"wp","href":"https:\/\/api.w.org\/{rel}","templated":true}]}}