{"id":4781,"date":"2026-01-07T09:28:57","date_gmt":"2026-01-07T09:28:57","guid":{"rendered":"https:\/\/vapestornado.com\/?post_type=product&#038;p=4781"},"modified":"2026-01-07T09:59:16","modified_gmt":"2026-01-07T09:59:16","slug":"al-fakher-mega-max-40k-puffs-crown-bar-disposable-e-shisha-hookah-vape-adjustable-airflow","status":"publish","type":"product","link":"https:\/\/vapestornado.com\/sl\/product\/al-fakher-mega-max-40k-puffs-crown-bar-disposable-e-shisha-hookah-vape-adjustable-airflow\/","title":{"rendered":"Al Fakher Mega Max 40K Vdihov Crown Bar Disposable E Shisha Hookah Vape Nastavljiv pretok zraka"},"content":{"rendered":"<h1 data-start=\"0\" data-end=\"87\">Al Fakher Mega Max 40K Vdihov Crown Bar Disposable E Shisha Hookah Vape z nastavljivim pretokom zraka<\/h1>\n<p data-start=\"207\" data-end=\"581\">Zasnovano za uporabnike z visokim volumnom in veleprodajne trge, <strong data-start=\"262\" data-end=\"288\">Al Fakher Mega Max 40K<\/strong> predstavlja naslednjo evolucijo zmogljivosti disposable e-shishe. Z do <strong data-start=\"366\" data-end=\"382\">40.000 vpihov<\/strong>, nastavljivim pretokom zraka in podpisnim in\u017eeniringom okusa Al Fakher, je ta naprava postavljena kot vrhunska, a prakti\u010dna re\u0161itev za distributerje v Sloveniji, ki i\u0161\u010dejo stabilen promet in mo\u010dno ponovitev povpra\u0161evanja.<\/p>\n<p data-start=\"583\" data-end=\"1045\">Kot del <strong data-start=\"598\" data-end=\"621\">Al Fakher Crown Bar<\/strong> linije, je Mega Max 40000 zasnovan za zagotavljanje dosledne zmogljivosti skozi celoten \u017eivljenjski cikel. Kombinacija <strong data-start=\"738\" data-end=\"756\">dvojna mre\u017easta tuljava<\/strong>, <strong data-start=\"758\" data-end=\"785\">20 ml napolnjenega e-tekila<\/strong>, in <strong data-start=\"793\" data-end=\"824\">polnilna baterija 850 mAh<\/strong> zagotavlja zanesljivo gostoto pare in jasnost okusa od prvega do zadnjega vdihavanja. To ga \u0161e posebej naredi primerno za stranke, ki prehajajo s tradicionalnih hookah ali ve\u010dkratnih e-shisha sistemov na disposable formate.<\/p>\n<p data-start=\"1047\" data-end=\"1332\">The <strong data-start=\"1051\" data-end=\"1080\">nastavljiv sistem pretoka zraka<\/strong> omogo\u010da uporabnikom, da natan\u010dno prilagodijo svoj vdih, preklapljajo med tesnej\u0161im vdihom v slogu hookah in bolj odprtim, zra\u010dnim udarcem. Ta prilagodljivost \u0161iri njegov apetit med razli\u010dnimi \u017eeljami po vapingu, kar pomaga trgovcem pokriti ve\u010d profilov strank z enim SKU-jem.<\/p>\n<p data-start=\"1334\" data-end=\"1686\">Za veleprodajne kupce, Al Fakher Mega Max 40K ponuja tisto, kar je najpomembnej\u0161e: prepoznavno blagovno znamko, nadzorovano nikotinsko mo\u010d, sodobno polnjenje s Type-C in kakovost izdelave, ki odra\u017ea dolgoro\u010dno zanesljivost, ne le kratkoro\u010dno novost. Postavljen na <strong data-start=\"1589\" data-end=\"1620\">konkurencni veleprodajni ceni<\/strong>, je mo\u010dan igralec v kategoriji disposable e-shishe v Sloveniji.<\/p>\n<h2 data-start=\"2768\" data-end=\"2821\">Zakaj izbrati Al Fakher Mega Max 40000 za veleprodajo?<\/h2>\n<p data-start=\"2823\" data-end=\"3237\">The <strong data-start=\"2827\" data-end=\"2855\">Al Fakher Mega Max 40000<\/strong> zasnovan za doslednost, ne za trike. Izkori\u0161\u010da zaupanje v blagovno znamko Al Fakher po vsem svetu, hkrati pa izpolnjuje pri\u010dakovanja distributerjev v Sloveniji, ki dajo prednost zanesljivosti, pravni ureditvi in predvidljivemu prodajnemu toku. Njegov enkratni format e shishe, prilagodljiv pretok zraka in dolg \u017eivljenjski cikel vdihov ga naredijo mo\u010dno dopolnilo tako za prodajne kanale osredoto\u010dene na vape kot na shishe.<\/p>\n<p><strong><span style=\"color: #ff0000;\">Dodajte Amy na WhatsApp in prejmite takoj\u0161en odgovor ter kupon za vape!<\/span><\/strong><\/p>\n<p><img fetchpriority=\"high\" decoding=\"async\" class=\"size-full wp-image-2932\" src=\"https:\/\/vapestornado.com\/wp-content\/uploads\/2024\/12\/Vape-Wholesale.jpg\" alt=\"Vape Veleprodaja\" width=\"229\" height=\"300\" \/><\/p>\n<h3><a href=\"https:\/\/wa.me\/8617776015835\" target=\"_blank\" rel=\"noopener\"><span style=\"color: #ff0000;\"><strong>WhatsApp: +386 17776015835<\/strong><\/span><\/a><\/h3>\n<p>&nbsp;<\/p>\n<h2><strong>Lastnosti izdelka Al Fakher Mega Max 40K vdihov<\/strong><\/h2>\n<ul>\n<li data-start=\"113\" data-end=\"228\">\n<p data-start=\"115\" data-end=\"228\"><strong data-start=\"115\" data-end=\"139\">Kapaciteta 40.000 vdihov<\/strong> \u2013 Nudi podalj\u0161ano zmogljivost DTL vapinga, zasnovano za dolgoro\u010dno, visoko frekven\u010dno uporabo.<\/p>\n<\/li>\n<li data-start=\"229\" data-end=\"361\">\n<p data-start=\"231\" data-end=\"361\"><strong data-start=\"231\" data-end=\"258\">DTL stil shishe in vodne pipe<\/strong> \u2013 Optimizirano za neposredne vdihavanje v plju\u010da, ustvarja goste oblake podobno tradicionalnim seansam shishe.<\/p>\n<\/li>\n<li data-start=\"362\" data-end=\"476\">\n<p data-start=\"364\" data-end=\"476\"><strong data-start=\"364\" data-end=\"393\">Tehnologija dvojne mre\u017easte tuljave<\/strong> \u2013 Zagotavlja enakomerno segrevanje in stabilen izpust okusa od prvega do zadnjega vdihavanja.<\/p>\n<\/li>\n<li data-start=\"477\" data-end=\"605\">\n<p data-start=\"479\" data-end=\"605\"><strong data-start=\"479\" data-end=\"508\">Prilagodljiv sistem pretoka zraka<\/strong> \u2013 Uporabnikom omogo\u010da fino nastavitev odpornosti na vdihavanje za osebni DTL ali shishe stil vdihavanja.<\/p>\n<\/li>\n<li data-start=\"606\" data-end=\"729\">\n<p data-start=\"608\" data-end=\"729\"><strong data-start=\"608\" data-end=\"636\">Vnaprej napolnjen 20 ml e-tekline<\/strong> \u2013 Velika kapaciteta e-tekline zmanj\u0161uje pogostost menjave in podpira dolge seanse vapinga.<\/p>\n<\/li>\n<li data-start=\"730\" data-end=\"841\">\n<p data-start=\"732\" data-end=\"841\"><strong data-start=\"732\" data-end=\"757\">Nikotinska mo\u010d 0,6%<\/strong> \u2013 Nudi gladko, nadzorovano dostavo nikotina, primerno za dolgotrajno dnevno uporabo.<\/p>\n<\/li>\n<li data-start=\"842\" data-end=\"945\">\n<p data-start=\"844\" data-end=\"945\"><strong data-start=\"844\" data-end=\"875\">850mAh Polnilna Baterija<\/strong> \u2013 Zagotavlja dosledno mo\u010d skozi celoten \u017eivljenjski cikel 40K vdihov.<\/p>\n<\/li>\n<li data-start=\"946\" data-end=\"1051\">\n<p data-start=\"948\" data-end=\"1051\"><strong data-start=\"948\" data-end=\"976\">Hitro polnjenje s USB Type-C<\/strong> \u2013 Omogo\u010da hitro, priro\u010dno polnjenje z moderno zdru\u017eljivostjo naprav.<\/p>\n<\/li>\n<li data-start=\"1052\" data-end=\"1148\">\n<p data-start=\"1054\" data-end=\"1148\"><strong data-start=\"1054\" data-end=\"1076\">LED Zaslon<\/strong> \u2013 Jasno prikazuje ravni baterije in e-tekline za bolj\u0161i nadzor uporabe.<\/p>\n<\/li>\n<li data-start=\"1149\" data-end=\"1259\">\n<p data-start=\"1151\" data-end=\"1259\"><strong data-start=\"1151\" data-end=\"1176\">Premium aluminijasto ohi\u0161je<\/strong> \u2013 Zdru\u017euje vzdr\u017eljivost z ergonomskim, vrhunskim zaklju\u010dkom za vsakodnevno prenosljivost.<\/p>\n<\/li>\n<\/ul>\n<figure id=\"attachment_4777\" aria-describedby=\"caption-attachment-4777\" style=\"width: 300px\" class=\"wp-caption alignnone\"><img decoding=\"async\" class=\"size-medium wp-image-4777\" src=\"https:\/\/vapestornado.com\/wp-content\/uploads\/2026\/01\/Al-Fakher-Mega-Max-40K-40000-Puff-Vape-Wholesale-Spain-300x300.webp\" alt=\"Al Fakher Mega Max 40K 40000 Vdihov Vape na debelo Slovenija\" width=\"300\" height=\"300\" srcset=\"https:\/\/vapestornado.com\/wp-content\/uploads\/2026\/01\/Al-Fakher-Mega-Max-40K-40000-Puff-Vape-Wholesale-Spain-300x300.webp 300w, https:\/\/vapestornado.com\/wp-content\/uploads\/2026\/01\/Al-Fakher-Mega-Max-40K-40000-Puff-Vape-Wholesale-Spain-150x150.webp 150w, https:\/\/vapestornado.com\/wp-content\/uploads\/2026\/01\/Al-Fakher-Mega-Max-40K-40000-Puff-Vape-Wholesale-Spain-768x768.webp 768w, https:\/\/vapestornado.com\/wp-content\/uploads\/2026\/01\/Al-Fakher-Mega-Max-40K-40000-Puff-Vape-Wholesale-Spain-12x12.webp 12w, https:\/\/vapestornado.com\/wp-content\/uploads\/2026\/01\/Al-Fakher-Mega-Max-40K-40000-Puff-Vape-Wholesale-Spain-600x600.webp 600w, https:\/\/vapestornado.com\/wp-content\/uploads\/2026\/01\/Al-Fakher-Mega-Max-40K-40000-Puff-Vape-Wholesale-Spain-100x100.webp 100w, https:\/\/vapestornado.com\/wp-content\/uploads\/2026\/01\/Al-Fakher-Mega-Max-40K-40000-Puff-Vape-Wholesale-Spain.webp 800w\" sizes=\"(max-width: 300px) 100vw, 300px\" \/><figcaption id=\"caption-attachment-4777\" class=\"wp-caption-text\">Al Fakher Mega Max 40K 40000 Vdihov Vape na debelo Slovenija<\/figcaption><\/figure>\n<p>&nbsp;<\/p>\n<div><\/div>\n<h2 class=\"product-title\"><strong>Seznam okusov Al Fakher Mega Max 40K Vdihov<\/strong><\/h2>\n<p>1 Jagoda modra<br \/>\n2 Jagoda led<br \/>\n3 \u010crni ribez led<br \/>\n4 \u010crni ribez meta<br \/>\n5 Modri Razz Blast<br \/>\n6 Modri Razz limonada<br \/>\n7 Borovni\u010dev \u010de\u0161njev<br \/>\n8 Modra jagodna guma<br \/>\n9 Modra jagodna limonada<br \/>\n10 Modra jagoda meta<br \/>\n11 Modra jagoda malinica<br \/>\n12 Modra Borovnica Kisel Rde\u010di Raspberries<br \/>\n13 \u010ce\u0161njev festival<br \/>\n14 \u010ce\u0161njev pene\u010di napitek<br \/>\n15 \u010ce\u0161njeva ledena osve\u017eitev<br \/>\n16 Hladni mango<br \/>\n17 Fusion Pop<br \/>\n18 Grozdje<br \/>\n19 Grozdje jagoda<br \/>\n20 Grozdje meta<br \/>\n21 Gumi meta<br \/>\n22 Hubba<br \/>\n23 Ledena modra<br \/>\n24 Limona limeta<br \/>\n25 Limona limeta \u010de\u0161njev pene\u010di napitek<br \/>\n26 Limona meta<br \/>\n27 Rasto\u010da ledena osve\u017eitev<br \/>\n28 \u010carobna ljubezen<br \/>\n29 Mango Ananas<br \/>\n30 Mentol<br \/>\n31 Meta<br \/>\n32 Me\u0161ana jagoda<br \/>\n33 Pomaran\u010da Meta<br \/>\n34 Breskev Led<br \/>\n35 Ananas Led<br \/>\n36 Vesoljski sanjski<br \/>\n37 Meta Spearmint<br \/>\n38 Jagoda \u010de\u0161nja<br \/>\n39 Jagoda Punch<br \/>\n40 Poletni sanjski<br \/>\n41 Dve jabolki<br \/>\n42 Lubenica \u010de\u0161nja<br \/>\n43 Lubenica Kiwi<br \/>\n44 Lubenica Limeta<br \/>\n45 Lubenica Ananas<\/p>\n<div class=\"flex-shrink-0 flex flex-col relative items-end\">\n<div class=\"pt-0\">\n<div class=\"gizmo-bot-avatar flex h-8 w-8 items-center justify-center overflow-hidden rounded-full\">\n<div class=\"relative p-1 rounded-sm flex items-center justify-center bg-token-main-surface-primary text-token-text-primary h-8 w-8\">\n<h2 data-start=\"1200\" data-end=\"1487\">Vapes Tornado \u2013 Va\u0161 veleprodajni spletni vapor shop za priljubljene vape<\/h2>\n<p data-start=\"72\" data-end=\"396\"><strong data-start=\"72\" data-end=\"89\">Vape Tornado<\/strong> je osredoto\u010den na veleprodajo v Evropi, ki dobavlja skrbno izbran nabor <strong data-start=\"178\" data-end=\"195\">priljubljenih vape-ov<\/strong> za profesionalne kupce. Sodelujemo z trgovci na drobno, distributerji in spletnimi trgovinami po vsej EU, ki potrebujejo stabilno oskrbo, jasne informacije o izdelkih in blagovne znamke, ki jih stranke \u017ee prepoznavajo in jim zaupajo.<\/p>\n<p data-start=\"398\" data-end=\"687\">Sodelujemo z zaupanja vrednimi imeni, kot so <strong data-start=\"307\" data-end=\"362\"><a href=\"https:\/\/vapestornado.com\/sl\/product\/randm-12000-puffs-fumot-digital-disposable-vape-wholesale-price\/\">Fumot VAPE<\/a>, <a href=\"https:\/\/vapestornado.com\/sl\/product\/original-wga-ultra-35k-35000-puff-rechargeable-crystal-disposable-nicotine-vape-best-discount-price\/\">WGA VAPE<\/a>, <\/strong><strong data-start=\"307\" data-end=\"362\"><a href=\"https:\/\/vapestornado.com\/sl\/product\/vozol-gear-shisha-25k-25000-puffs-best-dtl-disposable-vape-hookah-cheap-price\/\">VOZIL BAR VAPE<\/a>,<\/strong><strong data-start=\"247\" data-end=\"352\">\u00a0Elf Bar Vape, WASPE Vape, <a href=\"https:\/\/vapestornado.com\/sl\/product\/uzy-150k-puffs-6-in-1-flavor-switch-disposable-vape-pen-wholesale\/\">UZY Vape<\/a>, Bang Vape, Razz Bar Vape, in Stag Bar Vape<\/strong>, izbrani zaradi dosledne kakovosti in velikega povpra\u0161evanja na evropskem trgu.<\/p>\n<h4 data-start=\"1080\" data-end=\"1120\">Zgrajeni za evropske veleprodajne kupce<\/h4>\n<p data-start=\"1121\" data-end=\"1189\">Vapes Tornado je zasnovan glede na resni\u010dne potrebe evropskih veleprodajnih trgovcev:<\/p>\n<ul data-start=\"1190\" data-end=\"1400\">\n<li data-start=\"1190\" data-end=\"1239\">\n<p data-start=\"1192\" data-end=\"1239\">Konkuren\u010dne veleprodajne cene za velike naro\u010dila<\/p>\n<\/li>\n<li data-start=\"1240\" data-end=\"1289\">\n<p data-start=\"1242\" data-end=\"1289\">Jasni opisi izdelkov in specifikacije<\/p>\n<\/li>\n<li data-start=\"1290\" data-end=\"1330\">\n<p data-start=\"1292\" data-end=\"1330\">Hitra, zanesljiva logistika usmerjena v EU<\/p>\n<\/li>\n<li data-start=\"1331\" data-end=\"1400\">\n<p data-start=\"1333\" data-end=\"1400\">Katalog osredoto\u010den na <strong data-start=\"1356\" data-end=\"1373\">priljubljenih vape-ov<\/strong>, ne na preve\u010d nasi\u010dene SKU-je<\/p>\n<\/li>\n<\/ul>\n<h2 data-start=\"2064\" data-end=\"2115\">Pogosta vpra\u0161anja o Al Fakher Mega Max 40000 Enkratni Vdih<\/h2>\n<p data-start=\"3278\" data-end=\"3451\"><strong data-start=\"3278\" data-end=\"3343\">1. Kako dolgo traja Al Fakher Mega Max 40K v resni\u010dni uporabi?<\/strong><br data-start=\"3343\" data-end=\"3346\" \/>Uporaba je odvisna od posameznih navad, vendar ve\u010dina uporabnikov poro\u010da o ve\u010dtedenski zmogljivosti pri redni dnevni uporabi.<\/p>\n<p data-start=\"3453\" data-end=\"3579\"><strong data-start=\"3453\" data-end=\"3497\">2. Je zra\u010dni tok prilagodljiv med uporabo?<\/strong><br data-start=\"3497\" data-end=\"3500\" \/>Da, prilagodljiv zra\u010dni tok omogo\u010da uporabnikom, da kadar koli spremenijo odpornost vle\u010denja.<\/p>\n<p data-start=\"3581\" data-end=\"3678\"><strong data-start=\"3581\" data-end=\"3615\">3. Je naprava polnljiva?<\/strong><br data-start=\"3615\" data-end=\"3618\" \/>Da, ima baterijo 850mAh z polnjenjem USB Type-C.<\/p>\n<p data-start=\"3680\" data-end=\"3856\"><strong data-start=\"3680\" data-end=\"3744\">4. Kaj to razlikuje od standardnih enkratnih vapov?<\/strong><br data-start=\"3744\" data-end=\"3747\" \/>Njegov dizajn e-shishe, velika kapaciteta e-tekline in nadzor zra\u010dnega toka ga lo\u010dijo od osnovnih enkratnih naprav.<\/p>\n<p data-start=\"3858\" data-end=\"4007\"><strong data-start=\"3858\" data-end=\"3912\">5. Je to primerno za veleprodajno distribucijo v Sloveniji?<\/strong><br data-start=\"3912\" data-end=\"3915\" \/>Da, je zasnovano za slovenske trge in je obi\u010dajno na voljo po veleprodajni ceni za velike naro\u010dila.<\/p>\n<\/div>\n<\/div>\n<\/div>\n<\/div>","protected":false},"excerpt":{"rendered":"<p data-start=\"4472\" data-end=\"4562\"><strong data-start=\"4472\" data-end=\"4560\">Al Fakher Mega Max 40K Disposable E Shisha z nastavljivim pretokom zraka \u2013 Na debelo pripravljeno<\/strong><\/p>\n<p data-start=\"4566\" data-end=\"4641\"><strong data-start=\"4566\" data-end=\"4639\">Al Fakher Crown Bar Mega Max 40000 Vdihov Hookah Vape za veleprodajo v EU<\/strong><\/p>\n<p data-start=\"4645\" data-end=\"4728\"><strong data-start=\"4645\" data-end=\"4728\">Mega Max 40K od Al Fakher \u2013 Dolgotrajna disposable E Shisha po veleprodajni ceni<\/strong><\/p>\n<p><strong>Dodajte Amyin WhatsApp, da dobite pravi odgovor in ceno s popustom!<\/strong><\/p>\n<p><img fetchpriority=\"high\" decoding=\"async\" class=\"size-full wp-image-2932\" src=\"https:\/\/vapestornado.com\/wp-content\/uploads\/2024\/12\/Vape-Wholesale.jpg\" alt=\"Vape Veleprodaja\" width=\"229\" height=\"300\" \/><\/p>\n<h3><a href=\"https:\/\/wa.me\/8617776015835\"><span style=\"color: #ff0000;\"><strong>WhatsApp: +386 17776015835<\/strong><\/span><\/a><\/h3>","protected":false},"featured_media":4776,"comment_status":"open","ping_status":"closed","template":"","meta":{"_acf_changed":false,"_uag_custom_page_level_css":"","_lmt_disableupdate":"no","_lmt_disable":"","_monsterinsights_skip_tracking":false,"_monsterinsights_sitenote_active":false,"_monsterinsights_sitenote_note":"","_monsterinsights_sitenote_category":0,"site-sidebar-layout":"default","site-content-layout":"","ast-site-content-layout":"default","site-content-style":"default","site-sidebar-style":"default","ast-global-header-display":"","ast-banner-title-visibility":"","ast-main-header-display":"","ast-hfb-above-header-display":"","ast-hfb-below-header-display":"","ast-hfb-mobile-header-display":"","site-post-title":"","ast-breadcrumbs-content":"","ast-featured-img":"","footer-sml-layout":"","ast-disable-related-posts":"","theme-transparent-header-meta":"default","adv-header-id-meta":"","stick-header-meta":"","header-above-stick-meta":"","header-main-stick-meta":"","header-below-stick-meta":"","astra-migrate-meta-layouts":"set","ast-page-background-enabled":"default","ast-page-background-meta":{"desktop":{"background-color":"","background-image":"","background-repeat":"repeat","background-position":"center center","background-size":"auto","background-attachment":"scroll","background-type":"","background-media":"","overlay-type":"","overlay-color":"","overlay-opacity":"","overlay-gradient":""},"tablet":{"background-color":"","background-image":"","background-repeat":"repeat","background-position":"center center","background-size":"auto","background-attachment":"scroll","background-type":"","background-media":"","overlay-type":"","overlay-color":"","overlay-opacity":"","overlay-gradient":""},"mobile":{"background-color":"","background-image":"","background-repeat":"repeat","background-position":"center center","background-size":"auto","background-attachment":"scroll","background-type":"","background-media":"","overlay-type":"","overlay-color":"","overlay-opacity":"","overlay-gradient":""}},"ast-content-background-meta":{"desktop":{"background-color":"var(--ast-global-color-5)","background-image":"","background-repeat":"repeat","background-position":"center center","background-size":"auto","background-attachment":"scroll","background-type":"","background-media":"","overlay-type":"","overlay-color":"","overlay-opacity":"","overlay-gradient":""},"tablet":{"background-color":"var(--ast-global-color-5)","background-image":"","background-repeat":"repeat","background-position":"center center","background-size":"auto","background-attachment":"scroll","background-type":"","background-media":"","overlay-type":"","overlay-color":"","overlay-opacity":"","overlay-gradient":""},"mobile":{"background-color":"var(--ast-global-color-5)","background-image":"","background-repeat":"repeat","background-position":"center center","background-size":"auto","background-attachment":"scroll","background-type":"","background-media":"","overlay-type":"","overlay-color":"","overlay-opacity":"","overlay-gradient":""}},"_joinchat":[]},"product_brand":[],"product_cat":[65,531,140,150,156,158,141,142,146,147],"product_tag":[533,534,535,532,355,287,513,512],"class_list":{"0":"post-4781","1":"product","2":"type-product","3":"status-publish","4":"has-post-thumbnail","6":"product_cat-40000-puff","7":"product_cat-al-fakher-crown-bar","8":"product_cat-big-puffs-disposable-vapes","9":"product_cat-buy-disposable-vapes-in-belgium","10":"product_cat-buy-disposable-vapes-in-poland","11":"product_cat-buy-disposable-vapes-in-spain","12":"product_cat-crystal-disposable-vapes","13":"product_cat-digital-box-disposable-vapes","14":"product_cat-rechargeable-disposable-vapes","15":"product_cat-shisha-hookah-disposable-vapes","16":"product_tag-al-fakher-crown-bar-mega-max","17":"product_tag-al-fakher-crown-bar-mega-max-40000-puffs","18":"product_tag-al-fakher-crown-bar-mega-max-40k","19":"product_tag-al-fakher-mega-max-40k","20":"product_tag-big-puff-vape","21":"product_tag-disposable-vape-pen","22":"product_tag-vape-discount-price","23":"product_tag-vape-wholesale-distributor","24":"desktop-align-left","25":"tablet-align-left","26":"mobile-align-left","28":"first","29":"instock","30":"sale","31":"shipping-taxable","32":"purchasable","33":"product-type-simple"},"acf":[],"uagb_featured_image_src":{"full":["https:\/\/vapestornado.com\/wp-content\/uploads\/2026\/01\/Al-Fakher-Mega-Max-40K-40000-Puff-Disposable-Vapor.webp",800,800,false],"thumbnail":["https:\/\/vapestornado.com\/wp-content\/uploads\/2026\/01\/Al-Fakher-Mega-Max-40K-40000-Puff-Disposable-Vapor-150x150.webp",150,150,true],"medium":["https:\/\/vapestornado.com\/wp-content\/uploads\/2026\/01\/Al-Fakher-Mega-Max-40K-40000-Puff-Disposable-Vapor-300x300.webp",300,300,true],"medium_large":["https:\/\/vapestornado.com\/wp-content\/uploads\/2026\/01\/Al-Fakher-Mega-Max-40K-40000-Puff-Disposable-Vapor-768x768.webp",768,768,true],"large":["https:\/\/vapestornado.com\/wp-content\/uploads\/2026\/01\/Al-Fakher-Mega-Max-40K-40000-Puff-Disposable-Vapor.webp",800,800,false],"1536x1536":["https:\/\/vapestornado.com\/wp-content\/uploads\/2026\/01\/Al-Fakher-Mega-Max-40K-40000-Puff-Disposable-Vapor.webp",800,800,false],"2048x2048":["https:\/\/vapestornado.com\/wp-content\/uploads\/2026\/01\/Al-Fakher-Mega-Max-40K-40000-Puff-Disposable-Vapor.webp",800,800,false],"trp-custom-language-flag":["https:\/\/vapestornado.com\/wp-content\/uploads\/2026\/01\/Al-Fakher-Mega-Max-40K-40000-Puff-Disposable-Vapor-12x12.webp",12,12,true],"woocommerce_thumbnail":["https:\/\/vapestornado.com\/wp-content\/uploads\/2026\/01\/Al-Fakher-Mega-Max-40K-40000-Puff-Disposable-Vapor-300x300.webp",300,300,true],"woocommerce_single":["https:\/\/vapestornado.com\/wp-content\/uploads\/2026\/01\/Al-Fakher-Mega-Max-40K-40000-Puff-Disposable-Vapor-600x600.webp",600,600,true],"woocommerce_gallery_thumbnail":["https:\/\/vapestornado.com\/wp-content\/uploads\/2026\/01\/Al-Fakher-Mega-Max-40K-40000-Puff-Disposable-Vapor-100x100.webp",100,100,true]},"uagb_author_info":{"display_name":"ESAMY","author_link":"https:\/\/vapestornado.com\/sl\/author\/"},"uagb_comment_info":0,"uagb_excerpt":"Al Fakher Mega Max 40K Disposable E Shisha with Adjustable Airflow \u2013 Wholesale Ready Al Fakher Crown Bar Mega Max 40000 Puffs Hookah Vape for EU Wholesale Mega Max 40K by Al Fakher \u2013 Long-Lasting Disposable E Shisha at Wholesale Price Add Amy's whatsapp to get right reply and discount price! WhatsApp: +86 17776015835","_links":{"self":[{"href":"https:\/\/vapestornado.com\/sl\/wp-json\/wp\/v2\/product\/4781","targetHints":{"allow":["GET"]}}],"collection":[{"href":"https:\/\/vapestornado.com\/sl\/wp-json\/wp\/v2\/product"}],"about":[{"href":"https:\/\/vapestornado.com\/sl\/wp-json\/wp\/v2\/types\/product"}],"replies":[{"embeddable":true,"href":"https:\/\/vapestornado.com\/sl\/wp-json\/wp\/v2\/comments?post=4781"}],"wp:featuredmedia":[{"embeddable":true,"href":"https:\/\/vapestornado.com\/sl\/wp-json\/wp\/v2\/media\/4776"}],"wp:attachment":[{"href":"https:\/\/vapestornado.com\/sl\/wp-json\/wp\/v2\/media?parent=4781"}],"wp:term":[{"taxonomy":"product_brand","embeddable":true,"href":"https:\/\/vapestornado.com\/sl\/wp-json\/wp\/v2\/product_brand?post=4781"},{"taxonomy":"product_cat","embeddable":true,"href":"https:\/\/vapestornado.com\/sl\/wp-json\/wp\/v2\/product_cat?post=4781"},{"taxonomy":"product_tag","embeddable":true,"href":"https:\/\/vapestornado.com\/sl\/wp-json\/wp\/v2\/product_tag?post=4781"}],"curies":[{"name":"wp","href":"https:\/\/api.w.org\/{rel}","templated":true}]}}