{"id":4772,"date":"2026-01-06T07:32:26","date_gmt":"2026-01-06T07:32:26","guid":{"rendered":"https:\/\/vapestornado.com\/?post_type=product&#038;p=4772"},"modified":"2026-01-06T08:25:40","modified_gmt":"2026-01-06T08:25:40","slug":"al-fakher-crystal-8k-v2-8000-puffs-disposable-vape-dual-vaping-mode","status":"publish","type":"product","link":"https:\/\/vapestornado.com\/sl\/product\/al-fakher-crystal-8k-v2-8000-puffs-disposable-vape-dual-vaping-mode\/","title":{"rendered":"Al Fakher CRYSTAL 8k V2 8000 vdihov Enostaven za uporabo prenosni vape z dvojnim na\u010dinom vapinga"},"content":{"rendered":"<h1 data-start=\"0\" data-end=\"87\">Al Fakher CRYSTAL 8K V2 8000 vdihov Enostaven za uporabo vape \u2013 Dvojni na\u010din vapinga<\/h1>\n<p data-start=\"249\" data-end=\"723\">The <strong data-start=\"253\" data-end=\"280\">Al Fakher CRYSTAL 8K V2<\/strong> je zasnovan za veleprodajalce, ki cenijo verodostojnost blagovne znamke, dosledno dostavo okusa in zanesljivo prodajo. Kot del <strong data-start=\"409\" data-end=\"432\">Al Fakher Crown Bar<\/strong> linije, ta model poudarja stabilnost namesto trikov, kar ga naredi varno in preverjeno mo\u017enost za trg enostavnih za uporabo izdelkov v EU. Z izpopolnjenim steklenim ohi\u0161jem, ogrevanjem s mre\u017eno tuljavo in <strong data-start=\"618\" data-end=\"638\">dvojni na\u010din uparjanja<\/strong>, zagotavlja nadzorovano in ponovljivo izku\u0161njo od prvega do zadnjega vdihavanja.<\/p>\n<p data-start=\"725\" data-end=\"1103\">Za razliko od prevelikih modelov z visokim \u0161tevilom vdihov, kot je <strong data-start=\"767\" data-end=\"787\">Airmez Fox 80000<\/strong>, je <strong data-start=\"793\" data-end=\"830\">Al Fakher Crown Bar Crystal 8000 V2<\/strong> je namenjen uporabnikom, ki raje la\u017eji vnos in dnevno zanesljivost. Nizka <strong data-start=\"902\" data-end=\"939\">0.5% (0,5 mg\/ml) nikotinska mo\u010d<\/strong> izpolnjuje povpra\u0161evanje strank, ki \u017eelijo gladko zadovoljstvo brez grenkobe, medtem ko <strong data-start=\"1025\" data-end=\"1051\">18 ml kapaciteta e-tekline<\/strong> podpira dalj\u0161o uporabo brez pogoste zamenjave.<\/p>\n<p data-start=\"1105\" data-end=\"1509\">U\u010dinkovitost okusa ostaja dosledna zahvaljujo\u010d nadgrajenemu sistemu mre\u017enih tuljav, ki zagotavlja enakomerno segrevanje in gladek potisk v obeh nastavitvah MTL in DTL. The <strong data-start=\"1263\" data-end=\"1283\">dvojni na\u010din uparjanja<\/strong> omogo\u010da uporabnikom preklapljanje med na\u010dini potiska glede na preference, s \u010dimer raz\u0161irja privla\u010dnost med razli\u010dnimi navadami uporabnikov. Napajano z <strong data-start=\"1401\" data-end=\"1432\">850 mAh baterijo za ponovno polnjenje<\/strong> in <strong data-start=\"1437\" data-end=\"1456\">polnjenje tipa C<\/strong>, naprava ohranja stabilen izhod do izpraznitve.<\/p>\n<p data-start=\"1511\" data-end=\"1833\">S <strong data-start=\"1516\" data-end=\"1538\">45 mo\u017enosti okusa<\/strong>, je <strong data-start=\"1544\" data-end=\"1571\">Al Fakher CRYSTAL 8k V2<\/strong> je idealen za rotacijo okusov, vidnost na polici in ponovne nakupe. Dobavljeno na veliko z <strong data-start=\"1666\" data-end=\"1688\">200 kosov na karton<\/strong>, je primeren za <strong data-start=\"1712\" data-end=\"1750\">Na voljo za veleprodajo e-cigaret v Sloveniji<\/strong> kupcem, ki i\u0161\u010dejo mo\u010dno blagovno znamko z <strong data-start=\"1790\" data-end=\"1805\">poceni cena<\/strong> z dolgoro\u010dno zanesljivostjo.<\/p>\n<p><strong><span style=\"color: #ff0000;\">Dodajte Amy na WhatsApp in prejmite takoj\u0161en odgovor ter kupon za vape!<\/span><\/strong><\/p>\n<p><img fetchpriority=\"high\" decoding=\"async\" class=\"size-full wp-image-2932\" src=\"https:\/\/vapestornado.com\/wp-content\/uploads\/2024\/12\/Vape-Wholesale.jpg\" alt=\"Vape Veleprodaja\" width=\"229\" height=\"300\" \/><\/p>\n<h3><a href=\"https:\/\/wa.me\/8617776015835\" target=\"_blank\" rel=\"noopener\"><span style=\"color: #ff0000;\"><strong>WhatsApp: +386 17776015835<\/strong><\/span><\/a><\/h3>\n<p>&nbsp;<\/p>\n<h2><strong>Al Fakher CRYSTAL 8k V2 Puffs Lastnosti izdelka<\/strong><\/h2>\n<div>\n<ul>\n<li data-start=\"0\" data-end=\"138\">\n<p data-start=\"2\" data-end=\"138\"><strong data-start=\"2\" data-end=\"31\" data-is-only-node=\"\">Do 8.000\u201312.000 vdihov:<\/strong> Zasnovano za zagotavljanje dolgotrajne zmogljivosti, kar zmanj\u0161uje potrebo po pogostih zamenjavah za kon\u010dne uporabnike.<\/p>\n<\/li>\n<li data-start=\"140\" data-end=\"263\">\n<p data-start=\"142\" data-end=\"263\"><strong data-start=\"142\" data-end=\"163\" data-is-only-node=\"\">Dvojni na\u010din vapinga:<\/strong> Podpira tako na\u010dine MTL kot DTL, kar uporabnikom omogo\u010da prilagajanje potiska glede na osebne preference.<\/p>\n<\/li>\n<li data-start=\"265\" data-end=\"392\">\n<p data-start=\"267\" data-end=\"392\"><strong data-start=\"267\" data-end=\"298\" data-is-only-node=\"\">0.5% Nizka vsebnost nikotina:<\/strong> Nudi la\u017eji, bolj gladek udarec, primeren za stranke, ki \u017eelijo nadzorovati vnos nikotina.<\/p>\n<\/li>\n<li data-start=\"394\" data-end=\"502\">\n<p data-start=\"396\" data-end=\"502\"><strong data-start=\"396\" data-end=\"423\" data-is-only-node=\"\">Kapaciteta E-tekila 18 ml:<\/strong> Zagotavlja dosledno izlo\u010danje okusa skozi celotno \u017eivljenjsko dobo naprave.<\/p>\n<\/li>\n<li data-start=\"504\" data-end=\"615\">\n<p data-start=\"506\" data-end=\"615\"><strong data-start=\"506\" data-end=\"535\" data-is-only-node=\"\">Sistem segrevanja mre\u017enih tuljav:<\/strong> Zagotavlja enakomerno segrevanje za stabilno proizvodnjo pare in \u010dist, natan\u010den okus.<\/p>\n<\/li>\n<li data-start=\"617\" data-end=\"737\">\n<p data-start=\"619\" data-end=\"737\"><strong data-start=\"619\" data-end=\"651\" data-is-only-node=\"\">850mAh ponovno polnljiva baterija:<\/strong> Nudi zanesljivo mo\u010d od prvega vdiha do zadnjega brez upada zmogljivosti.<\/p>\n<\/li>\n<li data-start=\"739\" data-end=\"828\">\n<p data-start=\"741\" data-end=\"828\"><strong data-start=\"741\" data-end=\"766\" data-is-only-node=\"\">Type-C priklju\u010dek za polnjenje:<\/strong> Omogo\u010da hitro, priro\u010dno in \u0161iroko zdru\u017eljivo polnjenje.<\/p>\n<\/li>\n<li data-start=\"830\" data-end=\"942\">\n<p data-start=\"832\" data-end=\"942\"><strong data-start=\"832\" data-end=\"854\" data-is-only-node=\"\">45 mo\u017enosti okusov:<\/strong> Podpira mo\u010dno rotacijo okusov in ponovne nakupe na drobno in na debelo.<\/p>\n<\/li>\n<li data-start=\"944\" data-end=\"1050\">\n<p data-start=\"946\" data-end=\"1050\"><strong data-start=\"946\" data-end=\"976\" data-is-only-node=\"\">Kristalni slog telesa:<\/strong> Zdru\u017euje vrhunsko estetiko z prakti\u010dno vzdr\u017eljivostjo za vsakodnevno uporabo.<\/p>\n<\/li>\n<li data-start=\"1052\" data-end=\"1160\" data-is-last-node=\"\">\n<p data-start=\"1054\" data-end=\"1160\" data-is-last-node=\"\"><strong data-start=\"1054\" data-end=\"1095\" data-is-only-node=\"\">Pakiranje na debelo v kartonski embala\u017ei (200 kosov):<\/strong> Optimizirano za u\u010dinkovito distribucijo in logistiko v Sloveniji.<\/p>\n<\/li>\n<\/ul>\n<\/div>\n<div>\n<figure id=\"attachment_4766\" aria-describedby=\"caption-attachment-4766\" style=\"width: 300px\" class=\"wp-caption alignnone\"><img decoding=\"async\" class=\"size-medium wp-image-4766\" src=\"https:\/\/vapestornado.com\/wp-content\/uploads\/2026\/01\/Al-Fakher-Crown-Bar-Crystal-8000-Disposable-Wholesale-Price-300x300.webp\" alt=\"Al Fakher Crown Bar Crystal 8000 enkratna prodaja na debelo cena\" width=\"300\" height=\"300\" srcset=\"https:\/\/vapestornado.com\/wp-content\/uploads\/2026\/01\/Al-Fakher-Crown-Bar-Crystal-8000-Disposable-Wholesale-Price-300x300.webp 300w, https:\/\/vapestornado.com\/wp-content\/uploads\/2026\/01\/Al-Fakher-Crown-Bar-Crystal-8000-Disposable-Wholesale-Price-150x150.webp 150w, https:\/\/vapestornado.com\/wp-content\/uploads\/2026\/01\/Al-Fakher-Crown-Bar-Crystal-8000-Disposable-Wholesale-Price-768x768.webp 768w, https:\/\/vapestornado.com\/wp-content\/uploads\/2026\/01\/Al-Fakher-Crown-Bar-Crystal-8000-Disposable-Wholesale-Price-12x12.webp 12w, https:\/\/vapestornado.com\/wp-content\/uploads\/2026\/01\/Al-Fakher-Crown-Bar-Crystal-8000-Disposable-Wholesale-Price-600x600.webp 600w, https:\/\/vapestornado.com\/wp-content\/uploads\/2026\/01\/Al-Fakher-Crown-Bar-Crystal-8000-Disposable-Wholesale-Price-100x100.webp 100w, https:\/\/vapestornado.com\/wp-content\/uploads\/2026\/01\/Al-Fakher-Crown-Bar-Crystal-8000-Disposable-Wholesale-Price.webp 800w\" sizes=\"(max-width: 300px) 100vw, 300px\" \/><figcaption id=\"caption-attachment-4766\" class=\"wp-caption-text\">Al Fakher Crown Bar Crystal 8000 enkratna prodaja na debelo cena<\/figcaption><\/figure>\n<\/div>\n<div>\n<figure id=\"attachment_4771\" aria-describedby=\"caption-attachment-4771\" style=\"width: 289px\" class=\"wp-caption alignnone\"><img decoding=\"async\" class=\"size-medium wp-image-4771\" src=\"https:\/\/vapestornado.com\/wp-content\/uploads\/2026\/01\/Al-Fakher-Crystal-8k-Disposable-Vapes-289x300.jpg\" alt=\"Al Fakher Crystal 8k V2 enkratne vape naprave\" width=\"289\" height=\"300\" srcset=\"https:\/\/vapestornado.com\/wp-content\/uploads\/2026\/01\/Al-Fakher-Crystal-8k-Disposable-Vapes-289x300.jpg 289w, https:\/\/vapestornado.com\/wp-content\/uploads\/2026\/01\/Al-Fakher-Crystal-8k-Disposable-Vapes-987x1024.jpg 987w, https:\/\/vapestornado.com\/wp-content\/uploads\/2026\/01\/Al-Fakher-Crystal-8k-Disposable-Vapes-768x797.jpg 768w, https:\/\/vapestornado.com\/wp-content\/uploads\/2026\/01\/Al-Fakher-Crystal-8k-Disposable-Vapes-12x12.jpg 12w, https:\/\/vapestornado.com\/wp-content\/uploads\/2026\/01\/Al-Fakher-Crystal-8k-Disposable-Vapes-600x623.jpg 600w, https:\/\/vapestornado.com\/wp-content\/uploads\/2026\/01\/Al-Fakher-Crystal-8k-Disposable-Vapes.jpg 1411w\" sizes=\"(max-width: 289px) 100vw, 289px\" \/><figcaption id=\"caption-attachment-4771\" class=\"wp-caption-text\">Al Fakher Crystal 8k V2 enkratne vape naprave<\/figcaption><\/figure>\n<\/div>\n<h2 class=\"product-title\"><strong>Seznam okusov Al Fakher CRYSTAL 8k V2Puff<\/strong><\/h2>\n<p>1 Jagoda modra<br \/>\n2 Jagoda led<br \/>\n3 \u010crni ribez led<br \/>\n4 \u010crni ribez meta<br \/>\n5 Modri Razz Blast<br \/>\n6 Modri Razz limonada<br \/>\n7 Borovni\u010dev \u010de\u0161njev<br \/>\n8 Modra jagodna guma<br \/>\n9 Modra jagodna limonada<br \/>\n10 Modra jagoda meta<br \/>\n11 Modra jagoda malinica<br \/>\n12 Modra Borovnica Kisel Rde\u010di Raspberries<br \/>\n13 \u010ce\u0161njev festival<br \/>\n14 \u010ce\u0161njev pene\u010di napitek<br \/>\n15 \u010ce\u0161njeva ledena osve\u017eitev<br \/>\n16 Hladni mango<br \/>\n17 Fusion Pop<br \/>\n18 Grozdje<br \/>\n19 Grozdje jagoda<br \/>\n20 Grozdje meta<br \/>\n21 Gumi meta<br \/>\n22 Hubba<br \/>\n23 Ledena modra<br \/>\n24 Limona limeta<br \/>\n25 Limona limeta \u010de\u0161njev pene\u010di napitek<br \/>\n26 Limona meta<br \/>\n27 Rasto\u010da ledena osve\u017eitev<br \/>\n28 \u010carobna ljubezen<br \/>\n29 Mango Ananas<br \/>\n30 Mentol<br \/>\n31 Meta<br \/>\n32 Me\u0161ana jagoda<br \/>\n33 Pomaran\u010da Meta<br \/>\n34 Breskev Led<br \/>\n35 Ananas Led<br \/>\n36 Vesoljski sanjski<br \/>\n37 Meta Spearmint<br \/>\n38 Jagoda \u010de\u0161nja<br \/>\n39 Jagoda Punch<br \/>\n40 Poletni sanjski<br \/>\n41 Dve jabolki<br \/>\n42 Lubenica \u010de\u0161nja<br \/>\n43 Lubenica Kiwi<br \/>\n44 Lubenica Limeta<br \/>\n45 Lubenica Ananas<\/p>\n<div class=\"flex-shrink-0 flex flex-col relative items-end\">\n<div class=\"pt-0\">\n<div class=\"gizmo-bot-avatar flex h-8 w-8 items-center justify-center overflow-hidden rounded-full\">\n<div class=\"relative p-1 rounded-sm flex items-center justify-center bg-token-main-surface-primary text-token-text-primary h-8 w-8\">\n<h2 data-start=\"1200\" data-end=\"1487\">Vapes Tornado \u2013 Va\u0161 veleprodajni spletni vapor shop za priljubljene vape<\/h2>\n<p data-start=\"72\" data-end=\"396\"><strong data-start=\"72\" data-end=\"89\">Vape Tornado<\/strong> je osredoto\u010den na veleprodajo v Evropi, ki dobavlja skrbno izbran nabor <strong data-start=\"178\" data-end=\"195\">priljubljenih vape-ov<\/strong> za profesionalne kupce. Sodelujemo z trgovci na drobno, distributerji in spletnimi trgovinami po vsej EU, ki potrebujejo stabilno oskrbo, jasne informacije o izdelkih in blagovne znamke, ki jih stranke \u017ee prepoznavajo in jim zaupajo.<\/p>\n<p data-start=\"398\" data-end=\"687\">Sodelujemo z zaupanja vrednimi imeni, kot so <strong data-start=\"307\" data-end=\"362\"><a href=\"https:\/\/vapestornado.com\/sl\/product\/randm-12000-puffs-fumot-digital-disposable-vape-wholesale-price\/\">Fumot VAPE<\/a>, <a href=\"https:\/\/vapestornado.com\/sl\/product\/original-wga-ultra-35k-35000-puff-rechargeable-crystal-disposable-nicotine-vape-best-discount-price\/\">WGA VAPE<\/a>, <\/strong><strong data-start=\"307\" data-end=\"362\"><a href=\"https:\/\/vapestornado.com\/sl\/product\/vozol-gear-shisha-25k-25000-puffs-best-dtl-disposable-vape-hookah-cheap-price\/\">VOZIL BAR VAPE<\/a>,<\/strong><strong data-start=\"247\" data-end=\"352\">\u00a0Elf Bar Vape, WASPE Vape, <a href=\"https:\/\/vapestornado.com\/sl\/product\/uzy-150k-puffs-6-in-1-flavor-switch-disposable-vape-pen-wholesale\/\">UZY Vape<\/a>, Bang Vape, Razz Bar Vape, in Stag Bar Vape<\/strong>, izbrani zaradi dosledne kakovosti in velikega povpra\u0161evanja na evropskem trgu.<\/p>\n<h4 data-start=\"1080\" data-end=\"1120\">Zgrajeni za evropske veleprodajne kupce<\/h4>\n<p data-start=\"1121\" data-end=\"1189\">Vapes Tornado je zasnovan glede na resni\u010dne potrebe evropskih veleprodajnih trgovcev:<\/p>\n<ul data-start=\"1190\" data-end=\"1400\">\n<li data-start=\"1190\" data-end=\"1239\">\n<p data-start=\"1192\" data-end=\"1239\">Konkuren\u010dne veleprodajne cene za velike naro\u010dila<\/p>\n<\/li>\n<li data-start=\"1240\" data-end=\"1289\">\n<p data-start=\"1242\" data-end=\"1289\">Jasni opisi izdelkov in specifikacije<\/p>\n<\/li>\n<li data-start=\"1290\" data-end=\"1330\">\n<p data-start=\"1292\" data-end=\"1330\">Hitra, zanesljiva logistika usmerjena v EU<\/p>\n<\/li>\n<li data-start=\"1331\" data-end=\"1400\">\n<p data-start=\"1333\" data-end=\"1400\">Katalog osredoto\u010den na <strong data-start=\"1356\" data-end=\"1373\">priljubljenih vape-ov<\/strong>, ne na preve\u010d nasi\u010dene SKU-je<\/p>\n<\/li>\n<\/ul>\n<h2 data-start=\"2064\" data-end=\"2115\">Pogosta vpra\u0161anja o Al Fakher CRYSTAL 8000 V2 Disposable Vape<\/h2>\n<p data-start=\"3467\" data-end=\"3658\"><strong data-start=\"3467\" data-end=\"3546\">1. Kaj naredi Al Fakher CRYSTAL 8K V2 druga\u010dnega od drugih enkratnih vapov?<\/strong><br data-start=\"3546\" data-end=\"3549\" \/>Osredoto\u010da se na stabilnost okusa, nizko nikotinsko mo\u010d in dvojni na\u010din vapinga namesto na ekstremno \u0161tevilo vdiha.<\/p>\n<p data-start=\"3660\" data-end=\"3780\"><strong data-start=\"3660\" data-end=\"3721\">2. Je Al Fakher Crown Bar Crystal 8K V2 polnilec?<\/strong><br data-start=\"3721\" data-end=\"3724\" \/>Da, ima baterijo 850mAh z polnjenjem preko Type-C.<\/p>\n<p data-start=\"3782\" data-end=\"3917\"><strong data-start=\"3782\" data-end=\"3825\">3. Za koga je ta izdelek najbolj primeren?<\/strong><br data-start=\"3825\" data-end=\"3828\" \/>Uporabnikom, ki \u017eelijo gladek okus, la\u017eji vnos nikotina in dosledno dnevno zmogljivost.<\/p>\n<p data-start=\"3919\" data-end=\"4102\"><strong data-start=\"3919\" data-end=\"3989\">4. Kako se primerja z napravami z visokim \u0161tevilom vdiha, kot je Airmez Fox 80000?<\/strong><br data-start=\"3989\" data-end=\"3992\" \/>Crystal 8K V2 daje prednost nadzoru in natan\u010dnosti okusa, medtem ko modeli z visokim \u0161tevilom vdiha poudarjajo dalj\u0161o \u017eivljenjsko dobo.<\/p>\n<p data-start=\"4104\" data-end=\"4265\"><strong data-start=\"4104\" data-end=\"4166\">5. Je ta izdelek primeren za veleprodajno distribucijo v EU?<\/strong><br data-start=\"4166\" data-end=\"4169\" \/>Da, je pakiran v veleprodajnih kartonih in je priljubljen za <strong data-start=\"4219\" data-end=\"4257\">Na voljo za veleprodajo e-cigaret v Sloveniji<\/strong> dobavo.<\/p>\n<\/div>\n<\/div>\n<\/div>\n<\/div>","protected":false},"excerpt":{"rendered":"<p data-start=\"1873\" data-end=\"1964\"><strong data-start=\"1873\" data-end=\"1964\">Al Fakher Crown Bar Crystal 8K V2 \u2013 Stabilna zmogljivost enostavnega za uporabo vape za veleprodajo v EU<\/strong><\/p>\n<p data-start=\"1968\" data-end=\"2039\"><strong data-start=\"1968\" data-end=\"2039\">Al Fakher CRYSTAL 8K V2 z dvojnim na\u010dinom vapinga in nizko vsebnostjo nikotina<\/strong><\/p>\n<p data-start=\"2043\" data-end=\"2136\"><strong data-start=\"2043\" data-end=\"2136\">Crystal 8K V2 podjetja Al Fakher \u2013 Zanesljiv enostaven za uporabo vape z 8000 vdihi po konkuren\u010dni veleprodajni ceni<\/strong><\/p>\n<p><strong>Dodajte Amyin WhatsApp, da dobite pravi odgovor in ceno s popustom!<\/strong><\/p>\n<p><img fetchpriority=\"high\" decoding=\"async\" class=\"size-full wp-image-2932\" src=\"https:\/\/vapestornado.com\/wp-content\/uploads\/2024\/12\/Vape-Wholesale.jpg\" alt=\"Vape Veleprodaja\" width=\"229\" height=\"300\" \/><\/p>\n<h3><a href=\"https:\/\/wa.me\/8617776015835\"><span style=\"color: #ff0000;\"><strong>WhatsApp: +386 17776015835<\/strong><\/span><\/a><\/h3>","protected":false},"featured_media":4770,"comment_status":"open","ping_status":"closed","template":"","meta":{"_acf_changed":false,"_uag_custom_page_level_css":"","_lmt_disableupdate":"no","_lmt_disable":"","_monsterinsights_skip_tracking":false,"_monsterinsights_sitenote_active":false,"_monsterinsights_sitenote_note":"","_monsterinsights_sitenote_category":0,"site-sidebar-layout":"default","site-content-layout":"","ast-site-content-layout":"default","site-content-style":"default","site-sidebar-style":"default","ast-global-header-display":"","ast-banner-title-visibility":"","ast-main-header-display":"","ast-hfb-above-header-display":"","ast-hfb-below-header-display":"","ast-hfb-mobile-header-display":"","site-post-title":"","ast-breadcrumbs-content":"","ast-featured-img":"","footer-sml-layout":"","ast-disable-related-posts":"","theme-transparent-header-meta":"default","adv-header-id-meta":"","stick-header-meta":"","header-above-stick-meta":"","header-main-stick-meta":"","header-below-stick-meta":"","astra-migrate-meta-layouts":"set","ast-page-background-enabled":"default","ast-page-background-meta":{"desktop":{"background-color":"","background-image":"","background-repeat":"repeat","background-position":"center center","background-size":"auto","background-attachment":"scroll","background-type":"","background-media":"","overlay-type":"","overlay-color":"","overlay-opacity":"","overlay-gradient":""},"tablet":{"background-color":"","background-image":"","background-repeat":"repeat","background-position":"center center","background-size":"auto","background-attachment":"scroll","background-type":"","background-media":"","overlay-type":"","overlay-color":"","overlay-opacity":"","overlay-gradient":""},"mobile":{"background-color":"","background-image":"","background-repeat":"repeat","background-position":"center center","background-size":"auto","background-attachment":"scroll","background-type":"","background-media":"","overlay-type":"","overlay-color":"","overlay-opacity":"","overlay-gradient":""}},"ast-content-background-meta":{"desktop":{"background-color":"var(--ast-global-color-5)","background-image":"","background-repeat":"repeat","background-position":"center center","background-size":"auto","background-attachment":"scroll","background-type":"","background-media":"","overlay-type":"","overlay-color":"","overlay-opacity":"","overlay-gradient":""},"tablet":{"background-color":"var(--ast-global-color-5)","background-image":"","background-repeat":"repeat","background-position":"center center","background-size":"auto","background-attachment":"scroll","background-type":"","background-media":"","overlay-type":"","overlay-color":"","overlay-opacity":"","overlay-gradient":""},"mobile":{"background-color":"var(--ast-global-color-5)","background-image":"","background-repeat":"repeat","background-position":"center center","background-size":"auto","background-attachment":"scroll","background-type":"","background-media":"","overlay-type":"","overlay-color":"","overlay-opacity":"","overlay-gradient":""}},"_joinchat":[]},"product_brand":[],"product_cat":[140,149,156,158,141,142,146,147],"product_tag":[529,530,528,355,287,513,512],"class_list":{"0":"post-4772","1":"product","2":"type-product","3":"status-publish","4":"has-post-thumbnail","6":"product_cat-big-puffs-disposable-vapes","7":"product_cat-buy-disposable-vapes-in-austria","8":"product_cat-buy-disposable-vapes-in-poland","9":"product_cat-buy-disposable-vapes-in-spain","10":"product_cat-crystal-disposable-vapes","11":"product_cat-digital-box-disposable-vapes","12":"product_cat-rechargeable-disposable-vapes","13":"product_cat-shisha-hookah-disposable-vapes","14":"product_tag-al-fakher-8k-v2","15":"product_tag-al-fakher-crystal-8000-v2","16":"product_tag-al-fakher-crystal-8k-v2","17":"product_tag-big-puff-vape","18":"product_tag-disposable-vape-pen","19":"product_tag-vape-discount-price","20":"product_tag-vape-wholesale-distributor","21":"desktop-align-left","22":"tablet-align-left","23":"mobile-align-left","25":"first","26":"instock","27":"sale","28":"shipping-taxable","29":"purchasable","30":"product-type-simple"},"acf":[],"uagb_featured_image_src":{"full":["https:\/\/vapestornado.com\/wp-content\/uploads\/2026\/01\/Al-Fakher-Disposable-Vapes-Best-Price.webp",800,800,false],"thumbnail":["https:\/\/vapestornado.com\/wp-content\/uploads\/2026\/01\/Al-Fakher-Disposable-Vapes-Best-Price-150x150.webp",150,150,true],"medium":["https:\/\/vapestornado.com\/wp-content\/uploads\/2026\/01\/Al-Fakher-Disposable-Vapes-Best-Price-300x300.webp",300,300,true],"medium_large":["https:\/\/vapestornado.com\/wp-content\/uploads\/2026\/01\/Al-Fakher-Disposable-Vapes-Best-Price-768x768.webp",768,768,true],"large":["https:\/\/vapestornado.com\/wp-content\/uploads\/2026\/01\/Al-Fakher-Disposable-Vapes-Best-Price.webp",800,800,false],"1536x1536":["https:\/\/vapestornado.com\/wp-content\/uploads\/2026\/01\/Al-Fakher-Disposable-Vapes-Best-Price.webp",800,800,false],"2048x2048":["https:\/\/vapestornado.com\/wp-content\/uploads\/2026\/01\/Al-Fakher-Disposable-Vapes-Best-Price.webp",800,800,false],"trp-custom-language-flag":["https:\/\/vapestornado.com\/wp-content\/uploads\/2026\/01\/Al-Fakher-Disposable-Vapes-Best-Price-12x12.webp",12,12,true],"woocommerce_thumbnail":["https:\/\/vapestornado.com\/wp-content\/uploads\/2026\/01\/Al-Fakher-Disposable-Vapes-Best-Price-300x300.webp",300,300,true],"woocommerce_single":["https:\/\/vapestornado.com\/wp-content\/uploads\/2026\/01\/Al-Fakher-Disposable-Vapes-Best-Price-600x600.webp",600,600,true],"woocommerce_gallery_thumbnail":["https:\/\/vapestornado.com\/wp-content\/uploads\/2026\/01\/Al-Fakher-Disposable-Vapes-Best-Price-100x100.webp",100,100,true]},"uagb_author_info":{"display_name":"ESAMY","author_link":"https:\/\/vapestornado.com\/sl\/author\/"},"uagb_comment_info":0,"uagb_excerpt":"Al Fakher Crown Bar Crystal 8K V2 \u2013 Stable Performance Disposable Vape for EU Wholesale Al Fakher CRYSTAL 8K V2 with Dual Vaping Mode &amp; Low Nicotine Output Crystal 8K V2 by Al Fakher \u2013 Reliable 8000 Puff Disposable at Competitive Wholesale Price Add Amy's whatsapp to get right reply and discount price! WhatsApp: +86&hellip;","_links":{"self":[{"href":"https:\/\/vapestornado.com\/sl\/wp-json\/wp\/v2\/product\/4772","targetHints":{"allow":["GET"]}}],"collection":[{"href":"https:\/\/vapestornado.com\/sl\/wp-json\/wp\/v2\/product"}],"about":[{"href":"https:\/\/vapestornado.com\/sl\/wp-json\/wp\/v2\/types\/product"}],"replies":[{"embeddable":true,"href":"https:\/\/vapestornado.com\/sl\/wp-json\/wp\/v2\/comments?post=4772"}],"wp:featuredmedia":[{"embeddable":true,"href":"https:\/\/vapestornado.com\/sl\/wp-json\/wp\/v2\/media\/4770"}],"wp:attachment":[{"href":"https:\/\/vapestornado.com\/sl\/wp-json\/wp\/v2\/media?parent=4772"}],"wp:term":[{"taxonomy":"product_brand","embeddable":true,"href":"https:\/\/vapestornado.com\/sl\/wp-json\/wp\/v2\/product_brand?post=4772"},{"taxonomy":"product_cat","embeddable":true,"href":"https:\/\/vapestornado.com\/sl\/wp-json\/wp\/v2\/product_cat?post=4772"},{"taxonomy":"product_tag","embeddable":true,"href":"https:\/\/vapestornado.com\/sl\/wp-json\/wp\/v2\/product_tag?post=4772"}],"curies":[{"name":"wp","href":"https:\/\/api.w.org\/{rel}","templated":true}]}}