{"id":4742,"date":"2025-12-27T02:27:08","date_gmt":"2025-12-27T02:27:08","guid":{"rendered":"https:\/\/vapestornado.com\/?post_type=product&#038;p=4742"},"modified":"2025-12-27T09:54:58","modified_gmt":"2025-12-27T09:54:58","slug":"vapme-crystal-48000-puff-48k-mtl-disposable-vape-with-digital-screen-belgium-wholesale","status":"publish","type":"product","link":"https:\/\/vapestornado.com\/sl\/product\/vapme-crystal-48000-puff-48k-mtl-disposable-vape-with-digital-screen-belgium-wholesale\/","title":{"rendered":"Vapme Crystal 48000 Vdihov 48k MTL Enostaven za uporabo, z digitalnim zaslonom, veleprodaja v Sloveniji"},"content":{"rendered":"<h2 data-start=\"0\" data-end=\"65\">Vapme Crystal 48K: MTL Vaping, Dolgotrajna uporaba, Resni\u010dno nadzorovanje zaslona<\/h2>\n<p data-start=\"67\" data-end=\"607\">The <strong data-start=\"71\" data-end=\"99\">Vapme Crystal 48000 Vdihov<\/strong> (48k) je zasnovan za odrasle uporabnike, ki imajo raje <strong data-start=\"148\" data-end=\"171\">MTL (usta-do-plju\u010da)<\/strong> vle\u010denje in \u0161e vedno \u017eelijo napravo, ki traja. Namesto lovljenja na velik pretok zraka in prevelike oblake, se osredoto\u010da na tesnej\u0161i, cigaretskemu stilu podoben poteg, zdru\u017een s prakti\u010dnimi funkcijami: <strong data-start=\"350\" data-end=\"369\">25mL vape teko\u010dine<\/strong>, a <strong data-start=\"373\" data-end=\"391\">Mre\u017ena tuljava 1,0 \u03a9<\/strong>, in <strong data-start=\"399\" data-end=\"417\">digitalni zaslon<\/strong> ki jasno prikazuje stanje naprave. Za veleprodajne kupce v Sloveniji to olaj\u0161a postavitev\u2014MTL je jasen primer uporabe, zaslon pa zmanj\u0161uje zmedo \u201cmrtve naprave\u201d na ravni stranke.<\/p>\n<h2 data-start=\"614\" data-end=\"653\">MTL, ki se po\u010duti nadzorovano, ne pa ohlapno<\/h2>\n<p data-start=\"655\" data-end=\"1027\">MTL je natan\u010dnost. Vapme Digital 48K je zasnovan za zagotavljanje tesnej\u0161ega potega, ki ustreza odraslim uporabnikom, ki \u017eelijo bolj znan stil vdihavanja. <strong data-start=\"806\" data-end=\"827\">1,0 ohm mre\u017easta tuljava<\/strong> podpira to z uravnote\u017eenjem okusa in izpusta pare brez prisilnega zra\u010dnega potega. \u010ce ste uporabljali naprave, ki se zdijo preve\u010d odprte ali \u201cobla\u010dne,\u201d je ta zasnovan tako, da se po\u010duti bolj nadzorovano in dosledno.<\/p>\n<h2 data-start=\"1034\" data-end=\"1082\">Digitalni zaslon = Manj presene\u010denj pri vsakodnevni uporabi<\/h2>\n<p data-start=\"1084\" data-end=\"1495\">Zaslon je pomemben le, \u010de odstrani resno nadlogo. Pri enkratni uporabi je najpogostej\u0161a frustracija, da ne ve\u0161, ali je naprava nizke mo\u010di ali le na robu konca. <strong data-start=\"1274\" data-end=\"1292\">digitalni zaslon<\/strong> poka\u017ee vidno stanje, tako da uporabniki lahko upravljajo z napravo kot z orodjem\u2014preveri, napolni \u010de je potrebno in nadaljuj. Za veletrgovca to pomeni manj nepotrebnih prito\u017eb in ve\u010d zadovoljstva ob ponovni uporabi.<\/p>\n<h2 data-start=\"1502\" data-end=\"1560\">Kapaciteta 25mL + 650mAh Type-C: Zasnovano za resni\u010den ritem \u017eivljenja<\/h2>\n<p data-start=\"1562\" data-end=\"2024\">Razred 48K je smiseln le, \u010de se kapaciteta teko\u010dine in podpora baterije ujemata z zahtevami. Vapme zdru\u017euje <strong data-start=\"1661\" data-end=\"1680\">25mL vape teko\u010dine<\/strong> z <strong data-start=\"1688\" data-end=\"1706\">650mAh baterija<\/strong> in <strong data-start=\"1713\" data-end=\"1728\">priklju\u010dkom Type-C<\/strong>, tako da je naprava mogo\u010de ponovno napolniti in uporabljati skozi dalj\u0161e cikle. To je \u0161e posebej uporabno za redne uporabnike, ki ne \u017eelijo, da naprava izgine sredi tedna. Polnjenje je enostavno, velikost baterije pa ustreza profilu MTL, kjer je poraba obi\u010dajno bolj nadzorovana kot pri napravah z visokim pretokom zraka.<\/p>\n<h2 data-start=\"2031\" data-end=\"2083\">2% Nikotin: Preprosto za evropsko maloprodajno povpra\u0161evanje<\/h2>\n<p data-start=\"2085\" data-end=\"2377\">Ta model je opredeljen kot <strong data-start=\"2112\" data-end=\"2127\">nikotinom 2%<\/strong>, raven, ki je pogosto zahtevana na evropskih trgih. Je dovolj mo\u010dan za zadovoljiv ob\u010dutek v grlu za mnoge odrasle, vendar ni postavljen kot ekstremen. Za veleprodajo v Sloveniji je ohranjanje mo\u017enosti nikotina preprosto, kar prav tako zmanj\u0161a zapletenost skladi\u0161\u010denja.<\/p>\n<h2 data-start=\"2384\" data-end=\"2434\">20 okusov: \u0160irok izbor brez nenavadnih izjem<\/h2>\n<p data-start=\"2436\" data-end=\"2601\">Vapme ponuja <strong data-start=\"2449\" data-end=\"2464\">20 okusov<\/strong>, ki pokrivajo sadne, ledene, sladkarije in pija\u010de profile. Za glavno povpra\u0161evanje v EU so to najvarnej\u0161i izbori za \u201cpopularen okus\u201d, s katerimi lahko vodite:<\/p>\n<ul data-start=\"2603\" data-end=\"2962\">\n<li data-start=\"2603\" data-end=\"2682\">\n<p data-start=\"2605\" data-end=\"2682\"><strong data-start=\"2605\" data-end=\"2628\">Borovnica Malina<\/strong> \u2013 zanesljiv sadni profil z visokim potencialom ponovnega nakupa<\/p>\n<\/li>\n<li data-start=\"2683\" data-end=\"2744\">\n<p data-start=\"2685\" data-end=\"2744\"><strong data-start=\"2685\" data-end=\"2703\">Lubenica Led<\/strong> \u2013 \u010dist, osve\u017eujo\u010d, enostaven dnevni izbor<\/p>\n<\/li>\n<li data-start=\"2745\" data-end=\"2812\">\n<p data-start=\"2747\" data-end=\"2812\"><strong data-start=\"2747\" data-end=\"2758\">Gospod Modri<\/strong> \u2013 prepoznaven stil \u201cmodre me\u0161anice\u201d, ki se prodaja stalno<\/p>\n<\/li>\n<li data-start=\"2813\" data-end=\"2884\">\n<p data-start=\"2815\" data-end=\"2884\"><strong data-start=\"2815\" data-end=\"2837\">Blue Razz Limonada<\/strong> \u2013 ostrej\u0161i sladko-kisel profil, ki izstopa<\/p>\n<\/li>\n<li data-start=\"2885\" data-end=\"2962\">\n<p data-start=\"2887\" data-end=\"2962\"><strong data-start=\"2887\" data-end=\"2902\">\u010ce\u0161njeva kola<\/strong> \u2013 okus v stilu pija\u010de, ki dodaja raznolikost va\u0161i ponudbi<\/p>\n<\/li>\n<\/ul>\n<p><strong><span style=\"color: #ff0000;\">Dodajte Amy na WhatsApp in prejmite takoj\u0161en odgovor ter kupon za vape!<\/span><\/strong><\/p>\n<p><img fetchpriority=\"high\" decoding=\"async\" class=\"size-full wp-image-2932\" src=\"https:\/\/vapestornado.com\/wp-content\/uploads\/2024\/12\/Vape-Wholesale.jpg\" alt=\"Vape Veleprodaja\" width=\"229\" height=\"300\" \/><\/p>\n<h3><a href=\"https:\/\/wa.me\/8617776015835\" target=\"_blank\" rel=\"noopener\"><span style=\"color: #ff0000;\"><strong>WhatsApp: +386 17776015835<\/strong><\/span><\/a><\/h3>\n<p>&nbsp;<\/p>\n<h2><strong>Vapme Crystal 48000 Ustreznih Vdihov Lastnosti izdelka<\/strong><\/h2>\n<table>\n<thead>\n<tr>\n<th>Zna\u010dilnosti<\/th>\n<th align=\"right\">Specifikacija<\/th>\n<th>Kaj to pomeni v resni\u010dni uporabi<\/th>\n<\/tr>\n<\/thead>\n<tbody>\n<tr>\n<td>Zmogljivost vdihovanja<\/td>\n<td align=\"right\">ve\u010d kot 48.000 vdihov<\/td>\n<td>Dizajn za dolgo uporabo; dejansko \u0161tevilo vdihov je odvisno od dol\u017eine in pogostosti potegov.<\/td>\n<\/tr>\n<tr>\n<td>Slog uparjanja<\/td>\n<td align=\"right\">MTL<\/td>\n<td>Tesnej\u0161i poteg, primeren za inhalacijo v slogu cigarete in nadzorovano uporabo.<\/td>\n<\/tr>\n<tr>\n<td>Kapaciteta e-teko\u010dine<\/td>\n<td align=\"right\">25mL vape teko\u010dine<\/td>\n<td>Velik volumen teko\u010dine podpira dalj\u0161o uporabo brez pogostega menjavanja.<\/td>\n<\/tr>\n<tr>\n<td>Baterija<\/td>\n<td align=\"right\">650mAh<\/td>\n<td>Primeren za dnevno uporabo v MTL; zasnovan za stabilno delovanje skozi dalj\u0161e cikle.<\/td>\n<\/tr>\n<tr>\n<td>Polnjenje<\/td>\n<td align=\"right\">priklju\u010dkom Type-C<\/td>\n<td>Udobno polnjenje za ohranjanje uporabnosti naprave skozi \u010das.<\/td>\n<\/tr>\n<tr>\n<td>Tuljava<\/td>\n<td align=\"right\">Mre\u017ena tuljava 1,0 \u03a9<\/td>\n<td>Enakomerno segrevanje podpira dosleden okus in stabilen MTL poteg.<\/td>\n<\/tr>\n<tr>\n<td>Nikotin<\/td>\n<td align=\"right\">2%<\/td>\n<td>Preprosta mo\u017enost, prijazna do EU, za odrasle uporabnike in la\u017eje veleprodajne zaloge.<\/td>\n<\/tr>\n<tr>\n<td>Okusi<\/td>\n<td align=\"right\">20 okusov<\/td>\n<td>\u0160irok izbor za maloprodajno raznolikost in sestavljanje paketov.<\/td>\n<\/tr>\n<tr>\n<td>Zaslon<\/td>\n<td align=\"right\">Digitalni zaslon<\/td>\n<td>Vidne informacije o stanju za zmanj\u0161anje ugibanja in izbolj\u0161anje nadzora uporabnika.<\/td>\n<\/tr>\n<\/tbody>\n<\/table>\n<figure id=\"attachment_4738\" aria-describedby=\"caption-attachment-4738\" style=\"width: 300px\" class=\"wp-caption alignnone\"><img decoding=\"async\" class=\"size-medium wp-image-4738\" src=\"https:\/\/vapestornado.com\/wp-content\/uploads\/2025\/12\/Vapme-Crystal-40000-40k-Puffs-E-Cigarette-300x300.webp\" alt=\"Vapme Crystal 40000 40k Vdihov E-cigaretka\" width=\"300\" height=\"300\" srcset=\"https:\/\/vapestornado.com\/wp-content\/uploads\/2025\/12\/Vapme-Crystal-40000-40k-Puffs-E-Cigarette-300x300.webp 300w, https:\/\/vapestornado.com\/wp-content\/uploads\/2025\/12\/Vapme-Crystal-40000-40k-Puffs-E-Cigarette-150x150.webp 150w, https:\/\/vapestornado.com\/wp-content\/uploads\/2025\/12\/Vapme-Crystal-40000-40k-Puffs-E-Cigarette-768x768.webp 768w, https:\/\/vapestornado.com\/wp-content\/uploads\/2025\/12\/Vapme-Crystal-40000-40k-Puffs-E-Cigarette-12x12.webp 12w, https:\/\/vapestornado.com\/wp-content\/uploads\/2025\/12\/Vapme-Crystal-40000-40k-Puffs-E-Cigarette-600x600.webp 600w, https:\/\/vapestornado.com\/wp-content\/uploads\/2025\/12\/Vapme-Crystal-40000-40k-Puffs-E-Cigarette-100x100.webp 100w, https:\/\/vapestornado.com\/wp-content\/uploads\/2025\/12\/Vapme-Crystal-40000-40k-Puffs-E-Cigarette.webp 800w\" sizes=\"(max-width: 300px) 100vw, 300px\" \/><figcaption id=\"caption-attachment-4738\" class=\"wp-caption-text\">Vapme Crystal 40000 40k Vdihov E-cigaretka<\/figcaption><\/figure>\n<h2 class=\"product-title\"><strong>Vapme Crystal 48000 Vdihov Seznam okusov<\/strong><\/h2>\n<h2 data-start=\"3945\" data-end=\"3965\"><\/h2>\n<ol data-start=\"3967\" data-end=\"4443\">\n<li data-start=\"3967\" data-end=\"3991\">\n<p data-start=\"3970\" data-end=\"3991\">Borovnica Malina<\/p>\n<\/li>\n<li data-start=\"3992\" data-end=\"4028\">\n<p data-start=\"3995\" data-end=\"4028\">\u017dve\u010dilni gumi Jagoda Lubenica<\/p>\n<\/li>\n<li data-start=\"4029\" data-end=\"4060\">\n<p data-start=\"4032\" data-end=\"4060\">Jagoda Malina Sladkarije<\/p>\n<\/li>\n<li data-start=\"4061\" data-end=\"4087\">\n<p data-start=\"4064\" data-end=\"4087\">Breskev Mango Ananas<\/p>\n<\/li>\n<li data-start=\"4088\" data-end=\"4107\">\n<p data-start=\"4091\" data-end=\"4107\">Lubenica Led<\/p>\n<\/li>\n<li data-start=\"4108\" data-end=\"4123\">\n<p data-start=\"4111\" data-end=\"4123\">\u010ce\u0161njev Led<\/p>\n<\/li>\n<li data-start=\"4124\" data-end=\"4151\">\n<p data-start=\"4127\" data-end=\"4151\">Pasijonka Melona Led<\/p>\n<\/li>\n<li data-start=\"4152\" data-end=\"4180\">\n<p data-start=\"4155\" data-end=\"4180\">Kivi Pasijonka Guava<\/p>\n<\/li>\n<li data-start=\"4181\" data-end=\"4200\">\n<p data-start=\"4184\" data-end=\"4200\">Jagoda Led<\/p>\n<\/li>\n<li data-start=\"4201\" data-end=\"4216\">\n<p data-start=\"4205\" data-end=\"4216\">Ledena breskev<\/p>\n<\/li>\n<li data-start=\"4217\" data-end=\"4241\">\n<p data-start=\"4221\" data-end=\"4241\">Blue Razz Limonada<\/p>\n<\/li>\n<li data-start=\"4242\" data-end=\"4263\">\n<p data-start=\"4246\" data-end=\"4263\">Jagoda kivi<\/p>\n<\/li>\n<li data-start=\"4264\" data-end=\"4282\">\n<p data-start=\"4268\" data-end=\"4282\">Energijska Pija\u010da<\/p>\n<\/li>\n<li data-start=\"4283\" data-end=\"4300\">\n<p data-start=\"4287\" data-end=\"4300\">\u010ce\u0161njeva kola<\/p>\n<\/li>\n<li data-start=\"4301\" data-end=\"4324\">\n<p data-start=\"4305\" data-end=\"4324\">Me\u0161ani Gozdni Sade\u017ei Led<\/p>\n<\/li>\n<li data-start=\"4325\" data-end=\"4357\">\n<p data-start=\"4329\" data-end=\"4357\">Borovnica Brusnica \u010ce\u0161nja<\/p>\n<\/li>\n<li data-start=\"4358\" data-end=\"4383\">\n<p data-start=\"4362\" data-end=\"4383\">Lubenica Kivi Led<\/p>\n<\/li>\n<li data-start=\"4384\" data-end=\"4402\">\n<p data-start=\"4388\" data-end=\"4402\">\u010ce\u0161nja Jagoda<\/p>\n<\/li>\n<li data-start=\"4403\" data-end=\"4429\">\n<p data-start=\"4407\" data-end=\"4429\">Tropski sadni pun\u010d<\/p>\n<\/li>\n<li data-start=\"4430\" data-end=\"4443\">\n<p data-start=\"4434\" data-end=\"4443\">Gospod Modri<\/p>\n<\/li>\n<\/ol>\n<p>&nbsp;<\/p>\n<div class=\"flex-shrink-0 flex flex-col relative items-end\">\n<div class=\"pt-0\">\n<div class=\"gizmo-bot-avatar flex h-8 w-8 items-center justify-center overflow-hidden rounded-full\">\n<div class=\"relative p-1 rounded-sm flex items-center justify-center bg-token-main-surface-primary text-token-text-primary h-8 w-8\">\n<h2 data-start=\"1200\" data-end=\"1487\">Vapes Tornado \u2013 Va\u0161 veleprodajni spletni vapor shop za priljubljene vape<\/h2>\n<p data-start=\"72\" data-end=\"396\"><strong data-start=\"72\" data-end=\"89\">Vape Tornado<\/strong> je osredoto\u010den na veleprodajo v Evropi, ki dobavlja skrbno izbran nabor <strong data-start=\"178\" data-end=\"195\">priljubljenih vape-ov<\/strong> za profesionalne kupce. Sodelujemo z trgovci na drobno, distributerji in spletnimi trgovinami po vsej EU, ki potrebujejo stabilno oskrbo, jasne informacije o izdelkih in blagovne znamke, ki jih stranke \u017ee prepoznavajo in jim zaupajo.<\/p>\n<p data-start=\"398\" data-end=\"687\">Sodelujemo z zaupanja vrednimi imeni, kot so <strong data-start=\"307\" data-end=\"362\"><a href=\"https:\/\/vapestornado.com\/sl\/product\/randm-12000-puffs-fumot-digital-disposable-vape-wholesale-price\/\">Fumot VAPE<\/a>, <a href=\"https:\/\/vapestornado.com\/sl\/product\/original-wga-ultra-35k-35000-puff-rechargeable-crystal-disposable-nicotine-vape-best-discount-price\/\">WGA VAPE<\/a>, <\/strong><strong data-start=\"307\" data-end=\"362\"><a href=\"https:\/\/vapestornado.com\/sl\/product\/vozol-gear-shisha-25k-25000-puffs-best-dtl-disposable-vape-hookah-cheap-price\/\">VOZIL BAR VAPE<\/a>,<\/strong><strong data-start=\"247\" data-end=\"352\">\u00a0Elf Bar Vape, WASPE Vape, <a href=\"https:\/\/vapestornado.com\/sl\/product\/uzy-150k-puffs-6-in-1-flavor-switch-disposable-vape-pen-wholesale\/\">UZY Vape<\/a>, Bang Vape, Razz Bar Vape, in Stag Bar Vape<\/strong>, izbrani zaradi dosledne kakovosti in velikega povpra\u0161evanja na evropskem trgu.<\/p>\n<h4 data-start=\"1080\" data-end=\"1120\">Zgrajeni za evropske veleprodajne kupce<\/h4>\n<p data-start=\"1121\" data-end=\"1189\">Vapes Tornado je zasnovan glede na resni\u010dne potrebe evropskih veleprodajnih trgovcev:<\/p>\n<ul data-start=\"1190\" data-end=\"1400\">\n<li data-start=\"1190\" data-end=\"1239\">\n<p data-start=\"1192\" data-end=\"1239\">Konkuren\u010dne veleprodajne cene za velike naro\u010dila<\/p>\n<\/li>\n<li data-start=\"1240\" data-end=\"1289\">\n<p data-start=\"1242\" data-end=\"1289\">Jasni opisi izdelkov in specifikacije<\/p>\n<\/li>\n<li data-start=\"1290\" data-end=\"1330\">\n<p data-start=\"1292\" data-end=\"1330\">Hitra, zanesljiva logistika usmerjena v EU<\/p>\n<\/li>\n<li data-start=\"1331\" data-end=\"1400\">\n<p data-start=\"1333\" data-end=\"1400\">Katalog osredoto\u010den na <strong data-start=\"1356\" data-end=\"1373\">priljubljenih vape-ov<\/strong>, ne na preve\u010d nasi\u010dene SKU-je<\/p>\n<\/li>\n<\/ul>\n<h2 data-start=\"2064\" data-end=\"2115\">Pogosta vpra\u0161anja o Vapme Crystal 48000 Vdihov Disposabilni Vape<\/h2>\n<p data-start=\"4683\" data-end=\"4854\"><strong data-start=\"4683\" data-end=\"4734\">1) Kaj pomeni MTL na Vapme Crystal 48K?<\/strong><br data-start=\"4734\" data-end=\"4737\" \/>MTL (usta-do-plju\u010da) je tesnej\u0161i na\u010din vdiha, ki je bolj nadzorovan in podoben vdihu s klasi\u010dno cigareto.<\/p>\n<p data-start=\"4856\" data-end=\"5011\"><strong data-start=\"4856\" data-end=\"4906\">2) Je 48.000+ vdihov zagotovljenih za vsakogar?<\/strong><br data-start=\"4906\" data-end=\"4909\" \/>Ne. \u0160tevilo vdihov se razlikuje glede na dol\u017eino vdiha, pogostost in navade uporabe; to je maksimalni na\u010drtovani cilj.<\/p>\n<p data-start=\"5013\" data-end=\"5168\"><strong data-start=\"5013\" data-end=\"5054\">3) Kaj prikazuje zaslon Crystal Vape?<\/strong><br data-start=\"5054\" data-end=\"5057\" \/>Prikazuje vidno stanje naprave za zmanj\u0161anje ugibanja med vsakodnevno uporabo (natan\u010dna polja na zaslonu so odvisna od razli\u010dice).<\/p>\n<p data-start=\"5170\" data-end=\"5312\"><strong data-start=\"5170\" data-end=\"5202\">4) Zakaj uporabiti mre\u017eno tuljavo 1.0\u03a9?<\/strong><br data-start=\"5202\" data-end=\"5205\" \/>Mre\u017ena tuljava 1.0\u03a9 podpira enakomerno segrevanje in dosledni okus, hkrati pa ustreza nadzorovanemu na\u010dinu vdiha MTL.<\/p>\n<p data-start=\"5314\" data-end=\"5498\"><strong data-start=\"5314\" data-end=\"5373\">5) Ali je to primerno za veleprodajo v Sloveniji?<\/strong><br data-start=\"5373\" data-end=\"5376\" \/>Da. Mo\u017enost nikotina 2%, pozicioniranje MTL in \u0161irok seznam okusov omogo\u010dajo enostavno skladi\u0161\u010denje in prodajo v maloprodajnih kanalih v Sloveniji.<\/p>\n<\/div>\n<\/div>\n<\/div>\n<\/div>","protected":false},"excerpt":{"rendered":"<p data-start=\"5635\" data-end=\"5802\" data-is-last-node=\"\" data-is-only-node=\"\">The <strong data-start=\"5539\" data-end=\"5573\">Vapme Crystal 48000 Vdihov (48k)<\/strong> je en enkratni MTL vape z <strong data-start=\"5607\" data-end=\"5625\">digitalni zaslon<\/strong>, <strong data-start=\"5627\" data-end=\"5646\">25mL vape teko\u010dine<\/strong>, a <strong data-start=\"5650\" data-end=\"5668\">Mre\u017ena tuljava 1,0 \u03a9<\/strong>, in <strong data-start=\"5676\" data-end=\"5714\">650mAh Type-C polnilna baterija<\/strong>. Z <strong data-start=\"5721\" data-end=\"5736\">nikotinom 2%<\/strong> in <strong data-start=\"5741\" data-end=\"5756\">20 okusov<\/strong>, ponuja nadzorovano zadovoljstvo z vlekom in udobje dolgotrajne uporabe\u2014dobro primeren za veleprodajo v Sloveniji in ponavljajo\u010do se maloprodajo.<\/p>\n<p><strong>Dodajte Amyin WhatsApp, da dobite pravi odgovor in ceno s popustom!<\/strong><\/p>\n<p><img fetchpriority=\"high\" decoding=\"async\" class=\"size-full wp-image-2932\" src=\"https:\/\/vapestornado.com\/wp-content\/uploads\/2024\/12\/Vape-Wholesale.jpg\" alt=\"Vape Veleprodaja\" width=\"229\" height=\"300\" \/><\/p>\n<h3><a href=\"https:\/\/wa.me\/8617776015835\"><span style=\"color: #ff0000;\"><strong>WhatsApp: +386 17776015835<\/strong><\/span><\/a><\/h3>","protected":false},"featured_media":4755,"comment_status":"open","ping_status":"closed","template":"","meta":{"_acf_changed":false,"_uag_custom_page_level_css":"","_lmt_disableupdate":"no","_lmt_disable":"","_monsterinsights_skip_tracking":false,"_monsterinsights_sitenote_active":false,"_monsterinsights_sitenote_note":"","_monsterinsights_sitenote_category":0,"site-sidebar-layout":"default","site-content-layout":"","ast-site-content-layout":"default","site-content-style":"default","site-sidebar-style":"default","ast-global-header-display":"","ast-banner-title-visibility":"","ast-main-header-display":"","ast-hfb-above-header-display":"","ast-hfb-below-header-display":"","ast-hfb-mobile-header-display":"","site-post-title":"","ast-breadcrumbs-content":"","ast-featured-img":"","footer-sml-layout":"","ast-disable-related-posts":"","theme-transparent-header-meta":"default","adv-header-id-meta":"","stick-header-meta":"","header-above-stick-meta":"","header-main-stick-meta":"","header-below-stick-meta":"","astra-migrate-meta-layouts":"set","ast-page-background-enabled":"default","ast-page-background-meta":{"desktop":{"background-color":"","background-image":"","background-repeat":"repeat","background-position":"center center","background-size":"auto","background-attachment":"scroll","background-type":"","background-media":"","overlay-type":"","overlay-color":"","overlay-opacity":"","overlay-gradient":""},"tablet":{"background-color":"","background-image":"","background-repeat":"repeat","background-position":"center center","background-size":"auto","background-attachment":"scroll","background-type":"","background-media":"","overlay-type":"","overlay-color":"","overlay-opacity":"","overlay-gradient":""},"mobile":{"background-color":"","background-image":"","background-repeat":"repeat","background-position":"center center","background-size":"auto","background-attachment":"scroll","background-type":"","background-media":"","overlay-type":"","overlay-color":"","overlay-opacity":"","overlay-gradient":""}},"ast-content-background-meta":{"desktop":{"background-color":"var(--ast-global-color-5)","background-image":"","background-repeat":"repeat","background-position":"center center","background-size":"auto","background-attachment":"scroll","background-type":"","background-media":"","overlay-type":"","overlay-color":"","overlay-opacity":"","overlay-gradient":""},"tablet":{"background-color":"var(--ast-global-color-5)","background-image":"","background-repeat":"repeat","background-position":"center center","background-size":"auto","background-attachment":"scroll","background-type":"","background-media":"","overlay-type":"","overlay-color":"","overlay-opacity":"","overlay-gradient":""},"mobile":{"background-color":"var(--ast-global-color-5)","background-image":"","background-repeat":"repeat","background-position":"center center","background-size":"auto","background-attachment":"scroll","background-type":"","background-media":"","overlay-type":"","overlay-color":"","overlay-opacity":"","overlay-gradient":""}},"_joinchat":[]},"product_brand":[],"product_cat":[230,140,150,152,153,156,141,142,146,61],"product_tag":[287,513,516,512,514,515,518,517],"class_list":{"0":"post-4742","1":"product","2":"type-product","3":"status-publish","4":"has-post-thumbnail","6":"product_cat-46000-puff","7":"product_cat-big-puffs-disposable-vapes","8":"product_cat-buy-disposable-vapes-in-belgium","9":"product_cat-buy-disposable-vapes-in-cermany","10":"product_cat-buy-disposable-vapes-in-italy","11":"product_cat-buy-disposable-vapes-in-poland","12":"product_cat-crystal-disposable-vapes","13":"product_cat-digital-box-disposable-vapes","14":"product_cat-rechargeable-disposable-vapes","15":"product_cat-vapme-shisha","16":"product_tag-disposable-vape-pen","17":"product_tag-vape-discount-price","18":"product_tag-vape-wholesale-belgium","19":"product_tag-vape-wholesale-distributor","20":"product_tag-vapme-crystal-48000-puff","21":"product_tag-vapme-crystal-48k","22":"product_tag-vapme-crystal-belgium","23":"product_tag-vapme-wholesale","24":"desktop-align-left","25":"tablet-align-left","26":"mobile-align-left","28":"first","29":"instock","30":"sale","31":"shipping-taxable","32":"purchasable","33":"product-type-simple"},"acf":[],"uagb_featured_image_src":{"full":["https:\/\/vapestornado.com\/wp-content\/uploads\/2025\/12\/Vapme-Crytal-48000-Disposable-Vape-Pen.png",800,800,false],"thumbnail":["https:\/\/vapestornado.com\/wp-content\/uploads\/2025\/12\/Vapme-Crytal-48000-Disposable-Vape-Pen-150x150.png",150,150,true],"medium":["https:\/\/vapestornado.com\/wp-content\/uploads\/2025\/12\/Vapme-Crytal-48000-Disposable-Vape-Pen-300x300.png",300,300,true],"medium_large":["https:\/\/vapestornado.com\/wp-content\/uploads\/2025\/12\/Vapme-Crytal-48000-Disposable-Vape-Pen-768x768.png",768,768,true],"large":["https:\/\/vapestornado.com\/wp-content\/uploads\/2025\/12\/Vapme-Crytal-48000-Disposable-Vape-Pen.png",800,800,false],"1536x1536":["https:\/\/vapestornado.com\/wp-content\/uploads\/2025\/12\/Vapme-Crytal-48000-Disposable-Vape-Pen.png",800,800,false],"2048x2048":["https:\/\/vapestornado.com\/wp-content\/uploads\/2025\/12\/Vapme-Crytal-48000-Disposable-Vape-Pen.png",800,800,false],"trp-custom-language-flag":["https:\/\/vapestornado.com\/wp-content\/uploads\/2025\/12\/Vapme-Crytal-48000-Disposable-Vape-Pen-12x12.png",12,12,true],"woocommerce_thumbnail":["https:\/\/vapestornado.com\/wp-content\/uploads\/2025\/12\/Vapme-Crytal-48000-Disposable-Vape-Pen-300x300.png",300,300,true],"woocommerce_single":["https:\/\/vapestornado.com\/wp-content\/uploads\/2025\/12\/Vapme-Crytal-48000-Disposable-Vape-Pen-600x600.png",600,600,true],"woocommerce_gallery_thumbnail":["https:\/\/vapestornado.com\/wp-content\/uploads\/2025\/12\/Vapme-Crytal-48000-Disposable-Vape-Pen-100x100.png",100,100,true]},"uagb_author_info":{"display_name":"ESAMY","author_link":"https:\/\/vapestornado.com\/sl\/author\/"},"uagb_comment_info":0,"uagb_excerpt":"The Vapme Crystal 48000 Puff (48k) is an MTL disposable vape with a digital screen, 25mL vape juice, a 1.0\u03a9 mesh coil, and a 650mAh Type-C rechargeable battery. With 2% nicotine and 20 flavours, it offers controlled draw satisfaction and long-use convenience\u2014well-suited for Belgium wholesale supply and repeat retail sales. Add Amy's whatsapp to get&hellip;","_links":{"self":[{"href":"https:\/\/vapestornado.com\/sl\/wp-json\/wp\/v2\/product\/4742","targetHints":{"allow":["GET"]}}],"collection":[{"href":"https:\/\/vapestornado.com\/sl\/wp-json\/wp\/v2\/product"}],"about":[{"href":"https:\/\/vapestornado.com\/sl\/wp-json\/wp\/v2\/types\/product"}],"replies":[{"embeddable":true,"href":"https:\/\/vapestornado.com\/sl\/wp-json\/wp\/v2\/comments?post=4742"}],"wp:featuredmedia":[{"embeddable":true,"href":"https:\/\/vapestornado.com\/sl\/wp-json\/wp\/v2\/media\/4755"}],"wp:attachment":[{"href":"https:\/\/vapestornado.com\/sl\/wp-json\/wp\/v2\/media?parent=4742"}],"wp:term":[{"taxonomy":"product_brand","embeddable":true,"href":"https:\/\/vapestornado.com\/sl\/wp-json\/wp\/v2\/product_brand?post=4742"},{"taxonomy":"product_cat","embeddable":true,"href":"https:\/\/vapestornado.com\/sl\/wp-json\/wp\/v2\/product_cat?post=4742"},{"taxonomy":"product_tag","embeddable":true,"href":"https:\/\/vapestornado.com\/sl\/wp-json\/wp\/v2\/product_tag?post=4742"}],"curies":[{"name":"wp","href":"https:\/\/api.w.org\/{rel}","templated":true}]}}