{"id":4732,"date":"2025-12-26T02:42:05","date_gmt":"2025-12-26T02:42:05","guid":{"rendered":"https:\/\/vapestornado.com\/?post_type=product&#038;p=4732"},"modified":"2025-12-26T03:35:44","modified_gmt":"2025-12-26T03:35:44","slug":"uwin-digital-box-68k-68000-puff-disposable-vape-wholesale-distributor-discount-price","status":"publish","type":"product","link":"https:\/\/vapestornado.com\/sl\/product\/uwin-digital-box-68k-68000-puff-disposable-vape-wholesale-distributor-discount-price\/","title":{"rendered":"Uwin Digital Box 68K 68000 Puff Enkratna vape na debelo po zni\u017eani ceni"},"content":{"rendered":"<h2 data-start=\"0\" data-end=\"77\">Uwin Digital Box 68K: Zgrajen za obseg, nadzor in zanesljivo prodajo<\/h2>\n<p data-start=\"79\" data-end=\"592\">The <strong data-start=\"83\" data-end=\"107\">Uwin Digital Box 68K<\/strong> <strong data-start=\"123\" data-end=\"149\">68000 vdihov <\/strong>\u00a0je zasnovan za odrasle uporabnike in profesionalne kupce, ki \u017eelijo zanesljivo enkratno napravo z visoko kapaciteto, ki deluje dosledno od prve do zadnje uporabe. Za <strong data-start=\"307\" data-end=\"337\">distributer na debelo za vape<\/strong>, je ta model enostaven za postavitev: jasne specifikacije, vidni indikatorji, priljubljeni okusi in oblika, ki jo takoj razumejo stranke. Ob konkuren\u010dni <strong data-start=\"499\" data-end=\"522\">zni\u017eani ceni za vape<\/strong>, ponuja vrednost brez zmanj\u0161evanja funkcij, ki so dejansko pomembne.<\/p>\n<h2 data-start=\"599\" data-end=\"646\">Zakaj kupci izbirajo Uwin Digital Box 68000<\/h2>\n<p data-start=\"648\" data-end=\"1071\">Disposables z veliko vdihi pogosto razo\u010darajo iz enostavnega razloga: uporabniki ne morejo vedeti, kaj se dogaja. Uwin Digital Box 68k to re\u0161i z <strong data-start=\"778\" data-end=\"805\">indikatorjem teko\u010dine in mo\u010di<\/strong> ki prikazuje stanje naprave na prvi pogled. Namesto ugibanja, ali je vaporizacija upadla zaradi nizke baterije ali prazne teko\u010dine, uporabniki dobijo jasen odgovor\u2014polnjenje ali nadaljevanje. Ta jasnost gradi zaupanje in zmanj\u0161uje frustracijo, kar je prav to, kar spodbuja ponovne nakupe.<\/p>\n<p data-start=\"1073\" data-end=\"1307\">The <strong data-start=\"1077\" data-end=\"1090\">mre\u017easto tuljavo<\/strong> je izbran za enakomerno segrevanje skozi dalj\u0161e seje. V resni\u010dni uporabi to podpira stabilnej\u0161i izpust pare in \u010distej\u0161i okus v primerjavi z osnovnimi tuljavami\u2014\u0161e posebej pomembno na napravi, ocenjeni na <strong data-start=\"1293\" data-end=\"1300\">68K<\/strong> vdihov.<\/p>\n<h2 data-start=\"1314\" data-end=\"1361\">Polnjenje z mo\u010djo, ki ustreza kapaciteti<\/h2>\n<p data-start=\"1363\" data-end=\"1679\">Velik \u0161t. vdihov deluje le, \u010de lahko naprava ostane napajana. <strong data-start=\"1429\" data-end=\"1460\">Polnilna baterija Type-C<\/strong> ohranja Uwin Digital Box prakti\u010den za vsakodnevno uporabo: polnjenje po potrebi in nadaljevanje. To neposredno naslavlja eno najpogostej\u0161ih prito\u017eb pri napravah z visoko kapaciteto\u2014izpraznitev baterije pred koncem teko\u010dine.<\/p>\n<p data-start=\"1681\" data-end=\"1784\">Za veletrgovce to pomeni manj prito\u017eb strank in izdelek, ki deluje tako, kot je pri\u010dakovano na ve\u010djem obsegu.<\/p>\n<h2 data-start=\"1791\" data-end=\"1833\">Mo\u017enosti nikotina usklajene z zahtevami EU<\/h2>\n<p data-start=\"1835\" data-end=\"2075\">Naprava je na voljo z <strong data-start=\"1864\" data-end=\"1886\">2% in 5% nikotin<\/strong> mo\u017enosti. To pokriva najpogostej\u0161e \u017eelje odraslih na evropskih trgih\u20142% za la\u017eji, stabilen ob\u010dutek in 5% za mo\u010dnej\u0161i udarec\u2014hkrati pa ohranja zalogo preprosto za distributerje.<\/p>\n<h2 data-start=\"2082\" data-end=\"2126\">Priljubljeni okusi, ki dejansko prodajajo zalogo<\/h2>\n<p data-start=\"2128\" data-end=\"2296\">Namesto preobremenjevanja ponudbe, Uwin 68k poudarja okuse, ki se dosledno prodajajo v Evropi. Iz celotnega asortimana so ti pogosto najbolj priljubljeni med ponovnimi kupci:<\/p>\n<ul data-start=\"2298\" data-end=\"2643\">\n<li data-start=\"2298\" data-end=\"2368\">\n<p data-start=\"2300\" data-end=\"2368\"><strong data-start=\"2300\" data-end=\"2323\">Borovnica Malina<\/strong> \u2013 uravnote\u017een sadni profil z \u0161irokim ob\u010dutkom<\/p>\n<\/li>\n<li data-start=\"2369\" data-end=\"2440\">\n<p data-start=\"2371\" data-end=\"2440\"><strong data-start=\"2371\" data-end=\"2396\">Jagoda Lubenica<\/strong> \u2013 znan, gladek in enostaven za priporo\u010diti<\/p>\n<\/li>\n<li data-start=\"2441\" data-end=\"2511\">\n<p data-start=\"2443\" data-end=\"2511\"><strong data-start=\"2443\" data-end=\"2461\">Lubenica Led<\/strong> \u2013 \u010dist, osve\u017eujo\u010d in zanesljiv za vsakodnevno uporabo<\/p>\n<\/li>\n<li data-start=\"2512\" data-end=\"2571\">\n<p data-start=\"2514\" data-end=\"2571\"><strong data-start=\"2514\" data-end=\"2525\">Gospod Modri<\/strong> \u2013 me\u0161anica jagodi\u010devja z mo\u010dno prepoznavnostjo<\/p>\n<\/li>\n<li data-start=\"2572\" data-end=\"2643\">\n<p data-start=\"2574\" data-end=\"2643\"><strong data-start=\"2574\" data-end=\"2586\">Red Bull<\/strong> \u2013 energijsko navdihnjen profil, ki izstopa na polici<\/p>\n<\/li>\n<\/ul>\n<p data-start=\"2645\" data-end=\"2736\">Ti okusi pokrivajo kategorije sadja, ledu in energije brez zapletanja na\u010drtovanja zalog.<\/p>\n<figure id=\"attachment_4725\" aria-describedby=\"caption-attachment-4725\" style=\"width: 300px\" class=\"wp-caption alignnone\"><img fetchpriority=\"high\" decoding=\"async\" class=\"size-medium wp-image-4725\" src=\"https:\/\/vapestornado.com\/wp-content\/uploads\/2025\/12\/Uwin-Digital-Box-68k-Puff-Disposable-Vape-Buy-Online-300x300.webp\" alt=\"Uwin Digital Box 68k Puff Disposable Vape Nakupujte na spletu\" width=\"300\" height=\"300\" srcset=\"https:\/\/vapestornado.com\/wp-content\/uploads\/2025\/12\/Uwin-Digital-Box-68k-Puff-Disposable-Vape-Buy-Online-300x300.webp 300w, https:\/\/vapestornado.com\/wp-content\/uploads\/2025\/12\/Uwin-Digital-Box-68k-Puff-Disposable-Vape-Buy-Online-150x150.webp 150w, https:\/\/vapestornado.com\/wp-content\/uploads\/2025\/12\/Uwin-Digital-Box-68k-Puff-Disposable-Vape-Buy-Online-768x768.webp 768w, https:\/\/vapestornado.com\/wp-content\/uploads\/2025\/12\/Uwin-Digital-Box-68k-Puff-Disposable-Vape-Buy-Online-12x12.webp 12w, https:\/\/vapestornado.com\/wp-content\/uploads\/2025\/12\/Uwin-Digital-Box-68k-Puff-Disposable-Vape-Buy-Online-600x600.webp 600w, https:\/\/vapestornado.com\/wp-content\/uploads\/2025\/12\/Uwin-Digital-Box-68k-Puff-Disposable-Vape-Buy-Online-100x100.webp 100w, https:\/\/vapestornado.com\/wp-content\/uploads\/2025\/12\/Uwin-Digital-Box-68k-Puff-Disposable-Vape-Buy-Online.webp 800w\" sizes=\"(max-width: 300px) 100vw, 300px\" \/><figcaption id=\"caption-attachment-4725\" class=\"wp-caption-text\">Uwin Digital Box 68k Puff Disposable Vape Nakupujte na spletu<\/figcaption><\/figure>\n<figure id=\"attachment_4729\" aria-describedby=\"caption-attachment-4729\" style=\"width: 300px\" class=\"wp-caption alignnone\"><img decoding=\"async\" class=\"size-medium wp-image-4729\" src=\"https:\/\/vapestornado.com\/wp-content\/uploads\/2025\/12\/Uwin-Vape-Digital-Box-68k-Puff-Disposables-Wholesale-300x300.webp\" alt=\"Uwin Vape Digital Box 68k Puff Disposables na debelo\" width=\"300\" height=\"300\" srcset=\"https:\/\/vapestornado.com\/wp-content\/uploads\/2025\/12\/Uwin-Vape-Digital-Box-68k-Puff-Disposables-Wholesale-300x300.webp 300w, https:\/\/vapestornado.com\/wp-content\/uploads\/2025\/12\/Uwin-Vape-Digital-Box-68k-Puff-Disposables-Wholesale-150x150.webp 150w, https:\/\/vapestornado.com\/wp-content\/uploads\/2025\/12\/Uwin-Vape-Digital-Box-68k-Puff-Disposables-Wholesale-768x768.webp 768w, https:\/\/vapestornado.com\/wp-content\/uploads\/2025\/12\/Uwin-Vape-Digital-Box-68k-Puff-Disposables-Wholesale-12x12.webp 12w, https:\/\/vapestornado.com\/wp-content\/uploads\/2025\/12\/Uwin-Vape-Digital-Box-68k-Puff-Disposables-Wholesale-600x600.webp 600w, https:\/\/vapestornado.com\/wp-content\/uploads\/2025\/12\/Uwin-Vape-Digital-Box-68k-Puff-Disposables-Wholesale-100x100.webp 100w, https:\/\/vapestornado.com\/wp-content\/uploads\/2025\/12\/Uwin-Vape-Digital-Box-68k-Puff-Disposables-Wholesale.webp 800w\" sizes=\"(max-width: 300px) 100vw, 300px\" \/><figcaption id=\"caption-attachment-4729\" class=\"wp-caption-text\">Uwin Vape Digital Box 68k Puff Disposables na debelo<\/figcaption><\/figure>\n<p><strong><span style=\"color: #ff0000;\">Dodajte Amy na WhatsApp in prejmite takoj\u0161en odgovor ter kupon za vape!<\/span><\/strong><\/p>\n<p><img decoding=\"async\" class=\"size-full wp-image-2932\" src=\"https:\/\/vapestornado.com\/wp-content\/uploads\/2024\/12\/Vape-Wholesale.jpg\" alt=\"Vape Veleprodaja\" width=\"229\" height=\"300\" \/><\/p>\n<h3><a href=\"https:\/\/wa.me\/8617776015835\" target=\"_blank\" rel=\"noopener\"><span style=\"color: #ff0000;\"><strong>WhatsApp: +386 17776015835<\/strong><\/span><\/a><\/h3>\n<p>&nbsp;<\/p>\n<h2><strong>Uwin Digital Box 68K Lastnosti izdelka<\/strong><\/h2>\n<table>\n<thead>\n<tr>\n<th><strong>Zna\u010dilnosti<\/strong><\/th>\n<th><strong>Specifikacija<\/strong><\/th>\n<th><strong>Kaj to pomeni v resni\u010dni uporabi<\/strong><\/th>\n<\/tr>\n<\/thead>\n<tbody>\n<tr>\n<td>Zmogljivost vdihovanja<\/td>\n<td>Do <strong>68K<\/strong> potegi<\/td>\n<td>Zasnovano za dalj\u0161o uporabo; dejanski potegi se razlikujejo glede na dol\u017eino in pogostost vle\u010denja.<\/td>\n<\/tr>\n<tr>\n<td>Mo\u017enosti nikotina<\/td>\n<td><strong>2% \/ 5%<\/strong><\/td>\n<td>Dve mo\u010di za prilagoditev najpogostej\u0161im \u017eeljam odraslih v Sloveniji (razpolo\u017eljivost se lahko razlikuje).<\/td>\n<\/tr>\n<tr>\n<td>Vrsta Tuljave<\/td>\n<td><strong>Mre\u017easta tuljava<\/strong><\/td>\n<td>Enakomerno segrevanje podpira stabilnej\u0161i izpust pare in dosledni okus skozi \u010das.<\/td>\n<\/tr>\n<tr>\n<td>Indikator<\/td>\n<td><strong>Indikator soka in mo\u010di<\/strong><\/td>\n<td>Jasno prikazuje stanje baterije in e-soka, kar zmanj\u0161uje ugibanje med uporabo.<\/td>\n<\/tr>\n<tr>\n<td>Polnjenje<\/td>\n<td><strong>Polnilna baterija Type-C<\/strong><\/td>\n<td>Udobno polnjenje za podporo visoki kapaciteti dimov.<\/td>\n<\/tr>\n<tr>\n<td>\u0160tevilo okusov<\/td>\n<td><strong>Na voljo 10 okusov<\/strong><\/td>\n<td>Izbor profilov za \u0161iroko prodajo v Evropi.<\/td>\n<\/tr>\n<tr>\n<td>Te\u017ea<\/td>\n<td><strong>95 g<\/strong><\/td>\n<td>Kompakten in lahek, primeren za vsakodnevno no\u0161enje in razstavno prodajo.<\/td>\n<\/tr>\n<\/tbody>\n<\/table>\n<h2 class=\"product-title\"><strong>Uwin Digital Box 68K seznam okusov za pljuvanje<\/strong><\/h2>\n<p>1. Borovnica Malina<br \/>\n2. Jagodna lubenica<br \/>\n3. Lubenica led<br \/>\n4. Vi\u0161nja led<br \/>\n5. Kivi, pasijonka, guava<br \/>\n6. Poletni breskev led<br \/>\n7. Jagoda, kivi<br \/>\n8. Me\u0161ana jagodi\u010dja<br \/>\n9. Gospod modri<br \/>\n10. Red Bull<\/p>\n<p>&nbsp;<\/p>\n<div class=\"flex-shrink-0 flex flex-col relative items-end\">\n<div class=\"pt-0\">\n<div class=\"gizmo-bot-avatar flex h-8 w-8 items-center justify-center overflow-hidden rounded-full\">\n<div class=\"relative p-1 rounded-sm flex items-center justify-center bg-token-main-surface-primary text-token-text-primary h-8 w-8\">\n<h2 data-start=\"1200\" data-end=\"1487\">Vapes Tornado \u2013 Va\u0161 veleprodajni spletni vapor shop za priljubljene vape<\/h2>\n<p data-start=\"72\" data-end=\"396\"><strong data-start=\"72\" data-end=\"89\">Vape Tornado<\/strong> je osredoto\u010den na veleprodajo v Evropi, ki dobavlja skrbno izbran nabor <strong data-start=\"178\" data-end=\"195\">priljubljenih vape-ov<\/strong> za profesionalne kupce. Sodelujemo z trgovci na drobno, distributerji in spletnimi trgovinami po vsej EU, ki potrebujejo stabilno oskrbo, jasne informacije o izdelkih in blagovne znamke, ki jih stranke \u017ee prepoznavajo in jim zaupajo.<\/p>\n<p data-start=\"398\" data-end=\"687\">Sodelujemo z zaupanja vrednimi imeni, kot so <strong data-start=\"307\" data-end=\"362\"><a href=\"https:\/\/vapestornado.com\/sl\/product\/randm-12000-puffs-fumot-digital-disposable-vape-wholesale-price\/\">Fumot VAPE<\/a>, <a href=\"https:\/\/vapestornado.com\/sl\/product\/original-wga-ultra-35k-35000-puff-rechargeable-crystal-disposable-nicotine-vape-best-discount-price\/\">WGA VAPE<\/a>, <\/strong><strong data-start=\"307\" data-end=\"362\"><a href=\"https:\/\/vapestornado.com\/sl\/product\/vozol-gear-shisha-25k-25000-puffs-best-dtl-disposable-vape-hookah-cheap-price\/\">VOZIL BAR VAPE<\/a>,<\/strong><strong data-start=\"247\" data-end=\"352\">\u00a0Elf Bar Vape, WASPE Vape, <a href=\"https:\/\/vapestornado.com\/sl\/product\/uzy-150k-puffs-6-in-1-flavor-switch-disposable-vape-pen-wholesale\/\">UZY Vape<\/a>, Bang Vape, Razz Bar Vape, in Stag Bar Vape<\/strong>, izbrani zaradi dosledne kakovosti in velikega povpra\u0161evanja na evropskem trgu.<\/p>\n<h4 data-start=\"1080\" data-end=\"1120\">Zgrajeni za evropske veleprodajne kupce<\/h4>\n<p data-start=\"1121\" data-end=\"1189\">Vapes Tornado je zasnovan glede na resni\u010dne potrebe evropskih veleprodajnih trgovcev:<\/p>\n<ul data-start=\"1190\" data-end=\"1400\">\n<li data-start=\"1190\" data-end=\"1239\">\n<p data-start=\"1192\" data-end=\"1239\">Konkuren\u010dne veleprodajne cene za velike naro\u010dila<\/p>\n<\/li>\n<li data-start=\"1240\" data-end=\"1289\">\n<p data-start=\"1242\" data-end=\"1289\">Jasni opisi izdelkov in specifikacije<\/p>\n<\/li>\n<li data-start=\"1290\" data-end=\"1330\">\n<p data-start=\"1292\" data-end=\"1330\">Hitra, zanesljiva logistika usmerjena v EU<\/p>\n<\/li>\n<li data-start=\"1331\" data-end=\"1400\">\n<p data-start=\"1333\" data-end=\"1400\">Katalog osredoto\u010den na <strong data-start=\"1356\" data-end=\"1373\">priljubljenih vape-ov<\/strong>, ne na preve\u010d nasi\u010dene SKU-je<\/p>\n<\/li>\n<\/ul>\n<h2 data-start=\"2064\" data-end=\"2115\">Pogosta vpra\u0161anja o Uwin Digital Box 68K enkratni vape<\/h2>\n<p data-start=\"3885\" data-end=\"4036\"><strong data-start=\"3885\" data-end=\"3934\">1) Je 68.000 potegov zagotovljenih za vsakega uporabnika?<\/strong><br data-start=\"3934\" data-end=\"3937\" \/>Ne. \u0160tevilo potegov je odvisno od dol\u017eine potega, pogostosti in navad uporabe; 68K je maksimalni na\u010drtovani cilj.<\/p>\n<p data-start=\"4038\" data-end=\"4187\"><strong data-start=\"4038\" data-end=\"4088\">2) Kaj prikazuje indikator soka in mo\u010di?<\/strong><br data-start=\"4088\" data-end=\"4091\" \/>Prikazuje preostalo stanje baterije in e-soka, tako da uporabniki vedo, ali naj se napolnijo ali nadaljujejo.<\/p>\n<p data-start=\"4189\" data-end=\"4347\"><strong data-start=\"4189\" data-end=\"4244\">3) Zakaj je pomembno polnjenje s Type-C na tem napravi?<\/strong><br data-start=\"4244\" data-end=\"4247\" \/>Omogo\u010da polnjenje, ki ustreza veliki kapaciteti dimov, s \u010dimer prepre\u010duje zgodnje odmetavanje zaradi nizke baterije.<\/p>\n<p data-start=\"4349\" data-end=\"4477\"><strong data-start=\"4349\" data-end=\"4395\">4) Katere nikotinske jakosti so na voljo?<\/strong><br data-start=\"4395\" data-end=\"4398\" \/>Na\u0161tete mo\u017enosti so <strong data-start=\"4421\" data-end=\"4434\">2% in 5%<\/strong>, odvisno od razpolo\u017eljivosti na trgu in seriji.<\/p>\n<p data-start=\"4479\" data-end=\"4676\"><strong data-start=\"4479\" data-end=\"4540\">5) Ali je to primerno za veleprodajno distribucijo v Sloveniji?<\/strong><br data-start=\"4540\" data-end=\"4543\" \/>Da. Nabor funkcij, izbor okusov in jasni indikatorji stanja omogo\u010dajo, da je primerno za <strong data-start=\"4636\" data-end=\"4666\">distributer na debelo za vape<\/strong> kanale.<\/p>\n<\/div>\n<\/div>\n<\/div>\n<\/div>","protected":false},"excerpt":{"rendered":"<p data-start=\"5635\" data-end=\"5802\" data-is-last-node=\"\" data-is-only-node=\"\">The <strong data-start=\"4717\" data-end=\"4741\">Uwin Digital Box 68K<\/strong> (<strong data-start=\"4743\" data-end=\"4769\">Uwin Digital Box 68000<\/strong>) je enkratna vapa z Type-C polnjenjem, namenjena dolgotrajni, predvidljivi uporabi. Z zna\u010dilnostjo <strong data-start=\"4857\" data-end=\"4870\">mre\u017easto tuljavo<\/strong>, <strong data-start=\"4872\" data-end=\"4899\">indikatorjem teko\u010dine in mo\u010di<\/strong>in <strong data-start=\"4905\" data-end=\"4928\">10 priljubljenih okusov<\/strong>, zagotavlja dosledno delovanje v <strong data-start=\"4968\" data-end=\"4989\">2% ali 5% nikotina<\/strong> izborih\u2014idealna izbira za <strong data-start=\"5018\" data-end=\"5049\">distributerje na debelo za vape<\/strong> ki i\u0161\u010dejo zanesljiv izdelek po <strong data-start=\"5082\" data-end=\"5100\">popustni ceni<\/strong>.<\/p>\n<p><strong>Dodajte Amyin WhatsApp, da dobite pravi odgovor in ceno s popustom!<\/strong><\/p>\n<p><img decoding=\"async\" class=\"size-full wp-image-2932\" src=\"https:\/\/vapestornado.com\/wp-content\/uploads\/2024\/12\/Vape-Wholesale.jpg\" alt=\"Vape Veleprodaja\" width=\"229\" height=\"300\" \/><\/p>\n<h3><a href=\"https:\/\/wa.me\/8617776015835\"><span style=\"color: #ff0000;\"><strong>WhatsApp: +386 17776015835<\/strong><\/span><\/a><\/h3>","protected":false},"featured_media":4728,"comment_status":"open","ping_status":"closed","template":"","meta":{"_acf_changed":false,"_uag_custom_page_level_css":"","_lmt_disableupdate":"no","_lmt_disable":"","_monsterinsights_skip_tracking":false,"_monsterinsights_sitenote_active":false,"_monsterinsights_sitenote_note":"","_monsterinsights_sitenote_category":0,"site-sidebar-layout":"default","site-content-layout":"","ast-site-content-layout":"default","site-content-style":"default","site-sidebar-style":"default","ast-global-header-display":"","ast-banner-title-visibility":"","ast-main-header-display":"","ast-hfb-above-header-display":"","ast-hfb-below-header-display":"","ast-hfb-mobile-header-display":"","site-post-title":"","ast-breadcrumbs-content":"","ast-featured-img":"","footer-sml-layout":"","ast-disable-related-posts":"","theme-transparent-header-meta":"default","adv-header-id-meta":"","stick-header-meta":"","header-above-stick-meta":"","header-main-stick-meta":"","header-below-stick-meta":"","astra-migrate-meta-layouts":"set","ast-page-background-enabled":"default","ast-page-background-meta":{"desktop":{"background-color":"","background-image":"","background-repeat":"repeat","background-position":"center center","background-size":"auto","background-attachment":"scroll","background-type":"","background-media":"","overlay-type":"","overlay-color":"","overlay-opacity":"","overlay-gradient":""},"tablet":{"background-color":"","background-image":"","background-repeat":"repeat","background-position":"center center","background-size":"auto","background-attachment":"scroll","background-type":"","background-media":"","overlay-type":"","overlay-color":"","overlay-opacity":"","overlay-gradient":""},"mobile":{"background-color":"","background-image":"","background-repeat":"repeat","background-position":"center center","background-size":"auto","background-attachment":"scroll","background-type":"","background-media":"","overlay-type":"","overlay-color":"","overlay-opacity":"","overlay-gradient":""}},"ast-content-background-meta":{"desktop":{"background-color":"var(--ast-global-color-5)","background-image":"","background-repeat":"repeat","background-position":"center center","background-size":"auto","background-attachment":"scroll","background-type":"","background-media":"","overlay-type":"","overlay-color":"","overlay-opacity":"","overlay-gradient":""},"tablet":{"background-color":"var(--ast-global-color-5)","background-image":"","background-repeat":"repeat","background-position":"center center","background-size":"auto","background-attachment":"scroll","background-type":"","background-media":"","overlay-type":"","overlay-color":"","overlay-opacity":"","overlay-gradient":""},"mobile":{"background-color":"var(--ast-global-color-5)","background-image":"","background-repeat":"repeat","background-position":"center center","background-size":"auto","background-attachment":"scroll","background-type":"","background-media":"","overlay-type":"","overlay-color":"","overlay-opacity":"","overlay-gradient":""}},"_joinchat":[]},"product_brand":[],"product_cat":[343,140,150,152,153,156,142,146,233],"product_tag":[387,287,511,510,393,513,512],"class_list":{"0":"post-4732","1":"product","2":"type-product","3":"status-publish","4":"has-post-thumbnail","6":"product_cat-60000-puff","7":"product_cat-big-puffs-disposable-vapes","8":"product_cat-buy-disposable-vapes-in-belgium","9":"product_cat-buy-disposable-vapes-in-cermany","10":"product_cat-buy-disposable-vapes-in-italy","11":"product_cat-buy-disposable-vapes-in-poland","12":"product_cat-digital-box-disposable-vapes","13":"product_cat-rechargeable-disposable-vapes","14":"product_cat-uwin-vape","15":"product_tag-cigarette-vapor","16":"product_tag-disposable-vape-pen","17":"product_tag-uwin-digital-box-68000","18":"product_tag-uwin-digital-box-68k","19":"product_tag-vape-cartridge","20":"product_tag-vape-discount-price","21":"product_tag-vape-wholesale-distributor","22":"desktop-align-left","23":"tablet-align-left","24":"mobile-align-left","26":"first","27":"instock","28":"sale","29":"shipping-taxable","30":"purchasable","31":"product-type-simple"},"acf":[],"uagb_featured_image_src":{"full":["https:\/\/vapestornado.com\/wp-content\/uploads\/2025\/12\/Uwin-Digital-Box-68000-Puff-Disposable-Vape-With-Screen.webp",800,800,false],"thumbnail":["https:\/\/vapestornado.com\/wp-content\/uploads\/2025\/12\/Uwin-Digital-Box-68000-Puff-Disposable-Vape-With-Screen-150x150.webp",150,150,true],"medium":["https:\/\/vapestornado.com\/wp-content\/uploads\/2025\/12\/Uwin-Digital-Box-68000-Puff-Disposable-Vape-With-Screen-300x300.webp",300,300,true],"medium_large":["https:\/\/vapestornado.com\/wp-content\/uploads\/2025\/12\/Uwin-Digital-Box-68000-Puff-Disposable-Vape-With-Screen-768x768.webp",768,768,true],"large":["https:\/\/vapestornado.com\/wp-content\/uploads\/2025\/12\/Uwin-Digital-Box-68000-Puff-Disposable-Vape-With-Screen.webp",800,800,false],"1536x1536":["https:\/\/vapestornado.com\/wp-content\/uploads\/2025\/12\/Uwin-Digital-Box-68000-Puff-Disposable-Vape-With-Screen.webp",800,800,false],"2048x2048":["https:\/\/vapestornado.com\/wp-content\/uploads\/2025\/12\/Uwin-Digital-Box-68000-Puff-Disposable-Vape-With-Screen.webp",800,800,false],"trp-custom-language-flag":["https:\/\/vapestornado.com\/wp-content\/uploads\/2025\/12\/Uwin-Digital-Box-68000-Puff-Disposable-Vape-With-Screen-12x12.webp",12,12,true],"woocommerce_thumbnail":["https:\/\/vapestornado.com\/wp-content\/uploads\/2025\/12\/Uwin-Digital-Box-68000-Puff-Disposable-Vape-With-Screen-300x300.webp",300,300,true],"woocommerce_single":["https:\/\/vapestornado.com\/wp-content\/uploads\/2025\/12\/Uwin-Digital-Box-68000-Puff-Disposable-Vape-With-Screen-600x600.webp",600,600,true],"woocommerce_gallery_thumbnail":["https:\/\/vapestornado.com\/wp-content\/uploads\/2025\/12\/Uwin-Digital-Box-68000-Puff-Disposable-Vape-With-Screen-100x100.webp",100,100,true]},"uagb_author_info":{"display_name":"ESAMY","author_link":"https:\/\/vapestornado.com\/sl\/author\/"},"uagb_comment_info":0,"uagb_excerpt":"The Uwin Digital Box 68K (Uwin Digital Box 68000) is a Type-C rechargeable disposable vape built for long, predictable use. Featuring a mesh coil, juice &amp; power indicator, and 10 popular flavours, it delivers consistent performance in 2% or 5% nicotine options\u2014an ideal choice for vape wholesale distributors seeking a reliable product at a discount&hellip;","_links":{"self":[{"href":"https:\/\/vapestornado.com\/sl\/wp-json\/wp\/v2\/product\/4732","targetHints":{"allow":["GET"]}}],"collection":[{"href":"https:\/\/vapestornado.com\/sl\/wp-json\/wp\/v2\/product"}],"about":[{"href":"https:\/\/vapestornado.com\/sl\/wp-json\/wp\/v2\/types\/product"}],"replies":[{"embeddable":true,"href":"https:\/\/vapestornado.com\/sl\/wp-json\/wp\/v2\/comments?post=4732"}],"wp:featuredmedia":[{"embeddable":true,"href":"https:\/\/vapestornado.com\/sl\/wp-json\/wp\/v2\/media\/4728"}],"wp:attachment":[{"href":"https:\/\/vapestornado.com\/sl\/wp-json\/wp\/v2\/media?parent=4732"}],"wp:term":[{"taxonomy":"product_brand","embeddable":true,"href":"https:\/\/vapestornado.com\/sl\/wp-json\/wp\/v2\/product_brand?post=4732"},{"taxonomy":"product_cat","embeddable":true,"href":"https:\/\/vapestornado.com\/sl\/wp-json\/wp\/v2\/product_cat?post=4732"},{"taxonomy":"product_tag","embeddable":true,"href":"https:\/\/vapestornado.com\/sl\/wp-json\/wp\/v2\/product_tag?post=4732"}],"curies":[{"name":"wp","href":"https:\/\/api.w.org\/{rel}","templated":true}]}}