{"id":4731,"date":"2025-12-26T02:21:15","date_gmt":"2025-12-26T02:21:15","guid":{"rendered":"https:\/\/vapestornado.com\/?post_type=product&#038;p=4731"},"modified":"2025-12-26T02:37:50","modified_gmt":"2025-12-26T02:37:50","slug":"okso-50000-puff-50k-switch-kit-disposable-vape-boost-mode-airflow-adjustable-low-price","status":"publish","type":"product","link":"https:\/\/vapestornado.com\/sl\/product\/okso-50000-puff-50k-switch-kit-disposable-vape-boost-mode-airflow-adjustable-low-price\/","title":{"rendered":"OKSO 50000 vdihov 50K stikalo komplet enkratna vape v na\u010dinu Boost, nastavitev pretoka zraka, nizka cena"},"content":{"rendered":"<h2 data-pm-slice=\"1 1 []\">OKSO 50K Puff Switch Kit: Dva profila mo\u010di, ena \u010dista nastavitev<\/h2>\n<p data-start=\"66\" data-end=\"524\">The <strong data-start=\"70\" data-end=\"87\">OKSO 50K Vdih<\/strong> (prav tako navedeno kot <strong data-start=\"104\" data-end=\"124\">OKSO 50000 Vdihov<\/strong>) je komplet za stikalo za enkratno uporabo, zasnovan za odrasle, ki \u017eelijo nadzor brez no\u0161enja dodatnih naprav. Zdru\u017euje na\u010din za dolgo uporabo za vsakdanjo uporabo z mo\u010dnej\u0161im <strong data-start=\"285\" data-end=\"299\">Boost Na\u010din<\/strong> za trenutke, ko \u017eelite ve\u010d udarca. Dodajte <strong data-start=\"342\" data-end=\"369\">Vape z nastavljivim zra\u010dnim tokom<\/strong> nastavitev in dvojno mre\u017eno tuljavo strukturo, in dobite <strong data-start=\"423\" data-end=\"435\">vdihih 50k<\/strong> napravo, ki se zdi namenoma zasnovana, namesto generi\u010dna\u2014\u0161e posebej na <strong data-start=\"501\" data-end=\"514\">nizke cene<\/strong> poziciji.<\/p>\n<h3 data-start=\"531\" data-end=\"590\">Na\u010din pove\u010danja, ki udari bolj mo\u010dno, in obi\u010dajen na\u010din, ki traja dlje<\/h3>\n<p data-start=\"592\" data-end=\"652\">Ta komplet za stikalo je zasnovan okoli dveh resni\u010dnih primerov uporabe:<\/p>\n<ul data-start=\"654\" data-end=\"916\">\n<li data-start=\"654\" data-end=\"774\">\n<p data-start=\"656\" data-end=\"774\"><strong data-start=\"656\" data-end=\"689\">Obi\u010dajen na\u010din: do 50.000 vdihov<\/strong><br data-start=\"689\" data-end=\"692\" \/>Stabilen profil, namenjen dalj\u0161emu \u010dasu delovanja in bolj doslednemu ob\u010dutku \u010dez dan.<\/p>\n<\/li>\n<li data-start=\"776\" data-end=\"916\">\n<p data-start=\"778\" data-end=\"916\"><strong data-start=\"778\" data-end=\"812\">Na\u010din pove\u010danja: do 30.000 vdihov<\/strong><br data-start=\"812\" data-end=\"815\" \/>Mo\u010dnej\u0161i, bolj intenziven profil, ki obi\u010dajno porabi hitreje, vendar ponuja mo\u010dnej\u0161o sejo.<\/p>\n<\/li>\n<\/ul>\n<p data-start=\"918\" data-end=\"1056\">To je namen <strong data-start=\"938\" data-end=\"952\">Boost Na\u010din<\/strong> tukaj: lahko preklapljate glede na kontekst\u2014delovni dan proti vikendu, la\u017eje proti mo\u010dnej\u0161emu\u2014brez menjave naprav.<\/p>\n<h3>Nastavljiv pretok zraka: tesen poteg ali odprt pretok, va\u0161a odlo\u010ditev<\/h3>\n<p data-start=\"1122\" data-end=\"1212\"><strong data-start=\"1122\" data-end=\"1149\">Vape z nastavljivim zra\u010dnim tokom<\/strong> nadzor spremeni, kako naprava vle\u010de in kako se po\u010duti para:<\/p>\n<ul data-start=\"1214\" data-end=\"1371\">\n<li data-start=\"1214\" data-end=\"1280\">\n<p data-start=\"1216\" data-end=\"1280\"><strong data-start=\"1216\" data-end=\"1235\">Tesnej\u0161i pretok zraka<\/strong> lahko ob\u010dutite bolj koncentrirano in nadzorovano.<\/p>\n<\/li>\n<li data-start=\"1281\" data-end=\"1371\">\n<p data-start=\"1283\" data-end=\"1371\"><strong data-start=\"1283\" data-end=\"1304\">Bolj odprt pretok zraka<\/strong> lahko se po\u010duti bolj gladko in bolj svobodno teko\u010de, pogosto z ve\u010djim paro.<\/p>\n<\/li>\n<\/ul>\n<p data-start=\"1373\" data-end=\"1545\">Za odrasle uporabnike je pretok zraka ena izmed redkih funkcij, ki jih boste dejansko opazili vsak dan. Pretvori enostavno za uporabo enega za vse razpolo\u017eljivega izdelka v nekaj, kar lahko nastavite po svoji \u017eelji.<\/p>\n<h3 data-start=\"1552\" data-end=\"1610\">Dvojna mre\u017easta \u017eica 1,0+1,0\u03a9: Doslednost je prava razko\u0161je<\/h3>\n<p data-start=\"1612\" data-end=\"1797\">OKSO 50K uporablja <strong data-start=\"1632\" data-end=\"1662\">Dvojni mre\u017eni tuljava: 1,0 + 1,0\u03a9<\/strong> (pletenica \u017eica \u00d72). Ta nastavitev je zasnovana za enakomerno segrevanje in stabilen izhod, kar je pomembno, ko uporabljate eno napravo dlje \u010dasa.<\/p>\n<p data-start=\"1799\" data-end=\"1833\">V praksi je namenjeno:<\/p>\n<ul data-start=\"1834\" data-end=\"2016\">\n<li data-start=\"1834\" data-end=\"1891\">\n<p data-start=\"1836\" data-end=\"1891\">Ohranite bolj\u0161o dostavo okusa skozi dalj\u0161e seje<\/p>\n<\/li>\n<li data-start=\"1892\" data-end=\"1951\">\n<p data-start=\"1894\" data-end=\"1951\">zmanj\u0161ajte te\u017eavo \"dobro prvi dan, ravno tretji dan\"<\/p>\n<\/li>\n<li data-start=\"1952\" data-end=\"2016\">\n<p data-start=\"1954\" data-end=\"2016\">zagotoviti zanesljivo izpust pare v obeh profilih Norm in Boost<\/p>\n<\/li>\n<\/ul>\n<h3 data-start=\"2023\" data-end=\"2077\">Baterija + zaslon: Zgrajeno za upravljanje, ne za ugibanje<\/h3>\n<p data-start=\"2079\" data-end=\"2425\">Naprav vklju\u010duje <strong data-start=\"2101\" data-end=\"2121\">1000mAh + 200mAh<\/strong> konfiguracija baterije in an <strong data-start=\"2151\" data-end=\"2166\">LED zaslon<\/strong>Prednost ni le kapaciteta \u2013 temve\u010d tudi zanesljivost. Zaslon vam omogo\u010da hiter pregled stanja, tako da ne ugibate, zakaj se zmogljivost spreminja. Za dolgoro\u010dno uporabo <strong data-start=\"2331\" data-end=\"2351\">OKSO 50000 Vdihov<\/strong> naprava, to je prakti\u010dna funkcija, \u0161e posebej \u010de pogosto preklapljate na\u010dine.<\/p>\n<h3 data-start=\"2432\" data-end=\"2485\">Magnetna privla\u010dnost: Kompleti stikalo, ki se po\u010duti trdno<\/h3>\n<p data-start=\"2487\" data-end=\"2765\">The <strong data-start=\"2491\" data-end=\"2514\">magnetna privla\u010dnost<\/strong> Oblikovanje izbolj\u0161uje vsakodnevno rokovanje\u2014manj nastavitev, bolj\u0161i prilegaj in ob\u010dutek ve\u010dje varnosti pri redni uporabi. Gre za majhen detajl, vendar naredi izku\u0161njo z Switch Kit bolj prefinjeno kot obi\u010dajne enkratne naprave v isti cenovni razred.<\/p>\n<p><strong><span style=\"color: #ff0000;\">Dodajte Amy na WhatsApp in prejmite takoj\u0161en odgovor ter kupon za vape!<\/span><\/strong><\/p>\n<p><img fetchpriority=\"high\" decoding=\"async\" class=\"size-full wp-image-2932\" src=\"https:\/\/vapestornado.com\/wp-content\/uploads\/2024\/12\/Vape-Wholesale.jpg\" alt=\"Vape Veleprodaja\" width=\"229\" height=\"300\" \/><\/p>\n<h3><a href=\"https:\/\/wa.me\/8617776015835\" target=\"_blank\" rel=\"noopener\"><span style=\"color: #ff0000;\"><strong>WhatsApp: +386 17776015835<\/strong><\/span><\/a><\/h3>\n<p>&nbsp;<\/p>\n<h2><strong>OKSO 50000 Puff 50K Preklopni komplet Lastnosti izdelka<\/strong><\/h2>\n<table>\n<thead>\n<tr>\n<th>Zna\u010dilnosti<\/th>\n<th align=\"right\">Specifikacija<\/th>\n<th>Kaj to pomeni v resni\u010dni uporabi<\/th>\n<\/tr>\n<\/thead>\n<tbody>\n<tr>\n<td>Na\u010din (Norma)<\/td>\n<td align=\"right\">Do 50.000 vdihov<\/td>\n<td>Dalj\u0161i profil delovanja za stalno dnevno vapovanje (dejanski vdihi se razlikujejo glede na dol\u017eino vle\u010denja).<\/td>\n<\/tr>\n<tr>\n<td>Na\u010din (Boost)<\/td>\n<td align=\"right\">Do 30.000 potiskov<\/td>\n<td>Mo\u010dnej\u0161i profil izhoda; vi\u0161ja intenzivnost obi\u010dajno zmanj\u0161a skupno \u0161tevilo vdihov.<\/td>\n<\/tr>\n<tr>\n<td>Sistem tuljave<\/td>\n<td align=\"right\">Dvojni mre\u017eni tuljavnik 1.0 + 1.0\u03a9 (Mre\u017eni tuljavnik \u00d72)<\/td>\n<td>Enakomerno segrevanje podpira dosleden okus in paro v obeh na\u010dinih.<\/td>\n<\/tr>\n<tr>\n<td>E-teko\u010dina<\/td>\n<td align=\"right\">20 ml<\/td>\n<td>Velik kapacitet za dalj\u0161o uporabo brez pogostega menjavanja.<\/td>\n<\/tr>\n<tr>\n<td>Baterija<\/td>\n<td align=\"right\">1000mAh + 200mAh<\/td>\n<td>Zgrajen za podporo dolgim seansam in preklapljanju na\u010dinov z manj padci mo\u010di.<\/td>\n<\/tr>\n<tr>\n<td>Zaslon<\/td>\n<td align=\"right\">LED zaslon<\/td>\n<td>Prikazuje vidno stanje naprave za la\u017eje dnevno upravljanje.<\/td>\n<\/tr>\n<tr>\n<td>Zra\u010dni tok<\/td>\n<td align=\"right\">Nastavljiv pretok zraka<\/td>\n<td>Dovoljuje prilagajanje ob\u010dutka vle\u010denja od tesnej\u0161ega do bolj odprtega.<\/td>\n<\/tr>\n<tr>\n<td>Struktura<\/td>\n<td align=\"right\">Magnetna privla\u010dnost<\/td>\n<td>Izbolj\u0161uje rokovanje in prileganje, zmanj\u0161uje te\u017eave pri vsakodnevni uporabi.<\/td>\n<\/tr>\n<tr>\n<td>Velikost<\/td>\n<td align=\"right\">65 \u00d7 35 \u00d7 110mm<\/td>\n<td>Uravnote\u017eena velikost za kapaciteto in prenosljivost.<\/td>\n<\/tr>\n<tr>\n<td>Te\u017ea<\/td>\n<td align=\"right\">129g<\/td>\n<td>Trden ob\u010dutek v roki, zna\u010dilen za naprave z visoko kapaciteto.<\/td>\n<\/tr>\n<tr>\n<td>Mo\u017enosti nikotina<\/td>\n<td align=\"right\">0% \/ 2% \/ 3% \/ 5%<\/td>\n<td>Pokrije mo\u017enosti od brez nikotina do mo\u010dnej\u0161ih, odvisno od potreb trga.<\/td>\n<\/tr>\n<\/tbody>\n<\/table>\n<h2 class=\"product-title\"><strong>OKSO 50000 vdihov 50K preklopni komplet seznam okusov<\/strong><\/h2>\n<h2 data-start=\"3958\" data-end=\"4012\"><\/h2>\n<ol data-start=\"4014\" data-end=\"4238\">\n<li data-start=\"4014\" data-end=\"4028\">\n<p data-start=\"4017\" data-end=\"4028\">Ledena breskev<\/p>\n<\/li>\n<li data-start=\"4029\" data-end=\"4046\">\n<p data-start=\"4032\" data-end=\"4046\">Meksi\u0161ki mango<\/p>\n<\/li>\n<li data-start=\"4047\" data-end=\"4073\">\n<p data-start=\"4050\" data-end=\"4073\">Jagoda Lubenica<\/p>\n<\/li>\n<li data-start=\"4074\" data-end=\"4088\">\n<p data-start=\"4077\" data-end=\"4088\">Modra malina<\/p>\n<\/li>\n<li data-start=\"4089\" data-end=\"4104\">\n<p data-start=\"4092\" data-end=\"4104\">Gumijasti medvedek<\/p>\n<\/li>\n<li data-start=\"4105\" data-end=\"4120\">\n<p data-start=\"4108\" data-end=\"4120\">Kislo jabolko<\/p>\n<\/li>\n<li data-start=\"4121\" data-end=\"4136\">\n<p data-start=\"4124\" data-end=\"4136\">Miamijeva Meta<\/p>\n<\/li>\n<li data-start=\"4137\" data-end=\"4151\">\n<p data-start=\"4140\" data-end=\"4151\">Grozdni led<\/p>\n<\/li>\n<li data-start=\"4152\" data-end=\"4165\">\n<p data-start=\"4155\" data-end=\"4165\">Bujni Led<\/p>\n<\/li>\n<li data-start=\"4166\" data-end=\"4195\">\n<p data-start=\"4170\" data-end=\"4195\">Kivi Zmaj Jagoda Sadje<\/p>\n<\/li>\n<li data-start=\"4196\" data-end=\"4217\">\n<p data-start=\"4200\" data-end=\"4217\">Jagoda kivi<\/p>\n<\/li>\n<li data-start=\"4218\" data-end=\"4238\">\n<p data-start=\"4222\" data-end=\"4238\">Jagoda Led<\/p>\n<\/li>\n<\/ol>\n<figure id=\"attachment_4721\" aria-describedby=\"caption-attachment-4721\" style=\"width: 300px\" class=\"wp-caption alignnone\"><img decoding=\"async\" class=\"size-medium wp-image-4721\" src=\"https:\/\/vapestornado.com\/wp-content\/uploads\/2025\/12\/Okso-50K-50000-Puffs-Disposable-Vape-Popular-Flavor-300x300.webp\" alt=\"Okso 50K 50000 Vdihov Enkratna Vapa Popularen Okus\" width=\"300\" height=\"300\" srcset=\"https:\/\/vapestornado.com\/wp-content\/uploads\/2025\/12\/Okso-50K-50000-Puffs-Disposable-Vape-Popular-Flavor-300x300.webp 300w, https:\/\/vapestornado.com\/wp-content\/uploads\/2025\/12\/Okso-50K-50000-Puffs-Disposable-Vape-Popular-Flavor-150x150.webp 150w, https:\/\/vapestornado.com\/wp-content\/uploads\/2025\/12\/Okso-50K-50000-Puffs-Disposable-Vape-Popular-Flavor-768x768.webp 768w, https:\/\/vapestornado.com\/wp-content\/uploads\/2025\/12\/Okso-50K-50000-Puffs-Disposable-Vape-Popular-Flavor-12x12.webp 12w, https:\/\/vapestornado.com\/wp-content\/uploads\/2025\/12\/Okso-50K-50000-Puffs-Disposable-Vape-Popular-Flavor-600x600.webp 600w, https:\/\/vapestornado.com\/wp-content\/uploads\/2025\/12\/Okso-50K-50000-Puffs-Disposable-Vape-Popular-Flavor-100x100.webp 100w, https:\/\/vapestornado.com\/wp-content\/uploads\/2025\/12\/Okso-50K-50000-Puffs-Disposable-Vape-Popular-Flavor.webp 800w\" sizes=\"(max-width: 300px) 100vw, 300px\" \/><figcaption id=\"caption-attachment-4721\" class=\"wp-caption-text\">Okso 50K 50000 Vdihov Enkratna Vapa Popularen Okus<\/figcaption><\/figure>\n<div class=\"flex-shrink-0 flex flex-col relative items-end\">\n<div class=\"pt-0\">\n<div class=\"gizmo-bot-avatar flex h-8 w-8 items-center justify-center overflow-hidden rounded-full\">\n<div class=\"relative p-1 rounded-sm flex items-center justify-center bg-token-main-surface-primary text-token-text-primary h-8 w-8\">\n<h2 data-start=\"1200\" data-end=\"1487\">Vapes Tornado \u2013 Va\u0161a veleprodajna spletna trgovina za vrhunske blagovne znamke vape<\/h2>\n<p data-start=\"1200\" data-end=\"1487\"><strong data-start=\"141\" data-end=\"177\">Spletna trgovina Vapes Tornado<\/strong> je va\u0161 zaupanja vreden vir za <strong data-start=\"205\" data-end=\"270\">premium enkratne vape in veleprodajne e-cigarette v Sloveniji<\/strong>. Ponosno predstavljamo najbolj prodajane blagovne znamke, kot so <strong data-start=\"307\" data-end=\"362\"><a href=\"https:\/\/vapestornado.com\/sl\/product\/randm-12000-puffs-fumot-digital-disposable-vape-wholesale-price\/\">Fumot VAPE<\/a>, <a href=\"https:\/\/vapestornado.com\/sl\/product\/original-wga-ultra-35k-35000-puff-rechargeable-crystal-disposable-nicotine-vape-best-discount-price\/\">WGA VAPE<\/a>, <\/strong><strong data-start=\"307\" data-end=\"362\"><a href=\"https:\/\/vapestornado.com\/sl\/product\/vozol-gear-shisha-25k-25000-puffs-best-dtl-disposable-vape-hookah-cheap-price\/\">VOZIL BAR VAPE<\/a>, \u00a0 Bang Vape<\/strong>, in \u0161e ve\u010d, zagotavljamo kakovost in raznolikost za vsakega kupca. Ne glede na to, ali ste posamezni uporabnik ali veleprodajni kupec, dostavljamo <strong data-start=\"481\" data-end=\"550\">visoko zmogljive naprave, elegantne zasnove in konkuren\u010dne cene<\/strong> za va\u0161e potrebe.<\/p>\n<h2 data-start=\"2064\" data-end=\"2115\">Pogosta vpra\u0161anja o OKSO 50000 Vdihov 50K Preklop Enkratna Vapa<\/h2>\n<p data-start=\"4515\" data-end=\"4726\"><strong data-start=\"4515\" data-end=\"4578\">1) Zakaj ta naprava navaja 50.000 vdihov in 30.000 vdihov?<\/strong><br data-start=\"4578\" data-end=\"4581\" \/>Ker ima dve na\u010dini: <strong data-start=\"4607\" data-end=\"4639\">Normalni na\u010din do 50.000 vdihov<\/strong> in <strong data-start=\"4644\" data-end=\"4677\">Pove\u010dani na\u010din do 30.000 vdihov<\/strong>, z razli\u010dnimi intenzivnostmi in porabo.<\/p>\n<p data-start=\"4728\" data-end=\"4886\"><strong data-start=\"4728\" data-end=\"4776\">2) Kaj spremeni nastavitev prilagodljivega zra\u010dnega toka vaporizatorja?<\/strong><br data-start=\"4776\" data-end=\"4779\" \/>Spremeni odpornost pri vdihu in ob\u010dutek pare\u2014tesnej\u0161i za bolj osredoto\u010den poteg, bolj odprt za bolj gladek pretok zraka.<\/p>\n<p data-start=\"4888\" data-end=\"5039\"><strong data-start=\"4888\" data-end=\"4943\">3) Kaj je namen dvojne mre\u017ene tuljave (1.0+1.0\u03a9)?<\/strong><br data-start=\"4943\" data-end=\"4946\" \/>Podpira bolj enakomerno segrevanje, kar pomaga ohranjati okus in izhod pare bolj stabilno skozi dalj\u0161o uporabo.<\/p>\n<p data-start=\"5041\" data-end=\"5217\"><strong data-start=\"5041\" data-end=\"5077\">4) Ali je to polnjen komplet s podom?<\/strong><br data-start=\"5077\" data-end=\"5080\" \/>Predstavljen je kot enkratni komplet Switch s <strong data-start=\"5127\" data-end=\"5135\">20 ml<\/strong> e-tekilo; polnjenje in zamenjava tuljave nista opisani v danih specifikacijah.<\/p>\n<p data-start=\"5219\" data-end=\"5340\"><strong data-start=\"5219\" data-end=\"5265\">5) Katere jakosti nikotina so na voljo?<\/strong><br data-start=\"5265\" data-end=\"5268\" \/>Na voljo so mo\u017enosti 0%, 2%, 3% in 5%, odvisno od razpolo\u017eljivosti na trgu.<\/p>\n<\/div>\n<\/div>\n<\/div>\n<\/div>","protected":false},"excerpt":{"rendered":"<p data-start=\"3411\" data-end=\"3490\">The <strong data-start=\"5381\" data-end=\"5398\">OKSO 50K Vdih<\/strong> (<strong data-start=\"5400\" data-end=\"5420\">OKSO 50000 Vdihov<\/strong>) je enkratna uporaba <strong data-start=\"5438\" data-end=\"5452\">Switch Kit<\/strong> zgrajen za odrasle, ki \u017eelijo izbiro: <strong data-start=\"5487\" data-end=\"5500\">Norm na\u010din<\/strong> za dalj\u0161o \u017eivljenjsko dobo in <strong data-start=\"5524\" data-end=\"5538\">Boost Na\u010din<\/strong> za mo\u010dnej\u0161e seje. Z <strong data-start=\"5567\" data-end=\"5594\">Vape z nastavljivim zra\u010dnim tokom<\/strong> nastavitvijo, <strong data-start=\"5605\" data-end=\"5632\">Dvojni mre\u017eni tuljavec 1.0+1.0\u03a9<\/strong>, <strong data-start=\"5634\" data-end=\"5651\">20 ml e-teko\u010dine<\/strong>, in <strong data-start=\"5660\" data-end=\"5675\">LED zaslon<\/strong>, zagotavlja nadzorovano delovanje po nizki ceni v <strong data-start=\"5734\" data-end=\"5746\">vdihih 50k<\/strong> kategorija<\/p>\n<p><strong>Dodajte Amyin WhatsApp, da dobite pravi odgovor in ceno s popustom!<\/strong><\/p>\n<p><img fetchpriority=\"high\" decoding=\"async\" class=\"size-full wp-image-2932\" src=\"https:\/\/vapestornado.com\/wp-content\/uploads\/2024\/12\/Vape-Wholesale.jpg\" alt=\"Vape Veleprodaja\" width=\"229\" height=\"300\" \/><\/p>\n<h3><a href=\"https:\/\/wa.me\/8617776015835\"><span style=\"color: #ff0000;\"><strong>WhatsApp: +386 17776015835<\/strong><\/span><\/a><\/h3>","protected":false},"featured_media":4718,"comment_status":"open","ping_status":"closed","template":"","meta":{"_acf_changed":false,"_uag_custom_page_level_css":"","_lmt_disableupdate":"no","_lmt_disable":"","_monsterinsights_skip_tracking":false,"_monsterinsights_sitenote_active":false,"_monsterinsights_sitenote_note":"","_monsterinsights_sitenote_category":0,"site-sidebar-layout":"default","site-content-layout":"","ast-site-content-layout":"default","site-content-style":"default","site-sidebar-style":"default","ast-global-header-display":"","ast-banner-title-visibility":"","ast-main-header-display":"","ast-hfb-above-header-display":"","ast-hfb-below-header-display":"","ast-hfb-mobile-header-display":"","site-post-title":"","ast-breadcrumbs-content":"","ast-featured-img":"","footer-sml-layout":"","ast-disable-related-posts":"","theme-transparent-header-meta":"default","adv-header-id-meta":"","stick-header-meta":"","header-above-stick-meta":"","header-main-stick-meta":"","header-below-stick-meta":"","astra-migrate-meta-layouts":"set","ast-page-background-enabled":"default","ast-page-background-meta":{"desktop":{"background-color":"","background-image":"","background-repeat":"repeat","background-position":"center center","background-size":"auto","background-attachment":"scroll","background-type":"","background-media":"","overlay-type":"","overlay-color":"","overlay-opacity":"","overlay-gradient":""},"tablet":{"background-color":"","background-image":"","background-repeat":"repeat","background-position":"center center","background-size":"auto","background-attachment":"scroll","background-type":"","background-media":"","overlay-type":"","overlay-color":"","overlay-opacity":"","overlay-gradient":""},"mobile":{"background-color":"","background-image":"","background-repeat":"repeat","background-position":"center center","background-size":"auto","background-attachment":"scroll","background-type":"","background-media":"","overlay-type":"","overlay-color":"","overlay-opacity":"","overlay-gradient":""}},"ast-content-background-meta":{"desktop":{"background-color":"var(--ast-global-color-5)","background-image":"","background-repeat":"repeat","background-position":"center center","background-size":"auto","background-attachment":"scroll","background-type":"","background-media":"","overlay-type":"","overlay-color":"","overlay-opacity":"","overlay-gradient":""},"tablet":{"background-color":"var(--ast-global-color-5)","background-image":"","background-repeat":"repeat","background-position":"center center","background-size":"auto","background-attachment":"scroll","background-type":"","background-media":"","overlay-type":"","overlay-color":"","overlay-opacity":"","overlay-gradient":""},"mobile":{"background-color":"var(--ast-global-color-5)","background-image":"","background-repeat":"repeat","background-position":"center center","background-size":"auto","background-attachment":"scroll","background-type":"","background-media":"","overlay-type":"","overlay-color":"","overlay-opacity":"","overlay-gradient":""}},"_joinchat":[]},"product_brand":[],"product_cat":[192,153,156,157,158,142,144,146,60],"product_tag":[387,287,503,506,507,508,393,509],"class_list":{"0":"post-4731","1":"product","2":"type-product","3":"status-publish","4":"has-post-thumbnail","6":"product_cat-50000-puff","7":"product_cat-buy-disposable-vapes-in-italy","8":"product_cat-buy-disposable-vapes-in-poland","9":"product_cat-buy-disposable-vapes-in-portugal","10":"product_cat-buy-disposable-vapes-in-spain","11":"product_cat-digital-box-disposable-vapes","12":"product_cat-low-nicotine-disposable-vapes","13":"product_cat-rechargeable-disposable-vapes","14":"product_cat-waspe-fihp-vape","15":"product_tag-cigarette-vapor","16":"product_tag-disposable-vape-pen","17":"product_tag-multi-flavor-disposable-vape","18":"product_tag-okso-50000-puff","19":"product_tag-okso-switch-kit-50k","20":"product_tag-vape-airflow-adjustable","21":"product_tag-vape-cartridge","22":"product_tag-vape-low-price","23":"desktop-align-left","24":"tablet-align-left","25":"mobile-align-left","27":"first","28":"instock","29":"sale","30":"shipping-taxable","31":"purchasable","32":"product-type-simple"},"acf":[],"uagb_featured_image_src":{"full":["https:\/\/vapestornado.com\/wp-content\/uploads\/2025\/12\/Okso-50K-50000-Puffs-Disposable-Vape-Best-Flavor.webp",800,800,false],"thumbnail":["https:\/\/vapestornado.com\/wp-content\/uploads\/2025\/12\/Okso-50K-50000-Puffs-Disposable-Vape-Best-Flavor-150x150.webp",150,150,true],"medium":["https:\/\/vapestornado.com\/wp-content\/uploads\/2025\/12\/Okso-50K-50000-Puffs-Disposable-Vape-Best-Flavor-300x300.webp",300,300,true],"medium_large":["https:\/\/vapestornado.com\/wp-content\/uploads\/2025\/12\/Okso-50K-50000-Puffs-Disposable-Vape-Best-Flavor-768x768.webp",768,768,true],"large":["https:\/\/vapestornado.com\/wp-content\/uploads\/2025\/12\/Okso-50K-50000-Puffs-Disposable-Vape-Best-Flavor.webp",800,800,false],"1536x1536":["https:\/\/vapestornado.com\/wp-content\/uploads\/2025\/12\/Okso-50K-50000-Puffs-Disposable-Vape-Best-Flavor.webp",800,800,false],"2048x2048":["https:\/\/vapestornado.com\/wp-content\/uploads\/2025\/12\/Okso-50K-50000-Puffs-Disposable-Vape-Best-Flavor.webp",800,800,false],"trp-custom-language-flag":["https:\/\/vapestornado.com\/wp-content\/uploads\/2025\/12\/Okso-50K-50000-Puffs-Disposable-Vape-Best-Flavor-12x12.webp",12,12,true],"woocommerce_thumbnail":["https:\/\/vapestornado.com\/wp-content\/uploads\/2025\/12\/Okso-50K-50000-Puffs-Disposable-Vape-Best-Flavor-300x300.webp",300,300,true],"woocommerce_single":["https:\/\/vapestornado.com\/wp-content\/uploads\/2025\/12\/Okso-50K-50000-Puffs-Disposable-Vape-Best-Flavor-600x600.webp",600,600,true],"woocommerce_gallery_thumbnail":["https:\/\/vapestornado.com\/wp-content\/uploads\/2025\/12\/Okso-50K-50000-Puffs-Disposable-Vape-Best-Flavor-100x100.webp",100,100,true]},"uagb_author_info":{"display_name":"ESAMY","author_link":"https:\/\/vapestornado.com\/sl\/author\/"},"uagb_comment_info":0,"uagb_excerpt":"The OKSO 50K Puff (OKSO 50000 Puffs) is a disposable Switch Kit built for adults who want choice: Norm mode for longer runtime and Boost Mode for stronger sessions. With Vape Airflow Adjustable tuning, a Dual Mesh Coil 1.0+1.0\u03a9, 20ml e-liquid, and an LED display, it delivers controlled performance at a low price in the&hellip;","_links":{"self":[{"href":"https:\/\/vapestornado.com\/sl\/wp-json\/wp\/v2\/product\/4731","targetHints":{"allow":["GET"]}}],"collection":[{"href":"https:\/\/vapestornado.com\/sl\/wp-json\/wp\/v2\/product"}],"about":[{"href":"https:\/\/vapestornado.com\/sl\/wp-json\/wp\/v2\/types\/product"}],"replies":[{"embeddable":true,"href":"https:\/\/vapestornado.com\/sl\/wp-json\/wp\/v2\/comments?post=4731"}],"wp:featuredmedia":[{"embeddable":true,"href":"https:\/\/vapestornado.com\/sl\/wp-json\/wp\/v2\/media\/4718"}],"wp:attachment":[{"href":"https:\/\/vapestornado.com\/sl\/wp-json\/wp\/v2\/media?parent=4731"}],"wp:term":[{"taxonomy":"product_brand","embeddable":true,"href":"https:\/\/vapestornado.com\/sl\/wp-json\/wp\/v2\/product_brand?post=4731"},{"taxonomy":"product_cat","embeddable":true,"href":"https:\/\/vapestornado.com\/sl\/wp-json\/wp\/v2\/product_cat?post=4731"},{"taxonomy":"product_tag","embeddable":true,"href":"https:\/\/vapestornado.com\/sl\/wp-json\/wp\/v2\/product_tag?post=4731"}],"curies":[{"name":"wp","href":"https:\/\/api.w.org\/{rel}","templated":true}]}}