{"id":4703,"date":"2025-12-19T06:50:39","date_gmt":"2025-12-19T06:50:39","guid":{"rendered":"https:\/\/vapestornado.com\/?post_type=product&#038;p=4703"},"modified":"2025-12-19T07:56:00","modified_gmt":"2025-12-19T07:56:00","slug":"bang-box-200k-200000-puff-disposable-vape-pen-wholesale-price-8-flavor-adjustable","status":"publish","type":"product","link":"https:\/\/vapestornado.com\/sl\/product\/bang-box-200k-200000-puff-disposable-vape-pen-wholesale-price-8-flavor-adjustable\/","title":{"rendered":"Bang Box 200k 200000 Vdihov Disposable Vape Pero na debelo 8 okusov Nastavljivo"},"content":{"rendered":"<h2 data-pm-slice=\"1 1 []\">Bang Box 200k 200000 Vdihov Disposable Vape Pero na debelo 8 okusov Nastavljivo<\/h2>\n<p data-start=\"88\" data-end=\"695\">The <strong data-start=\"92\" data-end=\"109\">Bang Box 200k<\/strong> (znan tudi kot <strong data-start=\"128\" data-end=\"152\">Bang Box 200000 vdihov<\/strong>) je visokozmogljiv <strong data-start=\"173\" data-end=\"196\">vejp pero za enkratno uporabo<\/strong> narejen za odrasle, ki \u017eelijo eno napravo, ki lahko deluje dlje \u010dasa brez nenehnega cikla zamenjav. Zdru\u017euje zelo veliko ciljno \u0161tevilo vdihov z <strong data-start=\"358\" data-end=\"374\">40 ml e-teko\u010dine<\/strong> rezervoarjem, <strong data-start=\"388\" data-end=\"401\">mre\u017easto tuljavo<\/strong> jedrom za stabilen izhod in <strong data-start=\"433\" data-end=\"443\">850mAh<\/strong> baterijo, zasnovano za ohranjanje uporabnosti naprave med dolgimi sejami. Glavna razlika pa je sistem okusov: namesto nakupa ve\u010d naprav za vrtenje okusov se ta model prodaja okoli <strong data-start=\"642\" data-end=\"665\">8 nastavljivimi okusi<\/strong> mo\u017enosti znotraj ene same enote.<\/p>\n<p data-start=\"697\" data-end=\"1165\">Zaupanje v tej kategoriji izhaja iz tega, ali strojna oprema ustreza obljubi. Zahteva \u00bb200k\u00ab brez dovolj teko\u010dine ali tuljave, zasnovane za dolgotrajno uporabo, hitro deluje kot tr\u017eenje. Tukaj je <strong data-start=\"884\" data-end=\"892\">40ml<\/strong> kapaciteta je resni\u010den temelj, in <strong data-start=\"934\" data-end=\"947\">mre\u017easto tuljavo<\/strong> je prakti\u010dna izbira za enakomerno segrevanje in dosledno dostavo okusa. Velikost baterije je prav tako pomembna: <strong data-start=\"1056\" data-end=\"1066\">850mAh<\/strong> je namenjen za podalj\u0161ano uporabo, tako da izku\u0161nja ne pade zgodaj zaradi mo\u010di.<\/p>\n<p data-start=\"1167\" data-end=\"1741\">Koncept okusa je tudi bolj funkcionalen, kot se sli\u0161i. Z <strong data-start=\"1232\" data-end=\"1255\">8 nastavljivimi okusi<\/strong>, je naprava namenjena ljudem, ki se po enem ali dveh dneh naveli\u010dajo enega profila. Namesto da bi porabili celotno napravo na en okus, uporabniki lahko prehajajo med profili glede na \u010das dneva\u2014nekaj \u010distej\u0161ega, kot je meta, ko \u017eelite, da je hrustljavo, ali sadno\/bonbon blend, ko \u017eelite ve\u010d sladkosti. Za veletrgovce je to la\u017eje prodati, ker zmanj\u0161uje tveganje za<\/p>\n<p data-start=\"1743\" data-end=\"2146\">Z vidika veleprodaje, <strong data-start=\"1777\" data-end=\"1796\">veleprodajni ceni<\/strong> privla\u010dnost ni le glede stro\u0161ka enote. Gre za to, kaj lahko samozavestno obljubite na pultu: dolgo trajanje, mo\u010dno raznolikost okusov in sistem tuljav, ki je zasnovan za ohranjanje stabilnosti zmogljivosti. To naredi Bang Box 200k mo\u010dno mo\u017enost za prodajalce na drobno, ki \u017eelijo izdelek z glavno funkcijo, ki se po\u010duti kot premium med uporabo, hkrati pa je v skladu z nakupom, ki temelji na vrednosti.<\/p>\n<p><strong><span style=\"color: #ff0000;\">Dodajte Amy na WhatsApp in prejmite takoj\u0161en odgovor ter kupon za vape!<\/span><\/strong><\/p>\n<p><img fetchpriority=\"high\" decoding=\"async\" class=\"size-full wp-image-2932\" src=\"https:\/\/vapestornado.com\/wp-content\/uploads\/2024\/12\/Vape-Wholesale.jpg\" alt=\"Vape Veleprodaja\" width=\"229\" height=\"300\" \/><\/p>\n<h3><a href=\"https:\/\/wa.me\/8617776015835\" target=\"_blank\" rel=\"noopener\"><span style=\"color: #ff0000;\"><strong>WhatsApp: +386 17776015835<\/strong><\/span><\/a><\/h3>\n<h2 class=\"product-title\"><strong>Seznam okusov za 200.000 vdihov Bang Box<\/strong><\/h2>\n<ol data-start=\"2433\" data-end=\"3152\">\n<li data-start=\"2433\" data-end=\"2499\">\n<p data-start=\"2436\" data-end=\"2499\">Borovni\u010dev led \/ Borovni\u010dev vodni melona \/ Rde\u010da malina \/ Limona-limeta<\/p>\n<\/li>\n<li data-start=\"2500\" data-end=\"2567\">\n<p data-start=\"2503\" data-end=\"2567\">Vodna melona led \/ Vodni melona \u017eve\u010dilni gumi \/ \u010ce\u0161njev led \/ \u017dve\u010dilni gumi<\/p>\n<\/li>\n<li data-start=\"2568\" data-end=\"2632\">\n<p data-start=\"2571\" data-end=\"2632\">Meta led \/ Borovni\u010dev malina led \/ Grozdni led \/ Nerd sladkarije<\/p>\n<\/li>\n<li data-start=\"2633\" data-end=\"2703\">\n<p data-start=\"2636\" data-end=\"2703\">Trojna medena melona \/ Ljubezen 66 \/ Marakuja \/ Ananas kokos led<\/p>\n<\/li>\n<li data-start=\"2704\" data-end=\"2779\">\n<p data-start=\"2707\" data-end=\"2779\">Dvojna jabolko \/ Kislost jabolko malina \/ \u010crni ribez led \/ Ananas breskev<\/p>\n<\/li>\n<li data-start=\"2780\" data-end=\"2854\">\n<p data-start=\"2783\" data-end=\"2854\">Jagoda led \/ Jagoda kiwi \/ Modra malina led \/ Roza limonada<\/p>\n<\/li>\n<li data-start=\"2855\" data-end=\"2925\">\n<p data-start=\"2858\" data-end=\"2925\">\u010ce\u0161njeva cola \/ Borovni\u010dev \u010de\u0161njev \/ Rde\u010da \u010de\u0161nja \/ Jagoda malina<\/p>\n<\/li>\n<li data-start=\"2926\" data-end=\"3000\">\n<p data-start=\"2929\" data-end=\"3000\">Ananas led \/ Kislani mango ananas \/ Breskev led \/ Ananas limonada<\/p>\n<\/li>\n<li data-start=\"3001\" data-end=\"3076\">\n<p data-start=\"3004\" data-end=\"3076\">\u010crni zmaj led \/ Jagoda pitaja \/ Trojna jagoda \/ \u010ce\u0161nja ribeza<\/p>\n<\/li>\n<li data-start=\"3077\" data-end=\"3152\">\n<p data-start=\"3081\" data-end=\"3152\">Trojni mango \/ Mango marakuja \/ Ananas led \/ Jagoda mango<\/p>\n<\/li>\n<\/ol>\n<p><strong>Ti kompleti pokrivajo osnovne evropske splo\u0161ne preference: ledena meta, me\u0161ano sadje, sladki sladkarijski odtenki in nekaj bogatej\u0161ih profilov, kot so kola in me\u0161anice z dragon fruit.<\/strong><\/p>\n<div class=\"flex-shrink-0 flex flex-col relative items-end\">\n<div class=\"pt-0\">\n<div class=\"gizmo-bot-avatar flex h-8 w-8 items-center justify-center overflow-hidden rounded-full\">\n<div class=\"relative p-1 rounded-sm flex items-center justify-center bg-token-main-surface-primary text-token-text-primary h-8 w-8\">\n<p data-start=\"4971\" data-end=\"5180\">\n<\/div>\n<h2><strong>Bang Box 200k Pufov Klju\u010dne Zna\u010dilnosti Izdelka<\/strong><\/h2>\n<div class=\"relative p-1 rounded-sm flex items-center justify-center bg-token-main-surface-primary text-token-text-primary h-8 w-8\">\n<table>\n<thead>\n<tr>\n<th>Zna\u010dilnosti<\/th>\n<th>Specifikacija<\/th>\n<th>Razlaga<\/th>\n<\/tr>\n<\/thead>\n<tbody>\n<tr>\n<td>Zmogljivost vdihovanja<\/td>\n<td>200.000 pufov<\/td>\n<td>Zasnovano za dalj\u0161o uporabo skozi dalj\u0161e obdobje; dejansko \u0161tevilo pufov se razlikuje glede na dol\u017eino vdiha in pogostost uporabe.<\/td>\n<\/tr>\n<tr>\n<td>Kapaciteta Baterije<\/td>\n<td>850mAh<\/td>\n<td>Nudi zadostno mo\u010d za podporo dolgim ciklom uporabe in ohranjanje stabilnega izhoda med dalj\u0161imi sejami.<\/td>\n<\/tr>\n<tr>\n<td>Kapaciteta E-juice<\/td>\n<td>40ml<\/td>\n<td>Velik volumen e-teko\u010dine pomaga zagotoviti, da naprava lahko dosledno prena\u0161a okus skozi celotno \u017eivljenjsko dobo.<\/td>\n<\/tr>\n<tr>\n<td>Vrsta Tuljave<\/td>\n<td>Mre\u017easta tuljava<\/td>\n<td>Mre\u017easta struktura omogo\u010da bolj enakomerno segrevanje, podpira bolj gladko proizvodnjo pare in dosledni okus skozi dolgo uporabo.<\/td>\n<\/tr>\n<tr>\n<td>Sistem okusa<\/td>\n<td>8 Nastavljivih Okusov<\/td>\n<td>Omogo\u010da uporabnikom preklapljanje med ve\u010d profili okusov znotraj ene naprave, s \u010dimer se zmanj\u0161a utrujenost okusa med dolgoro\u010dno uporabo.<\/td>\n<\/tr>\n<tr>\n<td>Mo\u017enosti okusa<\/td>\n<td>10 Skupin Okusov (4 okusi na skupino)<\/td>\n<td>Vsaka skupina ponuja uravnote\u017eeno me\u0161anico sadnih, ledenih in sladkih profilov, ki ustrezajo splo\u0161nim evropskim okusnim preferencam.<\/td>\n<\/tr>\n<tr>\n<td>Vrsta naprave<\/td>\n<td>Vape Pisalo za Enkratno Uporabo<\/td>\n<td>Prednapolnjeno in pripravljeno za uporabo, brez potrebe po dopolnjevanju ali zamenjavi tuljave.<\/td>\n<\/tr>\n<tr>\n<td>Na\u010din Uporabe<\/td>\n<td>Dolgotrajno<\/td>\n<td>Zasnovano za uporabnike, ki raje manj zamenjav in dalj\u0161e intervale med zamenjavo naprave.<\/td>\n<\/tr>\n<tr>\n<td>Ciljni trg<\/td>\n<td>Odrasli uporabniki in veleprodaja<\/td>\n<td>Primerno za maloprodajo in veleprodajo po veleprodajnih cenah.<\/td>\n<\/tr>\n<\/tbody>\n<\/table>\n<figure id=\"attachment_4699\" aria-describedby=\"caption-attachment-4699\" style=\"width: 263px\" class=\"wp-caption alignnone\"><img decoding=\"async\" class=\"size-medium wp-image-4699\" src=\"https:\/\/vapestornado.com\/wp-content\/uploads\/2025\/12\/Bang-Box-200k-200000-Puffs-Disposable-Vape-Shop-Online-263x300.webp\" alt=\"Bang Box 200k 200000 Pufov Enkratna Vape Trgovina Na Spletu\" width=\"263\" height=\"300\" srcset=\"https:\/\/vapestornado.com\/wp-content\/uploads\/2025\/12\/Bang-Box-200k-200000-Puffs-Disposable-Vape-Shop-Online-263x300.webp 263w, https:\/\/vapestornado.com\/wp-content\/uploads\/2025\/12\/Bang-Box-200k-200000-Puffs-Disposable-Vape-Shop-Online-768x875.webp 768w, https:\/\/vapestornado.com\/wp-content\/uploads\/2025\/12\/Bang-Box-200k-200000-Puffs-Disposable-Vape-Shop-Online-11x12.webp 11w, https:\/\/vapestornado.com\/wp-content\/uploads\/2025\/12\/Bang-Box-200k-200000-Puffs-Disposable-Vape-Shop-Online-600x683.webp 600w, https:\/\/vapestornado.com\/wp-content\/uploads\/2025\/12\/Bang-Box-200k-200000-Puffs-Disposable-Vape-Shop-Online.webp 800w\" sizes=\"(max-width: 263px) 100vw, 263px\" \/><figcaption id=\"caption-attachment-4699\" class=\"wp-caption-text\">Bang Box 200k 200000 Pufov Enkratna Vape Trgovina Na Spletu<\/figcaption><\/figure>\n<figure id=\"attachment_4697\" aria-describedby=\"caption-attachment-4697\" style=\"width: 300px\" class=\"wp-caption alignnone\"><img decoding=\"async\" class=\"size-medium wp-image-4697\" src=\"https:\/\/vapestornado.com\/wp-content\/uploads\/2025\/12\/Bang-Box-200k-200000-Puffs-Disposable-Vape-Long-Lasting-300x218.webp\" alt=\"Bang Box 200k 200000 Pufov Enkratna Vape Dolgotrajno\" width=\"300\" height=\"218\" srcset=\"https:\/\/vapestornado.com\/wp-content\/uploads\/2025\/12\/Bang-Box-200k-200000-Puffs-Disposable-Vape-Long-Lasting-300x218.webp 300w, https:\/\/vapestornado.com\/wp-content\/uploads\/2025\/12\/Bang-Box-200k-200000-Puffs-Disposable-Vape-Long-Lasting-1024x744.webp 1024w, https:\/\/vapestornado.com\/wp-content\/uploads\/2025\/12\/Bang-Box-200k-200000-Puffs-Disposable-Vape-Long-Lasting-768x558.webp 768w, https:\/\/vapestornado.com\/wp-content\/uploads\/2025\/12\/Bang-Box-200k-200000-Puffs-Disposable-Vape-Long-Lasting-1536x1117.webp 1536w, https:\/\/vapestornado.com\/wp-content\/uploads\/2025\/12\/Bang-Box-200k-200000-Puffs-Disposable-Vape-Long-Lasting-2048x1489.webp 2048w, https:\/\/vapestornado.com\/wp-content\/uploads\/2025\/12\/Bang-Box-200k-200000-Puffs-Disposable-Vape-Long-Lasting-18x12.webp 18w, https:\/\/vapestornado.com\/wp-content\/uploads\/2025\/12\/Bang-Box-200k-200000-Puffs-Disposable-Vape-Long-Lasting-600x436.webp 600w\" sizes=\"(max-width: 300px) 100vw, 300px\" \/><figcaption id=\"caption-attachment-4697\" class=\"wp-caption-text\">Bang Box 200k 200000 Pufov Enkratna Vape Dolgotrajno<\/figcaption><\/figure>\n<h2 data-start=\"1200\" data-end=\"1487\">Vapes Tornado \u2013 Va\u0161a veleprodajna spletna trgovina za vrhunske blagovne znamke vape<\/h2>\n<p data-start=\"1200\" data-end=\"1487\"><strong data-start=\"141\" data-end=\"177\">Spletna trgovina Vapes Tornado<\/strong> je va\u0161 zaupanja vreden vir za <strong data-start=\"205\" data-end=\"270\">premium enkratne vape in veleprodajne e-cigarette v Sloveniji<\/strong>. Ponosno predstavljamo najbolj prodajane blagovne znamke, kot so <strong data-start=\"307\" data-end=\"362\"><a href=\"https:\/\/vapestornado.com\/sl\/product\/randm-12000-puffs-fumot-digital-disposable-vape-wholesale-price\/\">Fumot VAPE<\/a>, <a href=\"https:\/\/vapestornado.com\/sl\/product\/original-wga-ultra-35k-35000-puff-rechargeable-crystal-disposable-nicotine-vape-best-discount-price\/\">WGA VAPE<\/a>, <\/strong><strong data-start=\"307\" data-end=\"362\"><a href=\"https:\/\/vapestornado.com\/sl\/product\/vozol-gear-shisha-25k-25000-puffs-best-dtl-disposable-vape-hookah-cheap-price\/\">VOZIL BAR VAPE<\/a>, \u00a0 Bang Vape<\/strong>, in \u0161e ve\u010d, zagotavljamo kakovost in raznolikost za vsakega kupca. Ne glede na to, ali ste posamezni uporabnik ali veleprodajni kupec, dostavljamo <strong data-start=\"481\" data-end=\"550\">visoko zmogljive naprave, elegantne zasnove in konkuren\u010dne cene<\/strong> za va\u0161e potrebe.<\/p>\n<h2 data-start=\"2064\" data-end=\"2115\">Pogosta vpra\u0161anja o WASPE 150K 150000 Vdihov Zavre\u0161ljivi Vape<\/h2>\n<p data-start=\"4211\" data-end=\"4399\"><strong data-start=\"4211\" data-end=\"4264\">1) Je \u201cBang Box 200000 pufov\u201d zagotovljen \u0161tevil\u010dni podatek?<\/strong><br data-start=\"4264\" data-end=\"4267\" \/>\u0160tevilo potiskov ni odvisno od dol\u017eine vdiha, pogostosti vapinga in na\u010dina uporabe. Gre za najve\u010djo oceno, ne pa za fiksni rezultat za vsakega uporabnika.<\/p>\n<p data-start=\"4401\" data-end=\"4622\"><strong data-start=\"4401\" data-end=\"4457\">2) Kaj pomeni izraz \u201c8 nastavljivih okusov\u201d v praksi?<\/strong><br data-start=\"4457\" data-end=\"4460\" \/>Pomeni, da je naprava zasnovana tako, da uporabnikom omogo\u010da preklapljanje med ve\u010d profili okusov znotraj ene enote (prodaja se kot kompleti okusov), s \u010dimer se zmanj\u0161uje utrujenost zaradi okusa pri dolgotrajni uporabi.<\/p>\n<p data-start=\"4624\" data-end=\"4844\"><strong data-start=\"4624\" data-end=\"4688\">3) Zakaj je mre\u017ena tuljava pomembna pri dolgotrajni enkratni uporabi?<\/strong><br data-start=\"4688\" data-end=\"4691\" \/>Mre\u017ene tuljave se uporabljajo za bolj enakomerno segrevanje, kar pomaga ohranjati stabilen okus in izpust pare skozi dalj\u0161o uporabo v primerjavi z enostavnej\u0161imi strukturami tuljav.<\/p>\n<p data-start=\"4846\" data-end=\"4969\"><strong data-start=\"4846\" data-end=\"4883\">4) Koliko e-juice lahko shrani?<\/strong><br data-start=\"4883\" data-end=\"4886\" \/>Navedeno je kot <strong data-start=\"4904\" data-end=\"4912\">40ml<\/strong>, kar je prakti\u010dna osnova za dolgo trajanje delovanja.<\/p>\n<p data-start=\"4971\" data-end=\"5180\"><strong data-start=\"4971\" data-end=\"5030\">5) Je to predvsem za maloprodajne uporabnike ali za veleprodajne kupce?<\/strong><br data-start=\"5030\" data-end=\"5033\" \/>Oboje. Kon\u010dni uporabniki dobijo dolgo trajajo\u010do uporabo in raznolikost; veleprodajni kupci pa dobijo jasen, enostaven za prodajo izdelek z konkuren\u010dnim <strong data-start=\"5160\" data-end=\"5179\">veleprodajni ceni<\/strong>.<\/p>\n<\/div>\n<\/div>\n<\/div>\n<\/div>","protected":false},"excerpt":{"rendered":"<p data-start=\"3411\" data-end=\"3490\">The <strong data-start=\"35\" data-end=\"52\">Bang Box 200k<\/strong> je dolgotrajna vape naprava za enkratno uporabo, zasnovana za dolgotrajno uporabo in prilagodljivost okusa. Zagotavlja do <strong data-start=\"160\" data-end=\"176\">200000 vdihov<\/strong>, ima <strong data-start=\"189\" data-end=\"214\">40 ml kapacitete e-teko\u010dine<\/strong>, <strong data-start=\"219\" data-end=\"237\">850 mAh<\/strong>, in <strong data-start=\"245\" data-end=\"258\">mre\u017easto tuljavo<\/strong> za stabilen izhod pare. Z <strong data-start=\"290\" data-end=\"313\">8 nastavljivimi okusi<\/strong> v eni napravi ponuja raznolikost brez pogostih zamenjav, zaradi \u010desar je prakti\u010dna izbira za odrasle uporabnike in mo\u010dna mo\u017enost za pozicioniranje veleprodajne cene.<\/p>\n<p><strong>Dodajte Amyin WhatsApp, da dobite pravi odgovor in ceno s popustom!<\/strong><\/p>\n<p><img fetchpriority=\"high\" decoding=\"async\" class=\"size-full wp-image-2932\" src=\"https:\/\/vapestornado.com\/wp-content\/uploads\/2024\/12\/Vape-Wholesale.jpg\" alt=\"Vape Veleprodaja\" width=\"229\" height=\"300\" \/><\/p>\n<h3><a href=\"https:\/\/wa.me\/8617776015835\"><span style=\"color: #ff0000;\"><strong>WhatsApp: +386 17776015835<\/strong><\/span><\/a><\/h3>","protected":false},"featured_media":4696,"comment_status":"open","ping_status":"closed","template":"","meta":{"_acf_changed":false,"_uag_custom_page_level_css":"","_lmt_disableupdate":"no","_lmt_disable":"","_monsterinsights_skip_tracking":false,"_monsterinsights_sitenote_active":false,"_monsterinsights_sitenote_note":"","_monsterinsights_sitenote_category":0,"site-sidebar-layout":"default","site-content-layout":"","ast-site-content-layout":"default","site-content-style":"default","site-sidebar-style":"default","ast-global-header-display":"","ast-banner-title-visibility":"","ast-main-header-display":"","ast-hfb-above-header-display":"","ast-hfb-below-header-display":"","ast-hfb-mobile-header-display":"","site-post-title":"","ast-breadcrumbs-content":"","ast-featured-img":"","footer-sml-layout":"","ast-disable-related-posts":"","theme-transparent-header-meta":"default","adv-header-id-meta":"","stick-header-meta":"","header-above-stick-meta":"","header-main-stick-meta":"","header-below-stick-meta":"","astra-migrate-meta-layouts":"set","ast-page-background-enabled":"default","ast-page-background-meta":{"desktop":{"background-color":"","background-image":"","background-repeat":"repeat","background-position":"center center","background-size":"auto","background-attachment":"scroll","background-type":"","background-media":"","overlay-type":"","overlay-color":"","overlay-opacity":"","overlay-gradient":""},"tablet":{"background-color":"","background-image":"","background-repeat":"repeat","background-position":"center center","background-size":"auto","background-attachment":"scroll","background-type":"","background-media":"","overlay-type":"","overlay-color":"","overlay-opacity":"","overlay-gradient":""},"mobile":{"background-color":"","background-image":"","background-repeat":"repeat","background-position":"center center","background-size":"auto","background-attachment":"scroll","background-type":"","background-media":"","overlay-type":"","overlay-color":"","overlay-opacity":"","overlay-gradient":""}},"ast-content-background-meta":{"desktop":{"background-color":"var(--ast-global-color-5)","background-image":"","background-repeat":"repeat","background-position":"center center","background-size":"auto","background-attachment":"scroll","background-type":"","background-media":"","overlay-type":"","overlay-color":"","overlay-opacity":"","overlay-gradient":""},"tablet":{"background-color":"var(--ast-global-color-5)","background-image":"","background-repeat":"repeat","background-position":"center center","background-size":"auto","background-attachment":"scroll","background-type":"","background-media":"","overlay-type":"","overlay-color":"","overlay-opacity":"","overlay-gradient":""},"mobile":{"background-color":"var(--ast-global-color-5)","background-image":"","background-repeat":"repeat","background-position":"center center","background-size":"auto","background-attachment":"scroll","background-type":"","background-media":"","overlay-type":"","overlay-color":"","overlay-opacity":"","overlay-gradient":""}},"_joinchat":[]},"product_brand":[],"product_cat":[64,151,152,153,154,142,144,146],"product_tag":[500,499,387,287,498,390,393,386],"class_list":{"0":"post-4703","1":"product","2":"type-product","3":"status-publish","4":"has-post-thumbnail","6":"product_cat-bangbox-vape","7":"product_cat-buy-disposable-vapes-in-france","8":"product_cat-buy-disposable-vapes-in-cermany","9":"product_cat-buy-disposable-vapes-in-italy","10":"product_cat-buy-disposable-vapes-in-netherlands","11":"product_cat-digital-box-disposable-vapes","12":"product_cat-low-nicotine-disposable-vapes","13":"product_cat-rechargeable-disposable-vapes","14":"product_tag-200k-puff-vape","15":"product_tag-bang-box-200k","16":"product_tag-cigarette-vapor","17":"product_tag-disposable-vape-pen","18":"product_tag-long-lasting-vape","19":"product_tag-online-vape-shop","20":"product_tag-vape-cartridge","21":"product_tag-vape-pen","22":"desktop-align-left","23":"tablet-align-left","24":"mobile-align-left","26":"first","27":"instock","28":"sale","29":"shipping-taxable","30":"purchasable","31":"product-type-simple"},"acf":[],"uagb_featured_image_src":{"full":["https:\/\/vapestornado.com\/wp-content\/uploads\/2025\/12\/Bang-Box-200k-200000-Puffs-Disposable-Vape-Box-Wholesale-Price.webp",1000,1000,false],"thumbnail":["https:\/\/vapestornado.com\/wp-content\/uploads\/2025\/12\/Bang-Box-200k-200000-Puffs-Disposable-Vape-Box-Wholesale-Price-150x150.webp",150,150,true],"medium":["https:\/\/vapestornado.com\/wp-content\/uploads\/2025\/12\/Bang-Box-200k-200000-Puffs-Disposable-Vape-Box-Wholesale-Price-300x300.webp",300,300,true],"medium_large":["https:\/\/vapestornado.com\/wp-content\/uploads\/2025\/12\/Bang-Box-200k-200000-Puffs-Disposable-Vape-Box-Wholesale-Price-768x768.webp",768,768,true],"large":["https:\/\/vapestornado.com\/wp-content\/uploads\/2025\/12\/Bang-Box-200k-200000-Puffs-Disposable-Vape-Box-Wholesale-Price.webp",1000,1000,false],"1536x1536":["https:\/\/vapestornado.com\/wp-content\/uploads\/2025\/12\/Bang-Box-200k-200000-Puffs-Disposable-Vape-Box-Wholesale-Price.webp",1000,1000,false],"2048x2048":["https:\/\/vapestornado.com\/wp-content\/uploads\/2025\/12\/Bang-Box-200k-200000-Puffs-Disposable-Vape-Box-Wholesale-Price.webp",1000,1000,false],"trp-custom-language-flag":["https:\/\/vapestornado.com\/wp-content\/uploads\/2025\/12\/Bang-Box-200k-200000-Puffs-Disposable-Vape-Box-Wholesale-Price-12x12.webp",12,12,true],"woocommerce_thumbnail":["https:\/\/vapestornado.com\/wp-content\/uploads\/2025\/12\/Bang-Box-200k-200000-Puffs-Disposable-Vape-Box-Wholesale-Price-300x300.webp",300,300,true],"woocommerce_single":["https:\/\/vapestornado.com\/wp-content\/uploads\/2025\/12\/Bang-Box-200k-200000-Puffs-Disposable-Vape-Box-Wholesale-Price-600x600.webp",600,600,true],"woocommerce_gallery_thumbnail":["https:\/\/vapestornado.com\/wp-content\/uploads\/2025\/12\/Bang-Box-200k-200000-Puffs-Disposable-Vape-Box-Wholesale-Price-100x100.webp",100,100,true]},"uagb_author_info":{"display_name":"ESAMY","author_link":"https:\/\/vapestornado.com\/sl\/author\/"},"uagb_comment_info":0,"uagb_excerpt":"The Bang Box 200k is a long lasting disposable vape pen designed for extended use and flavour flexibility. It delivers up to 200000 puffs, features a 40ml e-juice capacity, an 850mAh battery, and a mesh coil for stable vapour output. With 8 adjustable flavor options in one device, it offers variety without frequent replacements, making&hellip;","_links":{"self":[{"href":"https:\/\/vapestornado.com\/sl\/wp-json\/wp\/v2\/product\/4703","targetHints":{"allow":["GET"]}}],"collection":[{"href":"https:\/\/vapestornado.com\/sl\/wp-json\/wp\/v2\/product"}],"about":[{"href":"https:\/\/vapestornado.com\/sl\/wp-json\/wp\/v2\/types\/product"}],"replies":[{"embeddable":true,"href":"https:\/\/vapestornado.com\/sl\/wp-json\/wp\/v2\/comments?post=4703"}],"wp:featuredmedia":[{"embeddable":true,"href":"https:\/\/vapestornado.com\/sl\/wp-json\/wp\/v2\/media\/4696"}],"wp:attachment":[{"href":"https:\/\/vapestornado.com\/sl\/wp-json\/wp\/v2\/media?parent=4703"}],"wp:term":[{"taxonomy":"product_brand","embeddable":true,"href":"https:\/\/vapestornado.com\/sl\/wp-json\/wp\/v2\/product_brand?post=4703"},{"taxonomy":"product_cat","embeddable":true,"href":"https:\/\/vapestornado.com\/sl\/wp-json\/wp\/v2\/product_cat?post=4703"},{"taxonomy":"product_tag","embeddable":true,"href":"https:\/\/vapestornado.com\/sl\/wp-json\/wp\/v2\/product_tag?post=4703"}],"curies":[{"name":"wp","href":"https:\/\/api.w.org\/{rel}","templated":true}]}}