{"id":4702,"date":"2025-12-19T06:49:15","date_gmt":"2025-12-19T06:49:15","guid":{"rendered":"https:\/\/vapestornado.com\/?post_type=product&#038;p=4702"},"modified":"2025-12-22T09:50:48","modified_gmt":"2025-12-22T09:50:48","slug":"okso-120k-120000-puffs-6-in-1-multiple-flavors-screen-digital-display-disposable-vaper","status":"publish","type":"product","link":"https:\/\/vapestornado.com\/sl\/product\/okso-120k-120000-puffs-6-in-1-multiple-flavors-screen-digital-display-disposable-vaper\/","title":{"rendered":"OKSO 120k 120000 vdihov 6 v 1 ve\u010dnamenskih okusov zaslon digitalni prikaz enkratna vaporizator"},"content":{"rendered":"<h2 data-pm-slice=\"1 1 []\">OKSO 120k 120000 vdihov 6 v 1 ve\u010d okusov digitalni prikaz enkratni vaporizator<\/h2>\n<p data-start=\"84\" data-end=\"483\">The <strong data-start=\"88\" data-end=\"106\">OKSO 120k vdihov<\/strong> (znan tudi kot <strong data-start=\"122\" data-end=\"143\">OKSO 120000 vdihov<\/strong>) je visokozmogljiv <strong data-start=\"164\" data-end=\"184\">Enkratni vaporizator<\/strong> zasnovan za odrasle uporabnike, ki \u017eelijo dolgo uporabo, jasne povratne informacije o napravi in prilagodljivost okusa v eni trdni enoti. Ta model je zasnovan okoli <strong data-start=\"331\" data-end=\"364\">6 v 1 ve\u010d okusov sistema<\/strong>, a <strong data-start=\"368\" data-end=\"387\">digitalni zaslon<\/strong>, in strukturiran notranji razpored, ki podpira podalj\u0161ano uporabo brez zana\u0161anja na nejasne obljube.<\/p>\n<p data-start=\"485\" data-end=\"734\">Namesto da se osredoto\u010da na videz ali trende, je OKSO 120k zasnovan okoli tega, kako ljudje dejansko uporabljajo napravo z visokim izpustom skozi \u010das: pogosta dnevna uporaba, spreminjajo\u010de se preference okusa in potreba po razumevanju, kaj naprava po\u010dne v vsakem trenutku.<\/p>\n<h3 data-start=\"741\" data-end=\"772\">Zakaj je ta OKSO 120K Vape naprava postaja priljubljena?<\/h3>\n<p data-start=\"774\" data-end=\"930\">\u00a0Naprava, ocenjena na <strong data-start=\"871\" data-end=\"887\">120000 vdihov<\/strong> potrebuje ve\u010d kot le velik \u0161tevilko na embala\u017ei. Okso 120000 izpuh vape elementov sodeluje skupaj, da naredi zmogljivost bolj predvidljivo, kar je osnova dolgoro\u010dnega zaupanja uporabnikov.<\/p>\n<ul data-start=\"932\" data-end=\"1451\">\n<li data-start=\"932\" data-end=\"1111\">\n<p data-start=\"934\" data-end=\"1111\"><strong data-start=\"934\" data-end=\"977\">Trojni mre\u017eni tuljavni sistem (Mre\u017eni tuljava \u00d73):<\/strong> ve\u010d mre\u017enih jeder pomaga enakomerno razporediti toploto, ko se teko\u010dina porabi, kar podpira bolj stabilen izpuh pare med dolgoro\u010dno uporabo.<\/p>\n<\/li>\n<li data-start=\"1112\" data-end=\"1258\">\n<p data-start=\"1114\" data-end=\"1258\"><strong data-start=\"1114\" data-end=\"1152\">Tri komore za e-teko\u010dino (20ml \u00d73):<\/strong> volumen teko\u010dine je razdeljen, da podpira dosledno dostavo, namesto da bi se zana\u0161ali na eno veliko posodo.<\/p>\n<\/li>\n<li data-start=\"1259\" data-end=\"1451\">\n<p data-start=\"1261\" data-end=\"1451\"><strong data-start=\"1261\" data-end=\"1301\">Baterija 850mAh z digitalnim prikazom:<\/strong> kapaciteta baterije je usklajena z redno dnevno uporabo, medtem ko <strong data-start=\"1366\" data-end=\"1385\">Digitalni zaslon<\/strong> prikazuje stanje naprave v realnem \u010dasu, kar zmanj\u0161uje negotovost uporabnika.<\/p>\n<\/li>\n<li data-start=\"1696\" data-end=\"1852\">\n<p data-start=\"1698\" data-end=\"1852\"><strong data-start=\"1698\" data-end=\"1733\">6-v-1 prilagodljiv sistem okusa<\/strong> omogo\u010da uporabnikom preklapljanje med okusi znotraj ene naprave, kar pomaga prepre\u010diti utrujenost okusa med dalj\u0161o uporabo.<\/p>\n<\/li>\n<li data-start=\"1853\" data-end=\"1964\">\n<p data-start=\"1855\" data-end=\"1964\"><strong data-start=\"1855\" data-end=\"1874\">Digitalni zaslon<\/strong> nudi vidno povratno informacijo namesto zana\u0161anja na ugibanje, ko se mo\u010d pare spremeni.<\/p>\n<\/li>\n<li data-start=\"1965\" data-end=\"2065\">\n<p data-start=\"1967\" data-end=\"2065\"><strong data-start=\"1967\" data-end=\"1989\">Visoka kapaciteta izpuhov<\/strong> zmanj\u0161uje pogostost zamenjave, kar je pomembno za redne uporabnike.<\/p>\n<\/li>\n<\/ul>\n<p>Za prodajalce na debelo in distributerje ti isti to\u010dki naredijo napravo la\u017eje razlo\u017eiti, la\u017eje podpirati in primerne za <strong data-start=\"2188\" data-end=\"2210\">Dobavitelj na debelo<\/strong> kanale, ki tekmujejo na <strong data-start=\"2236\" data-end=\"2251\">Cenovno ugodno<\/strong> brez \u017ertvovanja verodostojnosti.<\/p>\n<p><strong><span style=\"color: #ff0000;\">Dodajte Amy na WhatsApp in prejmite takoj\u0161en odgovor ter kupon za vape!<\/span><\/strong><\/p>\n<p><img fetchpriority=\"high\" decoding=\"async\" class=\"size-full wp-image-2932\" src=\"https:\/\/vapestornado.com\/wp-content\/uploads\/2024\/12\/Vape-Wholesale.jpg\" alt=\"Vape Veleprodaja\" width=\"229\" height=\"300\" \/><\/p>\n<h3><a href=\"https:\/\/wa.me\/8617776015835\" target=\"_blank\" rel=\"noopener\"><span style=\"color: #ff0000;\"><strong>WhatsApp: +386 17776015835<\/strong><\/span><\/a><\/h3>\n<p>&nbsp;<\/p>\n<h2><strong>OKSO 120k 120000 U\u010dinkov izdelka za dimenje<\/strong><\/h2>\n<table>\n<thead>\n<tr>\n<th>Zna\u010dilnosti<\/th>\n<th>Specifikacija<\/th>\n<th>Opis<\/th>\n<\/tr>\n<\/thead>\n<tbody>\n<tr>\n<td>Blagovna znamka<\/td>\n<td>OKSO<\/td>\n<td>Ustanovljena blagovna znamka za vapovanje, osredoto\u010dena na naprave za enkratno uporabo z visoko kapaciteto.<\/td>\n<\/tr>\n<tr>\n<td>Zmogljivost vdihovanja<\/td>\n<td>Do 120000 vdihov<\/td>\n<td>Zasnovano za dalj\u0161o uporabo; dejanski \u0161tevec vdihov se razlikuje glede na dol\u017eino potegov in navade uporabe.<\/td>\n<\/tr>\n<tr>\n<td>Struktura spirale<\/td>\n<td>Mre\u017ena spirala \u00d73<\/td>\n<td>Ve\u010d jedrnih mre\u017enih elementov pomaga enakomerno razporejati toploto za bolj stabilen izpust pare skozi \u010das.<\/td>\n<\/tr>\n<tr>\n<td>Kapaciteta e-teko\u010dine<\/td>\n<td>20ml \u00d73<\/td>\n<td>Razdeljene posode za teko\u010dino podpirajo dosledno dostavo med dolgimi cikli uporabe.<\/td>\n<\/tr>\n<tr>\n<td>Mo\u017enosti nikotina<\/td>\n<td>2% \/ 5%<\/td>\n<td>Dve mo\u017enosti mo\u010di za prilagajanje razli\u010dnim \u017eeljam odraslih (odvisno od trga).<\/td>\n<\/tr>\n<tr>\n<td>Kapaciteta Baterije<\/td>\n<td>850mAh<\/td>\n<td>Podpira redno dnevno uporabo in stabilen izhod med dalj\u0161imi seansami.<\/td>\n<\/tr>\n<tr>\n<td>Zaslon<\/td>\n<td>Digitalni zaslon<\/td>\n<td>Jasno prikazuje stanje naprave, s \u010dimer zmanj\u0161uje negotovost med uporabo.<\/td>\n<\/tr>\n<tr>\n<td>Sistem okusa<\/td>\n<td>6 v 1 Nastavljiv okus<\/td>\n<td>Omogo\u010da preklapljanje med ve\u010d kombinacijami okusov v eni napravi.<\/td>\n<\/tr>\n<tr>\n<td>Te\u017ea izdelka<\/td>\n<td>166g<\/td>\n<td>Trdna konstrukcija zasnovana za uporabo z visoko kapaciteto.<\/td>\n<\/tr>\n<tr>\n<td>Velikost izdelka<\/td>\n<td>51 \u00d7 51 \u00d7 131 mm<\/td>\n<td>Kompakten za svojo kapaciteto, hkrati pa omogo\u010da notranjo strukturo.<\/td>\n<\/tr>\n<\/tbody>\n<\/table>\n<figure id=\"attachment_4705\" aria-describedby=\"caption-attachment-4705\" style=\"width: 300px\" class=\"wp-caption alignnone\"><img decoding=\"async\" class=\"size-medium wp-image-4705\" src=\"https:\/\/vapestornado.com\/wp-content\/uploads\/2025\/12\/OKSO-120K-120000-Puff-Disposable-Vape-POD-300x300.webp\" alt=\"OKSO 120K 120000 Vdihov enkratni vape POD\" width=\"300\" height=\"300\" srcset=\"https:\/\/vapestornado.com\/wp-content\/uploads\/2025\/12\/OKSO-120K-120000-Puff-Disposable-Vape-POD-300x300.webp 300w, https:\/\/vapestornado.com\/wp-content\/uploads\/2025\/12\/OKSO-120K-120000-Puff-Disposable-Vape-POD-150x150.webp 150w, https:\/\/vapestornado.com\/wp-content\/uploads\/2025\/12\/OKSO-120K-120000-Puff-Disposable-Vape-POD-768x768.webp 768w, https:\/\/vapestornado.com\/wp-content\/uploads\/2025\/12\/OKSO-120K-120000-Puff-Disposable-Vape-POD-12x12.webp 12w, https:\/\/vapestornado.com\/wp-content\/uploads\/2025\/12\/OKSO-120K-120000-Puff-Disposable-Vape-POD-600x600.webp 600w, https:\/\/vapestornado.com\/wp-content\/uploads\/2025\/12\/OKSO-120K-120000-Puff-Disposable-Vape-POD-100x100.webp 100w, https:\/\/vapestornado.com\/wp-content\/uploads\/2025\/12\/OKSO-120K-120000-Puff-Disposable-Vape-POD.webp 800w\" sizes=\"(max-width: 300px) 100vw, 300px\" \/><figcaption id=\"caption-attachment-4705\" class=\"wp-caption-text\">OKSO 120K 120000 Vdihov enkratni vape POD<\/figcaption><\/figure>\n<h2 class=\"product-title\"><strong>OKSO 120k 120000 Vdihov seznam okusov<\/strong><\/h2>\n<p data-start=\"2550\" data-end=\"2736\">Vsaka naprava OKSO 120k vklju\u010duje <strong data-start=\"4483\" data-end=\"4502\">10 sklopov okusov<\/strong>, in vsak sklop vsebuje <strong data-start=\"4526\" data-end=\"4545\">3 osnovne okuse<\/strong> in 3 kombinirane okuse, ki jih je mogo\u010de uporabljati posamezno ali v parih. Ta struktura omogo\u010da menjavo okusa brez menjave naprave in pokriva sadne, ledene, sladkarije, pija\u010de in me\u0161ane profile, ki so obi\u010dajno priljubljeni na evropskih trgih.<\/p>\n<p data-start=\"238\" data-end=\"252\">1. Jagodni led \/ Lush Ice \/ Mamba<br data-start=\"290\" data-end=\"293\" \/>Jagodni led + Lush Ice \/ Mamba + Jagodni led \/ Lush Ice + Mamba<\/p>\n<p data-start=\"369\" data-end=\"383\">2. Jagodna gumi medved \/ Ananasov led \/ Modra Razz limonada<br data-start=\"446\" data-end=\"449\" \/>Jagodna gumi medved + Ananasov led \/ Jagodna gumi medved + Modra Razz limonada \/ Modra Razz limonada + Ananasov led<\/p>\n<p data-start=\"575\" data-end=\"589\">3. Modra Razz \/ Limeta limona \/ Vi\u0161nja led<br data-start=\"629\" data-end=\"632\" \/>Modra Razz + Vi\u0161nja led \/ Modra Razz + Limeta limona \/ Limeta limona + Vi\u0161nja led<\/p>\n<p data-start=\"712\" data-end=\"726\">4. Kivi, pasijonka, guava \/ Zmajev sadni led \/ Borovni\u010dev led<br data-start=\"790\" data-end=\"793\" \/>Kivi, pasijonka, guava + Borovni\u010dev led \/ Kivi, pasijonka, guava + Zmajev sadni led \/ Zmajev sadni led + Borovni\u010dev led<\/p>\n<p data-start=\"921\" data-end=\"935\">5. Dve jabolki \/ Fanta \/ Red Bull<br data-start=\"968\" data-end=\"971\" \/>Dve jabolko + Red Bull \/ Dve jabolko + Fanta \/ Fanta + Red Bull<\/p>\n<p data-start=\"1037\" data-end=\"1051\">6. Kislo jabolko pomaran\u010da \/ \u010crni ribez \/ Grozdni led<br data-start=\"1101\" data-end=\"1104\" \/>Kislo jabolko pomaran\u010da + Grozdni led \/ Kislo jabolko pomaran\u010da + \u010crni ribez \/ \u010crni ribez + Grozdni led<\/p>\n<p data-start=\"1204\" data-end=\"1218\">7. Jagoda lubenica \/ Mango led \/ Breskva led<br data-start=\"1268\" data-end=\"1271\" \/>Jagoda lubenica + Breskva led \/ Jagoda lubenica + Mango led \/ Mango led + Breskva led<\/p>\n<p data-start=\"1371\" data-end=\"1385\">8. Jagoda malinica \/ Kivi sadje \/ Jagoda mango<br data-start=\"1442\" data-end=\"1445\" \/>Jagoda malinica + Jagoda mango \/ Jagoda malinica + Kivi sadje \/ Kivi sadje + Jagoda mango<\/p>\n<p data-start=\"1559\" data-end=\"1573\">9. Jagoda kivi \/ Ohlajeni meta \/ Borovni\u010dev breskev led<br data-start=\"1627\" data-end=\"1630\" \/>Jagoda kivi + Borovni\u010dev breskev led \/ Jagoda kivi + Ohlajeni meta \/ Ohlajeni meta + Borovni\u010dev breskev led<\/p>\n<p data-start=\"1738\" data-end=\"1753\">10. Jabolko hru\u0161ka \/ Me\u0161ano jagodi\u010devje \/ Jagoda granatno jabolko<br data-start=\"1810\" data-end=\"1813\" \/>Jabolko hru\u0161ka + Jagoda granatno jabolko \/ Jabolko hru\u0161ka + Me\u0161ano jagodi\u010devje \/ Me\u0161ano jagodi\u010devje + Jabolko hru\u0161ka<\/p>\n<div class=\"flex-shrink-0 flex flex-col relative items-end\">\n<div class=\"pt-0\">\n<div class=\"gizmo-bot-avatar flex h-8 w-8 items-center justify-center overflow-hidden rounded-full\">\n<div class=\"relative p-1 rounded-sm flex items-center justify-center bg-token-main-surface-primary text-token-text-primary h-8 w-8\">\n<h2 data-start=\"1200\" data-end=\"1487\">Vapes Tornado \u2013 Va\u0161a veleprodajna spletna trgovina za vrhunske blagovne znamke vape<\/h2>\n<p data-start=\"1200\" data-end=\"1487\"><strong data-start=\"141\" data-end=\"177\">Spletna trgovina Vapes Tornado<\/strong> je va\u0161 zaupanja vreden vir za <strong data-start=\"205\" data-end=\"270\">premium enkratne vape in veleprodajne e-cigarette v Sloveniji<\/strong>. Ponosno predstavljamo najbolj prodajane blagovne znamke, kot so <strong data-start=\"307\" data-end=\"362\"><a href=\"https:\/\/vapestornado.com\/sl\/product\/randm-12000-puffs-fumot-digital-disposable-vape-wholesale-price\/\">Fumot VAPE<\/a>, <a href=\"https:\/\/vapestornado.com\/sl\/product\/original-wga-ultra-35k-35000-puff-rechargeable-crystal-disposable-nicotine-vape-best-discount-price\/\">WGA VAPE<\/a>, <\/strong><strong data-start=\"307\" data-end=\"362\"><a href=\"https:\/\/vapestornado.com\/sl\/product\/vozol-gear-shisha-25k-25000-puffs-best-dtl-disposable-vape-hookah-cheap-price\/\">VOZIL BAR VAPE<\/a>, \u00a0 Bang Vape<\/strong>, in \u0161e ve\u010d, zagotavljamo kakovost in raznolikost za vsakega kupca. Ne glede na to, ali ste posamezni uporabnik ali veleprodajni kupec, dostavljamo <strong data-start=\"481\" data-end=\"550\">visoko zmogljive naprave, elegantne zasnove in konkuren\u010dne cene<\/strong> za va\u0161e potrebe.<\/p>\n<h2 data-start=\"2064\" data-end=\"2115\">Pogosta vpra\u0161anja o OKSO 120k 120000 vdihov enkratne vape<\/h2>\n<p data-start=\"5010\" data-end=\"5178\"><strong data-start=\"5010\" data-end=\"5059\">1) Je 120000 vdihov zagotovljenih za vsakega uporabnika?<\/strong><br data-start=\"5059\" data-end=\"5062\" \/>Ne. \u0160tevilo vdihov je odvisno od dol\u017eine vdiha, pogostosti in posameznega na\u010dina uporabe. Predstavlja najve\u010dji na\u010drtovani cilj.<\/p>\n<p data-start=\"5180\" data-end=\"5363\"><strong data-start=\"5180\" data-end=\"5227\">2) Kaj pomeni prilagodljiva arome 6 v 1?<\/strong><br data-start=\"5227\" data-end=\"5230\" \/>Pomeni, da ena naprava omogo\u010da preklapljanje med ve\u010d mo\u017enostmi in kombinacijami okusov, kar pomaga zmanj\u0161ati utrujenost od okusa pri dolgotrajni uporabi.<\/p>\n<p data-start=\"5365\" data-end=\"5536\"><strong data-start=\"5365\" data-end=\"5414\">3) Zakaj ta naprava uporablja tri mre\u017ene tuljave?<\/strong><br data-start=\"5414\" data-end=\"5417\" \/>Uporaba ve\u010d mre\u017enih tuljav pomaga enakomerneje razporediti toploto, kar podpira dosledno izlo\u010danje pare med dalj\u0161o uporabo.<\/p>\n<p data-start=\"5538\" data-end=\"5709\"><strong data-start=\"5538\" data-end=\"5592\">4) Kaj prikazuje digitalni zaslon?<\/strong><br data-start=\"5592\" data-end=\"5595\" \/>Zaslon prikazuje vidno stanje naprave, tako da uporabniki lahko bolje razumejo spremembe v zmogljivosti namesto ugibanja.<\/p>\n<p data-start=\"5711\" data-end=\"5913\"><strong data-start=\"5711\" data-end=\"5766\">5) Je ta izdelek primeren za veleprodajo?<\/strong><br data-start=\"5766\" data-end=\"5769\" \/>Da. Nabor funkcij, stabilna zmogljivost, oblikovanje in cenovna struktura ga naredijo primernega za <strong data-start=\"5861\" data-end=\"5883\">Dobavitelj na debelo<\/strong> distribucijo in velike naro\u010dila.<\/p>\n<p data-start=\"5915\" data-end=\"6067\" data-is-last-node=\"\" data-is-only-node=\"\">\u010ce \u017eelite, lahko pripravim tudi <strong data-start=\"5949\" data-end=\"5974\">skraj\u0161ano B2B oglasno<\/strong>, a <strong data-start=\"5978\" data-end=\"6007\">tehni\u010dno listino samo za specifikacije<\/strong>, ali <strong data-start=\"6014\" data-end=\"6041\">tr\u017eno-specifi\u010dno razli\u010dico<\/strong> za razli\u010dne regije EU.<\/p>\n<\/div>\n<\/div>\n<\/div>\n<\/div>","protected":false},"excerpt":{"rendered":"<p data-start=\"3411\" data-end=\"3490\">The <strong data-start=\"35\" data-end=\"53\">OKSO 120k vdihov<\/strong> je visoko zmogljiva naprava <strong data-start=\"73\" data-end=\"93\">Enkratni vaporizator<\/strong> dostava do <strong data-start=\"111\" data-end=\"127\">120000 vdihov<\/strong> z <strong data-start=\"135\" data-end=\"161\">6 v 1 ve\u010d okusov<\/strong> nastavljiv sistem. Vsebuje <strong data-start=\"195\" data-end=\"214\">digitalni zaslon<\/strong>, <strong data-start=\"216\" data-end=\"237\">trojnimi mre\u017eastimi grelci<\/strong>, <strong data-start=\"239\" data-end=\"269\">20ml \u00d7 3 kapacitete e-tekline<\/strong>, in <strong data-start=\"278\" data-end=\"296\">850 mAh<\/strong> za stabilno, dolgoro\u010dno delovanje. Zasnovan za odrasle uporabnike in veleprodajno oskrbo, <strong data-start=\"383\" data-end=\"427\">OKSO 120000 vdihov enkratni e-cigaret<\/strong>\u00a0nudi prakti\u010dno nadzor nad okusom na <strong data-start=\"466\" data-end=\"481\">poceni cena<\/strong>, z mo\u017enostjo <strong data-start=\"502\" data-end=\"516\">nakupa preko spleta<\/strong> od zaupanja vrednega veleprodajnega dobavitelja.<\/p>\n<p><strong>Dodajte Amyin WhatsApp, da dobite pravi odgovor in ceno s popustom!<\/strong><\/p>\n<p><img fetchpriority=\"high\" decoding=\"async\" class=\"size-full wp-image-2932\" src=\"https:\/\/vapestornado.com\/wp-content\/uploads\/2024\/12\/Vape-Wholesale.jpg\" alt=\"Vape Veleprodaja\" width=\"229\" height=\"300\" \/><\/p>\n<h3><a href=\"https:\/\/wa.me\/8617776015835\"><span style=\"color: #ff0000;\"><strong>WhatsApp: +386 17776015835<\/strong><\/span><\/a><\/h3>","protected":false},"featured_media":4707,"comment_status":"open","ping_status":"closed","template":"","meta":{"_acf_changed":false,"_uag_custom_page_level_css":"","_lmt_disableupdate":"no","_lmt_disable":"","_monsterinsights_skip_tracking":false,"_monsterinsights_sitenote_active":false,"_monsterinsights_sitenote_note":"","_monsterinsights_sitenote_category":0,"site-sidebar-layout":"default","site-content-layout":"","ast-site-content-layout":"default","site-content-style":"default","site-sidebar-style":"default","ast-global-header-display":"","ast-banner-title-visibility":"","ast-main-header-display":"","ast-hfb-above-header-display":"","ast-hfb-below-header-display":"","ast-hfb-mobile-header-display":"","site-post-title":"","ast-breadcrumbs-content":"","ast-featured-img":"","footer-sml-layout":"","ast-disable-related-posts":"","theme-transparent-header-meta":"default","adv-header-id-meta":"","stick-header-meta":"","header-above-stick-meta":"","header-main-stick-meta":"","header-below-stick-meta":"","astra-migrate-meta-layouts":"set","ast-page-background-enabled":"default","ast-page-background-meta":{"desktop":{"background-color":"","background-image":"","background-repeat":"repeat","background-position":"center center","background-size":"auto","background-attachment":"scroll","background-type":"","background-media":"","overlay-type":"","overlay-color":"","overlay-opacity":"","overlay-gradient":""},"tablet":{"background-color":"","background-image":"","background-repeat":"repeat","background-position":"center center","background-size":"auto","background-attachment":"scroll","background-type":"","background-media":"","overlay-type":"","overlay-color":"","overlay-opacity":"","overlay-gradient":""},"mobile":{"background-color":"","background-image":"","background-repeat":"repeat","background-position":"center center","background-size":"auto","background-attachment":"scroll","background-type":"","background-media":"","overlay-type":"","overlay-color":"","overlay-opacity":"","overlay-gradient":""}},"ast-content-background-meta":{"desktop":{"background-color":"var(--ast-global-color-5)","background-image":"","background-repeat":"repeat","background-position":"center center","background-size":"auto","background-attachment":"scroll","background-type":"","background-media":"","overlay-type":"","overlay-color":"","overlay-opacity":"","overlay-gradient":""},"tablet":{"background-color":"var(--ast-global-color-5)","background-image":"","background-repeat":"repeat","background-position":"center center","background-size":"auto","background-attachment":"scroll","background-type":"","background-media":"","overlay-type":"","overlay-color":"","overlay-opacity":"","overlay-gradient":""},"mobile":{"background-color":"var(--ast-global-color-5)","background-image":"","background-repeat":"repeat","background-position":"center center","background-size":"auto","background-attachment":"scroll","background-type":"","background-media":"","overlay-type":"","overlay-color":"","overlay-opacity":"","overlay-gradient":""}},"_joinchat":[]},"product_brand":[],"product_cat":[347,153,158,142,144,146,60],"product_tag":[387,287,503,502,501,393],"class_list":{"0":"post-4702","1":"product","2":"type-product","3":"status-publish","4":"has-post-thumbnail","6":"product_cat-120000-puff","7":"product_cat-buy-disposable-vapes-in-italy","8":"product_cat-buy-disposable-vapes-in-spain","9":"product_cat-digital-box-disposable-vapes","10":"product_cat-low-nicotine-disposable-vapes","11":"product_cat-rechargeable-disposable-vapes","12":"product_cat-waspe-fihp-vape","13":"product_tag-cigarette-vapor","14":"product_tag-disposable-vape-pen","15":"product_tag-multi-flavor-disposable-vape","16":"product_tag-okso-120000-puff","17":"product_tag-okso-120k","18":"product_tag-vape-cartridge","19":"desktop-align-left","20":"tablet-align-left","21":"mobile-align-left","23":"first","24":"instock","25":"sale","26":"shipping-taxable","27":"purchasable","28":"product-type-simple"},"acf":[],"uagb_featured_image_src":{"full":["https:\/\/vapestornado.com\/wp-content\/uploads\/2025\/12\/OKSO-120K-120000-Puff-Disposable-Vaper.webp",800,800,false],"thumbnail":["https:\/\/vapestornado.com\/wp-content\/uploads\/2025\/12\/OKSO-120K-120000-Puff-Disposable-Vaper-150x150.webp",150,150,true],"medium":["https:\/\/vapestornado.com\/wp-content\/uploads\/2025\/12\/OKSO-120K-120000-Puff-Disposable-Vaper-300x300.webp",300,300,true],"medium_large":["https:\/\/vapestornado.com\/wp-content\/uploads\/2025\/12\/OKSO-120K-120000-Puff-Disposable-Vaper-768x768.webp",768,768,true],"large":["https:\/\/vapestornado.com\/wp-content\/uploads\/2025\/12\/OKSO-120K-120000-Puff-Disposable-Vaper.webp",800,800,false],"1536x1536":["https:\/\/vapestornado.com\/wp-content\/uploads\/2025\/12\/OKSO-120K-120000-Puff-Disposable-Vaper.webp",800,800,false],"2048x2048":["https:\/\/vapestornado.com\/wp-content\/uploads\/2025\/12\/OKSO-120K-120000-Puff-Disposable-Vaper.webp",800,800,false],"trp-custom-language-flag":["https:\/\/vapestornado.com\/wp-content\/uploads\/2025\/12\/OKSO-120K-120000-Puff-Disposable-Vaper-12x12.webp",12,12,true],"woocommerce_thumbnail":["https:\/\/vapestornado.com\/wp-content\/uploads\/2025\/12\/OKSO-120K-120000-Puff-Disposable-Vaper-300x300.webp",300,300,true],"woocommerce_single":["https:\/\/vapestornado.com\/wp-content\/uploads\/2025\/12\/OKSO-120K-120000-Puff-Disposable-Vaper-600x600.webp",600,600,true],"woocommerce_gallery_thumbnail":["https:\/\/vapestornado.com\/wp-content\/uploads\/2025\/12\/OKSO-120K-120000-Puff-Disposable-Vaper-100x100.webp",100,100,true]},"uagb_author_info":{"display_name":"ESAMY","author_link":"https:\/\/vapestornado.com\/sl\/author\/"},"uagb_comment_info":0,"uagb_excerpt":"The OKSO 120k Puff is a high-capacity Disposable Vaper delivering up to 120000 puffs with a 6 in 1 multiple flavor adjustable system. It features a digital display, triple mesh coils, 20ml \u00d7 3 e-liquid capacity, and an 850mAh battery for stable, long-term performance. Designed for adult users and wholesale supply, the OKSO 120000 Puffs&hellip;","_links":{"self":[{"href":"https:\/\/vapestornado.com\/sl\/wp-json\/wp\/v2\/product\/4702","targetHints":{"allow":["GET"]}}],"collection":[{"href":"https:\/\/vapestornado.com\/sl\/wp-json\/wp\/v2\/product"}],"about":[{"href":"https:\/\/vapestornado.com\/sl\/wp-json\/wp\/v2\/types\/product"}],"replies":[{"embeddable":true,"href":"https:\/\/vapestornado.com\/sl\/wp-json\/wp\/v2\/comments?post=4702"}],"wp:featuredmedia":[{"embeddable":true,"href":"https:\/\/vapestornado.com\/sl\/wp-json\/wp\/v2\/media\/4707"}],"wp:attachment":[{"href":"https:\/\/vapestornado.com\/sl\/wp-json\/wp\/v2\/media?parent=4702"}],"wp:term":[{"taxonomy":"product_brand","embeddable":true,"href":"https:\/\/vapestornado.com\/sl\/wp-json\/wp\/v2\/product_brand?post=4702"},{"taxonomy":"product_cat","embeddable":true,"href":"https:\/\/vapestornado.com\/sl\/wp-json\/wp\/v2\/product_cat?post=4702"},{"taxonomy":"product_tag","embeddable":true,"href":"https:\/\/vapestornado.com\/sl\/wp-json\/wp\/v2\/product_tag?post=4702"}],"curies":[{"name":"wp","href":"https:\/\/api.w.org\/{rel}","templated":true}]}}