{"id":4566,"date":"2025-11-18T08:50:18","date_gmt":"2025-11-18T08:50:18","guid":{"rendered":"https:\/\/vapestornado.com\/?post_type=product&#038;p=4566"},"modified":"2025-11-18T09:04:54","modified_gmt":"2025-11-18T09:04:54","slug":"bang-legend-150000-puffs-6-in-1-flavor-newest-disposable-vape","status":"publish","type":"product","link":"https:\/\/vapestornado.com\/sl\/product\/bang-legend-150000-puffs-6-in-1-flavor-newest-disposable-vape\/","title":{"rendered":"Bang Legend 150000 vdihov 6 v 1 okus najnovej\u0161i enkratni vape"},"content":{"rendered":"<h2 data-pm-slice=\"1 1 []\">Bang Legend 150000 vdihov 6 v 1 okus najnovej\u0161i enkratni vape \u2014 najbolj\u0161i veleprodajni prodajalec vape v Sloveniji<\/h2>\n<p data-start=\"419\" data-end=\"845\">The <strong data-start=\"423\" data-end=\"451\">Bang Legend 150000 vdihov<\/strong> oblikuje slovenski trg vapinga s formatom, prilagojenim veletrgovcem in mladim mo\u0161kim potro\u0161nikom, ki i\u0161\u010dejo mo\u010d, globino okusa in dolgo trajajo\u010do zmogljivost. To <strong data-start=\"614\" data-end=\"640\">Najnovej\u0161i enkratni vape<\/strong> prina\u0161a nadgrajen <strong data-start=\"660\" data-end=\"682\">6 v 1 okusni vape<\/strong> sistem, ki uporabnikom omogo\u010da preklapljanje med \u0161estimi vrhunskimi me\u0161anicami v eni napravi, poenostavlja zalogo za prodajalce in zagotavlja vsestransko izku\u0161njo za kon\u010dne uporabnike.<\/p>\n<p data-start=\"847\" data-end=\"1062\">Zasnovan z mislijo na veleprodajno distribucijo, Bang Legend 150K zdru\u017euje vzdr\u017eljivost, stabilen izhod pare in vrhunsko tehnologijo ogrevanja, zaradi \u010desar je nujen izdelek za skladi\u0161\u010denje za <strong data-start=\"1023\" data-end=\"1052\">Najbolj\u0161i veleprodajalec vape v Sloveniji<\/strong> kanale.<\/p>\n<p data-start=\"1064\" data-end=\"1568\">Napaja ga 850mAh polnljiva baterija in mre\u017ena tuljava 1.0*3, naprava zagotavlja gladek vapor in odlo\u010den okus \u017ee od prvega vdihavanja do zadnjega vdihavanja. Z hitrim polnjenjem Type-C in ogromno <strong data-start=\"1256\" data-end=\"1271\">150000-vdihov<\/strong> kapaciteto, ta model odgovarja povpra\u0161evanju po dolgotrajnih enkratnih vapih, ki zmanj\u0161ujejo \u010das izpada in pove\u010dujejo udobje uporabnika.<\/p>\n<p data-start=\"1570\" data-end=\"1827\">To je vrsta naprave, ki jo cenijo trgovine v Sloveniji: zanesljiva, okusna, visoka kapaciteta in pripravljena za nakup na debelo. The <strong data-start=\"1682\" data-end=\"1710\">Bang Legend 150000 vdihov<\/strong> ni le \u0161e ena enkratna uporaba\u2014je vodilni v kategoriji, zasnovan za resne trgovce na drobno in distributerje po vsej Sloveniji.<\/p>\n<p data-start=\"666\" data-end=\"1235\"><strong style=\"font-size: 16px;\"><span style=\"color: #ff0000;\">Dodajte Amy na WhatsApp za pravilen odgovor in ceno s popustom!<\/span><\/strong><\/p>\n<p><img fetchpriority=\"high\" decoding=\"async\" class=\"size-full wp-image-2932\" src=\"https:\/\/vapestornado.com\/wp-content\/uploads\/2024\/12\/Vape-Wholesale.jpg\" alt=\"Vape Veleprodaja\" width=\"229\" height=\"300\" \/><\/p>\n<h3><a href=\"https:\/\/wa.me\/8617776015835\" target=\"_blank\" rel=\"noopener\"><span style=\"color: #ff0000;\"><strong>WhatsApp: +386 17776015835<\/strong><\/span><\/a><\/h3>\n<p>&nbsp;<\/p>\n<h2><strong>Kaj naredi Bang Legend 150000 Vdihov Enkratno Vapo Pero izstopajo\u010de?<\/strong><\/h2>\n<ul>\n<li data-start=\"3944\" data-end=\"3990\">\n<p data-start=\"3946\" data-end=\"3990\"><strong data-start=\"3946\" data-end=\"3970\">kapaciteta 150000 vdihov<\/strong> za dolgoro\u010dno uporabo<\/p>\n<\/li>\n<li data-start=\"3991\" data-end=\"4055\">\n<p data-start=\"3993\" data-end=\"4055\"><strong data-start=\"3993\" data-end=\"4019\">6-v-1 rotacija okusov<\/strong> zasnovano za preference mladine v Sloveniji<\/p>\n<\/li>\n<li data-start=\"4056\" data-end=\"4109\">\n<p data-start=\"4058\" data-end=\"4109\"><strong data-start=\"4058\" data-end=\"4077\">1.0*3 mre\u017ena tuljava<\/strong> zagotavlja \u010disti, gost oblak pare<\/p>\n<\/li>\n<li data-start=\"4110\" data-end=\"4151\">\n<p data-start=\"4112\" data-end=\"4151\"><strong data-start=\"4112\" data-end=\"4130\">850 mAh<\/strong> z stabilnim izhodom<\/p>\n<\/li>\n<li data-start=\"4152\" data-end=\"4201\">\n<p data-start=\"4154\" data-end=\"4201\"><strong data-start=\"4154\" data-end=\"4178\">hitro polnjenje Type-C<\/strong> za minimalno obdobje izpada delovanja<\/p>\n<\/li>\n<li data-start=\"4202\" data-end=\"4272\">\n<p data-start=\"4204\" data-end=\"4272\"><strong data-start=\"4204\" data-end=\"4229\">OEM\/ODM prilagoditve<\/strong> za veleprodajalce in blagovne znamke z lastno oznako<\/p>\n<\/li>\n<\/ul>\n<figure id=\"attachment_4561\" aria-describedby=\"caption-attachment-4561\" style=\"width: 300px\" class=\"wp-caption alignnone\"><img decoding=\"async\" class=\"size-medium wp-image-4561\" src=\"https:\/\/vapestornado.com\/wp-content\/uploads\/2025\/11\/Bang-Legend-150K-Puff-Multi-Flavor-Disposable-Vape-300x300.webp\" alt=\"Bang Legend 150K Vdihov Multi Okus Enkratna Vapa\" width=\"300\" height=\"300\" srcset=\"https:\/\/vapestornado.com\/wp-content\/uploads\/2025\/11\/Bang-Legend-150K-Puff-Multi-Flavor-Disposable-Vape-300x300.webp 300w, https:\/\/vapestornado.com\/wp-content\/uploads\/2025\/11\/Bang-Legend-150K-Puff-Multi-Flavor-Disposable-Vape-150x150.webp 150w, https:\/\/vapestornado.com\/wp-content\/uploads\/2025\/11\/Bang-Legend-150K-Puff-Multi-Flavor-Disposable-Vape-768x768.webp 768w, https:\/\/vapestornado.com\/wp-content\/uploads\/2025\/11\/Bang-Legend-150K-Puff-Multi-Flavor-Disposable-Vape-12x12.webp 12w, https:\/\/vapestornado.com\/wp-content\/uploads\/2025\/11\/Bang-Legend-150K-Puff-Multi-Flavor-Disposable-Vape-600x600.webp 600w, https:\/\/vapestornado.com\/wp-content\/uploads\/2025\/11\/Bang-Legend-150K-Puff-Multi-Flavor-Disposable-Vape-100x100.webp 100w, https:\/\/vapestornado.com\/wp-content\/uploads\/2025\/11\/Bang-Legend-150K-Puff-Multi-Flavor-Disposable-Vape.webp 800w\" sizes=\"(max-width: 300px) 100vw, 300px\" \/><figcaption id=\"caption-attachment-4561\" class=\"wp-caption-text\">Bang Legend 150K Vdihov Multi Okus Enkratna Vapa<\/figcaption><\/figure>\n<h2 class=\"product-title\"><strong>Seznam okusov enkratnih vap v Bang Legend 150000 vdihov<\/strong><\/h2>\n<h2 data-start=\"1834\" data-end=\"1884\"><\/h2>\n<ol>\n<li style=\"list-style-type: none;\">\n<ol data-start=\"1886\" data-end=\"3879\">\n<li data-start=\"1886\" data-end=\"2027\">\n<p data-start=\"1889\" data-end=\"2027\"><strong data-start=\"1889\" data-end=\"1934\">Breskev Led \/ Mango Breskev \/ Borovni\u010dev Breskev<\/strong><br data-start=\"1934\" data-end=\"1937\" \/>Breskev Led + Mango Breskev \/ Breskev Led + Borovni\u010dev Breskev \/ Mango Breskev + Borovni\u010dev Breskev<\/p>\n<\/li>\n<li data-start=\"2028\" data-end=\"2214\">\n<p data-start=\"2031\" data-end=\"2214\"><strong data-start=\"2031\" data-end=\"2091\">Ananas Led \/ Ananas Kokos \/ Kivi Ananas<\/strong><br data-start=\"2091\" data-end=\"2094\" \/>Ananas Led + Ananas Kokos \/ Ananas Led + Kivi Ananas \/ Kokos Ananas + Kivi Ananas<\/p>\n<\/li>\n<li data-start=\"2215\" data-end=\"2371\">\n<p data-start=\"2218\" data-end=\"2371\"><strong data-start=\"2218\" data-end=\"2268\">Grozdni Led \/ Gumi Grozdni Led \/ Rde\u010da Riba Grozdni<\/strong><br data-start=\"2268\" data-end=\"2271\" \/>Grozdni Led + Gumi Grozdni Led \/ Grozdni Led + Rde\u010da Riba Grozdni \/ Gumi Grozdni Led + Rde\u010da Riba Grozdni<\/p>\n<\/li>\n<li data-start=\"2372\" data-end=\"2567\">\n<p data-start=\"2375\" data-end=\"2567\"><strong data-start=\"2375\" data-end=\"2438\">Lubenica Led \/ Lubenica Jagode \/ Jagoda Lubenica<\/strong><br data-start=\"2438\" data-end=\"2441\" \/>Lubenica Led + Lubenica Jagode \/ Lubenica Led + Jagoda Lubenica \/ Jagoda Lubenica + Jagoda Lubenica<\/p>\n<\/li>\n<li data-start=\"2568\" data-end=\"2778\">\n<p data-start=\"2571\" data-end=\"2778\"><strong data-start=\"2571\" data-end=\"2639\">Borovni\u010dev Ice \/ Borovni\u010dev Raspberries \/ Borovni\u010dev Brusnica \u010ce\u0161nja<\/strong><br data-start=\"2639\" data-end=\"2642\" \/>Borovni\u010dev Ice + Borovni\u010dev Raspberries \/ Borovni\u010dev Ice + Borovni\u010dev Brusnica \u010ce\u0161nja \/ Borovni\u010dev Raspberries + Borovni\u010dev Brusnica \u010ce\u0161nja<\/p>\n<\/li>\n<li data-start=\"2779\" data-end=\"2950\">\n<p data-start=\"2782\" data-end=\"2950\"><strong data-start=\"2782\" data-end=\"2837\">Banana Ice \/ Strawberry Banana \/ Citronska Kislina Orange<\/strong><br data-start=\"2837\" data-end=\"2840\" \/>Banana Ice + Strawberry Banana \/ Banana Ice + Citronska Kislina Orange \/ Strawberry Banana + Citronska Kislina Orange<\/p>\n<\/li>\n<li data-start=\"2951\" data-end=\"3092\">\n<p data-start=\"2954\" data-end=\"3092\"><strong data-start=\"2954\" data-end=\"2999\">Jabol\u010dni Ice \/ Jabol\u010dni Grozd \/ Borovni\u010dev Grozd<\/strong><br data-start=\"2999\" data-end=\"3002\" \/>Jabol\u010dni Ice + Jabol\u010dni Grozd \/ Jabol\u010dni Ice + Borovni\u010dev Grozd \/ Jabol\u010dni Grozd + Borovni\u010dev Grozd<\/p>\n<\/li>\n<li data-start=\"3093\" data-end=\"3252\">\n<p data-start=\"3096\" data-end=\"3252\"><strong data-start=\"3096\" data-end=\"3147\">Mango Ice \/ Peach Mango Watermelon \/ Gumi Medved<\/strong><br data-start=\"3147\" data-end=\"3150\" \/>Mango Ice + Peach Mango Watermelon \/ Mango Ice + Gumi Medved \/ Peach Mango Watermelon + Gumi Medved<\/p>\n<\/li>\n<li data-start=\"3253\" data-end=\"3382\">\n<p data-start=\"3256\" data-end=\"3382\"><strong data-start=\"3256\" data-end=\"3297\">\u010ce\u0161njev Ice \/ Me\u0161ane Berries \/ Rde\u010da Cola<\/strong><br data-start=\"3297\" data-end=\"3300\" \/>\u010ce\u0161njev Ice + Me\u0161ane Berries \/ \u010ce\u0161njev Ice + Rde\u010da Cola \/ Me\u0161ane Berries + Rde\u010da Cola<\/p>\n<\/li>\n<li data-start=\"3383\" data-end=\"3528\">\n<p data-start=\"3387\" data-end=\"3528\"><strong data-start=\"3387\" data-end=\"3433\">Rde\u010di Buldog \/ Lubenica \u017dve\u010dilni Gumi \/ Ljubezen 66<\/strong><br data-start=\"3433\" data-end=\"3436\" \/>Rde\u010di Buldog + Lubenica \u017dve\u010dilni Gumi \/ Rde\u010di Buldog + Ljubezen 66 \/ Lubenica \u017dve\u010dilni Gumi + Ljubezen 66<\/p>\n<\/li>\n<li data-start=\"3529\" data-end=\"3704\">\n<p data-start=\"3533\" data-end=\"3704\"><strong data-start=\"3533\" data-end=\"3589\">Jagodni Ice \/ Jagodni Kiwi \/ Jagodni Lychee<\/strong><br data-start=\"3589\" data-end=\"3592\" \/>Jagodni Ice + Jagodni Kiwi \/ Jagodni Ice + Jagodni Lychee \/ Jagodni Kiwi + Jagodni Lychee<\/p>\n<\/li>\n<li data-start=\"3705\" data-end=\"3879\">\n<p data-start=\"3709\" data-end=\"3879\"><strong data-start=\"3709\" data-end=\"3772\">Strastni Passion Fruit \/ Guava Lime \/ Passion Fruit Lemon<\/strong><br data-start=\"3772\" data-end=\"3775\" \/>Strastni Sadje + Guava Limona \/ Strastni Sadje + Strastni Sadje Limona \/ Guava Limona + Strastni Sadje Limona<\/p>\n<\/li>\n<\/ol>\n<\/li>\n<\/ol>\n<p>&nbsp;<\/p>\n<h2>Zakaj izbrati Vapestornado za Bang Legend 150000 Vdihov na veliko?<\/h2>\n<div class=\"flex-shrink-0 flex flex-col relative items-end\">\n<div class=\"pt-0\">\n<div class=\"gizmo-bot-avatar flex h-8 w-8 items-center justify-center overflow-hidden rounded-full\">\n<div class=\"relative p-1 rounded-sm flex items-center justify-center bg-token-main-surface-primary text-token-text-primary h-8 w-8\">\n<p data-start=\"648\" data-end=\"799\">Izbira <strong data-start=\"189\" data-end=\"205\">Vapestornado<\/strong> kot va\u0161 dobavitelj za <strong data-start=\"227\" data-end=\"261\">Elf Bar Moon Night 40000 Vdihov<\/strong> pomeni zagotavljanje partnerja, ki razume potrebe veletrgovcev in prodajalcev v Sloveniji. Osredoto\u010damo se na hitro dostavo, preverjeno zalogo in stabilno dolgoro\u010dno oskrbo\u2014klju\u010dne dejavnike za podjetja, ki prodajajo izdelke z visoko prostornino, kot je <strong data-start=\"489\" data-end=\"515\">Elf Bar Moon Night 40K<\/strong>. Vsaka serija je pridobljena neposredno iz certificiranih kanalov, kar zagotavlja avtenti\u010dne izdelke, mo\u010dno konsistentnost okusa in zanesljivo kakovost, ki ustreza pri\u010dakovanjem kupcev v Sloveniji.<\/p>\n<p data-start=\"559\" data-end=\"933\" data-is-last-node=\"\" data-is-only-node=\"\">Imamo tudi nekaj drugih priljubljenih enkratnih vape naprav z zaslonom, kot je <a href=\"https:\/\/vapestornado.com\/sl\/product\/uzy-150k-puffs-6-in-1-flavor-switch-disposable-vape-pen-wholesale\/\">UZY 150K Puff okusni preklop vaporizator<\/a>, <a href=\"https:\/\/vapestornado.com\/sl\/product\/vozol-rave-40k-40000-puffs-disposable-vape-smart-screen-5-nicotine\/\">VOZOL RAVE 40K Enkratni Vape<\/a>, <a href=\"https:\/\/vapestornado.com\/sl\/product\/waspe-150k-150000-puff-6-in-1-disposable-vape-pen-cartridge-best-wholesale-price-in-poland\/\">WASPE 150K Vdihov 6 v 1<\/a>, in \u0161e ve\u010d.<\/p>\n<\/div>\n<div class=\"relative p-1 rounded-sm flex items-center justify-center bg-token-main-surface-primary text-token-text-primary h-8 w-8\">\n<h2>Pogosta vpra\u0161anja o Bang Legend 150000 Vdihov<\/h2>\n<p data-start=\"4658\" data-end=\"4815\"><strong data-start=\"4658\" data-end=\"4721\">1. Kako dolgo obi\u010dajno traja Bang Legend 150000 Vdihov?<\/strong><br data-start=\"4721\" data-end=\"4724\" \/>Za povpre\u010dne uporabnike lahko naprava traja ve\u010d tednov zaradi svoje ogromne kapacitete 150K vdihov.<\/p>\n<p data-start=\"4817\" data-end=\"4927\"><strong data-start=\"4817\" data-end=\"4861\">2. Ali je Bang Legend 150K polnljiv?<\/strong><br data-start=\"4861\" data-end=\"4864\" \/>Da, vklju\u010duje priklju\u010dek Type-C za hitro in u\u010dinkovito polnjenje.<\/p>\n<p data-start=\"4929\" data-end=\"5084\"><strong data-start=\"4929\" data-end=\"4980\">3. Kaj naredi sistem okusov 6-v-1 poseben?<\/strong><br data-start=\"4980\" data-end=\"4983\" \/>Omogo\u010da uporabnikom, da takoj preklapljajo med \u0161estimi okusi, s \u010dimer zmanj\u0161ujejo potrebo po no\u0161enju ve\u010d naprav.<\/p>\n<p data-start=\"5086\" data-end=\"5240\"><strong data-start=\"5086\" data-end=\"5146\">4. Je ta model primeren za veleprodajo najbolj\u0161ih izdelkov v Sloveniji?<\/strong><br data-start=\"5146\" data-end=\"5149\" \/>Da, je zelo priporo\u010dljiv za veleprodajne mre\u017ee zaradi povpra\u0161evanja in stabilnosti oskrbe.<\/p>\n<p data-start=\"5242\" data-end=\"5375\"><strong data-start=\"5242\" data-end=\"5287\">5. Ali Bang Legend 150K uporablja mre\u017eno tuljavo?<\/strong><br data-start=\"5287\" data-end=\"5290\" \/>Vsebuje mre\u017eno tuljavo 1.0*3, ki zagotavlja enakomerno segrevanje in mo\u010dan, konsistenten okus.<\/p>\n<\/div>\n<\/div>\n<\/div>\n<\/div>","protected":false},"excerpt":{"rendered":"<article class=\"text-token-text-primary w-full focus:outline-none [--shadow-height:45px] has-data-writing-block:pointer-events-none has-data-writing-block:-mt-(--shadow-height) has-data-writing-block:pt-(--shadow-height) [&amp;:has([data-writing-block])&gt;*]:pointer-events-auto [content-visibility:auto] supports-[content-visibility:auto]:[contain-intrinsic-size:auto_100lvh] scroll-mt-[calc(var(--header-height)+min(200px,max(70px,20svh)))]\" dir=\"auto\" tabindex=\"-1\" data-turn-id=\"86ca9d92-7a10-4e6b-bda0-15f9df36adca\" data-testid=\"conversation-turn-120\" data-scroll-anchor=\"true\" data-turn=\"assistant\">\n<div class=\"text-base my-auto mx-auto pb-10 [--thread-content-margin:--spacing(4)] thread-sm:[--thread-content-margin:--spacing(6)] thread-lg:[--thread-content-margin:--spacing(16)] px-(--thread-content-margin)\">\n<div class=\"[--thread-content-max-width:40rem] thread-lg:[--thread-content-max-width:48rem] mx-auto max-w-(--thread-content-max-width) flex-1 group\/turn-messages focus-visible:outline-hidden relative flex w-full min-w-0 flex-col agent-turn\" tabindex=\"-1\">\n<div class=\"flex max-w-full flex-col grow\">\n<div class=\"min-h-8 text-message relative flex w-full flex-col items-end gap-2 text-start break-words whitespace-normal [.text-message+&amp;]:mt-1\" dir=\"auto\" data-message-author-role=\"assistant\" data-message-id=\"43b070d6-bf28-4fbe-8049-1032a61ea3ac\" data-message-model-slug=\"gpt-5\">\n<div class=\"flex w-full flex-col gap-1 empty:hidden first:pt-[1px]\">\n<div class=\"markdown prose dark:prose-invert w-full break-words light markdown-new-styling\">\n<article class=\"text-token-text-primary w-full focus:outline-none [--shadow-height:45px] has-data-writing-block:pointer-events-none has-data-writing-block:-mt-(--shadow-height) has-data-writing-block:pt-(--shadow-height) [&amp;:has([data-writing-block])&gt;*]:pointer-events-auto [content-visibility:auto] supports-[content-visibility:auto]:[contain-intrinsic-size:auto_100lvh] scroll-mt-[calc(var(--header-height)+min(200px,max(70px,20svh)))]\" dir=\"auto\" tabindex=\"-1\" data-turn-id=\"4d6f00b8-d41a-438b-8912-05a895842882\" data-testid=\"conversation-turn-130\" data-scroll-anchor=\"true\" data-turn=\"assistant\">\n<div class=\"text-base my-auto mx-auto pb-10 [--thread-content-margin:--spacing(4)] thread-sm:[--thread-content-margin:--spacing(6)] thread-lg:[--thread-content-margin:--spacing(16)] px-(--thread-content-margin)\">\n<div class=\"[--thread-content-max-width:40rem] thread-lg:[--thread-content-max-width:48rem] mx-auto max-w-(--thread-content-max-width) flex-1 group\/turn-messages focus-visible:outline-hidden relative flex w-full min-w-0 flex-col agent-turn\" tabindex=\"-1\">\n<div class=\"flex max-w-full flex-col grow\">\n<div class=\"min-h-8 text-message relative flex w-full flex-col items-end gap-2 text-start break-words whitespace-normal [.text-message+&amp;]:mt-1\" dir=\"auto\" data-message-author-role=\"assistant\" data-message-id=\"f3c520bf-c043-4392-87ea-b3bf1b3ae6d3\" data-message-model-slug=\"gpt-5-1\">\n<div class=\"flex w-full flex-col gap-1 empty:hidden first:pt-[1px]\">\n<div class=\"markdown prose dark:prose-invert w-full break-words light markdown-new-styling\">\n<p>Bang Legend 150000 vdihov 6 v 1 \u2014 najbolj prodajan najnovej\u0161i enkratni vape v Sloveniji<\/p>\n<p>Bang Legend 150K 6 v 1 okusni vape za veletrgovce v EU \u2014 zmogljiv, dolgotrajen, pripravljen za velike naro\u010dila<\/p>\n<p>Bang Legend 150000 vdihov enkratni vape \u2014 vrhunska rotacija 6 okusov za slovenski trg vape<\/p>\n<\/div>\n<\/div>\n<\/div>\n<\/div>\n<\/div>\n<\/div>\n<\/article>\n<div class=\"pointer-events-none h-px w-px\" aria-hidden=\"true\" data-edge=\"true\"><\/div>\n<\/div>\n<\/div>\n<\/div>\n<\/div>\n<\/div>\n<\/div>\n<\/article>\n<p><img fetchpriority=\"high\" decoding=\"async\" class=\"size-full wp-image-2932\" src=\"https:\/\/vapestornado.com\/wp-content\/uploads\/2024\/12\/Vape-Wholesale.jpg\" alt=\"Vape Veleprodaja\" width=\"229\" height=\"300\" \/><\/p>\n<h3><a href=\"https:\/\/wa.me\/8617776015835\"><span style=\"color: #ff0000;\"><strong>WhatsApp: +386 17776015835<\/strong><\/span><\/a><\/h3>\n<p>&nbsp;<\/p>","protected":false},"featured_media":4560,"comment_status":"open","ping_status":"closed","template":"","meta":{"_acf_changed":false,"_uag_custom_page_level_css":"","_lmt_disableupdate":"no","_lmt_disable":"","_monsterinsights_skip_tracking":false,"_monsterinsights_sitenote_active":false,"_monsterinsights_sitenote_note":"","_monsterinsights_sitenote_category":0,"site-sidebar-layout":"default","site-content-layout":"","ast-site-content-layout":"default","site-content-style":"default","site-sidebar-style":"default","ast-global-header-display":"","ast-banner-title-visibility":"","ast-main-header-display":"","ast-hfb-above-header-display":"","ast-hfb-below-header-display":"","ast-hfb-mobile-header-display":"","site-post-title":"","ast-breadcrumbs-content":"","ast-featured-img":"","footer-sml-layout":"","ast-disable-related-posts":"","theme-transparent-header-meta":"default","adv-header-id-meta":"","stick-header-meta":"","header-above-stick-meta":"","header-main-stick-meta":"","header-below-stick-meta":"","astra-migrate-meta-layouts":"set","ast-page-background-enabled":"default","ast-page-background-meta":{"desktop":{"background-color":"","background-image":"","background-repeat":"repeat","background-position":"center center","background-size":"auto","background-attachment":"scroll","background-type":"","background-media":"","overlay-type":"","overlay-color":"","overlay-opacity":"","overlay-gradient":""},"tablet":{"background-color":"","background-image":"","background-repeat":"repeat","background-position":"center center","background-size":"auto","background-attachment":"scroll","background-type":"","background-media":"","overlay-type":"","overlay-color":"","overlay-opacity":"","overlay-gradient":""},"mobile":{"background-color":"","background-image":"","background-repeat":"repeat","background-position":"center center","background-size":"auto","background-attachment":"scroll","background-type":"","background-media":"","overlay-type":"","overlay-color":"","overlay-opacity":"","overlay-gradient":""}},"ast-content-background-meta":{"desktop":{"background-color":"var(--ast-global-color-5)","background-image":"","background-repeat":"repeat","background-position":"center center","background-size":"auto","background-attachment":"scroll","background-type":"","background-media":"","overlay-type":"","overlay-color":"","overlay-opacity":"","overlay-gradient":""},"tablet":{"background-color":"var(--ast-global-color-5)","background-image":"","background-repeat":"repeat","background-position":"center center","background-size":"auto","background-attachment":"scroll","background-type":"","background-media":"","overlay-type":"","overlay-color":"","overlay-opacity":"","overlay-gradient":""},"mobile":{"background-color":"var(--ast-global-color-5)","background-image":"","background-repeat":"repeat","background-position":"center center","background-size":"auto","background-attachment":"scroll","background-type":"","background-media":"","overlay-type":"","overlay-color":"","overlay-opacity":"","overlay-gradient":""}},"_joinchat":{"telephone":"17776015835"}},"product_brand":[],"product_cat":[394,62,149,150,156,357,146],"product_tag":[440,105,441,436,435,439,301],"class_list":{"0":"post-4566","1":"product","2":"type-product","3":"status-publish","4":"has-post-thumbnail","6":"product_cat-150000-puff","7":"product_cat-bang-vape","8":"product_cat-buy-disposable-vapes-in-austria","9":"product_cat-buy-disposable-vapes-in-belgium","10":"product_cat-buy-disposable-vapes-in-poland","11":"product_cat-flavor-adjustable-vape","12":"product_cat-rechargeable-disposable-vapes","13":"product_tag-bang-legend-150000","14":"product_tag-digital-disposable-vape","15":"product_tag-puff-150k","16":"product_tag-shop-vape-online","17":"product_tag-vape-eu-wholesale","18":"product_tag-vape-germany-wholesale","19":"product_tag-vapor-wholesale","20":"desktop-align-left","21":"tablet-align-left","22":"mobile-align-left","24":"first","25":"instock","26":"sale","27":"shipping-taxable","28":"purchasable","29":"product-type-simple"},"acf":[],"uagb_featured_image_src":{"full":["https:\/\/vapestornado.com\/wp-content\/uploads\/2025\/11\/Bang-Legend-150K-Puff-Disposable-Vape.webp",800,800,false],"thumbnail":["https:\/\/vapestornado.com\/wp-content\/uploads\/2025\/11\/Bang-Legend-150K-Puff-Disposable-Vape-150x150.webp",150,150,true],"medium":["https:\/\/vapestornado.com\/wp-content\/uploads\/2025\/11\/Bang-Legend-150K-Puff-Disposable-Vape-300x300.webp",300,300,true],"medium_large":["https:\/\/vapestornado.com\/wp-content\/uploads\/2025\/11\/Bang-Legend-150K-Puff-Disposable-Vape-768x768.webp",768,768,true],"large":["https:\/\/vapestornado.com\/wp-content\/uploads\/2025\/11\/Bang-Legend-150K-Puff-Disposable-Vape.webp",800,800,false],"1536x1536":["https:\/\/vapestornado.com\/wp-content\/uploads\/2025\/11\/Bang-Legend-150K-Puff-Disposable-Vape.webp",800,800,false],"2048x2048":["https:\/\/vapestornado.com\/wp-content\/uploads\/2025\/11\/Bang-Legend-150K-Puff-Disposable-Vape.webp",800,800,false],"trp-custom-language-flag":["https:\/\/vapestornado.com\/wp-content\/uploads\/2025\/11\/Bang-Legend-150K-Puff-Disposable-Vape-12x12.webp",12,12,true],"woocommerce_thumbnail":["https:\/\/vapestornado.com\/wp-content\/uploads\/2025\/11\/Bang-Legend-150K-Puff-Disposable-Vape-300x300.webp",300,300,true],"woocommerce_single":["https:\/\/vapestornado.com\/wp-content\/uploads\/2025\/11\/Bang-Legend-150K-Puff-Disposable-Vape-600x600.webp",600,600,true],"woocommerce_gallery_thumbnail":["https:\/\/vapestornado.com\/wp-content\/uploads\/2025\/11\/Bang-Legend-150K-Puff-Disposable-Vape-100x100.webp",100,100,true]},"uagb_author_info":{"display_name":"ESAMY","author_link":"https:\/\/vapestornado.com\/sl\/author\/"},"uagb_comment_info":0,"uagb_excerpt":"Bang Legend 150000 Puffs 6 in 1 \u2014 Italy\u2019s Best-Selling Newest Disposable Vape Bang Legend 150K 6 in 1 Flavor Vape for EU Wholesalers \u2014 Powerful, Long-Lasting, Ready for Bulk Orders Bang Legend 150000 Puffs Disposable Vape \u2014 Premium 6-Flavor Rotation for Europe\u2019s Vape Market WhatsApp: +86 17776015835 &nbsp;","_links":{"self":[{"href":"https:\/\/vapestornado.com\/sl\/wp-json\/wp\/v2\/product\/4566","targetHints":{"allow":["GET"]}}],"collection":[{"href":"https:\/\/vapestornado.com\/sl\/wp-json\/wp\/v2\/product"}],"about":[{"href":"https:\/\/vapestornado.com\/sl\/wp-json\/wp\/v2\/types\/product"}],"replies":[{"embeddable":true,"href":"https:\/\/vapestornado.com\/sl\/wp-json\/wp\/v2\/comments?post=4566"}],"wp:featuredmedia":[{"embeddable":true,"href":"https:\/\/vapestornado.com\/sl\/wp-json\/wp\/v2\/media\/4560"}],"wp:attachment":[{"href":"https:\/\/vapestornado.com\/sl\/wp-json\/wp\/v2\/media?parent=4566"}],"wp:term":[{"taxonomy":"product_brand","embeddable":true,"href":"https:\/\/vapestornado.com\/sl\/wp-json\/wp\/v2\/product_brand?post=4566"},{"taxonomy":"product_cat","embeddable":true,"href":"https:\/\/vapestornado.com\/sl\/wp-json\/wp\/v2\/product_cat?post=4566"},{"taxonomy":"product_tag","embeddable":true,"href":"https:\/\/vapestornado.com\/sl\/wp-json\/wp\/v2\/product_tag?post=4566"}],"curies":[{"name":"wp","href":"https:\/\/api.w.org\/{rel}","templated":true}]}}