{"id":4537,"date":"2025-11-13T08:50:19","date_gmt":"2025-11-13T08:50:19","guid":{"rendered":"https:\/\/vapestornado.com\/?post_type=product&#038;p=4537"},"modified":"2025-11-13T09:14:06","modified_gmt":"2025-11-13T09:14:06","slug":"uzy-bang-digital-15k-puff-monkey-vape-pen-eu-warehouse-fast-shipping","status":"publish","type":"product","link":"https:\/\/vapestornado.com\/sl\/product\/uzy-bang-digital-15k-puff-monkey-vape-pen-eu-warehouse-fast-shipping\/","title":{"rendered":"UZY Bang Digital 15K Puff 15000 Monkey Vape Pen EU Skladi\u0161\u010de Hitra Dostava"},"content":{"rendered":"<h2 data-pm-slice=\"1 1 []\">UZY Bang Digital 15K Puff \u2013 Kompaktna Mo\u010d, Premium Okus, Hitra EU Dostava<\/h2>\n<p data-start=\"90\" data-end=\"703\">The <strong data-start=\"94\" data-end=\"118\">UZY Bang Digital 15K<\/strong> definira, kaj lahko ponudi kompaktna <strong data-start=\"144\" data-end=\"171\">digitalna enkratna vape<\/strong> z <strong data-start=\"190\" data-end=\"222\">kapaciteto 15000 pufov<\/strong> in <strong data-start=\"227\" data-end=\"254\">25 ml prednapolnjene e-teko\u010dine<\/strong>, ta model zdru\u017euje dolgo trajajo\u010do zmogljivost s gladkim, enakomernim tvorjenjem pare. Zasnovan za vaperje, ki zahtevajo tako vzdr\u017eljivost kot okus, <strong data-start=\"406\" data-end=\"423\">UZY 15K Pufov<\/strong> ima <strong data-start=\"435\" data-end=\"453\">Mre\u017ena tuljava 1,0 \u03a9<\/strong> za goste oblake in \u010disti okus v vsakem vdihu. Njegova <strong data-start=\"506\" data-end=\"544\">850 mAh Tip-C polnilna baterija<\/strong> zagotavlja celodnevno mo\u010d z hitro, u\u010dinkovito polnjenjem \u2014 zaradi \u010desar je idealen tako za vsakodnevne uporabnike kot za veleprodajne kupce, ki i\u0161\u010dejo zanesljivost v ve\u010djih naro\u010dilih.<\/p>\n<p data-start=\"705\" data-end=\"1168\">Ta <strong data-start=\"710\" data-end=\"735\">pametni enkratni vape<\/strong> izstopa z <strong data-start=\"754\" data-end=\"777\">digitalnim LED zaslonom<\/strong> ki spremlja \u017eivljenjsko dobo baterije in ravni e-teko\u010dine v realnem \u010dasu \u2014 funkcijo, ki je redko na voljo v kompaktnih vapih. Funkcija <strong data-start=\"883\" data-end=\"930\">nastavljive mo\u017enosti nikotina (0%, 2%, 3%, 5%)<\/strong> ga naredi popolnega za vse preference, od uporabnikov brez nikotina do tistih, ki u\u017eivajo mo\u010dnej\u0161i grlo udarec. Kompaktno, a zmogljivo, ta <strong data-start=\"1057\" data-end=\"1080\">UZY Digital 15K Puf<\/strong> se enostavno prilega v \u017eep, hkrati pa zagotavlja zmogljivost, primerljivo z ve\u010djimi napravami.<\/p>\n<p data-start=\"1170\" data-end=\"1516\">Z zalogo na voljo v na\u0161em <strong data-start=\"1198\" data-end=\"1214\">EU skladi\u0161\u010du<\/strong> in <strong data-start=\"1219\" data-end=\"1296\">hitra dostava v dr\u017eave, kot so Francija, Nem\u010dija, \u0160panija, Italija in Poljska<\/strong>, je <strong data-start=\"1302\" data-end=\"1331\">UZY Bang Digital 15K Puf<\/strong> je va\u0161a najbolj\u0161a izbira za visoko mar\u017eo na veleprodajnih in maloprodajnih prodajah. Je okolju prijazna, ponovno polnljiva disposable naprava \u2014 zmanj\u0161uje odpadke, hkrati pa zagotavlja neprimerljivo udobje in kakovost okusa.<\/p>\n<p data-start=\"666\" data-end=\"1235\"><strong style=\"font-size: 16px;\"><span style=\"color: #ff0000;\">Dodajte Amy na WhatsApp za pravilen odgovor in ceno s popustom!<\/span><\/strong><\/p>\n<p><img fetchpriority=\"high\" decoding=\"async\" class=\"size-full wp-image-2932\" src=\"https:\/\/vapestornado.com\/wp-content\/uploads\/2024\/12\/Vape-Wholesale.jpg\" alt=\"Vape Veleprodaja\" width=\"229\" height=\"300\" \/><\/p>\n<h3><a href=\"https:\/\/wa.me\/8617776015835\" target=\"_blank\" rel=\"noopener\"><span style=\"color: #ff0000;\"><strong>WhatsApp: +386 17776015835<\/strong><\/span><\/a><\/h3>\n<p>&nbsp;<\/p>\n<h2><strong>UZY Bang Digital 15K Bar Klju\u010dne Zna\u010dilnosti Izdelka<\/strong><\/h2>\n<ul>\n<li data-start=\"1573\" data-end=\"1606\">\n<p data-start=\"1575\" data-end=\"1606\"><strong data-start=\"1575\" data-end=\"1585\">Vpihi:<\/strong> do 15.000 vdihov<\/p>\n<\/li>\n<li data-start=\"1607\" data-end=\"1655\">\n<p data-start=\"1609\" data-end=\"1655\"><strong data-start=\"1609\" data-end=\"1631\">Kapaciteta e-teko\u010dine:<\/strong> 25 ml vrhunske soli nikotina<\/p>\n<\/li>\n<li data-start=\"1656\" data-end=\"1699\">\n<p data-start=\"1658\" data-end=\"1699\"><strong data-start=\"1658\" data-end=\"1670\">Baterija:<\/strong> 850mAh Type-C ponovno polnjenje<\/p>\n<\/li>\n<li data-start=\"1700\" data-end=\"1744\">\n<p data-start=\"1702\" data-end=\"1744\"><strong data-start=\"1702\" data-end=\"1711\">Cev:<\/strong> mesh tuljava 1.0\u03a9 za bogate oblake<\/p>\n<\/li>\n<li data-start=\"1745\" data-end=\"1804\">\n<p data-start=\"1747\" data-end=\"1804\"><strong data-start=\"1747\" data-end=\"1759\">Prikaz:<\/strong> LED digitalni zaslon (nivo baterije in teko\u010dine)<\/p>\n<\/li>\n<li data-start=\"1805\" data-end=\"1846\">\n<p data-start=\"1807\" data-end=\"1846\"><strong data-start=\"1807\" data-end=\"1829\">Vsebnost nikotina:<\/strong> 0%, 2%, 3%, 5%<\/p>\n<\/li>\n<li data-start=\"1847\" data-end=\"1888\">\n<p data-start=\"1849\" data-end=\"1888\"><strong data-start=\"1849\" data-end=\"1867\">Vhod za polnjenje:<\/strong> hitro polnjenje Type-C<\/p>\n<\/li>\n<li data-start=\"1889\" data-end=\"1945\">\n<p data-start=\"1891\" data-end=\"1945\"><strong data-start=\"1891\" data-end=\"1905\">Skladi\u0161\u010de:<\/strong> EU zaloga, hitra dostava po Evropi<\/p>\n<\/li>\n<\/ul>\n<figure id=\"attachment_4531\" aria-describedby=\"caption-attachment-4531\" style=\"width: 300px\" class=\"wp-caption alignnone\"><img decoding=\"async\" class=\"size-medium wp-image-4531\" src=\"https:\/\/vapestornado.com\/wp-content\/uploads\/2025\/11\/Original-Uzy-Bang-Digital-15000-Puff-15k-Disposable-E-Cigs-300x300.webp\" alt=\"Original Uzy Bang Digital 15000 vdihov 15k disposable e-cigaret\" width=\"300\" height=\"300\" srcset=\"https:\/\/vapestornado.com\/wp-content\/uploads\/2025\/11\/Original-Uzy-Bang-Digital-15000-Puff-15k-Disposable-E-Cigs-300x300.webp 300w, https:\/\/vapestornado.com\/wp-content\/uploads\/2025\/11\/Original-Uzy-Bang-Digital-15000-Puff-15k-Disposable-E-Cigs-150x150.webp 150w, https:\/\/vapestornado.com\/wp-content\/uploads\/2025\/11\/Original-Uzy-Bang-Digital-15000-Puff-15k-Disposable-E-Cigs-768x768.webp 768w, https:\/\/vapestornado.com\/wp-content\/uploads\/2025\/11\/Original-Uzy-Bang-Digital-15000-Puff-15k-Disposable-E-Cigs-12x12.webp 12w, https:\/\/vapestornado.com\/wp-content\/uploads\/2025\/11\/Original-Uzy-Bang-Digital-15000-Puff-15k-Disposable-E-Cigs-600x600.webp 600w, https:\/\/vapestornado.com\/wp-content\/uploads\/2025\/11\/Original-Uzy-Bang-Digital-15000-Puff-15k-Disposable-E-Cigs-100x100.webp 100w, https:\/\/vapestornado.com\/wp-content\/uploads\/2025\/11\/Original-Uzy-Bang-Digital-15000-Puff-15k-Disposable-E-Cigs.webp 800w\" sizes=\"(max-width: 300px) 100vw, 300px\" \/><figcaption id=\"caption-attachment-4531\" class=\"wp-caption-text\">Original Uzy Bang Digital 15000 vdihov 15k disposable e-cigaret<\/figcaption><\/figure>\n<h2 class=\"product-title\"><strong>UZY Bang Digital 15K Disposable Seznam okusov za vapiranje<\/strong><\/h2>\n<p>1. Jagoda lubenica<br \/>\n2. Borovnica na ledu<br \/>\n3. Breskev Mango Ananas<br \/>\n4. Grozdni led<br \/>\n5. Melonov led<br \/>\n6. Breskov led<br \/>\n7. Jagoda Kiwi<br \/>\n8. Borovnica malina<br \/>\n9. Kivi Pasijonov sad<br \/>\n10. MR Modro<br \/>\n11. Trojni Mango led<br \/>\n12. Rde\u010di energijski led<\/p>\n<h3 data-start=\"2251\" data-end=\"2296\"><strong data-start=\"2255\" data-end=\"2296\">Zakaj izbrati UZY Bang Digital 15K Puff?<\/strong><\/h3>\n<ul data-start=\"2297\" data-end=\"2680\">\n<li data-start=\"2297\" data-end=\"2373\">\n<p data-start=\"2299\" data-end=\"2373\"><strong data-start=\"2299\" data-end=\"2328\">Trajna zmogljivost:<\/strong> 15.000 potiskov za dalj\u0161e seje vapinga.<\/p>\n<\/li>\n<li data-start=\"2374\" data-end=\"2447\">\n<p data-start=\"2376\" data-end=\"2447\"><strong data-start=\"2376\" data-end=\"2407\">Ve\u010dnamenske mo\u017enosti nikotina:<\/strong> Izberite med 0\u20135% za popoln nadzor.<\/p>\n<\/li>\n<li data-start=\"2448\" data-end=\"2528\">\n<p data-start=\"2450\" data-end=\"2528\"><strong data-start=\"2450\" data-end=\"2480\">Pametna prikazovalna priro\u010dnost:<\/strong> Bodite obve\u0161\u010deni o ravni baterije in teko\u010dine.<\/p>\n<\/li>\n<li data-start=\"2529\" data-end=\"2601\">\n<p data-start=\"2531\" data-end=\"2601\"><strong data-start=\"2531\" data-end=\"2550\">Zaloge v Sloveniji:<\/strong> Hitra, zanesljiva dostava za slovenske prodajalce.<\/p>\n<\/li>\n<li data-start=\"2602\" data-end=\"2680\">\n<p data-start=\"2604\" data-end=\"2680\"><strong data-start=\"2604\" data-end=\"2629\">Ekolo\u0161ko osve\u0161\u010den dizajn:<\/strong> Ponovno polnljiv sistem zmanj\u0161uje okoljski odpadek.<\/p>\n<\/li>\n<\/ul>\n<h3 data-start=\"2687\" data-end=\"2754\"><strong data-start=\"2691\" data-end=\"2754\">Primerjava: UZY Bang Digital 15K in tradicionalni enkratni vaporizatorji<\/strong><\/h3>\n<p data-start=\"2755\" data-end=\"3026\">Za razliko od standardnih 5K\u20138K puff barov, <strong data-start=\"2792\" data-end=\"2815\">UZYDigital 15K Puf<\/strong> nudi trikrat dalj\u0161o \u017eivljenjsko dobo in pametnej\u0161i nadzor nad vapovanjem. LED zaslon in polnjenje s Type-C omogo\u010data veliko bolj\u0161o uporabni\u0161ko izku\u0161njo za dolgoro\u010dno uporabo, medtem ko mre\u017ena tuljava zagotavlja, da vsak vdih ostaja sve\u017e do konca.<\/p>\n<p>&nbsp;<\/p>\n<h2>Zakaj izbrati Vapestornado za nakup v velikem obsegu UZY Bang Digital 15K Puffs?<\/h2>\n<div class=\"flex-shrink-0 flex flex-col relative items-end\">\n<div class=\"pt-0\">\n<div class=\"gizmo-bot-avatar flex h-8 w-8 items-center justify-center overflow-hidden rounded-full\">\n<div class=\"relative p-1 rounded-sm flex items-center justify-center bg-token-main-surface-primary text-token-text-primary h-8 w-8\">\n<p>At\u00a0<strong>Vape Tornado<\/strong>, ponosni smo na zagotavljanje\u00a0<strong>vrhunskih izdelkov za vaping po neprekosljivih cenah<\/strong>\u00a0Tukaj je razlog, zakaj bi morali kupovati pri nas:<\/p>\n<p data-start=\"235\" data-end=\"360\"><strong data-start=\"235\" data-end=\"261\">Najbolj\u0161e veleprodajne ponudbe<\/strong> \u2013 U\u017eivajte <strong data-start=\"270\" data-end=\"297\">visoke mar\u017ee na veleprodajne cene<\/strong> prilagojeno za prodajalce na debelo, distributerje vape in maloprodajne trgovine.<\/p>\n<p data-start=\"362\" data-end=\"513\"><strong data-start=\"362\" data-end=\"400\">\u2714 Hitra in varna po vsem svetu dostava<\/strong> \u2013 Zagotavljamo <strong data-start=\"413\" data-end=\"443\">hiter, sledljiv dostavo<\/strong> po Evropi in \u0161ir\u0161e, tako da va\u0161 zaloga prispe varno in pravo\u010dasno.<\/p>\n<p data-start=\"515\" data-end=\"646\"><strong data-start=\"515\" data-end=\"542\">\u2714 100% Originalni izdelki<\/strong> \u2013 Vsak <strong data-start=\"551\" data-end=\"578\">WASPE Trojno 60000 vap<\/strong> ki ga prodajamo, je <strong data-start=\"590\" data-end=\"625\">avtenti\u010den in certificiran v tovarni<\/strong>, nikoli ponaredek.<\/p>\n<p data-start=\"648\" data-end=\"799\"><strong data-start=\"648\" data-end=\"676\">\u2714 Predan podporni tim<\/strong> \u2013 Potrebujete pomo\u010d? Na\u0161i <strong data-start=\"694\" data-end=\"733\">specialisti za vape so na voljo 24\/7<\/strong>, pripravljeni odgovoriti na va\u0161a vpra\u0161anja in pomagati pri naro\u010dilih kadarkoli.<\/p>\n<p>&nbsp;<\/p>\n<p data-start=\"559\" data-end=\"933\" data-is-last-node=\"\" data-is-only-node=\"\">Imamo tudi nekaj drugih priljubljenih enkratnih vape naprav z zaslonom, kot je <a href=\"https:\/\/vapestornado.com\/sl\/product\/uzy-150k-puffs-6-in-1-flavor-switch-disposable-vape-pen-wholesale\/\">UZY 150K Puff okusni preklop vaporizator<\/a>, <a href=\"https:\/\/vapestornado.com\/sl\/product\/vozol-rave-40k-40000-puffs-disposable-vape-smart-screen-5-nicotine\/\">VOZOL RAVE 40K Enkratni Vape<\/a>, <a href=\"https:\/\/vapestornado.com\/sl\/product\/waspe-150k-150000-puff-6-in-1-disposable-vape-pen-cartridge-best-wholesale-price-in-poland\/\">WASPE 150K Vdihov 6 v 1<\/a>, in \u0161e ve\u010d.<\/p>\n<\/div>\n<div class=\"relative p-1 rounded-sm flex items-center justify-center bg-token-main-surface-primary text-token-text-primary h-8 w-8\">\n<h2>Pogosta vpra\u0161anja o UZY Bang Digital 15K Puffs<\/h2>\n<p data-start=\"3074\" data-end=\"3210\"><strong data-start=\"3074\" data-end=\"3125\">1. Kako dolgo traja UZY Bang Digital 15K?<\/strong><br data-start=\"3125\" data-end=\"3128\" \/>Nudi do 15.000 vdihov, odvisno od pogostosti vapovanja in dol\u017eine vdihov.<\/p>\n<p data-start=\"3212\" data-end=\"3329\"><strong data-start=\"3212\" data-end=\"3255\">2. Je UZY Digital 15K ponovno polnjen?<\/strong><br data-start=\"3255\" data-end=\"3258\" \/>Da, ima vgrajeno baterijo 850mAh z hitrim polnjenjem s Type-C.<\/p>\n<p data-start=\"3331\" data-end=\"3452\"><strong data-start=\"3331\" data-end=\"3369\">3. Koliko okusov je na voljo?<\/strong><br data-start=\"3369\" data-end=\"3372\" \/>Na voljo je 12 edinstvenih okusov, od sadnih me\u0161anic do ledeno hladnih vrst.<\/p>\n<p data-start=\"3454\" data-end=\"3579\"><strong data-start=\"3454\" data-end=\"3499\">4. Ali prikazuje ravni baterije in teko\u010dine?<\/strong><br data-start=\"3499\" data-end=\"3502\" \/>Da, LED digitalni zaslon prikazuje stanje baterije in e-teko\u010dine v realnem \u010dasu.<\/p>\n<p data-start=\"3581\" data-end=\"3743\"><strong data-start=\"3581\" data-end=\"3615\">5. Kje ga lahko kupim na debelo?<\/strong><br data-start=\"3615\" data-end=\"3618\" \/>Na debelo naro\u010dila odpo\u0161ljemo neposredno iz na\u0161e <strong data-start=\"3658\" data-end=\"3674\">EU skladi\u0161\u010du<\/strong>, kar zagotavlja <strong data-start=\"3685\" data-end=\"3726\">hitra dostava in konkuren\u010dne cene<\/strong> po vsej Evropi.<\/p>\n<\/div>\n<\/div>\n<\/div>\n<\/div>","protected":false},"excerpt":{"rendered":"<article class=\"text-token-text-primary w-full focus:outline-none [--shadow-height:45px] has-data-writing-block:pointer-events-none has-data-writing-block:-mt-(--shadow-height) has-data-writing-block:pt-(--shadow-height) [&amp;:has([data-writing-block])&gt;*]:pointer-events-auto [content-visibility:auto] supports-[content-visibility:auto]:[contain-intrinsic-size:auto_100lvh] scroll-mt-[calc(var(--header-height)+min(200px,max(70px,20svh)))]\" dir=\"auto\" tabindex=\"-1\" data-turn-id=\"86ca9d92-7a10-4e6b-bda0-15f9df36adca\" data-testid=\"conversation-turn-120\" data-scroll-anchor=\"true\" data-turn=\"assistant\">\n<div class=\"text-base my-auto mx-auto pb-10 [--thread-content-margin:--spacing(4)] thread-sm:[--thread-content-margin:--spacing(6)] thread-lg:[--thread-content-margin:--spacing(16)] px-(--thread-content-margin)\">\n<div class=\"[--thread-content-max-width:40rem] thread-lg:[--thread-content-max-width:48rem] mx-auto max-w-(--thread-content-max-width) flex-1 group\/turn-messages focus-visible:outline-hidden relative flex w-full min-w-0 flex-col agent-turn\" tabindex=\"-1\">\n<div class=\"flex max-w-full flex-col grow\">\n<div class=\"min-h-8 text-message relative flex w-full flex-col items-end gap-2 text-start break-words whitespace-normal [.text-message+&amp;]:mt-1\" dir=\"auto\" data-message-author-role=\"assistant\" data-message-id=\"43b070d6-bf28-4fbe-8049-1032a61ea3ac\" data-message-model-slug=\"gpt-5\">\n<div class=\"flex w-full flex-col gap-1 empty:hidden first:pt-[1px]\">\n<div class=\"markdown prose dark:prose-invert w-full break-words light markdown-new-styling\">\n<p data-start=\"4043\" data-end=\"4133\"><strong data-start=\"4043\" data-end=\"4131\">UZY Bang Digital 15K Puff \u2013 Pametna Enkratna Vape z LED Zaslonom in EU Hitra Dostava<\/strong><\/p>\n<p data-start=\"4137\" data-end=\"4227\"><strong data-start=\"4137\" data-end=\"4225\">Kupi UZY Digital 15K Vape Pen \u2013 15000 Pufov Polnljive Enkratne v Wholesale Ceni<\/strong><\/p>\n<p data-start=\"4231\" data-end=\"4308\" data-is-last-node=\"\"><strong data-start=\"4231\" data-end=\"4308\" data-is-last-node=\"\">Zaloga v EU Skladi\u0161\u010du: UZY 15K Puf Vape z Pametnim Zaslonom in Hiter Dostavo<\/strong><\/p>\n<\/div>\n<\/div>\n<\/div>\n<\/div>\n<\/div>\n<\/div>\n<\/article>\n<p><img fetchpriority=\"high\" decoding=\"async\" class=\"size-full wp-image-2932\" src=\"https:\/\/vapestornado.com\/wp-content\/uploads\/2024\/12\/Vape-Wholesale.jpg\" alt=\"Vape Veleprodaja\" width=\"229\" height=\"300\" \/><\/p>\n<h3><a href=\"https:\/\/wa.me\/8617776015835\"><span style=\"color: #ff0000;\"><strong>WhatsApp: +386 17776015835<\/strong><\/span><\/a><\/h3>\n<p>&nbsp;<\/p>","protected":false},"featured_media":4532,"comment_status":"open","ping_status":"closed","template":"","meta":{"_acf_changed":false,"_uag_custom_page_level_css":"","_lmt_disableupdate":"no","_lmt_disable":"","_monsterinsights_skip_tracking":false,"_monsterinsights_sitenote_active":false,"_monsterinsights_sitenote_note":"","_monsterinsights_sitenote_category":0,"site-sidebar-layout":"default","site-content-layout":"","ast-site-content-layout":"default","site-content-style":"default","site-sidebar-style":"default","ast-global-header-display":"","ast-banner-title-visibility":"","ast-main-header-display":"","ast-hfb-above-header-display":"","ast-hfb-below-header-display":"","ast-hfb-mobile-header-display":"","site-post-title":"","ast-breadcrumbs-content":"","ast-featured-img":"","footer-sml-layout":"","ast-disable-related-posts":"","theme-transparent-header-meta":"default","adv-header-id-meta":"","stick-header-meta":"","header-above-stick-meta":"","header-main-stick-meta":"","header-below-stick-meta":"","astra-migrate-meta-layouts":"set","ast-page-background-enabled":"default","ast-page-background-meta":{"desktop":{"background-color":"","background-image":"","background-repeat":"repeat","background-position":"center center","background-size":"auto","background-attachment":"scroll","background-type":"","background-media":"","overlay-type":"","overlay-color":"","overlay-opacity":"","overlay-gradient":""},"tablet":{"background-color":"","background-image":"","background-repeat":"repeat","background-position":"center center","background-size":"auto","background-attachment":"scroll","background-type":"","background-media":"","overlay-type":"","overlay-color":"","overlay-opacity":"","overlay-gradient":""},"mobile":{"background-color":"","background-image":"","background-repeat":"repeat","background-position":"center center","background-size":"auto","background-attachment":"scroll","background-type":"","background-media":"","overlay-type":"","overlay-color":"","overlay-opacity":"","overlay-gradient":""}},"ast-content-background-meta":{"desktop":{"background-color":"var(--ast-global-color-5)","background-image":"","background-repeat":"repeat","background-position":"center center","background-size":"auto","background-attachment":"scroll","background-type":"","background-media":"","overlay-type":"","overlay-color":"","overlay-opacity":"","overlay-gradient":""},"tablet":{"background-color":"var(--ast-global-color-5)","background-image":"","background-repeat":"repeat","background-position":"center center","background-size":"auto","background-attachment":"scroll","background-type":"","background-media":"","overlay-type":"","overlay-color":"","overlay-opacity":"","overlay-gradient":""},"mobile":{"background-color":"var(--ast-global-color-5)","background-image":"","background-repeat":"repeat","background-position":"center center","background-size":"auto","background-attachment":"scroll","background-type":"","background-media":"","overlay-type":"","overlay-color":"","overlay-opacity":"","overlay-gradient":""}},"_joinchat":{"telephone":"17776015835"}},"product_brand":[],"product_cat":[71,152,154,156,158,142,357,144,356],"product_tag":[105,406,427,94,428,429,301],"class_list":{"0":"post-4537","1":"product","2":"type-product","3":"status-publish","4":"has-post-thumbnail","6":"product_cat-15000-puff","7":"product_cat-buy-disposable-vapes-in-cermany","8":"product_cat-buy-disposable-vapes-in-netherlands","9":"product_cat-buy-disposable-vapes-in-poland","10":"product_cat-buy-disposable-vapes-in-spain","11":"product_cat-digital-box-disposable-vapes","12":"product_cat-flavor-adjustable-vape","13":"product_cat-low-nicotine-disposable-vapes","14":"product_cat-uzy-vape","15":"product_tag-digital-disposable-vape","16":"product_tag-disposable-vape-fast-shipping","17":"product_tag-multi-flaovr-vape","18":"product_tag-rechargeable-disposable-vape","19":"product_tag-uzy-bang-digital-15k","20":"product_tag-vape-eu-warehouse","21":"product_tag-vapor-wholesale","22":"desktop-align-left","23":"tablet-align-left","24":"mobile-align-left","26":"first","27":"instock","28":"sale","29":"shipping-taxable","30":"purchasable","31":"product-type-simple"},"acf":[],"uagb_featured_image_src":{"full":["https:\/\/vapestornado.com\/wp-content\/uploads\/2025\/11\/UZY-Bang-Digital-15K-Puff-Monkey-Vape-Pen.webp",800,800,false],"thumbnail":["https:\/\/vapestornado.com\/wp-content\/uploads\/2025\/11\/UZY-Bang-Digital-15K-Puff-Monkey-Vape-Pen-150x150.webp",150,150,true],"medium":["https:\/\/vapestornado.com\/wp-content\/uploads\/2025\/11\/UZY-Bang-Digital-15K-Puff-Monkey-Vape-Pen-300x300.webp",300,300,true],"medium_large":["https:\/\/vapestornado.com\/wp-content\/uploads\/2025\/11\/UZY-Bang-Digital-15K-Puff-Monkey-Vape-Pen-768x768.webp",768,768,true],"large":["https:\/\/vapestornado.com\/wp-content\/uploads\/2025\/11\/UZY-Bang-Digital-15K-Puff-Monkey-Vape-Pen.webp",800,800,false],"1536x1536":["https:\/\/vapestornado.com\/wp-content\/uploads\/2025\/11\/UZY-Bang-Digital-15K-Puff-Monkey-Vape-Pen.webp",800,800,false],"2048x2048":["https:\/\/vapestornado.com\/wp-content\/uploads\/2025\/11\/UZY-Bang-Digital-15K-Puff-Monkey-Vape-Pen.webp",800,800,false],"trp-custom-language-flag":["https:\/\/vapestornado.com\/wp-content\/uploads\/2025\/11\/UZY-Bang-Digital-15K-Puff-Monkey-Vape-Pen-12x12.webp",12,12,true],"woocommerce_thumbnail":["https:\/\/vapestornado.com\/wp-content\/uploads\/2025\/11\/UZY-Bang-Digital-15K-Puff-Monkey-Vape-Pen-300x300.webp",300,300,true],"woocommerce_single":["https:\/\/vapestornado.com\/wp-content\/uploads\/2025\/11\/UZY-Bang-Digital-15K-Puff-Monkey-Vape-Pen-600x600.webp",600,600,true],"woocommerce_gallery_thumbnail":["https:\/\/vapestornado.com\/wp-content\/uploads\/2025\/11\/UZY-Bang-Digital-15K-Puff-Monkey-Vape-Pen-100x100.webp",100,100,true]},"uagb_author_info":{"display_name":"ESAMY","author_link":"https:\/\/vapestornado.com\/sl\/author\/"},"uagb_comment_info":1,"uagb_excerpt":"UZY Bang Digital 15K Puff \u2013 Smart Disposable Vape with LED Screen &amp; EU Fast Shipping Buy UZY Digital 15K Vape Pen \u2013 15000 Puffs Rechargeable Disposable at Wholesale Price EU Warehouse Stock: UZY 15K Puffs Vape with Smart Display &amp; Fast Delivery WhatsApp: +86 17776015835 &nbsp;","_links":{"self":[{"href":"https:\/\/vapestornado.com\/sl\/wp-json\/wp\/v2\/product\/4537","targetHints":{"allow":["GET"]}}],"collection":[{"href":"https:\/\/vapestornado.com\/sl\/wp-json\/wp\/v2\/product"}],"about":[{"href":"https:\/\/vapestornado.com\/sl\/wp-json\/wp\/v2\/types\/product"}],"replies":[{"embeddable":true,"href":"https:\/\/vapestornado.com\/sl\/wp-json\/wp\/v2\/comments?post=4537"}],"wp:featuredmedia":[{"embeddable":true,"href":"https:\/\/vapestornado.com\/sl\/wp-json\/wp\/v2\/media\/4532"}],"wp:attachment":[{"href":"https:\/\/vapestornado.com\/sl\/wp-json\/wp\/v2\/media?parent=4537"}],"wp:term":[{"taxonomy":"product_brand","embeddable":true,"href":"https:\/\/vapestornado.com\/sl\/wp-json\/wp\/v2\/product_brand?post=4537"},{"taxonomy":"product_cat","embeddable":true,"href":"https:\/\/vapestornado.com\/sl\/wp-json\/wp\/v2\/product_cat?post=4537"},{"taxonomy":"product_tag","embeddable":true,"href":"https:\/\/vapestornado.com\/sl\/wp-json\/wp\/v2\/product_tag?post=4537"}],"curies":[{"name":"wp","href":"https:\/\/api.w.org\/{rel}","templated":true}]}}