{"id":4529,"date":"2025-11-12T03:26:29","date_gmt":"2025-11-12T03:26:29","guid":{"rendered":"https:\/\/vapestornado.com\/?post_type=product&#038;p=4529"},"modified":"2025-11-12T04:00:35","modified_gmt":"2025-11-12T04:00:35","slug":"uzy-150k-puffs-6-in-1-flavor-switch-disposable-vape-pen-wholesale","status":"publish","type":"product","link":"https:\/\/vapestornado.com\/sl\/product\/uzy-150k-puffs-6-in-1-flavor-switch-disposable-vape-pen-wholesale\/","title":{"rendered":"UZY 150K Vdihov 6 v 1 Okusna Preklopna Zavoj\u010dka za Enkratno uporabo Vape Pen na debelo"},"content":{"rendered":"<h2 data-pm-slice=\"1 1 []\">UZY 150K Vdihov 6 v 1 Okusna Preklopna Zavoj\u010dka za Enkratno uporabo Vape Pen na debelo \u2013 Zgrajena za mo\u010d, slog in dobi\u010dek na debelo<\/h2>\n<p data-start=\"120\" data-end=\"663\">The <strong data-start=\"124\" data-end=\"162\">UZY 150K Vdihov Zavoj\u010dka za Enkratno uporabo Vape<\/strong> preoblikuje vzdr\u017eljivost in vsestranskost za dana\u0161nji trg vapinga. Zasnovano z <strong data-start=\"244\" data-end=\"275\">6-v-1 sistemom preklopa okusa<\/strong>, ta <strong data-start=\"282\" data-end=\"319\">Okusna Preklopna Zavoj\u010dka za Enkratno uporabo Vape<\/strong> omogo\u010da uporabnikom takoj\u0161njo zamenjavo med \u0161estimi edinstvenimi me\u0161anicami z enostavnim klikom \u2014 od <strong data-start=\"401\" data-end=\"418\">Borovni\u010dev Led<\/strong> to <strong data-start=\"422\" data-end=\"437\">Breskev Limona<\/strong>, vsak vdih zazveni s jasnostjo in sve\u017eino. Zasnovano za <strong data-start=\"496\" data-end=\"518\">Vape Pen na debelo<\/strong> kupce v Sloveniji, <strong data-start=\"541\" data-end=\"560\">UZY 150000 Vdihov<\/strong> nudi neprimerljivo dolgo\u017eivost in slog, ki ustreza \u017eivljenjskemu slogu mladih, aktivnih potro\u0161nikov, starosti 25\u201335 let.<\/p>\n<p data-start=\"665\" data-end=\"1277\">Z <strong data-start=\"672\" data-end=\"705\">obse\u017ena kapaciteta 150.000 vdihov<\/strong>, a <strong data-start=\"709\" data-end=\"740\">polnilna baterija 650 mAh<\/strong>, in <strong data-start=\"748\" data-end=\"777\">Vrata za hitro polnjenje Type-C<\/strong>, UZY 150K Puffs zagotavlja neprekinjeno vapovanje tedne. Njegov <strong data-start=\"842\" data-end=\"867\">\u0161tirivrsti\u010dni mre\u017eni tuljava (1.0\u03a9)<\/strong> in <strong data-start=\"872\" data-end=\"899\">64 ml rezervoar za e teko\u010dino<\/strong> nudi gosto paro in \u010disto konsistenco okusa. The <strong data-start=\"953\" data-end=\"973\">pametni LED zaslon<\/strong> jasno prikazuje \u017eivljenjsko dobo baterije, na\u010din vdiha in ravni e teko\u010dine, medtem ko je <strong data-start=\"1044\" data-end=\"1082\">prozorna \u0161koljka, navdihnjena s kristali<\/strong> in drzna grafika opice izstopa v vsakem naboru. Na voljo v <strong data-start=\"1160\" data-end=\"1190\">0%, 2%, 3% in 5% nikotina<\/strong> mo\u010deh, zadovoljuje tako prilo\u017enostne kot izku\u0161ene vapere, ki i\u0161\u010dejo prilagodljive mo\u017enosti.<\/p>\n<p data-start=\"1279\" data-end=\"1604\">Popolne za <strong data-start=\"1291\" data-end=\"1331\">distributerji in veletrgovci vape izdelkov v Sloveniji<\/strong>, je <strong data-start=\"1337\" data-end=\"1367\">UZY 150K Puffs 6 v 1 Vape<\/strong> zdru\u017euje stil, zmogljivost in raznolikost okusov v eni visokomar\u017eni, hitro prodajni enoti. Od <strong data-start=\"1460\" data-end=\"1480\">Slovenije do Slovenije<\/strong>, je najbolj\u0161a <strong data-start=\"1497\" data-end=\"1530\">disposable vape pen na debelo<\/strong> re\u0161itev za prodajalce na drobno, ki \u017eelijo kakovost, dizajn in povpra\u0161evanje vse v enem.<\/p>\n<p data-start=\"666\" data-end=\"1235\"><strong style=\"font-size: 16px;\"><span style=\"color: #ff0000;\">Dodajte Amy na WhatsApp za pravilen odgovor in ceno s popustom!<\/span><\/strong><\/p>\n<p><img fetchpriority=\"high\" decoding=\"async\" class=\"size-full wp-image-2932\" src=\"https:\/\/vapestornado.com\/wp-content\/uploads\/2024\/12\/Vape-Wholesale.jpg\" alt=\"Vape Veleprodaja\" width=\"229\" height=\"300\" \/><\/p>\n<h3><a href=\"https:\/\/wa.me\/8617776015835\" target=\"_blank\" rel=\"noopener\"><span style=\"color: #ff0000;\"><strong>WhatsApp: +386 17776015835<\/strong><\/span><\/a><\/h3>\n<p>&nbsp;<\/p>\n<h2><strong>Klju\u010dne lastnosti izdelka UZY 150K Puff Bar<\/strong><\/h2>\n<ul>\n<li data-start=\"1639\" data-end=\"1696\">\n<p data-start=\"1641\" data-end=\"1696\">\u0160tevilo vdihov: <strong data-start=\"1656\" data-end=\"1694\">150.000 vdihov (Ultra dolgotrajno)<\/strong><\/p>\n<\/li>\n<li data-start=\"1697\" data-end=\"1745\">\n<p data-start=\"1699\" data-end=\"1745\">Na\u010din okusa: <strong data-start=\"1712\" data-end=\"1743\">6-v-1 sistem menjave okusov<\/strong><\/p>\n<\/li>\n<li data-start=\"1746\" data-end=\"1786\">\n<p data-start=\"1748\" data-end=\"1786\">Vrsta tuljave: <strong data-start=\"1759\" data-end=\"1784\">\u0161tirivrsti\u010dna mre\u017ena tuljava (1.0\u03a9)<\/strong><\/p>\n<\/li>\n<li data-start=\"1787\" data-end=\"1832\">\n<p data-start=\"1789\" data-end=\"1832\">Koli\u010dina e teko\u010dine: <strong data-start=\"1806\" data-end=\"1830\">64ml Napolnjen rezervoar<\/strong><\/p>\n<\/li>\n<li data-start=\"1833\" data-end=\"1874\">\n<p data-start=\"1835\" data-end=\"1874\">Mo\u010di nikotina: <strong data-start=\"1854\" data-end=\"1872\">0%, 2%, 3%, 5%<\/strong><\/p>\n<\/li>\n<li data-start=\"1875\" data-end=\"1928\">\n<p data-start=\"1877\" data-end=\"1928\">Baterija: <strong data-start=\"1886\" data-end=\"1926\">650mAh Polnjen, Type-C polnjenje<\/strong><\/p>\n<\/li>\n<li data-start=\"1929\" data-end=\"1990\">\n<p data-start=\"1931\" data-end=\"1990\">Prikaz: <strong data-start=\"1940\" data-end=\"1988\">Pametni LED zaslon ( indikator baterije in teko\u010dine )<\/strong><\/p>\n<\/li>\n<li data-start=\"1991\" data-end=\"2047\">\n<p data-start=\"1993\" data-end=\"2047\">Oblikovanje: <strong data-start=\"2001\" data-end=\"2045\">Kristalno prosojno telo, grafika opice<\/strong><\/p>\n<\/li>\n<li data-start=\"2048\" data-end=\"2077\">\n<p data-start=\"2050\" data-end=\"2077\">Te\u017ea: <strong data-start=\"2058\" data-end=\"2075\">120g na enoto<\/strong><\/p>\n<\/li>\n<li data-start=\"2078\" data-end=\"2133\">\n<p data-start=\"2080\" data-end=\"2133\">Embala\u017ea: <strong data-start=\"2091\" data-end=\"2131\">10 kosov \/ \u0161katla, 120 kosov \/ karton (G.W. 18kg)<\/strong><\/p>\n<\/li>\n<\/ul>\n<figure id=\"attachment_4523\" aria-describedby=\"caption-attachment-4523\" style=\"width: 300px\" class=\"wp-caption alignnone\"><img decoding=\"async\" class=\"size-medium wp-image-4523\" src=\"https:\/\/vapestornado.com\/wp-content\/uploads\/2025\/11\/UZY-150K-High-Puff-6-in-1-Monkey-Vape-300x300.webp\" alt=\"UZY 150K Visok dim 6 v 1 opica Vape\" width=\"300\" height=\"300\" srcset=\"https:\/\/vapestornado.com\/wp-content\/uploads\/2025\/11\/UZY-150K-High-Puff-6-in-1-Monkey-Vape-300x300.webp 300w, https:\/\/vapestornado.com\/wp-content\/uploads\/2025\/11\/UZY-150K-High-Puff-6-in-1-Monkey-Vape-150x150.webp 150w, https:\/\/vapestornado.com\/wp-content\/uploads\/2025\/11\/UZY-150K-High-Puff-6-in-1-Monkey-Vape-768x768.webp 768w, https:\/\/vapestornado.com\/wp-content\/uploads\/2025\/11\/UZY-150K-High-Puff-6-in-1-Monkey-Vape-12x12.webp 12w, https:\/\/vapestornado.com\/wp-content\/uploads\/2025\/11\/UZY-150K-High-Puff-6-in-1-Monkey-Vape-600x600.webp 600w, https:\/\/vapestornado.com\/wp-content\/uploads\/2025\/11\/UZY-150K-High-Puff-6-in-1-Monkey-Vape-100x100.webp 100w, https:\/\/vapestornado.com\/wp-content\/uploads\/2025\/11\/UZY-150K-High-Puff-6-in-1-Monkey-Vape.webp 800w\" sizes=\"(max-width: 300px) 100vw, 300px\" \/><figcaption id=\"caption-attachment-4523\" class=\"wp-caption-text\">UZY 150K Visok dim 6 v 1 opica Vape<\/figcaption><\/figure>\n<h2 class=\"product-title\"><strong>UZY 150K 150000 Vdihov Disposables Vaper Okusi Seznam<\/strong><\/h2>\n<article class=\"w-full text-token-text-primary focus-visible:outline-2 focus-visible:outline-offset-[-4px]\" dir=\"auto\" data-testid=\"conversation-turn-32\" data-scroll-anchor=\"false\">\n<div class=\"m-auto text-base py-[18px] px-6\">\n<div class=\"mx-auto flex flex-1 text-base gap-4 md:gap-5 lg:gap-6 md:max-w-3xl lg:max-w-[40rem] xl:max-w-[48rem]\">\n<div class=\"group\/conversation-turn relative flex w-full min-w-0 flex-col @xs\/thread:px-0 @sm\/thread:px-1.5 @md\/thread:px-4\">\n<div class=\"flex-col gap-1 md:gap-3\">\n<div class=\"flex max-w-full flex-col flex-grow\">\n<div class=\"min-h-8 text-message flex w-full flex-col items-end gap-2 whitespace-normal break-words text-start [.text-message+&amp;]:mt-5\" dir=\"auto\" data-message-author-role=\"user\" data-message-id=\"ffac41ca-1db4-431b-873a-32c4052956f1\">\n<div class=\"flex w-full flex-col gap-1 empty:hidden items-end rtl:items-start\">\n<div class=\"relative max-w-[var(--user-chat-width,70%)] rounded-3xl bg-token-message-surface px-5 py-2.5\">\n<div class=\"absolute bottom-0 right-full top-0 -mr-3.5 hidden pr-5 pt-2 [.group\/conversation-turn:hover_&amp;]:flex\">\n<div class=\"flex\">\n<article class=\"w-full text-token-text-primary focus-visible:outline-2 focus-visible:outline-offset-[-4px]\" dir=\"auto\" data-testid=\"conversation-turn-39\" data-scroll-anchor=\"true\">\n<div class=\"m-auto text-base py-[18px] px-6\">\n<div class=\"mx-auto flex flex-1 text-base gap-4 md:gap-5 lg:gap-6 md:max-w-3xl lg:max-w-[40rem] xl:max-w-[48rem]\">\n<div class=\"group\/conversation-turn relative flex w-full min-w-0 flex-col agent-turn @xs\/thread:px-0 @sm\/thread:px-1.5 @md\/thread:px-4\">\n<div class=\"flex-col gap-1 md:gap-3\">\n<div class=\"flex max-w-full flex-col flex-grow\">\n<div class=\"min-h-8 text-message flex w-full flex-col items-end gap-2 whitespace-normal break-words text-start [.text-message+&amp;]:mt-5\" dir=\"auto\" data-message-author-role=\"assistant\" data-message-id=\"55a23854-ec57-48dd-bd4f-6118f43d6241\" data-message-model-slug=\"gpt-4o\">\n<div class=\"flex w-full flex-col gap-1 empty:hidden first:pt-[3px]\">\n<div class=\"markdown prose w-full break-words dark:prose-invert light\">\n<ol data-start=\"2191\" data-end=\"2733\">\n<li data-start=\"2191\" data-end=\"2253\">\n<p data-start=\"2194\" data-end=\"2253\">Lubenica Led \/ Jagodna Mamba \/ Jagoda Lubenica<\/p>\n<\/li>\n<li data-start=\"2254\" data-end=\"2313\">\n<p data-start=\"2257\" data-end=\"2313\">Borovnica Led \/ Malina Limona \/ Lubenica \u017dve\u010dilni gumi<\/p>\n<\/li>\n<li data-start=\"2314\" data-end=\"2368\">\n<p data-start=\"2317\" data-end=\"2368\">Jagoda Kivi \/ Borovnica Kokos \/ Me\u0161ano jagodi\u010devje<\/p>\n<\/li>\n<li data-start=\"2369\" data-end=\"2420\">\n<p data-start=\"2372\" data-end=\"2420\">Grozdje Led \/ Mango Breskev \/ Borovnica Lubenica<\/p>\n<\/li>\n<li data-start=\"2421\" data-end=\"2477\">\n<p data-start=\"2424\" data-end=\"2477\">Borovnica Rde\u010da malina \/ Trojna melona \/ Jagoda Led<\/p>\n<\/li>\n<li data-start=\"2478\" data-end=\"2527\">\n<p data-start=\"2481\" data-end=\"2527\">Jagoda Kivi \/ Borovnica Led \/ Vi\u0161nja Led<\/p>\n<\/li>\n<li data-start=\"2528\" data-end=\"2581\">\n<p data-start=\"2531\" data-end=\"2581\">Kivi Pasijon Sadje Guava \/ Breskev Limona \/ Ljubezen 66<\/p>\n<\/li>\n<li data-start=\"2582\" data-end=\"2644\">\n<p data-start=\"2585\" data-end=\"2644\">Jagoda Rde\u010di dresnik \/ Rde\u010di bik \/ Rde\u010da malina lubenica<\/p>\n<\/li>\n<li data-start=\"2645\" data-end=\"2686\">\n<p data-start=\"2648\" data-end=\"2686\">Breskev Led \/ Dve jabolki \/ Trojni mango<\/p>\n<\/li>\n<li data-start=\"2687\" data-end=\"2733\">\n<p data-start=\"2691\" data-end=\"2733\">Me\u0161ano jagodi\u010devje \/ Gazirana \u010de\u0161nja \/ Breskev Limona<\/p>\n<\/li>\n<\/ol>\n<p data-start=\"2735\" data-end=\"2978\">Vsak preklop prina\u0161a nov val okusa, kar uporabnikom omogo\u010da u\u017eivanje v ve\u010d profilih z ene naprave \u2014 eden od glavnih razlogov, zakaj <strong data-start=\"2869\" data-end=\"2887\">UZY 150K Vdihov<\/strong> je postal eden izmed <strong data-start=\"2910\" data-end=\"2942\">najbolj prodajanih enkratnih vape naprav<\/strong> na evropskem veleprodajnem trgu.<\/p>\n<p>&nbsp;<\/p>\n<\/div>\n<\/div>\n<\/div>\n<\/div>\n<\/div>\n<\/div>\n<\/div>\n<\/div>\n<\/article>\n<\/div>\n<\/div>\n<\/div>\n<\/div>\n<\/div>\n<\/div>\n<\/div>\n<\/div>\n<\/div>\n<\/div>\n<\/article>\n<h2>Zakaj izbrati Vapestornado za UZY 150K vdihov na veliko?<\/h2>\n<div class=\"flex-shrink-0 flex flex-col relative items-end\">\n<div class=\"pt-0\">\n<div class=\"gizmo-bot-avatar flex h-8 w-8 items-center justify-center overflow-hidden rounded-full\">\n<div class=\"relative p-1 rounded-sm flex items-center justify-center bg-token-main-surface-primary text-token-text-primary h-8 w-8\">\n<p>At\u00a0<strong>VapeTornado<\/strong>, ponosni smo na zagotavljanje\u00a0<strong>vrhunskih izdelkov za vaping po neprekosljivih cenah<\/strong>\u00a0Tukaj je razlog, zakaj bi morali kupovati pri nas:<\/p>\n<p data-start=\"235\" data-end=\"360\"><strong data-start=\"235\" data-end=\"261\">Najbolj\u0161e veleprodajne ponudbe<\/strong> \u2013 U\u017eivajte <strong data-start=\"270\" data-end=\"297\">visoke mar\u017ee na veleprodajne cene<\/strong> prilagojeno za prodajalce na debelo, distributerje vape in maloprodajne trgovine.<\/p>\n<p data-start=\"362\" data-end=\"513\"><strong data-start=\"362\" data-end=\"400\">\u2714 Hitra in varna po vsem svetu dostava<\/strong> \u2013 Zagotavljamo <strong data-start=\"413\" data-end=\"443\">hiter, sledljiv dostavo<\/strong> po Evropi in \u0161ir\u0161e, tako da va\u0161 zaloga prispe varno in pravo\u010dasno.<\/p>\n<p data-start=\"515\" data-end=\"646\"><strong data-start=\"515\" data-end=\"542\">\u2714 100% Originalni izdelki<\/strong> \u2013 Vsak <strong data-start=\"551\" data-end=\"578\">WASPE Trojno 60000 vap<\/strong> ki ga prodajamo, je <strong data-start=\"590\" data-end=\"625\">avtenti\u010den in certificiran v tovarni<\/strong>, nikoli ponaredek.<\/p>\n<p data-start=\"648\" data-end=\"799\"><strong data-start=\"648\" data-end=\"676\">\u2714 Predan podporni tim<\/strong> \u2013 Potrebujete pomo\u010d? Na\u0161i <strong data-start=\"694\" data-end=\"733\">specialisti za vape so na voljo 24\/7<\/strong>, pripravljeni odgovoriti na va\u0161a vpra\u0161anja in pomagati pri naro\u010dilih kadarkoli.<\/p>\n<p>&nbsp;<\/p>\n<p data-start=\"559\" data-end=\"933\" data-is-last-node=\"\" data-is-only-node=\"\">Imamo tudi nekaj drugih priljubljenih enkratnih vape naprav z zaslonom, kot je <a href=\"https:\/\/vapestornado.com\/sl\/product\/aivono-avn-150k-puff-150000-8-in-1-0-nicotine-free-disposable-vape-pen-kit-wholesale\/\">AIVONO 150K 150000<\/a>, <a href=\"https:\/\/vapestornado.com\/sl\/product\/vozol-rave-40k-40000-puffs-disposable-vape-smart-screen-5-nicotine\/\">VOZOL RAVE 40K Enkratni Vape<\/a>, <a href=\"https:\/\/vapestornado.com\/sl\/product\/waspe-150k-150000-puff-6-in-1-disposable-vape-pen-cartridge-best-wholesale-price-in-poland\/\">WASPE 150K Vdihov 6 v 1<\/a>, in \u0161e ve\u010d.<\/p>\n<\/div>\n<div class=\"relative p-1 rounded-sm flex items-center justify-center bg-token-main-surface-primary text-token-text-primary h-8 w-8\">\n<h2>Pogosta vpra\u0161anja o UZY 150K Vdihih<\/h2>\n<p data-start=\"3047\" data-end=\"3210\"><strong data-start=\"3047\" data-end=\"3111\">1. Koliko okusov je vklju\u010denih v vape UZY 150K Vdihov?<\/strong><br data-start=\"3111\" data-end=\"3114\" \/>Vsaka naprava vklju\u010duje 10 razli\u010dnih <strong data-start=\"3135\" data-end=\"3159\">6 zamenljivih okusov<\/strong>, ki ponujajo raznolike okusne izku\u0161nje v eni vape napravi.<\/p>\n<p data-start=\"3212\" data-end=\"3335\"><strong data-start=\"3212\" data-end=\"3248\">2. Je UZY 150K ponovno napolnljiv?<\/strong><br data-start=\"3248\" data-end=\"3251\" \/>Da, ima <strong data-start=\"3270\" data-end=\"3308\">polnilno baterijo Type-C s 650 mAh<\/strong> za najve\u010djo udobje.<\/p>\n<p data-start=\"3337\" data-end=\"3486\"><strong data-start=\"3337\" data-end=\"3390\">3. Ali vape UZY 150000 Vdihov vsebuje nikotin?<\/strong><br data-start=\"3390\" data-end=\"3393\" \/>Izbirate lahko med <strong data-start=\"3413\" data-end=\"3449\">0%, 2%, 3% ali 5% ravni nikotina<\/strong>, zaradi \u010desar je primeren za vse uporabnike.<\/p>\n<p data-start=\"3488\" data-end=\"3667\"><strong data-start=\"3488\" data-end=\"3542\">4. Kaj naredi UZY 150K primerno za veleprodajo?<\/strong><br data-start=\"3542\" data-end=\"3545\" \/>Zaradi <strong data-start=\"3549\" data-end=\"3607\">visok \u0161t. vdihov, mo\u010dna konstrukcija in ve\u010d okusov<\/strong> ga naredi idealnega za <strong data-start=\"3626\" data-end=\"3664\">Veleprodajni distributerji vape peres v Sloveniji<\/strong>.<\/p>\n<p data-start=\"3669\" data-end=\"3837\"><strong data-start=\"3669\" data-end=\"3711\">5. Kako LED zaslon pomaga uporabnikom?<\/strong><br data-start=\"3711\" data-end=\"3714\" \/>The <strong data-start=\"3718\" data-end=\"3739\">pametni LED zaslon<\/strong> prikazuje v realnem \u010dasu <strong data-start=\"3756\" data-end=\"3807\">rabo baterije, raven e-tekline in aktivni na\u010din okusa<\/strong>, poenostavljanjem vsake seje.<\/p>\n<\/div>\n<\/div>\n<\/div>\n<\/div>","protected":false},"excerpt":{"rendered":"<article class=\"text-token-text-primary w-full focus:outline-none [--shadow-height:45px] has-data-writing-block:pointer-events-none has-data-writing-block:-mt-(--shadow-height) has-data-writing-block:pt-(--shadow-height) [&amp;:has([data-writing-block])&gt;*]:pointer-events-auto [content-visibility:auto] supports-[content-visibility:auto]:[contain-intrinsic-size:auto_100lvh] scroll-mt-[calc(var(--header-height)+min(200px,max(70px,20svh)))]\" dir=\"auto\" tabindex=\"-1\" data-turn-id=\"86ca9d92-7a10-4e6b-bda0-15f9df36adca\" data-testid=\"conversation-turn-120\" data-scroll-anchor=\"true\" data-turn=\"assistant\">\n<div class=\"text-base my-auto mx-auto pb-10 [--thread-content-margin:--spacing(4)] thread-sm:[--thread-content-margin:--spacing(6)] thread-lg:[--thread-content-margin:--spacing(16)] px-(--thread-content-margin)\">\n<div class=\"[--thread-content-max-width:40rem] thread-lg:[--thread-content-max-width:48rem] mx-auto max-w-(--thread-content-max-width) flex-1 group\/turn-messages focus-visible:outline-hidden relative flex w-full min-w-0 flex-col agent-turn\" tabindex=\"-1\">\n<div class=\"flex max-w-full flex-col grow\">\n<div class=\"min-h-8 text-message relative flex w-full flex-col items-end gap-2 text-start break-words whitespace-normal [.text-message+&amp;]:mt-1\" dir=\"auto\" data-message-author-role=\"assistant\" data-message-id=\"43b070d6-bf28-4fbe-8049-1032a61ea3ac\" data-message-model-slug=\"gpt-5\">\n<div class=\"flex w-full flex-col gap-1 empty:hidden first:pt-[1px]\">\n<div class=\"markdown prose dark:prose-invert w-full break-words light markdown-new-styling\">\n<ul>\n<li data-start=\"4119\" data-end=\"4207\">\n<p data-start=\"4122\" data-end=\"4207\"><strong data-start=\"4122\" data-end=\"4205\">UZY 150K Vdihov 6 v 1 Okusna Preklopna Zavoj\u010dka za Enkratno uporabo Vape Pen \u2013 EU Na debelo<\/strong><\/p>\n<\/li>\n<li data-start=\"4208\" data-end=\"4294\">\n<p data-start=\"4211\" data-end=\"4294\"><strong data-start=\"4211\" data-end=\"4292\">Na debelo UZY 150000 Vdihov Vape Pen \u2013 6 okusov, Pametni zaslon, Polnjenje s Type-C<\/strong><\/p>\n<\/li>\n<li data-start=\"4295\" data-end=\"4386\" data-is-last-node=\"\">\n<p data-start=\"4298\" data-end=\"4386\" data-is-last-node=\"\"><strong data-start=\"4298\" data-end=\"4386\" data-is-last-node=\"\">UZY 150K Vdihov Multi-Okusna Zavoj\u010dka za Enkratno uporabo Vape Pen \u2013 Poln Okus na zalogi<\/strong><\/p>\n<\/li>\n<\/ul>\n<\/div>\n<\/div>\n<\/div>\n<\/div>\n<\/div>\n<\/div>\n<\/article>\n<p><img fetchpriority=\"high\" decoding=\"async\" class=\"size-full wp-image-2932\" src=\"https:\/\/vapestornado.com\/wp-content\/uploads\/2024\/12\/Vape-Wholesale.jpg\" alt=\"Vape Veleprodaja\" width=\"229\" height=\"300\" \/><\/p>\n<h3><a href=\"https:\/\/wa.me\/8617776015835\"><span style=\"color: #ff0000;\"><strong>WhatsApp: +386 17776015835<\/strong><\/span><\/a><\/h3>\n<p>&nbsp;<\/p>","protected":false},"featured_media":4526,"comment_status":"open","ping_status":"closed","template":"","meta":{"_acf_changed":false,"_uag_custom_page_level_css":"","_lmt_disableupdate":"no","_lmt_disable":"","_monsterinsights_skip_tracking":false,"_monsterinsights_sitenote_active":false,"_monsterinsights_sitenote_note":"","_monsterinsights_sitenote_category":0,"site-sidebar-layout":"default","site-content-layout":"","ast-site-content-layout":"default","site-content-style":"default","site-sidebar-style":"default","ast-global-header-display":"","ast-banner-title-visibility":"","ast-main-header-display":"","ast-hfb-above-header-display":"","ast-hfb-below-header-display":"","ast-hfb-mobile-header-display":"","site-post-title":"","ast-breadcrumbs-content":"","ast-featured-img":"","footer-sml-layout":"","ast-disable-related-posts":"","theme-transparent-header-meta":"default","adv-header-id-meta":"","stick-header-meta":"","header-above-stick-meta":"","header-main-stick-meta":"","header-below-stick-meta":"","astra-migrate-meta-layouts":"set","ast-page-background-enabled":"default","ast-page-background-meta":{"desktop":{"background-color":"","background-image":"","background-repeat":"repeat","background-position":"center center","background-size":"auto","background-attachment":"scroll","background-type":"","background-media":"","overlay-type":"","overlay-color":"","overlay-opacity":"","overlay-gradient":""},"tablet":{"background-color":"","background-image":"","background-repeat":"repeat","background-position":"center center","background-size":"auto","background-attachment":"scroll","background-type":"","background-media":"","overlay-type":"","overlay-color":"","overlay-opacity":"","overlay-gradient":""},"mobile":{"background-color":"","background-image":"","background-repeat":"repeat","background-position":"center center","background-size":"auto","background-attachment":"scroll","background-type":"","background-media":"","overlay-type":"","overlay-color":"","overlay-opacity":"","overlay-gradient":""}},"ast-content-background-meta":{"desktop":{"background-color":"var(--ast-global-color-5)","background-image":"","background-repeat":"repeat","background-position":"center center","background-size":"auto","background-attachment":"scroll","background-type":"","background-media":"","overlay-type":"","overlay-color":"","overlay-opacity":"","overlay-gradient":""},"tablet":{"background-color":"var(--ast-global-color-5)","background-image":"","background-repeat":"repeat","background-position":"center center","background-size":"auto","background-attachment":"scroll","background-type":"","background-media":"","overlay-type":"","overlay-color":"","overlay-opacity":"","overlay-gradient":""},"mobile":{"background-color":"var(--ast-global-color-5)","background-image":"","background-repeat":"repeat","background-position":"center center","background-size":"auto","background-attachment":"scroll","background-type":"","background-media":"","overlay-type":"","overlay-color":"","overlay-opacity":"","overlay-gradient":""}},"_joinchat":{"telephone":"17776015835"}},"product_brand":[],"product_cat":[394,150,156,158,159,142,357,144,356],"product_tag":[105,426,427,94,425,301],"class_list":{"0":"post-4529","1":"product","2":"type-product","3":"status-publish","4":"has-post-thumbnail","6":"product_cat-150000-puff","7":"product_cat-buy-disposable-vapes-in-belgium","8":"product_cat-buy-disposable-vapes-in-poland","9":"product_cat-buy-disposable-vapes-in-spain","10":"product_cat-buy-disposable-vapes-in-sweden","11":"product_cat-digital-box-disposable-vapes","12":"product_cat-flavor-adjustable-vape","13":"product_cat-low-nicotine-disposable-vapes","14":"product_cat-uzy-vape","15":"product_tag-digital-disposable-vape","16":"product_tag-flavor-switch-disposable-vape","17":"product_tag-multi-flaovr-vape","18":"product_tag-rechargeable-disposable-vape","19":"product_tag-uzy-150k-puffs","20":"product_tag-vapor-wholesale","21":"desktop-align-left","22":"tablet-align-left","23":"mobile-align-left","25":"first","26":"instock","27":"sale","28":"shipping-taxable","29":"purchasable","30":"product-type-simple"},"acf":[],"uagb_featured_image_src":{"full":["https:\/\/vapestornado.com\/wp-content\/uploads\/2025\/11\/UZY-150000-Puffs-Rechargeable-Vape-with-Smart-Screen.webp",800,800,false],"thumbnail":["https:\/\/vapestornado.com\/wp-content\/uploads\/2025\/11\/UZY-150000-Puffs-Rechargeable-Vape-with-Smart-Screen-150x150.webp",150,150,true],"medium":["https:\/\/vapestornado.com\/wp-content\/uploads\/2025\/11\/UZY-150000-Puffs-Rechargeable-Vape-with-Smart-Screen-300x300.webp",300,300,true],"medium_large":["https:\/\/vapestornado.com\/wp-content\/uploads\/2025\/11\/UZY-150000-Puffs-Rechargeable-Vape-with-Smart-Screen-768x768.webp",768,768,true],"large":["https:\/\/vapestornado.com\/wp-content\/uploads\/2025\/11\/UZY-150000-Puffs-Rechargeable-Vape-with-Smart-Screen.webp",800,800,false],"1536x1536":["https:\/\/vapestornado.com\/wp-content\/uploads\/2025\/11\/UZY-150000-Puffs-Rechargeable-Vape-with-Smart-Screen.webp",800,800,false],"2048x2048":["https:\/\/vapestornado.com\/wp-content\/uploads\/2025\/11\/UZY-150000-Puffs-Rechargeable-Vape-with-Smart-Screen.webp",800,800,false],"trp-custom-language-flag":["https:\/\/vapestornado.com\/wp-content\/uploads\/2025\/11\/UZY-150000-Puffs-Rechargeable-Vape-with-Smart-Screen-12x12.webp",12,12,true],"woocommerce_thumbnail":["https:\/\/vapestornado.com\/wp-content\/uploads\/2025\/11\/UZY-150000-Puffs-Rechargeable-Vape-with-Smart-Screen-300x300.webp",300,300,true],"woocommerce_single":["https:\/\/vapestornado.com\/wp-content\/uploads\/2025\/11\/UZY-150000-Puffs-Rechargeable-Vape-with-Smart-Screen-600x600.webp",600,600,true],"woocommerce_gallery_thumbnail":["https:\/\/vapestornado.com\/wp-content\/uploads\/2025\/11\/UZY-150000-Puffs-Rechargeable-Vape-with-Smart-Screen-100x100.webp",100,100,true]},"uagb_author_info":{"display_name":"ESAMY","author_link":"https:\/\/vapestornado.com\/sl\/author\/"},"uagb_comment_info":1,"uagb_excerpt":"UZY 150K Puffs 6 in 1 Flavor Switch Disposable Vape Pen \u2013 EU Wholesale Wholesale UZY 150000 Puff Vape Pen \u2013 6 Flavors, Smart Screen, Type-C Rechargeable UZY 150K Puffs Multi-Flavor Disposable Vape\u00a0 Pen\u00a0 Full Flavor in Stock WhatsApp: +86 17776015835 &nbsp;","_links":{"self":[{"href":"https:\/\/vapestornado.com\/sl\/wp-json\/wp\/v2\/product\/4529","targetHints":{"allow":["GET"]}}],"collection":[{"href":"https:\/\/vapestornado.com\/sl\/wp-json\/wp\/v2\/product"}],"about":[{"href":"https:\/\/vapestornado.com\/sl\/wp-json\/wp\/v2\/types\/product"}],"replies":[{"embeddable":true,"href":"https:\/\/vapestornado.com\/sl\/wp-json\/wp\/v2\/comments?post=4529"}],"wp:featuredmedia":[{"embeddable":true,"href":"https:\/\/vapestornado.com\/sl\/wp-json\/wp\/v2\/media\/4526"}],"wp:attachment":[{"href":"https:\/\/vapestornado.com\/sl\/wp-json\/wp\/v2\/media?parent=4529"}],"wp:term":[{"taxonomy":"product_brand","embeddable":true,"href":"https:\/\/vapestornado.com\/sl\/wp-json\/wp\/v2\/product_brand?post=4529"},{"taxonomy":"product_cat","embeddable":true,"href":"https:\/\/vapestornado.com\/sl\/wp-json\/wp\/v2\/product_cat?post=4529"},{"taxonomy":"product_tag","embeddable":true,"href":"https:\/\/vapestornado.com\/sl\/wp-json\/wp\/v2\/product_tag?post=4529"}],"curies":[{"name":"wp","href":"https:\/\/api.w.org\/{rel}","templated":true}]}}