{"id":4510,"date":"2025-11-03T08:52:41","date_gmt":"2025-11-03T08:52:41","guid":{"rendered":"https:\/\/vapestornado.com\/?post_type=product&#038;p=4510"},"modified":"2025-12-16T09:21:24","modified_gmt":"2025-12-16T09:21:24","slug":"vozol-rave-40k-40000-puffs-disposable-vape-smart-screen-5-nicotine","status":"publish","type":"product","link":"https:\/\/vapestornado.com\/sl\/product\/vozol-rave-40k-40000-puffs-disposable-vape-smart-screen-5-nicotine\/","title":{"rendered":"Vozol Rave 40K 40000 Vdihov Disposabilni Vape Pametni Zaslon 5% Nikotin"},"content":{"rendered":"<h2 data-pm-slice=\"1 1 []\">Vozol Rave 40K Enkratna Vapa \u2014 Nadzor s pametnim zaslonom in nikotinom 5%<\/h2>\n<p data-start=\"93\" data-end=\"561\"><strong data-start=\"93\" data-end=\"111\">Vozol Rave 40K<\/strong> je visokozmogljiva enkratna vapa, zasnovana za mo\u0161ke, ki \u017eelijo dolgo delovanje in jasen nadzor, brez ugibanja. Ponuja <strong data-start=\"224\" data-end=\"246\">do 40.000 pufov<\/strong> iz <strong data-start=\"255\" data-end=\"279\">18 ml vnapolnjenega rezervoarja<\/strong>, ki jo poganja <strong data-start=\"294\" data-end=\"325\">650mAh polnilno baterijo<\/strong> z <strong data-start=\"331\" data-end=\"355\">hitro polnjenje Type-C<\/strong>. En <strong data-start=\"360\" data-end=\"382\">napredno mre\u017easto tuljavo<\/strong> omogo\u010da gladko paro in dosleden okus, medtem ko <strong data-start=\"437\" data-end=\"457\">pametni LED zaslon<\/strong> prikazuje ravni baterije in e-tekila, tako da natan\u010dno veste, kdaj je \u010das za polnjenje in kdaj ste \u017ee na koncu.<\/p>\n<p data-start=\"563\" data-end=\"790\">Za vsakogar, ki primerja <strong data-start=\"586\" data-end=\"614\">nizkocenovno enkratno vapo<\/strong> v lokalni <strong data-start=\"626\" data-end=\"638\">cigareti trgovini<\/strong> proti vrhunskim mo\u017enostim, ta model spada v kategorijo \u201cuporabi ga mo\u010dno, zaupa rezultatu\u201d\u2014dolga \u017eivljenjska doba, stabilen poteg in zaslon, ki podpira trditve.<\/p>\n<p data-start=\"563\" data-end=\"790\">\n<h3 data-start=\"1007\" data-end=\"1054\">Zakaj izbrati Vozol Rave 40K Enkratno Vapo Pod?<\/h3>\n<ul data-start=\"1056\" data-end=\"2677\">\n<li data-start=\"1056\" data-end=\"1435\">\n<p data-start=\"1058\" data-end=\"1435\"><strong data-start=\"1058\" data-end=\"1104\">40K vzdr\u017eljivosti zasnovano za resno vsakodnevno uporabo.<\/strong> The <strong data-start=\"1109\" data-end=\"1155\">Vozol Rave 40K 40000 potiskov enkratna vapa<\/strong> je izdelana za dolge obdobje\u2014delovne tedne, potovanja in no\u010di ven\u2014brez potrebe po stalnih zamenjavah. Na trgih z visoko povpra\u0161evanjem, kot je <strong data-start=\"1288\" data-end=\"1333\">Nem\u010dija, Francija, \u0160panija, Poljska in Italija<\/strong>, se ta kategorija prodaja, ker uporabniki \u017eelijo manj nakupov in napravo, ki ostaja dosledna skozi \u010das.<\/p>\n<\/li>\n<li data-start=\"1437\" data-end=\"1817\">\n<p data-start=\"1439\" data-end=\"1817\"><strong data-start=\"1439\" data-end=\"1499\">Pametni zaslon prepre\u010duje izgubo \u010dasa in nepri\u010dakovane izklopitve.<\/strong> The <strong data-start=\"1504\" data-end=\"1551\">Vozol Rave 40K pametni zaslon enkratna vapa<\/strong> prikazuje ravni baterije in e-tekila jasno. To pomeni, da lahko odlo\u010dite, ali je potrebna hitra polnitev s Type-C, preden zapustite hi\u0161o, in se ne boste zna\u0161li z izpraznjeno napravo sredi dneva\u2014eden glavnih prito\u017eb nad osnovnimi <strong data-start=\"1779\" data-end=\"1807\">nizkocenovno enkratno vapo<\/strong> produkte.<\/p>\n<\/li>\n<li data-start=\"1819\" data-end=\"2105\">\n<p data-start=\"1821\" data-end=\"2105\"><strong data-start=\"1821\" data-end=\"1877\">Vezje mre\u017easte tuljave ohranja okus stabilen skozi dolge seje.<\/strong> The <strong data-start=\"1882\" data-end=\"1904\">napredno mre\u017easto tuljavo<\/strong> enakomerno razporeja toploto, kar pomaga, da para ostane gladka in okus ostane definiran globlje v 18 ml zalogi. Izogiba se ostri, suhi robu, ki se pojavi na cenej\u0161ih tuljavah, ko je naprava mo\u010dno uporabljena.<\/p>\n<\/li>\n<li data-start=\"2107\" data-end=\"2354\">\n<p data-start=\"2109\" data-end=\"2354\"><strong data-start=\"2109\" data-end=\"2157\">5% nikotinska doza ostaja dosledna, ne pa spika.<\/strong> S <strong data-start=\"2163\" data-end=\"2195\">18 ml nikotinskega e-tekila 5%<\/strong>, je <strong data-start=\"2201\" data-end=\"2219\">Vozol Rave 40K<\/strong> nudi stabilen, predvidljiv ob\u010dutek v grlu\u2014uporabno za odrasle uporabnike, ki \u017eelijo zanesljivost namesto nenehnih \u201cmo\u010dno potem \u0161ibko\u201d nihanj.<\/p>\n<\/li>\n<li data-start=\"2356\" data-end=\"2677\">\n<p data-start=\"2358\" data-end=\"2677\"><strong data-start=\"2358\" data-end=\"2405\">Razpon okusov, ki ustreza napravam z dolgo \u017eivljenjsko dobo.<\/strong> Dvadset okusov (od ledenega sadja do sladkih me\u0161anic) olaj\u0161a uporabo ene naprave dlje \u010dasa. To je eden od razlogov, zakaj se pogosto omenja skupaj z <strong data-start=\"2558\" data-end=\"2579\">Najbolj\u0161imi e-cigaretami<\/strong> segmentom, tudi s strani kupcev, ki obi\u010dajno primerjajo z <strong data-start=\"2633\" data-end=\"2653\">Poceni cigaretami<\/strong> ali nakupi v trgovinah s hitrimi cigaretami.<\/p>\n<\/li>\n<\/ul>\n<p data-start=\"666\" data-end=\"1235\"><strong style=\"font-size: 16px;\"><span style=\"color: #ff0000;\">Dodajte Amy na WhatsApp za pravilen odgovor in ceno s popustom!<\/span><\/strong><\/p>\n<p><img fetchpriority=\"high\" decoding=\"async\" class=\"size-full wp-image-2932\" src=\"https:\/\/vapestornado.com\/wp-content\/uploads\/2024\/12\/Vape-Wholesale.jpg\" alt=\"Vape Veleprodaja\" width=\"229\" height=\"300\" \/><\/p>\n<h3><a href=\"https:\/\/wa.me\/8617776015835\" target=\"_blank\" rel=\"noopener\"><span style=\"color: #ff0000;\"><strong>WhatsApp: +386 17776015835<\/strong><\/span><\/a><\/h3>\n<p>&nbsp;<\/p>\n<h2><strong>Vozol Rave 40K Puff Klju\u010dne Zna\u010dilnosti Izdelka<\/strong><\/h2>\n<div class=\"_tableContainer_1rjym_1\">\n<div class=\"group _tableWrapper_1rjym_13 flex w-fit flex-col-reverse\" tabindex=\"-1\">\n<table>\n<thead>\n<tr>\n<th>Zna\u010dilnosti<\/th>\n<th>specifikacije<\/th>\n<th>kako deluje<\/th>\n<\/tr>\n<\/thead>\n<tbody>\n<tr>\n<td>\u0160tevilo Vpihov<\/td>\n<td>Do 40.000 potegov<\/td>\n<td>Visoko zmogljiv format, zasnovan za zmanj\u0161anje pogostosti zamenjave.<\/td>\n<\/tr>\n<tr>\n<td>Vsebnost nikotina<\/td>\n<td>5% nikotina<\/td>\n<td>Nudi mo\u010dan, dosleden udarec za izku\u0161ene uporabnike.<\/td>\n<\/tr>\n<tr>\n<td>Kapaciteta e-teko\u010dine<\/td>\n<td>18ml vnaprej napolnjen<\/td>\n<td>Ve\u010dja zaloga teko\u010dine podpira dolge seje in stabilno delovanje.<\/td>\n<\/tr>\n<tr>\n<td>Baterija<\/td>\n<td>650 mAh mo\u017enost ponovnega polnjenja<\/td>\n<td>Ponovno polnljiva baterija prepre\u010duje te\u017eave z izpraznjenostjo baterije.<\/td>\n<\/tr>\n<tr>\n<td>Polnjenje<\/td>\n<td>hitro polnjenje Type-C<\/td>\n<td>Hitra dopolnitev z modernimi kabli, ki se pogosto uporabljajo po Evropi.<\/td>\n<\/tr>\n<tr>\n<td>Tuljava<\/td>\n<td>Napredna mre\u017easta tuljava<\/td>\n<td>Enakomerna razporeditev toplote za bolj gladek vapor in bolj dosleden okus.<\/td>\n<\/tr>\n<tr>\n<td>Zaslon<\/td>\n<td>Pameten LED zaslon<\/td>\n<td>Prikazuje ravni baterije in e-tekila, da lahko na\u010drtujete polnjenje in uporabo.<\/td>\n<\/tr>\n<tr>\n<td>Oblikovanje<\/td>\n<td>Kompaktna, vzdr\u017eljiva, ergonomska<\/td>\n<td>Prilagodljiva konstrukcija, primerna za vsakodnevno no\u0161enje.<\/td>\n<\/tr>\n<tr>\n<td>Okusi<\/td>\n<td>20 mo\u017enosti<\/td>\n<td>Raznolikost pomaga prepre\u010diti utrujenost okusa med dolgotrajno uporabo.<\/td>\n<\/tr>\n<\/tbody>\n<\/table>\n<\/div>\n<\/div>\n<div class=\"_tableContainer_1rjym_1\">\n<div class=\"group _tableWrapper_1rjym_13 flex w-fit flex-col-reverse\" tabindex=\"-1\">\n<p data-start=\"2738\" data-end=\"2823\">\n<figure id=\"attachment_4495\" aria-describedby=\"caption-attachment-4495\" style=\"width: 800px\" class=\"wp-caption alignnone\"><img decoding=\"async\" class=\"wp-image-4495 size-full\" src=\"https:\/\/vapestornado.com\/wp-content\/uploads\/2025\/11\/Buy-VOZOL-Rave-40000-Puffs-Disposable-Vape.webp\" alt=\"Kupite VOZOL Rave 40000 Pufov Disposables Vape\" width=\"800\" height=\"800\" srcset=\"https:\/\/vapestornado.com\/wp-content\/uploads\/2025\/11\/Buy-VOZOL-Rave-40000-Puffs-Disposable-Vape.webp 800w, https:\/\/vapestornado.com\/wp-content\/uploads\/2025\/11\/Buy-VOZOL-Rave-40000-Puffs-Disposable-Vape-300x300.webp 300w, https:\/\/vapestornado.com\/wp-content\/uploads\/2025\/11\/Buy-VOZOL-Rave-40000-Puffs-Disposable-Vape-150x150.webp 150w, https:\/\/vapestornado.com\/wp-content\/uploads\/2025\/11\/Buy-VOZOL-Rave-40000-Puffs-Disposable-Vape-768x768.webp 768w, https:\/\/vapestornado.com\/wp-content\/uploads\/2025\/11\/Buy-VOZOL-Rave-40000-Puffs-Disposable-Vape-12x12.webp 12w, https:\/\/vapestornado.com\/wp-content\/uploads\/2025\/11\/Buy-VOZOL-Rave-40000-Puffs-Disposable-Vape-600x600.webp 600w, https:\/\/vapestornado.com\/wp-content\/uploads\/2025\/11\/Buy-VOZOL-Rave-40000-Puffs-Disposable-Vape-100x100.webp 100w\" sizes=\"(max-width: 800px) 100vw, 800px\" \/><figcaption id=\"caption-attachment-4495\" class=\"wp-caption-text\">Kupite VOZOL Rave 40000 Pufov Disposables Vape<\/figcaption><\/figure>\n<figure id=\"attachment_4497\" aria-describedby=\"caption-attachment-4497\" style=\"width: 800px\" class=\"wp-caption alignnone\"><img decoding=\"async\" class=\"wp-image-4497 size-full\" src=\"https:\/\/vapestornado.com\/wp-content\/uploads\/2025\/11\/VOZOL-RAVE-40K-Puff-5-Nicotine-Vape.webp\" alt=\"VOZOL RAVE 40K Puff 5% Nikotinska Vape\" width=\"800\" height=\"800\" srcset=\"https:\/\/vapestornado.com\/wp-content\/uploads\/2025\/11\/VOZOL-RAVE-40K-Puff-5-Nicotine-Vape.webp 800w, https:\/\/vapestornado.com\/wp-content\/uploads\/2025\/11\/VOZOL-RAVE-40K-Puff-5-Nicotine-Vape-300x300.webp 300w, https:\/\/vapestornado.com\/wp-content\/uploads\/2025\/11\/VOZOL-RAVE-40K-Puff-5-Nicotine-Vape-150x150.webp 150w, https:\/\/vapestornado.com\/wp-content\/uploads\/2025\/11\/VOZOL-RAVE-40K-Puff-5-Nicotine-Vape-768x768.webp 768w, https:\/\/vapestornado.com\/wp-content\/uploads\/2025\/11\/VOZOL-RAVE-40K-Puff-5-Nicotine-Vape-12x12.webp 12w, https:\/\/vapestornado.com\/wp-content\/uploads\/2025\/11\/VOZOL-RAVE-40K-Puff-5-Nicotine-Vape-600x600.webp 600w, https:\/\/vapestornado.com\/wp-content\/uploads\/2025\/11\/VOZOL-RAVE-40K-Puff-5-Nicotine-Vape-100x100.webp 100w\" sizes=\"(max-width: 800px) 100vw, 800px\" \/><figcaption id=\"caption-attachment-4497\" class=\"wp-caption-text\">VOZOL RAVE 40K Puff 5% Nikotinska Vape<\/figcaption><\/figure>\n<\/div>\n<\/div>\n<h2 class=\"product-title\"><strong>Vozol Rave 40K Puff Disposables Pod Okusi Seznam<\/strong><\/h2>\n<div class=\"flex-shrink-0 flex flex-col relative items-end\">\n<div class=\"pt-0\">\n<div class=\"gizmo-bot-avatar flex h-8 w-8 items-center justify-center overflow-hidden rounded-full\">\n<div class=\"relative p-1 rounded-sm flex items-center justify-center bg-token-main-surface-primary text-token-text-primary h-8 w-8\">\n<div class=\"_tableContainer_1rjym_1\">\n<div class=\"group _tableWrapper_1rjym_13 flex w-fit flex-col-reverse\" tabindex=\"-1\">\n<p data-start=\"4433\" data-end=\"4567\">1. Blue Razz Ice (Modra malina led)<br \/>\n2. Ledeni borovnici<br \/>\n3. Borovnica Watermelon<br \/>\n4. \u010ce\u0161nja Jagoda<br \/>\n5. Hladna Meta<br \/>\n6. Dvojno Jabolko<br \/>\n7. Grozdje Led<br \/>\n8. Ljubezen 777<br \/>\n9. Mango Led<br \/>\n10. Mango Breskev<br \/>\n11. Breskev Led<br \/>\n12. Breskev Rde\u010da Riba Limona<br \/>\n13. Jagoda Led<br \/>\n14. Jagoda Kiwi<br \/>\n15. Jagoda Mango<br \/>\n16. Jagoda Watermelon<br \/>\n17. Strawmelon Breskev<br \/>\n18. Watermelon Bubblegum<br \/>\n19. Watermelon Ice<br \/>\n20. Watermelon Razz Rancher<\/p>\n<p data-start=\"4433\" data-end=\"4567\">\n<\/div>\n<\/div>\n<\/div>\n<div class=\"relative p-1 rounded-sm flex items-center justify-center bg-token-main-surface-primary text-token-text-primary h-8 w-8\">\n<h2>Pogosta vpra\u0161anja za Vozol Rave 40K<\/h2>\n<ol data-start=\"3671\" data-end=\"5075\">\n<li data-start=\"3671\" data-end=\"3949\">\n<p data-start=\"3674\" data-end=\"3949\"><strong data-start=\"3674\" data-end=\"3768\">Kako Vozol Rave 40K 40000 vdihov enkratna vape z dispenzerjem ostaja zanesljiva skozi dolgo dnevno uporabo?<\/strong><br data-start=\"3768\" data-end=\"3771\" \/>3. Zakaj se Bang 35000 puffvape razlikuje od drugih vejperjev za enkratno uporabo? <strong data-start=\"3790\" data-end=\"3807\">18 ml e-tekline<\/strong>, <strong data-start=\"3809\" data-end=\"3840\">polnilna baterija 650 mAh<\/strong>in <strong data-start=\"3846\" data-end=\"3859\">mre\u017easto tuljavo<\/strong> je zasnovana za dalj\u0161e seje brez obi\u010dajnega upada zmogljivosti, ki ga najdemo pri manj\u0161ih enkratnih napravah.<\/p>\n<\/li>\n<li data-start=\"3951\" data-end=\"4186\">\n<p data-start=\"3954\" data-end=\"4186\"><strong data-start=\"3954\" data-end=\"4043\">Je Vozol Rave 40K pametni zaslon z enkratno vape res uporabna ali le estetska funkcija?<\/strong><br data-start=\"4043\" data-end=\"4046\" \/>Je prakti\u010den. Zaslon prikazuje ravni baterije in e-tekline, kar vam pomaga prepre\u010diti nenadne izpade in odlo\u010diti, kdaj je potrebna polnitev s Type-C priklju\u010dkom.<\/p>\n<\/li>\n<li data-start=\"4188\" data-end=\"4436\">\n<p data-start=\"4191\" data-end=\"4436\"><strong data-start=\"4191\" data-end=\"4294\">Kak\u0161en ob\u010dutek pare in okusa naj uporabniki pri\u010dakujejo od Vozol Rave 40K mesh tuljave z enkratno vape?<\/strong><br data-start=\"4294\" data-end=\"4297\" \/>Pri\u010dakujte gladek vapor z stabilno intenzivnostjo okusa. Ogrevanje z mre\u017eo zmanj\u0161uje ostrino in ohranja izhod bolj dosleden, ko se rezervoar prazni.<\/p>\n<\/li>\n<li data-start=\"4438\" data-end=\"4745\">\n<p data-start=\"4441\" data-end=\"4745\"><strong data-start=\"4441\" data-end=\"4533\">Kako se Vozol Rave 40K primerja z nizkocenovnimi enkratnimi napravami, ki jih najdete v trgovinah s cigaretami?<\/strong><br data-start=\"4533\" data-end=\"4536\" \/>Veliko nizkocenovnih enkratnih naprav nima zaslonov in pogosto niso polnljive, kar lahko vodi v zapravljeno teko\u010dino in neenakomerno delovanje. Rave 40K se osredoto\u010da na nadzor (zaslon) in vzdr\u017eljivost (polnjenje + visoka ocena vdihov).<\/p>\n<\/li>\n<li data-start=\"4747\" data-end=\"5075\">\n<p data-start=\"4750\" data-end=\"5075\"><strong data-start=\"4750\" data-end=\"4867\">Zakaj nekateri uporabniki Vozol Rave 40K 5% nikotinske enkratne naprave uvr\u0161\u010dajo med Najbolj\u0161e e-cigaretke za dolgoro\u010dno vrednost?<\/strong><br data-start=\"4867\" data-end=\"4870\" \/>Ker zdru\u017euje visoko kapaciteto vdihov, pametni zaslon in mo\u017enost polnjenja\u2014lastnosti, ki izbolj\u0161ujejo zanesljivost v resni\u010dnem svetu skozi dolgo uporabo, \u0161e posebej v primerjavi z hitrimi poceni cigaretami.<\/p>\n<\/li>\n<\/ol>\n<h3 data-start=\"0\" data-end=\"119\"><span class=\"hover:entity-accent entity-underline inline cursor-pointer align-baseline\"><span class=\"whitespace-normal\">Vozol<\/span><\/span> Vista 40K proti <a href=\"https:\/\/vapestornado.com\/sl\/product\/vozol-vista-40000-puff-40k-5-nicotine-premium-disposable-vape-with-led-display-boost-mode\/\"><span class=\"hover:entity-accent entity-underline inline cursor-pointer align-baseline\"><span class=\"whitespace-normal\">Vozol<\/span><\/span> Rave 40K<\/a><\/h3>\n<p data-start=\"121\" data-end=\"261\">Pri izbiri med Vista 40K in Rave 40K oba zagotavljata visoko zmogljivost \u2014 vendar sta zasnovana za nekoliko razli\u010dne prioritete.<\/p>\n<ul data-start=\"263\" data-end=\"1081\">\n<li data-start=\"263\" data-end=\"537\">\n<p data-start=\"265\" data-end=\"537\"><strong data-start=\"265\" data-end=\"290\">\u0160tevilo in kapaciteta vapov<\/strong>: Vista 40K vodi z <strong data-start=\"317\" data-end=\"333\">40.000 vpihov<\/strong> in ve\u010djo kapaciteto e teko\u010dine, ki omogo\u010da dalj\u0161o uporabo med zamenjavami. Rave 40K prav tako zagotavlja do 40K vapov, vendar uporablja <strong data-start=\"463\" data-end=\"477\">18 ml rezervoar<\/strong> nastavitev, zasnovano za kompaktno udobje in pametni zaslon.<\/p>\n<\/li>\n<li data-start=\"538\" data-end=\"807\">\n<p data-start=\"540\" data-end=\"807\"><strong data-start=\"540\" data-end=\"564\">Zna\u010dilnosti in vmesnik<\/strong>: Vista 40K ima sprednji LED zaslon, dvojne mre\u017ene tuljave in na\u010din BOOST za najve\u010djo intenzivnost. Rave 40K prav tako ima pametni LED zaslon, sestavo mre\u017ene tuljave in se osredoto\u010da na enostavnost uporabe ter mo\u010dan okus s svojim <strong data-start=\"780\" data-end=\"804\">5% jakost nikotina<\/strong>.<\/p>\n<\/li>\n<li data-start=\"808\" data-end=\"1081\">\n<p data-start=\"810\" data-end=\"1081\"><strong data-start=\"810\" data-end=\"831\">Oblikovanje in primer uporabe<\/strong>: Izberite Vista 40K, \u010de \u017eelite vrhunski dizajn, najve\u010djo dol\u017eino seje in napredne mo\u017enosti na\u010dina. Izberite Rave 40K, \u010de imate raje <strong data-start=\"969\" data-end=\"994\">pametni enkratni vape<\/strong> z mo\u010dno nikotinsko vsebino (5%), stilno integracijo zaslona in zanesljivost blagovne znamke.<\/p>\n<\/li>\n<\/ul>\n<p data-start=\"1083\" data-end=\"1365\" data-is-last-node=\"\" data-is-only-node=\"\">Na kratko: \u010ce dajete prednost <strong data-start=\"1111\" data-end=\"1157\">najdalj\u0161i \u017eivljenjski dobi in naprednim funkcijam<\/strong>, je Vista 40K va\u0161a izbira. \u010ce dajete prednost <strong data-start=\"1201\" data-end=\"1264\">intenzivnemu okusu, pametni preprostosti in visoki nikotinski mo\u010di<\/strong>, izberite Rave 40K. Obe sta odli\u010dni mo\u017enosti za veletrgovce v EU in trg mo\u0161kih starosti 25\u201335 let.<\/p>\n<\/div>\n<\/div>\n<\/div>\n<\/div>","protected":false},"excerpt":{"rendered":"<p data-start=\"3913\" data-end=\"3990\"><strong data-start=\"3913\" data-end=\"3988\">Vozol Rave 40K Enostaven za uporabo vape \u2013 40000 vdihov Pametna LED 5% Nikotinska mo\u010d<\/strong><\/p>\n<p data-start=\"3994\" data-end=\"4077\"><strong data-start=\"3994\" data-end=\"4075\">Vozol Rave 40000 vdihov Vape \u2013 Premium pameten enkratni za dolgotrajen okus<\/strong><\/p>\n<p data-start=\"4081\" data-end=\"4159\"><strong data-start=\"4081\" data-end=\"4159\">Kupite Vozol Rave 40K 5% Nikotinski Vape \u2013 40000 vdihov pametna naprava za vaperje v Sloveniji<\/strong><\/p>\n<p>Kontaktirajte Amy za pravi odgovor in ceno s popustom!<\/p>\n<p><img fetchpriority=\"high\" decoding=\"async\" class=\"size-full wp-image-2932\" src=\"https:\/\/vapestornado.com\/wp-content\/uploads\/2024\/12\/Vape-Wholesale.jpg\" alt=\"Vape Veleprodaja\" width=\"229\" height=\"300\" \/><\/p>\n<h3><a href=\"https:\/\/wa.me\/8617776015835\"><span style=\"color: #ff0000;\"><strong>WhatsApp: +386 17776015835<\/strong><\/span><\/a><\/h3>\n<p>&nbsp;<\/p>","protected":false},"featured_media":4500,"comment_status":"open","ping_status":"closed","template":"","meta":{"_acf_changed":false,"_uag_custom_page_level_css":"","_lmt_disableupdate":"no","_lmt_disable":"","_monsterinsights_skip_tracking":false,"_monsterinsights_sitenote_active":false,"_monsterinsights_sitenote_note":"","_monsterinsights_sitenote_category":0,"site-sidebar-layout":"default","site-content-layout":"","ast-site-content-layout":"default","site-content-style":"default","site-sidebar-style":"default","ast-global-header-display":"","ast-banner-title-visibility":"","ast-main-header-display":"","ast-hfb-above-header-display":"","ast-hfb-below-header-display":"","ast-hfb-mobile-header-display":"","site-post-title":"","ast-breadcrumbs-content":"","ast-featured-img":"","footer-sml-layout":"","ast-disable-related-posts":"","theme-transparent-header-meta":"default","adv-header-id-meta":"","stick-header-meta":"","header-above-stick-meta":"","header-main-stick-meta":"","header-below-stick-meta":"","astra-migrate-meta-layouts":"set","ast-page-background-enabled":"default","ast-page-background-meta":{"desktop":{"background-color":"","background-image":"","background-repeat":"repeat","background-position":"center center","background-size":"auto","background-attachment":"scroll","background-type":"","background-media":"","overlay-type":"","overlay-color":"","overlay-opacity":"","overlay-gradient":""},"tablet":{"background-color":"","background-image":"","background-repeat":"repeat","background-position":"center center","background-size":"auto","background-attachment":"scroll","background-type":"","background-media":"","overlay-type":"","overlay-color":"","overlay-opacity":"","overlay-gradient":""},"mobile":{"background-color":"","background-image":"","background-repeat":"repeat","background-position":"center center","background-size":"auto","background-attachment":"scroll","background-type":"","background-media":"","overlay-type":"","overlay-color":"","overlay-opacity":"","overlay-gradient":""}},"ast-content-background-meta":{"desktop":{"background-color":"var(--ast-global-color-5)","background-image":"","background-repeat":"repeat","background-position":"center center","background-size":"auto","background-attachment":"scroll","background-type":"","background-media":"","overlay-type":"","overlay-color":"","overlay-opacity":"","overlay-gradient":""},"tablet":{"background-color":"var(--ast-global-color-5)","background-image":"","background-repeat":"repeat","background-position":"center center","background-size":"auto","background-attachment":"scroll","background-type":"","background-media":"","overlay-type":"","overlay-color":"","overlay-opacity":"","overlay-gradient":""},"mobile":{"background-color":"var(--ast-global-color-5)","background-image":"","background-repeat":"repeat","background-position":"center center","background-size":"auto","background-attachment":"scroll","background-type":"","background-media":"","overlay-type":"","overlay-color":"","overlay-opacity":"","overlay-gradient":""}},"_joinchat":{"telephone":"17776015835"}},"product_brand":[],"product_cat":[65,150,151,152,156,143,57,60],"product_tag":[418,105,94,421,420,220],"class_list":{"0":"post-4510","1":"product","2":"type-product","3":"status-publish","4":"has-post-thumbnail","6":"product_cat-40000-puff","7":"product_cat-buy-disposable-vapes-in-belgium","8":"product_cat-buy-disposable-vapes-in-france","9":"product_cat-buy-disposable-vapes-in-cermany","10":"product_cat-buy-disposable-vapes-in-poland","11":"product_cat-dual-mesh-disposable-vapes","12":"product_cat-vozol-vape","13":"product_cat-waspe-fihp-vape","14":"product_tag-5-nicotine-vape","15":"product_tag-digital-disposable-vape","16":"product_tag-rechargeable-disposable-vape","17":"product_tag-vozol-rave-40000","18":"product_tag-vozol-rave-40k","19":"product_tag-vozol-vape","20":"desktop-align-left","21":"tablet-align-left","22":"mobile-align-left","24":"first","25":"instock","26":"sale","27":"shipping-taxable","28":"purchasable","29":"product-type-simple"},"acf":[],"uagb_featured_image_src":{"full":["https:\/\/vapestornado.com\/wp-content\/uploads\/2025\/11\/VOZOL-Rave-40000-Puffs-Disposable-Vape-50Mg-Nicotine.webp",800,800,false],"thumbnail":["https:\/\/vapestornado.com\/wp-content\/uploads\/2025\/11\/VOZOL-Rave-40000-Puffs-Disposable-Vape-50Mg-Nicotine-150x150.webp",150,150,true],"medium":["https:\/\/vapestornado.com\/wp-content\/uploads\/2025\/11\/VOZOL-Rave-40000-Puffs-Disposable-Vape-50Mg-Nicotine-300x300.webp",300,300,true],"medium_large":["https:\/\/vapestornado.com\/wp-content\/uploads\/2025\/11\/VOZOL-Rave-40000-Puffs-Disposable-Vape-50Mg-Nicotine-768x768.webp",768,768,true],"large":["https:\/\/vapestornado.com\/wp-content\/uploads\/2025\/11\/VOZOL-Rave-40000-Puffs-Disposable-Vape-50Mg-Nicotine.webp",800,800,false],"1536x1536":["https:\/\/vapestornado.com\/wp-content\/uploads\/2025\/11\/VOZOL-Rave-40000-Puffs-Disposable-Vape-50Mg-Nicotine.webp",800,800,false],"2048x2048":["https:\/\/vapestornado.com\/wp-content\/uploads\/2025\/11\/VOZOL-Rave-40000-Puffs-Disposable-Vape-50Mg-Nicotine.webp",800,800,false],"trp-custom-language-flag":["https:\/\/vapestornado.com\/wp-content\/uploads\/2025\/11\/VOZOL-Rave-40000-Puffs-Disposable-Vape-50Mg-Nicotine-12x12.webp",12,12,true],"woocommerce_thumbnail":["https:\/\/vapestornado.com\/wp-content\/uploads\/2025\/11\/VOZOL-Rave-40000-Puffs-Disposable-Vape-50Mg-Nicotine-300x300.webp",300,300,true],"woocommerce_single":["https:\/\/vapestornado.com\/wp-content\/uploads\/2025\/11\/VOZOL-Rave-40000-Puffs-Disposable-Vape-50Mg-Nicotine-600x600.webp",600,600,true],"woocommerce_gallery_thumbnail":["https:\/\/vapestornado.com\/wp-content\/uploads\/2025\/11\/VOZOL-Rave-40000-Puffs-Disposable-Vape-50Mg-Nicotine-100x100.webp",100,100,true]},"uagb_author_info":{"display_name":"ESAMY","author_link":"https:\/\/vapestornado.com\/sl\/author\/"},"uagb_comment_info":0,"uagb_excerpt":"Vozol Rave 40K Disposable Vape \u2013 40000 Puffs Smart LED 5% Nicotin Power Vozol Rave 40000 Puff Vape \u2013 Premium Smart Disposable for Long-Lasting Flavor Buy Vozol Rave 40K 5% Nicotin Vape \u2013 40000 Puff Smart Device for EU Vapers Contact Amy for right reply and discount price! WhatsApp: +86 17776015835 &nbsp;","_links":{"self":[{"href":"https:\/\/vapestornado.com\/sl\/wp-json\/wp\/v2\/product\/4510","targetHints":{"allow":["GET"]}}],"collection":[{"href":"https:\/\/vapestornado.com\/sl\/wp-json\/wp\/v2\/product"}],"about":[{"href":"https:\/\/vapestornado.com\/sl\/wp-json\/wp\/v2\/types\/product"}],"replies":[{"embeddable":true,"href":"https:\/\/vapestornado.com\/sl\/wp-json\/wp\/v2\/comments?post=4510"}],"wp:featuredmedia":[{"embeddable":true,"href":"https:\/\/vapestornado.com\/sl\/wp-json\/wp\/v2\/media\/4500"}],"wp:attachment":[{"href":"https:\/\/vapestornado.com\/sl\/wp-json\/wp\/v2\/media?parent=4510"}],"wp:term":[{"taxonomy":"product_brand","embeddable":true,"href":"https:\/\/vapestornado.com\/sl\/wp-json\/wp\/v2\/product_brand?post=4510"},{"taxonomy":"product_cat","embeddable":true,"href":"https:\/\/vapestornado.com\/sl\/wp-json\/wp\/v2\/product_cat?post=4510"},{"taxonomy":"product_tag","embeddable":true,"href":"https:\/\/vapestornado.com\/sl\/wp-json\/wp\/v2\/product_tag?post=4510"}],"curies":[{"name":"wp","href":"https:\/\/api.w.org\/{rel}","templated":true}]}}