{"id":4493,"date":"2025-10-31T07:01:50","date_gmt":"2025-10-31T07:01:50","guid":{"rendered":"https:\/\/vapestornado.com\/?post_type=product&#038;p=4493"},"modified":"2025-10-31T07:43:27","modified_gmt":"2025-10-31T07:43:27","slug":"jnr-ragegorilla-55000-puffs-55k-vape-disposables-42ml-2-nicotine-wholesale-price","status":"publish","type":"product","link":"https:\/\/vapestornado.com\/sl\/product\/jnr-ragegorilla-55000-puffs-55k-vape-disposables-42ml-2-nicotine-wholesale-price\/","title":{"rendered":"JNR RageGorilla 55000 vdihov 55k Vape Disposables 42ml 2% Nikotin Velikoprodajna cena"},"content":{"rendered":"<h2 data-pm-slice=\"1 1 []\">JNR 55000 Vdihov RageGorilla Enkratna Vape \u2013 42ml Velik rezervoar, najbolj prodajan v Sloveniji<\/h2>\n<p data-start=\"454\" data-end=\"886\">The <strong data-start=\"458\" data-end=\"505\">JNR RageGorilla 55000 Vdihov Enkratna Vape<\/strong> je zasnovan za resne vaperje, ki \u017eelijo zmogljivost, mo\u010d in vrhunski okus. Zasnovan z <strong data-start=\"598\" data-end=\"624\">42ml kapaciteto e teko\u010dine<\/strong>, <strong data-start=\"626\" data-end=\"640\">nikotinom 2%<\/strong>, in <strong data-start=\"648\" data-end=\"666\">dvojna mre\u017easta tuljava<\/strong>, zagotavlja gosto, okusno udarno izku\u0161njo ob vsakem vdihu. Z <strong data-start=\"720\" data-end=\"758\">950mAh Type-C polnljivi bateriji<\/strong> in <strong data-start=\"765\" data-end=\"785\">pametni LED zaslon<\/strong>, uporabniki lahko enostavno spremljajo ravni baterije in e teko\u010dine\u2014popolno za dolgo uporabo brez skrbi.<\/p>\n<p data-start=\"888\" data-end=\"1283\">Kot eden izmed <strong data-start=\"902\" data-end=\"947\">najbolj priljubljene enkratne vape z nizko nikotinsko vsebnostjo<\/strong> na trgu EU, the <strong data-start=\"970\" data-end=\"981\">JNR 55K<\/strong> zdru\u017euje inovacije in kakovost, \u0161e posebej privla\u010dno za mlade evropske uporabnike, ki zahtevajo tako funkcionalnost kot stil. Vzdr\u017eljivo ohi\u0161je in gladek pretok zraka sta odli\u010dna izbira za maloprodajalce in veleprodajalce, ki i\u0161\u010dejo <strong data-start=\"1202\" data-end=\"1243\">najbolj prodajane alternative Crystal Vape<\/strong> pri <strong data-start=\"1249\" data-end=\"1280\">konkurencni veleprodajni ceni<\/strong>.<\/p>\n<p data-start=\"1285\" data-end=\"1643\">Na voljo v <strong data-start=\"1298\" data-end=\"1317\">20 bogatih okusov<\/strong>, od sadnih me\u0161anic, kot so <strong data-start=\"1343\" data-end=\"1365\">(1) Jagodni led<\/strong>, <strong data-start=\"1367\" data-end=\"1386\">(2) Vi\u0161njeva Cola<\/strong>, do <strong data-start=\"1391\" data-end=\"1412\">(20) Vi\u0161njeva jagoda<\/strong>, vsak vdih <strong data-start=\"1432\" data-end=\"1455\">JNR RageGorilla 55K<\/strong> je oblikovan za zadovoljstvo in gladek okus. Je <strong data-start=\"1509\" data-end=\"1531\">vape visoke zmogljivosti<\/strong> ki zadovoljuje sodobne zahteve\u2014zanesljiv, polnjen in pripravljen za zagotavljanje zmogljivosti skozi tiso\u010de vdihov.<\/p>\n<p data-start=\"1645\" data-end=\"1888\">Na debelo lahko kupci po Evropi zaupajo doslednosti in vrednosti tega modela. Za trgovce v EU je <strong data-start=\"1744\" data-end=\"1775\">JNR RageGorilla 55000 Vdihov<\/strong> izstopa kot <strong data-start=\"1792\" data-end=\"1826\">nizko nikotinska, dolgotrajna vape<\/strong> idealna za vsakodnevne stranke in trendovske vaperje.<\/p>\n<p><strong><span style=\"color: #ff0000;\">Dodajte Amy na WhatsApp in prejmite takoj\u0161en odgovor ter kupon za vape!<\/span><\/strong><\/p>\n<p><img fetchpriority=\"high\" decoding=\"async\" class=\"size-full wp-image-2932\" src=\"https:\/\/vapestornado.com\/wp-content\/uploads\/2024\/12\/Vape-Wholesale.jpg\" alt=\"Vape Veleprodaja\" width=\"229\" height=\"300\" \/><\/p>\n<h3><a href=\"https:\/\/wa.me\/8617776015835\" target=\"_blank\" rel=\"noopener\"><span style=\"color: #ff0000;\"><strong>WhatsApp: +386 17776015835<\/strong><\/span><\/a><\/h3>\n<p>&nbsp;<\/p>\n<h2><strong>JNR RageGorilla 55000 Funkcije izdelka<\/strong><\/h2>\n<ul>\n<li data-start=\"1944\" data-end=\"1964\">\n<p data-start=\"1946\" data-end=\"1964\"><strong data-start=\"1946\" data-end=\"1956\">Vpihi:<\/strong> 55000<\/p>\n<\/li>\n<li data-start=\"1965\" data-end=\"1993\">\n<p data-start=\"1967\" data-end=\"1993\"><strong data-start=\"1967\" data-end=\"1988\">Nikotinska mo\u010d:<\/strong> 2%<\/p>\n<\/li>\n<li data-start=\"1994\" data-end=\"2025\">\n<p data-start=\"1996\" data-end=\"2025\"><strong data-start=\"1996\" data-end=\"2018\">Kapaciteta e-teko\u010dine:<\/strong> 42ml<\/p>\n<\/li>\n<li data-start=\"2026\" data-end=\"2069\">\n<p data-start=\"2028\" data-end=\"2069\"><strong data-start=\"2028\" data-end=\"2040\">Baterija:<\/strong> 950mAh Polnjenje s Type-C<\/p>\n<\/li>\n<li data-start=\"2070\" data-end=\"2124\">\n<p data-start=\"2072\" data-end=\"2124\"><strong data-start=\"2072\" data-end=\"2084\">Prikaz:<\/strong> Pametni LED zaslon (Baterija + E-teko\u010dina)<\/p>\n<\/li>\n<li data-start=\"2125\" data-end=\"2168\">\n<p data-start=\"2127\" data-end=\"2168\"><strong data-start=\"2127\" data-end=\"2136\">Cev:<\/strong> Dvojni mre\u017eni tulj za bogat vapor<\/p>\n<\/li>\n<li data-start=\"2169\" data-end=\"2203\">\n<p data-start=\"2171\" data-end=\"2203\"><strong data-start=\"2171\" data-end=\"2183\">Okusi:<\/strong> 20 edinstvenih mo\u017enosti<\/p>\n<p><figure id=\"attachment_4489\" aria-describedby=\"caption-attachment-4489\" style=\"width: 800px\" class=\"wp-caption alignnone\"><img decoding=\"async\" class=\"wp-image-4489 size-full\" src=\"https:\/\/vapestornado.com\/wp-content\/uploads\/2025\/10\/JNR-RageGorilla-55000Puffs-42ml-E-liquid.webp\" alt=\"JNR RageGorilla 55000Puffs 42ml E-voda\" width=\"800\" height=\"449\" srcset=\"https:\/\/vapestornado.com\/wp-content\/uploads\/2025\/10\/JNR-RageGorilla-55000Puffs-42ml-E-liquid.webp 800w, https:\/\/vapestornado.com\/wp-content\/uploads\/2025\/10\/JNR-RageGorilla-55000Puffs-42ml-E-liquid-300x168.webp 300w, https:\/\/vapestornado.com\/wp-content\/uploads\/2025\/10\/JNR-RageGorilla-55000Puffs-42ml-E-liquid-768x431.webp 768w, https:\/\/vapestornado.com\/wp-content\/uploads\/2025\/10\/JNR-RageGorilla-55000Puffs-42ml-E-liquid-18x10.webp 18w, https:\/\/vapestornado.com\/wp-content\/uploads\/2025\/10\/JNR-RageGorilla-55000Puffs-42ml-E-liquid-600x337.webp 600w\" sizes=\"(max-width: 800px) 100vw, 800px\" \/><figcaption id=\"caption-attachment-4489\" class=\"wp-caption-text\">JNR RageGorilla 55000Puffs 42ml E-voda<\/figcaption><\/figure><\/li>\n<\/ul>\n<div class=\"mceTemp\"><\/div>\n<h2 class=\"product-title\"><strong>JNR RageGorilla 55000 Puffs Enostavni Vaping Okusi Seznam<\/strong><\/h2>\n<p>1. Jagodni Led<br \/>\n2. Vi\u0161nja Kolada<br \/>\n3. Lubenica z ledom<br \/>\n4. Modri Razz Vi\u0161nja<br \/>\n5. Jagoda kivi<br \/>\n6. Borovnica Malina Vi\u0161nja<br \/>\n7. Jagoda Lubenica Led<br \/>\n8. Kivi Melona Led<br \/>\n9. Me\u0161ane Jagode<br \/>\n10. So\u010dni Breskve<br \/>\n11. Borovnica z ledom<br \/>\n12. Borovnica Kislina Malina<br \/>\n13.Bela breskev Razz<br \/>\n14.Mango Pasijon Sadje<br \/>\n15.Breskev Mango Watermelon<br \/>\n16. Lubenica, \u017eve\u010dilni gumi<br \/>\n17. Jagoda Banana<br \/>\n18.Dvojno jabolko<br \/>\n19.Kivi Pasijon Guava<br \/>\n20.Ceresa Jagoda<\/p>\n<figure id=\"attachment_4491\" aria-describedby=\"caption-attachment-4491\" style=\"width: 800px\" class=\"wp-caption alignnone\"><img decoding=\"async\" class=\"wp-image-4491 size-full\" src=\"https:\/\/vapestornado.com\/wp-content\/uploads\/2025\/10\/Puff-JNR-RageGorilla-55K-55000-Puffs.webp\" alt=\"Puff JNR RageGorilla 55K 55000 vdihov\" width=\"800\" height=\"450\" srcset=\"https:\/\/vapestornado.com\/wp-content\/uploads\/2025\/10\/Puff-JNR-RageGorilla-55K-55000-Puffs.webp 800w, https:\/\/vapestornado.com\/wp-content\/uploads\/2025\/10\/Puff-JNR-RageGorilla-55K-55000-Puffs-300x169.webp 300w, https:\/\/vapestornado.com\/wp-content\/uploads\/2025\/10\/Puff-JNR-RageGorilla-55K-55000-Puffs-768x432.webp 768w, https:\/\/vapestornado.com\/wp-content\/uploads\/2025\/10\/Puff-JNR-RageGorilla-55K-55000-Puffs-18x10.webp 18w, https:\/\/vapestornado.com\/wp-content\/uploads\/2025\/10\/Puff-JNR-RageGorilla-55K-55000-Puffs-600x338.webp 600w\" sizes=\"(max-width: 800px) 100vw, 800px\" \/><figcaption id=\"caption-attachment-4491\" class=\"wp-caption-text\">Puff JNR RageGorilla 55K 55000 vdihov<\/figcaption><\/figure>\n<div class=\"flex-shrink-0 flex flex-col relative items-end\">\n<div class=\"pt-0\">\n<div class=\"gizmo-bot-avatar flex h-8 w-8 items-center justify-center overflow-hidden rounded-full\">\n<div class=\"relative p-1 rounded-sm flex items-center justify-center bg-token-main-surface-primary text-token-text-primary h-8 w-8\">\n<h2 data-start=\"1200\" data-end=\"1487\">Vapes Tornado \u2013 Va\u0161a veleprodajna spletna trgovina za vrhunske blagovne znamke vape<\/h2>\n<p data-start=\"1200\" data-end=\"1487\">Vapes Tornado Spletna trgovina za dim je va\u0161a zanesljiva destinacija za <strong data-start=\"66\" data-end=\"94\">vrhunskih vape za enkratno uporabo<\/strong> in <strong data-start=\"99\" data-end=\"125\">veliko na debelo e-cigaret<\/strong> po Evropi. Skladi\u0161\u010dimo priljubljene blagovne znamke vapov, kot so <a href=\"https:\/\/vapestornado.com\/sl\/product\/elf-bar-raya-d3-25000-puffs-best-disposable-vape-wholesale-in-uk\/\">Elf Bar Vape<\/a>, <strong data-start=\"175\" data-end=\"228\"><a href=\"https:\/\/vapestornado.com\/sl\/product\/fumot-randm-tornado-15000-puffs-rechargeable-disposable-vape-wholesale\/\">Fumot Vape<\/a>, <a href=\"https:\/\/vapestornado.com\/sl\/product\/waspe-150k-150000-puff-6-in-1-disposable-vape-pen-cartridge-best-wholesale-price-in-poland\/\">Waspe Vape<\/a>, Vozol Bar Vape, <a href=\"https:\/\/vapestornado.com\/sl\/product-category\/bang-vape\/\">Bang Vape<\/a><\/strong>, in mnoge druge\u2014ponujajo izjemno kakovost, raznolike mo\u017enosti okusov in inovativne zasnove. Ne glede na to, ali ste osebni uporabnik ali kupujete na veliko, <strong data-start=\"372\" data-end=\"389\">Vape Tornado<\/strong> nudi visokozmogljive naprave, elegantne stile in neprekosljive cene na debelo, da zadovoljijo va\u0161e potrebe po vapingu.<\/p>\n<h2 data-start=\"2064\" data-end=\"2115\">Pogosta vpra\u0161anja o JNR RageGorilla 55000 vdihov Vape Box<\/h2>\n<p data-start=\"2223\" data-end=\"2360\"><strong data-start=\"2223\" data-end=\"2273\">1. Kako dolgo traja JNR RageGorilla 55K?<\/strong><br data-start=\"2273\" data-end=\"2276\" \/>Dostavi do <strong data-start=\"2294\" data-end=\"2309\">55000 vdihov<\/strong>, odvisno od va\u0161ih navad uporabe in dol\u017eine vdihov.<\/p>\n<p data-start=\"2362\" data-end=\"2489\"><strong data-start=\"2362\" data-end=\"2405\">2. Je JNR 55000 vdihov polnjen?<\/strong><br data-start=\"2405\" data-end=\"2408\" \/>Da, ima <strong data-start=\"2427\" data-end=\"2451\">priklju\u010dkom za polnjenje tipa C<\/strong> za hitro in u\u010dinkovito polnjenje.<\/p>\n<p data-start=\"2491\" data-end=\"2700\"><strong data-start=\"2491\" data-end=\"2571\">3. Kaj naredi JNR RageGorilla 55K druga\u010dnega od drugih enkratnih vapov?<\/strong><br data-start=\"2571\" data-end=\"2574\" \/>Zaradi <strong data-start=\"2578\" data-end=\"2596\">dvojna mre\u017easta tuljava<\/strong>, <strong data-start=\"2598\" data-end=\"2619\">pametni LED zaslon<\/strong>in <strong data-start=\"2625\" data-end=\"2648\">velik 42ml kapacitete<\/strong> narediti ga izstopajo\u010dega tako po okusu kot po vzdr\u017eljivosti.<\/p>\n<p data-start=\"2702\" data-end=\"2828\"><strong data-start=\"2702\" data-end=\"2736\">4. Je to vape z nizko nikotinsko vsebnostjo?<\/strong><br data-start=\"2736\" data-end=\"2739\" \/>Da, <strong data-start=\"2748\" data-end=\"2768\">2% raven nikotina<\/strong> nudi bolj gladek ob\u010dutek, primeren za preference EU.<\/p>\n<p data-start=\"2830\" data-end=\"3015\"><strong data-start=\"2830\" data-end=\"2891\">5. Katere so najbolj priljubljene arome JNR RageGorilla 55K?<\/strong><br data-start=\"2891\" data-end=\"2894\" \/>Najbolj prodajni okusi vklju\u010dujejo <strong data-start=\"2922\" data-end=\"2941\">Jagoda kivi<\/strong>, <strong data-start=\"2943\" data-end=\"2958\">\u010ce\u0161njeva kola<\/strong>, <strong data-start=\"2960\" data-end=\"2980\">Modra malina \u010de\u0161nja<\/strong>in <strong data-start=\"2986\" data-end=\"3012\">Breskev Mango Lubenica<\/strong>.<\/p>\n<\/div>\n<\/div>\n<\/div>\n<\/div>","protected":false},"excerpt":{"rendered":"<p>Zasnovano za trg EU, the <strong data-start=\"613\" data-end=\"629\">JNR 55K Vape<\/strong> je idealen za veleprodajalce in maloprodajalce, ki i\u0161\u010dejo <strong data-start=\"677\" data-end=\"717\">priljubljene enkratne vape z nizko nikotinsko vsebnostjo<\/strong> s stilskim, vzdr\u017eljivim ohi\u0161jem in dosledno dostavo okusa. Popoln za vaperje, ki i\u0161\u010dejo vrhunski okus in sodobno zmogljivost po <strong data-start=\"858\" data-end=\"889\">konkurencni veleprodajni ceni<\/strong>.<\/p>\n<p><strong>Dodajte Amyin WhatsApp, da dobite pravi odgovor in ceno s popustom!<\/strong><\/p>\n<p><img fetchpriority=\"high\" decoding=\"async\" class=\"size-full wp-image-2932\" src=\"https:\/\/vapestornado.com\/wp-content\/uploads\/2024\/12\/Vape-Wholesale.jpg\" alt=\"Vape Veleprodaja\" width=\"229\" height=\"300\" \/><\/p>\n<h3><a href=\"https:\/\/wa.me\/8617776015835\"><span style=\"color: #ff0000;\"><strong>WhatsApp: +386 17776015835<\/strong><\/span><\/a><\/h3>","protected":false},"featured_media":4484,"comment_status":"open","ping_status":"closed","template":"","meta":{"_acf_changed":false,"_uag_custom_page_level_css":"","_lmt_disableupdate":"no","_lmt_disable":"","_monsterinsights_skip_tracking":false,"_monsterinsights_sitenote_active":false,"_monsterinsights_sitenote_note":"","_monsterinsights_sitenote_category":0,"site-sidebar-layout":"default","site-content-layout":"","ast-site-content-layout":"default","site-content-style":"default","site-sidebar-style":"default","ast-global-header-display":"","ast-banner-title-visibility":"","ast-main-header-display":"","ast-hfb-above-header-display":"","ast-hfb-below-header-display":"","ast-hfb-mobile-header-display":"","site-post-title":"","ast-breadcrumbs-content":"","ast-featured-img":"","footer-sml-layout":"","ast-disable-related-posts":"","theme-transparent-header-meta":"default","adv-header-id-meta":"","stick-header-meta":"","header-above-stick-meta":"","header-main-stick-meta":"","header-below-stick-meta":"","astra-migrate-meta-layouts":"set","ast-page-background-enabled":"default","ast-page-background-meta":{"desktop":{"background-color":"","background-image":"","background-repeat":"repeat","background-position":"center center","background-size":"auto","background-attachment":"scroll","background-type":"","background-media":"","overlay-type":"","overlay-color":"","overlay-opacity":"","overlay-gradient":""},"tablet":{"background-color":"","background-image":"","background-repeat":"repeat","background-position":"center center","background-size":"auto","background-attachment":"scroll","background-type":"","background-media":"","overlay-type":"","overlay-color":"","overlay-opacity":"","overlay-gradient":""},"mobile":{"background-color":"","background-image":"","background-repeat":"repeat","background-position":"center center","background-size":"auto","background-attachment":"scroll","background-type":"","background-media":"","overlay-type":"","overlay-color":"","overlay-opacity":"","overlay-gradient":""}},"ast-content-background-meta":{"desktop":{"background-color":"var(--ast-global-color-5)","background-image":"","background-repeat":"repeat","background-position":"center center","background-size":"auto","background-attachment":"scroll","background-type":"","background-media":"","overlay-type":"","overlay-color":"","overlay-opacity":"","overlay-gradient":""},"tablet":{"background-color":"var(--ast-global-color-5)","background-image":"","background-repeat":"repeat","background-position":"center center","background-size":"auto","background-attachment":"scroll","background-type":"","background-media":"","overlay-type":"","overlay-color":"","overlay-opacity":"","overlay-gradient":""},"mobile":{"background-color":"var(--ast-global-color-5)","background-image":"","background-repeat":"repeat","background-position":"center center","background-size":"auto","background-attachment":"scroll","background-type":"","background-media":"","overlay-type":"","overlay-color":"","overlay-opacity":"","overlay-gradient":""}},"_joinchat":[]},"product_brand":[],"product_cat":[149,150,151,154,141,142,76,144],"product_tag":[120,403,406,413,135,246,390,397],"class_list":{"0":"post-4493","1":"product","2":"type-product","3":"status-publish","4":"has-post-thumbnail","6":"product_cat-buy-disposable-vapes-in-austria","7":"product_cat-buy-disposable-vapes-in-belgium","8":"product_cat-buy-disposable-vapes-in-france","9":"product_cat-buy-disposable-vapes-in-netherlands","10":"product_cat-crystal-disposable-vapes","11":"product_cat-digital-box-disposable-vapes","12":"product_cat-jnr-vape","13":"product_cat-low-nicotine-disposable-vapes","14":"product_tag-crystal-vape","15":"product_tag-disposable-vape-box","16":"product_tag-disposable-vape-fast-shipping","17":"product_tag-jnr-ragegorilla-55000-puffs","18":"product_tag-jnr-vape","19":"product_tag-low-nicotine-disposable-vape","20":"product_tag-online-vape-shop","21":"product_tag-vapor","22":"desktop-align-left","23":"tablet-align-left","24":"mobile-align-left","26":"first","27":"instock","28":"sale","29":"shipping-taxable","30":"purchasable","31":"product-type-simple"},"acf":[],"uagb_featured_image_src":{"full":["https:\/\/vapestornado.com\/wp-content\/uploads\/2025\/10\/JNR-Rage-Gorilla-55000-Puffs-55k-Vape-42ml-Smart-Screen.webp",800,800,false],"thumbnail":["https:\/\/vapestornado.com\/wp-content\/uploads\/2025\/10\/JNR-Rage-Gorilla-55000-Puffs-55k-Vape-42ml-Smart-Screen-150x150.webp",150,150,true],"medium":["https:\/\/vapestornado.com\/wp-content\/uploads\/2025\/10\/JNR-Rage-Gorilla-55000-Puffs-55k-Vape-42ml-Smart-Screen-300x300.webp",300,300,true],"medium_large":["https:\/\/vapestornado.com\/wp-content\/uploads\/2025\/10\/JNR-Rage-Gorilla-55000-Puffs-55k-Vape-42ml-Smart-Screen-768x768.webp",768,768,true],"large":["https:\/\/vapestornado.com\/wp-content\/uploads\/2025\/10\/JNR-Rage-Gorilla-55000-Puffs-55k-Vape-42ml-Smart-Screen.webp",800,800,false],"1536x1536":["https:\/\/vapestornado.com\/wp-content\/uploads\/2025\/10\/JNR-Rage-Gorilla-55000-Puffs-55k-Vape-42ml-Smart-Screen.webp",800,800,false],"2048x2048":["https:\/\/vapestornado.com\/wp-content\/uploads\/2025\/10\/JNR-Rage-Gorilla-55000-Puffs-55k-Vape-42ml-Smart-Screen.webp",800,800,false],"trp-custom-language-flag":["https:\/\/vapestornado.com\/wp-content\/uploads\/2025\/10\/JNR-Rage-Gorilla-55000-Puffs-55k-Vape-42ml-Smart-Screen-12x12.webp",12,12,true],"woocommerce_thumbnail":["https:\/\/vapestornado.com\/wp-content\/uploads\/2025\/10\/JNR-Rage-Gorilla-55000-Puffs-55k-Vape-42ml-Smart-Screen-300x300.webp",300,300,true],"woocommerce_single":["https:\/\/vapestornado.com\/wp-content\/uploads\/2025\/10\/JNR-Rage-Gorilla-55000-Puffs-55k-Vape-42ml-Smart-Screen-600x600.webp",600,600,true],"woocommerce_gallery_thumbnail":["https:\/\/vapestornado.com\/wp-content\/uploads\/2025\/10\/JNR-Rage-Gorilla-55000-Puffs-55k-Vape-42ml-Smart-Screen-100x100.webp",100,100,true]},"uagb_author_info":{"display_name":"ESAMY","author_link":"https:\/\/vapestornado.com\/sl\/author\/"},"uagb_comment_info":2,"uagb_excerpt":"Designed for the EU market, the JNR 55K Vape is ideal for wholesalers and retailers seeking popular low nicotine disposable vapes with a stylish, durable body and consistent flavor delivery. Perfect for vapers looking for premium taste and modern performance at a competitive wholesale price. Add Amy's whatsapp to get right reply and discount price!&hellip;","_links":{"self":[{"href":"https:\/\/vapestornado.com\/sl\/wp-json\/wp\/v2\/product\/4493","targetHints":{"allow":["GET"]}}],"collection":[{"href":"https:\/\/vapestornado.com\/sl\/wp-json\/wp\/v2\/product"}],"about":[{"href":"https:\/\/vapestornado.com\/sl\/wp-json\/wp\/v2\/types\/product"}],"replies":[{"embeddable":true,"href":"https:\/\/vapestornado.com\/sl\/wp-json\/wp\/v2\/comments?post=4493"}],"wp:featuredmedia":[{"embeddable":true,"href":"https:\/\/vapestornado.com\/sl\/wp-json\/wp\/v2\/media\/4484"}],"wp:attachment":[{"href":"https:\/\/vapestornado.com\/sl\/wp-json\/wp\/v2\/media?parent=4493"}],"wp:term":[{"taxonomy":"product_brand","embeddable":true,"href":"https:\/\/vapestornado.com\/sl\/wp-json\/wp\/v2\/product_brand?post=4493"},{"taxonomy":"product_cat","embeddable":true,"href":"https:\/\/vapestornado.com\/sl\/wp-json\/wp\/v2\/product_cat?post=4493"},{"taxonomy":"product_tag","embeddable":true,"href":"https:\/\/vapestornado.com\/sl\/wp-json\/wp\/v2\/product_tag?post=4493"}],"curies":[{"name":"wp","href":"https:\/\/api.w.org\/{rel}","templated":true}]}}