{"id":4483,"date":"2025-10-30T06:42:12","date_gmt":"2025-10-30T06:42:12","guid":{"rendered":"https:\/\/vapestornado.com\/?post_type=product&#038;p=4483"},"modified":"2025-12-12T08:55:22","modified_gmt":"2025-12-12T08:55:22","slug":"jnr-falcon-pro-28k-28000-disposable-vape-puff-bar-rechargeable","status":"publish","type":"product","link":"https:\/\/vapestornado.com\/sl\/product\/jnr-falcon-pro-28k-28000-disposable-vape-puff-bar-rechargeable\/","title":{"rendered":"JNR Falcon Pro 28k 28000 Enkratna Vapa Puh Bar Polnljiva"},"content":{"rendered":"<h2 data-pm-slice=\"1 1 []\">JNR Falcon Pro 28K Polnljivi Puff Bar \u2013 28000 Puff Disposable Vape na debelo<\/h2>\n<p data-start=\"73\" data-end=\"688\">The <strong data-start=\"97\" data-end=\"119\">JNR Falcon Pro 28K<\/strong> je polnilna naprava za enkratno uporabo, narejena za uporabnike e-cigaret, ki pri\u010dakujejo ve\u010d kot le kratkoro\u010dno udobje. Z <strong data-start=\"216\" data-end=\"238\">do 28.000 vdihov<\/strong>, a <strong data-start=\"242\" data-end=\"268\">prostornino 30 ml e-teko\u010dine<\/strong>, in <strong data-start=\"276\" data-end=\"294\">dvojna mre\u017easta tuljava<\/strong>je zasnovana za zagotavljanje stabilnega okusa in pare pri dolgotrajni uporabi. Dodajte \u0161e <strong data-start=\"372\" data-end=\"410\">950mAh Type-C polnljivi bateriji<\/strong> in <strong data-start=\"418\" data-end=\"446\">inteligenten pametni zaslon<\/strong>in dobili boste napravo, ki se obna\u0161a bolj kot kompaktni <strong data-start=\"500\" data-end=\"520\">modi za e-cigarete<\/strong> kot pa osnovna naprava za enkratno uporabo \u2013 brez nastavljanja ali vzdr\u017eevanja.<\/p>\n<h3 data-start=\"791\" data-end=\"864\">Zakaj JNR Falcon Pro 28k zagotavlja bolj\u0161o vrednost kot obi\u010dajne vape za enkratno uporabo?<\/h3>\n<ul data-start=\"866\" data-end=\"2179\">\n<li data-start=\"866\" data-end=\"1161\">\n<p data-start=\"868\" data-end=\"1161\"><strong data-start=\"868\" data-end=\"906\">Vzdr\u017eljivost, ki ustreza resni\u010dnim rutinam.<\/strong> The <strong data-start=\"911\" data-end=\"949\">JNR Falcon Pro 28K vape za enkratno uporabo<\/strong> zdru\u017euje visoko <strong data-start=\"963\" data-end=\"982\">oceno 28K vdihov<\/strong> z <strong data-start=\"990\" data-end=\"1003\">30 ml rezervoar<\/strong>, zaradi \u010desar je primeren za redne uporabnike v <strong data-start=\"1045\" data-end=\"1090\">Nem\u010diji, Franciji, Italiji, \u0160paniji in na Poljskem<\/strong> , ki \u017eelijo manj zamenjav in predvidljivo vsakodnevno uporabo ene naprave.<\/p>\n<\/li>\n<li data-start=\"1163\" data-end=\"1428\">\n<p data-start=\"1165\" data-end=\"1428\"><strong data-start=\"1165\" data-end=\"1202\">Dvojna mre\u017easta tuljava za stabilen izhod.<\/strong> Znotraj <strong data-start=\"1214\" data-end=\"1243\">JNR 28K polnilna vape naprava<\/strong> zasnova <strong data-start=\"1256\" data-end=\"1274\">dvojna mre\u017easta tuljava<\/strong> enakomerno porazdeli toploto po stenju. To pomaga, da para ostane gladka in okus ostane poln globlje v rezervoarju, namesto da bi se po mo\u010dni uporabi razred\u010dil.<\/p>\n<\/li>\n<li data-start=\"1430\" data-end=\"1649\">\n<p data-start=\"1432\" data-end=\"1649\"><strong data-start=\"1432\" data-end=\"1480\">Polnilna mo\u010d, ki \u0161\u010diti teko\u010dino.<\/strong> A <strong data-start=\"1483\" data-end=\"1521\">950mAh Type-C polnljivi bateriji<\/strong> pomeni, da lahko napolnite energijo, kadar je potrebna, in nadaljujete z vapovanjem, dokler teko\u010dina ni kon\u010dana \u2014 brez zgodnjega odlaganja, brez zapravljanja e-juice-a.<\/p>\n<\/li>\n<li data-start=\"1651\" data-end=\"1884\">\n<p data-start=\"1653\" data-end=\"1884\"><strong data-start=\"1653\" data-end=\"1689\">Pametni zaslon vas obve\u0161\u010da.<\/strong> The <strong data-start=\"1694\" data-end=\"1747\">inteligentni LED zaslon na JNR Falcon Pro 28K<\/strong> prikazuje ravni baterije in e-teko\u010dine v realnem \u010dasu, tako da veste, ali naprava lahko pokrije dolgo delovno dan ali no\u010dno zabavo brez ugibanja.<\/p>\n<\/li>\n<li data-start=\"1886\" data-end=\"2179\">\n<p data-start=\"1888\" data-end=\"2179\"><strong data-start=\"1888\" data-end=\"1939\">Mo\u010dna vrednost za maloprodajne in veleprodajne kanale.<\/strong> S funkcijami, ki jih obi\u010dajno vidimo na bolj zapletenih napravah, <strong data-start=\"1996\" data-end=\"2018\">JNR Falcon Pro 28000<\/strong>\u00a0dobro deluje v vsakem <strong data-start=\"2040\" data-end=\"2053\">vaporskem trgovini<\/strong> in ustreza kupcem, ki primerjajo vrhunske disposable izdelke z <strong data-start=\"2108\" data-end=\"2138\">Veleprodaja poceni cigaret<\/strong> alternativami za bolj\u0161o dolgoro\u010dno vrednost.<\/p>\n<\/li>\n<\/ul>\n<p><strong><span style=\"color: #ff0000;\">Dodajte Amy na WhatsApp in prejmite takoj\u0161en odgovor ter kupon za vape!<\/span><\/strong><\/p>\n<p><img fetchpriority=\"high\" decoding=\"async\" class=\"size-full wp-image-2932\" src=\"https:\/\/vapestornado.com\/wp-content\/uploads\/2024\/12\/Vape-Wholesale.jpg\" alt=\"Vape Veleprodaja\" width=\"229\" height=\"300\" \/><\/p>\n<h3><a href=\"https:\/\/wa.me\/8617776015835\" target=\"_blank\" rel=\"noopener\"><span style=\"color: #ff0000;\"><strong>WhatsApp: +386 17776015835<\/strong><\/span><\/a><\/h3>\n<p>&nbsp;<\/p>\n<h2><strong>JNR Falcon Pro 28k Lastnosti izdelka<\/strong><\/h2>\n<table>\n<thead>\n<tr>\n<th>Zna\u010dilnosti<\/th>\n<th>specifikacije<\/th>\n<th>podrobnosti<\/th>\n<\/tr>\n<\/thead>\n<tbody>\n<tr>\n<td>Ime izdelka<\/td>\n<td>JNR Falcon Pro 28K<\/td>\n<td>Visoko zmogljiv, polnjen enkratno uporabo vape<\/td>\n<\/tr>\n<tr>\n<td>Zmogljivost vdihovanja<\/td>\n<td>Do 28.000 vdihov<\/td>\n<td>Zasnovano za podalj\u0161ano, ve\u010dtedensko uporabo<\/td>\n<\/tr>\n<tr>\n<td>Prostornina e-teko\u010dine<\/td>\n<td>30 ml vnaprej napolnjen<\/td>\n<td>Velik rezervoar podpira dolge seje<\/td>\n<\/tr>\n<tr>\n<td>Tehnologija tuljave<\/td>\n<td>Dvojna mre\u017easta tuljava<\/td>\n<td>Enakomerno segrevanje za gladno paro in bogat okus<\/td>\n<\/tr>\n<tr>\n<td>Baterija<\/td>\n<td>950mAh polnljiva baterija<\/td>\n<td>Podpira ve\u010dkratno polnjenje skozi \u017eivljenjsko dobo naprave<\/td>\n<\/tr>\n<tr>\n<td>Polnjenje<\/td>\n<td>hitro polnjenje Type-C<\/td>\n<td>Hiter, sodoben polnjenje z EU-standardnimi kabli<\/td>\n<\/tr>\n<tr>\n<td>Zaslon<\/td>\n<td>Inteligenten pametni zaslon<\/td>\n<td>Stanje baterije in e-teko\u010dine v realnem \u010dasu<\/td>\n<\/tr>\n<tr>\n<td>Oblikovanje<\/td>\n<td>Kristalno oblikovano telo z logotipom Falcon<\/td>\n<td>Sodobni videz z trdim ob\u010dutkom na dotik<\/td>\n<\/tr>\n<tr>\n<td>Mo\u017enosti okusa<\/td>\n<td>Do 20 okusov<\/td>\n<td>Na voljo sadni, ledeni in me\u0161ani okusi<\/td>\n<\/tr>\n<tr>\n<td>Postavitev<\/td>\n<td>Maloprodaja in veleprodaja<\/td>\n<td>Primerno za trgovine z vape izdelki in veleprodajo<\/td>\n<\/tr>\n<\/tbody>\n<\/table>\n<figure id=\"attachment_4478\" aria-describedby=\"caption-attachment-4478\" style=\"width: 800px\" class=\"wp-caption alignnone\"><img decoding=\"async\" class=\"wp-image-4478 size-full\" src=\"https:\/\/vapestornado.com\/wp-content\/uploads\/2025\/10\/JNR-Falcon-Pro-28000-2-Nicotine-Disposable-Vapes.webp\" alt=\"JNR Falcon Pro 28000 2% Nikotinske enkratne vape\" width=\"800\" height=\"800\" srcset=\"https:\/\/vapestornado.com\/wp-content\/uploads\/2025\/10\/JNR-Falcon-Pro-28000-2-Nicotine-Disposable-Vapes.webp 800w, https:\/\/vapestornado.com\/wp-content\/uploads\/2025\/10\/JNR-Falcon-Pro-28000-2-Nicotine-Disposable-Vapes-300x300.webp 300w, https:\/\/vapestornado.com\/wp-content\/uploads\/2025\/10\/JNR-Falcon-Pro-28000-2-Nicotine-Disposable-Vapes-150x150.webp 150w, https:\/\/vapestornado.com\/wp-content\/uploads\/2025\/10\/JNR-Falcon-Pro-28000-2-Nicotine-Disposable-Vapes-768x768.webp 768w, https:\/\/vapestornado.com\/wp-content\/uploads\/2025\/10\/JNR-Falcon-Pro-28000-2-Nicotine-Disposable-Vapes-12x12.webp 12w, https:\/\/vapestornado.com\/wp-content\/uploads\/2025\/10\/JNR-Falcon-Pro-28000-2-Nicotine-Disposable-Vapes-600x600.webp 600w, https:\/\/vapestornado.com\/wp-content\/uploads\/2025\/10\/JNR-Falcon-Pro-28000-2-Nicotine-Disposable-Vapes-100x100.webp 100w\" sizes=\"(max-width: 800px) 100vw, 800px\" \/><figcaption id=\"caption-attachment-4478\" class=\"wp-caption-text\">JNR Falcon Pro 28000 2% Nikotinske enkratne vape<\/figcaption><\/figure>\n<h2 class=\"product-title\"><strong>Seznam okusov JNR Falcon Pro 28k enkratnih vape<\/strong><\/h2>\n<p>1 Jagoda Led<br \/>\n2 Vi\u0161nja Cola<br \/>\n3 Lubenica Led<br \/>\n4 Modra Razz Vi\u0161nja<br \/>\n5 Jagoda kivi<br \/>\n6 Modra Borovnica Rde\u010da Vi\u0161nja<br \/>\n7 Jagoda Lubenica Led<br \/>\n8 Kivi Lubenica Led<br \/>\n9 Me\u0161ane jagodi\u010devje<br \/>\n10 So\u010dne breskve<br \/>\n11 Modra Borovnica Led<br \/>\n12 Modra Borovnica Kisel Rde\u010di Raspberries<br \/>\n13 Bela breskev Razz<br \/>\n14 Mango Passion Fruit<br \/>\n15 Breskev Mango Watermelon<br \/>\n16 Watermelon Bubblegum<br \/>\n17 Jagoda Banana<br \/>\n18 Dvojni Jabolko<br \/>\n19 Kivi Passion Guava<br \/>\n20 \u010ce\u0161nja Berry<\/p>\n<div class=\"flex-shrink-0 flex flex-col relative items-end\">\n<div class=\"pt-0\">\n<div class=\"gizmo-bot-avatar flex h-8 w-8 items-center justify-center overflow-hidden rounded-full\">\n<div class=\"relative p-1 rounded-sm flex items-center justify-center bg-token-main-surface-primary text-token-text-primary h-8 w-8\">\n<h2 data-start=\"1200\" data-end=\"1487\">Vapes Tornado \u2013 Va\u0161a veleprodajna spletna trgovina za vrhunske blagovne znamke vape<\/h2>\n<p data-start=\"1200\" data-end=\"1487\">Vapes Tornado Spletna trgovina za dim je va\u0161a zanesljiva destinacija za <strong data-start=\"66\" data-end=\"94\">vrhunskih vape za enkratno uporabo<\/strong> in <strong data-start=\"99\" data-end=\"125\">veliko na debelo e-cigaret<\/strong> po Evropi. Skladi\u0161\u010dimo priljubljene blagovne znamke vapov, kot so <a href=\"https:\/\/vapestornado.com\/sl\/product\/elf-bar-raya-d3-25000-puffs-best-disposable-vape-wholesale-in-uk\/\">Elf Bar Vape<\/a>, <strong data-start=\"175\" data-end=\"228\"><a href=\"https:\/\/vapestornado.com\/sl\/product\/fumot-randm-tornado-15000-puffs-rechargeable-disposable-vape-wholesale\/\">Fumot Vape<\/a>, <a href=\"https:\/\/vapestornado.com\/sl\/product\/waspe-150k-150000-puff-6-in-1-disposable-vape-pen-cartridge-best-wholesale-price-in-poland\/\">Waspe Vape<\/a>, Vozol Bar Vape, <a href=\"https:\/\/vapestornado.com\/sl\/product-category\/bang-vape\/\">Bang Vape<\/a><\/strong>, in mnoge druge\u2014ponujajo izjemno kakovost, raznolike mo\u017enosti okusov in inovativne zasnove. Ne glede na to, ali ste osebni uporabnik ali kupujete na veliko, <strong data-start=\"372\" data-end=\"389\">Vape Tornado<\/strong> nudi visokozmogljive naprave, elegantne stile in neprekosljive cene na debelo, da zadovoljijo va\u0161e potrebe po vapingu.<\/p>\n<h2 data-start=\"2064\" data-end=\"2115\"><\/h2>\n<h2 data-start=\"2064\" data-end=\"2115\">Pogosta vpra\u0161anja o JNR Falcon Pro 28k Vape Box<\/h2>\n<h3 data-start=\"3123\" data-end=\"3203\">1. Koliko \u010dasa traja enkratna uporaba JNR Falcon Pro 28K v vsakodnevni uporabi?<\/h3>\n<p data-start=\"3204\" data-end=\"3362\">S <strong data-start=\"3209\" data-end=\"3225\">28.000 vpihov<\/strong> in <strong data-start=\"3232\" data-end=\"3245\">30 ml rezervoar<\/strong>, mnogi redni uporabniki ugotovijo, da <strong data-start=\"3275\" data-end=\"3297\">JNR Falcon Pro 28K<\/strong> traja <strong data-start=\"3304\" data-end=\"3321\">nekaj tednov<\/strong>, odvisno od dol\u017eine in pogostosti vdiha.<\/p>\n<h3 data-start=\"3369\" data-end=\"3461\">2. Kak\u0161no prednost daje dvojna mre\u017easta tuljava v JNR 28K polnljivi enkratni napravi?<\/h3>\n<p data-start=\"3462\" data-end=\"3614\">The <strong data-start=\"3466\" data-end=\"3484\">dvojna mre\u017easta tuljava<\/strong> segreva se bolj enakomerno kot enojne \u017ei\u010dne tuljave, kar pomaga, da je para gosta in okus konstanten skozi celotno \u017eivljenjsko dobo naprave.<\/p>\n<h3 data-start=\"3621\" data-end=\"3722\">3. Je JNR Falcon Pro 28K bolj podoben E-cigaretam ali standardnim enkratnim napravam po zmogljivosti?<\/h3>\n<p data-start=\"3723\" data-end=\"3861\">Glede stabilnosti in nadzora izhoda se zdi bolj podoben kompaktni <strong data-start=\"3792\" data-end=\"3812\">modi za e-cigarete<\/strong>, vendar brez tuljav za zamenjavo ali rezervoarjev za polnjenje.<\/p>\n<h3 data-start=\"3868\" data-end=\"3943\">4. Kako uporabna je pametna plo\u0161\u010da na JNR Falcon Pro 28K Puff Bar?<\/h3>\n<p data-start=\"3944\" data-end=\"4092\">The <strong data-start=\"3948\" data-end=\"3964\">pametni zaslon<\/strong> jasno prikazuje ravni baterije in teko\u010dine, kar omogo\u010da bolj\u0161e na\u010drtovanje polnjenja in zmanj\u0161uje nepri\u010dakovane prekinitve med dnevom.<\/p>\n<h3 data-start=\"4099\" data-end=\"4232\">5. Je JNR Falcon Pro 28K dobra izbira za trgovine z vape izdelki ali veleprodajne kupce v primerjavi z alternativami poceni cigaret v veleprodaji?<\/h3>\n<p data-start=\"4233\" data-end=\"4467\">Da. Za <strong data-start=\"4242\" data-end=\"4255\">vaporskem trgovini<\/strong> lastnikom in veleprodajnim kupcem, je <strong data-start=\"4284\" data-end=\"4306\">JNR Falcon Pro 28K<\/strong> nudi visok \u0161tevec pen, ponovno polnjen dizajn in vrhunske funkcije, ki pritegnejo uporabnike, ki i\u0161\u010dejo dolgoro\u010dno vrednost \u010dez <strong data-start=\"4427\" data-end=\"4457\">Veleprodaja poceni cigaret<\/strong> produkte.<\/p>\n<\/div>\n<\/div>\n<\/div>\n<\/div>","protected":false},"excerpt":{"rendered":"<ul>\n<li data-start=\"2055\" data-end=\"2134\">\n<p data-start=\"2058\" data-end=\"2134\">Kupi JNR 28K Puff Bar Online \u2013 Dolgotrajna ponovno polnljiva enkratna vape naprava EU<\/p>\n<\/li>\n<li data-start=\"2055\" data-end=\"2134\">\n<p data-start=\"2058\" data-end=\"2134\">JNR Falcon 28000 Puffs Vape \u2013 Dvojni mre\u017eni tulj za Puff Bar po veleprodajni ceni<\/p>\n<\/li>\n<\/ul>\n<p><strong>Dodajte Amyin WhatsApp, da dobite pravi odgovor in ceno s popustom!<\/strong><\/p>\n<p><img fetchpriority=\"high\" decoding=\"async\" class=\"size-full wp-image-2932\" src=\"https:\/\/vapestornado.com\/wp-content\/uploads\/2024\/12\/Vape-Wholesale.jpg\" alt=\"Vape Veleprodaja\" width=\"229\" height=\"300\" \/><\/p>\n<h3><a href=\"https:\/\/wa.me\/8617776015835\"><span style=\"color: #ff0000;\"><strong>WhatsApp: +386 17776015835<\/strong><\/span><\/a><\/h3>","protected":false},"featured_media":4477,"comment_status":"open","ping_status":"closed","template":"","meta":{"_acf_changed":false,"_uag_custom_page_level_css":"","_lmt_disableupdate":"no","_lmt_disable":"","_monsterinsights_skip_tracking":false,"_monsterinsights_sitenote_active":false,"_monsterinsights_sitenote_note":"","_monsterinsights_sitenote_category":0,"site-sidebar-layout":"default","site-content-layout":"","ast-site-content-layout":"default","site-content-style":"default","site-sidebar-style":"default","ast-global-header-display":"","ast-banner-title-visibility":"","ast-main-header-display":"","ast-hfb-above-header-display":"","ast-hfb-below-header-display":"","ast-hfb-mobile-header-display":"","site-post-title":"","ast-breadcrumbs-content":"","ast-featured-img":"","footer-sml-layout":"","ast-disable-related-posts":"","theme-transparent-header-meta":"default","adv-header-id-meta":"","stick-header-meta":"","header-above-stick-meta":"","header-main-stick-meta":"","header-below-stick-meta":"","astra-migrate-meta-layouts":"set","ast-page-background-enabled":"default","ast-page-background-meta":{"desktop":{"background-color":"","background-image":"","background-repeat":"repeat","background-position":"center center","background-size":"auto","background-attachment":"scroll","background-type":"","background-media":"","overlay-type":"","overlay-color":"","overlay-opacity":"","overlay-gradient":""},"tablet":{"background-color":"","background-image":"","background-repeat":"repeat","background-position":"center center","background-size":"auto","background-attachment":"scroll","background-type":"","background-media":"","overlay-type":"","overlay-color":"","overlay-opacity":"","overlay-gradient":""},"mobile":{"background-color":"","background-image":"","background-repeat":"repeat","background-position":"center center","background-size":"auto","background-attachment":"scroll","background-type":"","background-media":"","overlay-type":"","overlay-color":"","overlay-opacity":"","overlay-gradient":""}},"ast-content-background-meta":{"desktop":{"background-color":"var(--ast-global-color-5)","background-image":"","background-repeat":"repeat","background-position":"center center","background-size":"auto","background-attachment":"scroll","background-type":"","background-media":"","overlay-type":"","overlay-color":"","overlay-opacity":"","overlay-gradient":""},"tablet":{"background-color":"var(--ast-global-color-5)","background-image":"","background-repeat":"repeat","background-position":"center center","background-size":"auto","background-attachment":"scroll","background-type":"","background-media":"","overlay-type":"","overlay-color":"","overlay-opacity":"","overlay-gradient":""},"mobile":{"background-color":"var(--ast-global-color-5)","background-image":"","background-repeat":"repeat","background-position":"center center","background-size":"auto","background-attachment":"scroll","background-type":"","background-media":"","overlay-type":"","overlay-color":"","overlay-opacity":"","overlay-gradient":""}},"_joinchat":[]},"product_brand":[],"product_cat":[235,149,150,151,154,141,142,76,144],"product_tag":[403,406,411,412,410,390,397],"class_list":{"0":"post-4483","1":"product","2":"type-product","3":"status-publish","4":"has-post-thumbnail","6":"product_cat-28000-puff","7":"product_cat-buy-disposable-vapes-in-austria","8":"product_cat-buy-disposable-vapes-in-belgium","9":"product_cat-buy-disposable-vapes-in-france","10":"product_cat-buy-disposable-vapes-in-netherlands","11":"product_cat-crystal-disposable-vapes","12":"product_cat-digital-box-disposable-vapes","13":"product_cat-jnr-vape","14":"product_cat-low-nicotine-disposable-vapes","15":"product_tag-disposable-vape-box","16":"product_tag-disposable-vape-fast-shipping","17":"product_tag-jnr-28k","18":"product_tag-jnr-falcon-pro-280000","19":"product_tag-jnr-falcon-pro-28k","20":"product_tag-online-vape-shop","21":"product_tag-vapor","22":"desktop-align-left","23":"tablet-align-left","24":"mobile-align-left","26":"first","27":"instock","28":"sale","29":"shipping-taxable","30":"purchasable","31":"product-type-simple"},"acf":[],"uagb_featured_image_src":{"full":["https:\/\/vapestornado.com\/wp-content\/uploads\/2025\/10\/JNR-Falcon-Pro-28K-Puff-Dispsoable-Vape-Wholesale-Price.webp",800,800,false],"thumbnail":["https:\/\/vapestornado.com\/wp-content\/uploads\/2025\/10\/JNR-Falcon-Pro-28K-Puff-Dispsoable-Vape-Wholesale-Price-150x150.webp",150,150,true],"medium":["https:\/\/vapestornado.com\/wp-content\/uploads\/2025\/10\/JNR-Falcon-Pro-28K-Puff-Dispsoable-Vape-Wholesale-Price-300x300.webp",300,300,true],"medium_large":["https:\/\/vapestornado.com\/wp-content\/uploads\/2025\/10\/JNR-Falcon-Pro-28K-Puff-Dispsoable-Vape-Wholesale-Price-768x768.webp",768,768,true],"large":["https:\/\/vapestornado.com\/wp-content\/uploads\/2025\/10\/JNR-Falcon-Pro-28K-Puff-Dispsoable-Vape-Wholesale-Price.webp",800,800,false],"1536x1536":["https:\/\/vapestornado.com\/wp-content\/uploads\/2025\/10\/JNR-Falcon-Pro-28K-Puff-Dispsoable-Vape-Wholesale-Price.webp",800,800,false],"2048x2048":["https:\/\/vapestornado.com\/wp-content\/uploads\/2025\/10\/JNR-Falcon-Pro-28K-Puff-Dispsoable-Vape-Wholesale-Price.webp",800,800,false],"trp-custom-language-flag":["https:\/\/vapestornado.com\/wp-content\/uploads\/2025\/10\/JNR-Falcon-Pro-28K-Puff-Dispsoable-Vape-Wholesale-Price-12x12.webp",12,12,true],"woocommerce_thumbnail":["https:\/\/vapestornado.com\/wp-content\/uploads\/2025\/10\/JNR-Falcon-Pro-28K-Puff-Dispsoable-Vape-Wholesale-Price-300x300.webp",300,300,true],"woocommerce_single":["https:\/\/vapestornado.com\/wp-content\/uploads\/2025\/10\/JNR-Falcon-Pro-28K-Puff-Dispsoable-Vape-Wholesale-Price-600x600.webp",600,600,true],"woocommerce_gallery_thumbnail":["https:\/\/vapestornado.com\/wp-content\/uploads\/2025\/10\/JNR-Falcon-Pro-28K-Puff-Dispsoable-Vape-Wholesale-Price-100x100.webp",100,100,true]},"uagb_author_info":{"display_name":"ESAMY","author_link":"https:\/\/vapestornado.com\/sl\/author\/"},"uagb_comment_info":1,"uagb_excerpt":"Buy JNR 28K Puff Bar Online \u2013 Long-Lasting Rechargeable Disposable Vape EU JNR Falcon 28000 Puffs Vape \u2013 Dual Mesh Coil Puff Bar at Wholesale Price Add Amy's whatsapp to get right reply and discount price! WhatsApp: +86 17776015835","_links":{"self":[{"href":"https:\/\/vapestornado.com\/sl\/wp-json\/wp\/v2\/product\/4483","targetHints":{"allow":["GET"]}}],"collection":[{"href":"https:\/\/vapestornado.com\/sl\/wp-json\/wp\/v2\/product"}],"about":[{"href":"https:\/\/vapestornado.com\/sl\/wp-json\/wp\/v2\/types\/product"}],"replies":[{"embeddable":true,"href":"https:\/\/vapestornado.com\/sl\/wp-json\/wp\/v2\/comments?post=4483"}],"wp:featuredmedia":[{"embeddable":true,"href":"https:\/\/vapestornado.com\/sl\/wp-json\/wp\/v2\/media\/4477"}],"wp:attachment":[{"href":"https:\/\/vapestornado.com\/sl\/wp-json\/wp\/v2\/media?parent=4483"}],"wp:term":[{"taxonomy":"product_brand","embeddable":true,"href":"https:\/\/vapestornado.com\/sl\/wp-json\/wp\/v2\/product_brand?post=4483"},{"taxonomy":"product_cat","embeddable":true,"href":"https:\/\/vapestornado.com\/sl\/wp-json\/wp\/v2\/product_cat?post=4483"},{"taxonomy":"product_tag","embeddable":true,"href":"https:\/\/vapestornado.com\/sl\/wp-json\/wp\/v2\/product_tag?post=4483"}],"curies":[{"name":"wp","href":"https:\/\/api.w.org\/{rel}","templated":true}]}}