{"id":4475,"date":"2025-10-29T06:41:52","date_gmt":"2025-10-29T06:41:52","guid":{"rendered":"https:\/\/vapestornado.com\/?post_type=product&#038;p=4475"},"modified":"2025-12-12T09:08:28","modified_gmt":"2025-12-12T09:08:28","slug":"uzy-50000-puff-50k-disposable-vape-2-in-1-double-flaovr-best-wholesale-online","status":"publish","type":"product","link":"https:\/\/vapestornado.com\/sl\/product\/uzy-50000-puff-50k-disposable-vape-2-in-1-double-flaovr-best-wholesale-online\/","title":{"rendered":"UZY 50000 Puff 50k Enkratna Vape 2 v 1 Dvojni Okus Najbolj\u0161a Velika Prodaja Na Spletu"},"content":{"rendered":"<h2 data-pm-slice=\"1 1 []\">UZY 50000 Puff Disposable Vape 2-v-1 Dvojni Okus, Dvojne Mre\u017ene Cevke &amp; Pametna LED Zaslon<\/h2>\n<p data-start=\"103\" data-end=\"597\"><strong data-start=\"103\" data-end=\"121\">UZY 50000 Vdihov<\/strong> je visoko zmogljiva naprava <strong data-start=\"141\" data-end=\"162\">2-v-1 enkratna uporaba<\/strong> zgrajen za dolgo uporabo in brez zapletov. Ponuja <strong data-start=\"209\" data-end=\"231\">do 50.000 potiskov<\/strong> z uporabo <strong data-start=\"238\" data-end=\"265\">dvojnih 20 ml posod za okus<\/strong> (skupaj 40 ml) in <strong data-start=\"283\" data-end=\"307\">dvojne mre\u017easte tuljave 0,9 \u03a9<\/strong> za gladek, okusno usmerjen hlap <strong data-start=\"348\" data-end=\"363\">Crytal vape<\/strong>-oblika ohi\u0161ja, ki je elegantno, medtem ko <strong data-start=\"401\" data-end=\"422\">LED pametni zaslon<\/strong> jasno prikazuje stanje baterije in e-tekila. En <strong data-start=\"469\" data-end=\"507\">850 mAh Tip-C polnilna baterija<\/strong> ohranja napravo delujo\u010do, dokler posode niso prazne, ne dokler se baterija ne izprazni prej.<\/p>\n<h3 data-start=\"844\" data-end=\"895\">Zakaj izbrati UZY 50000 Puff, \u010de \u017eelite zanesljivost in mo\u010dno delovanje?<\/h3>\n<ul data-start=\"897\" data-end=\"2254\">\n<li data-start=\"897\" data-end=\"1225\">\n<p data-start=\"899\" data-end=\"1225\"><strong data-start=\"899\" data-end=\"946\">50 tiso\u010d vzdr\u017eljivosti, podprte z dvojno posodo zasnovo.<\/strong> The <strong data-start=\"951\" data-end=\"989\">UZY 50000 Puff 50k enkratna vape<\/strong> uporabe <strong data-start=\"995\" data-end=\"1013\">2 \u00d7 20 ml posod<\/strong> za podporo dolgi \u017eivljenjski dobi. Za <strong data-start=\"1048\" data-end=\"1062\">vaperje 50k<\/strong> uporabnikov v <strong data-start=\"1072\" data-end=\"1127\">Nem\u010diji, \u0160paniji, Poljski, Franciji in na Nizozemskem<\/strong>, kar obi\u010dajno pomeni manj zamenjav in manj zadnjih minutnih obiskov v <strong data-start=\"1202\" data-end=\"1224\">trgovini z elektronskimi cigaretami<\/strong>.<\/p>\n<\/li>\n<li data-start=\"1227\" data-end=\"1496\">\n<p data-start=\"1229\" data-end=\"1496\"><strong data-start=\"1229\" data-end=\"1280\">Dve okusi v eni napravi, takoj preklopljeno.<\/strong> The <strong data-start=\"1285\" data-end=\"1323\">UZY 50K 2 v 1 dvojni okus vape<\/strong> dovoljuje vam zamenjati profile okusa kadar koli se va\u0161 brbon\u010dice spremenijo. To je pomembno na napravi z dolgo \u017eivljenjsko dobo\u2014utrujenost okusa je glavni razlog, da ljudje zgodaj opustijo enkratne naprave z veliko poteki.<\/p>\n<\/li>\n<li data-start=\"1498\" data-end=\"1749\">\n<p data-start=\"1500\" data-end=\"1749\"><strong data-start=\"1500\" data-end=\"1554\">Dvojni mre\u017eni tuljavi zagotavljata gladek in dosleden izpust.<\/strong> S <strong data-start=\"1560\" data-end=\"1591\">0,9\u03a9 + 0,9\u03a9 dvojni mre\u017eni tuljavi<\/strong>, je <strong data-start=\"1597\" data-end=\"1615\">UZY 50000 Vdihov<\/strong> ohranjata gosto paro in stabilen okus skozi dolge seje, zmanj\u0161ujeta ostri padec, ki ga ka\u017eejo mnoge velike enkratne naprave pozno v rezervoarju.<\/p>\n<\/li>\n<li data-start=\"1751\" data-end=\"1968\">\n<p data-start=\"1753\" data-end=\"1968\"><strong data-start=\"1753\" data-end=\"1793\">Pametni LED zaslon odstranjuje ugibanja.<\/strong> Zaslon na tej <strong data-start=\"1813\" data-end=\"1828\">Crytal vape<\/strong> prikazuje ravni baterije in e-soka, tako da lahko na\u010drtujete polnjenje pred no\u010dnim izhodom ali dolgo izmeno, namesto da bi vas presenetila izpraznjena naprava.<\/p>\n<\/li>\n<li data-start=\"1970\" data-end=\"2254\">\n<p data-start=\"1972\" data-end=\"2254\"><strong data-start=\"1972\" data-end=\"2020\">Vrednost, ki deluje tako za maloprodajne kot tudi veleprodajne kupce.<\/strong> Z ve\u010d vrstami nikotina in mo\u010dno funkcionalnostjo, <strong data-start=\"2084\" data-end=\"2123\">UZY 50K enkratna vape po ugodni ceni<\/strong> postavitev je smiselna tako za osebne kupce kot tudi za trgovine, ki tekmujejo na <strong data-start=\"2196\" data-end=\"2216\">cene za vape po ugodni ceni<\/strong> ponuja brez \u017ertvovanja uporabnosti.<\/p>\n<\/li>\n<\/ul>\n<p><strong><span style=\"color: #ff0000;\">Dodajte Amy na WhatsApp in prejmite takoj\u0161en odgovor ter kupon za vape!<\/span><\/strong><\/p>\n<p><img fetchpriority=\"high\" decoding=\"async\" class=\"size-full wp-image-2932\" src=\"https:\/\/vapestornado.com\/wp-content\/uploads\/2024\/12\/Vape-Wholesale.jpg\" alt=\"Vape Veleprodaja\" width=\"229\" height=\"300\" \/><\/p>\n<h3><a href=\"https:\/\/wa.me\/8617776015835\" target=\"_blank\" rel=\"noopener\"><span style=\"color: #ff0000;\"><strong>WhatsApp: +386 17776015835<\/strong><\/span><\/a><\/h3>\n<p>&nbsp;<\/p>\n<h2><strong>UZY 50000 Vdihov 50k Lastnosti izdelka<\/strong><\/h2>\n<table>\n<thead>\n<tr>\n<th>Zna\u010dilnosti<\/th>\n<th>specifikacije<\/th>\n<th>podrobnosti<\/th>\n<\/tr>\n<\/thead>\n<tbody>\n<tr>\n<td>Ime izdelka<\/td>\n<td>UZY 50000 Potegov \/ UZY 50K<\/td>\n<td>2 v 1 dvojni okus enkratna vape<\/td>\n<\/tr>\n<tr>\n<td>Zmogljivost vdihovanja<\/td>\n<td>Do 50.000 vdihov<\/td>\n<td>Naprava z dolgo \u017eivljenjsko dobo, zasnovana za podalj\u0161ano dnevno uporabo<\/td>\n<\/tr>\n<tr>\n<td>Sistem teko\u010dine<\/td>\n<td>Dvojni rezervoarji: 2 \u00d7 20 ml (skupaj 40 ml)<\/td>\n<td>Podpira visoko oceno potegov in dolge seje<\/td>\n<\/tr>\n<tr>\n<td>Vrsta Tuljave<\/td>\n<td>Dvojne mre\u017ene tuljave 0,9\u03a9 + 0,9\u03a9<\/td>\n<td>Enakomerno segrevanje za gladko paro in mo\u010dan okus<\/td>\n<\/tr>\n<tr>\n<td>Baterija<\/td>\n<td>850mAh polnljiva baterija<\/td>\n<td>Nadomestite baterijo, da dokon\u010date oba rezervoarja namesto da bi jih zgodaj zavrgli<\/td>\n<\/tr>\n<tr>\n<td>Polnjenje<\/td>\n<td>Type-C<\/td>\n<td>Hiter polnjenje z modernimi EU kabli<\/td>\n<\/tr>\n<tr>\n<td>Zaslon<\/td>\n<td>LED pametni zaslon<\/td>\n<td>Prikazuje ravni baterije in e-teko\u010dine v realnem \u010dasu<\/td>\n<\/tr>\n<tr>\n<td>Mo\u017enosti nikotina<\/td>\n<td>0% \/ 2% \/ 3% \/ 5%<\/td>\n<td>Prilega se uporabnikom brez nikotina, zmernim in te\u017ekim uporabnikom<\/td>\n<\/tr>\n<tr>\n<td>Oblikovanje telesa<\/td>\n<td>Premium kristalno telo<\/td>\n<td>Elegantna oblika \u201cCrytal vape\u201d z obliko, primerno za \u017eep<\/td>\n<\/tr>\n<\/tbody>\n<\/table>\n<figure id=\"attachment_4473\" aria-describedby=\"caption-attachment-4473\" style=\"width: 300px\" class=\"wp-caption alignnone\"><img decoding=\"async\" class=\"size-medium wp-image-4473\" src=\"https:\/\/vapestornado.com\/wp-content\/uploads\/2025\/10\/UZY-50000-Puffs-2-in-1-Disposable-Vapor-300x300.webp\" alt=\"UZY 50000 Vdihov 2 v 1 Enkratna para\" width=\"300\" height=\"300\" srcset=\"https:\/\/vapestornado.com\/wp-content\/uploads\/2025\/10\/UZY-50000-Puffs-2-in-1-Disposable-Vapor-300x300.webp 300w, https:\/\/vapestornado.com\/wp-content\/uploads\/2025\/10\/UZY-50000-Puffs-2-in-1-Disposable-Vapor-150x150.webp 150w, https:\/\/vapestornado.com\/wp-content\/uploads\/2025\/10\/UZY-50000-Puffs-2-in-1-Disposable-Vapor-768x768.webp 768w, https:\/\/vapestornado.com\/wp-content\/uploads\/2025\/10\/UZY-50000-Puffs-2-in-1-Disposable-Vapor-12x12.webp 12w, https:\/\/vapestornado.com\/wp-content\/uploads\/2025\/10\/UZY-50000-Puffs-2-in-1-Disposable-Vapor-600x600.webp 600w, https:\/\/vapestornado.com\/wp-content\/uploads\/2025\/10\/UZY-50000-Puffs-2-in-1-Disposable-Vapor-100x100.webp 100w, https:\/\/vapestornado.com\/wp-content\/uploads\/2025\/10\/UZY-50000-Puffs-2-in-1-Disposable-Vapor.webp 800w\" sizes=\"(max-width: 300px) 100vw, 300px\" \/><figcaption id=\"caption-attachment-4473\" class=\"wp-caption-text\">UZY 50000 Vdihov 2 v 1 Enkratna para<\/figcaption><\/figure>\n<h2 class=\"product-title\"><strong>Seznam okusov za UZY 50000 Vdihov 50k za enkratno uporabo<\/strong><\/h2>\n<p>1. Borovnica na ledu &amp; Poletna breskev na ledu<br \/>\n2. Kivi, pasijonka, guava &amp; borovnica z malinami<br \/>\n3. Jagoda, kiviji &amp; grozdni led<br \/>\n4. Kivi, pasijonka, guava<br \/>\n5. Jagoda, lubenica &amp; limona-limeta<br \/>\n6. Borovnica, malin &amp; \u010de\u0161nja na ledu<br \/>\n7. Jagoda, malin, \u010de\u0161nja &amp; Mr Blue<br \/>\n8. Breskev, mango, ananas &amp; Red Bull<br \/>\n9. Lubenica na ledu &amp; me\u0161ane jagodi\u010devje<br \/>\n10. Jagoda, banana &amp; Love 66<\/p>\n<div class=\"flex-shrink-0 flex flex-col relative items-end\">\n<div class=\"pt-0\">\n<div class=\"gizmo-bot-avatar flex h-8 w-8 items-center justify-center overflow-hidden rounded-full\">\n<div class=\"relative p-1 rounded-sm flex items-center justify-center bg-token-main-surface-primary text-token-text-primary h-8 w-8\">\n<h2 data-start=\"1200\" data-end=\"1487\">Vapes Tornado \u2013 Va\u0161a veleprodajna spletna trgovina za vrhunske blagovne znamke vape<\/h2>\n<p data-start=\"1200\" data-end=\"1487\">Vapes Tornado Spletna trgovina za dim je va\u0161a zanesljiva destinacija za <strong data-start=\"66\" data-end=\"94\">vrhunskih vape za enkratno uporabo<\/strong> in <strong data-start=\"99\" data-end=\"125\">veliko na debelo e-cigaret<\/strong> po Evropi. Skladi\u0161\u010dimo priljubljene blagovne znamke vapov, kot so <a href=\"https:\/\/vapestornado.com\/sl\/product\/elf-bar-raya-d3-25000-puffs-best-disposable-vape-wholesale-in-uk\/\">Elf Bar Vape<\/a>, <strong data-start=\"175\" data-end=\"228\"><a href=\"https:\/\/vapestornado.com\/sl\/product\/fumot-randm-tornado-15000-puffs-rechargeable-disposable-vape-wholesale\/\">Fumot Vape<\/a>, <a href=\"https:\/\/vapestornado.com\/sl\/product\/waspe-150k-150000-puff-6-in-1-disposable-vape-pen-cartridge-best-wholesale-price-in-poland\/\">Waspe Vape<\/a>, Vozol Bar Vape, <a href=\"https:\/\/vapestornado.com\/sl\/product-category\/bang-vape\/\">Bang Vape<\/a><\/strong>, in mnoge druge\u2014ponujajo izjemno kakovost, raznolike mo\u017enosti okusov in inovativne zasnove. Ne glede na to, ali ste osebni uporabnik ali kupujete na veliko, <strong data-start=\"372\" data-end=\"389\">Vape Tornado<\/strong> nudi visokozmogljive naprave, elegantne stile in neprekosljive cene na debelo, da zadovoljijo va\u0161e potrebe po vapingu.<\/p>\n<h2 data-start=\"2064\" data-end=\"2115\">Pogosta vpra\u0161anja o UZY 50000 Puff 50k Vape Box<\/h2>\n<ol data-start=\"3177\" data-end=\"4488\">\n<li data-start=\"3177\" data-end=\"3447\">\n<p data-start=\"3180\" data-end=\"3447\"><strong data-start=\"3180\" data-end=\"3271\">Kako vam dizajn UZY 50000 Puff 2\u00d720ml rezervoarjev pomaga dose\u010di 50.000 vdihov v resni\u010dni uporabi?<\/strong><br data-start=\"3271\" data-end=\"3274\" \/>Dve lo\u010deni <strong data-start=\"3287\" data-end=\"3301\">20ml rezervoarji<\/strong> zagotavljajo ve\u010djo skupno zalogo in ohranjajo stabilnej\u0161o zmogljivost pri dolgotrajni uporabi, bolje podpirajo \u017eivljenjsko dobo razreda 50K kot enojni majhni rezervoarji<\/p>\n<\/li>\n<li data-start=\"3449\" data-end=\"3695\">\n<p data-start=\"3452\" data-end=\"3695\"><strong data-start=\"3452\" data-end=\"3542\">Ali izbolj\u0161a nastavitev UZY 50K dvojne mre\u017ene tuljave 0,9\u03a9+0,9\u03a9 konsistenco okusa skozi \u010das?<\/strong><br data-start=\"3542\" data-end=\"3545\" \/>Da. Dvojne mre\u017ene tuljave se enakomerno segrevajo, kar pomaga, da okus ostane polnej\u0161i in para ostane gladka globlje v rezervoarju v primerjavi z osnovnimi enojnimi tuljavami za enkratno uporabo.<\/p>\n<\/li>\n<li data-start=\"3697\" data-end=\"3927\">\n<p data-start=\"3700\" data-end=\"3927\"><strong data-start=\"3700\" data-end=\"3780\">Je funkcija UZY 50000 Puff Type-C za ponovno polnjenje nujna na napravi z 50K kapaciteto?<\/strong><br data-start=\"3780\" data-end=\"3783\" \/>Absolutno. Disposables z visoko kapaciteto lahko pre\u017eivijo svojo baterijo; Type-C ponovno polnjenje prepre\u010duje zgodnje zavr\u017eene in vam pomaga dokon\u010dati oba rezervoarja.<\/p>\n<\/li>\n<li data-start=\"3929\" data-end=\"4194\">\n<p data-start=\"3932\" data-end=\"4194\"><strong data-start=\"3932\" data-end=\"4034\">Kak\u0161no prakti\u010dno korist ima UZY 50000 Puff LED pametni zaslon v primerjavi z napravami brez zaslona?<\/strong><br data-start=\"4034\" data-end=\"4037\" \/>Prikazuje ravni baterije in e-teko\u010dine, kar vam pomaga na\u010drtovati polnjenje in se izogniti nenadnim izpustom\u2014\u0161e posebej uporabno med potovanjem ali \u010de se zana\u0161ate na eno napravo vsak dan.<\/p>\n<\/li>\n<li data-start=\"4196\" data-end=\"4488\">\n<p data-start=\"4199\" data-end=\"4488\"><strong data-start=\"4199\" data-end=\"4315\">Je UZY 50K kristalni vape dober za kupce, ki primerjajo cene vape naprav v trgovini z elektronskimi cigaretami?<\/strong><br data-start=\"4315\" data-end=\"4318\" \/>Da. Zdru\u017euje dolgo \u017eivljenjsko dobo, dvojne okuse in mo\u017enost ponovnega polnjenja\u2014lastnosti, ki pogosto upravi\u010dijo vrednost tudi, ko kupci osredoto\u010dajo na <strong data-start=\"4461\" data-end=\"4481\">cene za vape po ugodni ceni<\/strong> ponude.<\/p>\n<\/li>\n<\/ol>\n<\/div>\n<\/div>\n<\/div>\n<\/div>","protected":false},"excerpt":{"rendered":"<p>UZY 50000 Puff (UZY 50K) 2-v-1 dvojni okus disposable vape z dvojno 20ml posodo, dvojno 0,9\u03a9 mre\u017eno tuljavo, 850mAh polnljivo baterijo Type-C in LED pametnim zaslonom. Kristalno telo \u201cCrytal vape\u201d za vaperje 50k, ki i\u0161\u010dejo dolgo delovanje in mo\u010dno vrednost po poceni ceni vape.<\/p>\n<p><strong>Dodajte Amyin WhatsApp, da dobite pravi odgovor in ceno s popustom!<\/strong><\/p>\n<p><img fetchpriority=\"high\" decoding=\"async\" class=\"size-full wp-image-2932\" src=\"https:\/\/vapestornado.com\/wp-content\/uploads\/2024\/12\/Vape-Wholesale.jpg\" alt=\"Vape Veleprodaja\" width=\"229\" height=\"300\" \/><\/p>\n<h3><a href=\"https:\/\/wa.me\/8617776015835\"><span style=\"color: #ff0000;\"><strong>WhatsApp: +386 17776015835<\/strong><\/span><\/a><\/h3>","protected":false},"featured_media":4474,"comment_status":"open","ping_status":"closed","template":"","meta":{"_acf_changed":false,"_uag_custom_page_level_css":"","_lmt_disableupdate":"no","_lmt_disable":"","_monsterinsights_skip_tracking":false,"_monsterinsights_sitenote_active":false,"_monsterinsights_sitenote_note":"","_monsterinsights_sitenote_category":0,"site-sidebar-layout":"default","site-content-layout":"","ast-site-content-layout":"default","site-content-style":"default","site-sidebar-style":"default","ast-global-header-display":"","ast-banner-title-visibility":"","ast-main-header-display":"","ast-hfb-above-header-display":"","ast-hfb-below-header-display":"","ast-hfb-mobile-header-display":"","site-post-title":"","ast-breadcrumbs-content":"","ast-featured-img":"","footer-sml-layout":"","ast-disable-related-posts":"","theme-transparent-header-meta":"default","adv-header-id-meta":"","stick-header-meta":"","header-above-stick-meta":"","header-main-stick-meta":"","header-below-stick-meta":"","astra-migrate-meta-layouts":"set","ast-page-background-enabled":"default","ast-page-background-meta":{"desktop":{"background-color":"","background-image":"","background-repeat":"repeat","background-position":"center center","background-size":"auto","background-attachment":"scroll","background-type":"","background-media":"","overlay-type":"","overlay-color":"","overlay-opacity":"","overlay-gradient":""},"tablet":{"background-color":"","background-image":"","background-repeat":"repeat","background-position":"center center","background-size":"auto","background-attachment":"scroll","background-type":"","background-media":"","overlay-type":"","overlay-color":"","overlay-opacity":"","overlay-gradient":""},"mobile":{"background-color":"","background-image":"","background-repeat":"repeat","background-position":"center center","background-size":"auto","background-attachment":"scroll","background-type":"","background-media":"","overlay-type":"","overlay-color":"","overlay-opacity":"","overlay-gradient":""}},"ast-content-background-meta":{"desktop":{"background-color":"var(--ast-global-color-5)","background-image":"","background-repeat":"repeat","background-position":"center center","background-size":"auto","background-attachment":"scroll","background-type":"","background-media":"","overlay-type":"","overlay-color":"","overlay-opacity":"","overlay-gradient":""},"tablet":{"background-color":"var(--ast-global-color-5)","background-image":"","background-repeat":"repeat","background-position":"center center","background-size":"auto","background-attachment":"scroll","background-type":"","background-media":"","overlay-type":"","overlay-color":"","overlay-opacity":"","overlay-gradient":""},"mobile":{"background-color":"var(--ast-global-color-5)","background-image":"","background-repeat":"repeat","background-position":"center center","background-size":"auto","background-attachment":"scroll","background-type":"","background-media":"","overlay-type":"","overlay-color":"","overlay-opacity":"","overlay-gradient":""}},"_joinchat":[]},"product_brand":[],"product_cat":[192,156,157,158,141,142,143,357,356],"product_tag":[403,406,390,408,397],"class_list":{"0":"post-4475","1":"product","2":"type-product","3":"status-publish","4":"has-post-thumbnail","6":"product_cat-50000-puff","7":"product_cat-buy-disposable-vapes-in-poland","8":"product_cat-buy-disposable-vapes-in-portugal","9":"product_cat-buy-disposable-vapes-in-spain","10":"product_cat-crystal-disposable-vapes","11":"product_cat-digital-box-disposable-vapes","12":"product_cat-dual-mesh-disposable-vapes","13":"product_cat-flavor-adjustable-vape","14":"product_cat-uzy-vape","15":"product_tag-disposable-vape-box","16":"product_tag-disposable-vape-fast-shipping","17":"product_tag-online-vape-shop","18":"product_tag-uzy-50000-puff","19":"product_tag-vapor","20":"desktop-align-left","21":"tablet-align-left","22":"mobile-align-left","24":"first","25":"instock","26":"sale","27":"shipping-taxable","28":"purchasable","29":"product-type-simple"},"acf":[],"uagb_featured_image_src":{"full":["https:\/\/vapestornado.com\/wp-content\/uploads\/2025\/10\/UZY-Crystal-Twin-50000-Puffs-Wholesale-Disposable-Vape.webp",800,800,false],"thumbnail":["https:\/\/vapestornado.com\/wp-content\/uploads\/2025\/10\/UZY-Crystal-Twin-50000-Puffs-Wholesale-Disposable-Vape-150x150.webp",150,150,true],"medium":["https:\/\/vapestornado.com\/wp-content\/uploads\/2025\/10\/UZY-Crystal-Twin-50000-Puffs-Wholesale-Disposable-Vape-300x300.webp",300,300,true],"medium_large":["https:\/\/vapestornado.com\/wp-content\/uploads\/2025\/10\/UZY-Crystal-Twin-50000-Puffs-Wholesale-Disposable-Vape-768x768.webp",768,768,true],"large":["https:\/\/vapestornado.com\/wp-content\/uploads\/2025\/10\/UZY-Crystal-Twin-50000-Puffs-Wholesale-Disposable-Vape.webp",800,800,false],"1536x1536":["https:\/\/vapestornado.com\/wp-content\/uploads\/2025\/10\/UZY-Crystal-Twin-50000-Puffs-Wholesale-Disposable-Vape.webp",800,800,false],"2048x2048":["https:\/\/vapestornado.com\/wp-content\/uploads\/2025\/10\/UZY-Crystal-Twin-50000-Puffs-Wholesale-Disposable-Vape.webp",800,800,false],"trp-custom-language-flag":["https:\/\/vapestornado.com\/wp-content\/uploads\/2025\/10\/UZY-Crystal-Twin-50000-Puffs-Wholesale-Disposable-Vape-12x12.webp",12,12,true],"woocommerce_thumbnail":["https:\/\/vapestornado.com\/wp-content\/uploads\/2025\/10\/UZY-Crystal-Twin-50000-Puffs-Wholesale-Disposable-Vape-300x300.webp",300,300,true],"woocommerce_single":["https:\/\/vapestornado.com\/wp-content\/uploads\/2025\/10\/UZY-Crystal-Twin-50000-Puffs-Wholesale-Disposable-Vape-600x600.webp",600,600,true],"woocommerce_gallery_thumbnail":["https:\/\/vapestornado.com\/wp-content\/uploads\/2025\/10\/UZY-Crystal-Twin-50000-Puffs-Wholesale-Disposable-Vape-100x100.webp",100,100,true]},"uagb_author_info":{"display_name":"ESAMY","author_link":"https:\/\/vapestornado.com\/sl\/author\/"},"uagb_comment_info":1,"uagb_excerpt":"UZY 50000 Puff (UZY 50K) 2-in-1 double flavour disposable vape with dual 20ml tanks, dual 0.9\u03a9 mesh coils, 850mAh Type-C rechargeable battery and LED smart screen. Crystal-body \u201cCrytal vape\u201d for vapers 50k seeking long runtime and strong value at vape cheap price. Add Amy's whatsapp to get right reply and discount price! WhatsApp: +86 17776015835","_links":{"self":[{"href":"https:\/\/vapestornado.com\/sl\/wp-json\/wp\/v2\/product\/4475","targetHints":{"allow":["GET"]}}],"collection":[{"href":"https:\/\/vapestornado.com\/sl\/wp-json\/wp\/v2\/product"}],"about":[{"href":"https:\/\/vapestornado.com\/sl\/wp-json\/wp\/v2\/types\/product"}],"replies":[{"embeddable":true,"href":"https:\/\/vapestornado.com\/sl\/wp-json\/wp\/v2\/comments?post=4475"}],"wp:featuredmedia":[{"embeddable":true,"href":"https:\/\/vapestornado.com\/sl\/wp-json\/wp\/v2\/media\/4474"}],"wp:attachment":[{"href":"https:\/\/vapestornado.com\/sl\/wp-json\/wp\/v2\/media?parent=4475"}],"wp:term":[{"taxonomy":"product_brand","embeddable":true,"href":"https:\/\/vapestornado.com\/sl\/wp-json\/wp\/v2\/product_brand?post=4475"},{"taxonomy":"product_cat","embeddable":true,"href":"https:\/\/vapestornado.com\/sl\/wp-json\/wp\/v2\/product_cat?post=4475"},{"taxonomy":"product_tag","embeddable":true,"href":"https:\/\/vapestornado.com\/sl\/wp-json\/wp\/v2\/product_tag?post=4475"}],"curies":[{"name":"wp","href":"https:\/\/api.w.org\/{rel}","templated":true}]}}