{"id":4468,"date":"2025-10-29T07:16:35","date_gmt":"2025-10-29T07:16:35","guid":{"rendered":"https:\/\/vapestornado.com\/?post_type=product&#038;p=4468"},"modified":"2025-12-12T09:30:35","modified_gmt":"2025-12-12T09:30:35","slug":"okso-60k-60000-puffs-dual-flavor-disposable-vape-digital-display","status":"publish","type":"product","link":"https:\/\/vapestornado.com\/sl\/product\/okso-60k-60000-puffs-dual-flavor-disposable-vape-digital-display\/","title":{"rendered":"OKSO 60k 60000 Pufov Dvojni Okus Enkratna Vape Digitalni Prikaz"},"content":{"rendered":"<h2 data-pm-slice=\"1 1 []\">OKSO 60k vdihov Dvoslojni Vre\u010di Vaping Disposabilni \u2014 60000 vdihov LED Pametni Zaslon<\/h2>\n<p data-start=\"936\" data-end=\"1368\"><strong data-start=\"102\" data-end=\"120\">OKSO 60k 60000 vdihov<\/strong> je dvoslojni enkratni vaper za dolgotrajno uporabo in hitro menjavo okusa, brez da bi postal kamen v \u017eepu. Ponuja <strong data-start=\"254\" data-end=\"276\">do 60.000 vdihov<\/strong>, ki ga poganja <strong data-start=\"289\" data-end=\"318\">dva 25 ml okusa komore<\/strong> (50 ml skupno). Z <strong data-start=\"335\" data-end=\"348\">mre\u017easto tuljavo<\/strong> ohranja paro gladko in okus jasno skozi dalj\u0161e seje, medtem ko <strong data-start=\"421\" data-end=\"442\">LED pametni zaslon<\/strong> prikazuje ravni baterije in e-soka v realnem \u010dasu. Z <strong data-start=\"495\" data-end=\"526\">650mAh polnilno baterijo<\/strong> ti pomaga dokon\u010dati teko\u010dino namesto da bi zgodaj zavrgel napravo.<\/p>\n<h3 data-start=\"997\" data-end=\"1048\">Poudarki zmogljivosti (SEO bogato, uporabniku osredoto\u010deno)<\/h3>\n<ul data-start=\"1050\" data-end=\"2596\">\n<li data-start=\"1050\" data-end=\"1416\">\n<p data-start=\"1052\" data-end=\"1416\"><strong data-start=\"1052\" data-end=\"1099\">Resni\u010dna naprava za dolgotrajno uporabo za resne vsakodnevne uporabnike.<\/strong> The <strong data-start=\"1104\" data-end=\"1123\">OKSO 60000 vdihov<\/strong> je zasnovan okoli <strong data-start=\"1140\" data-end=\"1174\">skupno 50 ml e-soka (25 ml \u00d7 2)<\/strong>, kar podpira njegovo oceno razreda 60K. Za redne uporabnike v <strong data-start=\"1234\" data-end=\"1279\">Sloveniji, Sloveniji, Poljski, Franciji in Italiji<\/strong>, kar lahko pomeni manj zamenjav in manj impulznih nakupov, tudi ko lokalni trg promovira \u201c<strong data-start=\"1373\" data-end=\"1398\">Najcenej\u0161e e-cigaretke<\/strong>\u201d, ki ne trajajo dolgo.<\/p>\n<\/li>\n<li data-start=\"1418\" data-end=\"1776\">\n<p data-start=\"1420\" data-end=\"1776\"><strong data-start=\"1420\" data-end=\"1477\">Dvoslojno menjavanje okusa, ki ostaja uporabno tudi tedne kasneje.<\/strong> Enkratna naprava z dolgo \u017eivljenjsko dobo potrebuje raznolikost ali jo opusti. <strong data-start=\"1537\" data-end=\"1555\">OKSO 60.000 vdihov<\/strong> omogo\u010da vam preklapljanje okrasnih komor v nekaj sekundah, kar ohranja izku\u0161njo sve\u017eo, ne da bi morali nositi dve napravi. To dose\u017ee ravnote\u017eje med preprostim enkratnim uporabo in <strong data-start=\"1721\" data-end=\"1734\">Smok pods<\/strong> \/ sistemi s kartu\u0161ami, ki zahtevajo stalne dele.<\/p>\n<\/li>\n<li data-start=\"1778\" data-end=\"2069\">\n<p data-start=\"1780\" data-end=\"2069\"><strong data-start=\"1780\" data-end=\"1837\">Ob\u010dutek vle\u010denja z mre\u017eno tuljavo ostaja gladek in s poudarkom na okusu.<\/strong> Mre\u017ena tuljava enakomerno razporeja toploto, zato para ostaja dosledna in okus ostaja izrazit globlje v zalogi teko\u010dine. Pri napravah z velikim vdihom je ta \u00bbpozna ostrina\u00ab obi\u010dajno \u0161ibka to\u010dka\u2014ta zasnova je zasnovana tako, da se ji izogne.<\/p>\n<\/li>\n<li data-start=\"2071\" data-end=\"2350\">\n<p data-start=\"2073\" data-end=\"2350\"><strong data-start=\"2073\" data-end=\"2117\">Pametni LED zaslon odstranjuje ugibanje.<\/strong> Nivo baterije in teko\u010dine je viden na prvi pogled. To je pomembno, ko ste na poti, potujete ali se zana\u0161ate na eno napravo. Zato <strong data-start=\"2265\" data-end=\"2285\">spletnih vape trgovinah<\/strong> kupci obi\u010dajno zaupajo napravam z preglednimi indikatorji stanja.<\/p>\n<\/li>\n<li data-start=\"2352\" data-end=\"2596\">\n<p data-start=\"2354\" data-end=\"2596\"><strong data-start=\"2354\" data-end=\"2432\">Polnljiva baterija omogo\u010da uporabo naprave, dokler teko\u010dina ni porabljena.<\/strong> The <strong data-start=\"2437\" data-end=\"2481\">650mAh polnljiva OKSO 60000 vdihov vaporizator<\/strong> je zasnovan tako, da ga lahko polnite po potrebi, s \u010dimer se izognete klasi\u010dnemu problemu, ko baterija umre, preden je rezervoar prazen.<\/p>\n<\/li>\n<\/ul>\n<p>To je vrsta izdelka, ki deluje tako za kon\u010dne uporabnike kot za <strong data-start=\"657\" data-end=\"677\">spletnih vape trgovinah<\/strong> katalog: visoka kapaciteta, enostavno za razlago in zasnovana okoli funkcij, ki jih ljudje dejansko uporabljajo.<\/p>\n<p><strong><span style=\"color: #ff0000;\">Dodajte Amy na WhatsApp in prejmite takoj\u0161en odgovor ter kupon za vape!<\/span><\/strong><\/p>\n<p><img fetchpriority=\"high\" decoding=\"async\" class=\"size-full wp-image-2932\" src=\"https:\/\/vapestornado.com\/wp-content\/uploads\/2024\/12\/Vape-Wholesale.jpg\" alt=\"Vape Veleprodaja\" width=\"229\" height=\"300\" \/><\/p>\n<h3><a href=\"https:\/\/wa.me\/8617776015835\" target=\"_blank\" rel=\"noopener\"><span style=\"color: #ff0000;\"><strong>WhatsApp: +386 17776015835<\/strong><\/span><\/a><\/h3>\n<p>&nbsp;<\/p>\n<h2><strong>OKSO 60k 60000 Vpihov Lastnosti izdelka<\/strong><\/h2>\n<table>\n<thead>\n<tr>\n<th>Zna\u010dilnosti<\/th>\n<th>specifikacije<\/th>\n<th>podrobnosti<\/th>\n<\/tr>\n<\/thead>\n<tbody>\n<tr>\n<td>Ime izdelka<\/td>\n<td>OKSO 60.000 vdihov \/ OKSO 60000 vdihov<\/td>\n<td>Dvoslojni enkratni vaporizator z zaslonom<\/td>\n<\/tr>\n<tr>\n<td>Zmogljivost vdihovanja<\/td>\n<td>Do 60.000 vdihov<\/td>\n<td>Napredna naprava z visoko kapaciteto za dalj\u0161o uporabo<\/td>\n<\/tr>\n<tr>\n<td>Sistem teko\u010dine<\/td>\n<td>25ml \u00d7 2 okrasni komori (skupaj 50ml)<\/td>\n<td>Podpira dolgo delovanje in menjavo okusa<\/td>\n<\/tr>\n<tr>\n<td>Vrsta Tuljave<\/td>\n<td>Mre\u017easta tuljava<\/td>\n<td>Enakomerna toplota za gladek paro in stabilen okus<\/td>\n<\/tr>\n<tr>\n<td>Baterija<\/td>\n<td>650 mAh mo\u017enost ponovnega polnjenja<\/td>\n<td>Nadomestite za uporabo celotne kapacitete teko\u010dine<\/td>\n<\/tr>\n<tr>\n<td>Zaslon<\/td>\n<td>LED pametni zaslon<\/td>\n<td>Prikazuje ravni baterije in e-teko\u010dine v realnem \u010dasu<\/td>\n<\/tr>\n<tr>\n<td>Mo\u017enosti nikotina<\/td>\n<td>0% \/ 2% \/ 3% \/ 5%<\/td>\n<td>Primeren za breznikotinske do mo\u010dnej\u0161ih preferenc<\/td>\n<\/tr>\n<tr>\n<td>Mo\u017enosti okusa<\/td>\n<td>Ve\u010d kot 20 dvojnih kombinacij okusov<\/td>\n<td>\u0160irok nabor za dolgoro\u010dno uporabo<\/td>\n<\/tr>\n<tr>\n<td>Postavitev<\/td>\n<td>Maloprodaja + veleprodaja<\/td>\n<td>Mo\u010dno primeren za spletne oglase za trgovine z vape izdelki<\/td>\n<\/tr>\n<\/tbody>\n<\/table>\n<p>&nbsp;<\/p>\n<figure id=\"attachment_4464\" aria-describedby=\"caption-attachment-4464\" style=\"width: 800px\" class=\"wp-caption alignnone\"><img decoding=\"async\" class=\"wp-image-4464 size-full\" src=\"https:\/\/vapestornado.com\/wp-content\/uploads\/2025\/10\/OKSO-60000-Puff-Disposable-Vape-Bulk-Buy.webp\" alt=\"OKSO 60000 Puff Vape za enkratno uporabo - nakup v razsutem stanju\" width=\"800\" height=\"800\" srcset=\"https:\/\/vapestornado.com\/wp-content\/uploads\/2025\/10\/OKSO-60000-Puff-Disposable-Vape-Bulk-Buy.webp 800w, https:\/\/vapestornado.com\/wp-content\/uploads\/2025\/10\/OKSO-60000-Puff-Disposable-Vape-Bulk-Buy-300x300.webp 300w, https:\/\/vapestornado.com\/wp-content\/uploads\/2025\/10\/OKSO-60000-Puff-Disposable-Vape-Bulk-Buy-150x150.webp 150w, https:\/\/vapestornado.com\/wp-content\/uploads\/2025\/10\/OKSO-60000-Puff-Disposable-Vape-Bulk-Buy-768x768.webp 768w, https:\/\/vapestornado.com\/wp-content\/uploads\/2025\/10\/OKSO-60000-Puff-Disposable-Vape-Bulk-Buy-12x12.webp 12w, https:\/\/vapestornado.com\/wp-content\/uploads\/2025\/10\/OKSO-60000-Puff-Disposable-Vape-Bulk-Buy-600x600.webp 600w, https:\/\/vapestornado.com\/wp-content\/uploads\/2025\/10\/OKSO-60000-Puff-Disposable-Vape-Bulk-Buy-100x100.webp 100w\" sizes=\"(max-width: 800px) 100vw, 800px\" \/><figcaption id=\"caption-attachment-4464\" class=\"wp-caption-text\">OKSO 60000 Puff Vape za enkratno uporabo - nakup v razsutem stanju<\/figcaption><\/figure>\n<h2 class=\"product-title\"><strong>OKSO 60k 60000 Puff Vape Seznam okusov<\/strong><\/h2>\n<p>1.Blue Razz &amp; Love 66<br \/>\n2.Jagoda \u010ce\u0161nja &amp; Kivi Marakuja Guava<br \/>\n3.Lubenica \u017dve\u010dilni Gumi &amp; Me\u0161ano Sadje<br \/>\n4.Jagoda Banana &amp; \u010ce\u0161njeva Fiesta<br \/>\n5. Vodni melona in breskev mango<br \/>\n6. Modra Razz limonada in jabolko breskev<br \/>\n7. Rde\u010da energijska ledena in grozdna ledena<br \/>\n8. Jagoda, vodni melona in dva jabolka<br \/>\n9. Modra Razz \u010de\u0161nja, brusnica in meta<br \/>\n10. Borovni\u010dev led in \u010drni ribez<br \/>\n11. Ananasov led in ledena dragonova sadje<br \/>\n12. Trojni mango in jagodni Big Bang<br \/>\n13. Banana, ananas in borovni\u010dev led s breskvami<br \/>\n14. Grozdni d\u017eem, borovni\u010dev in \u010de\u0161njev ribez<br \/>\n15. Banana led in Mango Passion Fruit<br \/>\n16. So\u010dni breskve in d\u017eungelski sok<br \/>\n17. \u010ceri mehka sladkarija in lubenica Mojito<br \/>\n18. \u010ceri Cola in grozdni limon<br \/>\n19. Hladni metin Mojito in limeta limona<br \/>\n20. Jagoda granatno jabolko in jabol\u010dno hru\u0161ke<\/p>\n<div class=\"flex-shrink-0 flex flex-col relative items-end\">\n<div class=\"pt-0\">\n<div class=\"gizmo-bot-avatar flex h-8 w-8 items-center justify-center overflow-hidden rounded-full\">\n<div class=\"relative p-1 rounded-sm flex items-center justify-center bg-token-main-surface-primary text-token-text-primary h-8 w-8\">\n<h2 data-start=\"1200\" data-end=\"1487\">Vapes Tornado \u2013 Va\u0161a veleprodajna spletna trgovina za vrhunske blagovne znamke vape<\/h2>\n<p data-start=\"1200\" data-end=\"1487\">Vapes Tornado Spletna trgovina za dim je va\u0161a zanesljiva destinacija za <strong data-start=\"66\" data-end=\"94\">vrhunskih vape za enkratno uporabo<\/strong> in <strong data-start=\"99\" data-end=\"125\">veliko na debelo e-cigaret<\/strong> po Evropi. Skladi\u0161\u010dimo priljubljene blagovne znamke vapov, kot so <a href=\"https:\/\/vapestornado.com\/sl\/product\/elf-bar-raya-d3-25000-puffs-best-disposable-vape-wholesale-in-uk\/\">Elf Bar Vape<\/a>, <strong data-start=\"175\" data-end=\"228\"><a href=\"https:\/\/vapestornado.com\/sl\/product\/fumot-randm-tornado-15000-puffs-rechargeable-disposable-vape-wholesale\/\">Fumot Vape<\/a>, <a href=\"https:\/\/vapestornado.com\/sl\/product\/waspe-150k-150000-puff-6-in-1-disposable-vape-pen-cartridge-best-wholesale-price-in-poland\/\">Waspe Vape<\/a>, Vozol Bar Vape, <a href=\"https:\/\/vapestornado.com\/sl\/product-category\/bang-vape\/\">Bang Vape<\/a><\/strong>, in mnoge druge\u2014ponujajo izjemno kakovost, raznolike mo\u017enosti okusov in inovativne zasnove. Ne glede na to, ali ste osebni uporabnik ali kupujete na veliko, <strong data-start=\"372\" data-end=\"389\">Vape Tornado<\/strong> nudi visokozmogljive naprave, elegantne stile in neprekosljive cene na debelo, da zadovoljijo va\u0161e potrebe po vapingu.<\/p>\n<h2 data-start=\"2064\" data-end=\"2115\">Pogosta vpra\u0161anja o OKSO 60k 60000 vdihih ponovno napolnljivi vape<\/h2>\n<h2 data-start=\"3458\" data-end=\"3494\"><\/h2>\n<ol data-start=\"3496\" data-end=\"4856\">\n<li data-start=\"3496\" data-end=\"3764\">\n<p data-start=\"3499\" data-end=\"3764\"><strong data-start=\"3499\" data-end=\"3609\">Kako OKSO 60000 vdihov dvojni okus enkratna naprava z 25 ml \u00d7 2 komorami podpira tako visoke \u0161tevilke vdihov?<\/strong><br data-start=\"3609\" data-end=\"3612\" \/>Dve lo\u010deni <strong data-start=\"3625\" data-end=\"3642\">25 ml komori<\/strong> zagotoviti <strong data-start=\"3651\" data-end=\"3674\">Skupna kapaciteta 50 ml<\/strong>, ki je velikosti za dolgo \u017eivljenjsko dobo in pomaga napravi ostati dosledni skozi dalj\u0161o uporabo.<\/p>\n<\/li>\n<li data-start=\"3766\" data-end=\"4000\">\n<p data-start=\"3769\" data-end=\"4000\"><strong data-start=\"3769\" data-end=\"3865\">Ali mesh tuljava v OKSO 60k vdihov enkratni vape pomaga prepre\u010diti ostre udare pri koncu?<\/strong><br data-start=\"3865\" data-end=\"3868\" \/>Mesh tuljave se segrejejo enakomerneje kot osnovne \u017ei\u010dne tuljave, kar pomaga ohraniti paro gladko in okus bolj jasen globlje v zalogi teko\u010dine.<\/p>\n<\/li>\n<li data-start=\"4002\" data-end=\"4260\">\n<p data-start=\"4005\" data-end=\"4260\"><strong data-start=\"4005\" data-end=\"4096\">Je baterija za ponovno polnjenje OKSO 60000 vdihov dovolj za dokon\u010danje obeh komor okusov?<\/strong><br data-start=\"4096\" data-end=\"4099\" \/>To je namen ponovnega polnjenja. The <strong data-start=\"4142\" data-end=\"4160\">650mAh baterija<\/strong> Lahko ga dopolnjujete z polnjenjem po potrebi, tako da lahko dokon\u010date celih 50 ml, namesto da bi se zgodaj ustavili.<\/p>\n<\/li>\n<li data-start=\"4262\" data-end=\"4508\">\n<p data-start=\"4265\" data-end=\"4508\"><strong data-start=\"4265\" data-end=\"4356\">Kaj dodaja LED pametni zaslon na OKSO 60k Puffs dvojni okus za enkratno uporabo vape?<\/strong><br data-start=\"4356\" data-end=\"4359\" \/>Prikazuje stanje baterije in e-soka, kar olaj\u0161a na\u010drtovanje polnjenja in izogibanje nepri\u010dakovanim prekinitvam\u2014\u0161e posebej uporabno med potovanjem ali dolgimi delovnimi dnevi.<\/p>\n<\/li>\n<li data-start=\"4510\" data-end=\"4856\">\n<p data-start=\"4513\" data-end=\"4856\"><strong data-start=\"4513\" data-end=\"4614\">Zakaj bi spletna trgovina z vape izdelki na voljo v Sloveniji navedla OKSO 60k Puffs namesto da bi promovirala le najcenej\u0161e e-cigaretete?<\/strong><br data-start=\"4614\" data-end=\"4617\" \/>\u201cNajcenej\u0161e e-cigaretete\u201d pogosto zmagajo po ceni, a izgubijo na vzdr\u017eljivosti in zadovoljstvu uporabnikov. OKSO 60k Puffs se prodaja po dolgoro\u010dni vrednosti: visoka kapaciteta, dvojni okusi, prikaz sledenja in ponovno polnjenje\u2014lastnosti, ki spodbujajo ponovne stranke.<\/p>\n<\/li>\n<\/ol>\n<\/div>\n<\/div>\n<\/div>\n<\/div>","protected":false},"excerpt":{"rendered":"<p>OKSO 60K Puff Vape \u2013 Dvojni okus LED enkratna e-cigaret za trg EU<br \/>\nOKSO 60000 Puffs Multy okus ponovno napolnljiva vape na debelo v Evropi<br \/>\nKupi OKSO 60K Dvojni okus enkratna vape \u2013 650mAh LED zaslon izdaja<\/p>\n<p><strong>Dodajte Amyin WhatsApp, da dobite pravi odgovor in ceno s popustom!<\/strong><\/p>\n<p><img fetchpriority=\"high\" decoding=\"async\" class=\"size-full wp-image-2932\" src=\"https:\/\/vapestornado.com\/wp-content\/uploads\/2024\/12\/Vape-Wholesale.jpg\" alt=\"Vape Veleprodaja\" width=\"229\" height=\"300\" \/><\/p>\n<h3><a href=\"https:\/\/wa.me\/8617776015835\"><span style=\"color: #ff0000;\"><strong>WhatsApp: +386 17776015835<\/strong><\/span><\/a><\/h3>","protected":false},"featured_media":4463,"comment_status":"open","ping_status":"closed","template":"","meta":{"_acf_changed":false,"_uag_custom_page_level_css":"","_lmt_disableupdate":"no","_lmt_disable":"","_monsterinsights_skip_tracking":false,"_monsterinsights_sitenote_active":false,"_monsterinsights_sitenote_note":"","_monsterinsights_sitenote_category":0,"site-sidebar-layout":"default","site-content-layout":"","ast-site-content-layout":"default","site-content-style":"default","site-sidebar-style":"default","ast-global-header-display":"","ast-banner-title-visibility":"","ast-main-header-display":"","ast-hfb-above-header-display":"","ast-hfb-below-header-display":"","ast-hfb-mobile-header-display":"","site-post-title":"","ast-breadcrumbs-content":"","ast-featured-img":"","footer-sml-layout":"","ast-disable-related-posts":"","theme-transparent-header-meta":"default","adv-header-id-meta":"","stick-header-meta":"","header-above-stick-meta":"","header-main-stick-meta":"","header-below-stick-meta":"","astra-migrate-meta-layouts":"set","ast-page-background-enabled":"default","ast-page-background-meta":{"desktop":{"background-color":"","background-image":"","background-repeat":"repeat","background-position":"center center","background-size":"auto","background-attachment":"scroll","background-type":"","background-media":"","overlay-type":"","overlay-color":"","overlay-opacity":"","overlay-gradient":""},"tablet":{"background-color":"","background-image":"","background-repeat":"repeat","background-position":"center center","background-size":"auto","background-attachment":"scroll","background-type":"","background-media":"","overlay-type":"","overlay-color":"","overlay-opacity":"","overlay-gradient":""},"mobile":{"background-color":"","background-image":"","background-repeat":"repeat","background-position":"center center","background-size":"auto","background-attachment":"scroll","background-type":"","background-media":"","overlay-type":"","overlay-color":"","overlay-opacity":"","overlay-gradient":""}},"ast-content-background-meta":{"desktop":{"background-color":"var(--ast-global-color-5)","background-image":"","background-repeat":"repeat","background-position":"center center","background-size":"auto","background-attachment":"scroll","background-type":"","background-media":"","overlay-type":"","overlay-color":"","overlay-opacity":"","overlay-gradient":""},"tablet":{"background-color":"var(--ast-global-color-5)","background-image":"","background-repeat":"repeat","background-position":"center center","background-size":"auto","background-attachment":"scroll","background-type":"","background-media":"","overlay-type":"","overlay-color":"","overlay-opacity":"","overlay-gradient":""},"mobile":{"background-color":"var(--ast-global-color-5)","background-image":"","background-repeat":"repeat","background-position":"center center","background-size":"auto","background-attachment":"scroll","background-type":"","background-media":"","overlay-type":"","overlay-color":"","overlay-opacity":"","overlay-gradient":""}},"_joinchat":[]},"product_brand":[],"product_cat":[343,149,151,157,143,357],"product_tag":[493,403,406,407,390,494,397],"class_list":{"0":"post-4468","1":"product","2":"type-product","3":"status-publish","4":"has-post-thumbnail","6":"product_cat-60000-puff","7":"product_cat-buy-disposable-vapes-in-austria","8":"product_cat-buy-disposable-vapes-in-france","9":"product_cat-buy-disposable-vapes-in-portugal","10":"product_cat-dual-mesh-disposable-vapes","11":"product_cat-flavor-adjustable-vape","12":"product_tag-cheapest-e-cigarettes","13":"product_tag-disposable-vape-box","14":"product_tag-disposable-vape-fast-shipping","15":"product_tag-okso-60k-60000-puff","16":"product_tag-online-vape-shop","17":"product_tag-smok-pods","18":"product_tag-vapor","19":"desktop-align-left","20":"tablet-align-left","21":"mobile-align-left","23":"first","24":"instock","25":"sale","26":"shipping-taxable","27":"purchasable","28":"product-type-simple"},"acf":[],"uagb_featured_image_src":{"full":["https:\/\/vapestornado.com\/wp-content\/uploads\/2025\/10\/OKSO-60k-Puffs-Dual-Flavor-Disposable-Vape-LED-Display.webp",800,800,false],"thumbnail":["https:\/\/vapestornado.com\/wp-content\/uploads\/2025\/10\/OKSO-60k-Puffs-Dual-Flavor-Disposable-Vape-LED-Display-150x150.webp",150,150,true],"medium":["https:\/\/vapestornado.com\/wp-content\/uploads\/2025\/10\/OKSO-60k-Puffs-Dual-Flavor-Disposable-Vape-LED-Display-300x300.webp",300,300,true],"medium_large":["https:\/\/vapestornado.com\/wp-content\/uploads\/2025\/10\/OKSO-60k-Puffs-Dual-Flavor-Disposable-Vape-LED-Display-768x768.webp",768,768,true],"large":["https:\/\/vapestornado.com\/wp-content\/uploads\/2025\/10\/OKSO-60k-Puffs-Dual-Flavor-Disposable-Vape-LED-Display.webp",800,800,false],"1536x1536":["https:\/\/vapestornado.com\/wp-content\/uploads\/2025\/10\/OKSO-60k-Puffs-Dual-Flavor-Disposable-Vape-LED-Display.webp",800,800,false],"2048x2048":["https:\/\/vapestornado.com\/wp-content\/uploads\/2025\/10\/OKSO-60k-Puffs-Dual-Flavor-Disposable-Vape-LED-Display.webp",800,800,false],"trp-custom-language-flag":["https:\/\/vapestornado.com\/wp-content\/uploads\/2025\/10\/OKSO-60k-Puffs-Dual-Flavor-Disposable-Vape-LED-Display-12x12.webp",12,12,true],"woocommerce_thumbnail":["https:\/\/vapestornado.com\/wp-content\/uploads\/2025\/10\/OKSO-60k-Puffs-Dual-Flavor-Disposable-Vape-LED-Display-300x300.webp",300,300,true],"woocommerce_single":["https:\/\/vapestornado.com\/wp-content\/uploads\/2025\/10\/OKSO-60k-Puffs-Dual-Flavor-Disposable-Vape-LED-Display-600x600.webp",600,600,true],"woocommerce_gallery_thumbnail":["https:\/\/vapestornado.com\/wp-content\/uploads\/2025\/10\/OKSO-60k-Puffs-Dual-Flavor-Disposable-Vape-LED-Display-100x100.webp",100,100,true]},"uagb_author_info":{"display_name":"ESAMY","author_link":"https:\/\/vapestornado.com\/sl\/author\/"},"uagb_comment_info":1,"uagb_excerpt":"OKSO 60K Puff Vape \u2013 Dual Flavor LED Disposable vape for EU Market OKSO 60000 Puffs Multy Flavor Rechargeable Vape Wholesale Europe Buy OKSO 60K Dual Flavor Disposable Vape \u2013 650mAh LED Screen Edition Add Amy's whatsapp to get right reply and discount price! WhatsApp: +86 17776015835","_links":{"self":[{"href":"https:\/\/vapestornado.com\/sl\/wp-json\/wp\/v2\/product\/4468","targetHints":{"allow":["GET"]}}],"collection":[{"href":"https:\/\/vapestornado.com\/sl\/wp-json\/wp\/v2\/product"}],"about":[{"href":"https:\/\/vapestornado.com\/sl\/wp-json\/wp\/v2\/types\/product"}],"replies":[{"embeddable":true,"href":"https:\/\/vapestornado.com\/sl\/wp-json\/wp\/v2\/comments?post=4468"}],"wp:featuredmedia":[{"embeddable":true,"href":"https:\/\/vapestornado.com\/sl\/wp-json\/wp\/v2\/media\/4463"}],"wp:attachment":[{"href":"https:\/\/vapestornado.com\/sl\/wp-json\/wp\/v2\/media?parent=4468"}],"wp:term":[{"taxonomy":"product_brand","embeddable":true,"href":"https:\/\/vapestornado.com\/sl\/wp-json\/wp\/v2\/product_brand?post=4468"},{"taxonomy":"product_cat","embeddable":true,"href":"https:\/\/vapestornado.com\/sl\/wp-json\/wp\/v2\/product_cat?post=4468"},{"taxonomy":"product_tag","embeddable":true,"href":"https:\/\/vapestornado.com\/sl\/wp-json\/wp\/v2\/product_tag?post=4468"}],"curies":[{"name":"wp","href":"https:\/\/api.w.org\/{rel}","templated":true}]}}