{"id":4455,"date":"2025-10-23T09:32:05","date_gmt":"2025-10-23T09:32:05","guid":{"rendered":"https:\/\/vapestornado.com\/?post_type=product&#038;p=4455"},"modified":"2025-12-12T09:43:21","modified_gmt":"2025-12-12T09:43:21","slug":"vopk-btc-35000-puff-35k-disposable-vape-box-visible-oil-cup-wholesale","status":"publish","type":"product","link":"https:\/\/vapestornado.com\/sl\/product\/vopk-btc-35000-puff-35k-disposable-vape-box-visible-oil-cup-wholesale\/","title":{"rendered":"VOPK BTC 35000 Puff 35K Enkratna Vapa \u0160katla Vidni Ko\u0161 Za Olje Na Debelo"},"content":{"rendered":"<h2 data-pm-slice=\"1 1 []\">VOPK BTC 35000 Enkratna vape \u0161katla \u2014 Dvojni na\u010din vapinga Bitcoin 3D zaslon<\/h2>\n<p data-start=\"946\" data-end=\"1145\"><strong data-start=\"97\" data-end=\"120\">VOPK BTC 35000 Puff<\/strong> je enkratna vape \u0161katla z dolgo \u017eivljenjsko dobo, zasnovana za uporabnike, ki skrbijo za dve stvari: dosledno izhodno mo\u010d in jasen status naprave. Ponuja <strong data-start=\"254\" data-end=\"289\">do 35.000 vdihov v na\u010dinu Norm<\/strong> (ali <strong data-start=\"294\" data-end=\"325\">pribli\u017eno 25.000 v na\u010dinu Boost<\/strong> za mo\u010dnej\u0161i udarec), deluje na <strong data-start=\"357\" data-end=\"388\">20ml vnaprej napolnjenem vidnem rezervoarju<\/strong>, in uporablja <strong data-start=\"399\" data-end=\"423\">0,9\u03a9 dvojni mre\u017eni tuljavi<\/strong> za gladek vapor in mo\u010dan okus. <strong data-start=\"464\" data-end=\"499\">Bitcoin-stil 3D ukrivljen zaslon<\/strong> prikazuje ravni e-tekline in baterije, ter <strong data-start=\"543\" data-end=\"581\">850 mAh Tip-C polnilna baterija<\/strong> ohranja delovanje naprave, dokler rezervoar ni popolnoma izpraznjen.<\/p>\n<h3 data-start=\"871\" data-end=\"922\">Zakaj izbrati VOPK BTC 35000 Puff za va\u0161 naslednji vse-dnevni vaping?<\/h3>\n<ul data-start=\"924\" data-end=\"2546\">\n<li data-start=\"924\" data-end=\"1316\">\n<p data-start=\"926\" data-end=\"1316\"><strong data-start=\"926\" data-end=\"977\">Dolgotrajne zmogljivosti z jasnim izborom na\u010dina.<\/strong> The <strong data-start=\"982\" data-end=\"1005\">VOPK BTC 35000 Puff<\/strong> nudi dve razli\u010dni izku\u0161nji: <strong data-start=\"1038\" data-end=\"1071\">Norm na\u010din za do 35K vdihov<\/strong> ko \u017eelite stalno vse-dnevno uporabo, in <strong data-start=\"1110\" data-end=\"1137\">Boost na\u010din (~25K vdihov)<\/strong> ko je okus in mo\u010d pomembnej\u0161a. To je prakti\u010dna nastavitev za mo\u0161ke, ki uporabljajo eno napravo tako za delovne dni kot za no\u010dne izhode v <strong data-start=\"1260\" data-end=\"1315\">Nem\u010diji, \u0160paniji, Poljski, Franciji in na Nizozemskem<\/strong>.<\/p>\n<\/li>\n<li data-start=\"1318\" data-end=\"1658\">\n<p data-start=\"1320\" data-end=\"1658\"><strong data-start=\"1320\" data-end=\"1390\">Vidni skodelica za olje odstrani ugibanje, ki uni\u010di ve\u010dino enkratnih naprav.<\/strong> Prozoren <strong data-start=\"1405\" data-end=\"1426\">20 ml vidni rezervoar<\/strong> olaj\u0161a preverjanje preostalega, kar je natanko tisto, kar ljudje \u017eelijo pri primerjanju <strong data-start=\"1512\" data-end=\"1543\">Cenej\u0161e e-cigaretete v prodaji<\/strong> pri <strong data-start=\"1549\" data-end=\"1563\">Vape trgovina<\/strong>. Tako takoj vidite ravni teko\u010dine, namesto da se zana\u0161ate le na ob\u010dutek<\/p>\n<\/li>\n<li data-start=\"1660\" data-end=\"1938\">\n<p data-start=\"1662\" data-end=\"1938\"><strong data-start=\"1662\" data-end=\"1718\">Dvojne mre\u017ene tuljave ohranjajo okus stabilen pri intenzivni uporabi.<\/strong> The <strong data-start=\"1723\" data-end=\"1747\">0,9\u03a9 dvojni mre\u017eni tuljavi<\/strong> enakomerno razporejajo toploto, kar zagotavlja gladkej\u0161e vle\u010dke in po\u010dasnej\u0161i padec okusa. To je pomembno, ko pove\u010dujete \u0161tevilo vdihov \u2014 osnovne tuljave se lahko za\u010dutijo grobe \u017ee dolgo pred koncem rezervoarja.<\/p>\n<\/li>\n<li data-start=\"1940\" data-end=\"2219\">\n<p data-start=\"1942\" data-end=\"2219\"><strong data-start=\"1942\" data-end=\"1995\">Nastavljiv pretok zraka omogo\u010da, da vle\u010dka ustreza va\u0161emu slogu.<\/strong> Zategnite za bolj omejeno vle\u010dko ali odprite za ve\u010dje oblake. Ta prilagodljivost pomaga uporabnikom, ki obi\u010dajno prehajajo med <strong data-start=\"2124\" data-end=\"2144\">znamkami cigaret<\/strong> in vapingom najti vle\u010dko, ki se jim zdi prav, brez potrebe po zapletenih nastavitvah.<\/p>\n<\/li>\n<li data-start=\"2221\" data-end=\"2546\">\n<p data-start=\"2223\" data-end=\"2546\"><strong data-start=\"2223\" data-end=\"2269\">Ponovno polnljiva mo\u010d ohranja vrednost po\u0161teno.<\/strong> The <strong data-start=\"2274\" data-end=\"2299\">850mAh baterija Type-C<\/strong> je zasnovana za ve\u010dkratno polnjenje, tako da naprava ne preneha delovati zgodaj. To je klju\u010dna razlika v primerjavi z ugodnimi enkratnimi napravami in razlog, zakaj nekateri uporabniki nadgradijo iz navade<\/p>\n<\/li>\n<\/ul>\n<p><strong><span style=\"color: #ff0000;\">Dodajte Amy na WhatsApp in prejmite takoj\u0161en odgovor ter kupon za vape!<\/span><\/strong><\/p>\n<p><img fetchpriority=\"high\" decoding=\"async\" class=\"size-full wp-image-2932\" src=\"https:\/\/vapestornado.com\/wp-content\/uploads\/2024\/12\/Vape-Wholesale.jpg\" alt=\"Vape Veleprodaja\" width=\"229\" height=\"300\" \/><\/p>\n<h3><a href=\"https:\/\/wa.me\/8617776015835\" target=\"_blank\" rel=\"noopener\"><span style=\"color: #ff0000;\"><strong>WhatsApp: +386 17776015835<\/strong><\/span><\/a><\/h3>\n<p>&nbsp;<\/p>\n<h2><strong>VOPK BTC 35000 Puff Lastnosti izdelka<\/strong><\/h2>\n<table>\n<thead>\n<tr>\n<th>Zna\u010dilnosti<\/th>\n<th>specifikacije<\/th>\n<th>podrobnosti<\/th>\n<\/tr>\n<\/thead>\n<tbody>\n<tr>\n<td>Ime izdelka<\/td>\n<td>VOPK BTC 35000 Puff<\/td>\n<td>Enkratna vape \u0161katla z vidnim rezervoarjem in 3D zaslonom<\/td>\n<\/tr>\n<tr>\n<td>Zmogljivost vdihovanja<\/td>\n<td>Do 35.000 (Norm) \/ ~25.000 (Boost)<\/td>\n<td>Norm prioritizira \u017eivljenjsko dobo; Boost pove\u010duje intenzivnost<\/td>\n<\/tr>\n<tr>\n<td>E-liquid rezervoar<\/td>\n<td>20 ml vnaprej napolnjena vidna posoda za olje<\/td>\n<td>Prozoren rezervoar vam omogo\u010da neposredno spremljanje teko\u010dine<\/td>\n<\/tr>\n<tr>\n<td>Vrsta Tuljave<\/td>\n<td>0,9\u03a9 dvojni mre\u017eni tuljavi<\/td>\n<td>Enakomerno segrevanje za gladek hlap in mo\u010dan okus<\/td>\n<\/tr>\n<tr>\n<td>Baterija<\/td>\n<td>850mAh polnljiva baterija<\/td>\n<td>Ponovno polnljiv dizajn podpira celotno \u017eivljenjsko dobo naprave<\/td>\n<\/tr>\n<tr>\n<td>Polnjenje<\/td>\n<td>Type-C<\/td>\n<td>Hiter, obi\u010dajen kabelski standard po Evropi<\/td>\n<\/tr>\n<tr>\n<td>Zra\u010dni tok<\/td>\n<td>Nastavljiv pretok zraka<\/td>\n<td>Nastavite odpornost na vle\u010denje in volumen oblaka<\/td>\n<\/tr>\n<tr>\n<td>Zaslon<\/td>\n<td>Bitcoin-stil 3D ukrivljen zaslon<\/td>\n<td>Jasno prikazuje ravni baterije in e-teko\u010dine<\/td>\n<\/tr>\n<tr>\n<td>Aktivacija<\/td>\n<td>Aktivirano z vle\u010denjem<\/td>\n<td>Brez gumbov\u2014vdihnite za vaping<\/td>\n<\/tr>\n<tr>\n<td>Raven nikotina<\/td>\n<td>5%<\/td>\n<td>Mo\u017enost mo\u010dnega nikotina za izku\u0161ene uporabnike<\/td>\n<\/tr>\n<\/tbody>\n<\/table>\n<h2 class=\"product-title\"><strong>VOPK BTC seznam okusov za vape z 35000 potegi<\/strong><\/h2>\n<ol data-start=\"1504\" data-end=\"1726\">\n<li data-start=\"1504\" data-end=\"1523\">\n<p data-start=\"1507\" data-end=\"1523\">Lubenica Led<\/p>\n<\/li>\n<li data-start=\"1524\" data-end=\"1542\">\n<p data-start=\"1527\" data-end=\"1542\">Modra Razz Ice<\/p>\n<\/li>\n<li data-start=\"1543\" data-end=\"1564\">\n<p data-start=\"1546\" data-end=\"1564\">Jagodni mete\u017e<\/p>\n<\/li>\n<li data-start=\"1565\" data-end=\"1583\">\n<p data-start=\"1568\" data-end=\"1583\">Gruzijska breskev<\/p>\n<\/li>\n<li data-start=\"1584\" data-end=\"1601\">\n<p data-start=\"1587\" data-end=\"1601\">Strastni kivij<\/p>\n<\/li>\n<li data-start=\"1602\" data-end=\"1632\">\n<p data-start=\"1605\" data-end=\"1632\">Pomaran\u010da, brusnica, limeta, led<\/p>\n<\/li>\n<li data-start=\"1633\" data-end=\"1647\">\n<p data-start=\"1636\" data-end=\"1647\">Hladen Menta<\/p>\n<\/li>\n<li data-start=\"1648\" data-end=\"1673\">\n<p data-start=\"1651\" data-end=\"1673\">Kisli mango, ananas<\/p>\n<\/li>\n<li data-start=\"1674\" data-end=\"1700\">\n<p data-start=\"1677\" data-end=\"1700\">Bela breskev, malina<\/p>\n<\/li>\n<li data-start=\"1701\" data-end=\"1726\">\n<p data-start=\"1705\" data-end=\"1726\">Banana, toffee, zamrznjeno<\/p>\n<\/li>\n<\/ol>\n<figure id=\"attachment_4451\" aria-describedby=\"caption-attachment-4451\" style=\"width: 800px\" class=\"wp-caption alignnone\"><img decoding=\"async\" class=\"wp-image-4451 size-full\" src=\"https:\/\/vapestornado.com\/wp-content\/uploads\/2025\/10\/VOPK-BTC-35K-35000-Puff-Disposable-Vape-Popular-Flavor.webp\" alt=\"VOPK BTC 35K 35000 potegov enkratni vape priljubljen okus\" width=\"800\" height=\"748\" srcset=\"https:\/\/vapestornado.com\/wp-content\/uploads\/2025\/10\/VOPK-BTC-35K-35000-Puff-Disposable-Vape-Popular-Flavor.webp 800w, https:\/\/vapestornado.com\/wp-content\/uploads\/2025\/10\/VOPK-BTC-35K-35000-Puff-Disposable-Vape-Popular-Flavor-300x281.webp 300w, https:\/\/vapestornado.com\/wp-content\/uploads\/2025\/10\/VOPK-BTC-35K-35000-Puff-Disposable-Vape-Popular-Flavor-768x718.webp 768w, https:\/\/vapestornado.com\/wp-content\/uploads\/2025\/10\/VOPK-BTC-35K-35000-Puff-Disposable-Vape-Popular-Flavor-13x12.webp 13w, https:\/\/vapestornado.com\/wp-content\/uploads\/2025\/10\/VOPK-BTC-35K-35000-Puff-Disposable-Vape-Popular-Flavor-600x561.webp 600w\" sizes=\"(max-width: 800px) 100vw, 800px\" \/><figcaption id=\"caption-attachment-4451\" class=\"wp-caption-text\">VOPK BTC 35K 35000 potegov enkratni vape priljubljen okus<\/figcaption><\/figure>\n<div class=\"flex-shrink-0 flex flex-col relative items-end\">\n<div class=\"pt-0\">\n<div class=\"gizmo-bot-avatar flex h-8 w-8 items-center justify-center overflow-hidden rounded-full\">\n<div class=\"relative p-1 rounded-sm flex items-center justify-center bg-token-main-surface-primary text-token-text-primary h-8 w-8\">\n<h2 data-start=\"1200\" data-end=\"1487\">Vapes Tornado \u2013 Va\u0161a veleprodajna spletna trgovina za vrhunske blagovne znamke vape<\/h2>\n<p data-start=\"1200\" data-end=\"1487\"><strong data-start=\"141\" data-end=\"177\">Spletna trgovina Vapes Tornado<\/strong> je va\u0161 zaupanja vreden vir za <strong data-start=\"205\" data-end=\"270\">premium enkratne vape in veleprodajne e-cigarette v Sloveniji<\/strong>. Ponosno predstavljamo najbolj prodajane blagovne znamke, kot so <strong data-start=\"307\" data-end=\"362\"><a href=\"https:\/\/vapestornado.com\/sl\/product\/randm-12000-puffs-fumot-digital-disposable-vape-wholesale-price\/\">Fumot VAPE<\/a>, <a href=\"https:\/\/vapestornado.com\/sl\/product\/waspe-150k-150000-puff-6-in-1-disposable-vape-pen-cartridge-best-wholesale-price-in-poland\/\">WASPE VAPE<\/a>, <\/strong><strong data-start=\"307\" data-end=\"362\"><a href=\"https:\/\/vapestornado.com\/sl\/product\/vozol-gear-shisha-25k-25000-puffs-best-dtl-disposable-vape-hookah-cheap-price\/\">VOZIL BAR VAPE<\/a>, \u00a0 Bang Vape<\/strong>, in \u0161e ve\u010d, zagotavljamo kakovost in raznolikost za vsakega kupca. Ne glede na to, ali ste posamezni uporabnik ali veleprodajni kupec, dostavljamo <strong data-start=\"481\" data-end=\"550\">visoko zmogljive naprave, elegantne zasnove in konkuren\u010dne cene<\/strong> za va\u0161e potrebe.<\/p>\n<h2 data-start=\"2064\" data-end=\"2115\">Pogosta vpra\u0161anja o VOPK BTC 35000 potegih vape<\/h2>\n<ol data-start=\"3516\" data-end=\"4878\">\n<li data-start=\"3516\" data-end=\"3792\">\n<p data-start=\"3519\" data-end=\"3792\"><strong data-start=\"3519\" data-end=\"3623\">Kako se Norm na\u010din v primerjavi z Boost na\u010dinom spremeni ob\u010dutek na VOPK BTC 35000 Puf 35K enkratni vape box?<\/strong><br data-start=\"3623\" data-end=\"3626\" \/>Norm na\u010din se osredoto\u010da na dolgo\u017eivost in bolj stabilen vle\u010dek do 35K pufov, medtem ko Boost na\u010din pove\u010duje intenzivnost za mo\u010dnej\u0161i udarec in bogatej\u0161i okus z manj skupnimi pufi.<\/p>\n<\/li>\n<li data-start=\"3794\" data-end=\"4067\">\n<p data-start=\"3797\" data-end=\"4067\"><strong data-start=\"3797\" data-end=\"3906\">Zakaj je pomemben vidni rezervoar za olje na VOPK BTC 35000 Puf v primerjavi s poceni e-cigaretami na prodaj?<\/strong><br data-start=\"3906\" data-end=\"3909\" \/>Ker lahko dejansko vidite, koliko teko\u010dine \u0161e ostaja. To zmanj\u0161uje ugibanje in pomaga prepre\u010diti izku\u0161njo \u201cnenadno prazno\u201d, ki je pogosta pri cenej\u0161ih zaprtih napravah.<\/p>\n<\/li>\n<li data-start=\"4069\" data-end=\"4286\">\n<p data-start=\"4072\" data-end=\"4286\"><strong data-start=\"4072\" data-end=\"4162\">Ali 0.9\u03a9 dvojni mre\u017eni tuljavi na VOPK BTC 35K izbolj\u0161ujeta konsistenco okusa skozi \u010das?<\/strong><br data-start=\"4162\" data-end=\"4165\" \/>Da. Dvojne mre\u017ene tuljave enakomerneje razporejajo toploto, kar ohranja hlap bolj gladek in okus bolj stabilen globoko v rezervoarju.<\/p>\n<\/li>\n<li data-start=\"4288\" data-end=\"4575\">\n<p data-start=\"4291\" data-end=\"4575\"><strong data-start=\"4291\" data-end=\"4387\">Ali je nastavljiv pretok zraka uporaben za uporabnike, ki prehajajo s cigaretnih blagovnih znamk na vape box napravo?<\/strong><br data-start=\"4387\" data-end=\"4390\" \/>Zelo pomaga. Nastavljiv pretok zraka vam omogo\u010da, da zo\u017eite poteg za bolj omejen poteg ali ga odprete za ve\u010dje oblake, tako da naprava lahko ustreza razli\u010dnim navadam brez zapletene nastavitve.<\/p>\n<\/li>\n<li data-start=\"4577\" data-end=\"4878\">\n<p data-start=\"4580\" data-end=\"4878\"><strong data-start=\"4580\" data-end=\"4681\">Kaj naredi VOPK BTC 35000 Puff mo\u010dnej\u0161o izbiro za trgovino z vape izdelki kot osnovne enkratne palice?<\/strong><br data-start=\"4681\" data-end=\"4684\" \/>Zdru\u017euje dolgo kapaciteto za poteg, mo\u017enost polnjenja, vidno posodo in informacije na zaslonu v realnem \u010dasu\u2014lastnosti, ki zmanj\u0161ujejo vra\u010dila in izbolj\u0161ujejo zadovoljstvo uporabnikov v primerjavi z obi\u010dajnimi nizkocenovnimi enkratnimi napravami.<\/p>\n<\/li>\n<\/ol>\n<\/div>\n<\/div>\n<\/div>\n<\/div>","protected":false},"excerpt":{"rendered":"<p data-start=\"3023\" data-end=\"3092\">VOPK BTC 35000 Puff enkratna vape \u0161katla z vidnim 20ml oljnim kozarcem, Bitcoin 3D ukrivljen prikaz, 0,9\u03a9 dvojni mre\u017eni tuljki, nastavljiv pretok zraka in 850mAh baterijo Type-C za polnjenje. Do 35.000 vdihov (Norm) ali pribli\u017eno 25.000 (Boost) z nikotinom 5%\u2014zgrajena za prodajo v vape trgovinah in dolgo, nadzorovano uporabo.<\/p>\n<p><strong>Dodajte Amyin WhatsApp, da dobite pravi odgovor in ceno s popustom!<\/strong><\/p>\n<p><img fetchpriority=\"high\" decoding=\"async\" class=\"size-full wp-image-2932\" src=\"https:\/\/vapestornado.com\/wp-content\/uploads\/2024\/12\/Vape-Wholesale.jpg\" alt=\"Vape Veleprodaja\" width=\"229\" height=\"300\" \/><\/p>\n<h3><a href=\"https:\/\/wa.me\/8617776015835\"><span style=\"color: #ff0000;\"><strong>WhatsApp: +386 17776015835<\/strong><\/span><\/a><\/h3>","protected":false},"featured_media":4454,"comment_status":"open","ping_status":"closed","template":"","meta":{"_acf_changed":false,"_uag_custom_page_level_css":"","_lmt_disableupdate":"no","_lmt_disable":"","_monsterinsights_skip_tracking":false,"_monsterinsights_sitenote_active":false,"_monsterinsights_sitenote_note":"","_monsterinsights_sitenote_category":0,"site-sidebar-layout":"default","site-content-layout":"","ast-site-content-layout":"default","site-content-style":"default","site-sidebar-style":"default","ast-global-header-display":"","ast-banner-title-visibility":"","ast-main-header-display":"","ast-hfb-above-header-display":"","ast-hfb-below-header-display":"","ast-hfb-mobile-header-display":"","site-post-title":"","ast-breadcrumbs-content":"","ast-featured-img":"","footer-sml-layout":"","ast-disable-related-posts":"","theme-transparent-header-meta":"default","adv-header-id-meta":"","stick-header-meta":"","header-above-stick-meta":"","header-main-stick-meta":"","header-below-stick-meta":"","astra-migrate-meta-layouts":"set","ast-page-background-enabled":"default","ast-page-background-meta":{"desktop":{"background-color":"","background-image":"","background-repeat":"repeat","background-position":"center center","background-size":"auto","background-attachment":"scroll","background-type":"","background-media":"","overlay-type":"","overlay-color":"","overlay-opacity":"","overlay-gradient":""},"tablet":{"background-color":"","background-image":"","background-repeat":"repeat","background-position":"center center","background-size":"auto","background-attachment":"scroll","background-type":"","background-media":"","overlay-type":"","overlay-color":"","overlay-opacity":"","overlay-gradient":""},"mobile":{"background-color":"","background-image":"","background-repeat":"repeat","background-position":"center center","background-size":"auto","background-attachment":"scroll","background-type":"","background-media":"","overlay-type":"","overlay-color":"","overlay-opacity":"","overlay-gradient":""}},"ast-content-background-meta":{"desktop":{"background-color":"var(--ast-global-color-5)","background-image":"","background-repeat":"repeat","background-position":"center center","background-size":"auto","background-attachment":"scroll","background-type":"","background-media":"","overlay-type":"","overlay-color":"","overlay-opacity":"","overlay-gradient":""},"tablet":{"background-color":"var(--ast-global-color-5)","background-image":"","background-repeat":"repeat","background-position":"center center","background-size":"auto","background-attachment":"scroll","background-type":"","background-media":"","overlay-type":"","overlay-color":"","overlay-opacity":"","overlay-gradient":""},"mobile":{"background-color":"var(--ast-global-color-5)","background-image":"","background-repeat":"repeat","background-position":"center center","background-size":"auto","background-attachment":"scroll","background-type":"","background-media":"","overlay-type":"","overlay-color":"","overlay-opacity":"","overlay-gradient":""}},"_joinchat":[]},"product_brand":[],"product_cat":[175,152,156,142,357,146,290],"product_tag":[403,390,397,402,404],"class_list":{"0":"post-4455","1":"product","2":"type-product","3":"status-publish","4":"has-post-thumbnail","6":"product_cat-35000-puff","7":"product_cat-buy-disposable-vapes-in-cermany","8":"product_cat-buy-disposable-vapes-in-poland","9":"product_cat-digital-box-disposable-vapes","10":"product_cat-flavor-adjustable-vape","11":"product_cat-rechargeable-disposable-vapes","12":"product_cat-vopk-vape","13":"product_tag-disposable-vape-box","14":"product_tag-online-vape-shop","15":"product_tag-vapor","16":"product_tag-vopk-btc-35000","17":"product_tag-wholesale-online-vape-store","18":"desktop-align-left","19":"tablet-align-left","20":"mobile-align-left","22":"first","23":"instock","24":"sale","25":"shipping-taxable","26":"purchasable","27":"product-type-simple"},"acf":[],"uagb_featured_image_src":{"full":["https:\/\/vapestornado.com\/wp-content\/uploads\/2025\/10\/VOPK-BTC-35K-35000-Puff-Disposable-Vape.webp",800,800,false],"thumbnail":["https:\/\/vapestornado.com\/wp-content\/uploads\/2025\/10\/VOPK-BTC-35K-35000-Puff-Disposable-Vape-150x150.webp",150,150,true],"medium":["https:\/\/vapestornado.com\/wp-content\/uploads\/2025\/10\/VOPK-BTC-35K-35000-Puff-Disposable-Vape-300x300.webp",300,300,true],"medium_large":["https:\/\/vapestornado.com\/wp-content\/uploads\/2025\/10\/VOPK-BTC-35K-35000-Puff-Disposable-Vape-768x768.webp",768,768,true],"large":["https:\/\/vapestornado.com\/wp-content\/uploads\/2025\/10\/VOPK-BTC-35K-35000-Puff-Disposable-Vape.webp",800,800,false],"1536x1536":["https:\/\/vapestornado.com\/wp-content\/uploads\/2025\/10\/VOPK-BTC-35K-35000-Puff-Disposable-Vape.webp",800,800,false],"2048x2048":["https:\/\/vapestornado.com\/wp-content\/uploads\/2025\/10\/VOPK-BTC-35K-35000-Puff-Disposable-Vape.webp",800,800,false],"trp-custom-language-flag":["https:\/\/vapestornado.com\/wp-content\/uploads\/2025\/10\/VOPK-BTC-35K-35000-Puff-Disposable-Vape-12x12.webp",12,12,true],"woocommerce_thumbnail":["https:\/\/vapestornado.com\/wp-content\/uploads\/2025\/10\/VOPK-BTC-35K-35000-Puff-Disposable-Vape-300x300.webp",300,300,true],"woocommerce_single":["https:\/\/vapestornado.com\/wp-content\/uploads\/2025\/10\/VOPK-BTC-35K-35000-Puff-Disposable-Vape-600x600.webp",600,600,true],"woocommerce_gallery_thumbnail":["https:\/\/vapestornado.com\/wp-content\/uploads\/2025\/10\/VOPK-BTC-35K-35000-Puff-Disposable-Vape-100x100.webp",100,100,true]},"uagb_author_info":{"display_name":"ESAMY","author_link":"https:\/\/vapestornado.com\/sl\/author\/"},"uagb_comment_info":0,"uagb_excerpt":"VOPK BTC 35000 Puff disposable vape box with visible 20ml oil cup, Bitcoin 3D curved display, 0.9\u03a9 dual mesh coils, adjustable airflow and 850mAh Type-C rechargeable battery. Up to 35K puffs (Norm) or ~25K (Boost) with 5% nicotine\u2014built for vape store sales and long, controlled use. Add Amy's whatsapp to get right reply and discount&hellip;","_links":{"self":[{"href":"https:\/\/vapestornado.com\/sl\/wp-json\/wp\/v2\/product\/4455","targetHints":{"allow":["GET"]}}],"collection":[{"href":"https:\/\/vapestornado.com\/sl\/wp-json\/wp\/v2\/product"}],"about":[{"href":"https:\/\/vapestornado.com\/sl\/wp-json\/wp\/v2\/types\/product"}],"replies":[{"embeddable":true,"href":"https:\/\/vapestornado.com\/sl\/wp-json\/wp\/v2\/comments?post=4455"}],"wp:featuredmedia":[{"embeddable":true,"href":"https:\/\/vapestornado.com\/sl\/wp-json\/wp\/v2\/media\/4454"}],"wp:attachment":[{"href":"https:\/\/vapestornado.com\/sl\/wp-json\/wp\/v2\/media?parent=4455"}],"wp:term":[{"taxonomy":"product_brand","embeddable":true,"href":"https:\/\/vapestornado.com\/sl\/wp-json\/wp\/v2\/product_brand?post=4455"},{"taxonomy":"product_cat","embeddable":true,"href":"https:\/\/vapestornado.com\/sl\/wp-json\/wp\/v2\/product_cat?post=4455"},{"taxonomy":"product_tag","embeddable":true,"href":"https:\/\/vapestornado.com\/sl\/wp-json\/wp\/v2\/product_tag?post=4455"}],"curies":[{"name":"wp","href":"https:\/\/api.w.org\/{rel}","templated":true}]}}